{"id":10253,"date":"2024-02-13T10:07:57","date_gmt":"2024-02-13T09:07:57","guid":{"rendered":"https:\/\/truusk.store\/product\/automatisk-soptunna-med-sensor-soptunna-kok-rostfritt-stal-silver-68l\/"},"modified":"2026-03-12T08:57:05","modified_gmt":"2026-03-12T07:57:05","slug":"truusk-automatisk-soptunna-med-sensor-rostfritt-stal-68l-silver-kok","status":"publish","type":"product","link":"https:\/\/truusk.store\/sv\/produkt\/truusk-automatisk-soptunna-med-sensor-rostfritt-stal-68l-silver-kok\/","title":{"rendered":"TRUUSK Automatisk Soptunna med Sensor &#8211; Rostfritt St\u00e5l &#8211; 68L &#8211; Silver &#8211; K\u00f6k"},"content":{"rendered":"<p>Den automatiska papperskorgen 68L tillverkad av rostfritt st\u00e5l bidrar till en bekv\u00e4m och hygienisk hantering av ditt avfall. Papperskorgen med sensor \u00f6ppnas automatiskt n\u00e4r du n\u00e4rmar dig den inom ett avst\u00e5nd av 20-35 cm. Efter att avfallet har f\u00f6rsvunnit i den batteridrivna papperskorgen med sensor st\u00e4nger den automatiskt. Denna funktion kan st\u00e4ngas av vid behov och du kan sedan \u00f6ppna eller st\u00e4nga locket genom att trycka p\u00e5 knappen. Den automatiska papperskorgen med sensor passar s\u00e4rskilt bra f\u00f6r k\u00f6ket p\u00e5 grund av sin stora kapacitet, men kan \u00e4ven anv\u00e4ndas i vilket annat rum som helst.<\/p>\n<h3>Beskrivning:<\/h3>\n<ul>\n<li>Automatisk papperskorg med avtagbart lock<\/li>\n<li>Automatisk \u00f6ppning och st\u00e4ngning av locket tack vare en sensor<\/li>\n<li>Med LED-display f\u00f6r att visa \u00e5terst\u00e5ende tid (i sekunder) innan locket st\u00e4ngs automatiskt<\/li>\n<li>Rostfritt st\u00e5lh\u00f6lje, plastlock, l\u00e4tt att reng\u00f6ra<\/li>\n<li>Sensorfunktionen kan st\u00e4ngas av, locket kan styras med knapparna<\/li>\n<\/ul>\n<h3>Teknisk data:<\/h3>\n<ul>\n<li>silver<\/li>\n<li>Material: rostfritt st\u00e5l, plast<\/li>\n<li>\u00d6vergripande m\u00e5tt: L40,5 x B29,5 x H78 cm<\/li>\n<li>Kapacitet: 68 L<\/li>\n<li>Nettovikt: ca 4,7 kg<\/li>\n<li>Batteridriven: 4 x D (ing\u00e5r ej)<\/li>\n<\/ul>\n<h3>Leveransens omfattning:<\/h3>\n<ul>\n<li>1 x automatisk papperskorg 68L med sensor<\/li>\n<li>1 x Artikelinstruktioner<\/li>\n<li>Batterierna ing\u00e5r INTE.<\/li>\n<\/ul>\n","protected":false},"excerpt":{"rendered":"<p>Den automatiska papperskorgen 68L tillverkad av rostfritt st\u00e5l bidrar till en bekv\u00e4m och hygienisk hantering av ditt avfall. Papperskorgen med&#8230;<\/p>\n","protected":false},"featured_media":10254,"template":"","meta":[],"product_brand":[],"product_cat":[671,686,685],"product_tag":[],"class_list":{"0":"post-10253","1":"product","2":"type-product","3":"status-publish","4":"has-post-thumbnail","6":"product_cat-jarnaffar","7":"product_cat-papperskorg","8":"product_cat-stadning-bestallning","10":"first","11":"instock","12":"sale","13":"taxable","14":"shipping-taxable","15":"purchasable","16":"product-type-simple"},"yoast_head":"<!-- This site is optimized with the Yoast SEO plugin v25.4 - https:\/\/yoast.com\/wordpress\/plugins\/seo\/ -->\n<title>TRUUSK Automatisk Soptunna med Sensor - Rostfritt St\u00e5l - 68L - Silver - K\u00f6k - TRUUSK - Hem, Tr\u00e4dg\u00e5rd &amp; Fritid<\/title>\n<meta name=\"robots\" content=\"index, follow, max-snippet:-1, max-image-preview:large, max-video-preview:-1\" \/>\n<link rel=\"canonical\" href=\"https:\/\/truusk.store\/sv\/produkt\/truusk-automatisk-soptunna-med-sensor-rostfritt-stal-68l-silver-kok\/\" \/>\n<meta property=\"og:locale\" content=\"sv_SE\" \/>\n<meta property=\"og:type\" content=\"article\" \/>\n<meta property=\"og:title\" content=\"TRUUSK Automatisk Soptunna med Sensor - Rostfritt St\u00e5l - 68L - Silver - K\u00f6k - TRUUSK - Hem, Tr\u00e4dg\u00e5rd &amp; Fritid\" \/>\n<meta property=\"og:description\" content=\"Den automatiska papperskorgen 68L tillverkad av rostfritt st\u00e5l bidrar till en bekv\u00e4m och hygienisk hantering av ditt avfall. Papperskorgen med...\" \/>\n<meta property=\"og:url\" content=\"https:\/\/truusk.store\/sv\/produkt\/truusk-automatisk-soptunna-med-sensor-rostfritt-stal-68l-silver-kok\/\" \/>\n<meta property=\"og:site_name\" content=\"TRUUSK - Hem, Tr\u00e4dg\u00e5rd &amp; Fritid\" \/>\n<meta property=\"article:modified_time\" content=\"2026-03-12T07:57:05+00:00\" \/>\n<meta property=\"og:image\" content=\"https:\/\/i0.wp.com\/truusk.se\/wp-content\/uploads\/2024\/02\/automatisk-soptunna-med-sensor-soptunna-kok-rostfritt-stal-silver-68l.webp?fit=800%2C800&ssl=1\" \/>\n\t<meta property=\"og:image:width\" content=\"800\" \/>\n\t<meta property=\"og:image:height\" content=\"800\" \/>\n\t<meta property=\"og:image:type\" content=\"image\/webp\" \/>\n<meta name=\"twitter:card\" content=\"summary_large_image\" \/>\n<meta name=\"twitter:label1\" content=\"Ber\u00e4knad l\u00e4stid\" \/>\n\t<meta name=\"twitter:data1\" content=\"1 minut\" \/>\n<!-- \/ Yoast SEO plugin. -->","yoast_head_json":{"title":"TRUUSK Automatisk Soptunna med Sensor - Rostfritt St\u00e5l - 68L - Silver - K\u00f6k - TRUUSK - Hem, Tr\u00e4dg\u00e5rd &amp; Fritid","robots":{"index":"index","follow":"follow","max-snippet":"max-snippet:-1","max-image-preview":"max-image-preview:large","max-video-preview":"max-video-preview:-1"},"canonical":"https:\/\/truusk.store\/sv\/produkt\/truusk-automatisk-soptunna-med-sensor-rostfritt-stal-68l-silver-kok\/","og_locale":"sv_SE","og_type":"article","og_title":"TRUUSK Automatisk Soptunna med Sensor - Rostfritt St\u00e5l - 68L - Silver - K\u00f6k - TRUUSK - Hem, Tr\u00e4dg\u00e5rd &amp; Fritid","og_description":"Den automatiska papperskorgen 68L tillverkad av rostfritt st\u00e5l bidrar till en bekv\u00e4m och hygienisk hantering av ditt avfall. Papperskorgen med...","og_url":"https:\/\/truusk.store\/sv\/produkt\/truusk-automatisk-soptunna-med-sensor-rostfritt-stal-68l-silver-kok\/","og_site_name":"TRUUSK - Hem, Tr\u00e4dg\u00e5rd &amp; Fritid","article_modified_time":"2026-03-12T07:57:05+00:00","og_image":[{"width":800,"height":800,"url":"https:\/\/i0.wp.com\/truusk.se\/wp-content\/uploads\/2024\/02\/automatisk-soptunna-med-sensor-soptunna-kok-rostfritt-stal-silver-68l.webp?fit=800%2C800&ssl=1","type":"image\/webp"}],"twitter_card":"summary_large_image","twitter_misc":{"Ber\u00e4knad l\u00e4stid":"1 minut"},"schema":{"@context":"https:\/\/schema.org","@graph":[{"@type":"WebPage","@id":"https:\/\/truusk.store\/sv\/produkt\/truusk-automatisk-soptunna-med-sensor-rostfritt-stal-68l-silver-kok\/","url":"https:\/\/truusk.store\/sv\/produkt\/truusk-automatisk-soptunna-med-sensor-rostfritt-stal-68l-silver-kok\/","name":"TRUUSK Automatisk Soptunna med Sensor - Rostfritt St\u00e5l - 68L - Silver - K\u00f6k - TRUUSK - Hem, Tr\u00e4dg\u00e5rd &amp; Fritid","isPartOf":{"@id":"https:\/\/truusk.store\/sv\/#website"},"primaryImageOfPage":{"@id":"https:\/\/truusk.store\/sv\/produkt\/truusk-automatisk-soptunna-med-sensor-rostfritt-stal-68l-silver-kok\/#primaryimage"},"image":{"@id":"https:\/\/truusk.store\/sv\/produkt\/truusk-automatisk-soptunna-med-sensor-rostfritt-stal-68l-silver-kok\/#primaryimage"},"thumbnailUrl":"https:\/\/i0.wp.com\/truusk.store\/wp-content\/uploads\/2024\/02\/automatisk-soptunna-med-sensor-soptunna-kok-rostfritt-stal-silver-68l.webp?fit=800%2C800&ssl=1","datePublished":"2024-02-13T09:07:57+00:00","dateModified":"2026-03-12T07:57:05+00:00","breadcrumb":{"@id":"https:\/\/truusk.store\/sv\/produkt\/truusk-automatisk-soptunna-med-sensor-rostfritt-stal-68l-silver-kok\/#breadcrumb"},"inLanguage":"sv-SE","potentialAction":[{"@type":"ReadAction","target":["https:\/\/truusk.store\/sv\/produkt\/truusk-automatisk-soptunna-med-sensor-rostfritt-stal-68l-silver-kok\/"]}]},{"@type":"ImageObject","inLanguage":"sv-SE","@id":"https:\/\/truusk.store\/sv\/produkt\/truusk-automatisk-soptunna-med-sensor-rostfritt-stal-68l-silver-kok\/#primaryimage","url":"https:\/\/i0.wp.com\/truusk.store\/wp-content\/uploads\/2024\/02\/automatisk-soptunna-med-sensor-soptunna-kok-rostfritt-stal-silver-68l.webp?fit=800%2C800&ssl=1","contentUrl":"https:\/\/i0.wp.com\/truusk.store\/wp-content\/uploads\/2024\/02\/automatisk-soptunna-med-sensor-soptunna-kok-rostfritt-stal-silver-68l.webp?fit=800%2C800&ssl=1","width":800,"height":800,"caption":"Automatisk Soptunna Med Sensor Soptunna K\u00f6k Rostfritt St\u00e5l Silver (68L) 1"},{"@type":"BreadcrumbList","@id":"https:\/\/truusk.store\/sv\/produkt\/truusk-automatisk-soptunna-med-sensor-rostfritt-stal-68l-silver-kok\/#breadcrumb","itemListElement":[{"@type":"ListItem","position":1,"name":"Home","item":"https:\/\/truusk.store\/sv\/"},{"@type":"ListItem","position":2,"name":"Shop","item":"https:\/\/truusk.store\/shop\/"},{"@type":"ListItem","position":3,"name":"TRUUSK Automatisk Soptunna med Sensor &#8211; Rostfritt St\u00e5l &#8211; 68L &#8211; Silver &#8211; K\u00f6k"}]},{"@type":"WebSite","@id":"https:\/\/truusk.store\/sv\/#website","url":"https:\/\/truusk.store\/sv\/","name":"TRUUSK - Hem, Tr\u00e4dg\u00e5rd & Fritid","description":"","publisher":{"@id":"https:\/\/truusk.store\/sv\/#organization"},"potentialAction":[{"@type":"SearchAction","target":{"@type":"EntryPoint","urlTemplate":"https:\/\/truusk.store\/sv\/?s={search_term_string}"},"query-input":{"@type":"PropertyValueSpecification","valueRequired":true,"valueName":"search_term_string"}}],"inLanguage":"sv-SE"},{"@type":"Organization","@id":"https:\/\/truusk.store\/sv\/#organization","name":"TRUUSK - Hem, Tr\u00e4dg\u00e5rd & Fritid","url":"https:\/\/truusk.store\/sv\/","logo":{"@type":"ImageObject","inLanguage":"sv-SE","@id":"https:\/\/truusk.store\/sv\/#\/schema\/logo\/image\/","url":"https:\/\/i0.wp.com\/truusk.store\/wp-content\/uploads\/2026\/03\/cropped-TRUUSK.png?fit=2032%2C917&ssl=1","contentUrl":"https:\/\/i0.wp.com\/truusk.store\/wp-content\/uploads\/2026\/03\/cropped-TRUUSK.png?fit=2032%2C917&ssl=1","width":2032,"height":917,"caption":"TRUUSK - Hem, Tr\u00e4dg\u00e5rd & Fritid"},"image":{"@id":"https:\/\/truusk.store\/sv\/#\/schema\/logo\/image\/"}}]}},"jetpack_sharing_enabled":true,"_links":{"self":[{"href":"https:\/\/truusk.store\/sv\/wp-json\/wp\/v2\/product\/10253","targetHints":{"allow":["GET"]}}],"collection":[{"href":"https:\/\/truusk.store\/sv\/wp-json\/wp\/v2\/product"}],"about":[{"href":"https:\/\/truusk.store\/sv\/wp-json\/wp\/v2\/types\/product"}],"wp:featuredmedia":[{"embeddable":true,"href":"https:\/\/truusk.store\/sv\/wp-json\/wp\/v2\/media\/10254"}],"wp:attachment":[{"href":"https:\/\/truusk.store\/sv\/wp-json\/wp\/v2\/media?parent=10253"}],"wp:term":[{"taxonomy":"product_brand","embeddable":true,"href":"https:\/\/truusk.store\/sv\/wp-json\/wp\/v2\/product_brand?post=10253"},{"taxonomy":"product_cat","embeddable":true,"href":"https:\/\/truusk.store\/sv\/wp-json\/wp\/v2\/product_cat?post=10253"},{"taxonomy":"product_tag","embeddable":true,"href":"https:\/\/truusk.store\/sv\/wp-json\/wp\/v2\/product_tag?post=10253"}],"curies":[{"name":"wp","href":"https:\/\/api.w.org\/{rel}","templated":true}]}}