{"id":102538,"date":"2026-01-28T07:21:34","date_gmt":"2026-01-28T06:21:34","guid":{"rendered":"https:\/\/truusk.store\/product\/vagg-spegel-fonster-spegel-med-metallram-dekorativ-hangande-spegel-hall-spegel-160-x-40-x-3-cm-guld\/"},"modified":"2026-03-12T08:52:19","modified_gmt":"2026-03-12T07:52:19","slug":"truusk-dekorativ-vagg-och-fonsterspegel-metallram-160-x-40-x-3-cm-guld","status":"publish","type":"product","link":"https:\/\/truusk.store\/sv\/produkt\/truusk-dekorativ-vagg-och-fonsterspegel-metallram-160-x-40-x-3-cm-guld\/","title":{"rendered":"TRUUSK Dekorativ V\u00e4gg- och F\u00f6nsterspegel &#8211; Metallram &#8211; 160 x 40 x 3 cm &#8211; Guld"},"content":{"rendered":"<p>Lider du av en tr\u00e5ng, dyster entr\u00e9 och \u00e4r os\u00e4ker p\u00e5 ditt kl\u00e4dval? Denna dagliga os\u00e4kerhet kan f\u00f6rsvaga sj\u00e4lvf\u00f6rtroendet. [BRAND NAME] v\u00e4ggsspegel med sin eleganta, guldiga ram f\u00f6rvandlar din omgivning till en lyxig atmosf\u00e4r. Den fullst\u00e4ndiga, kristallklara bilden garanterar att du ser hela din outfit perfekt, vilket ger dig nytt sj\u00e4lvf\u00f6rtroende varje dag. Mer \u00e4n bara en spegel &#8211; en daglig boost f\u00f6r ditt sj\u00e4lvf\u00f6rtroende.<\/p>\n<p>Beskrivning:<\/p>\n<ul>\n<li> Den b\u00f6jda silhuetten med en guldig ram ger en touch av modern elegans<\/li>\n<li> Den gener\u00f6sa storleken p\u00e5 160 x 40 cm ger en komplett vy av outfiten fr\u00e5n topp till t\u00e5<\/li>\n<li> Njut av en kristallklar, \u00e4kta spegelbild tack vare det h\u00f6gkvalitativa HD-glas<\/li>\n<li> Byggd med en stark metallram som garanterar exceptionell stabilitet och h\u00e5llbarhet<\/li>\n<li> F\u00f6rinstallerade krokar p\u00e5 baksidan m\u00f6jligg\u00f6r snabb och enkel v\u00e4ggmontering vertikalt<\/li>\n<li> Kommer helt monterad, s\u00e5 att den kan placeras direkt efter uppackning<\/li>\n<\/ul>\n<p> Tekniska data:<\/p>\n<ul>\n<li> F\u00e4rg: Guldton<\/li>\n<li> Material: Glas, MDF, Metall<\/li>\n<li> Totala dimensioner: 160L x 40B x 3T cm<\/li>\n<li> Spegelstorlek: 159,5L x 39,5B cm<\/li>\n<li> Glasstjocklek: 3,5 mm<\/li>\n<\/ul>\n<p>Leveransinneh\u00e5ll:<\/p>\n<ul>\n<li> 1 x v\u00e4ggsspegel<\/li>\n<li> 1 x bruksanvisning<\/li>\n<\/ul>\n","protected":false},"excerpt":{"rendered":"<p>Lider du av en tr\u00e5ng, dyster entr\u00e9 och \u00e4r os\u00e4ker p\u00e5 ditt kl\u00e4dval? Denna dagliga os\u00e4kerhet kan f\u00f6rsvaga sj\u00e4lvf\u00f6rtroendet. [BRAND&#8230;<\/p>\n","protected":false},"featured_media":102529,"template":"","meta":[],"product_brand":[],"product_cat":[962,871,683],"product_tag":[],"class_list":{"0":"post-102538","1":"product","2":"type-product","3":"status-publish","4":"has-post-thumbnail","6":"product_cat-dekoration","7":"product_cat-hus-hem","8":"product_cat-vaggdekoration","10":"first","11":"instock","12":"sale","13":"taxable","14":"shipping-taxable","15":"purchasable","16":"product-type-simple"},"yoast_head":"<!-- This site is optimized with the Yoast SEO plugin v25.4 - https:\/\/yoast.com\/wordpress\/plugins\/seo\/ -->\n<title>TRUUSK Dekorativ V\u00e4gg- och F\u00f6nsterspegel - Metallram - 160 x 40 x 3 cm - Guld - TRUUSK - Hem, Tr\u00e4dg\u00e5rd &amp; Fritid<\/title>\n<meta name=\"robots\" content=\"index, follow, max-snippet:-1, max-image-preview:large, max-video-preview:-1\" \/>\n<link rel=\"canonical\" href=\"https:\/\/truusk.store\/sv\/produkt\/truusk-dekorativ-vagg-och-fonsterspegel-metallram-160-x-40-x-3-cm-guld\/\" \/>\n<meta property=\"og:locale\" content=\"sv_SE\" \/>\n<meta property=\"og:type\" content=\"article\" \/>\n<meta property=\"og:title\" content=\"TRUUSK Dekorativ V\u00e4gg- och F\u00f6nsterspegel - Metallram - 160 x 40 x 3 cm - Guld - TRUUSK - Hem, Tr\u00e4dg\u00e5rd &amp; Fritid\" \/>\n<meta property=\"og:description\" content=\"Lider du av en tr\u00e5ng, dyster entr\u00e9 och \u00e4r os\u00e4ker p\u00e5 ditt kl\u00e4dval? Denna dagliga os\u00e4kerhet kan f\u00f6rsvaga sj\u00e4lvf\u00f6rtroendet. [BRAND...\" \/>\n<meta property=\"og:url\" content=\"https:\/\/truusk.store\/sv\/produkt\/truusk-dekorativ-vagg-och-fonsterspegel-metallram-160-x-40-x-3-cm-guld\/\" \/>\n<meta property=\"og:site_name\" content=\"TRUUSK - Hem, Tr\u00e4dg\u00e5rd &amp; Fritid\" \/>\n<meta property=\"article:modified_time\" content=\"2026-03-12T07:52:19+00:00\" \/>\n<meta property=\"og:image\" content=\"https:\/\/i0.wp.com\/truusk.se\/wp-content\/uploads\/2026\/01\/vagg-spegel-fonster-spegel-med-metallram-dekorativ-hangande-spegel-hall-spegel-160-x-40-x-3-cm-guld-1.webp?fit=2000%2C2000&ssl=1\" \/>\n\t<meta property=\"og:image:width\" content=\"2000\" \/>\n\t<meta property=\"og:image:height\" content=\"2000\" \/>\n\t<meta property=\"og:image:type\" content=\"image\/webp\" \/>\n<meta name=\"twitter:card\" content=\"summary_large_image\" \/>\n<meta name=\"twitter:label1\" content=\"Ber\u00e4knad l\u00e4stid\" \/>\n\t<meta name=\"twitter:data1\" content=\"1 minut\" \/>\n<!-- \/ Yoast SEO plugin. -->","yoast_head_json":{"title":"TRUUSK Dekorativ V\u00e4gg- och F\u00f6nsterspegel - Metallram - 160 x 40 x 3 cm - Guld - TRUUSK - Hem, Tr\u00e4dg\u00e5rd &amp; Fritid","robots":{"index":"index","follow":"follow","max-snippet":"max-snippet:-1","max-image-preview":"max-image-preview:large","max-video-preview":"max-video-preview:-1"},"canonical":"https:\/\/truusk.store\/sv\/produkt\/truusk-dekorativ-vagg-och-fonsterspegel-metallram-160-x-40-x-3-cm-guld\/","og_locale":"sv_SE","og_type":"article","og_title":"TRUUSK Dekorativ V\u00e4gg- och F\u00f6nsterspegel - Metallram - 160 x 40 x 3 cm - Guld - TRUUSK - Hem, Tr\u00e4dg\u00e5rd &amp; Fritid","og_description":"Lider du av en tr\u00e5ng, dyster entr\u00e9 och \u00e4r os\u00e4ker p\u00e5 ditt kl\u00e4dval? Denna dagliga os\u00e4kerhet kan f\u00f6rsvaga sj\u00e4lvf\u00f6rtroendet. [BRAND...","og_url":"https:\/\/truusk.store\/sv\/produkt\/truusk-dekorativ-vagg-och-fonsterspegel-metallram-160-x-40-x-3-cm-guld\/","og_site_name":"TRUUSK - Hem, Tr\u00e4dg\u00e5rd &amp; Fritid","article_modified_time":"2026-03-12T07:52:19+00:00","og_image":[{"width":2000,"height":2000,"url":"https:\/\/i0.wp.com\/truusk.se\/wp-content\/uploads\/2026\/01\/vagg-spegel-fonster-spegel-med-metallram-dekorativ-hangande-spegel-hall-spegel-160-x-40-x-3-cm-guld-1.webp?fit=2000%2C2000&ssl=1","type":"image\/webp"}],"twitter_card":"summary_large_image","twitter_misc":{"Ber\u00e4knad l\u00e4stid":"1 minut"},"schema":{"@context":"https:\/\/schema.org","@graph":[{"@type":"WebPage","@id":"https:\/\/truusk.store\/sv\/produkt\/truusk-dekorativ-vagg-och-fonsterspegel-metallram-160-x-40-x-3-cm-guld\/","url":"https:\/\/truusk.store\/sv\/produkt\/truusk-dekorativ-vagg-och-fonsterspegel-metallram-160-x-40-x-3-cm-guld\/","name":"TRUUSK Dekorativ V\u00e4gg- och F\u00f6nsterspegel - Metallram - 160 x 40 x 3 cm - Guld - TRUUSK - Hem, Tr\u00e4dg\u00e5rd &amp; Fritid","isPartOf":{"@id":"https:\/\/truusk.store\/sv\/#website"},"primaryImageOfPage":{"@id":"https:\/\/truusk.store\/sv\/produkt\/truusk-dekorativ-vagg-och-fonsterspegel-metallram-160-x-40-x-3-cm-guld\/#primaryimage"},"image":{"@id":"https:\/\/truusk.store\/sv\/produkt\/truusk-dekorativ-vagg-och-fonsterspegel-metallram-160-x-40-x-3-cm-guld\/#primaryimage"},"thumbnailUrl":"https:\/\/i0.wp.com\/truusk.store\/wp-content\/uploads\/2026\/01\/vagg-spegel-fonster-spegel-med-metallram-dekorativ-hangande-spegel-hall-spegel-160-x-40-x-3-cm-guld-1.webp?fit=2000%2C2000&ssl=1","datePublished":"2026-01-28T06:21:34+00:00","dateModified":"2026-03-12T07:52:19+00:00","breadcrumb":{"@id":"https:\/\/truusk.store\/sv\/produkt\/truusk-dekorativ-vagg-och-fonsterspegel-metallram-160-x-40-x-3-cm-guld\/#breadcrumb"},"inLanguage":"sv-SE","potentialAction":[{"@type":"ReadAction","target":["https:\/\/truusk.store\/sv\/produkt\/truusk-dekorativ-vagg-och-fonsterspegel-metallram-160-x-40-x-3-cm-guld\/"]}]},{"@type":"ImageObject","inLanguage":"sv-SE","@id":"https:\/\/truusk.store\/sv\/produkt\/truusk-dekorativ-vagg-och-fonsterspegel-metallram-160-x-40-x-3-cm-guld\/#primaryimage","url":"https:\/\/i0.wp.com\/truusk.store\/wp-content\/uploads\/2026\/01\/vagg-spegel-fonster-spegel-med-metallram-dekorativ-hangande-spegel-hall-spegel-160-x-40-x-3-cm-guld-1.webp?fit=2000%2C2000&ssl=1","contentUrl":"https:\/\/i0.wp.com\/truusk.store\/wp-content\/uploads\/2026\/01\/vagg-spegel-fonster-spegel-med-metallram-dekorativ-hangande-spegel-hall-spegel-160-x-40-x-3-cm-guld-1.webp?fit=2000%2C2000&ssl=1","width":2000,"height":2000},{"@type":"BreadcrumbList","@id":"https:\/\/truusk.store\/sv\/produkt\/truusk-dekorativ-vagg-och-fonsterspegel-metallram-160-x-40-x-3-cm-guld\/#breadcrumb","itemListElement":[{"@type":"ListItem","position":1,"name":"Home","item":"https:\/\/truusk.store\/sv\/"},{"@type":"ListItem","position":2,"name":"Shop","item":"https:\/\/truusk.store\/shop\/"},{"@type":"ListItem","position":3,"name":"TRUUSK Dekorativ V\u00e4gg- och F\u00f6nsterspegel &#8211; Metallram &#8211; 160 x 40 x 3 cm &#8211; Guld"}]},{"@type":"WebSite","@id":"https:\/\/truusk.store\/sv\/#website","url":"https:\/\/truusk.store\/sv\/","name":"TRUUSK - Hem, Tr\u00e4dg\u00e5rd & Fritid","description":"","publisher":{"@id":"https:\/\/truusk.store\/sv\/#organization"},"potentialAction":[{"@type":"SearchAction","target":{"@type":"EntryPoint","urlTemplate":"https:\/\/truusk.store\/sv\/?s={search_term_string}"},"query-input":{"@type":"PropertyValueSpecification","valueRequired":true,"valueName":"search_term_string"}}],"inLanguage":"sv-SE"},{"@type":"Organization","@id":"https:\/\/truusk.store\/sv\/#organization","name":"TRUUSK - Hem, Tr\u00e4dg\u00e5rd & Fritid","url":"https:\/\/truusk.store\/sv\/","logo":{"@type":"ImageObject","inLanguage":"sv-SE","@id":"https:\/\/truusk.store\/sv\/#\/schema\/logo\/image\/","url":"https:\/\/i0.wp.com\/truusk.store\/wp-content\/uploads\/2026\/03\/cropped-TRUUSK.png?fit=2032%2C917&ssl=1","contentUrl":"https:\/\/i0.wp.com\/truusk.store\/wp-content\/uploads\/2026\/03\/cropped-TRUUSK.png?fit=2032%2C917&ssl=1","width":2032,"height":917,"caption":"TRUUSK - Hem, Tr\u00e4dg\u00e5rd & Fritid"},"image":{"@id":"https:\/\/truusk.store\/sv\/#\/schema\/logo\/image\/"}}]}},"jetpack_sharing_enabled":true,"_links":{"self":[{"href":"https:\/\/truusk.store\/sv\/wp-json\/wp\/v2\/product\/102538","targetHints":{"allow":["GET"]}}],"collection":[{"href":"https:\/\/truusk.store\/sv\/wp-json\/wp\/v2\/product"}],"about":[{"href":"https:\/\/truusk.store\/sv\/wp-json\/wp\/v2\/types\/product"}],"wp:featuredmedia":[{"embeddable":true,"href":"https:\/\/truusk.store\/sv\/wp-json\/wp\/v2\/media\/102529"}],"wp:attachment":[{"href":"https:\/\/truusk.store\/sv\/wp-json\/wp\/v2\/media?parent=102538"}],"wp:term":[{"taxonomy":"product_brand","embeddable":true,"href":"https:\/\/truusk.store\/sv\/wp-json\/wp\/v2\/product_brand?post=102538"},{"taxonomy":"product_cat","embeddable":true,"href":"https:\/\/truusk.store\/sv\/wp-json\/wp\/v2\/product_cat?post=102538"},{"taxonomy":"product_tag","embeddable":true,"href":"https:\/\/truusk.store\/sv\/wp-json\/wp\/v2\/product_tag?post=102538"}],"curies":[{"name":"wp","href":"https:\/\/api.w.org\/{rel}","templated":true}]}}