{"id":102548,"date":"2026-01-28T07:22:24","date_gmt":"2026-01-28T06:22:24","guid":{"rendered":"https:\/\/truusk.store\/product\/hogbadd-i-metall-med-klatterstallning-vaggmontering-eller-fristaende-planteringslada-med-insynsskydd\/"},"modified":"2026-03-12T08:52:20","modified_gmt":"2026-03-12T07:52:20","slug":"truusk-hogbadd-i-metall-med-klatterstallning-vaggmontering-eller-fristaende-planteringslada-med-insynsskydd","status":"publish","type":"product","link":"https:\/\/truusk.store\/sv\/produkt\/truusk-hogbadd-i-metall-med-klatterstallning-vaggmontering-eller-fristaende-planteringslada-med-insynsskydd\/","title":{"rendered":"TRUUSK H\u00f6gb\u00e4dd I Metall Med Kl\u00e4tterst\u00e4llning &#8211; V\u00e4ggmontering eller Frist\u00e5ende &#8211; Planteringsl\u00e5da Med Insynsskydd"},"content":{"rendered":"<p>F\u00f6rvandla ditt utomhusomr\u00e5de med [BRAND NAME] bloml\u00e5da med kl\u00e4tterst\u00e4llning, som har en insynsskyddsv\u00e4gg med fj\u00e4rilsmotiv. Denna metallplanteringsl\u00e5da erbjuder ett rymligt inre p\u00e5 58L x 21B x 24H cm och \u00e4r utm\u00e4rkt f\u00f6r att ta hand om v\u00e4xter i upp till 29L jord. Dess m\u00e5ngsidiga design m\u00f6jligg\u00f6r b\u00e5de v\u00e4ggmontering och frist\u00e5ende installation, vilket g\u00f6r bloml\u00e5dan till ett charmigt tillskott till varje tr\u00e4dg\u00e5rd.<\/p>\n<p>Beskrivning:<\/p>\n<ul>\n<li> Insynsskyddspanel med utsk\u00e4rningar i grenform fungerar som kl\u00e4tterst\u00e4llning<\/li>\n<li> Inre utrymme rymmer 29 L jord och ger tillr\u00e4ckligt med planteringsyta<\/li>\n<li> Dr\u00e4neringssk\u00e5ror i balkongh\u00f6jds\u00e4ngen f\u00f6rhindrar vattenansamlingar och fr\u00e4mjar v\u00e4xth\u00e4lsan<\/li>\n<li> Kan monteras p\u00e5 v\u00e4ggen eller anv\u00e4ndas frist\u00e5ende, f\u00f6r m\u00e5ngsidiga anv\u00e4ndningsm\u00f6jligheter<\/li>\n<li> Metallkonstruktion med pulverlackering \u00e4r korrosionsbest\u00e4ndig<\/li>\n<\/ul>\n<p> Tekniska data:<\/p>\n<ul>\n<li> F\u00e4rg: Svart<\/li>\n<li> Material: Metall<\/li>\n<li> Totala dimensioner: 61L x 23B x 113H cm<\/li>\n<li> Inre m\u00e5tt p\u00e5 h\u00f6jds\u00e4ngen: 58L x 21B x 24H cm<\/li>\n<li> B\u00e4rkapacitet: 50 kg<\/li>\n<\/ul>\n<p>Leveransinneh\u00e5ll:<\/p>\n<ul>\n<li> 1 x h\u00f6jds\u00e4ng med kl\u00e4tterst\u00e4llning<\/li>\n<li> 2 x expansionsbult<\/li>\n<li> 1 x instruktioner<\/li>\n<\/ul>\n","protected":false},"excerpt":{"rendered":"<p>F\u00f6rvandla ditt utomhusomr\u00e5de med [BRAND NAME] bloml\u00e5da med kl\u00e4tterst\u00e4llning, som har en insynsskyddsv\u00e4gg med fj\u00e4rilsmotiv. Denna metallplanteringsl\u00e5da erbjuder ett rymligt&#8230;<\/p>\n","protected":false},"featured_media":102539,"template":"","meta":[],"product_brand":[],"product_cat":[924,858,443],"product_tag":[],"class_list":{"0":"post-102548","1":"product","2":"type-product","3":"status-publish","4":"has-post-thumbnail","6":"product_cat-plantkarl","7":"product_cat-tradgard-terrass","8":"product_cat-vaxthus-tradgardsskotsel","10":"first","11":"instock","12":"sale","13":"taxable","14":"shipping-taxable","15":"purchasable","16":"product-type-simple"},"yoast_head":"<!-- This site is optimized with the Yoast SEO plugin v25.4 - https:\/\/yoast.com\/wordpress\/plugins\/seo\/ -->\n<title>TRUUSK H\u00f6gb\u00e4dd I Metall Med Kl\u00e4tterst\u00e4llning - V\u00e4ggmontering eller Frist\u00e5ende - Planteringsl\u00e5da Med Insynsskydd - TRUUSK - Hem, Tr\u00e4dg\u00e5rd &amp; Fritid<\/title>\n<meta name=\"robots\" content=\"index, follow, max-snippet:-1, max-image-preview:large, max-video-preview:-1\" \/>\n<link rel=\"canonical\" href=\"https:\/\/truusk.store\/sv\/produkt\/truusk-hogbadd-i-metall-med-klatterstallning-vaggmontering-eller-fristaende-planteringslada-med-insynsskydd\/\" \/>\n<meta property=\"og:locale\" content=\"sv_SE\" \/>\n<meta property=\"og:type\" content=\"article\" \/>\n<meta property=\"og:title\" content=\"TRUUSK H\u00f6gb\u00e4dd I Metall Med Kl\u00e4tterst\u00e4llning - V\u00e4ggmontering eller Frist\u00e5ende - Planteringsl\u00e5da Med Insynsskydd - TRUUSK - Hem, Tr\u00e4dg\u00e5rd &amp; Fritid\" \/>\n<meta property=\"og:description\" content=\"F\u00f6rvandla ditt utomhusomr\u00e5de med [BRAND NAME] bloml\u00e5da med kl\u00e4tterst\u00e4llning, som har en insynsskyddsv\u00e4gg med fj\u00e4rilsmotiv. Denna metallplanteringsl\u00e5da erbjuder ett rymligt...\" \/>\n<meta property=\"og:url\" content=\"https:\/\/truusk.store\/sv\/produkt\/truusk-hogbadd-i-metall-med-klatterstallning-vaggmontering-eller-fristaende-planteringslada-med-insynsskydd\/\" \/>\n<meta property=\"og:site_name\" content=\"TRUUSK - Hem, Tr\u00e4dg\u00e5rd &amp; Fritid\" \/>\n<meta property=\"article:modified_time\" content=\"2026-03-12T07:52:20+00:00\" \/>\n<meta property=\"og:image\" content=\"https:\/\/i0.wp.com\/truusk.se\/wp-content\/uploads\/2026\/01\/hogbadd-i-metall-med-klatterstallning-vaggmontering-eller-fristaende-planteringslada-med-insynsskydd-1-1.webp?fit=2000%2C2000&ssl=1\" \/>\n\t<meta property=\"og:image:width\" content=\"2000\" \/>\n\t<meta property=\"og:image:height\" content=\"2000\" \/>\n\t<meta property=\"og:image:type\" content=\"image\/webp\" \/>\n<meta name=\"twitter:card\" content=\"summary_large_image\" \/>\n<meta name=\"twitter:label1\" content=\"Ber\u00e4knad l\u00e4stid\" \/>\n\t<meta name=\"twitter:data1\" content=\"1 minut\" \/>\n<!-- \/ Yoast SEO plugin. -->","yoast_head_json":{"title":"TRUUSK H\u00f6gb\u00e4dd I Metall Med Kl\u00e4tterst\u00e4llning - V\u00e4ggmontering eller Frist\u00e5ende - Planteringsl\u00e5da Med Insynsskydd - TRUUSK - Hem, Tr\u00e4dg\u00e5rd &amp; Fritid","robots":{"index":"index","follow":"follow","max-snippet":"max-snippet:-1","max-image-preview":"max-image-preview:large","max-video-preview":"max-video-preview:-1"},"canonical":"https:\/\/truusk.store\/sv\/produkt\/truusk-hogbadd-i-metall-med-klatterstallning-vaggmontering-eller-fristaende-planteringslada-med-insynsskydd\/","og_locale":"sv_SE","og_type":"article","og_title":"TRUUSK H\u00f6gb\u00e4dd I Metall Med Kl\u00e4tterst\u00e4llning - V\u00e4ggmontering eller Frist\u00e5ende - Planteringsl\u00e5da Med Insynsskydd - TRUUSK - Hem, Tr\u00e4dg\u00e5rd &amp; Fritid","og_description":"F\u00f6rvandla ditt utomhusomr\u00e5de med [BRAND NAME] bloml\u00e5da med kl\u00e4tterst\u00e4llning, som har en insynsskyddsv\u00e4gg med fj\u00e4rilsmotiv. Denna metallplanteringsl\u00e5da erbjuder ett rymligt...","og_url":"https:\/\/truusk.store\/sv\/produkt\/truusk-hogbadd-i-metall-med-klatterstallning-vaggmontering-eller-fristaende-planteringslada-med-insynsskydd\/","og_site_name":"TRUUSK - Hem, Tr\u00e4dg\u00e5rd &amp; Fritid","article_modified_time":"2026-03-12T07:52:20+00:00","og_image":[{"width":2000,"height":2000,"url":"https:\/\/i0.wp.com\/truusk.se\/wp-content\/uploads\/2026\/01\/hogbadd-i-metall-med-klatterstallning-vaggmontering-eller-fristaende-planteringslada-med-insynsskydd-1-1.webp?fit=2000%2C2000&ssl=1","type":"image\/webp"}],"twitter_card":"summary_large_image","twitter_misc":{"Ber\u00e4knad l\u00e4stid":"1 minut"},"schema":{"@context":"https:\/\/schema.org","@graph":[{"@type":"WebPage","@id":"https:\/\/truusk.store\/sv\/produkt\/truusk-hogbadd-i-metall-med-klatterstallning-vaggmontering-eller-fristaende-planteringslada-med-insynsskydd\/","url":"https:\/\/truusk.store\/sv\/produkt\/truusk-hogbadd-i-metall-med-klatterstallning-vaggmontering-eller-fristaende-planteringslada-med-insynsskydd\/","name":"TRUUSK H\u00f6gb\u00e4dd I Metall Med Kl\u00e4tterst\u00e4llning - V\u00e4ggmontering eller Frist\u00e5ende - Planteringsl\u00e5da Med Insynsskydd - TRUUSK - Hem, Tr\u00e4dg\u00e5rd &amp; Fritid","isPartOf":{"@id":"https:\/\/truusk.store\/sv\/#website"},"primaryImageOfPage":{"@id":"https:\/\/truusk.store\/sv\/produkt\/truusk-hogbadd-i-metall-med-klatterstallning-vaggmontering-eller-fristaende-planteringslada-med-insynsskydd\/#primaryimage"},"image":{"@id":"https:\/\/truusk.store\/sv\/produkt\/truusk-hogbadd-i-metall-med-klatterstallning-vaggmontering-eller-fristaende-planteringslada-med-insynsskydd\/#primaryimage"},"thumbnailUrl":"https:\/\/i0.wp.com\/truusk.store\/wp-content\/uploads\/2026\/01\/hogbadd-i-metall-med-klatterstallning-vaggmontering-eller-fristaende-planteringslada-med-insynsskydd-1-1.webp?fit=2000%2C2000&ssl=1","datePublished":"2026-01-28T06:22:24+00:00","dateModified":"2026-03-12T07:52:20+00:00","breadcrumb":{"@id":"https:\/\/truusk.store\/sv\/produkt\/truusk-hogbadd-i-metall-med-klatterstallning-vaggmontering-eller-fristaende-planteringslada-med-insynsskydd\/#breadcrumb"},"inLanguage":"sv-SE","potentialAction":[{"@type":"ReadAction","target":["https:\/\/truusk.store\/sv\/produkt\/truusk-hogbadd-i-metall-med-klatterstallning-vaggmontering-eller-fristaende-planteringslada-med-insynsskydd\/"]}]},{"@type":"ImageObject","inLanguage":"sv-SE","@id":"https:\/\/truusk.store\/sv\/produkt\/truusk-hogbadd-i-metall-med-klatterstallning-vaggmontering-eller-fristaende-planteringslada-med-insynsskydd\/#primaryimage","url":"https:\/\/i0.wp.com\/truusk.store\/wp-content\/uploads\/2026\/01\/hogbadd-i-metall-med-klatterstallning-vaggmontering-eller-fristaende-planteringslada-med-insynsskydd-1-1.webp?fit=2000%2C2000&ssl=1","contentUrl":"https:\/\/i0.wp.com\/truusk.store\/wp-content\/uploads\/2026\/01\/hogbadd-i-metall-med-klatterstallning-vaggmontering-eller-fristaende-planteringslada-med-insynsskydd-1-1.webp?fit=2000%2C2000&ssl=1","width":2000,"height":2000},{"@type":"BreadcrumbList","@id":"https:\/\/truusk.store\/sv\/produkt\/truusk-hogbadd-i-metall-med-klatterstallning-vaggmontering-eller-fristaende-planteringslada-med-insynsskydd\/#breadcrumb","itemListElement":[{"@type":"ListItem","position":1,"name":"Home","item":"https:\/\/truusk.store\/sv\/"},{"@type":"ListItem","position":2,"name":"Shop","item":"https:\/\/truusk.store\/shop\/"},{"@type":"ListItem","position":3,"name":"TRUUSK H\u00f6gb\u00e4dd I Metall Med Kl\u00e4tterst\u00e4llning &#8211; V\u00e4ggmontering eller Frist\u00e5ende &#8211; Planteringsl\u00e5da Med Insynsskydd"}]},{"@type":"WebSite","@id":"https:\/\/truusk.store\/sv\/#website","url":"https:\/\/truusk.store\/sv\/","name":"TRUUSK - Hem, Tr\u00e4dg\u00e5rd & Fritid","description":"","publisher":{"@id":"https:\/\/truusk.store\/sv\/#organization"},"potentialAction":[{"@type":"SearchAction","target":{"@type":"EntryPoint","urlTemplate":"https:\/\/truusk.store\/sv\/?s={search_term_string}"},"query-input":{"@type":"PropertyValueSpecification","valueRequired":true,"valueName":"search_term_string"}}],"inLanguage":"sv-SE"},{"@type":"Organization","@id":"https:\/\/truusk.store\/sv\/#organization","name":"TRUUSK - Hem, Tr\u00e4dg\u00e5rd & Fritid","url":"https:\/\/truusk.store\/sv\/","logo":{"@type":"ImageObject","inLanguage":"sv-SE","@id":"https:\/\/truusk.store\/sv\/#\/schema\/logo\/image\/","url":"https:\/\/i0.wp.com\/truusk.store\/wp-content\/uploads\/2026\/03\/cropped-TRUUSK.png?fit=2032%2C917&ssl=1","contentUrl":"https:\/\/i0.wp.com\/truusk.store\/wp-content\/uploads\/2026\/03\/cropped-TRUUSK.png?fit=2032%2C917&ssl=1","width":2032,"height":917,"caption":"TRUUSK - Hem, Tr\u00e4dg\u00e5rd & Fritid"},"image":{"@id":"https:\/\/truusk.store\/sv\/#\/schema\/logo\/image\/"}}]}},"jetpack_sharing_enabled":true,"_links":{"self":[{"href":"https:\/\/truusk.store\/sv\/wp-json\/wp\/v2\/product\/102548","targetHints":{"allow":["GET"]}}],"collection":[{"href":"https:\/\/truusk.store\/sv\/wp-json\/wp\/v2\/product"}],"about":[{"href":"https:\/\/truusk.store\/sv\/wp-json\/wp\/v2\/types\/product"}],"wp:featuredmedia":[{"embeddable":true,"href":"https:\/\/truusk.store\/sv\/wp-json\/wp\/v2\/media\/102539"}],"wp:attachment":[{"href":"https:\/\/truusk.store\/sv\/wp-json\/wp\/v2\/media?parent=102548"}],"wp:term":[{"taxonomy":"product_brand","embeddable":true,"href":"https:\/\/truusk.store\/sv\/wp-json\/wp\/v2\/product_brand?post=102548"},{"taxonomy":"product_cat","embeddable":true,"href":"https:\/\/truusk.store\/sv\/wp-json\/wp\/v2\/product_cat?post=102548"},{"taxonomy":"product_tag","embeddable":true,"href":"https:\/\/truusk.store\/sv\/wp-json\/wp\/v2\/product_tag?post=102548"}],"curies":[{"name":"wp","href":"https:\/\/api.w.org\/{rel}","templated":true}]}}