{"id":102560,"date":"2026-01-28T07:23:42","date_gmt":"2026-01-28T06:23:42","guid":{"rendered":"https:\/\/truusk.store\/product\/soffbord-sidobord-med-laddningsstation-stalram-usb-c-portar-lador-krokar-40cm-x-30cm-x-60cm-svart\/"},"modified":"2026-03-12T08:52:20","modified_gmt":"2026-03-12T07:52:20","slug":"truusk-soffbord-sidobord-med-laddningsstation-stalram-usb-c-portar-lador-krokar-40cm-x-30cm-x-60cm-svart","status":"publish","type":"product","link":"https:\/\/truusk.store\/sv\/produkt\/truusk-soffbord-sidobord-med-laddningsstation-stalram-usb-c-portar-lador-krokar-40cm-x-30cm-x-60cm-svart\/","title":{"rendered":"TRUUSK Soffbord Sidobord &#8211; Med Laddningsstation &#8211; St\u00e5lram &#8211; USB-C-portar &#8211; L\u00e5dor &#8211; Krokar &#8211; 40cm X 30cm X 60cm &#8211; Svart"},"content":{"rendered":"<p>Trassliga kablar och kaos st\u00f6r din kv\u00e4llsrutin och g\u00f6r det sv\u00e5rt att verkligen koppla av. T\u00e4nk dig att dina enheter \u00e4r tomma \u00f6ver natten och allt viktigt ligger oordnat. [BRAND NAME] sidobord med f\u00f6rvaring \u00e5terst\u00e4ller ordningen, med inbyggda uttag och USB-portar som h\u00e5ller dig uppkopplad. Dess femdelade f\u00f6rvaringssystem, inklusive l\u00e5dor och en anv\u00e4ndbar sidoficka, erbjuder en egen plats f\u00f6r varje f\u00f6rem\u00e5l.<\/p>\n<p>Beskrivning:<\/p>\n<ul>\n<li> Har en inbyggd laddningsstation som h\u00e5ller alla dina enheter laddade<\/li>\n<li> Erbjuder en 5-i-1 f\u00f6rvaringsdesign som h\u00e5ller ditt utrymme snyggt och organiserat<\/li>\n<li> Den kompakta storleken p\u00e5 40 x 30 cm \u00e4r idealisk f\u00f6r att spara utrymme i sm\u00e5 rum<\/li>\n<li> Kombinerar svart finish med st\u00e5l f\u00f6r en industriell k\u00e4nsla<\/li>\n<li> Melaminbelagd sp\u00e5nskiva f\u00f6r h\u00e5llbarhet och enkel reng\u00f6ring<\/li>\n<li> Justerbara fotdynor ger stabilitet och s\u00e4kerhet p\u00e5 l\u00e4tt oj\u00e4mna golv<\/li>\n<li> Erbjuder enkla, numrerade delar f\u00f6r snabb och enkel montering p\u00e5 20 minuter<\/li>\n<\/ul>\n<p> Tekniska specifikationer:<\/p>\n<ul>\n<li> F\u00e4rg: Svart<\/li>\n<li> Material: Sp\u00e5nskiva, st\u00e5l, non-woven tyg<\/li>\n<li> Totala dimensioner: 40B x 30D x 60H cm<\/li>\n<li> Storlek p\u00e5 \u00f6ppen hylla: 35B x 29D x 21H cm<\/li>\n<li> Storlek p\u00e5 tygl\u00e5da: 34,5B x 28D x 13,5H cm<\/li>\n<li> Storlek p\u00e5 f\u00f6rvaringsp\u00e5se: 30B x 30H cm<\/li>\n<li> Maximal belastning: 10 kg (\u00f6verdel\/\u00f6ppen hylla), 3 kg (l\u00e5da), 1 kg (tygp\u00e5se\/krok), 25 kg (totalt)<\/li>\n<\/ul>\n<p> Leveransinneh\u00e5ll:<\/p>\n<ul>\n<li> 1 x nattduksbord<\/li>\n<li> 1 x bruksanvisning<\/li>\n<\/ul>\n","protected":false},"excerpt":{"rendered":"<p>Trassliga kablar och kaos st\u00f6r din kv\u00e4llsrutin och g\u00f6r det sv\u00e5rt att verkligen koppla av. T\u00e4nk dig att dina enheter&#8230;<\/p>\n","protected":false},"featured_media":102549,"template":"","meta":[],"product_brand":[],"product_cat":[871,957,910],"product_tag":[],"class_list":{"0":"post-102560","1":"product","2":"type-product","3":"status-publish","4":"has-post-thumbnail","6":"product_cat-hus-hem","7":"product_cat-sidobord","8":"product_cat-vardagsrum","10":"first","11":"instock","12":"sale","13":"taxable","14":"shipping-taxable","15":"purchasable","16":"product-type-simple"},"yoast_head":"<!-- This site is optimized with the Yoast SEO plugin v25.4 - https:\/\/yoast.com\/wordpress\/plugins\/seo\/ -->\n<title>TRUUSK Soffbord Sidobord - Med Laddningsstation - St\u00e5lram - USB-C-portar - L\u00e5dor - Krokar - 40cm X 30cm X 60cm - Svart - TRUUSK - Hem, Tr\u00e4dg\u00e5rd &amp; Fritid<\/title>\n<meta name=\"robots\" content=\"index, follow, max-snippet:-1, max-image-preview:large, max-video-preview:-1\" \/>\n<link rel=\"canonical\" href=\"https:\/\/truusk.store\/sv\/produkt\/truusk-soffbord-sidobord-med-laddningsstation-stalram-usb-c-portar-lador-krokar-40cm-x-30cm-x-60cm-svart\/\" \/>\n<meta property=\"og:locale\" content=\"sv_SE\" \/>\n<meta property=\"og:type\" content=\"article\" \/>\n<meta property=\"og:title\" content=\"TRUUSK Soffbord Sidobord - Med Laddningsstation - St\u00e5lram - USB-C-portar - L\u00e5dor - Krokar - 40cm X 30cm X 60cm - Svart - TRUUSK - Hem, Tr\u00e4dg\u00e5rd &amp; Fritid\" \/>\n<meta property=\"og:description\" content=\"Trassliga kablar och kaos st\u00f6r din kv\u00e4llsrutin och g\u00f6r det sv\u00e5rt att verkligen koppla av. T\u00e4nk dig att dina enheter...\" \/>\n<meta property=\"og:url\" content=\"https:\/\/truusk.store\/sv\/produkt\/truusk-soffbord-sidobord-med-laddningsstation-stalram-usb-c-portar-lador-krokar-40cm-x-30cm-x-60cm-svart\/\" \/>\n<meta property=\"og:site_name\" content=\"TRUUSK - Hem, Tr\u00e4dg\u00e5rd &amp; Fritid\" \/>\n<meta property=\"article:modified_time\" content=\"2026-03-12T07:52:20+00:00\" \/>\n<meta property=\"og:image\" content=\"https:\/\/i0.wp.com\/truusk.se\/wp-content\/uploads\/2026\/01\/soffbord-sidobord-med-laddningsstation-stalram-usb-c-portar-lador-krokar-40cm-x-30cm-x-60cm-svart-1.webp?fit=2000%2C2000&ssl=1\" \/>\n\t<meta property=\"og:image:width\" content=\"2000\" \/>\n\t<meta property=\"og:image:height\" content=\"2000\" \/>\n\t<meta property=\"og:image:type\" content=\"image\/webp\" \/>\n<meta name=\"twitter:card\" content=\"summary_large_image\" \/>\n<meta name=\"twitter:label1\" content=\"Ber\u00e4knad l\u00e4stid\" \/>\n\t<meta name=\"twitter:data1\" content=\"1 minut\" \/>\n<!-- \/ Yoast SEO plugin. -->","yoast_head_json":{"title":"TRUUSK Soffbord Sidobord - Med Laddningsstation - St\u00e5lram - USB-C-portar - L\u00e5dor - Krokar - 40cm X 30cm X 60cm - Svart - TRUUSK - Hem, Tr\u00e4dg\u00e5rd &amp; Fritid","robots":{"index":"index","follow":"follow","max-snippet":"max-snippet:-1","max-image-preview":"max-image-preview:large","max-video-preview":"max-video-preview:-1"},"canonical":"https:\/\/truusk.store\/sv\/produkt\/truusk-soffbord-sidobord-med-laddningsstation-stalram-usb-c-portar-lador-krokar-40cm-x-30cm-x-60cm-svart\/","og_locale":"sv_SE","og_type":"article","og_title":"TRUUSK Soffbord Sidobord - Med Laddningsstation - St\u00e5lram - USB-C-portar - L\u00e5dor - Krokar - 40cm X 30cm X 60cm - Svart - TRUUSK - Hem, Tr\u00e4dg\u00e5rd &amp; Fritid","og_description":"Trassliga kablar och kaos st\u00f6r din kv\u00e4llsrutin och g\u00f6r det sv\u00e5rt att verkligen koppla av. T\u00e4nk dig att dina enheter...","og_url":"https:\/\/truusk.store\/sv\/produkt\/truusk-soffbord-sidobord-med-laddningsstation-stalram-usb-c-portar-lador-krokar-40cm-x-30cm-x-60cm-svart\/","og_site_name":"TRUUSK - Hem, Tr\u00e4dg\u00e5rd &amp; Fritid","article_modified_time":"2026-03-12T07:52:20+00:00","og_image":[{"width":2000,"height":2000,"url":"https:\/\/i0.wp.com\/truusk.se\/wp-content\/uploads\/2026\/01\/soffbord-sidobord-med-laddningsstation-stalram-usb-c-portar-lador-krokar-40cm-x-30cm-x-60cm-svart-1.webp?fit=2000%2C2000&ssl=1","type":"image\/webp"}],"twitter_card":"summary_large_image","twitter_misc":{"Ber\u00e4knad l\u00e4stid":"1 minut"},"schema":{"@context":"https:\/\/schema.org","@graph":[{"@type":"WebPage","@id":"https:\/\/truusk.store\/sv\/produkt\/truusk-soffbord-sidobord-med-laddningsstation-stalram-usb-c-portar-lador-krokar-40cm-x-30cm-x-60cm-svart\/","url":"https:\/\/truusk.store\/sv\/produkt\/truusk-soffbord-sidobord-med-laddningsstation-stalram-usb-c-portar-lador-krokar-40cm-x-30cm-x-60cm-svart\/","name":"TRUUSK Soffbord Sidobord - Med Laddningsstation - St\u00e5lram - USB-C-portar - L\u00e5dor - Krokar - 40cm X 30cm X 60cm - Svart - TRUUSK - Hem, Tr\u00e4dg\u00e5rd &amp; Fritid","isPartOf":{"@id":"https:\/\/truusk.store\/sv\/#website"},"primaryImageOfPage":{"@id":"https:\/\/truusk.store\/sv\/produkt\/truusk-soffbord-sidobord-med-laddningsstation-stalram-usb-c-portar-lador-krokar-40cm-x-30cm-x-60cm-svart\/#primaryimage"},"image":{"@id":"https:\/\/truusk.store\/sv\/produkt\/truusk-soffbord-sidobord-med-laddningsstation-stalram-usb-c-portar-lador-krokar-40cm-x-30cm-x-60cm-svart\/#primaryimage"},"thumbnailUrl":"https:\/\/i0.wp.com\/truusk.store\/wp-content\/uploads\/2026\/01\/soffbord-sidobord-med-laddningsstation-stalram-usb-c-portar-lador-krokar-40cm-x-30cm-x-60cm-svart-1.webp?fit=2000%2C2000&ssl=1","datePublished":"2026-01-28T06:23:42+00:00","dateModified":"2026-03-12T07:52:20+00:00","breadcrumb":{"@id":"https:\/\/truusk.store\/sv\/produkt\/truusk-soffbord-sidobord-med-laddningsstation-stalram-usb-c-portar-lador-krokar-40cm-x-30cm-x-60cm-svart\/#breadcrumb"},"inLanguage":"sv-SE","potentialAction":[{"@type":"ReadAction","target":["https:\/\/truusk.store\/sv\/produkt\/truusk-soffbord-sidobord-med-laddningsstation-stalram-usb-c-portar-lador-krokar-40cm-x-30cm-x-60cm-svart\/"]}]},{"@type":"ImageObject","inLanguage":"sv-SE","@id":"https:\/\/truusk.store\/sv\/produkt\/truusk-soffbord-sidobord-med-laddningsstation-stalram-usb-c-portar-lador-krokar-40cm-x-30cm-x-60cm-svart\/#primaryimage","url":"https:\/\/i0.wp.com\/truusk.store\/wp-content\/uploads\/2026\/01\/soffbord-sidobord-med-laddningsstation-stalram-usb-c-portar-lador-krokar-40cm-x-30cm-x-60cm-svart-1.webp?fit=2000%2C2000&ssl=1","contentUrl":"https:\/\/i0.wp.com\/truusk.store\/wp-content\/uploads\/2026\/01\/soffbord-sidobord-med-laddningsstation-stalram-usb-c-portar-lador-krokar-40cm-x-30cm-x-60cm-svart-1.webp?fit=2000%2C2000&ssl=1","width":2000,"height":2000},{"@type":"BreadcrumbList","@id":"https:\/\/truusk.store\/sv\/produkt\/truusk-soffbord-sidobord-med-laddningsstation-stalram-usb-c-portar-lador-krokar-40cm-x-30cm-x-60cm-svart\/#breadcrumb","itemListElement":[{"@type":"ListItem","position":1,"name":"Home","item":"https:\/\/truusk.store\/sv\/"},{"@type":"ListItem","position":2,"name":"Shop","item":"https:\/\/truusk.store\/shop\/"},{"@type":"ListItem","position":3,"name":"TRUUSK Soffbord Sidobord &#8211; Med Laddningsstation &#8211; St\u00e5lram &#8211; USB-C-portar &#8211; L\u00e5dor &#8211; Krokar &#8211; 40cm X 30cm X 60cm &#8211; Svart"}]},{"@type":"WebSite","@id":"https:\/\/truusk.store\/sv\/#website","url":"https:\/\/truusk.store\/sv\/","name":"TRUUSK - Hem, Tr\u00e4dg\u00e5rd & Fritid","description":"","publisher":{"@id":"https:\/\/truusk.store\/sv\/#organization"},"potentialAction":[{"@type":"SearchAction","target":{"@type":"EntryPoint","urlTemplate":"https:\/\/truusk.store\/sv\/?s={search_term_string}"},"query-input":{"@type":"PropertyValueSpecification","valueRequired":true,"valueName":"search_term_string"}}],"inLanguage":"sv-SE"},{"@type":"Organization","@id":"https:\/\/truusk.store\/sv\/#organization","name":"TRUUSK - Hem, Tr\u00e4dg\u00e5rd & Fritid","url":"https:\/\/truusk.store\/sv\/","logo":{"@type":"ImageObject","inLanguage":"sv-SE","@id":"https:\/\/truusk.store\/sv\/#\/schema\/logo\/image\/","url":"https:\/\/i0.wp.com\/truusk.store\/wp-content\/uploads\/2026\/03\/cropped-TRUUSK.png?fit=2032%2C917&ssl=1","contentUrl":"https:\/\/i0.wp.com\/truusk.store\/wp-content\/uploads\/2026\/03\/cropped-TRUUSK.png?fit=2032%2C917&ssl=1","width":2032,"height":917,"caption":"TRUUSK - Hem, Tr\u00e4dg\u00e5rd & Fritid"},"image":{"@id":"https:\/\/truusk.store\/sv\/#\/schema\/logo\/image\/"}}]}},"jetpack_sharing_enabled":true,"_links":{"self":[{"href":"https:\/\/truusk.store\/sv\/wp-json\/wp\/v2\/product\/102560","targetHints":{"allow":["GET"]}}],"collection":[{"href":"https:\/\/truusk.store\/sv\/wp-json\/wp\/v2\/product"}],"about":[{"href":"https:\/\/truusk.store\/sv\/wp-json\/wp\/v2\/types\/product"}],"wp:featuredmedia":[{"embeddable":true,"href":"https:\/\/truusk.store\/sv\/wp-json\/wp\/v2\/media\/102549"}],"wp:attachment":[{"href":"https:\/\/truusk.store\/sv\/wp-json\/wp\/v2\/media?parent=102560"}],"wp:term":[{"taxonomy":"product_brand","embeddable":true,"href":"https:\/\/truusk.store\/sv\/wp-json\/wp\/v2\/product_brand?post=102560"},{"taxonomy":"product_cat","embeddable":true,"href":"https:\/\/truusk.store\/sv\/wp-json\/wp\/v2\/product_cat?post=102560"},{"taxonomy":"product_tag","embeddable":true,"href":"https:\/\/truusk.store\/sv\/wp-json\/wp\/v2\/product_tag?post=102560"}],"curies":[{"name":"wp","href":"https:\/\/api.w.org\/{rel}","templated":true}]}}