{"id":102568,"date":"2026-01-28T07:24:30","date_gmt":"2026-01-28T06:24:30","guid":{"rendered":"https:\/\/truusk.store\/product\/2-pack-plantstall-for-inomhus-och-utomhus-hexagonal-metallblomkrukhallare-for-tradgard-terrass-balkong\/"},"modified":"2026-03-12T08:52:21","modified_gmt":"2026-03-12T07:52:21","slug":"truusk-2-pack-hexagonal-metallblomkrukhallare-for-inomhus-och-utomhus-tradgard-terrass-balkong","status":"publish","type":"product","link":"https:\/\/truusk.store\/sv\/produkt\/truusk-2-pack-hexagonal-metallblomkrukhallare-for-inomhus-och-utomhus-tradgard-terrass-balkong\/","title":{"rendered":"TRUUSK 2-pack Hexagonal Metallblomkrukh\u00e5llare &#8211; F\u00f6r Inomhus och Utomhus &#8211; Tr\u00e4dg\u00e5rd, Terrass, Balkong"},"content":{"rendered":"<p>Det 2-delade v\u00e4xtst\u00e4llsetet fr\u00e5n [BRAND NAME] ger h\u00f6jd, balans och stil till alla rum. Med h\u00f6jder p\u00e5 75 cm och 60 cm kan v\u00e4xter eller dekorationer arrangeras utrymmeseffektivt. Det hexagonala designen av blomsterpallen s\u00e4krar krukor stabilt. Pulverlackerat metall skyddar mot vatten och rost, idealiskt f\u00f6r inomhus och utomhus &#8211; perfekt f\u00f6r v\u00e4xter, lyktor, konst eller s\u00e4songsbetonade accenter i vardagsrummet, balkongen, uteplatsen eller entr\u00e9omr\u00e5det.<\/p>\n<p>Beskrivning:<\/p>\n<ul>\n<li> Tv\u00e5 olika h\u00f6jder g\u00f6r det m\u00f6jligt f\u00f6r dig att enkelt skapa stegvisa v\u00e4xt- eller dekorationsutst\u00e4llningar<\/li>\n<li> Hexagonal ramkonstruktion av v\u00e4xtpallen ger stark stabilitet och f\u00f6rhindrar vackling<\/li>\n<li> Pulverlackerat metall ger l\u00e5ngvarigt vatten- och rostbest\u00e4ndighet<\/li>\n<li> Kompakt fotavtryck passar i sm\u00e5 h\u00f6rn, balkonger och inomhusutrymmen<\/li>\n<li> Fungerar som v\u00e4xtst\u00e4ll, dekorationspodium eller semesterpresentationsst\u00e4ll<\/li>\n<li> L\u00e4tt att flytta och ompositionera f\u00f6r att uppdatera din livsstil n\u00e4r som helst<\/li>\n<li> L\u00e4mplig f\u00f6r vardagsrum, uteplatser, entr\u00e9omr\u00e5den, tr\u00e4dg\u00e5rdar eller balkonger<\/li>\n<\/ul>\n<p> Tekniska data:<\/p>\n<ul>\n<li> F\u00e4rg: Svart<\/li>\n<li> Material: Metall<\/li>\n<li> Stora v\u00e4xtst\u00e4llsdimensioner: 31L x 27B x 75H cm<\/li>\n<li> Lilla v\u00e4xtst\u00e4llsdimensioner: 28L x 25B x 60H cm<\/li>\n<li> Belastningskapacitet: 30 kg<\/li>\n<\/ul>\n<p>Leveransinneh\u00e5ll:<\/p>\n<ul>\n<li> 2 x v\u00e4xtst\u00e4ll<\/li>\n<li> 1 x instruktioner<\/li>\n<\/ul>\n","protected":false},"excerpt":{"rendered":"<p>Det 2-delade v\u00e4xtst\u00e4llsetet fr\u00e5n [BRAND NAME] ger h\u00f6jd, balans och stil till alla rum. Med h\u00f6jder p\u00e5 75 cm och&#8230;<\/p>\n","protected":false},"featured_media":102557,"template":"","meta":[],"product_brand":[],"product_cat":[884,448,858,443],"product_tag":[],"class_list":{"0":"post-102568","1":"product","2":"type-product","3":"status-publish","4":"has-post-thumbnail","6":"product_cat-pflanzentreppen","7":"product_cat-plantera-trappor-hyllor","8":"product_cat-tradgard-terrass","9":"product_cat-vaxthus-tradgardsskotsel","11":"first","12":"instock","13":"sale","14":"taxable","15":"shipping-taxable","16":"purchasable","17":"product-type-simple"},"yoast_head":"<!-- This site is optimized with the Yoast SEO plugin v25.4 - https:\/\/yoast.com\/wordpress\/plugins\/seo\/ -->\n<title>TRUUSK 2-pack Hexagonal Metallblomkrukh\u00e5llare - F\u00f6r Inomhus och Utomhus - Tr\u00e4dg\u00e5rd, Terrass, Balkong - TRUUSK - Hem, Tr\u00e4dg\u00e5rd &amp; Fritid<\/title>\n<meta name=\"robots\" content=\"index, follow, max-snippet:-1, max-image-preview:large, max-video-preview:-1\" \/>\n<link rel=\"canonical\" href=\"https:\/\/truusk.store\/sv\/produkt\/truusk-2-pack-hexagonal-metallblomkrukhallare-for-inomhus-och-utomhus-tradgard-terrass-balkong\/\" \/>\n<meta property=\"og:locale\" content=\"sv_SE\" \/>\n<meta property=\"og:type\" content=\"article\" \/>\n<meta property=\"og:title\" content=\"TRUUSK 2-pack Hexagonal Metallblomkrukh\u00e5llare - F\u00f6r Inomhus och Utomhus - Tr\u00e4dg\u00e5rd, Terrass, Balkong - TRUUSK - Hem, Tr\u00e4dg\u00e5rd &amp; Fritid\" \/>\n<meta property=\"og:description\" content=\"Det 2-delade v\u00e4xtst\u00e4llsetet fr\u00e5n [BRAND NAME] ger h\u00f6jd, balans och stil till alla rum. Med h\u00f6jder p\u00e5 75 cm och...\" \/>\n<meta property=\"og:url\" content=\"https:\/\/truusk.store\/sv\/produkt\/truusk-2-pack-hexagonal-metallblomkrukhallare-for-inomhus-och-utomhus-tradgard-terrass-balkong\/\" \/>\n<meta property=\"og:site_name\" content=\"TRUUSK - Hem, Tr\u00e4dg\u00e5rd &amp; Fritid\" \/>\n<meta property=\"article:modified_time\" content=\"2026-03-12T07:52:21+00:00\" \/>\n<meta property=\"og:image\" content=\"https:\/\/i0.wp.com\/truusk.se\/wp-content\/uploads\/2026\/01\/2-pack-plantstall-for-inomhus-och-utomhus-hexagonal-metallblomkrukhallare-for-tradgard-terrass-balkong-1.webp?fit=2000%2C2000&ssl=1\" \/>\n\t<meta property=\"og:image:width\" content=\"2000\" \/>\n\t<meta property=\"og:image:height\" content=\"2000\" \/>\n\t<meta property=\"og:image:type\" content=\"image\/webp\" \/>\n<meta name=\"twitter:card\" content=\"summary_large_image\" \/>\n<meta name=\"twitter:label1\" content=\"Ber\u00e4knad l\u00e4stid\" \/>\n\t<meta name=\"twitter:data1\" content=\"1 minut\" \/>\n<!-- \/ Yoast SEO plugin. -->","yoast_head_json":{"title":"TRUUSK 2-pack Hexagonal Metallblomkrukh\u00e5llare - F\u00f6r Inomhus och Utomhus - Tr\u00e4dg\u00e5rd, Terrass, Balkong - TRUUSK - Hem, Tr\u00e4dg\u00e5rd &amp; Fritid","robots":{"index":"index","follow":"follow","max-snippet":"max-snippet:-1","max-image-preview":"max-image-preview:large","max-video-preview":"max-video-preview:-1"},"canonical":"https:\/\/truusk.store\/sv\/produkt\/truusk-2-pack-hexagonal-metallblomkrukhallare-for-inomhus-och-utomhus-tradgard-terrass-balkong\/","og_locale":"sv_SE","og_type":"article","og_title":"TRUUSK 2-pack Hexagonal Metallblomkrukh\u00e5llare - F\u00f6r Inomhus och Utomhus - Tr\u00e4dg\u00e5rd, Terrass, Balkong - TRUUSK - Hem, Tr\u00e4dg\u00e5rd &amp; Fritid","og_description":"Det 2-delade v\u00e4xtst\u00e4llsetet fr\u00e5n [BRAND NAME] ger h\u00f6jd, balans och stil till alla rum. Med h\u00f6jder p\u00e5 75 cm och...","og_url":"https:\/\/truusk.store\/sv\/produkt\/truusk-2-pack-hexagonal-metallblomkrukhallare-for-inomhus-och-utomhus-tradgard-terrass-balkong\/","og_site_name":"TRUUSK - Hem, Tr\u00e4dg\u00e5rd &amp; Fritid","article_modified_time":"2026-03-12T07:52:21+00:00","og_image":[{"width":2000,"height":2000,"url":"https:\/\/i0.wp.com\/truusk.se\/wp-content\/uploads\/2026\/01\/2-pack-plantstall-for-inomhus-och-utomhus-hexagonal-metallblomkrukhallare-for-tradgard-terrass-balkong-1.webp?fit=2000%2C2000&ssl=1","type":"image\/webp"}],"twitter_card":"summary_large_image","twitter_misc":{"Ber\u00e4knad l\u00e4stid":"1 minut"},"schema":{"@context":"https:\/\/schema.org","@graph":[{"@type":"WebPage","@id":"https:\/\/truusk.store\/sv\/produkt\/truusk-2-pack-hexagonal-metallblomkrukhallare-for-inomhus-och-utomhus-tradgard-terrass-balkong\/","url":"https:\/\/truusk.store\/sv\/produkt\/truusk-2-pack-hexagonal-metallblomkrukhallare-for-inomhus-och-utomhus-tradgard-terrass-balkong\/","name":"TRUUSK 2-pack Hexagonal Metallblomkrukh\u00e5llare - F\u00f6r Inomhus och Utomhus - Tr\u00e4dg\u00e5rd, Terrass, Balkong - TRUUSK - Hem, Tr\u00e4dg\u00e5rd &amp; Fritid","isPartOf":{"@id":"https:\/\/truusk.store\/sv\/#website"},"primaryImageOfPage":{"@id":"https:\/\/truusk.store\/sv\/produkt\/truusk-2-pack-hexagonal-metallblomkrukhallare-for-inomhus-och-utomhus-tradgard-terrass-balkong\/#primaryimage"},"image":{"@id":"https:\/\/truusk.store\/sv\/produkt\/truusk-2-pack-hexagonal-metallblomkrukhallare-for-inomhus-och-utomhus-tradgard-terrass-balkong\/#primaryimage"},"thumbnailUrl":"https:\/\/i0.wp.com\/truusk.store\/wp-content\/uploads\/2026\/01\/2-pack-plantstall-for-inomhus-och-utomhus-hexagonal-metallblomkrukhallare-for-tradgard-terrass-balkong-1.webp?fit=2000%2C2000&ssl=1","datePublished":"2026-01-28T06:24:30+00:00","dateModified":"2026-03-12T07:52:21+00:00","breadcrumb":{"@id":"https:\/\/truusk.store\/sv\/produkt\/truusk-2-pack-hexagonal-metallblomkrukhallare-for-inomhus-och-utomhus-tradgard-terrass-balkong\/#breadcrumb"},"inLanguage":"sv-SE","potentialAction":[{"@type":"ReadAction","target":["https:\/\/truusk.store\/sv\/produkt\/truusk-2-pack-hexagonal-metallblomkrukhallare-for-inomhus-och-utomhus-tradgard-terrass-balkong\/"]}]},{"@type":"ImageObject","inLanguage":"sv-SE","@id":"https:\/\/truusk.store\/sv\/produkt\/truusk-2-pack-hexagonal-metallblomkrukhallare-for-inomhus-och-utomhus-tradgard-terrass-balkong\/#primaryimage","url":"https:\/\/i0.wp.com\/truusk.store\/wp-content\/uploads\/2026\/01\/2-pack-plantstall-for-inomhus-och-utomhus-hexagonal-metallblomkrukhallare-for-tradgard-terrass-balkong-1.webp?fit=2000%2C2000&ssl=1","contentUrl":"https:\/\/i0.wp.com\/truusk.store\/wp-content\/uploads\/2026\/01\/2-pack-plantstall-for-inomhus-och-utomhus-hexagonal-metallblomkrukhallare-for-tradgard-terrass-balkong-1.webp?fit=2000%2C2000&ssl=1","width":2000,"height":2000},{"@type":"BreadcrumbList","@id":"https:\/\/truusk.store\/sv\/produkt\/truusk-2-pack-hexagonal-metallblomkrukhallare-for-inomhus-och-utomhus-tradgard-terrass-balkong\/#breadcrumb","itemListElement":[{"@type":"ListItem","position":1,"name":"Home","item":"https:\/\/truusk.store\/sv\/"},{"@type":"ListItem","position":2,"name":"Shop","item":"https:\/\/truusk.store\/shop\/"},{"@type":"ListItem","position":3,"name":"TRUUSK 2-pack Hexagonal Metallblomkrukh\u00e5llare &#8211; F\u00f6r Inomhus och Utomhus &#8211; Tr\u00e4dg\u00e5rd, Terrass, Balkong"}]},{"@type":"WebSite","@id":"https:\/\/truusk.store\/sv\/#website","url":"https:\/\/truusk.store\/sv\/","name":"TRUUSK - Hem, Tr\u00e4dg\u00e5rd & Fritid","description":"","publisher":{"@id":"https:\/\/truusk.store\/sv\/#organization"},"potentialAction":[{"@type":"SearchAction","target":{"@type":"EntryPoint","urlTemplate":"https:\/\/truusk.store\/sv\/?s={search_term_string}"},"query-input":{"@type":"PropertyValueSpecification","valueRequired":true,"valueName":"search_term_string"}}],"inLanguage":"sv-SE"},{"@type":"Organization","@id":"https:\/\/truusk.store\/sv\/#organization","name":"TRUUSK - Hem, Tr\u00e4dg\u00e5rd & Fritid","url":"https:\/\/truusk.store\/sv\/","logo":{"@type":"ImageObject","inLanguage":"sv-SE","@id":"https:\/\/truusk.store\/sv\/#\/schema\/logo\/image\/","url":"https:\/\/i0.wp.com\/truusk.store\/wp-content\/uploads\/2026\/03\/cropped-TRUUSK.png?fit=2032%2C917&ssl=1","contentUrl":"https:\/\/i0.wp.com\/truusk.store\/wp-content\/uploads\/2026\/03\/cropped-TRUUSK.png?fit=2032%2C917&ssl=1","width":2032,"height":917,"caption":"TRUUSK - Hem, Tr\u00e4dg\u00e5rd & Fritid"},"image":{"@id":"https:\/\/truusk.store\/sv\/#\/schema\/logo\/image\/"}}]}},"jetpack_sharing_enabled":true,"_links":{"self":[{"href":"https:\/\/truusk.store\/sv\/wp-json\/wp\/v2\/product\/102568","targetHints":{"allow":["GET"]}}],"collection":[{"href":"https:\/\/truusk.store\/sv\/wp-json\/wp\/v2\/product"}],"about":[{"href":"https:\/\/truusk.store\/sv\/wp-json\/wp\/v2\/types\/product"}],"wp:featuredmedia":[{"embeddable":true,"href":"https:\/\/truusk.store\/sv\/wp-json\/wp\/v2\/media\/102557"}],"wp:attachment":[{"href":"https:\/\/truusk.store\/sv\/wp-json\/wp\/v2\/media?parent=102568"}],"wp:term":[{"taxonomy":"product_brand","embeddable":true,"href":"https:\/\/truusk.store\/sv\/wp-json\/wp\/v2\/product_brand?post=102568"},{"taxonomy":"product_cat","embeddable":true,"href":"https:\/\/truusk.store\/sv\/wp-json\/wp\/v2\/product_cat?post=102568"},{"taxonomy":"product_tag","embeddable":true,"href":"https:\/\/truusk.store\/sv\/wp-json\/wp\/v2\/product_tag?post=102568"}],"curies":[{"name":"wp","href":"https:\/\/api.w.org\/{rel}","templated":true}]}}