{"id":102578,"date":"2026-01-28T07:25:38","date_gmt":"2026-01-28T06:25:38","guid":{"rendered":"https:\/\/truusk.store\/product\/soffbord-sidobord-med-laddningsstation-stalram-2-tyglador-oppet-fack-20cm-x-40cm-x-63cm-rustik-brun\/"},"modified":"2026-03-12T08:52:22","modified_gmt":"2026-03-12T07:52:22","slug":"truusk-sidobord-med-laddningsstation-stalram-2-tyglador-oppet-fack-20cm-x-40cm-x-63cm-rustik-brun","status":"publish","type":"product","link":"https:\/\/truusk.store\/sv\/produkt\/truusk-sidobord-med-laddningsstation-stalram-2-tyglador-oppet-fack-20cm-x-40cm-x-63cm-rustik-brun\/","title":{"rendered":"TRUUSK Sidobord med Laddningsstation &#8211; St\u00e5lram &#8211; 2 Tygl\u00e5dor &#8211; \u00d6ppet Fack &#8211; 20cm x 40cm x 63cm &#8211; Rustik-brun"},"content":{"rendered":"<p>Upplev det praktiska [BRAND NAME] sidobordet med inbyggd laddningsstation inklusive AC-uttag, USB- och USB-C-portar. Ladda dina enheter bekv\u00e4mt. Tv\u00e5 tygl\u00e5dor, ett \u00f6ppet fack och den \u00f6vre hyllan ger ordning, f\u00f6rpackad i en industriell stil som ger charm till sm\u00e5 utrymmen.<\/p>\n<p>Beskrivning:<\/p>\n<ul>\n<li> Integrerad grenuttag med ett AC-uttag, USB- och USB-C-portar laddar enheter bekv\u00e4mt<\/li>\n<li> Tv\u00e5 tygl\u00e5dor, ett \u00f6ppet fack och en yta h\u00e5ller n\u00f6dv\u00e4ndigheter snyggt och l\u00e4ttillg\u00e4ngligt<\/li>\n<li> Svart st\u00e5lram och ytor i rustikt bruntr\u00e4effekt ger rummen industriell charm<\/li>\n<li> Tillverkad av sp\u00e5nskiva och st\u00e5lram f\u00f6r l\u00e5ngvarig h\u00e5llbarhet och p\u00e5litligt st\u00f6d<\/li>\n<li> Justerbara fotdynor h\u00e5ller soffbordet stabilt \u00e4ven p\u00e5 oj\u00e4mna golv<\/li>\n<li> Enkla att f\u00f6lja instruktioner g\u00f6r monteringen enkel<\/li>\n<li> Kompakt design av det lilla bordet passar sn\u00e4vt till s\u00e4ngar och soffor<\/li>\n<\/ul>\n<p> Tekniska data:<\/p>\n<ul>\n<li> F\u00e4rg: Rustik brun + Svart<\/li>\n<li> Material: Sp\u00e5nskiva, St\u00e5l, Non-woven tyg<\/li>\n<li> Totala dimensioner: 20B x 40D x 63H cm<\/li>\n<li> Hyllstorlek: 16,5B x 38D x 20H cm<\/li>\n<li> L\u00e5dstorlek: 16B x 37D x 16,5H cm<\/li>\n<li> Golvh\u00f6jd fr\u00e5n golvet: 4,5H cm<\/li>\n<li> Betygsatt: AC 220-250 V, 50 Hz, 16 A<\/li>\n<li> Str\u00f6mf\u00f6rs\u00f6rjningens effekt: 2200 W<\/li>\n<li> USB\/USB-C: DC 5 V, 2,1 A<\/li>\n<li> Maximal belastning: 25 kg (totalt), 10 kg (\u00f6vre\/hylla), 3 kg (l\u00e5da)<\/li>\n<\/ul>\n<p>Leveransinneh\u00e5ll:<\/p>\n<ul>\n<li> 1 x Sidobord<\/li>\n<li> 1 x Handbok<\/li>\n<\/ul>\n","protected":false},"excerpt":{"rendered":"<p>Upplev det praktiska [BRAND NAME] sidobordet med inbyggd laddningsstation inklusive AC-uttag, USB- och USB-C-portar. Ladda dina enheter bekv\u00e4mt. Tv\u00e5 tygl\u00e5dor,&#8230;<\/p>\n","protected":false},"featured_media":102569,"template":"","meta":[],"product_brand":[],"product_cat":[871,957,910],"product_tag":[],"class_list":{"0":"post-102578","1":"product","2":"type-product","3":"status-publish","4":"has-post-thumbnail","6":"product_cat-hus-hem","7":"product_cat-sidobord","8":"product_cat-vardagsrum","10":"first","11":"instock","12":"sale","13":"taxable","14":"shipping-taxable","15":"purchasable","16":"product-type-simple"},"yoast_head":"<!-- This site is optimized with the Yoast SEO plugin v25.4 - https:\/\/yoast.com\/wordpress\/plugins\/seo\/ -->\n<title>TRUUSK Sidobord med Laddningsstation - St\u00e5lram - 2 Tygl\u00e5dor - \u00d6ppet Fack - 20cm x 40cm x 63cm - Rustik-brun - TRUUSK - Hem, Tr\u00e4dg\u00e5rd &amp; Fritid<\/title>\n<meta name=\"robots\" content=\"index, follow, max-snippet:-1, max-image-preview:large, max-video-preview:-1\" \/>\n<link rel=\"canonical\" href=\"https:\/\/truusk.store\/sv\/produkt\/truusk-sidobord-med-laddningsstation-stalram-2-tyglador-oppet-fack-20cm-x-40cm-x-63cm-rustik-brun\/\" \/>\n<meta property=\"og:locale\" content=\"sv_SE\" \/>\n<meta property=\"og:type\" content=\"article\" \/>\n<meta property=\"og:title\" content=\"TRUUSK Sidobord med Laddningsstation - St\u00e5lram - 2 Tygl\u00e5dor - \u00d6ppet Fack - 20cm x 40cm x 63cm - Rustik-brun - TRUUSK - Hem, Tr\u00e4dg\u00e5rd &amp; Fritid\" \/>\n<meta property=\"og:description\" content=\"Upplev det praktiska [BRAND NAME] sidobordet med inbyggd laddningsstation inklusive AC-uttag, USB- och USB-C-portar. Ladda dina enheter bekv\u00e4mt. Tv\u00e5 tygl\u00e5dor,...\" \/>\n<meta property=\"og:url\" content=\"https:\/\/truusk.store\/sv\/produkt\/truusk-sidobord-med-laddningsstation-stalram-2-tyglador-oppet-fack-20cm-x-40cm-x-63cm-rustik-brun\/\" \/>\n<meta property=\"og:site_name\" content=\"TRUUSK - Hem, Tr\u00e4dg\u00e5rd &amp; Fritid\" \/>\n<meta property=\"article:modified_time\" content=\"2026-03-12T07:52:22+00:00\" \/>\n<meta property=\"og:image\" content=\"https:\/\/i0.wp.com\/truusk.se\/wp-content\/uploads\/2026\/01\/soffbord-sidobord-med-laddningsstation-stalram-2-tyglador-oppet-fack-20cm-x-40cm-x-63cm-rustik-brun-1.webp?fit=2000%2C2000&ssl=1\" \/>\n\t<meta property=\"og:image:width\" content=\"2000\" \/>\n\t<meta property=\"og:image:height\" content=\"2000\" \/>\n\t<meta property=\"og:image:type\" content=\"image\/webp\" \/>\n<meta name=\"twitter:card\" content=\"summary_large_image\" \/>\n<meta name=\"twitter:label1\" content=\"Ber\u00e4knad l\u00e4stid\" \/>\n\t<meta name=\"twitter:data1\" content=\"1 minut\" \/>\n<!-- \/ Yoast SEO plugin. -->","yoast_head_json":{"title":"TRUUSK Sidobord med Laddningsstation - St\u00e5lram - 2 Tygl\u00e5dor - \u00d6ppet Fack - 20cm x 40cm x 63cm - Rustik-brun - TRUUSK - Hem, Tr\u00e4dg\u00e5rd &amp; Fritid","robots":{"index":"index","follow":"follow","max-snippet":"max-snippet:-1","max-image-preview":"max-image-preview:large","max-video-preview":"max-video-preview:-1"},"canonical":"https:\/\/truusk.store\/sv\/produkt\/truusk-sidobord-med-laddningsstation-stalram-2-tyglador-oppet-fack-20cm-x-40cm-x-63cm-rustik-brun\/","og_locale":"sv_SE","og_type":"article","og_title":"TRUUSK Sidobord med Laddningsstation - St\u00e5lram - 2 Tygl\u00e5dor - \u00d6ppet Fack - 20cm x 40cm x 63cm - Rustik-brun - TRUUSK - Hem, Tr\u00e4dg\u00e5rd &amp; Fritid","og_description":"Upplev det praktiska [BRAND NAME] sidobordet med inbyggd laddningsstation inklusive AC-uttag, USB- och USB-C-portar. Ladda dina enheter bekv\u00e4mt. Tv\u00e5 tygl\u00e5dor,...","og_url":"https:\/\/truusk.store\/sv\/produkt\/truusk-sidobord-med-laddningsstation-stalram-2-tyglador-oppet-fack-20cm-x-40cm-x-63cm-rustik-brun\/","og_site_name":"TRUUSK - Hem, Tr\u00e4dg\u00e5rd &amp; Fritid","article_modified_time":"2026-03-12T07:52:22+00:00","og_image":[{"width":2000,"height":2000,"url":"https:\/\/i0.wp.com\/truusk.se\/wp-content\/uploads\/2026\/01\/soffbord-sidobord-med-laddningsstation-stalram-2-tyglador-oppet-fack-20cm-x-40cm-x-63cm-rustik-brun-1.webp?fit=2000%2C2000&ssl=1","type":"image\/webp"}],"twitter_card":"summary_large_image","twitter_misc":{"Ber\u00e4knad l\u00e4stid":"1 minut"},"schema":{"@context":"https:\/\/schema.org","@graph":[{"@type":"WebPage","@id":"https:\/\/truusk.store\/sv\/produkt\/truusk-sidobord-med-laddningsstation-stalram-2-tyglador-oppet-fack-20cm-x-40cm-x-63cm-rustik-brun\/","url":"https:\/\/truusk.store\/sv\/produkt\/truusk-sidobord-med-laddningsstation-stalram-2-tyglador-oppet-fack-20cm-x-40cm-x-63cm-rustik-brun\/","name":"TRUUSK Sidobord med Laddningsstation - St\u00e5lram - 2 Tygl\u00e5dor - \u00d6ppet Fack - 20cm x 40cm x 63cm - Rustik-brun - TRUUSK - Hem, Tr\u00e4dg\u00e5rd &amp; Fritid","isPartOf":{"@id":"https:\/\/truusk.store\/sv\/#website"},"primaryImageOfPage":{"@id":"https:\/\/truusk.store\/sv\/produkt\/truusk-sidobord-med-laddningsstation-stalram-2-tyglador-oppet-fack-20cm-x-40cm-x-63cm-rustik-brun\/#primaryimage"},"image":{"@id":"https:\/\/truusk.store\/sv\/produkt\/truusk-sidobord-med-laddningsstation-stalram-2-tyglador-oppet-fack-20cm-x-40cm-x-63cm-rustik-brun\/#primaryimage"},"thumbnailUrl":"https:\/\/i0.wp.com\/truusk.store\/wp-content\/uploads\/2026\/01\/soffbord-sidobord-med-laddningsstation-stalram-2-tyglador-oppet-fack-20cm-x-40cm-x-63cm-rustik-brun-1.webp?fit=2000%2C2000&ssl=1","datePublished":"2026-01-28T06:25:38+00:00","dateModified":"2026-03-12T07:52:22+00:00","breadcrumb":{"@id":"https:\/\/truusk.store\/sv\/produkt\/truusk-sidobord-med-laddningsstation-stalram-2-tyglador-oppet-fack-20cm-x-40cm-x-63cm-rustik-brun\/#breadcrumb"},"inLanguage":"sv-SE","potentialAction":[{"@type":"ReadAction","target":["https:\/\/truusk.store\/sv\/produkt\/truusk-sidobord-med-laddningsstation-stalram-2-tyglador-oppet-fack-20cm-x-40cm-x-63cm-rustik-brun\/"]}]},{"@type":"ImageObject","inLanguage":"sv-SE","@id":"https:\/\/truusk.store\/sv\/produkt\/truusk-sidobord-med-laddningsstation-stalram-2-tyglador-oppet-fack-20cm-x-40cm-x-63cm-rustik-brun\/#primaryimage","url":"https:\/\/i0.wp.com\/truusk.store\/wp-content\/uploads\/2026\/01\/soffbord-sidobord-med-laddningsstation-stalram-2-tyglador-oppet-fack-20cm-x-40cm-x-63cm-rustik-brun-1.webp?fit=2000%2C2000&ssl=1","contentUrl":"https:\/\/i0.wp.com\/truusk.store\/wp-content\/uploads\/2026\/01\/soffbord-sidobord-med-laddningsstation-stalram-2-tyglador-oppet-fack-20cm-x-40cm-x-63cm-rustik-brun-1.webp?fit=2000%2C2000&ssl=1","width":2000,"height":2000},{"@type":"BreadcrumbList","@id":"https:\/\/truusk.store\/sv\/produkt\/truusk-sidobord-med-laddningsstation-stalram-2-tyglador-oppet-fack-20cm-x-40cm-x-63cm-rustik-brun\/#breadcrumb","itemListElement":[{"@type":"ListItem","position":1,"name":"Home","item":"https:\/\/truusk.store\/sv\/"},{"@type":"ListItem","position":2,"name":"Shop","item":"https:\/\/truusk.store\/shop\/"},{"@type":"ListItem","position":3,"name":"TRUUSK Sidobord med Laddningsstation &#8211; St\u00e5lram &#8211; 2 Tygl\u00e5dor &#8211; \u00d6ppet Fack &#8211; 20cm x 40cm x 63cm &#8211; Rustik-brun"}]},{"@type":"WebSite","@id":"https:\/\/truusk.store\/sv\/#website","url":"https:\/\/truusk.store\/sv\/","name":"TRUUSK - Hem, Tr\u00e4dg\u00e5rd & Fritid","description":"","publisher":{"@id":"https:\/\/truusk.store\/sv\/#organization"},"potentialAction":[{"@type":"SearchAction","target":{"@type":"EntryPoint","urlTemplate":"https:\/\/truusk.store\/sv\/?s={search_term_string}"},"query-input":{"@type":"PropertyValueSpecification","valueRequired":true,"valueName":"search_term_string"}}],"inLanguage":"sv-SE"},{"@type":"Organization","@id":"https:\/\/truusk.store\/sv\/#organization","name":"TRUUSK - Hem, Tr\u00e4dg\u00e5rd & Fritid","url":"https:\/\/truusk.store\/sv\/","logo":{"@type":"ImageObject","inLanguage":"sv-SE","@id":"https:\/\/truusk.store\/sv\/#\/schema\/logo\/image\/","url":"https:\/\/i0.wp.com\/truusk.store\/wp-content\/uploads\/2026\/03\/cropped-TRUUSK.png?fit=2032%2C917&ssl=1","contentUrl":"https:\/\/i0.wp.com\/truusk.store\/wp-content\/uploads\/2026\/03\/cropped-TRUUSK.png?fit=2032%2C917&ssl=1","width":2032,"height":917,"caption":"TRUUSK - Hem, Tr\u00e4dg\u00e5rd & Fritid"},"image":{"@id":"https:\/\/truusk.store\/sv\/#\/schema\/logo\/image\/"}}]}},"jetpack_sharing_enabled":true,"_links":{"self":[{"href":"https:\/\/truusk.store\/sv\/wp-json\/wp\/v2\/product\/102578","targetHints":{"allow":["GET"]}}],"collection":[{"href":"https:\/\/truusk.store\/sv\/wp-json\/wp\/v2\/product"}],"about":[{"href":"https:\/\/truusk.store\/sv\/wp-json\/wp\/v2\/types\/product"}],"wp:featuredmedia":[{"embeddable":true,"href":"https:\/\/truusk.store\/sv\/wp-json\/wp\/v2\/media\/102569"}],"wp:attachment":[{"href":"https:\/\/truusk.store\/sv\/wp-json\/wp\/v2\/media?parent=102578"}],"wp:term":[{"taxonomy":"product_brand","embeddable":true,"href":"https:\/\/truusk.store\/sv\/wp-json\/wp\/v2\/product_brand?post=102578"},{"taxonomy":"product_cat","embeddable":true,"href":"https:\/\/truusk.store\/sv\/wp-json\/wp\/v2\/product_cat?post=102578"},{"taxonomy":"product_tag","embeddable":true,"href":"https:\/\/truusk.store\/sv\/wp-json\/wp\/v2\/product_tag?post=102578"}],"curies":[{"name":"wp","href":"https:\/\/api.w.org\/{rel}","templated":true}]}}