{"id":102628,"date":"2026-01-28T07:30:36","date_gmt":"2026-01-28T06:30:36","guid":{"rendered":"https:\/\/truusk.store\/product\/vagg-spegel-fonster-spegel-med-furufinerram-for-sovrum-vardagsrum-915-x-45-x-3-cm-naturligt-tra\/"},"modified":"2026-03-12T08:52:24","modified_gmt":"2026-03-12T07:52:24","slug":"truusk-vagg-spegel-fonster-spegel-furufinerram-for-sovrum-vardagsrum-915-x-45-x-3-cm-naturligt-tra","status":"publish","type":"product","link":"https:\/\/truusk.store\/sv\/produkt\/truusk-vagg-spegel-fonster-spegel-furufinerram-for-sovrum-vardagsrum-915-x-45-x-3-cm-naturligt-tra\/","title":{"rendered":"TRUUSK V\u00e4gg Spegel F\u00f6nster Spegel &#8211; Furufinerram &#8211; F\u00f6r Sovrum Vardagsrum &#8211; 91,5 x 45 x 3 cm &#8211; Naturligt Tr\u00e4"},"content":{"rendered":"<p>\u00c4r ditt rum tr\u00e5kigt och tr\u00e5ngt? Ett kargt rum kan g\u00f6ra det sv\u00e5rt att koppla av och ge en dyster, f\u00f6rvr\u00e4ngd bild av ditt hem och dig sj\u00e4lv. [BRAND NAME] v\u00e4ggsspegel med sina flytande, konstn\u00e4rliga linjer och varma tr\u00e4ram f\u00f6rvandlar alla omr\u00e5den. Hallsspegeln skapar inte bara en imponerande blickf\u00e5ng, utan speglar ocks\u00e5 klart och tydligt, vilket fyller ditt rum med ljus och diskret v\u00e4rme.<\/p>\n<p>Beskrivning:<\/p>\n<ul>\n<li> Har en unik asymmetrisk design som fungerar som ett konstn\u00e4rligt blickf\u00e5ng<\/li>\n<li> Ramen av naturligt furufin\u00e9r skapar en varm och inbjudande atmosf\u00e4r<\/li>\n<li> Njut av en kristallklar, f\u00f6rvr\u00e4ngningsfri reflektion genom det h\u00f6guppl\u00f6sta glaset<\/li>\n<li> Kommer helt monterad med f\u00f6rinstallerade krokar f\u00f6r snabb och enkel upph\u00e4ngning<\/li>\n<li> En genomt\u00e4nkt och stilfull present som kompletterar alla heminredningar<\/li>\n<\/ul>\n<p> Tekniska specifikationer:<\/p>\n<ul>\n<li> F\u00e4rg: Naturtr\u00e4<\/li>\n<li> Material: Furufin\u00e9r, MDF, Glas, Harts<\/li>\n<li> Totala dimensioner: 91,5L x 45B x 3T cm<\/li>\n<li> Spegelstorlek: 34,5B x 72H cm<\/li>\n<li> Glasstjocklek: 3,5 mm<\/li>\n<\/ul>\n<p> Leveransinneh\u00e5ll:<\/p>\n<ul>\n<li> 1 x V\u00e4ggspegel<\/li>\n<li> 1 x Bruksanvisning<\/li>\n<\/ul>\n","protected":false},"excerpt":{"rendered":"<p>\u00c4r ditt rum tr\u00e5kigt och tr\u00e5ngt? Ett kargt rum kan g\u00f6ra det sv\u00e5rt att koppla av och ge en dyster,&#8230;<\/p>\n","protected":false},"featured_media":102618,"template":"","meta":[],"product_brand":[],"product_cat":[962,871,683],"product_tag":[],"class_list":{"0":"post-102628","1":"product","2":"type-product","3":"status-publish","4":"has-post-thumbnail","6":"product_cat-dekoration","7":"product_cat-hus-hem","8":"product_cat-vaggdekoration","10":"first","11":"instock","12":"sale","13":"taxable","14":"shipping-taxable","15":"purchasable","16":"product-type-simple"},"yoast_head":"<!-- This site is optimized with the Yoast SEO plugin v25.4 - https:\/\/yoast.com\/wordpress\/plugins\/seo\/ -->\n<title>TRUUSK V\u00e4gg Spegel F\u00f6nster Spegel - Furufinerram - F\u00f6r Sovrum Vardagsrum - 91,5 x 45 x 3 cm - Naturligt Tr\u00e4 - TRUUSK - Hem, Tr\u00e4dg\u00e5rd &amp; Fritid<\/title>\n<meta name=\"robots\" content=\"index, follow, max-snippet:-1, max-image-preview:large, max-video-preview:-1\" \/>\n<link rel=\"canonical\" href=\"https:\/\/truusk.store\/sv\/produkt\/truusk-vagg-spegel-fonster-spegel-furufinerram-for-sovrum-vardagsrum-915-x-45-x-3-cm-naturligt-tra\/\" \/>\n<meta property=\"og:locale\" content=\"sv_SE\" \/>\n<meta property=\"og:type\" content=\"article\" \/>\n<meta property=\"og:title\" content=\"TRUUSK V\u00e4gg Spegel F\u00f6nster Spegel - Furufinerram - F\u00f6r Sovrum Vardagsrum - 91,5 x 45 x 3 cm - Naturligt Tr\u00e4 - TRUUSK - Hem, Tr\u00e4dg\u00e5rd &amp; Fritid\" \/>\n<meta property=\"og:description\" content=\"\u00c4r ditt rum tr\u00e5kigt och tr\u00e5ngt? Ett kargt rum kan g\u00f6ra det sv\u00e5rt att koppla av och ge en dyster,...\" \/>\n<meta property=\"og:url\" content=\"https:\/\/truusk.store\/sv\/produkt\/truusk-vagg-spegel-fonster-spegel-furufinerram-for-sovrum-vardagsrum-915-x-45-x-3-cm-naturligt-tra\/\" \/>\n<meta property=\"og:site_name\" content=\"TRUUSK - Hem, Tr\u00e4dg\u00e5rd &amp; Fritid\" \/>\n<meta property=\"article:modified_time\" content=\"2026-03-12T07:52:24+00:00\" \/>\n<meta property=\"og:image\" content=\"https:\/\/i0.wp.com\/truusk.se\/wp-content\/uploads\/2026\/01\/vagg-spegel-fonster-spegel-med-furufinerram-for-sovrum-vardagsrum-915-x-45-x-3-cm-naturligt-tra-1.webp?fit=2000%2C2000&ssl=1\" \/>\n\t<meta property=\"og:image:width\" content=\"2000\" \/>\n\t<meta property=\"og:image:height\" content=\"2000\" \/>\n\t<meta property=\"og:image:type\" content=\"image\/webp\" \/>\n<meta name=\"twitter:card\" content=\"summary_large_image\" \/>\n<meta name=\"twitter:label1\" content=\"Ber\u00e4knad l\u00e4stid\" \/>\n\t<meta name=\"twitter:data1\" content=\"1 minut\" \/>\n<!-- \/ Yoast SEO plugin. -->","yoast_head_json":{"title":"TRUUSK V\u00e4gg Spegel F\u00f6nster Spegel - Furufinerram - F\u00f6r Sovrum Vardagsrum - 91,5 x 45 x 3 cm - Naturligt Tr\u00e4 - TRUUSK - Hem, Tr\u00e4dg\u00e5rd &amp; Fritid","robots":{"index":"index","follow":"follow","max-snippet":"max-snippet:-1","max-image-preview":"max-image-preview:large","max-video-preview":"max-video-preview:-1"},"canonical":"https:\/\/truusk.store\/sv\/produkt\/truusk-vagg-spegel-fonster-spegel-furufinerram-for-sovrum-vardagsrum-915-x-45-x-3-cm-naturligt-tra\/","og_locale":"sv_SE","og_type":"article","og_title":"TRUUSK V\u00e4gg Spegel F\u00f6nster Spegel - Furufinerram - F\u00f6r Sovrum Vardagsrum - 91,5 x 45 x 3 cm - Naturligt Tr\u00e4 - TRUUSK - Hem, Tr\u00e4dg\u00e5rd &amp; Fritid","og_description":"\u00c4r ditt rum tr\u00e5kigt och tr\u00e5ngt? Ett kargt rum kan g\u00f6ra det sv\u00e5rt att koppla av och ge en dyster,...","og_url":"https:\/\/truusk.store\/sv\/produkt\/truusk-vagg-spegel-fonster-spegel-furufinerram-for-sovrum-vardagsrum-915-x-45-x-3-cm-naturligt-tra\/","og_site_name":"TRUUSK - Hem, Tr\u00e4dg\u00e5rd &amp; Fritid","article_modified_time":"2026-03-12T07:52:24+00:00","og_image":[{"width":2000,"height":2000,"url":"https:\/\/i0.wp.com\/truusk.se\/wp-content\/uploads\/2026\/01\/vagg-spegel-fonster-spegel-med-furufinerram-for-sovrum-vardagsrum-915-x-45-x-3-cm-naturligt-tra-1.webp?fit=2000%2C2000&ssl=1","type":"image\/webp"}],"twitter_card":"summary_large_image","twitter_misc":{"Ber\u00e4knad l\u00e4stid":"1 minut"},"schema":{"@context":"https:\/\/schema.org","@graph":[{"@type":"WebPage","@id":"https:\/\/truusk.store\/sv\/produkt\/truusk-vagg-spegel-fonster-spegel-furufinerram-for-sovrum-vardagsrum-915-x-45-x-3-cm-naturligt-tra\/","url":"https:\/\/truusk.store\/sv\/produkt\/truusk-vagg-spegel-fonster-spegel-furufinerram-for-sovrum-vardagsrum-915-x-45-x-3-cm-naturligt-tra\/","name":"TRUUSK V\u00e4gg Spegel F\u00f6nster Spegel - Furufinerram - F\u00f6r Sovrum Vardagsrum - 91,5 x 45 x 3 cm - Naturligt Tr\u00e4 - TRUUSK - Hem, Tr\u00e4dg\u00e5rd &amp; Fritid","isPartOf":{"@id":"https:\/\/truusk.store\/sv\/#website"},"primaryImageOfPage":{"@id":"https:\/\/truusk.store\/sv\/produkt\/truusk-vagg-spegel-fonster-spegel-furufinerram-for-sovrum-vardagsrum-915-x-45-x-3-cm-naturligt-tra\/#primaryimage"},"image":{"@id":"https:\/\/truusk.store\/sv\/produkt\/truusk-vagg-spegel-fonster-spegel-furufinerram-for-sovrum-vardagsrum-915-x-45-x-3-cm-naturligt-tra\/#primaryimage"},"thumbnailUrl":"https:\/\/i0.wp.com\/truusk.store\/wp-content\/uploads\/2026\/01\/vagg-spegel-fonster-spegel-med-furufinerram-for-sovrum-vardagsrum-915-x-45-x-3-cm-naturligt-tra-1.webp?fit=2000%2C2000&ssl=1","datePublished":"2026-01-28T06:30:36+00:00","dateModified":"2026-03-12T07:52:24+00:00","breadcrumb":{"@id":"https:\/\/truusk.store\/sv\/produkt\/truusk-vagg-spegel-fonster-spegel-furufinerram-for-sovrum-vardagsrum-915-x-45-x-3-cm-naturligt-tra\/#breadcrumb"},"inLanguage":"sv-SE","potentialAction":[{"@type":"ReadAction","target":["https:\/\/truusk.store\/sv\/produkt\/truusk-vagg-spegel-fonster-spegel-furufinerram-for-sovrum-vardagsrum-915-x-45-x-3-cm-naturligt-tra\/"]}]},{"@type":"ImageObject","inLanguage":"sv-SE","@id":"https:\/\/truusk.store\/sv\/produkt\/truusk-vagg-spegel-fonster-spegel-furufinerram-for-sovrum-vardagsrum-915-x-45-x-3-cm-naturligt-tra\/#primaryimage","url":"https:\/\/i0.wp.com\/truusk.store\/wp-content\/uploads\/2026\/01\/vagg-spegel-fonster-spegel-med-furufinerram-for-sovrum-vardagsrum-915-x-45-x-3-cm-naturligt-tra-1.webp?fit=2000%2C2000&ssl=1","contentUrl":"https:\/\/i0.wp.com\/truusk.store\/wp-content\/uploads\/2026\/01\/vagg-spegel-fonster-spegel-med-furufinerram-for-sovrum-vardagsrum-915-x-45-x-3-cm-naturligt-tra-1.webp?fit=2000%2C2000&ssl=1","width":2000,"height":2000},{"@type":"BreadcrumbList","@id":"https:\/\/truusk.store\/sv\/produkt\/truusk-vagg-spegel-fonster-spegel-furufinerram-for-sovrum-vardagsrum-915-x-45-x-3-cm-naturligt-tra\/#breadcrumb","itemListElement":[{"@type":"ListItem","position":1,"name":"Home","item":"https:\/\/truusk.store\/sv\/"},{"@type":"ListItem","position":2,"name":"Shop","item":"https:\/\/truusk.store\/shop\/"},{"@type":"ListItem","position":3,"name":"TRUUSK V\u00e4gg Spegel F\u00f6nster Spegel &#8211; Furufinerram &#8211; F\u00f6r Sovrum Vardagsrum &#8211; 91,5 x 45 x 3 cm &#8211; Naturligt Tr\u00e4"}]},{"@type":"WebSite","@id":"https:\/\/truusk.store\/sv\/#website","url":"https:\/\/truusk.store\/sv\/","name":"TRUUSK - Hem, Tr\u00e4dg\u00e5rd & Fritid","description":"","publisher":{"@id":"https:\/\/truusk.store\/sv\/#organization"},"potentialAction":[{"@type":"SearchAction","target":{"@type":"EntryPoint","urlTemplate":"https:\/\/truusk.store\/sv\/?s={search_term_string}"},"query-input":{"@type":"PropertyValueSpecification","valueRequired":true,"valueName":"search_term_string"}}],"inLanguage":"sv-SE"},{"@type":"Organization","@id":"https:\/\/truusk.store\/sv\/#organization","name":"TRUUSK - Hem, Tr\u00e4dg\u00e5rd & Fritid","url":"https:\/\/truusk.store\/sv\/","logo":{"@type":"ImageObject","inLanguage":"sv-SE","@id":"https:\/\/truusk.store\/sv\/#\/schema\/logo\/image\/","url":"https:\/\/i0.wp.com\/truusk.store\/wp-content\/uploads\/2026\/03\/cropped-TRUUSK.png?fit=2032%2C917&ssl=1","contentUrl":"https:\/\/i0.wp.com\/truusk.store\/wp-content\/uploads\/2026\/03\/cropped-TRUUSK.png?fit=2032%2C917&ssl=1","width":2032,"height":917,"caption":"TRUUSK - Hem, Tr\u00e4dg\u00e5rd & Fritid"},"image":{"@id":"https:\/\/truusk.store\/sv\/#\/schema\/logo\/image\/"}}]}},"jetpack_sharing_enabled":true,"_links":{"self":[{"href":"https:\/\/truusk.store\/sv\/wp-json\/wp\/v2\/product\/102628","targetHints":{"allow":["GET"]}}],"collection":[{"href":"https:\/\/truusk.store\/sv\/wp-json\/wp\/v2\/product"}],"about":[{"href":"https:\/\/truusk.store\/sv\/wp-json\/wp\/v2\/types\/product"}],"wp:featuredmedia":[{"embeddable":true,"href":"https:\/\/truusk.store\/sv\/wp-json\/wp\/v2\/media\/102618"}],"wp:attachment":[{"href":"https:\/\/truusk.store\/sv\/wp-json\/wp\/v2\/media?parent=102628"}],"wp:term":[{"taxonomy":"product_brand","embeddable":true,"href":"https:\/\/truusk.store\/sv\/wp-json\/wp\/v2\/product_brand?post=102628"},{"taxonomy":"product_cat","embeddable":true,"href":"https:\/\/truusk.store\/sv\/wp-json\/wp\/v2\/product_cat?post=102628"},{"taxonomy":"product_tag","embeddable":true,"href":"https:\/\/truusk.store\/sv\/wp-json\/wp\/v2\/product_tag?post=102628"}],"curies":[{"name":"wp","href":"https:\/\/api.w.org\/{rel}","templated":true}]}}