{"id":102658,"date":"2026-01-28T07:33:38","date_gmt":"2026-01-28T06:33:38","guid":{"rendered":"https:\/\/truusk.store\/product\/barbar-tradgardsskjul-cykeltalt-rullande-dorr-med-dragkedja-metallram-mangsidig-forvaring-morkgra\/"},"modified":"2026-03-12T08:52:28","modified_gmt":"2026-03-12T07:52:28","slug":"truusk-barbar-tradgardsskjul-cykeltalt-med-rullande-dorr-dragkedja-metallram-mangsidig-forvaring-morkgra","status":"publish","type":"product","link":"https:\/\/truusk.store\/sv\/produkt\/truusk-barbar-tradgardsskjul-cykeltalt-med-rullande-dorr-dragkedja-metallram-mangsidig-forvaring-morkgra\/","title":{"rendered":"TRUUSK B\u00e4rbar Tr\u00e4dg\u00e5rdsskjul &#8211; Cykelt\u00e4lt med Rullande D\u00f6rr &#8211; Dragkedja &#8211; Metallram &#8211; M\u00e5ngsidig F\u00f6rvaring &#8211; M\u00f6rkgr\u00e5"},"content":{"rendered":"<p>St\u00f6rd av en \u00f6verfull terrass och orolig f\u00f6r dina cyklar och verktyg i det of\u00f6ruts\u00e4gbara v\u00e4dret? Den b\u00e4rbara redskapsboden fr\u00e5n [BRAND NAME] erbjuder ett rymligt och s\u00e4kert hem f\u00f6r dina saker. Den f\u00f6rst\u00e4rkta, galvaniserade ramen och den tjocka, vattent\u00e4ta PE-presenningen p\u00e5 garaget\u00e4ltet skyddar din utrustning och omvandlar din r\u00f6riga terrass till en organiserad, lugn tillflyktsort som du kan njuta av till fullo.<\/p>\n<p>Beskrivning:<\/p>\n<ul>\n<li> F\u00f6rb\u00e4ttrad, galvaniserad metallram med extra stag ger exceptionell stabilitet och skydd<\/li>\n<li> Cykelgaraget har f\u00f6rl\u00e4ngda kanter, markankare och rep f\u00f6r \u00f6kad stabilitet mot vind<\/li>\n<li> En f\u00f6rtjockad 200 g\/m\u00b2 plast\u00f6verdrag \u00e4r rivfast, vattent\u00e4t och h\u00e5ller dina f\u00f6rem\u00e5l torra<\/li>\n<li> Cykelgaragets stora inre erbjuder gott om f\u00f6rvaringsutrymme f\u00f6r stora f\u00f6rem\u00e5l eller en verkstad<\/li>\n<li> Upprullbara sidventiler och ett upprullbart dragkedjef\u00f6nster ger korsventilation<\/li>\n<li> Kan anv\u00e4ndas som garage, redskapsbod eller verkstad<\/li>\n<li> Ett par handskar ing\u00e5r f\u00f6r s\u00e4ker montering<\/li>\n<\/ul>\n<p> Tekniska data:<\/p>\n<ul>\n<li> F\u00e4rg: M\u00f6rkgr\u00e5<\/li>\n<li> Material: Plast, Metall<\/li>\n<li> Totala dimensioner: 300B x 300T x 210H cm<\/li>\n<li> Basdimensioner: 295L x 295B cm<\/li>\n<li> Inre dimensioner: 290B x 290T x 197H cm<\/li>\n<li> D\u00f6rrdimensioner: 166B x 172H cm<\/li>\n<li> F\u00f6nsterdimensioner: 47L x 40B cm<\/li>\n<li> Bredd p\u00e5 bottenkant: 15 cm<\/li>\n<li> Golvarea: 9 m\u00b2<\/li>\n<\/ul>\n<p> Leveransinneh\u00e5ll:<\/p>\n<ul>\n<li> 1 x Tr\u00e4dg\u00e5rdsexternt skjul f\u00f6r f\u00f6rvaring<\/li>\n<li> 4 x Jordspett<\/li>\n<li> 4 x F\u00f6rankringsrep<\/li>\n<li> 1 par handskar<\/li>\n<li> 1 x Bruksanvisning<\/li>\n<\/ul>\n","protected":false},"excerpt":{"rendered":"<p>St\u00f6rd av en \u00f6verfull terrass och orolig f\u00f6r dina cyklar och verktyg i det of\u00f6ruts\u00e4gbara v\u00e4dret? Den b\u00e4rbara redskapsboden fr\u00e5n&#8230;<\/p>\n","protected":false},"featured_media":102649,"template":"","meta":[],"product_brand":[],"product_cat":[1030,867,1103],"product_tag":[],"class_list":{"0":"post-102658","1":"product","2":"type-product","3":"status-publish","4":"has-post-thumbnail","6":"product_cat-bilaccessoarer","7":"product_cat-byggmarknad","8":"product_cat-taltgarage","10":"first","11":"instock","12":"sale","13":"taxable","14":"shipping-taxable","15":"purchasable","16":"product-type-simple"},"yoast_head":"<!-- This site is optimized with the Yoast SEO plugin v25.4 - https:\/\/yoast.com\/wordpress\/plugins\/seo\/ -->\n<title>TRUUSK B\u00e4rbar Tr\u00e4dg\u00e5rdsskjul - Cykelt\u00e4lt med Rullande D\u00f6rr - Dragkedja - Metallram - M\u00e5ngsidig F\u00f6rvaring - M\u00f6rkgr\u00e5 - TRUUSK - Hem, Tr\u00e4dg\u00e5rd &amp; Fritid<\/title>\n<meta name=\"robots\" content=\"index, follow, max-snippet:-1, max-image-preview:large, max-video-preview:-1\" \/>\n<link rel=\"canonical\" href=\"https:\/\/truusk.store\/sv\/produkt\/truusk-barbar-tradgardsskjul-cykeltalt-med-rullande-dorr-dragkedja-metallram-mangsidig-forvaring-morkgra\/\" \/>\n<meta property=\"og:locale\" content=\"sv_SE\" \/>\n<meta property=\"og:type\" content=\"article\" \/>\n<meta property=\"og:title\" content=\"TRUUSK B\u00e4rbar Tr\u00e4dg\u00e5rdsskjul - Cykelt\u00e4lt med Rullande D\u00f6rr - Dragkedja - Metallram - M\u00e5ngsidig F\u00f6rvaring - M\u00f6rkgr\u00e5 - TRUUSK - Hem, Tr\u00e4dg\u00e5rd &amp; Fritid\" \/>\n<meta property=\"og:description\" content=\"St\u00f6rd av en \u00f6verfull terrass och orolig f\u00f6r dina cyklar och verktyg i det of\u00f6ruts\u00e4gbara v\u00e4dret? Den b\u00e4rbara redskapsboden fr\u00e5n...\" \/>\n<meta property=\"og:url\" content=\"https:\/\/truusk.store\/sv\/produkt\/truusk-barbar-tradgardsskjul-cykeltalt-med-rullande-dorr-dragkedja-metallram-mangsidig-forvaring-morkgra\/\" \/>\n<meta property=\"og:site_name\" content=\"TRUUSK - Hem, Tr\u00e4dg\u00e5rd &amp; Fritid\" \/>\n<meta property=\"article:modified_time\" content=\"2026-03-12T07:52:28+00:00\" \/>\n<meta property=\"og:image\" content=\"https:\/\/i0.wp.com\/truusk.se\/wp-content\/uploads\/2026\/01\/barbar-tradgardsskjul-cykeltalt-rullande-dorr-med-dragkedja-metallram-mangsidig-forvaring-morkgra-1.webp?fit=2000%2C2000&ssl=1\" \/>\n\t<meta property=\"og:image:width\" content=\"2000\" \/>\n\t<meta property=\"og:image:height\" content=\"2000\" \/>\n\t<meta property=\"og:image:type\" content=\"image\/webp\" \/>\n<meta name=\"twitter:card\" content=\"summary_large_image\" \/>\n<meta name=\"twitter:label1\" content=\"Ber\u00e4knad l\u00e4stid\" \/>\n\t<meta name=\"twitter:data1\" content=\"1 minut\" \/>\n<!-- \/ Yoast SEO plugin. -->","yoast_head_json":{"title":"TRUUSK B\u00e4rbar Tr\u00e4dg\u00e5rdsskjul - Cykelt\u00e4lt med Rullande D\u00f6rr - Dragkedja - Metallram - M\u00e5ngsidig F\u00f6rvaring - M\u00f6rkgr\u00e5 - TRUUSK - Hem, Tr\u00e4dg\u00e5rd &amp; Fritid","robots":{"index":"index","follow":"follow","max-snippet":"max-snippet:-1","max-image-preview":"max-image-preview:large","max-video-preview":"max-video-preview:-1"},"canonical":"https:\/\/truusk.store\/sv\/produkt\/truusk-barbar-tradgardsskjul-cykeltalt-med-rullande-dorr-dragkedja-metallram-mangsidig-forvaring-morkgra\/","og_locale":"sv_SE","og_type":"article","og_title":"TRUUSK B\u00e4rbar Tr\u00e4dg\u00e5rdsskjul - Cykelt\u00e4lt med Rullande D\u00f6rr - Dragkedja - Metallram - M\u00e5ngsidig F\u00f6rvaring - M\u00f6rkgr\u00e5 - TRUUSK - Hem, Tr\u00e4dg\u00e5rd &amp; Fritid","og_description":"St\u00f6rd av en \u00f6verfull terrass och orolig f\u00f6r dina cyklar och verktyg i det of\u00f6ruts\u00e4gbara v\u00e4dret? Den b\u00e4rbara redskapsboden fr\u00e5n...","og_url":"https:\/\/truusk.store\/sv\/produkt\/truusk-barbar-tradgardsskjul-cykeltalt-med-rullande-dorr-dragkedja-metallram-mangsidig-forvaring-morkgra\/","og_site_name":"TRUUSK - Hem, Tr\u00e4dg\u00e5rd &amp; Fritid","article_modified_time":"2026-03-12T07:52:28+00:00","og_image":[{"width":2000,"height":2000,"url":"https:\/\/i0.wp.com\/truusk.se\/wp-content\/uploads\/2026\/01\/barbar-tradgardsskjul-cykeltalt-rullande-dorr-med-dragkedja-metallram-mangsidig-forvaring-morkgra-1.webp?fit=2000%2C2000&ssl=1","type":"image\/webp"}],"twitter_card":"summary_large_image","twitter_misc":{"Ber\u00e4knad l\u00e4stid":"1 minut"},"schema":{"@context":"https:\/\/schema.org","@graph":[{"@type":"WebPage","@id":"https:\/\/truusk.store\/sv\/produkt\/truusk-barbar-tradgardsskjul-cykeltalt-med-rullande-dorr-dragkedja-metallram-mangsidig-forvaring-morkgra\/","url":"https:\/\/truusk.store\/sv\/produkt\/truusk-barbar-tradgardsskjul-cykeltalt-med-rullande-dorr-dragkedja-metallram-mangsidig-forvaring-morkgra\/","name":"TRUUSK B\u00e4rbar Tr\u00e4dg\u00e5rdsskjul - Cykelt\u00e4lt med Rullande D\u00f6rr - Dragkedja - Metallram - M\u00e5ngsidig F\u00f6rvaring - M\u00f6rkgr\u00e5 - TRUUSK - Hem, Tr\u00e4dg\u00e5rd &amp; Fritid","isPartOf":{"@id":"https:\/\/truusk.store\/sv\/#website"},"primaryImageOfPage":{"@id":"https:\/\/truusk.store\/sv\/produkt\/truusk-barbar-tradgardsskjul-cykeltalt-med-rullande-dorr-dragkedja-metallram-mangsidig-forvaring-morkgra\/#primaryimage"},"image":{"@id":"https:\/\/truusk.store\/sv\/produkt\/truusk-barbar-tradgardsskjul-cykeltalt-med-rullande-dorr-dragkedja-metallram-mangsidig-forvaring-morkgra\/#primaryimage"},"thumbnailUrl":"https:\/\/i0.wp.com\/truusk.store\/wp-content\/uploads\/2026\/01\/barbar-tradgardsskjul-cykeltalt-rullande-dorr-med-dragkedja-metallram-mangsidig-forvaring-morkgra-1.webp?fit=2000%2C2000&ssl=1","datePublished":"2026-01-28T06:33:38+00:00","dateModified":"2026-03-12T07:52:28+00:00","breadcrumb":{"@id":"https:\/\/truusk.store\/sv\/produkt\/truusk-barbar-tradgardsskjul-cykeltalt-med-rullande-dorr-dragkedja-metallram-mangsidig-forvaring-morkgra\/#breadcrumb"},"inLanguage":"sv-SE","potentialAction":[{"@type":"ReadAction","target":["https:\/\/truusk.store\/sv\/produkt\/truusk-barbar-tradgardsskjul-cykeltalt-med-rullande-dorr-dragkedja-metallram-mangsidig-forvaring-morkgra\/"]}]},{"@type":"ImageObject","inLanguage":"sv-SE","@id":"https:\/\/truusk.store\/sv\/produkt\/truusk-barbar-tradgardsskjul-cykeltalt-med-rullande-dorr-dragkedja-metallram-mangsidig-forvaring-morkgra\/#primaryimage","url":"https:\/\/i0.wp.com\/truusk.store\/wp-content\/uploads\/2026\/01\/barbar-tradgardsskjul-cykeltalt-rullande-dorr-med-dragkedja-metallram-mangsidig-forvaring-morkgra-1.webp?fit=2000%2C2000&ssl=1","contentUrl":"https:\/\/i0.wp.com\/truusk.store\/wp-content\/uploads\/2026\/01\/barbar-tradgardsskjul-cykeltalt-rullande-dorr-med-dragkedja-metallram-mangsidig-forvaring-morkgra-1.webp?fit=2000%2C2000&ssl=1","width":2000,"height":2000},{"@type":"BreadcrumbList","@id":"https:\/\/truusk.store\/sv\/produkt\/truusk-barbar-tradgardsskjul-cykeltalt-med-rullande-dorr-dragkedja-metallram-mangsidig-forvaring-morkgra\/#breadcrumb","itemListElement":[{"@type":"ListItem","position":1,"name":"Home","item":"https:\/\/truusk.store\/sv\/"},{"@type":"ListItem","position":2,"name":"Shop","item":"https:\/\/truusk.store\/shop\/"},{"@type":"ListItem","position":3,"name":"TRUUSK B\u00e4rbar Tr\u00e4dg\u00e5rdsskjul &#8211; Cykelt\u00e4lt med Rullande D\u00f6rr &#8211; Dragkedja &#8211; Metallram &#8211; M\u00e5ngsidig F\u00f6rvaring &#8211; M\u00f6rkgr\u00e5"}]},{"@type":"WebSite","@id":"https:\/\/truusk.store\/sv\/#website","url":"https:\/\/truusk.store\/sv\/","name":"TRUUSK - Hem, Tr\u00e4dg\u00e5rd & Fritid","description":"","publisher":{"@id":"https:\/\/truusk.store\/sv\/#organization"},"potentialAction":[{"@type":"SearchAction","target":{"@type":"EntryPoint","urlTemplate":"https:\/\/truusk.store\/sv\/?s={search_term_string}"},"query-input":{"@type":"PropertyValueSpecification","valueRequired":true,"valueName":"search_term_string"}}],"inLanguage":"sv-SE"},{"@type":"Organization","@id":"https:\/\/truusk.store\/sv\/#organization","name":"TRUUSK - Hem, Tr\u00e4dg\u00e5rd & Fritid","url":"https:\/\/truusk.store\/sv\/","logo":{"@type":"ImageObject","inLanguage":"sv-SE","@id":"https:\/\/truusk.store\/sv\/#\/schema\/logo\/image\/","url":"https:\/\/i0.wp.com\/truusk.store\/wp-content\/uploads\/2026\/03\/cropped-TRUUSK.png?fit=2032%2C917&ssl=1","contentUrl":"https:\/\/i0.wp.com\/truusk.store\/wp-content\/uploads\/2026\/03\/cropped-TRUUSK.png?fit=2032%2C917&ssl=1","width":2032,"height":917,"caption":"TRUUSK - Hem, Tr\u00e4dg\u00e5rd & Fritid"},"image":{"@id":"https:\/\/truusk.store\/sv\/#\/schema\/logo\/image\/"}}]}},"jetpack_sharing_enabled":true,"_links":{"self":[{"href":"https:\/\/truusk.store\/sv\/wp-json\/wp\/v2\/product\/102658","targetHints":{"allow":["GET"]}}],"collection":[{"href":"https:\/\/truusk.store\/sv\/wp-json\/wp\/v2\/product"}],"about":[{"href":"https:\/\/truusk.store\/sv\/wp-json\/wp\/v2\/types\/product"}],"wp:featuredmedia":[{"embeddable":true,"href":"https:\/\/truusk.store\/sv\/wp-json\/wp\/v2\/media\/102649"}],"wp:attachment":[{"href":"https:\/\/truusk.store\/sv\/wp-json\/wp\/v2\/media?parent=102658"}],"wp:term":[{"taxonomy":"product_brand","embeddable":true,"href":"https:\/\/truusk.store\/sv\/wp-json\/wp\/v2\/product_brand?post=102658"},{"taxonomy":"product_cat","embeddable":true,"href":"https:\/\/truusk.store\/sv\/wp-json\/wp\/v2\/product_cat?post=102658"},{"taxonomy":"product_tag","embeddable":true,"href":"https:\/\/truusk.store\/sv\/wp-json\/wp\/v2\/product_tag?post=102658"}],"curies":[{"name":"wp","href":"https:\/\/api.w.org\/{rel}","templated":true}]}}