{"id":102708,"date":"2026-01-28T07:38:37","date_gmt":"2026-01-28T06:38:37","guid":{"rendered":"https:\/\/truusk.store\/product\/staende-hylla-badhylla-i-bambu-och-stal-med-4-hyllor-4-vanings-bokhylla-365-x-33-x-110-cm-natur\/"},"modified":"2026-03-12T08:52:31","modified_gmt":"2026-03-12T07:52:31","slug":"truusk-badhylla-i-bambu-och-stal-4-hyllor-365-x-33-x-110-cm-natur-hallbar-och-stilren","status":"publish","type":"product","link":"https:\/\/truusk.store\/sv\/produkt\/truusk-badhylla-i-bambu-och-stal-4-hyllor-365-x-33-x-110-cm-natur-hallbar-och-stilren\/","title":{"rendered":"TRUUSK Badhylla i Bambu och St\u00e5l &#8211; 4 Hyllor &#8211; 36,5 x 33 x 110 cm &#8211; Natur &#8211; H\u00e5llbar och Stilren"},"content":{"rendered":"<p>Lider du av kaotiska hallar och \u00f6verfulla badrum? Den dagliga jakten p\u00e5 de v\u00e4sentliga sakerna kan, s\u00e4rskilt med barn, d\u00e4r instabila hyllor utg\u00f6r en risk, vara stressande. [BRAND NAME] f\u00f6rvaringshylla skapar lugn och ordning. Naturlig bambu och robust st\u00e5l ger en avslappnad atmosf\u00e4r och den fyra v\u00e5ningar h\u00f6ga designen skapar ordning i dina rum. Det medf\u00f6ljande anti-tip-setet garanterar s\u00e4ker f\u00f6rankring av hyllan f\u00f6r optimal stabilitet och s\u00e4kerhet.<\/p>\n<p>Beskrivning:<\/p>\n<ul>\n<li> Erbjuder 4 niv\u00e5er av vertikal lagring f\u00f6r att maximera organisationen i sm\u00e5 utrymmen<\/li>\n<li> Kombinerar naturliga bambuhyllor med en stark, rostbest\u00e4ndig st\u00e5lram<\/li>\n<li> Inkluderar ett anti-tip-set som garanterar stabilitet och s\u00e4kerhet f\u00f6r din familj<\/li>\n<li> Den moderna minimalistiska designen passar l\u00e4tt in i olika inredningsstilar<\/li>\n<li> H\u00e5ller upp till 20 kg, varje hylla b\u00e4r en belastning p\u00e5 4 kg<\/li>\n<li> Den upph\u00f6jda designen m\u00f6jligg\u00f6r enkel reng\u00f6ring under med robotdammsugare<\/li>\n<li> Montering kr\u00e4vs, p\u00e5 bara 20 minuter med de medf\u00f6ljande klara instruktionerna<\/li>\n<\/ul>\n<p> Tekniska specifikationer:<\/p>\n<ul>\n<li> F\u00e4rg: Svart+Naturtr\u00e4<\/li>\n<li> Material: Bambu, St\u00e5l<\/li>\n<li> Totala dimensioner: 36,5B x 33D x 110H cm<\/li>\n<li> \u00d6vre hylla: 36,5B x 33D cm<\/li>\n<li> Nedre hylla (varje): 34B x 33D x 29H cm<\/li>\n<li> Avst\u00e5nd till golvet: 18,5H cm<\/li>\n<li> B\u00e4rf\u00f6rm\u00e5ga: 4 kg (per hylla), 20 kg (totalt)<\/li>\n<\/ul>\n<p>Leverans inneh\u00e5ller:<\/p>\n<ul>\n<li> 1 x F\u00f6rvaringshylla<\/li>\n<li> 1 x Bruksanvisning<\/li>\n<\/ul>\n","protected":false},"excerpt":{"rendered":"<p>Lider du av kaotiska hallar och \u00f6verfulla badrum? Den dagliga jakten p\u00e5 de v\u00e4sentliga sakerna kan, s\u00e4rskilt med barn, d\u00e4r&#8230;<\/p>\n","protected":false},"featured_media":102699,"template":"","meta":[],"product_brand":[],"product_cat":[977,872,871],"product_tag":[],"class_list":{"0":"post-102708","1":"product","2":"type-product","3":"status-publish","4":"has-post-thumbnail","6":"product_cat-bok-staende-hyllor","7":"product_cat-hemmakontor-arbetsplats","8":"product_cat-hus-hem","10":"first","11":"instock","12":"sale","13":"taxable","14":"shipping-taxable","15":"purchasable","16":"product-type-simple"},"yoast_head":"<!-- This site is optimized with the Yoast SEO plugin v25.4 - https:\/\/yoast.com\/wordpress\/plugins\/seo\/ -->\n<title>TRUUSK Badhylla i Bambu och St\u00e5l - 4 Hyllor - 36,5 x 33 x 110 cm - Natur - H\u00e5llbar och Stilren - TRUUSK - Hem, Tr\u00e4dg\u00e5rd &amp; Fritid<\/title>\n<meta name=\"robots\" content=\"index, follow, max-snippet:-1, max-image-preview:large, max-video-preview:-1\" \/>\n<link rel=\"canonical\" href=\"https:\/\/truusk.store\/sv\/produkt\/truusk-badhylla-i-bambu-och-stal-4-hyllor-365-x-33-x-110-cm-natur-hallbar-och-stilren\/\" \/>\n<meta property=\"og:locale\" content=\"sv_SE\" \/>\n<meta property=\"og:type\" content=\"article\" \/>\n<meta property=\"og:title\" content=\"TRUUSK Badhylla i Bambu och St\u00e5l - 4 Hyllor - 36,5 x 33 x 110 cm - Natur - H\u00e5llbar och Stilren - TRUUSK - Hem, Tr\u00e4dg\u00e5rd &amp; Fritid\" \/>\n<meta property=\"og:description\" content=\"Lider du av kaotiska hallar och \u00f6verfulla badrum? Den dagliga jakten p\u00e5 de v\u00e4sentliga sakerna kan, s\u00e4rskilt med barn, d\u00e4r...\" \/>\n<meta property=\"og:url\" content=\"https:\/\/truusk.store\/sv\/produkt\/truusk-badhylla-i-bambu-och-stal-4-hyllor-365-x-33-x-110-cm-natur-hallbar-och-stilren\/\" \/>\n<meta property=\"og:site_name\" content=\"TRUUSK - Hem, Tr\u00e4dg\u00e5rd &amp; Fritid\" \/>\n<meta property=\"article:modified_time\" content=\"2026-03-12T07:52:31+00:00\" \/>\n<meta property=\"og:image\" content=\"https:\/\/i0.wp.com\/truusk.se\/wp-content\/uploads\/2026\/01\/staende-hylla-badhylla-i-bambu-och-stal-med-4-hyllor-4-vanings-bokhylla-365-x-33-x-110-cm-natur-1.webp?fit=2000%2C2000&ssl=1\" \/>\n\t<meta property=\"og:image:width\" content=\"2000\" \/>\n\t<meta property=\"og:image:height\" content=\"2000\" \/>\n\t<meta property=\"og:image:type\" content=\"image\/webp\" \/>\n<meta name=\"twitter:card\" content=\"summary_large_image\" \/>\n<meta name=\"twitter:label1\" content=\"Ber\u00e4knad l\u00e4stid\" \/>\n\t<meta name=\"twitter:data1\" content=\"1 minut\" \/>\n<!-- \/ Yoast SEO plugin. -->","yoast_head_json":{"title":"TRUUSK Badhylla i Bambu och St\u00e5l - 4 Hyllor - 36,5 x 33 x 110 cm - Natur - H\u00e5llbar och Stilren - TRUUSK - Hem, Tr\u00e4dg\u00e5rd &amp; Fritid","robots":{"index":"index","follow":"follow","max-snippet":"max-snippet:-1","max-image-preview":"max-image-preview:large","max-video-preview":"max-video-preview:-1"},"canonical":"https:\/\/truusk.store\/sv\/produkt\/truusk-badhylla-i-bambu-och-stal-4-hyllor-365-x-33-x-110-cm-natur-hallbar-och-stilren\/","og_locale":"sv_SE","og_type":"article","og_title":"TRUUSK Badhylla i Bambu och St\u00e5l - 4 Hyllor - 36,5 x 33 x 110 cm - Natur - H\u00e5llbar och Stilren - TRUUSK - Hem, Tr\u00e4dg\u00e5rd &amp; Fritid","og_description":"Lider du av kaotiska hallar och \u00f6verfulla badrum? Den dagliga jakten p\u00e5 de v\u00e4sentliga sakerna kan, s\u00e4rskilt med barn, d\u00e4r...","og_url":"https:\/\/truusk.store\/sv\/produkt\/truusk-badhylla-i-bambu-och-stal-4-hyllor-365-x-33-x-110-cm-natur-hallbar-och-stilren\/","og_site_name":"TRUUSK - Hem, Tr\u00e4dg\u00e5rd &amp; Fritid","article_modified_time":"2026-03-12T07:52:31+00:00","og_image":[{"width":2000,"height":2000,"url":"https:\/\/i0.wp.com\/truusk.se\/wp-content\/uploads\/2026\/01\/staende-hylla-badhylla-i-bambu-och-stal-med-4-hyllor-4-vanings-bokhylla-365-x-33-x-110-cm-natur-1.webp?fit=2000%2C2000&ssl=1","type":"image\/webp"}],"twitter_card":"summary_large_image","twitter_misc":{"Ber\u00e4knad l\u00e4stid":"1 minut"},"schema":{"@context":"https:\/\/schema.org","@graph":[{"@type":"WebPage","@id":"https:\/\/truusk.store\/sv\/produkt\/truusk-badhylla-i-bambu-och-stal-4-hyllor-365-x-33-x-110-cm-natur-hallbar-och-stilren\/","url":"https:\/\/truusk.store\/sv\/produkt\/truusk-badhylla-i-bambu-och-stal-4-hyllor-365-x-33-x-110-cm-natur-hallbar-och-stilren\/","name":"TRUUSK Badhylla i Bambu och St\u00e5l - 4 Hyllor - 36,5 x 33 x 110 cm - Natur - H\u00e5llbar och Stilren - TRUUSK - Hem, Tr\u00e4dg\u00e5rd &amp; Fritid","isPartOf":{"@id":"https:\/\/truusk.store\/sv\/#website"},"primaryImageOfPage":{"@id":"https:\/\/truusk.store\/sv\/produkt\/truusk-badhylla-i-bambu-och-stal-4-hyllor-365-x-33-x-110-cm-natur-hallbar-och-stilren\/#primaryimage"},"image":{"@id":"https:\/\/truusk.store\/sv\/produkt\/truusk-badhylla-i-bambu-och-stal-4-hyllor-365-x-33-x-110-cm-natur-hallbar-och-stilren\/#primaryimage"},"thumbnailUrl":"https:\/\/i0.wp.com\/truusk.store\/wp-content\/uploads\/2026\/01\/staende-hylla-badhylla-i-bambu-och-stal-med-4-hyllor-4-vanings-bokhylla-365-x-33-x-110-cm-natur-1.webp?fit=2000%2C2000&ssl=1","datePublished":"2026-01-28T06:38:37+00:00","dateModified":"2026-03-12T07:52:31+00:00","breadcrumb":{"@id":"https:\/\/truusk.store\/sv\/produkt\/truusk-badhylla-i-bambu-och-stal-4-hyllor-365-x-33-x-110-cm-natur-hallbar-och-stilren\/#breadcrumb"},"inLanguage":"sv-SE","potentialAction":[{"@type":"ReadAction","target":["https:\/\/truusk.store\/sv\/produkt\/truusk-badhylla-i-bambu-och-stal-4-hyllor-365-x-33-x-110-cm-natur-hallbar-och-stilren\/"]}]},{"@type":"ImageObject","inLanguage":"sv-SE","@id":"https:\/\/truusk.store\/sv\/produkt\/truusk-badhylla-i-bambu-och-stal-4-hyllor-365-x-33-x-110-cm-natur-hallbar-och-stilren\/#primaryimage","url":"https:\/\/i0.wp.com\/truusk.store\/wp-content\/uploads\/2026\/01\/staende-hylla-badhylla-i-bambu-och-stal-med-4-hyllor-4-vanings-bokhylla-365-x-33-x-110-cm-natur-1.webp?fit=2000%2C2000&ssl=1","contentUrl":"https:\/\/i0.wp.com\/truusk.store\/wp-content\/uploads\/2026\/01\/staende-hylla-badhylla-i-bambu-och-stal-med-4-hyllor-4-vanings-bokhylla-365-x-33-x-110-cm-natur-1.webp?fit=2000%2C2000&ssl=1","width":2000,"height":2000},{"@type":"BreadcrumbList","@id":"https:\/\/truusk.store\/sv\/produkt\/truusk-badhylla-i-bambu-och-stal-4-hyllor-365-x-33-x-110-cm-natur-hallbar-och-stilren\/#breadcrumb","itemListElement":[{"@type":"ListItem","position":1,"name":"Home","item":"https:\/\/truusk.store\/sv\/"},{"@type":"ListItem","position":2,"name":"Shop","item":"https:\/\/truusk.store\/shop\/"},{"@type":"ListItem","position":3,"name":"TRUUSK Badhylla i Bambu och St\u00e5l &#8211; 4 Hyllor &#8211; 36,5 x 33 x 110 cm &#8211; Natur &#8211; H\u00e5llbar och Stilren"}]},{"@type":"WebSite","@id":"https:\/\/truusk.store\/sv\/#website","url":"https:\/\/truusk.store\/sv\/","name":"TRUUSK - Hem, Tr\u00e4dg\u00e5rd & Fritid","description":"","publisher":{"@id":"https:\/\/truusk.store\/sv\/#organization"},"potentialAction":[{"@type":"SearchAction","target":{"@type":"EntryPoint","urlTemplate":"https:\/\/truusk.store\/sv\/?s={search_term_string}"},"query-input":{"@type":"PropertyValueSpecification","valueRequired":true,"valueName":"search_term_string"}}],"inLanguage":"sv-SE"},{"@type":"Organization","@id":"https:\/\/truusk.store\/sv\/#organization","name":"TRUUSK - Hem, Tr\u00e4dg\u00e5rd & Fritid","url":"https:\/\/truusk.store\/sv\/","logo":{"@type":"ImageObject","inLanguage":"sv-SE","@id":"https:\/\/truusk.store\/sv\/#\/schema\/logo\/image\/","url":"https:\/\/i0.wp.com\/truusk.store\/wp-content\/uploads\/2026\/03\/cropped-TRUUSK.png?fit=2032%2C917&ssl=1","contentUrl":"https:\/\/i0.wp.com\/truusk.store\/wp-content\/uploads\/2026\/03\/cropped-TRUUSK.png?fit=2032%2C917&ssl=1","width":2032,"height":917,"caption":"TRUUSK - Hem, Tr\u00e4dg\u00e5rd & Fritid"},"image":{"@id":"https:\/\/truusk.store\/sv\/#\/schema\/logo\/image\/"}}]}},"jetpack_sharing_enabled":true,"_links":{"self":[{"href":"https:\/\/truusk.store\/sv\/wp-json\/wp\/v2\/product\/102708","targetHints":{"allow":["GET"]}}],"collection":[{"href":"https:\/\/truusk.store\/sv\/wp-json\/wp\/v2\/product"}],"about":[{"href":"https:\/\/truusk.store\/sv\/wp-json\/wp\/v2\/types\/product"}],"wp:featuredmedia":[{"embeddable":true,"href":"https:\/\/truusk.store\/sv\/wp-json\/wp\/v2\/media\/102699"}],"wp:attachment":[{"href":"https:\/\/truusk.store\/sv\/wp-json\/wp\/v2\/media?parent=102708"}],"wp:term":[{"taxonomy":"product_brand","embeddable":true,"href":"https:\/\/truusk.store\/sv\/wp-json\/wp\/v2\/product_brand?post=102708"},{"taxonomy":"product_cat","embeddable":true,"href":"https:\/\/truusk.store\/sv\/wp-json\/wp\/v2\/product_cat?post=102708"},{"taxonomy":"product_tag","embeddable":true,"href":"https:\/\/truusk.store\/sv\/wp-json\/wp\/v2\/product_tag?post=102708"}],"curies":[{"name":"wp","href":"https:\/\/api.w.org\/{rel}","templated":true}]}}