{"id":102728,"date":"2026-01-28T07:40:42","date_gmt":"2026-01-28T06:40:42","guid":{"rendered":"https:\/\/truusk.store\/product\/4-delad-rumsavdelare-hopfallbar-boho-design-tropiskt-motiv-fristaende-rumsavdelare-traram-gron\/"},"modified":"2026-03-12T08:52:35","modified_gmt":"2026-03-12T07:52:35","slug":"truusk-4-delad-rumsavdelare-hopfallbar-boho-design-tropiskt-motiv-fristaende-traram-gron","status":"publish","type":"product","link":"https:\/\/truusk.store\/sv\/produkt\/truusk-4-delad-rumsavdelare-hopfallbar-boho-design-tropiskt-motiv-fristaende-traram-gron\/","title":{"rendered":"TRUUSK 4-delad Rumsavdelare &#8211; Hopf\u00e4llbar &#8211; Boho-design &#8211; Tropiskt Motiv &#8211; Frist\u00e5ende &#8211; Tr\u00e4ram &#8211; Gr\u00f6n"},"content":{"rendered":"<p>Har du problem med ett rum utan karakt\u00e4r och privatliv? I \u00f6ppna utrymmen \u00e4r det sv\u00e5rt att koncentrera sig eller koppla av. [BRAND NAME] rumsavdelare med fyra paneler erbjuder omedelbart ett privat h\u00f6rn. Veckla ut sk\u00e4rmen med palmtema f\u00f6r att skapa din arbetsplats eller en mysig boho-h\u00f6rna. Tack vare flexibla g\u00e5ngj\u00e4rn kan du omforma rummet som du vill och ta med funktion och tropisk atmosf\u00e4r hem.<\/p>\n<p>Beskrivning:<\/p>\n<ul>\n<li> Fyra panelers design skapar personligt utrymme eller delar upp rum<\/li>\n<li> Med en livlig palmbladsutskrift som ger en frisk, tropisk atmosf\u00e4r \u00f6verallt<\/li>\n<li> Tillverkad med en ram av massivt furutr\u00e4 f\u00f6r f\u00f6rb\u00e4ttrad stabilitet och h\u00e5llbarhet<\/li>\n<li> Tillverkad av non-woven material f\u00f6r l\u00e5ngvarig anv\u00e4ndning och enkel sk\u00f6tsel<\/li>\n<li> Kan f\u00e4llas ihop till en smal profil, vilket underl\u00e4ttar f\u00f6rvaring<\/li>\n<li> Idealisk f\u00f6r olika rum som vardagsrum, sovrum eller kontor<\/li>\n<li> Levereras helt monterad, l\u00e4tt design f\u00f6r enkel f\u00f6rflyttning och omedelbar installation<\/li>\n<\/ul>\n<p> Tekniska specifikationer:<\/p>\n<ul>\n<li> F\u00e4rg: Naturtr\u00e4+Gr\u00f6n<\/li>\n<li> Material: Non-woven, Furutr\u00e4<\/li>\n<li> Totala dimensioner: 160L x 1,8B x 170H cm<\/li>\n<li> Storlek p\u00e5 enskild panel: 170L x 1,8B x 40H cm<\/li>\n<li> Storlek n\u00e4r den \u00e4r ihopf\u00e4lld: 170L x 7,2B x 40H cm<\/li>\n<\/ul>\n<p>Leveransinneh\u00e5ll:<\/p>\n<ul>\n<li> 1 x Rumsavdelare<\/li>\n<li> 1 x Bruksanvisning<\/li>\n<\/ul>\n","protected":false},"excerpt":{"rendered":"<p>Har du problem med ett rum utan karakt\u00e4r och privatliv? I \u00f6ppna utrymmen \u00e4r det sv\u00e5rt att koncentrera sig eller&#8230;<\/p>\n","protected":false},"featured_media":102716,"template":"","meta":[],"product_brand":[],"product_cat":[962,871,1018],"product_tag":[],"class_list":{"0":"post-102728","1":"product","2":"type-product","3":"status-publish","4":"has-post-thumbnail","6":"product_cat-dekoration","7":"product_cat-hus-hem","8":"product_cat-rumsdelare-paravent","10":"first","11":"instock","12":"sale","13":"taxable","14":"shipping-taxable","15":"purchasable","16":"product-type-simple"},"yoast_head":"<!-- This site is optimized with the Yoast SEO plugin v25.4 - https:\/\/yoast.com\/wordpress\/plugins\/seo\/ -->\n<title>TRUUSK 4-delad Rumsavdelare - Hopf\u00e4llbar - Boho-design - Tropiskt Motiv - Frist\u00e5ende - Tr\u00e4ram - Gr\u00f6n - TRUUSK - Hem, Tr\u00e4dg\u00e5rd &amp; Fritid<\/title>\n<meta name=\"robots\" content=\"index, follow, max-snippet:-1, max-image-preview:large, max-video-preview:-1\" \/>\n<link rel=\"canonical\" href=\"https:\/\/truusk.store\/sv\/produkt\/truusk-4-delad-rumsavdelare-hopfallbar-boho-design-tropiskt-motiv-fristaende-traram-gron\/\" \/>\n<meta property=\"og:locale\" content=\"sv_SE\" \/>\n<meta property=\"og:type\" content=\"article\" \/>\n<meta property=\"og:title\" content=\"TRUUSK 4-delad Rumsavdelare - Hopf\u00e4llbar - Boho-design - Tropiskt Motiv - Frist\u00e5ende - Tr\u00e4ram - Gr\u00f6n - TRUUSK - Hem, Tr\u00e4dg\u00e5rd &amp; Fritid\" \/>\n<meta property=\"og:description\" content=\"Har du problem med ett rum utan karakt\u00e4r och privatliv? I \u00f6ppna utrymmen \u00e4r det sv\u00e5rt att koncentrera sig eller...\" \/>\n<meta property=\"og:url\" content=\"https:\/\/truusk.store\/sv\/produkt\/truusk-4-delad-rumsavdelare-hopfallbar-boho-design-tropiskt-motiv-fristaende-traram-gron\/\" \/>\n<meta property=\"og:site_name\" content=\"TRUUSK - Hem, Tr\u00e4dg\u00e5rd &amp; Fritid\" \/>\n<meta property=\"article:modified_time\" content=\"2026-03-12T07:52:35+00:00\" \/>\n<meta property=\"og:image\" content=\"https:\/\/i0.wp.com\/truusk.se\/wp-content\/uploads\/2026\/01\/4-delad-rumsavdelare-hopfallbar-boho-design-tropiskt-motiv-fristaende-rumsavdelare-traram-gron-1.webp?fit=2000%2C2000&ssl=1\" \/>\n\t<meta property=\"og:image:width\" content=\"2000\" \/>\n\t<meta property=\"og:image:height\" content=\"2000\" \/>\n\t<meta property=\"og:image:type\" content=\"image\/webp\" \/>\n<meta name=\"twitter:card\" content=\"summary_large_image\" \/>\n<meta name=\"twitter:label1\" content=\"Ber\u00e4knad l\u00e4stid\" \/>\n\t<meta name=\"twitter:data1\" content=\"1 minut\" \/>\n<!-- \/ Yoast SEO plugin. -->","yoast_head_json":{"title":"TRUUSK 4-delad Rumsavdelare - Hopf\u00e4llbar - Boho-design - Tropiskt Motiv - Frist\u00e5ende - Tr\u00e4ram - Gr\u00f6n - TRUUSK - Hem, Tr\u00e4dg\u00e5rd &amp; Fritid","robots":{"index":"index","follow":"follow","max-snippet":"max-snippet:-1","max-image-preview":"max-image-preview:large","max-video-preview":"max-video-preview:-1"},"canonical":"https:\/\/truusk.store\/sv\/produkt\/truusk-4-delad-rumsavdelare-hopfallbar-boho-design-tropiskt-motiv-fristaende-traram-gron\/","og_locale":"sv_SE","og_type":"article","og_title":"TRUUSK 4-delad Rumsavdelare - Hopf\u00e4llbar - Boho-design - Tropiskt Motiv - Frist\u00e5ende - Tr\u00e4ram - Gr\u00f6n - TRUUSK - Hem, Tr\u00e4dg\u00e5rd &amp; Fritid","og_description":"Har du problem med ett rum utan karakt\u00e4r och privatliv? I \u00f6ppna utrymmen \u00e4r det sv\u00e5rt att koncentrera sig eller...","og_url":"https:\/\/truusk.store\/sv\/produkt\/truusk-4-delad-rumsavdelare-hopfallbar-boho-design-tropiskt-motiv-fristaende-traram-gron\/","og_site_name":"TRUUSK - Hem, Tr\u00e4dg\u00e5rd &amp; Fritid","article_modified_time":"2026-03-12T07:52:35+00:00","og_image":[{"width":2000,"height":2000,"url":"https:\/\/i0.wp.com\/truusk.se\/wp-content\/uploads\/2026\/01\/4-delad-rumsavdelare-hopfallbar-boho-design-tropiskt-motiv-fristaende-rumsavdelare-traram-gron-1.webp?fit=2000%2C2000&ssl=1","type":"image\/webp"}],"twitter_card":"summary_large_image","twitter_misc":{"Ber\u00e4knad l\u00e4stid":"1 minut"},"schema":{"@context":"https:\/\/schema.org","@graph":[{"@type":"WebPage","@id":"https:\/\/truusk.store\/sv\/produkt\/truusk-4-delad-rumsavdelare-hopfallbar-boho-design-tropiskt-motiv-fristaende-traram-gron\/","url":"https:\/\/truusk.store\/sv\/produkt\/truusk-4-delad-rumsavdelare-hopfallbar-boho-design-tropiskt-motiv-fristaende-traram-gron\/","name":"TRUUSK 4-delad Rumsavdelare - Hopf\u00e4llbar - Boho-design - Tropiskt Motiv - Frist\u00e5ende - Tr\u00e4ram - Gr\u00f6n - TRUUSK - Hem, Tr\u00e4dg\u00e5rd &amp; Fritid","isPartOf":{"@id":"https:\/\/truusk.store\/sv\/#website"},"primaryImageOfPage":{"@id":"https:\/\/truusk.store\/sv\/produkt\/truusk-4-delad-rumsavdelare-hopfallbar-boho-design-tropiskt-motiv-fristaende-traram-gron\/#primaryimage"},"image":{"@id":"https:\/\/truusk.store\/sv\/produkt\/truusk-4-delad-rumsavdelare-hopfallbar-boho-design-tropiskt-motiv-fristaende-traram-gron\/#primaryimage"},"thumbnailUrl":"https:\/\/i0.wp.com\/truusk.store\/wp-content\/uploads\/2026\/01\/4-delad-rumsavdelare-hopfallbar-boho-design-tropiskt-motiv-fristaende-rumsavdelare-traram-gron-1.webp?fit=2000%2C2000&ssl=1","datePublished":"2026-01-28T06:40:42+00:00","dateModified":"2026-03-12T07:52:35+00:00","breadcrumb":{"@id":"https:\/\/truusk.store\/sv\/produkt\/truusk-4-delad-rumsavdelare-hopfallbar-boho-design-tropiskt-motiv-fristaende-traram-gron\/#breadcrumb"},"inLanguage":"sv-SE","potentialAction":[{"@type":"ReadAction","target":["https:\/\/truusk.store\/sv\/produkt\/truusk-4-delad-rumsavdelare-hopfallbar-boho-design-tropiskt-motiv-fristaende-traram-gron\/"]}]},{"@type":"ImageObject","inLanguage":"sv-SE","@id":"https:\/\/truusk.store\/sv\/produkt\/truusk-4-delad-rumsavdelare-hopfallbar-boho-design-tropiskt-motiv-fristaende-traram-gron\/#primaryimage","url":"https:\/\/i0.wp.com\/truusk.store\/wp-content\/uploads\/2026\/01\/4-delad-rumsavdelare-hopfallbar-boho-design-tropiskt-motiv-fristaende-rumsavdelare-traram-gron-1.webp?fit=2000%2C2000&ssl=1","contentUrl":"https:\/\/i0.wp.com\/truusk.store\/wp-content\/uploads\/2026\/01\/4-delad-rumsavdelare-hopfallbar-boho-design-tropiskt-motiv-fristaende-rumsavdelare-traram-gron-1.webp?fit=2000%2C2000&ssl=1","width":2000,"height":2000},{"@type":"BreadcrumbList","@id":"https:\/\/truusk.store\/sv\/produkt\/truusk-4-delad-rumsavdelare-hopfallbar-boho-design-tropiskt-motiv-fristaende-traram-gron\/#breadcrumb","itemListElement":[{"@type":"ListItem","position":1,"name":"Home","item":"https:\/\/truusk.store\/sv\/"},{"@type":"ListItem","position":2,"name":"Shop","item":"https:\/\/truusk.store\/shop\/"},{"@type":"ListItem","position":3,"name":"TRUUSK 4-delad Rumsavdelare &#8211; Hopf\u00e4llbar &#8211; Boho-design &#8211; Tropiskt Motiv &#8211; Frist\u00e5ende &#8211; Tr\u00e4ram &#8211; Gr\u00f6n"}]},{"@type":"WebSite","@id":"https:\/\/truusk.store\/sv\/#website","url":"https:\/\/truusk.store\/sv\/","name":"TRUUSK - Hem, Tr\u00e4dg\u00e5rd & Fritid","description":"","publisher":{"@id":"https:\/\/truusk.store\/sv\/#organization"},"potentialAction":[{"@type":"SearchAction","target":{"@type":"EntryPoint","urlTemplate":"https:\/\/truusk.store\/sv\/?s={search_term_string}"},"query-input":{"@type":"PropertyValueSpecification","valueRequired":true,"valueName":"search_term_string"}}],"inLanguage":"sv-SE"},{"@type":"Organization","@id":"https:\/\/truusk.store\/sv\/#organization","name":"TRUUSK - Hem, Tr\u00e4dg\u00e5rd & Fritid","url":"https:\/\/truusk.store\/sv\/","logo":{"@type":"ImageObject","inLanguage":"sv-SE","@id":"https:\/\/truusk.store\/sv\/#\/schema\/logo\/image\/","url":"https:\/\/i0.wp.com\/truusk.store\/wp-content\/uploads\/2026\/03\/cropped-TRUUSK.png?fit=2032%2C917&ssl=1","contentUrl":"https:\/\/i0.wp.com\/truusk.store\/wp-content\/uploads\/2026\/03\/cropped-TRUUSK.png?fit=2032%2C917&ssl=1","width":2032,"height":917,"caption":"TRUUSK - Hem, Tr\u00e4dg\u00e5rd & Fritid"},"image":{"@id":"https:\/\/truusk.store\/sv\/#\/schema\/logo\/image\/"}}]}},"jetpack_sharing_enabled":true,"_links":{"self":[{"href":"https:\/\/truusk.store\/sv\/wp-json\/wp\/v2\/product\/102728","targetHints":{"allow":["GET"]}}],"collection":[{"href":"https:\/\/truusk.store\/sv\/wp-json\/wp\/v2\/product"}],"about":[{"href":"https:\/\/truusk.store\/sv\/wp-json\/wp\/v2\/types\/product"}],"wp:featuredmedia":[{"embeddable":true,"href":"https:\/\/truusk.store\/sv\/wp-json\/wp\/v2\/media\/102716"}],"wp:attachment":[{"href":"https:\/\/truusk.store\/sv\/wp-json\/wp\/v2\/media?parent=102728"}],"wp:term":[{"taxonomy":"product_brand","embeddable":true,"href":"https:\/\/truusk.store\/sv\/wp-json\/wp\/v2\/product_brand?post=102728"},{"taxonomy":"product_cat","embeddable":true,"href":"https:\/\/truusk.store\/sv\/wp-json\/wp\/v2\/product_cat?post=102728"},{"taxonomy":"product_tag","embeddable":true,"href":"https:\/\/truusk.store\/sv\/wp-json\/wp\/v2\/product_tag?post=102728"}],"curies":[{"name":"wp","href":"https:\/\/api.w.org\/{rel}","templated":true}]}}