{"id":102738,"date":"2026-01-28T07:41:51","date_gmt":"2026-01-28T06:41:51","guid":{"rendered":"https:\/\/truusk.store\/product\/2-sits-soffa-liten-chenille-soffa-med-vingrygg-tjock-sits-gummitrafotter-gra\/"},"modified":"2026-03-12T08:52:36","modified_gmt":"2026-03-12T07:52:36","slug":"truusk-hundvagn-och-kattvagn-hopfallbar-med-regnskydd-natoppningar-kudde-for-hundar-och-katter-upp-till-10-kg-khaki-2","status":"publish","type":"product","link":"https:\/\/truusk.store\/sv\/produkt\/truusk-hundvagn-och-kattvagn-hopfallbar-med-regnskydd-natoppningar-kudde-for-hundar-och-katter-upp-till-10-kg-khaki-2\/","title":{"rendered":"TRUUSK Hundvagn och Kattvagn &#8211; Hopf\u00e4llbar med Regnskydd &#8211; N\u00e4t\u00f6ppningar &#8211; Kudde &#8211; F\u00f6r Hundar och Katter upp till 10 kg &#8211; Khaki"},"content":{"rendered":"<p>G\u00f6r ditt vardagsrum \u00e4nnu mysigare med [BRAND NAME] 2-sitssoffa! Kompakt med endast 117 cm bredd, perfekt f\u00f6r sm\u00e5 l\u00e4genheter eller studior. Den tjocka, skumfyllda sittytan med mjukt chenille\u00f6verdrag inbjuder till filmkv\u00e4llar och avslappnade samtal. Tack vare vingryggdesignen och de stabila gummibentr\u00e4benen p\u00e5 soffan kombinerar den komfort, stil och h\u00e5llbarhet p\u00e5 ett elegant s\u00e4tt.<\/p>\n<p>Beskrivning:<\/p>\n<ul>\n<li> Kompakt design sparar utrymme i l\u00e4genheter, studior eller sovrum<\/li>\n<li> 23 cm tjock skumsits ger optimal komfort vid l\u00e5nga sittperioder<\/li>\n<li> Chenille-tyg erbjuder en mjuk och stilfull stoppning<\/li>\n<li> Vingryggdesignen p\u00e5 soffan ger st\u00f6d f\u00f6r h\u00e5llningen och en mer bekv\u00e4m sittupplevelse<\/li>\n<li> Inneh\u00e5ller tv\u00e5 kuddar som kan anpassas individuellt till varje position<\/li>\n<li> F\u00f6rst\u00e4rkta gummibentr\u00e4ben \u00f6kar h\u00e5llbarheten och l\u00e5ngsiktig stabilitet<\/li>\n<li> Justerbara fotdynor p\u00e5 2-sitssoffan ger stabilitet p\u00e5 oj\u00e4mna golv<\/li>\n<li> Montering kr\u00e4vs<\/li>\n<\/ul>\n<p> Tekniska data:<\/p>\n<ul>\n<li> F\u00e4rg: Gr\u00e5+Naturtr\u00e4<\/li>\n<li> Material: Chenille (100% Polyester), skum, flerskiktsplatta, gummibentr\u00e4<\/li>\n<li> Totala m\u00e5tt: 117B x 65D x 78,5H cm<\/li>\n<li> Sitsstorlek: 112B x 50D x 48H cm<\/li>\n<li> Sittjocklek: 23 cm<\/li>\n<li> Ryggstorlek: 117B x 38H cm<\/li>\n<li> Ryggtjocklek: 10 cm<\/li>\n<li> Kuddstorlek: 43L x 33B x 13D cm<\/li>\n<li> Benh\u00f6jd: 24 cm<\/li>\n<li> Belastningskapacitet: 220 kg<\/li>\n<\/ul>\n<p>Leveransinneh\u00e5ll:<\/p>\n<ul>\n<li> 1 x 2-sitssoffa<\/li>\n<li> 1 x bruksanvisning<\/li>\n<\/ul>\n","protected":false},"excerpt":{"rendered":"<p>G\u00f6r ditt vardagsrum \u00e4nnu mysigare med [BRAND NAME] 2-sitssoffa! Kompakt med endast 117 cm bredd, perfekt f\u00f6r sm\u00e5 l\u00e4genheter eller&#8230;<\/p>\n","protected":false},"featured_media":102729,"template":"","meta":[],"product_brand":[],"product_cat":[871,937,910,974],"product_tag":[],"class_list":{"0":"post-102738","1":"product","2":"type-product","3":"status-publish","4":"has-post-thumbnail","6":"product_cat-hus-hem","7":"product_cat-soffor","8":"product_cat-vardagsrum","9":"product_cat-zweisitzer","11":"first","12":"instock","13":"sale","14":"taxable","15":"shipping-taxable","16":"purchasable","17":"product-type-simple"},"yoast_head":"<!-- This site is optimized with the Yoast SEO plugin v25.4 - https:\/\/yoast.com\/wordpress\/plugins\/seo\/ -->\n<title>TRUUSK Hundvagn och Kattvagn - Hopf\u00e4llbar med Regnskydd - N\u00e4t\u00f6ppningar - Kudde - F\u00f6r Hundar och Katter upp till 10 kg - Khaki - TRUUSK - Hem, Tr\u00e4dg\u00e5rd &amp; Fritid<\/title>\n<meta name=\"robots\" content=\"index, follow, max-snippet:-1, max-image-preview:large, max-video-preview:-1\" \/>\n<link rel=\"canonical\" href=\"https:\/\/truusk.store\/sv\/produkt\/truusk-hundvagn-och-kattvagn-hopfallbar-med-regnskydd-natoppningar-kudde-for-hundar-och-katter-upp-till-10-kg-khaki-2\/\" \/>\n<meta property=\"og:locale\" content=\"sv_SE\" \/>\n<meta property=\"og:type\" content=\"article\" \/>\n<meta property=\"og:title\" content=\"TRUUSK Hundvagn och Kattvagn - Hopf\u00e4llbar med Regnskydd - N\u00e4t\u00f6ppningar - Kudde - F\u00f6r Hundar och Katter upp till 10 kg - Khaki - TRUUSK - Hem, Tr\u00e4dg\u00e5rd &amp; Fritid\" \/>\n<meta property=\"og:description\" content=\"G\u00f6r ditt vardagsrum \u00e4nnu mysigare med [BRAND NAME] 2-sitssoffa! Kompakt med endast 117 cm bredd, perfekt f\u00f6r sm\u00e5 l\u00e4genheter eller...\" \/>\n<meta property=\"og:url\" content=\"https:\/\/truusk.store\/sv\/produkt\/truusk-hundvagn-och-kattvagn-hopfallbar-med-regnskydd-natoppningar-kudde-for-hundar-och-katter-upp-till-10-kg-khaki-2\/\" \/>\n<meta property=\"og:site_name\" content=\"TRUUSK - Hem, Tr\u00e4dg\u00e5rd &amp; Fritid\" \/>\n<meta property=\"article:modified_time\" content=\"2026-03-12T07:52:36+00:00\" \/>\n<meta property=\"og:image\" content=\"https:\/\/i0.wp.com\/truusk.se\/wp-content\/uploads\/2026\/01\/2-sits-soffa-liten-chenille-soffa-med-vingrygg-tjock-sits-gummitrafotter-gra-1.webp?fit=2000%2C2000&ssl=1\" \/>\n\t<meta property=\"og:image:width\" content=\"2000\" \/>\n\t<meta property=\"og:image:height\" content=\"2000\" \/>\n\t<meta property=\"og:image:type\" content=\"image\/webp\" \/>\n<meta name=\"twitter:card\" content=\"summary_large_image\" \/>\n<meta name=\"twitter:label1\" content=\"Ber\u00e4knad l\u00e4stid\" \/>\n\t<meta name=\"twitter:data1\" content=\"1 minut\" \/>\n<!-- \/ Yoast SEO plugin. -->","yoast_head_json":{"title":"TRUUSK Hundvagn och Kattvagn - Hopf\u00e4llbar med Regnskydd - N\u00e4t\u00f6ppningar - Kudde - F\u00f6r Hundar och Katter upp till 10 kg - Khaki - TRUUSK - Hem, Tr\u00e4dg\u00e5rd &amp; Fritid","robots":{"index":"index","follow":"follow","max-snippet":"max-snippet:-1","max-image-preview":"max-image-preview:large","max-video-preview":"max-video-preview:-1"},"canonical":"https:\/\/truusk.store\/sv\/produkt\/truusk-hundvagn-och-kattvagn-hopfallbar-med-regnskydd-natoppningar-kudde-for-hundar-och-katter-upp-till-10-kg-khaki-2\/","og_locale":"sv_SE","og_type":"article","og_title":"TRUUSK Hundvagn och Kattvagn - Hopf\u00e4llbar med Regnskydd - N\u00e4t\u00f6ppningar - Kudde - F\u00f6r Hundar och Katter upp till 10 kg - Khaki - TRUUSK - Hem, Tr\u00e4dg\u00e5rd &amp; Fritid","og_description":"G\u00f6r ditt vardagsrum \u00e4nnu mysigare med [BRAND NAME] 2-sitssoffa! Kompakt med endast 117 cm bredd, perfekt f\u00f6r sm\u00e5 l\u00e4genheter eller...","og_url":"https:\/\/truusk.store\/sv\/produkt\/truusk-hundvagn-och-kattvagn-hopfallbar-med-regnskydd-natoppningar-kudde-for-hundar-och-katter-upp-till-10-kg-khaki-2\/","og_site_name":"TRUUSK - Hem, Tr\u00e4dg\u00e5rd &amp; Fritid","article_modified_time":"2026-03-12T07:52:36+00:00","og_image":[{"width":2000,"height":2000,"url":"https:\/\/i0.wp.com\/truusk.se\/wp-content\/uploads\/2026\/01\/2-sits-soffa-liten-chenille-soffa-med-vingrygg-tjock-sits-gummitrafotter-gra-1.webp?fit=2000%2C2000&ssl=1","type":"image\/webp"}],"twitter_card":"summary_large_image","twitter_misc":{"Ber\u00e4knad l\u00e4stid":"1 minut"},"schema":{"@context":"https:\/\/schema.org","@graph":[{"@type":"WebPage","@id":"https:\/\/truusk.store\/sv\/produkt\/truusk-hundvagn-och-kattvagn-hopfallbar-med-regnskydd-natoppningar-kudde-for-hundar-och-katter-upp-till-10-kg-khaki-2\/","url":"https:\/\/truusk.store\/sv\/produkt\/truusk-hundvagn-och-kattvagn-hopfallbar-med-regnskydd-natoppningar-kudde-for-hundar-och-katter-upp-till-10-kg-khaki-2\/","name":"TRUUSK Hundvagn och Kattvagn - Hopf\u00e4llbar med Regnskydd - N\u00e4t\u00f6ppningar - Kudde - F\u00f6r Hundar och Katter upp till 10 kg - Khaki - TRUUSK - Hem, Tr\u00e4dg\u00e5rd &amp; Fritid","isPartOf":{"@id":"https:\/\/truusk.store\/sv\/#website"},"primaryImageOfPage":{"@id":"https:\/\/truusk.store\/sv\/produkt\/truusk-hundvagn-och-kattvagn-hopfallbar-med-regnskydd-natoppningar-kudde-for-hundar-och-katter-upp-till-10-kg-khaki-2\/#primaryimage"},"image":{"@id":"https:\/\/truusk.store\/sv\/produkt\/truusk-hundvagn-och-kattvagn-hopfallbar-med-regnskydd-natoppningar-kudde-for-hundar-och-katter-upp-till-10-kg-khaki-2\/#primaryimage"},"thumbnailUrl":"https:\/\/i0.wp.com\/truusk.store\/wp-content\/uploads\/2026\/01\/2-sits-soffa-liten-chenille-soffa-med-vingrygg-tjock-sits-gummitrafotter-gra-1.webp?fit=2000%2C2000&ssl=1","datePublished":"2026-01-28T06:41:51+00:00","dateModified":"2026-03-12T07:52:36+00:00","breadcrumb":{"@id":"https:\/\/truusk.store\/sv\/produkt\/truusk-hundvagn-och-kattvagn-hopfallbar-med-regnskydd-natoppningar-kudde-for-hundar-och-katter-upp-till-10-kg-khaki-2\/#breadcrumb"},"inLanguage":"sv-SE","potentialAction":[{"@type":"ReadAction","target":["https:\/\/truusk.store\/sv\/produkt\/truusk-hundvagn-och-kattvagn-hopfallbar-med-regnskydd-natoppningar-kudde-for-hundar-och-katter-upp-till-10-kg-khaki-2\/"]}]},{"@type":"ImageObject","inLanguage":"sv-SE","@id":"https:\/\/truusk.store\/sv\/produkt\/truusk-hundvagn-och-kattvagn-hopfallbar-med-regnskydd-natoppningar-kudde-for-hundar-och-katter-upp-till-10-kg-khaki-2\/#primaryimage","url":"https:\/\/i0.wp.com\/truusk.store\/wp-content\/uploads\/2026\/01\/2-sits-soffa-liten-chenille-soffa-med-vingrygg-tjock-sits-gummitrafotter-gra-1.webp?fit=2000%2C2000&ssl=1","contentUrl":"https:\/\/i0.wp.com\/truusk.store\/wp-content\/uploads\/2026\/01\/2-sits-soffa-liten-chenille-soffa-med-vingrygg-tjock-sits-gummitrafotter-gra-1.webp?fit=2000%2C2000&ssl=1","width":2000,"height":2000},{"@type":"BreadcrumbList","@id":"https:\/\/truusk.store\/sv\/produkt\/truusk-hundvagn-och-kattvagn-hopfallbar-med-regnskydd-natoppningar-kudde-for-hundar-och-katter-upp-till-10-kg-khaki-2\/#breadcrumb","itemListElement":[{"@type":"ListItem","position":1,"name":"Home","item":"https:\/\/truusk.store\/sv\/"},{"@type":"ListItem","position":2,"name":"Shop","item":"https:\/\/truusk.store\/shop\/"},{"@type":"ListItem","position":3,"name":"TRUUSK Hundvagn och Kattvagn &#8211; Hopf\u00e4llbar med Regnskydd &#8211; N\u00e4t\u00f6ppningar &#8211; Kudde &#8211; F\u00f6r Hundar och Katter upp till 10 kg &#8211; Khaki"}]},{"@type":"WebSite","@id":"https:\/\/truusk.store\/sv\/#website","url":"https:\/\/truusk.store\/sv\/","name":"TRUUSK - Hem, Tr\u00e4dg\u00e5rd & Fritid","description":"","publisher":{"@id":"https:\/\/truusk.store\/sv\/#organization"},"potentialAction":[{"@type":"SearchAction","target":{"@type":"EntryPoint","urlTemplate":"https:\/\/truusk.store\/sv\/?s={search_term_string}"},"query-input":{"@type":"PropertyValueSpecification","valueRequired":true,"valueName":"search_term_string"}}],"inLanguage":"sv-SE"},{"@type":"Organization","@id":"https:\/\/truusk.store\/sv\/#organization","name":"TRUUSK - Hem, Tr\u00e4dg\u00e5rd & Fritid","url":"https:\/\/truusk.store\/sv\/","logo":{"@type":"ImageObject","inLanguage":"sv-SE","@id":"https:\/\/truusk.store\/sv\/#\/schema\/logo\/image\/","url":"https:\/\/i0.wp.com\/truusk.store\/wp-content\/uploads\/2026\/03\/cropped-TRUUSK.png?fit=2032%2C917&ssl=1","contentUrl":"https:\/\/i0.wp.com\/truusk.store\/wp-content\/uploads\/2026\/03\/cropped-TRUUSK.png?fit=2032%2C917&ssl=1","width":2032,"height":917,"caption":"TRUUSK - Hem, Tr\u00e4dg\u00e5rd & Fritid"},"image":{"@id":"https:\/\/truusk.store\/sv\/#\/schema\/logo\/image\/"}}]}},"jetpack_sharing_enabled":true,"_links":{"self":[{"href":"https:\/\/truusk.store\/sv\/wp-json\/wp\/v2\/product\/102738","targetHints":{"allow":["GET"]}}],"collection":[{"href":"https:\/\/truusk.store\/sv\/wp-json\/wp\/v2\/product"}],"about":[{"href":"https:\/\/truusk.store\/sv\/wp-json\/wp\/v2\/types\/product"}],"wp:featuredmedia":[{"embeddable":true,"href":"https:\/\/truusk.store\/sv\/wp-json\/wp\/v2\/media\/102729"}],"wp:attachment":[{"href":"https:\/\/truusk.store\/sv\/wp-json\/wp\/v2\/media?parent=102738"}],"wp:term":[{"taxonomy":"product_brand","embeddable":true,"href":"https:\/\/truusk.store\/sv\/wp-json\/wp\/v2\/product_brand?post=102738"},{"taxonomy":"product_cat","embeddable":true,"href":"https:\/\/truusk.store\/sv\/wp-json\/wp\/v2\/product_cat?post=102738"},{"taxonomy":"product_tag","embeddable":true,"href":"https:\/\/truusk.store\/sv\/wp-json\/wp\/v2\/product_tag?post=102738"}],"curies":[{"name":"wp","href":"https:\/\/api.w.org\/{rel}","templated":true}]}}