{"id":102748,"date":"2026-01-28T07:42:47","date_gmt":"2026-01-28T06:42:47","guid":{"rendered":"https:\/\/truusk.store\/product\/elektrisk-avkopplingsstol-med-liggfunktion-justerbar-ryggstod-huvudstod-for-vardagsrum-i-kramvitt\/"},"modified":"2026-03-12T08:52:36","modified_gmt":"2026-03-12T07:52:36","slug":"truusk-elektrisk-avkopplingsstol-liggfunktion-justerbart-ryggstod-huvudstod-kramvitt-for-vardagsrum","status":"publish","type":"product","link":"https:\/\/truusk.store\/sv\/produkt\/truusk-elektrisk-avkopplingsstol-liggfunktion-justerbart-ryggstod-huvudstod-kramvitt-for-vardagsrum\/","title":{"rendered":"TRUUSK Elektrisk Avkopplingsstol &#8211; Liggfunktion &#8211; Justerbart ryggst\u00f6d &#8211; Huvudst\u00f6d &#8211; Kr\u00e4mvitt &#8211; F\u00f6r vardagsrum"},"content":{"rendered":"<p>Upplev h\u00f6gsta komfort med [BRAND NAME] avkopplingsstol &#8211; din f\u00f6ljeslagare f\u00f6r avkopplande stunder. Mjukt chenille-tyg, h\u00f6gdensitetsskum och fickfj\u00e4drar erbjuder en mysig plats f\u00f6r l\u00e4sning, TV-tittande eller en kort tupplur. Elektrisk justering upp till 135\u00b0, mjuk gungning och en smidig roterande funktion garanterar avkoppling. Den manuellt justerbara huvudst\u00f6det p\u00e5 biostolen ger individuell komfort efter \u00f6nskem\u00e5l.<\/p>\n<p>Beskrivning:<\/p>\n<ul>\n<li> Den plyschiga chenille-polstringen p\u00e5 avkopplingsstolen ger en mjuk, mysig sittk\u00e4nsla<\/li>\n<li> Den gener\u00f6sa s\u00e4tet med h\u00f6gdensitetsskum och fickfj\u00e4drar ger optimal komfort och st\u00f6d<\/li>\n<li> Elektrisk avkopplingsfunktion med fotst\u00f6d, mjuk gungmekanism och j\u00e4mn roterande funktion (inte 360\u00b0) f\u00f6r m\u00e5ngsidig avkoppling<\/li>\n<li> Den justerbara huvudst\u00f6det p\u00e5 liggstolen m\u00f6jligg\u00f6r individuellt anpassat st\u00f6d f\u00f6r nacke och huvud<\/li>\n<li> Det robusta ramen av flerskiktat tr\u00e4 och metall b\u00e4r upp till 120 kg och garanterar l\u00e5ngvarig stabilitet<\/li>\n<li> Praktiska sidofickor erbjuder plats f\u00f6r fj\u00e4rrkontroller, telefoner och tidningar, s\u00e5 att de alltid \u00e4r till hands<\/li>\n<li> Montering kr\u00e4vs<\/li>\n<\/ul>\n<p> Tekniska data:<\/p>\n<ul>\n<li> F\u00e4rg: Kr\u00e4mvit<\/li>\n<li> Material: Chenille (100 % polyester), skum, flerskiktsplatta, metall<\/li>\n<li> Totala dimensioner: 91B x 78D x 105H cm<\/li>\n<li> Dimensioner (lutad): 78B x 161D x 81H cm<\/li>\n<li> Sitsstorlek: 50B x 50D x 48H cm<\/li>\n<li> Sits tjocklek: 21 cm<\/li>\n<li> Sitsdjup (lutad): 104 cm<\/li>\n<li> Ryggst\u00f6d: 59B x 62L x 18D cm<\/li>\n<li> Armst\u00f6d: 15B x 77L cm<\/li>\n<li> Armst\u00f6dsh\u00f6jd fr\u00e5n sits: 20 cm<\/li>\n<li> Maximal lutningsvinkel: 135\u00b0<\/li>\n<li> L\u00e4mplig anv\u00e4ndarstorlek: 185 cm<\/li>\n<li> Ing\u00e5ng: AC 100-240V, 50-60Hz, 1,5A<\/li>\n<li> Utg\u00e5ng: DC 29V, 2A, 58W<\/li>\n<li> N\u00e4tledningsl\u00e4ngd: 1,5 m<\/li>\n<li> Maximal belastning: 120 kg<\/li>\n<\/ul>\n<p>Leveransinneh\u00e5ll:<\/p>\n<ul>\n<li> 1 x Avkopplingsstol<\/li>\n<li> 1 x Bruksanvisning<\/li>\n<\/ul>\n","protected":false},"excerpt":{"rendered":"<p>Upplev h\u00f6gsta komfort med [BRAND NAME] avkopplingsstol &#8211; din f\u00f6ljeslagare f\u00f6r avkopplande stunder. Mjukt chenille-tyg, h\u00f6gdensitetsskum och fickfj\u00e4drar erbjuder en&#8230;<\/p>\n","protected":false},"featured_media":102739,"template":"","meta":[],"product_brand":[],"product_cat":[521,946,871,910],"product_tag":[],"class_list":{"0":"post-102748","1":"product","2":"type-product","3":"status-publish","4":"has-post-thumbnail","6":"product_cat-fatolj","7":"product_cat-fernsehsessel","8":"product_cat-hus-hem","9":"product_cat-vardagsrum","11":"first","12":"instock","13":"sale","14":"taxable","15":"shipping-taxable","16":"purchasable","17":"product-type-simple"},"yoast_head":"<!-- This site is optimized with the Yoast SEO plugin v25.4 - https:\/\/yoast.com\/wordpress\/plugins\/seo\/ -->\n<title>TRUUSK Elektrisk Avkopplingsstol - Liggfunktion - Justerbart ryggst\u00f6d - Huvudst\u00f6d - Kr\u00e4mvitt - F\u00f6r vardagsrum - TRUUSK - Hem, Tr\u00e4dg\u00e5rd &amp; Fritid<\/title>\n<meta name=\"robots\" content=\"index, follow, max-snippet:-1, max-image-preview:large, max-video-preview:-1\" \/>\n<link rel=\"canonical\" href=\"https:\/\/truusk.store\/sv\/produkt\/truusk-elektrisk-avkopplingsstol-liggfunktion-justerbart-ryggstod-huvudstod-kramvitt-for-vardagsrum\/\" \/>\n<meta property=\"og:locale\" content=\"sv_SE\" \/>\n<meta property=\"og:type\" content=\"article\" \/>\n<meta property=\"og:title\" content=\"TRUUSK Elektrisk Avkopplingsstol - Liggfunktion - Justerbart ryggst\u00f6d - Huvudst\u00f6d - Kr\u00e4mvitt - F\u00f6r vardagsrum - TRUUSK - Hem, Tr\u00e4dg\u00e5rd &amp; Fritid\" \/>\n<meta property=\"og:description\" content=\"Upplev h\u00f6gsta komfort med [BRAND NAME] avkopplingsstol &#8211; din f\u00f6ljeslagare f\u00f6r avkopplande stunder. Mjukt chenille-tyg, h\u00f6gdensitetsskum och fickfj\u00e4drar erbjuder en...\" \/>\n<meta property=\"og:url\" content=\"https:\/\/truusk.store\/sv\/produkt\/truusk-elektrisk-avkopplingsstol-liggfunktion-justerbart-ryggstod-huvudstod-kramvitt-for-vardagsrum\/\" \/>\n<meta property=\"og:site_name\" content=\"TRUUSK - Hem, Tr\u00e4dg\u00e5rd &amp; Fritid\" \/>\n<meta property=\"article:modified_time\" content=\"2026-03-12T07:52:36+00:00\" \/>\n<meta property=\"og:image\" content=\"https:\/\/i0.wp.com\/truusk.se\/wp-content\/uploads\/2026\/01\/elektrisk-avkopplingsstol-med-liggfunktion-justerbar-ryggstod-huvudstod-for-vardagsrum-i-kramvitt-1.webp?fit=2000%2C2000&ssl=1\" \/>\n\t<meta property=\"og:image:width\" content=\"2000\" \/>\n\t<meta property=\"og:image:height\" content=\"2000\" \/>\n\t<meta property=\"og:image:type\" content=\"image\/webp\" \/>\n<meta name=\"twitter:card\" content=\"summary_large_image\" \/>\n<meta name=\"twitter:label1\" content=\"Ber\u00e4knad l\u00e4stid\" \/>\n\t<meta name=\"twitter:data1\" content=\"1 minut\" \/>\n<!-- \/ Yoast SEO plugin. -->","yoast_head_json":{"title":"TRUUSK Elektrisk Avkopplingsstol - Liggfunktion - Justerbart ryggst\u00f6d - Huvudst\u00f6d - Kr\u00e4mvitt - F\u00f6r vardagsrum - TRUUSK - Hem, Tr\u00e4dg\u00e5rd &amp; Fritid","robots":{"index":"index","follow":"follow","max-snippet":"max-snippet:-1","max-image-preview":"max-image-preview:large","max-video-preview":"max-video-preview:-1"},"canonical":"https:\/\/truusk.store\/sv\/produkt\/truusk-elektrisk-avkopplingsstol-liggfunktion-justerbart-ryggstod-huvudstod-kramvitt-for-vardagsrum\/","og_locale":"sv_SE","og_type":"article","og_title":"TRUUSK Elektrisk Avkopplingsstol - Liggfunktion - Justerbart ryggst\u00f6d - Huvudst\u00f6d - Kr\u00e4mvitt - F\u00f6r vardagsrum - TRUUSK - Hem, Tr\u00e4dg\u00e5rd &amp; Fritid","og_description":"Upplev h\u00f6gsta komfort med [BRAND NAME] avkopplingsstol &#8211; din f\u00f6ljeslagare f\u00f6r avkopplande stunder. Mjukt chenille-tyg, h\u00f6gdensitetsskum och fickfj\u00e4drar erbjuder en...","og_url":"https:\/\/truusk.store\/sv\/produkt\/truusk-elektrisk-avkopplingsstol-liggfunktion-justerbart-ryggstod-huvudstod-kramvitt-for-vardagsrum\/","og_site_name":"TRUUSK - Hem, Tr\u00e4dg\u00e5rd &amp; Fritid","article_modified_time":"2026-03-12T07:52:36+00:00","og_image":[{"width":2000,"height":2000,"url":"https:\/\/i0.wp.com\/truusk.se\/wp-content\/uploads\/2026\/01\/elektrisk-avkopplingsstol-med-liggfunktion-justerbar-ryggstod-huvudstod-for-vardagsrum-i-kramvitt-1.webp?fit=2000%2C2000&ssl=1","type":"image\/webp"}],"twitter_card":"summary_large_image","twitter_misc":{"Ber\u00e4knad l\u00e4stid":"1 minut"},"schema":{"@context":"https:\/\/schema.org","@graph":[{"@type":"WebPage","@id":"https:\/\/truusk.store\/sv\/produkt\/truusk-elektrisk-avkopplingsstol-liggfunktion-justerbart-ryggstod-huvudstod-kramvitt-for-vardagsrum\/","url":"https:\/\/truusk.store\/sv\/produkt\/truusk-elektrisk-avkopplingsstol-liggfunktion-justerbart-ryggstod-huvudstod-kramvitt-for-vardagsrum\/","name":"TRUUSK Elektrisk Avkopplingsstol - Liggfunktion - Justerbart ryggst\u00f6d - Huvudst\u00f6d - Kr\u00e4mvitt - F\u00f6r vardagsrum - TRUUSK - Hem, Tr\u00e4dg\u00e5rd &amp; Fritid","isPartOf":{"@id":"https:\/\/truusk.store\/sv\/#website"},"primaryImageOfPage":{"@id":"https:\/\/truusk.store\/sv\/produkt\/truusk-elektrisk-avkopplingsstol-liggfunktion-justerbart-ryggstod-huvudstod-kramvitt-for-vardagsrum\/#primaryimage"},"image":{"@id":"https:\/\/truusk.store\/sv\/produkt\/truusk-elektrisk-avkopplingsstol-liggfunktion-justerbart-ryggstod-huvudstod-kramvitt-for-vardagsrum\/#primaryimage"},"thumbnailUrl":"https:\/\/i0.wp.com\/truusk.store\/wp-content\/uploads\/2026\/01\/elektrisk-avkopplingsstol-med-liggfunktion-justerbar-ryggstod-huvudstod-for-vardagsrum-i-kramvitt-1.webp?fit=2000%2C2000&ssl=1","datePublished":"2026-01-28T06:42:47+00:00","dateModified":"2026-03-12T07:52:36+00:00","breadcrumb":{"@id":"https:\/\/truusk.store\/sv\/produkt\/truusk-elektrisk-avkopplingsstol-liggfunktion-justerbart-ryggstod-huvudstod-kramvitt-for-vardagsrum\/#breadcrumb"},"inLanguage":"sv-SE","potentialAction":[{"@type":"ReadAction","target":["https:\/\/truusk.store\/sv\/produkt\/truusk-elektrisk-avkopplingsstol-liggfunktion-justerbart-ryggstod-huvudstod-kramvitt-for-vardagsrum\/"]}]},{"@type":"ImageObject","inLanguage":"sv-SE","@id":"https:\/\/truusk.store\/sv\/produkt\/truusk-elektrisk-avkopplingsstol-liggfunktion-justerbart-ryggstod-huvudstod-kramvitt-for-vardagsrum\/#primaryimage","url":"https:\/\/i0.wp.com\/truusk.store\/wp-content\/uploads\/2026\/01\/elektrisk-avkopplingsstol-med-liggfunktion-justerbar-ryggstod-huvudstod-for-vardagsrum-i-kramvitt-1.webp?fit=2000%2C2000&ssl=1","contentUrl":"https:\/\/i0.wp.com\/truusk.store\/wp-content\/uploads\/2026\/01\/elektrisk-avkopplingsstol-med-liggfunktion-justerbar-ryggstod-huvudstod-for-vardagsrum-i-kramvitt-1.webp?fit=2000%2C2000&ssl=1","width":2000,"height":2000},{"@type":"BreadcrumbList","@id":"https:\/\/truusk.store\/sv\/produkt\/truusk-elektrisk-avkopplingsstol-liggfunktion-justerbart-ryggstod-huvudstod-kramvitt-for-vardagsrum\/#breadcrumb","itemListElement":[{"@type":"ListItem","position":1,"name":"Home","item":"https:\/\/truusk.store\/sv\/"},{"@type":"ListItem","position":2,"name":"Shop","item":"https:\/\/truusk.store\/shop\/"},{"@type":"ListItem","position":3,"name":"TRUUSK Elektrisk Avkopplingsstol &#8211; Liggfunktion &#8211; Justerbart ryggst\u00f6d &#8211; Huvudst\u00f6d &#8211; Kr\u00e4mvitt &#8211; F\u00f6r vardagsrum"}]},{"@type":"WebSite","@id":"https:\/\/truusk.store\/sv\/#website","url":"https:\/\/truusk.store\/sv\/","name":"TRUUSK - Hem, Tr\u00e4dg\u00e5rd & Fritid","description":"","publisher":{"@id":"https:\/\/truusk.store\/sv\/#organization"},"potentialAction":[{"@type":"SearchAction","target":{"@type":"EntryPoint","urlTemplate":"https:\/\/truusk.store\/sv\/?s={search_term_string}"},"query-input":{"@type":"PropertyValueSpecification","valueRequired":true,"valueName":"search_term_string"}}],"inLanguage":"sv-SE"},{"@type":"Organization","@id":"https:\/\/truusk.store\/sv\/#organization","name":"TRUUSK - Hem, Tr\u00e4dg\u00e5rd & Fritid","url":"https:\/\/truusk.store\/sv\/","logo":{"@type":"ImageObject","inLanguage":"sv-SE","@id":"https:\/\/truusk.store\/sv\/#\/schema\/logo\/image\/","url":"https:\/\/i0.wp.com\/truusk.store\/wp-content\/uploads\/2026\/03\/cropped-TRUUSK.png?fit=2032%2C917&ssl=1","contentUrl":"https:\/\/i0.wp.com\/truusk.store\/wp-content\/uploads\/2026\/03\/cropped-TRUUSK.png?fit=2032%2C917&ssl=1","width":2032,"height":917,"caption":"TRUUSK - Hem, Tr\u00e4dg\u00e5rd & Fritid"},"image":{"@id":"https:\/\/truusk.store\/sv\/#\/schema\/logo\/image\/"}}]}},"jetpack_sharing_enabled":true,"_links":{"self":[{"href":"https:\/\/truusk.store\/sv\/wp-json\/wp\/v2\/product\/102748","targetHints":{"allow":["GET"]}}],"collection":[{"href":"https:\/\/truusk.store\/sv\/wp-json\/wp\/v2\/product"}],"about":[{"href":"https:\/\/truusk.store\/sv\/wp-json\/wp\/v2\/types\/product"}],"wp:featuredmedia":[{"embeddable":true,"href":"https:\/\/truusk.store\/sv\/wp-json\/wp\/v2\/media\/102739"}],"wp:attachment":[{"href":"https:\/\/truusk.store\/sv\/wp-json\/wp\/v2\/media?parent=102748"}],"wp:term":[{"taxonomy":"product_brand","embeddable":true,"href":"https:\/\/truusk.store\/sv\/wp-json\/wp\/v2\/product_brand?post=102748"},{"taxonomy":"product_cat","embeddable":true,"href":"https:\/\/truusk.store\/sv\/wp-json\/wp\/v2\/product_cat?post=102748"},{"taxonomy":"product_tag","embeddable":true,"href":"https:\/\/truusk.store\/sv\/wp-json\/wp\/v2\/product_tag?post=102748"}],"curies":[{"name":"wp","href":"https:\/\/api.w.org\/{rel}","templated":true}]}}