{"id":102768,"date":"2026-01-28T07:44:37","date_gmt":"2026-01-28T06:44:37","guid":{"rendered":"https:\/\/truusk.store\/product\/runt-soffbord-bambu-vardagsrumsbord-med-korsfot-natur\/"},"modified":"2026-03-12T08:52:37","modified_gmt":"2026-03-12T07:52:37","slug":"truusk-runt-soffbord-bambu-vardagsrumsbord-med-korsfot-natur-hallbart-stilrent-praktiskt","status":"publish","type":"product","link":"https:\/\/truusk.store\/sv\/produkt\/truusk-runt-soffbord-bambu-vardagsrumsbord-med-korsfot-natur-hallbart-stilrent-praktiskt\/","title":{"rendered":"TRUUSK Runt Soffbord &#8211; Bambu &#8211; Vardagsrumsbord Med Korsfot &#8211; Natur &#8211; H\u00e5llbart &#8211; Stilrent &#8211; Praktiskt"},"content":{"rendered":"<p>Visuellt kaos och instabila m\u00f6bler p\u00e5verkar ofta hemmets harmoni, orsakar oro f\u00f6r spill eller stabilitet. [BRAND NAME] soffbordet skapar balans: stabil korsbas, b\u00e4rkapacitet 120 kg. Tillverkad av massiv bambu, 1,8 cm tjock, lackerad yta, motst\u00e5ndskraftig mot fukt och fl\u00e4ckar. Den naturliga v\u00e4rmen och det robusta bygget av kaffebordet f\u00f6rvandlar ditt hem till en lugn oas av v\u00e4lbefinnande.<\/p>\n<p>Beskrivning:<\/p>\n<ul>\n<li> Det naturliga bambudesignen p\u00e5 sidobordet ger rummen v\u00e4rme och en organisk textur<\/li>\n<li> En 1,8 cm tjock bordsskiva och ett f\u00f6rst\u00e4rkt korsst\u00e4ll garanterar l\u00e5ngvarig h\u00e5llbarhet och stabilitet och b\u00e4r upp till 120 kg<\/li>\n<li> Justerbara f\u00f6tter ger stabilitet p\u00e5 oj\u00e4mna golv<\/li>\n<li> Ett skyddande lackskikt p\u00e5 soffbordet motst\u00e5r fukt, fl\u00e4ckar och dagligt slitage och \u00e4r \u00e4nd\u00e5 l\u00e4tt att reng\u00f6ra<\/li>\n<li> Tydliga instruktioner m\u00f6jligg\u00f6r snabb och enkel montering p\u00e5 n\u00e5gra minuter<\/li>\n<li> Runt soffbordsdesign f\u00f6rhindrar st\u00f6tar<\/li>\n<\/ul>\n<p> Tekniska data:<\/p>\n<ul>\n<li> F\u00e4rg: Naturtr\u00e4<\/li>\n<li> Material: Bambu<\/li>\n<li> Totala dimensioner: 66B x 66T x 45H cm<\/li>\n<li> Storlek p\u00e5 bordsskiva: 66B x 66T x 1,8H cm<\/li>\n<li> B\u00e4rkapacitet: 120 kg<\/li>\n<\/ul>\n<p>Leveransinneh\u00e5ll:<\/p>\n<ul>\n<li> 1 x Soffbord<\/li>\n<li> 1 x Instruktioner<\/li>\n<\/ul>\n","protected":false},"excerpt":{"rendered":"<p>Visuellt kaos och instabila m\u00f6bler p\u00e5verkar ofta hemmets harmoni, orsakar oro f\u00f6r spill eller stabilitet. [BRAND NAME] soffbordet skapar balans:&#8230;<\/p>\n","protected":false},"featured_media":102758,"template":"","meta":[],"product_brand":[],"product_cat":[871,929,910],"product_tag":[],"class_list":{"0":"post-102768","1":"product","2":"type-product","3":"status-publish","4":"has-post-thumbnail","6":"product_cat-hus-hem","7":"product_cat-soffbord","8":"product_cat-vardagsrum","10":"first","11":"instock","12":"sale","13":"taxable","14":"shipping-taxable","15":"purchasable","16":"product-type-simple"},"yoast_head":"<!-- This site is optimized with the Yoast SEO plugin v25.4 - https:\/\/yoast.com\/wordpress\/plugins\/seo\/ -->\n<title>TRUUSK Runt Soffbord - Bambu - Vardagsrumsbord Med Korsfot - Natur - H\u00e5llbart - Stilrent - Praktiskt - TRUUSK - Hem, Tr\u00e4dg\u00e5rd &amp; Fritid<\/title>\n<meta name=\"robots\" content=\"index, follow, max-snippet:-1, max-image-preview:large, max-video-preview:-1\" \/>\n<link rel=\"canonical\" href=\"https:\/\/truusk.store\/sv\/produkt\/truusk-runt-soffbord-bambu-vardagsrumsbord-med-korsfot-natur-hallbart-stilrent-praktiskt\/\" \/>\n<meta property=\"og:locale\" content=\"sv_SE\" \/>\n<meta property=\"og:type\" content=\"article\" \/>\n<meta property=\"og:title\" content=\"TRUUSK Runt Soffbord - Bambu - Vardagsrumsbord Med Korsfot - Natur - H\u00e5llbart - Stilrent - Praktiskt - TRUUSK - Hem, Tr\u00e4dg\u00e5rd &amp; Fritid\" \/>\n<meta property=\"og:description\" content=\"Visuellt kaos och instabila m\u00f6bler p\u00e5verkar ofta hemmets harmoni, orsakar oro f\u00f6r spill eller stabilitet. [BRAND NAME] soffbordet skapar balans:...\" \/>\n<meta property=\"og:url\" content=\"https:\/\/truusk.store\/sv\/produkt\/truusk-runt-soffbord-bambu-vardagsrumsbord-med-korsfot-natur-hallbart-stilrent-praktiskt\/\" \/>\n<meta property=\"og:site_name\" content=\"TRUUSK - Hem, Tr\u00e4dg\u00e5rd &amp; Fritid\" \/>\n<meta property=\"article:modified_time\" content=\"2026-03-12T07:52:37+00:00\" \/>\n<meta property=\"og:image\" content=\"https:\/\/i0.wp.com\/truusk.se\/wp-content\/uploads\/2026\/01\/runt-soffbord-bambu-vardagsrumsbord-med-korsfot-natur-1.webp?fit=2000%2C2000&ssl=1\" \/>\n\t<meta property=\"og:image:width\" content=\"2000\" \/>\n\t<meta property=\"og:image:height\" content=\"2000\" \/>\n\t<meta property=\"og:image:type\" content=\"image\/webp\" \/>\n<meta name=\"twitter:card\" content=\"summary_large_image\" \/>\n<meta name=\"twitter:label1\" content=\"Ber\u00e4knad l\u00e4stid\" \/>\n\t<meta name=\"twitter:data1\" content=\"1 minut\" \/>\n<!-- \/ Yoast SEO plugin. -->","yoast_head_json":{"title":"TRUUSK Runt Soffbord - Bambu - Vardagsrumsbord Med Korsfot - Natur - H\u00e5llbart - Stilrent - Praktiskt - TRUUSK - Hem, Tr\u00e4dg\u00e5rd &amp; Fritid","robots":{"index":"index","follow":"follow","max-snippet":"max-snippet:-1","max-image-preview":"max-image-preview:large","max-video-preview":"max-video-preview:-1"},"canonical":"https:\/\/truusk.store\/sv\/produkt\/truusk-runt-soffbord-bambu-vardagsrumsbord-med-korsfot-natur-hallbart-stilrent-praktiskt\/","og_locale":"sv_SE","og_type":"article","og_title":"TRUUSK Runt Soffbord - Bambu - Vardagsrumsbord Med Korsfot - Natur - H\u00e5llbart - Stilrent - Praktiskt - TRUUSK - Hem, Tr\u00e4dg\u00e5rd &amp; Fritid","og_description":"Visuellt kaos och instabila m\u00f6bler p\u00e5verkar ofta hemmets harmoni, orsakar oro f\u00f6r spill eller stabilitet. [BRAND NAME] soffbordet skapar balans:...","og_url":"https:\/\/truusk.store\/sv\/produkt\/truusk-runt-soffbord-bambu-vardagsrumsbord-med-korsfot-natur-hallbart-stilrent-praktiskt\/","og_site_name":"TRUUSK - Hem, Tr\u00e4dg\u00e5rd &amp; Fritid","article_modified_time":"2026-03-12T07:52:37+00:00","og_image":[{"width":2000,"height":2000,"url":"https:\/\/i0.wp.com\/truusk.se\/wp-content\/uploads\/2026\/01\/runt-soffbord-bambu-vardagsrumsbord-med-korsfot-natur-1.webp?fit=2000%2C2000&ssl=1","type":"image\/webp"}],"twitter_card":"summary_large_image","twitter_misc":{"Ber\u00e4knad l\u00e4stid":"1 minut"},"schema":{"@context":"https:\/\/schema.org","@graph":[{"@type":"WebPage","@id":"https:\/\/truusk.store\/sv\/produkt\/truusk-runt-soffbord-bambu-vardagsrumsbord-med-korsfot-natur-hallbart-stilrent-praktiskt\/","url":"https:\/\/truusk.store\/sv\/produkt\/truusk-runt-soffbord-bambu-vardagsrumsbord-med-korsfot-natur-hallbart-stilrent-praktiskt\/","name":"TRUUSK Runt Soffbord - Bambu - Vardagsrumsbord Med Korsfot - Natur - H\u00e5llbart - Stilrent - Praktiskt - TRUUSK - Hem, Tr\u00e4dg\u00e5rd &amp; Fritid","isPartOf":{"@id":"https:\/\/truusk.store\/sv\/#website"},"primaryImageOfPage":{"@id":"https:\/\/truusk.store\/sv\/produkt\/truusk-runt-soffbord-bambu-vardagsrumsbord-med-korsfot-natur-hallbart-stilrent-praktiskt\/#primaryimage"},"image":{"@id":"https:\/\/truusk.store\/sv\/produkt\/truusk-runt-soffbord-bambu-vardagsrumsbord-med-korsfot-natur-hallbart-stilrent-praktiskt\/#primaryimage"},"thumbnailUrl":"https:\/\/i0.wp.com\/truusk.store\/wp-content\/uploads\/2026\/01\/runt-soffbord-bambu-vardagsrumsbord-med-korsfot-natur-1.webp?fit=2000%2C2000&ssl=1","datePublished":"2026-01-28T06:44:37+00:00","dateModified":"2026-03-12T07:52:37+00:00","breadcrumb":{"@id":"https:\/\/truusk.store\/sv\/produkt\/truusk-runt-soffbord-bambu-vardagsrumsbord-med-korsfot-natur-hallbart-stilrent-praktiskt\/#breadcrumb"},"inLanguage":"sv-SE","potentialAction":[{"@type":"ReadAction","target":["https:\/\/truusk.store\/sv\/produkt\/truusk-runt-soffbord-bambu-vardagsrumsbord-med-korsfot-natur-hallbart-stilrent-praktiskt\/"]}]},{"@type":"ImageObject","inLanguage":"sv-SE","@id":"https:\/\/truusk.store\/sv\/produkt\/truusk-runt-soffbord-bambu-vardagsrumsbord-med-korsfot-natur-hallbart-stilrent-praktiskt\/#primaryimage","url":"https:\/\/i0.wp.com\/truusk.store\/wp-content\/uploads\/2026\/01\/runt-soffbord-bambu-vardagsrumsbord-med-korsfot-natur-1.webp?fit=2000%2C2000&ssl=1","contentUrl":"https:\/\/i0.wp.com\/truusk.store\/wp-content\/uploads\/2026\/01\/runt-soffbord-bambu-vardagsrumsbord-med-korsfot-natur-1.webp?fit=2000%2C2000&ssl=1","width":2000,"height":2000},{"@type":"BreadcrumbList","@id":"https:\/\/truusk.store\/sv\/produkt\/truusk-runt-soffbord-bambu-vardagsrumsbord-med-korsfot-natur-hallbart-stilrent-praktiskt\/#breadcrumb","itemListElement":[{"@type":"ListItem","position":1,"name":"Home","item":"https:\/\/truusk.store\/sv\/"},{"@type":"ListItem","position":2,"name":"Shop","item":"https:\/\/truusk.store\/shop\/"},{"@type":"ListItem","position":3,"name":"TRUUSK Runt Soffbord &#8211; Bambu &#8211; Vardagsrumsbord Med Korsfot &#8211; Natur &#8211; H\u00e5llbart &#8211; Stilrent &#8211; Praktiskt"}]},{"@type":"WebSite","@id":"https:\/\/truusk.store\/sv\/#website","url":"https:\/\/truusk.store\/sv\/","name":"TRUUSK - Hem, Tr\u00e4dg\u00e5rd & Fritid","description":"","publisher":{"@id":"https:\/\/truusk.store\/sv\/#organization"},"potentialAction":[{"@type":"SearchAction","target":{"@type":"EntryPoint","urlTemplate":"https:\/\/truusk.store\/sv\/?s={search_term_string}"},"query-input":{"@type":"PropertyValueSpecification","valueRequired":true,"valueName":"search_term_string"}}],"inLanguage":"sv-SE"},{"@type":"Organization","@id":"https:\/\/truusk.store\/sv\/#organization","name":"TRUUSK - Hem, Tr\u00e4dg\u00e5rd & Fritid","url":"https:\/\/truusk.store\/sv\/","logo":{"@type":"ImageObject","inLanguage":"sv-SE","@id":"https:\/\/truusk.store\/sv\/#\/schema\/logo\/image\/","url":"https:\/\/i0.wp.com\/truusk.store\/wp-content\/uploads\/2026\/03\/cropped-TRUUSK.png?fit=2032%2C917&ssl=1","contentUrl":"https:\/\/i0.wp.com\/truusk.store\/wp-content\/uploads\/2026\/03\/cropped-TRUUSK.png?fit=2032%2C917&ssl=1","width":2032,"height":917,"caption":"TRUUSK - Hem, Tr\u00e4dg\u00e5rd & Fritid"},"image":{"@id":"https:\/\/truusk.store\/sv\/#\/schema\/logo\/image\/"}}]}},"jetpack_sharing_enabled":true,"_links":{"self":[{"href":"https:\/\/truusk.store\/sv\/wp-json\/wp\/v2\/product\/102768","targetHints":{"allow":["GET"]}}],"collection":[{"href":"https:\/\/truusk.store\/sv\/wp-json\/wp\/v2\/product"}],"about":[{"href":"https:\/\/truusk.store\/sv\/wp-json\/wp\/v2\/types\/product"}],"wp:featuredmedia":[{"embeddable":true,"href":"https:\/\/truusk.store\/sv\/wp-json\/wp\/v2\/media\/102758"}],"wp:attachment":[{"href":"https:\/\/truusk.store\/sv\/wp-json\/wp\/v2\/media?parent=102768"}],"wp:term":[{"taxonomy":"product_brand","embeddable":true,"href":"https:\/\/truusk.store\/sv\/wp-json\/wp\/v2\/product_brand?post=102768"},{"taxonomy":"product_cat","embeddable":true,"href":"https:\/\/truusk.store\/sv\/wp-json\/wp\/v2\/product_cat?post=102768"},{"taxonomy":"product_tag","embeddable":true,"href":"https:\/\/truusk.store\/sv\/wp-json\/wp\/v2\/product_tag?post=102768"}],"curies":[{"name":"wp","href":"https:\/\/api.w.org\/{rel}","templated":true}]}}