{"id":102798,"date":"2026-01-28T07:47:40","date_gmt":"2026-01-28T06:47:40","guid":{"rendered":"https:\/\/truusk.store\/product\/sminkbord-med-spegel-kompakt-sminkbord-med-3-lador-vit\/"},"modified":"2026-03-12T08:52:50","modified_gmt":"2026-03-12T07:52:50","slug":"truusk-sminkbord-med-spegel-kompakt-design-med-3-lador-vit-farg-for-smink-och-accessoarer-praktisk-och-snygg","status":"publish","type":"product","link":"https:\/\/truusk.store\/sv\/produkt\/truusk-sminkbord-med-spegel-kompakt-design-med-3-lador-vit-farg-for-smink-och-accessoarer-praktisk-och-snygg\/","title":{"rendered":"TRUUSK Sminkbord med Spegel &#8211; Kompakt design med 3 l\u00e5dor &#8211; Vit f\u00e4rg &#8211; F\u00f6r smink och accessoarer &#8211; Praktisk och snygg"},"content":{"rendered":"<p>Optimera din sk\u00f6nhetsrutin med [BRAND NAME] sminkbord! Kompakt och elegant, passar det perfekt in i sm\u00e5 utrymmen och erbjuder bekv\u00e4m sittkomfort f\u00f6r daglig v\u00e5rd. Den stilfulla, v\u00e4lvd spegeln ger klar sikt och modern flair. Tack vare tre l\u00e5dor och en praktisk bordsskiva h\u00e5ller sminkbordet dina tillbeh\u00f6r ordnade &#8211; den perfekta kompletteringen f\u00f6r avkopplande morgonrutiner!<\/p>\n<p>Beskrivning:<\/p>\n<ul>\n<li> Sminkbordets kompakta design passar perfekt i sovrum, l\u00e4genheter eller sm\u00e5 utrymmen<\/li>\n<li> Bekv\u00e4mt benutrymme ger komfort under den dagliga sminkrutinen<\/li>\n<li> Har en unik v\u00e4lvd spegel som ger klar sikt och ger ditt rum en stilfull, fotov\u00e4rdig accent<\/li>\n<li> Med en stor delad l\u00e5da och tv\u00e5 sm\u00e5 l\u00e5dor som h\u00e5ller din kosmetika ordnad och l\u00e4ttillg\u00e4nglig<\/li>\n<li> Sminkbordets robusta sp\u00e5nskiva med melaminbel\u00e4ggning s\u00e4kerst\u00e4ller l\u00e5ngvarig anv\u00e4ndning och enkel reng\u00f6ring<\/li>\n<li> Inkluderar ett set f\u00f6r att f\u00f6rhindra tippning, f\u00f6r att s\u00e4kert f\u00e4sta detta sminkbord och garantera familjens s\u00e4kerhet<\/li>\n<li> Montering kr\u00e4vs<\/li>\n<\/ul>\n<p> Tekniska specifikationer:<\/p>\n<ul>\n<li> F\u00e4rg: Vit<\/li>\n<li> Material: Sp\u00e5nskiva<\/li>\n<li> Totala dimensioner: 80B x 40D x 135H cm<\/li>\n<li> Spegelstorlek: 78B x 41H cm<\/li>\n<li> Benutrymme: 76B x 38D x 61,5H cm<\/li>\n<li> Inre storlek liten l\u00e5da: 15B x 9,5D x 6,5H cm<\/li>\n<li> Inre storlek stor l\u00e5da: 35B x 29D x 8,5H cm (per fack)<\/li>\n<li> Maximal belastning: 60 kg (totalt), 40 kg (bordsskiva), 5 kg (stor l\u00e5da), 2,5 kg (liten l\u00e5da)<\/li>\n<\/ul>\n<p>Leverans inneh\u00e5ller:<\/p>\n<ul>\n<li> 1 x Sminkbord<\/li>\n<li> 1 x Instruktioner<\/li>\n<\/ul>\n","protected":false},"excerpt":{"rendered":"<p>Optimera din sk\u00f6nhetsrutin med [BRAND NAME] sminkbord! Kompakt och elegant, passar det perfekt in i sm\u00e5 utrymmen och erbjuder bekv\u00e4m&#8230;<\/p>\n","protected":false},"featured_media":102789,"template":"","meta":[],"product_brand":[],"product_cat":[871,504,897],"product_tag":[],"class_list":{"0":"post-102798","1":"product","2":"type-product","3":"status-publish","4":"has-post-thumbnail","6":"product_cat-hus-hem","7":"product_cat-sminkbord-speglar","8":"product_cat-sovrum","10":"first","11":"instock","12":"sale","13":"taxable","14":"shipping-taxable","15":"purchasable","16":"product-type-simple"},"yoast_head":"<!-- This site is optimized with the Yoast SEO plugin v25.4 - https:\/\/yoast.com\/wordpress\/plugins\/seo\/ -->\n<title>TRUUSK Sminkbord med Spegel - Kompakt design med 3 l\u00e5dor - Vit f\u00e4rg - F\u00f6r smink och accessoarer - Praktisk och snygg - TRUUSK - Hem, Tr\u00e4dg\u00e5rd &amp; Fritid<\/title>\n<meta name=\"robots\" content=\"index, follow, max-snippet:-1, max-image-preview:large, max-video-preview:-1\" \/>\n<link rel=\"canonical\" href=\"https:\/\/truusk.store\/sv\/produkt\/truusk-sminkbord-med-spegel-kompakt-design-med-3-lador-vit-farg-for-smink-och-accessoarer-praktisk-och-snygg\/\" \/>\n<meta property=\"og:locale\" content=\"sv_SE\" \/>\n<meta property=\"og:type\" content=\"article\" \/>\n<meta property=\"og:title\" content=\"TRUUSK Sminkbord med Spegel - Kompakt design med 3 l\u00e5dor - Vit f\u00e4rg - F\u00f6r smink och accessoarer - Praktisk och snygg - TRUUSK - Hem, Tr\u00e4dg\u00e5rd &amp; Fritid\" \/>\n<meta property=\"og:description\" content=\"Optimera din sk\u00f6nhetsrutin med [BRAND NAME] sminkbord! Kompakt och elegant, passar det perfekt in i sm\u00e5 utrymmen och erbjuder bekv\u00e4m...\" \/>\n<meta property=\"og:url\" content=\"https:\/\/truusk.store\/sv\/produkt\/truusk-sminkbord-med-spegel-kompakt-design-med-3-lador-vit-farg-for-smink-och-accessoarer-praktisk-och-snygg\/\" \/>\n<meta property=\"og:site_name\" content=\"TRUUSK - Hem, Tr\u00e4dg\u00e5rd &amp; Fritid\" \/>\n<meta property=\"article:modified_time\" content=\"2026-03-12T07:52:50+00:00\" \/>\n<meta property=\"og:image\" content=\"https:\/\/i0.wp.com\/truusk.se\/wp-content\/uploads\/2026\/01\/sminkbord-med-spegel-kompakt-sminkbord-med-3-lador-vit-1.webp?fit=2000%2C2000&ssl=1\" \/>\n\t<meta property=\"og:image:width\" content=\"2000\" \/>\n\t<meta property=\"og:image:height\" content=\"2000\" \/>\n\t<meta property=\"og:image:type\" content=\"image\/webp\" \/>\n<meta name=\"twitter:card\" content=\"summary_large_image\" \/>\n<meta name=\"twitter:label1\" content=\"Ber\u00e4knad l\u00e4stid\" \/>\n\t<meta name=\"twitter:data1\" content=\"1 minut\" \/>\n<!-- \/ Yoast SEO plugin. -->","yoast_head_json":{"title":"TRUUSK Sminkbord med Spegel - Kompakt design med 3 l\u00e5dor - Vit f\u00e4rg - F\u00f6r smink och accessoarer - Praktisk och snygg - TRUUSK - Hem, Tr\u00e4dg\u00e5rd &amp; Fritid","robots":{"index":"index","follow":"follow","max-snippet":"max-snippet:-1","max-image-preview":"max-image-preview:large","max-video-preview":"max-video-preview:-1"},"canonical":"https:\/\/truusk.store\/sv\/produkt\/truusk-sminkbord-med-spegel-kompakt-design-med-3-lador-vit-farg-for-smink-och-accessoarer-praktisk-och-snygg\/","og_locale":"sv_SE","og_type":"article","og_title":"TRUUSK Sminkbord med Spegel - Kompakt design med 3 l\u00e5dor - Vit f\u00e4rg - F\u00f6r smink och accessoarer - Praktisk och snygg - TRUUSK - Hem, Tr\u00e4dg\u00e5rd &amp; Fritid","og_description":"Optimera din sk\u00f6nhetsrutin med [BRAND NAME] sminkbord! Kompakt och elegant, passar det perfekt in i sm\u00e5 utrymmen och erbjuder bekv\u00e4m...","og_url":"https:\/\/truusk.store\/sv\/produkt\/truusk-sminkbord-med-spegel-kompakt-design-med-3-lador-vit-farg-for-smink-och-accessoarer-praktisk-och-snygg\/","og_site_name":"TRUUSK - Hem, Tr\u00e4dg\u00e5rd &amp; Fritid","article_modified_time":"2026-03-12T07:52:50+00:00","og_image":[{"width":2000,"height":2000,"url":"https:\/\/i0.wp.com\/truusk.se\/wp-content\/uploads\/2026\/01\/sminkbord-med-spegel-kompakt-sminkbord-med-3-lador-vit-1.webp?fit=2000%2C2000&ssl=1","type":"image\/webp"}],"twitter_card":"summary_large_image","twitter_misc":{"Ber\u00e4knad l\u00e4stid":"1 minut"},"schema":{"@context":"https:\/\/schema.org","@graph":[{"@type":"WebPage","@id":"https:\/\/truusk.store\/sv\/produkt\/truusk-sminkbord-med-spegel-kompakt-design-med-3-lador-vit-farg-for-smink-och-accessoarer-praktisk-och-snygg\/","url":"https:\/\/truusk.store\/sv\/produkt\/truusk-sminkbord-med-spegel-kompakt-design-med-3-lador-vit-farg-for-smink-och-accessoarer-praktisk-och-snygg\/","name":"TRUUSK Sminkbord med Spegel - Kompakt design med 3 l\u00e5dor - Vit f\u00e4rg - F\u00f6r smink och accessoarer - Praktisk och snygg - TRUUSK - Hem, Tr\u00e4dg\u00e5rd &amp; Fritid","isPartOf":{"@id":"https:\/\/truusk.store\/sv\/#website"},"primaryImageOfPage":{"@id":"https:\/\/truusk.store\/sv\/produkt\/truusk-sminkbord-med-spegel-kompakt-design-med-3-lador-vit-farg-for-smink-och-accessoarer-praktisk-och-snygg\/#primaryimage"},"image":{"@id":"https:\/\/truusk.store\/sv\/produkt\/truusk-sminkbord-med-spegel-kompakt-design-med-3-lador-vit-farg-for-smink-och-accessoarer-praktisk-och-snygg\/#primaryimage"},"thumbnailUrl":"https:\/\/i0.wp.com\/truusk.store\/wp-content\/uploads\/2026\/01\/sminkbord-med-spegel-kompakt-sminkbord-med-3-lador-vit-1.webp?fit=2000%2C2000&ssl=1","datePublished":"2026-01-28T06:47:40+00:00","dateModified":"2026-03-12T07:52:50+00:00","breadcrumb":{"@id":"https:\/\/truusk.store\/sv\/produkt\/truusk-sminkbord-med-spegel-kompakt-design-med-3-lador-vit-farg-for-smink-och-accessoarer-praktisk-och-snygg\/#breadcrumb"},"inLanguage":"sv-SE","potentialAction":[{"@type":"ReadAction","target":["https:\/\/truusk.store\/sv\/produkt\/truusk-sminkbord-med-spegel-kompakt-design-med-3-lador-vit-farg-for-smink-och-accessoarer-praktisk-och-snygg\/"]}]},{"@type":"ImageObject","inLanguage":"sv-SE","@id":"https:\/\/truusk.store\/sv\/produkt\/truusk-sminkbord-med-spegel-kompakt-design-med-3-lador-vit-farg-for-smink-och-accessoarer-praktisk-och-snygg\/#primaryimage","url":"https:\/\/i0.wp.com\/truusk.store\/wp-content\/uploads\/2026\/01\/sminkbord-med-spegel-kompakt-sminkbord-med-3-lador-vit-1.webp?fit=2000%2C2000&ssl=1","contentUrl":"https:\/\/i0.wp.com\/truusk.store\/wp-content\/uploads\/2026\/01\/sminkbord-med-spegel-kompakt-sminkbord-med-3-lador-vit-1.webp?fit=2000%2C2000&ssl=1","width":2000,"height":2000},{"@type":"BreadcrumbList","@id":"https:\/\/truusk.store\/sv\/produkt\/truusk-sminkbord-med-spegel-kompakt-design-med-3-lador-vit-farg-for-smink-och-accessoarer-praktisk-och-snygg\/#breadcrumb","itemListElement":[{"@type":"ListItem","position":1,"name":"Home","item":"https:\/\/truusk.store\/sv\/"},{"@type":"ListItem","position":2,"name":"Shop","item":"https:\/\/truusk.store\/shop\/"},{"@type":"ListItem","position":3,"name":"TRUUSK Sminkbord med Spegel &#8211; Kompakt design med 3 l\u00e5dor &#8211; Vit f\u00e4rg &#8211; F\u00f6r smink och accessoarer &#8211; Praktisk och snygg"}]},{"@type":"WebSite","@id":"https:\/\/truusk.store\/sv\/#website","url":"https:\/\/truusk.store\/sv\/","name":"TRUUSK - Hem, Tr\u00e4dg\u00e5rd & Fritid","description":"","publisher":{"@id":"https:\/\/truusk.store\/sv\/#organization"},"potentialAction":[{"@type":"SearchAction","target":{"@type":"EntryPoint","urlTemplate":"https:\/\/truusk.store\/sv\/?s={search_term_string}"},"query-input":{"@type":"PropertyValueSpecification","valueRequired":true,"valueName":"search_term_string"}}],"inLanguage":"sv-SE"},{"@type":"Organization","@id":"https:\/\/truusk.store\/sv\/#organization","name":"TRUUSK - Hem, Tr\u00e4dg\u00e5rd & Fritid","url":"https:\/\/truusk.store\/sv\/","logo":{"@type":"ImageObject","inLanguage":"sv-SE","@id":"https:\/\/truusk.store\/sv\/#\/schema\/logo\/image\/","url":"https:\/\/i0.wp.com\/truusk.store\/wp-content\/uploads\/2026\/03\/cropped-TRUUSK.png?fit=2032%2C917&ssl=1","contentUrl":"https:\/\/i0.wp.com\/truusk.store\/wp-content\/uploads\/2026\/03\/cropped-TRUUSK.png?fit=2032%2C917&ssl=1","width":2032,"height":917,"caption":"TRUUSK - Hem, Tr\u00e4dg\u00e5rd & Fritid"},"image":{"@id":"https:\/\/truusk.store\/sv\/#\/schema\/logo\/image\/"}}]}},"jetpack_sharing_enabled":true,"_links":{"self":[{"href":"https:\/\/truusk.store\/sv\/wp-json\/wp\/v2\/product\/102798","targetHints":{"allow":["GET"]}}],"collection":[{"href":"https:\/\/truusk.store\/sv\/wp-json\/wp\/v2\/product"}],"about":[{"href":"https:\/\/truusk.store\/sv\/wp-json\/wp\/v2\/types\/product"}],"wp:featuredmedia":[{"embeddable":true,"href":"https:\/\/truusk.store\/sv\/wp-json\/wp\/v2\/media\/102789"}],"wp:attachment":[{"href":"https:\/\/truusk.store\/sv\/wp-json\/wp\/v2\/media?parent=102798"}],"wp:term":[{"taxonomy":"product_brand","embeddable":true,"href":"https:\/\/truusk.store\/sv\/wp-json\/wp\/v2\/product_brand?post=102798"},{"taxonomy":"product_cat","embeddable":true,"href":"https:\/\/truusk.store\/sv\/wp-json\/wp\/v2\/product_cat?post=102798"},{"taxonomy":"product_tag","embeddable":true,"href":"https:\/\/truusk.store\/sv\/wp-json\/wp\/v2\/product_tag?post=102798"}],"curies":[{"name":"wp","href":"https:\/\/api.w.org\/{rel}","templated":true}]}}