{"id":102808,"date":"2026-01-28T07:48:39","date_gmt":"2026-01-28T06:48:39","guid":{"rendered":"https:\/\/truusk.store\/product\/svavande-tv-bank-med-vikdorrar-underhallningscenter-vagghylla-skap-180-cm-hogglans-vit\/"},"modified":"2026-03-12T08:52:50","modified_gmt":"2026-03-12T07:52:50","slug":"truusk-svavande-tv-bank-med-vikdorrar-underhallningscenter-vagghylla-skap-180-cm-hogglans-vit","status":"publish","type":"product","link":"https:\/\/truusk.store\/sv\/produkt\/truusk-svavande-tv-bank-med-vikdorrar-underhallningscenter-vagghylla-skap-180-cm-hogglans-vit\/","title":{"rendered":"TRUUSK Sv\u00e4vande TV-b\u00e4nk med Vikd\u00f6rrar &#8211; Underh\u00e5llningscenter &#8211; V\u00e4gghylla &#8211; Sk\u00e5p 180 cm &#8211; H\u00f6gglans Vit"},"content":{"rendered":"<p>G\u00f6r ett st\u00f6kigt vardagsrum ditt hem mindre avkopplande? Detta [BRAND NAME]-TV-sk\u00e5pset erbjuder en elegant l\u00f6sning. Den flytande designen \u00f6ppnar upp golvytan, och m\u00e5ngsidigt f\u00f6rvaringsutrymme d\u00f6ljer oordning bakom gl\u00e4nsande d\u00f6rrar. F\u00f6rvandla ditt vardagsrum till en stilfull, organiserad trivseloas med detta harmoniska tredelade TV-sk\u00e5pset.<\/p>\n<p>Beskrivning:<\/p>\n<ul>\n<li> Detta kompletta tredelade set inkluderar ett TV-st\u00e4ll, ett sidobord och en medelstor hylla<\/li>\n<li> Den v\u00e4ggmonterade designen sparar v\u00e4rdefullt utrymme p\u00e5 golvet och underl\u00e4ttar reng\u00f6ring<\/li>\n<li> Har olika f\u00f6rvaringsm\u00f6jligheter, inklusive tv\u00e5 vikd\u00f6rrar och ett mediesk\u00e5p<\/li>\n<li> TV-sk\u00e5pset har en elegant h\u00f6gglansig vit finish, passande f\u00f6r moderna inredningar<\/li>\n<li> Tillverkad av E1-sp\u00e5nskiva, den b\u00e4r totalt upp till 60 kg<\/li>\n<li> Montering kr\u00e4vs<\/li>\n<\/ul>\n<p> Tekniska specifikationer:<\/p>\n<ul>\n<li> F\u00e4rg: H\u00f6gglans vit<\/li>\n<li> Material: Sp\u00e5nskiva, plast<\/li>\n<li> Totala dimensioner: 180B x 33T x 30H cm (TV-sk\u00e5p) 30,2B x 33T x 130H cm (Sidobord) 120B x 12T x 18H cm (V\u00e4gghylla)<\/li>\n<li> Inre storlek TV-sk\u00e5p (varje): 87,1B x 27T x 27H cm<\/li>\n<li> Inre storlek sidobord: 30B x 27T x 22,5H cm (Inre hylla) 30B x 27T x 23H cm (\u00d6ppet fack)<\/li>\n<li> F\u00f6rvaringsstorlek v\u00e4gghylla: 120B x 10,5T x 14,4H cm<\/li>\n<li> B\u00e4rkapacitet: 60 kg (Totalt) 5 kg (per hylla)<\/li>\n<\/ul>\n<p>Leverans inneh\u00e5ller:<\/p>\n<ul>\n<li> 1 x TV-st\u00e4ll<\/li>\n<li> 2 x Sk\u00e5p<\/li>\n<li> 1 x Hylla<\/li>\n<li> 1 x Handbok<\/li>\n<\/ul>\n","protected":false},"excerpt":{"rendered":"<p>G\u00f6r ett st\u00f6kigt vardagsrum ditt hem mindre avkopplande? Detta [BRAND NAME]-TV-sk\u00e5pset erbjuder en elegant l\u00f6sning. Den flytande designen \u00f6ppnar upp&#8230;<\/p>\n","protected":false},"featured_media":102799,"template":"","meta":[],"product_brand":[],"product_cat":[871,1007,910],"product_tag":[],"class_list":{"0":"post-102808","1":"product","2":"type-product","3":"status-publish","4":"has-post-thumbnail","6":"product_cat-hus-hem","7":"product_cat-tv-mobler","8":"product_cat-vardagsrum","10":"first","11":"instock","12":"sale","13":"taxable","14":"shipping-taxable","15":"purchasable","16":"product-type-simple"},"yoast_head":"<!-- This site is optimized with the Yoast SEO plugin v25.4 - https:\/\/yoast.com\/wordpress\/plugins\/seo\/ -->\n<title>TRUUSK Sv\u00e4vande TV-b\u00e4nk med Vikd\u00f6rrar - Underh\u00e5llningscenter - V\u00e4gghylla - Sk\u00e5p 180 cm - H\u00f6gglans Vit - TRUUSK - Hem, Tr\u00e4dg\u00e5rd &amp; Fritid<\/title>\n<meta name=\"robots\" content=\"index, follow, max-snippet:-1, max-image-preview:large, max-video-preview:-1\" \/>\n<link rel=\"canonical\" href=\"https:\/\/truusk.store\/sv\/produkt\/truusk-svavande-tv-bank-med-vikdorrar-underhallningscenter-vagghylla-skap-180-cm-hogglans-vit\/\" \/>\n<meta property=\"og:locale\" content=\"sv_SE\" \/>\n<meta property=\"og:type\" content=\"article\" \/>\n<meta property=\"og:title\" content=\"TRUUSK Sv\u00e4vande TV-b\u00e4nk med Vikd\u00f6rrar - Underh\u00e5llningscenter - V\u00e4gghylla - Sk\u00e5p 180 cm - H\u00f6gglans Vit - TRUUSK - Hem, Tr\u00e4dg\u00e5rd &amp; Fritid\" \/>\n<meta property=\"og:description\" content=\"G\u00f6r ett st\u00f6kigt vardagsrum ditt hem mindre avkopplande? Detta [BRAND NAME]-TV-sk\u00e5pset erbjuder en elegant l\u00f6sning. Den flytande designen \u00f6ppnar upp...\" \/>\n<meta property=\"og:url\" content=\"https:\/\/truusk.store\/sv\/produkt\/truusk-svavande-tv-bank-med-vikdorrar-underhallningscenter-vagghylla-skap-180-cm-hogglans-vit\/\" \/>\n<meta property=\"og:site_name\" content=\"TRUUSK - Hem, Tr\u00e4dg\u00e5rd &amp; Fritid\" \/>\n<meta property=\"article:modified_time\" content=\"2026-03-12T07:52:50+00:00\" \/>\n<meta property=\"og:image\" content=\"https:\/\/i0.wp.com\/truusk.se\/wp-content\/uploads\/2026\/01\/svavande-tv-bank-med-vikdorrar-underhallningscenter-vagghylla-skap-180-cm-hogglans-vit-1.webp?fit=2000%2C2000&ssl=1\" \/>\n\t<meta property=\"og:image:width\" content=\"2000\" \/>\n\t<meta property=\"og:image:height\" content=\"2000\" \/>\n\t<meta property=\"og:image:type\" content=\"image\/webp\" \/>\n<meta name=\"twitter:card\" content=\"summary_large_image\" \/>\n<meta name=\"twitter:label1\" content=\"Ber\u00e4knad l\u00e4stid\" \/>\n\t<meta name=\"twitter:data1\" content=\"1 minut\" \/>\n<!-- \/ Yoast SEO plugin. -->","yoast_head_json":{"title":"TRUUSK Sv\u00e4vande TV-b\u00e4nk med Vikd\u00f6rrar - Underh\u00e5llningscenter - V\u00e4gghylla - Sk\u00e5p 180 cm - H\u00f6gglans Vit - TRUUSK - Hem, Tr\u00e4dg\u00e5rd &amp; Fritid","robots":{"index":"index","follow":"follow","max-snippet":"max-snippet:-1","max-image-preview":"max-image-preview:large","max-video-preview":"max-video-preview:-1"},"canonical":"https:\/\/truusk.store\/sv\/produkt\/truusk-svavande-tv-bank-med-vikdorrar-underhallningscenter-vagghylla-skap-180-cm-hogglans-vit\/","og_locale":"sv_SE","og_type":"article","og_title":"TRUUSK Sv\u00e4vande TV-b\u00e4nk med Vikd\u00f6rrar - Underh\u00e5llningscenter - V\u00e4gghylla - Sk\u00e5p 180 cm - H\u00f6gglans Vit - TRUUSK - Hem, Tr\u00e4dg\u00e5rd &amp; Fritid","og_description":"G\u00f6r ett st\u00f6kigt vardagsrum ditt hem mindre avkopplande? Detta [BRAND NAME]-TV-sk\u00e5pset erbjuder en elegant l\u00f6sning. Den flytande designen \u00f6ppnar upp...","og_url":"https:\/\/truusk.store\/sv\/produkt\/truusk-svavande-tv-bank-med-vikdorrar-underhallningscenter-vagghylla-skap-180-cm-hogglans-vit\/","og_site_name":"TRUUSK - Hem, Tr\u00e4dg\u00e5rd &amp; Fritid","article_modified_time":"2026-03-12T07:52:50+00:00","og_image":[{"width":2000,"height":2000,"url":"https:\/\/i0.wp.com\/truusk.se\/wp-content\/uploads\/2026\/01\/svavande-tv-bank-med-vikdorrar-underhallningscenter-vagghylla-skap-180-cm-hogglans-vit-1.webp?fit=2000%2C2000&ssl=1","type":"image\/webp"}],"twitter_card":"summary_large_image","twitter_misc":{"Ber\u00e4knad l\u00e4stid":"1 minut"},"schema":{"@context":"https:\/\/schema.org","@graph":[{"@type":"WebPage","@id":"https:\/\/truusk.store\/sv\/produkt\/truusk-svavande-tv-bank-med-vikdorrar-underhallningscenter-vagghylla-skap-180-cm-hogglans-vit\/","url":"https:\/\/truusk.store\/sv\/produkt\/truusk-svavande-tv-bank-med-vikdorrar-underhallningscenter-vagghylla-skap-180-cm-hogglans-vit\/","name":"TRUUSK Sv\u00e4vande TV-b\u00e4nk med Vikd\u00f6rrar - Underh\u00e5llningscenter - V\u00e4gghylla - Sk\u00e5p 180 cm - H\u00f6gglans Vit - TRUUSK - Hem, Tr\u00e4dg\u00e5rd &amp; Fritid","isPartOf":{"@id":"https:\/\/truusk.store\/sv\/#website"},"primaryImageOfPage":{"@id":"https:\/\/truusk.store\/sv\/produkt\/truusk-svavande-tv-bank-med-vikdorrar-underhallningscenter-vagghylla-skap-180-cm-hogglans-vit\/#primaryimage"},"image":{"@id":"https:\/\/truusk.store\/sv\/produkt\/truusk-svavande-tv-bank-med-vikdorrar-underhallningscenter-vagghylla-skap-180-cm-hogglans-vit\/#primaryimage"},"thumbnailUrl":"https:\/\/i0.wp.com\/truusk.store\/wp-content\/uploads\/2026\/01\/svavande-tv-bank-med-vikdorrar-underhallningscenter-vagghylla-skap-180-cm-hogglans-vit-1.webp?fit=2000%2C2000&ssl=1","datePublished":"2026-01-28T06:48:39+00:00","dateModified":"2026-03-12T07:52:50+00:00","breadcrumb":{"@id":"https:\/\/truusk.store\/sv\/produkt\/truusk-svavande-tv-bank-med-vikdorrar-underhallningscenter-vagghylla-skap-180-cm-hogglans-vit\/#breadcrumb"},"inLanguage":"sv-SE","potentialAction":[{"@type":"ReadAction","target":["https:\/\/truusk.store\/sv\/produkt\/truusk-svavande-tv-bank-med-vikdorrar-underhallningscenter-vagghylla-skap-180-cm-hogglans-vit\/"]}]},{"@type":"ImageObject","inLanguage":"sv-SE","@id":"https:\/\/truusk.store\/sv\/produkt\/truusk-svavande-tv-bank-med-vikdorrar-underhallningscenter-vagghylla-skap-180-cm-hogglans-vit\/#primaryimage","url":"https:\/\/i0.wp.com\/truusk.store\/wp-content\/uploads\/2026\/01\/svavande-tv-bank-med-vikdorrar-underhallningscenter-vagghylla-skap-180-cm-hogglans-vit-1.webp?fit=2000%2C2000&ssl=1","contentUrl":"https:\/\/i0.wp.com\/truusk.store\/wp-content\/uploads\/2026\/01\/svavande-tv-bank-med-vikdorrar-underhallningscenter-vagghylla-skap-180-cm-hogglans-vit-1.webp?fit=2000%2C2000&ssl=1","width":2000,"height":2000},{"@type":"BreadcrumbList","@id":"https:\/\/truusk.store\/sv\/produkt\/truusk-svavande-tv-bank-med-vikdorrar-underhallningscenter-vagghylla-skap-180-cm-hogglans-vit\/#breadcrumb","itemListElement":[{"@type":"ListItem","position":1,"name":"Home","item":"https:\/\/truusk.store\/sv\/"},{"@type":"ListItem","position":2,"name":"Shop","item":"https:\/\/truusk.store\/shop\/"},{"@type":"ListItem","position":3,"name":"TRUUSK Sv\u00e4vande TV-b\u00e4nk med Vikd\u00f6rrar &#8211; Underh\u00e5llningscenter &#8211; V\u00e4gghylla &#8211; Sk\u00e5p 180 cm &#8211; H\u00f6gglans Vit"}]},{"@type":"WebSite","@id":"https:\/\/truusk.store\/sv\/#website","url":"https:\/\/truusk.store\/sv\/","name":"TRUUSK - Hem, Tr\u00e4dg\u00e5rd & Fritid","description":"","publisher":{"@id":"https:\/\/truusk.store\/sv\/#organization"},"potentialAction":[{"@type":"SearchAction","target":{"@type":"EntryPoint","urlTemplate":"https:\/\/truusk.store\/sv\/?s={search_term_string}"},"query-input":{"@type":"PropertyValueSpecification","valueRequired":true,"valueName":"search_term_string"}}],"inLanguage":"sv-SE"},{"@type":"Organization","@id":"https:\/\/truusk.store\/sv\/#organization","name":"TRUUSK - Hem, Tr\u00e4dg\u00e5rd & Fritid","url":"https:\/\/truusk.store\/sv\/","logo":{"@type":"ImageObject","inLanguage":"sv-SE","@id":"https:\/\/truusk.store\/sv\/#\/schema\/logo\/image\/","url":"https:\/\/i0.wp.com\/truusk.store\/wp-content\/uploads\/2026\/03\/cropped-TRUUSK.png?fit=2032%2C917&ssl=1","contentUrl":"https:\/\/i0.wp.com\/truusk.store\/wp-content\/uploads\/2026\/03\/cropped-TRUUSK.png?fit=2032%2C917&ssl=1","width":2032,"height":917,"caption":"TRUUSK - Hem, Tr\u00e4dg\u00e5rd & Fritid"},"image":{"@id":"https:\/\/truusk.store\/sv\/#\/schema\/logo\/image\/"}}]}},"jetpack_sharing_enabled":true,"_links":{"self":[{"href":"https:\/\/truusk.store\/sv\/wp-json\/wp\/v2\/product\/102808","targetHints":{"allow":["GET"]}}],"collection":[{"href":"https:\/\/truusk.store\/sv\/wp-json\/wp\/v2\/product"}],"about":[{"href":"https:\/\/truusk.store\/sv\/wp-json\/wp\/v2\/types\/product"}],"wp:featuredmedia":[{"embeddable":true,"href":"https:\/\/truusk.store\/sv\/wp-json\/wp\/v2\/media\/102799"}],"wp:attachment":[{"href":"https:\/\/truusk.store\/sv\/wp-json\/wp\/v2\/media?parent=102808"}],"wp:term":[{"taxonomy":"product_brand","embeddable":true,"href":"https:\/\/truusk.store\/sv\/wp-json\/wp\/v2\/product_brand?post=102808"},{"taxonomy":"product_cat","embeddable":true,"href":"https:\/\/truusk.store\/sv\/wp-json\/wp\/v2\/product_cat?post=102808"},{"taxonomy":"product_tag","embeddable":true,"href":"https:\/\/truusk.store\/sv\/wp-json\/wp\/v2\/product_tag?post=102808"}],"curies":[{"name":"wp","href":"https:\/\/api.w.org\/{rel}","templated":true}]}}