{"id":102818,"date":"2026-01-28T07:49:28","date_gmt":"2026-01-28T06:49:28","guid":{"rendered":"https:\/\/truusk.store\/product\/tv-skap-for-tv-apparater-upp-till-75-tum-modernt-underhallningscenter-med-2-skap-och-2-lador-hogglans-vit\/"},"modified":"2026-03-12T08:52:50","modified_gmt":"2026-03-12T07:52:50","slug":"truusk-tv-skap-for-tv-apparater-upp-till-75-tum-modernt-underhallningscenter-2-skap-och-2-lador-hogglans-vit","status":"publish","type":"product","link":"https:\/\/truusk.store\/sv\/produkt\/truusk-tv-skap-for-tv-apparater-upp-till-75-tum-modernt-underhallningscenter-2-skap-och-2-lador-hogglans-vit\/","title":{"rendered":"TRUUSK TV-sk\u00e5p f\u00f6r TV-apparater upp till 75 tum &#8211; Modernt underh\u00e5llningscenter &#8211; 2 sk\u00e5p och 2 l\u00e5dor &#8211; H\u00f6gglans vit"},"content":{"rendered":"<p>F\u00f6rvandla ditt vardagsrum med [BRAND NAME] TV-sk\u00e5p. Dess h\u00f6gglansiga finish och rena linjer skapar en modern atmosf\u00e4r. Den 180 cm l\u00e5nga bordsskivan rymmer TV-apparater upp till 75 tum. Tv\u00e5 sk\u00e5p och centrala l\u00e5dor i TV-bordet h\u00e5ller ordning, medan underh\u00e5llningselektronik och dekorationer integreras stilfullt. En prydlig look \u00e4r garanterad.<\/p>\n<p>Beskrivning:<\/p>\n<ul>\n<li> Har en slank, h\u00f6gglansig yta som skapar en ljus och modern atmosf\u00e4r<\/li>\n<li> 180 cm bred bordsskiva rymmer l\u00e4tt en stor 75-tums TV<\/li>\n<li> Tv\u00e5 sk\u00e5p och tv\u00e5 l\u00e5dor i TV-bordet h\u00e5ller dina medieartiklar prydligt dolda<\/li>\n<li> Soft-Close-g\u00e5ngj\u00e4rn p\u00e5 TV-kommoden garanterar en ljudl\u00f6s st\u00e4ngning av sk\u00e5pd\u00f6rrarna och f\u00f6rhindrar sm\u00e4llar och skador<\/li>\n<li> L\u00e4ttglidande l\u00e5dor med s\u00e4kerhetsstopp f\u00f6rhindrar att de dras ut helt<\/li>\n<li> Robust sp\u00e5nskivekonstruktion med en l\u00e4tt att reng\u00f6ra, vattenavvisande PVC-bel\u00e4ggning<\/li>\n<li> Fyra inbyggda kabel\u00f6ppningar hj\u00e4lper till att organisera kablar f\u00f6r en prydlig och ordnad inredning<\/li>\n<li> Monteringen kr\u00e4vs<\/li>\n<\/ul>\n<p> Tekniska specifikationer:<\/p>\n<ul>\n<li> F\u00e4rg: H\u00f6gglans vit<\/li>\n<li> Material: Sp\u00e5nskiva<\/li>\n<li> Totala m\u00e5tt: 180B x 40D x 66H cm<\/li>\n<li> Inre storlek p\u00e5 sk\u00e5pet: 60B x 37D x 55H cm<\/li>\n<li> Inre storlek p\u00e5 l\u00e5dan: 48B x 29D x 8,5H cm<\/li>\n<li> Kabelh\u00e5lsstorlek: \u00d85 cm<\/li>\n<li> H\u00f6jd fr\u00e5n golvet: 8 cm<\/li>\n<li> Passar f\u00f6r TV-storlek: 75&#8243;<\/li>\n<li> B\u00e4rkapacitet: 60 kg (totalt), 40 kg (bordsskiva), 5 kg (sk\u00e5p\/l\u00e5da)<\/li>\n<\/ul>\n<p>Leverans inneh\u00e5ller:<\/p>\n<ul>\n<li> 1 x TV-sk\u00e5p<\/li>\n<li> 1 x Instruktion<\/li>\n<\/ul>\n","protected":false},"excerpt":{"rendered":"<p>F\u00f6rvandla ditt vardagsrum med [BRAND NAME] TV-sk\u00e5p. Dess h\u00f6gglansiga finish och rena linjer skapar en modern atmosf\u00e4r. Den 180 cm&#8230;<\/p>\n","protected":false},"featured_media":102809,"template":"","meta":[],"product_brand":[],"product_cat":[871,1007,910],"product_tag":[],"class_list":{"0":"post-102818","1":"product","2":"type-product","3":"status-publish","4":"has-post-thumbnail","6":"product_cat-hus-hem","7":"product_cat-tv-mobler","8":"product_cat-vardagsrum","10":"first","11":"instock","12":"sale","13":"taxable","14":"shipping-taxable","15":"purchasable","16":"product-type-simple"},"yoast_head":"<!-- This site is optimized with the Yoast SEO plugin v25.4 - https:\/\/yoast.com\/wordpress\/plugins\/seo\/ -->\n<title>TRUUSK TV-sk\u00e5p f\u00f6r TV-apparater upp till 75 tum - Modernt underh\u00e5llningscenter - 2 sk\u00e5p och 2 l\u00e5dor - H\u00f6gglans vit - TRUUSK - Hem, Tr\u00e4dg\u00e5rd &amp; Fritid<\/title>\n<meta name=\"robots\" content=\"index, follow, max-snippet:-1, max-image-preview:large, max-video-preview:-1\" \/>\n<link rel=\"canonical\" href=\"https:\/\/truusk.store\/sv\/produkt\/truusk-tv-skap-for-tv-apparater-upp-till-75-tum-modernt-underhallningscenter-2-skap-och-2-lador-hogglans-vit\/\" \/>\n<meta property=\"og:locale\" content=\"sv_SE\" \/>\n<meta property=\"og:type\" content=\"article\" \/>\n<meta property=\"og:title\" content=\"TRUUSK TV-sk\u00e5p f\u00f6r TV-apparater upp till 75 tum - Modernt underh\u00e5llningscenter - 2 sk\u00e5p och 2 l\u00e5dor - H\u00f6gglans vit - TRUUSK - Hem, Tr\u00e4dg\u00e5rd &amp; Fritid\" \/>\n<meta property=\"og:description\" content=\"F\u00f6rvandla ditt vardagsrum med [BRAND NAME] TV-sk\u00e5p. Dess h\u00f6gglansiga finish och rena linjer skapar en modern atmosf\u00e4r. Den 180 cm...\" \/>\n<meta property=\"og:url\" content=\"https:\/\/truusk.store\/sv\/produkt\/truusk-tv-skap-for-tv-apparater-upp-till-75-tum-modernt-underhallningscenter-2-skap-och-2-lador-hogglans-vit\/\" \/>\n<meta property=\"og:site_name\" content=\"TRUUSK - Hem, Tr\u00e4dg\u00e5rd &amp; Fritid\" \/>\n<meta property=\"article:modified_time\" content=\"2026-03-12T07:52:50+00:00\" \/>\n<meta property=\"og:image\" content=\"https:\/\/i0.wp.com\/truusk.se\/wp-content\/uploads\/2026\/01\/tv-skap-for-tv-apparater-upp-till-75-tum-modernt-underhallningscenter-med-2-skap-och-2-lador-hogglans-vit-1.webp?fit=2000%2C2000&ssl=1\" \/>\n\t<meta property=\"og:image:width\" content=\"2000\" \/>\n\t<meta property=\"og:image:height\" content=\"2000\" \/>\n\t<meta property=\"og:image:type\" content=\"image\/webp\" \/>\n<meta name=\"twitter:card\" content=\"summary_large_image\" \/>\n<meta name=\"twitter:label1\" content=\"Ber\u00e4knad l\u00e4stid\" \/>\n\t<meta name=\"twitter:data1\" content=\"1 minut\" \/>\n<!-- \/ Yoast SEO plugin. -->","yoast_head_json":{"title":"TRUUSK TV-sk\u00e5p f\u00f6r TV-apparater upp till 75 tum - Modernt underh\u00e5llningscenter - 2 sk\u00e5p och 2 l\u00e5dor - H\u00f6gglans vit - TRUUSK - Hem, Tr\u00e4dg\u00e5rd &amp; Fritid","robots":{"index":"index","follow":"follow","max-snippet":"max-snippet:-1","max-image-preview":"max-image-preview:large","max-video-preview":"max-video-preview:-1"},"canonical":"https:\/\/truusk.store\/sv\/produkt\/truusk-tv-skap-for-tv-apparater-upp-till-75-tum-modernt-underhallningscenter-2-skap-och-2-lador-hogglans-vit\/","og_locale":"sv_SE","og_type":"article","og_title":"TRUUSK TV-sk\u00e5p f\u00f6r TV-apparater upp till 75 tum - Modernt underh\u00e5llningscenter - 2 sk\u00e5p och 2 l\u00e5dor - H\u00f6gglans vit - TRUUSK - Hem, Tr\u00e4dg\u00e5rd &amp; Fritid","og_description":"F\u00f6rvandla ditt vardagsrum med [BRAND NAME] TV-sk\u00e5p. Dess h\u00f6gglansiga finish och rena linjer skapar en modern atmosf\u00e4r. Den 180 cm...","og_url":"https:\/\/truusk.store\/sv\/produkt\/truusk-tv-skap-for-tv-apparater-upp-till-75-tum-modernt-underhallningscenter-2-skap-och-2-lador-hogglans-vit\/","og_site_name":"TRUUSK - Hem, Tr\u00e4dg\u00e5rd &amp; Fritid","article_modified_time":"2026-03-12T07:52:50+00:00","og_image":[{"width":2000,"height":2000,"url":"https:\/\/i0.wp.com\/truusk.se\/wp-content\/uploads\/2026\/01\/tv-skap-for-tv-apparater-upp-till-75-tum-modernt-underhallningscenter-med-2-skap-och-2-lador-hogglans-vit-1.webp?fit=2000%2C2000&ssl=1","type":"image\/webp"}],"twitter_card":"summary_large_image","twitter_misc":{"Ber\u00e4knad l\u00e4stid":"1 minut"},"schema":{"@context":"https:\/\/schema.org","@graph":[{"@type":"WebPage","@id":"https:\/\/truusk.store\/sv\/produkt\/truusk-tv-skap-for-tv-apparater-upp-till-75-tum-modernt-underhallningscenter-2-skap-och-2-lador-hogglans-vit\/","url":"https:\/\/truusk.store\/sv\/produkt\/truusk-tv-skap-for-tv-apparater-upp-till-75-tum-modernt-underhallningscenter-2-skap-och-2-lador-hogglans-vit\/","name":"TRUUSK TV-sk\u00e5p f\u00f6r TV-apparater upp till 75 tum - Modernt underh\u00e5llningscenter - 2 sk\u00e5p och 2 l\u00e5dor - H\u00f6gglans vit - TRUUSK - Hem, Tr\u00e4dg\u00e5rd &amp; Fritid","isPartOf":{"@id":"https:\/\/truusk.store\/sv\/#website"},"primaryImageOfPage":{"@id":"https:\/\/truusk.store\/sv\/produkt\/truusk-tv-skap-for-tv-apparater-upp-till-75-tum-modernt-underhallningscenter-2-skap-och-2-lador-hogglans-vit\/#primaryimage"},"image":{"@id":"https:\/\/truusk.store\/sv\/produkt\/truusk-tv-skap-for-tv-apparater-upp-till-75-tum-modernt-underhallningscenter-2-skap-och-2-lador-hogglans-vit\/#primaryimage"},"thumbnailUrl":"https:\/\/i0.wp.com\/truusk.store\/wp-content\/uploads\/2026\/01\/tv-skap-for-tv-apparater-upp-till-75-tum-modernt-underhallningscenter-med-2-skap-och-2-lador-hogglans-vit-1.webp?fit=2000%2C2000&ssl=1","datePublished":"2026-01-28T06:49:28+00:00","dateModified":"2026-03-12T07:52:50+00:00","breadcrumb":{"@id":"https:\/\/truusk.store\/sv\/produkt\/truusk-tv-skap-for-tv-apparater-upp-till-75-tum-modernt-underhallningscenter-2-skap-och-2-lador-hogglans-vit\/#breadcrumb"},"inLanguage":"sv-SE","potentialAction":[{"@type":"ReadAction","target":["https:\/\/truusk.store\/sv\/produkt\/truusk-tv-skap-for-tv-apparater-upp-till-75-tum-modernt-underhallningscenter-2-skap-och-2-lador-hogglans-vit\/"]}]},{"@type":"ImageObject","inLanguage":"sv-SE","@id":"https:\/\/truusk.store\/sv\/produkt\/truusk-tv-skap-for-tv-apparater-upp-till-75-tum-modernt-underhallningscenter-2-skap-och-2-lador-hogglans-vit\/#primaryimage","url":"https:\/\/i0.wp.com\/truusk.store\/wp-content\/uploads\/2026\/01\/tv-skap-for-tv-apparater-upp-till-75-tum-modernt-underhallningscenter-med-2-skap-och-2-lador-hogglans-vit-1.webp?fit=2000%2C2000&ssl=1","contentUrl":"https:\/\/i0.wp.com\/truusk.store\/wp-content\/uploads\/2026\/01\/tv-skap-for-tv-apparater-upp-till-75-tum-modernt-underhallningscenter-med-2-skap-och-2-lador-hogglans-vit-1.webp?fit=2000%2C2000&ssl=1","width":2000,"height":2000},{"@type":"BreadcrumbList","@id":"https:\/\/truusk.store\/sv\/produkt\/truusk-tv-skap-for-tv-apparater-upp-till-75-tum-modernt-underhallningscenter-2-skap-och-2-lador-hogglans-vit\/#breadcrumb","itemListElement":[{"@type":"ListItem","position":1,"name":"Home","item":"https:\/\/truusk.store\/sv\/"},{"@type":"ListItem","position":2,"name":"Shop","item":"https:\/\/truusk.store\/shop\/"},{"@type":"ListItem","position":3,"name":"TRUUSK TV-sk\u00e5p f\u00f6r TV-apparater upp till 75 tum &#8211; Modernt underh\u00e5llningscenter &#8211; 2 sk\u00e5p och 2 l\u00e5dor &#8211; H\u00f6gglans vit"}]},{"@type":"WebSite","@id":"https:\/\/truusk.store\/sv\/#website","url":"https:\/\/truusk.store\/sv\/","name":"TRUUSK - Hem, Tr\u00e4dg\u00e5rd & Fritid","description":"","publisher":{"@id":"https:\/\/truusk.store\/sv\/#organization"},"potentialAction":[{"@type":"SearchAction","target":{"@type":"EntryPoint","urlTemplate":"https:\/\/truusk.store\/sv\/?s={search_term_string}"},"query-input":{"@type":"PropertyValueSpecification","valueRequired":true,"valueName":"search_term_string"}}],"inLanguage":"sv-SE"},{"@type":"Organization","@id":"https:\/\/truusk.store\/sv\/#organization","name":"TRUUSK - Hem, Tr\u00e4dg\u00e5rd & Fritid","url":"https:\/\/truusk.store\/sv\/","logo":{"@type":"ImageObject","inLanguage":"sv-SE","@id":"https:\/\/truusk.store\/sv\/#\/schema\/logo\/image\/","url":"https:\/\/i0.wp.com\/truusk.store\/wp-content\/uploads\/2026\/03\/cropped-TRUUSK.png?fit=2032%2C917&ssl=1","contentUrl":"https:\/\/i0.wp.com\/truusk.store\/wp-content\/uploads\/2026\/03\/cropped-TRUUSK.png?fit=2032%2C917&ssl=1","width":2032,"height":917,"caption":"TRUUSK - Hem, Tr\u00e4dg\u00e5rd & Fritid"},"image":{"@id":"https:\/\/truusk.store\/sv\/#\/schema\/logo\/image\/"}}]}},"jetpack_sharing_enabled":true,"_links":{"self":[{"href":"https:\/\/truusk.store\/sv\/wp-json\/wp\/v2\/product\/102818","targetHints":{"allow":["GET"]}}],"collection":[{"href":"https:\/\/truusk.store\/sv\/wp-json\/wp\/v2\/product"}],"about":[{"href":"https:\/\/truusk.store\/sv\/wp-json\/wp\/v2\/types\/product"}],"wp:featuredmedia":[{"embeddable":true,"href":"https:\/\/truusk.store\/sv\/wp-json\/wp\/v2\/media\/102809"}],"wp:attachment":[{"href":"https:\/\/truusk.store\/sv\/wp-json\/wp\/v2\/media?parent=102818"}],"wp:term":[{"taxonomy":"product_brand","embeddable":true,"href":"https:\/\/truusk.store\/sv\/wp-json\/wp\/v2\/product_brand?post=102818"},{"taxonomy":"product_cat","embeddable":true,"href":"https:\/\/truusk.store\/sv\/wp-json\/wp\/v2\/product_cat?post=102818"},{"taxonomy":"product_tag","embeddable":true,"href":"https:\/\/truusk.store\/sv\/wp-json\/wp\/v2\/product_tag?post=102818"}],"curies":[{"name":"wp","href":"https:\/\/api.w.org\/{rel}","templated":true}]}}