{"id":102828,"date":"2026-01-28T07:50:24","date_gmt":"2026-01-28T06:50:24","guid":{"rendered":"https:\/\/truusk.store\/product\/skoskap-i-hogglans-skoforvaring-med-justerbara-hyllplan-for-hall-entre-plats-for-10-par-vit\/"},"modified":"2026-03-12T08:52:51","modified_gmt":"2026-03-12T07:52:51","slug":"truusk-skohylla-i-hogglans-justerbara-hyllplan-for-hall-och-entre-plats-for-10-par-vit","status":"publish","type":"product","link":"https:\/\/truusk.store\/sv\/produkt\/truusk-skohylla-i-hogglans-justerbara-hyllplan-for-hall-och-entre-plats-for-10-par-vit\/","title":{"rendered":"TRUUSK Skohylla i H\u00f6gglans &#8211; Justerbara hyllplan &#8211; F\u00f6r hall och entr\u00e9 &#8211; Plats f\u00f6r 10 par &#8211; Vit"},"content":{"rendered":"<p>H\u00e5ll din skosamling snygg och stilfull med [BRAND NAME] skosk\u00e5p! F\u00f6rvara upp till 10 par skor (upp till storlek EU 45) och skydda dem mot damm bakom eleganta d\u00f6rrar. Anpassa de tre hyllplanen individuellt f\u00f6r att perfekt rymma platta skor, sneakers eller st\u00f6vlar. Dess minimalistiska design och sl\u00e4ta yta ger korridorer, sovrum eller vardagsrum en modern charm och g\u00f6r skof\u00f6rvaring b\u00e5de praktisk och stilfull.<\/p>\n<p>Beskrivning:<\/p>\n<ul>\n<li> Rymmer upp till 10 par skor och ger ordning och l\u00e4tt tillg\u00e4nglighet<\/li>\n<li> St\u00e4ngda d\u00f6rrar skyddar skorna mot damm och s\u00e4kerst\u00e4ller en organiserad organisation<\/li>\n<li> Justerbara hyllplan i skosk\u00e5pet ger plats f\u00f6r platta skor, sneakers eller till och med klumpiga st\u00f6vlar<\/li>\n<li> H\u00f6gglanspaneler ger varje rum, fr\u00e5n sovrum till entr\u00e9omr\u00e5den, en modern och elegant touch<\/li>\n<li> Konstruktion av melamin-sp\u00e5nskiva s\u00e4kerst\u00e4ller enkel v\u00e5rd och tillf\u00f6rlitlig anv\u00e4ndning<\/li>\n<li> Kippskyddsbeslag av hallsk\u00e5pet ger extra s\u00e4kerhet och ger en lugnande k\u00e4nsla<\/li>\n<li> Enkla att f\u00f6lja instruktioner underl\u00e4ttar montering och m\u00f6jligg\u00f6r en problemfri installation.<\/li>\n<\/ul>\n<p> Tekniska specifikationer:<\/p>\n<ul>\n<li> F\u00e4rg: H\u00f6gglans Vit<\/li>\n<li> Material: Sp\u00e5nskiva<\/li>\n<li> Totala dimensioner: 55B x 36T x 108H cm<\/li>\n<li> Sk\u00e5pinsida dimensioner: 51,6B x 32,2T x 102H cm<\/li>\n<li> Lagringskapacitet: 10 par skor<\/li>\n<li> Max skostorlek: EU 45<\/li>\n<li> Belastningskapacitet: 5 kg (per hylla), 40 kg (totalt)<\/li>\n<\/ul>\n<p>Leverans inneh\u00e5ller:<\/p>\n<ul>\n<li> 1 x Skosk\u00e5p<\/li>\n<li> 1 x Instruktion<\/li>\n<\/ul>\n","protected":false},"excerpt":{"rendered":"<p>H\u00e5ll din skosamling snygg och stilfull med [BRAND NAME] skosk\u00e5p! F\u00f6rvara upp till 10 par skor (upp till storlek EU&#8230;<\/p>\n","protected":false},"featured_media":102819,"template":"","meta":[],"product_brand":[],"product_cat":[893,871,530],"product_tag":[],"class_list":{"0":"post-102828","1":"product","2":"type-product","3":"status-publish","4":"has-post-thumbnail","6":"product_cat-garderob-hall","7":"product_cat-hus-hem","8":"product_cat-skoskap","10":"first","11":"instock","12":"sale","13":"taxable","14":"shipping-taxable","15":"purchasable","16":"product-type-simple"},"yoast_head":"<!-- This site is optimized with the Yoast SEO plugin v25.4 - https:\/\/yoast.com\/wordpress\/plugins\/seo\/ -->\n<title>TRUUSK Skohylla i H\u00f6gglans - Justerbara hyllplan - F\u00f6r hall och entr\u00e9 - Plats f\u00f6r 10 par - Vit - TRUUSK - Hem, Tr\u00e4dg\u00e5rd &amp; Fritid<\/title>\n<meta name=\"robots\" content=\"index, follow, max-snippet:-1, max-image-preview:large, max-video-preview:-1\" \/>\n<link rel=\"canonical\" href=\"https:\/\/truusk.store\/sv\/produkt\/truusk-skohylla-i-hogglans-justerbara-hyllplan-for-hall-och-entre-plats-for-10-par-vit\/\" \/>\n<meta property=\"og:locale\" content=\"sv_SE\" \/>\n<meta property=\"og:type\" content=\"article\" \/>\n<meta property=\"og:title\" content=\"TRUUSK Skohylla i H\u00f6gglans - Justerbara hyllplan - F\u00f6r hall och entr\u00e9 - Plats f\u00f6r 10 par - Vit - TRUUSK - Hem, Tr\u00e4dg\u00e5rd &amp; Fritid\" \/>\n<meta property=\"og:description\" content=\"H\u00e5ll din skosamling snygg och stilfull med [BRAND NAME] skosk\u00e5p! F\u00f6rvara upp till 10 par skor (upp till storlek EU...\" \/>\n<meta property=\"og:url\" content=\"https:\/\/truusk.store\/sv\/produkt\/truusk-skohylla-i-hogglans-justerbara-hyllplan-for-hall-och-entre-plats-for-10-par-vit\/\" \/>\n<meta property=\"og:site_name\" content=\"TRUUSK - Hem, Tr\u00e4dg\u00e5rd &amp; Fritid\" \/>\n<meta property=\"article:modified_time\" content=\"2026-03-12T07:52:51+00:00\" \/>\n<meta property=\"og:image\" content=\"https:\/\/i0.wp.com\/truusk.se\/wp-content\/uploads\/2026\/01\/skoskap-i-hogglans-skoforvaring-med-justerbara-hyllplan-for-hall-entre-plats-for-10-par-vit-1.webp?fit=2000%2C2000&ssl=1\" \/>\n\t<meta property=\"og:image:width\" content=\"2000\" \/>\n\t<meta property=\"og:image:height\" content=\"2000\" \/>\n\t<meta property=\"og:image:type\" content=\"image\/webp\" \/>\n<meta name=\"twitter:card\" content=\"summary_large_image\" \/>\n<meta name=\"twitter:label1\" content=\"Ber\u00e4knad l\u00e4stid\" \/>\n\t<meta name=\"twitter:data1\" content=\"1 minut\" \/>\n<!-- \/ Yoast SEO plugin. -->","yoast_head_json":{"title":"TRUUSK Skohylla i H\u00f6gglans - Justerbara hyllplan - F\u00f6r hall och entr\u00e9 - Plats f\u00f6r 10 par - Vit - TRUUSK - Hem, Tr\u00e4dg\u00e5rd &amp; Fritid","robots":{"index":"index","follow":"follow","max-snippet":"max-snippet:-1","max-image-preview":"max-image-preview:large","max-video-preview":"max-video-preview:-1"},"canonical":"https:\/\/truusk.store\/sv\/produkt\/truusk-skohylla-i-hogglans-justerbara-hyllplan-for-hall-och-entre-plats-for-10-par-vit\/","og_locale":"sv_SE","og_type":"article","og_title":"TRUUSK Skohylla i H\u00f6gglans - Justerbara hyllplan - F\u00f6r hall och entr\u00e9 - Plats f\u00f6r 10 par - Vit - TRUUSK - Hem, Tr\u00e4dg\u00e5rd &amp; Fritid","og_description":"H\u00e5ll din skosamling snygg och stilfull med [BRAND NAME] skosk\u00e5p! F\u00f6rvara upp till 10 par skor (upp till storlek EU...","og_url":"https:\/\/truusk.store\/sv\/produkt\/truusk-skohylla-i-hogglans-justerbara-hyllplan-for-hall-och-entre-plats-for-10-par-vit\/","og_site_name":"TRUUSK - Hem, Tr\u00e4dg\u00e5rd &amp; Fritid","article_modified_time":"2026-03-12T07:52:51+00:00","og_image":[{"width":2000,"height":2000,"url":"https:\/\/i0.wp.com\/truusk.se\/wp-content\/uploads\/2026\/01\/skoskap-i-hogglans-skoforvaring-med-justerbara-hyllplan-for-hall-entre-plats-for-10-par-vit-1.webp?fit=2000%2C2000&ssl=1","type":"image\/webp"}],"twitter_card":"summary_large_image","twitter_misc":{"Ber\u00e4knad l\u00e4stid":"1 minut"},"schema":{"@context":"https:\/\/schema.org","@graph":[{"@type":"WebPage","@id":"https:\/\/truusk.store\/sv\/produkt\/truusk-skohylla-i-hogglans-justerbara-hyllplan-for-hall-och-entre-plats-for-10-par-vit\/","url":"https:\/\/truusk.store\/sv\/produkt\/truusk-skohylla-i-hogglans-justerbara-hyllplan-for-hall-och-entre-plats-for-10-par-vit\/","name":"TRUUSK Skohylla i H\u00f6gglans - Justerbara hyllplan - F\u00f6r hall och entr\u00e9 - Plats f\u00f6r 10 par - Vit - TRUUSK - Hem, Tr\u00e4dg\u00e5rd &amp; Fritid","isPartOf":{"@id":"https:\/\/truusk.store\/sv\/#website"},"primaryImageOfPage":{"@id":"https:\/\/truusk.store\/sv\/produkt\/truusk-skohylla-i-hogglans-justerbara-hyllplan-for-hall-och-entre-plats-for-10-par-vit\/#primaryimage"},"image":{"@id":"https:\/\/truusk.store\/sv\/produkt\/truusk-skohylla-i-hogglans-justerbara-hyllplan-for-hall-och-entre-plats-for-10-par-vit\/#primaryimage"},"thumbnailUrl":"https:\/\/i0.wp.com\/truusk.store\/wp-content\/uploads\/2026\/01\/skoskap-i-hogglans-skoforvaring-med-justerbara-hyllplan-for-hall-entre-plats-for-10-par-vit-1.webp?fit=2000%2C2000&ssl=1","datePublished":"2026-01-28T06:50:24+00:00","dateModified":"2026-03-12T07:52:51+00:00","breadcrumb":{"@id":"https:\/\/truusk.store\/sv\/produkt\/truusk-skohylla-i-hogglans-justerbara-hyllplan-for-hall-och-entre-plats-for-10-par-vit\/#breadcrumb"},"inLanguage":"sv-SE","potentialAction":[{"@type":"ReadAction","target":["https:\/\/truusk.store\/sv\/produkt\/truusk-skohylla-i-hogglans-justerbara-hyllplan-for-hall-och-entre-plats-for-10-par-vit\/"]}]},{"@type":"ImageObject","inLanguage":"sv-SE","@id":"https:\/\/truusk.store\/sv\/produkt\/truusk-skohylla-i-hogglans-justerbara-hyllplan-for-hall-och-entre-plats-for-10-par-vit\/#primaryimage","url":"https:\/\/i0.wp.com\/truusk.store\/wp-content\/uploads\/2026\/01\/skoskap-i-hogglans-skoforvaring-med-justerbara-hyllplan-for-hall-entre-plats-for-10-par-vit-1.webp?fit=2000%2C2000&ssl=1","contentUrl":"https:\/\/i0.wp.com\/truusk.store\/wp-content\/uploads\/2026\/01\/skoskap-i-hogglans-skoforvaring-med-justerbara-hyllplan-for-hall-entre-plats-for-10-par-vit-1.webp?fit=2000%2C2000&ssl=1","width":2000,"height":2000},{"@type":"BreadcrumbList","@id":"https:\/\/truusk.store\/sv\/produkt\/truusk-skohylla-i-hogglans-justerbara-hyllplan-for-hall-och-entre-plats-for-10-par-vit\/#breadcrumb","itemListElement":[{"@type":"ListItem","position":1,"name":"Home","item":"https:\/\/truusk.store\/sv\/"},{"@type":"ListItem","position":2,"name":"Shop","item":"https:\/\/truusk.store\/shop\/"},{"@type":"ListItem","position":3,"name":"TRUUSK Skohylla i H\u00f6gglans &#8211; Justerbara hyllplan &#8211; F\u00f6r hall och entr\u00e9 &#8211; Plats f\u00f6r 10 par &#8211; Vit"}]},{"@type":"WebSite","@id":"https:\/\/truusk.store\/sv\/#website","url":"https:\/\/truusk.store\/sv\/","name":"TRUUSK - Hem, Tr\u00e4dg\u00e5rd & Fritid","description":"","publisher":{"@id":"https:\/\/truusk.store\/sv\/#organization"},"potentialAction":[{"@type":"SearchAction","target":{"@type":"EntryPoint","urlTemplate":"https:\/\/truusk.store\/sv\/?s={search_term_string}"},"query-input":{"@type":"PropertyValueSpecification","valueRequired":true,"valueName":"search_term_string"}}],"inLanguage":"sv-SE"},{"@type":"Organization","@id":"https:\/\/truusk.store\/sv\/#organization","name":"TRUUSK - Hem, Tr\u00e4dg\u00e5rd & Fritid","url":"https:\/\/truusk.store\/sv\/","logo":{"@type":"ImageObject","inLanguage":"sv-SE","@id":"https:\/\/truusk.store\/sv\/#\/schema\/logo\/image\/","url":"https:\/\/i0.wp.com\/truusk.store\/wp-content\/uploads\/2026\/03\/cropped-TRUUSK.png?fit=2032%2C917&ssl=1","contentUrl":"https:\/\/i0.wp.com\/truusk.store\/wp-content\/uploads\/2026\/03\/cropped-TRUUSK.png?fit=2032%2C917&ssl=1","width":2032,"height":917,"caption":"TRUUSK - Hem, Tr\u00e4dg\u00e5rd & Fritid"},"image":{"@id":"https:\/\/truusk.store\/sv\/#\/schema\/logo\/image\/"}}]}},"jetpack_sharing_enabled":true,"_links":{"self":[{"href":"https:\/\/truusk.store\/sv\/wp-json\/wp\/v2\/product\/102828","targetHints":{"allow":["GET"]}}],"collection":[{"href":"https:\/\/truusk.store\/sv\/wp-json\/wp\/v2\/product"}],"about":[{"href":"https:\/\/truusk.store\/sv\/wp-json\/wp\/v2\/types\/product"}],"wp:featuredmedia":[{"embeddable":true,"href":"https:\/\/truusk.store\/sv\/wp-json\/wp\/v2\/media\/102819"}],"wp:attachment":[{"href":"https:\/\/truusk.store\/sv\/wp-json\/wp\/v2\/media?parent=102828"}],"wp:term":[{"taxonomy":"product_brand","embeddable":true,"href":"https:\/\/truusk.store\/sv\/wp-json\/wp\/v2\/product_brand?post=102828"},{"taxonomy":"product_cat","embeddable":true,"href":"https:\/\/truusk.store\/sv\/wp-json\/wp\/v2\/product_cat?post=102828"},{"taxonomy":"product_tag","embeddable":true,"href":"https:\/\/truusk.store\/sv\/wp-json\/wp\/v2\/product_tag?post=102828"}],"curies":[{"name":"wp","href":"https:\/\/api.w.org\/{rel}","templated":true}]}}