{"id":102838,"date":"2026-01-28T07:51:36","date_gmt":"2026-01-28T06:51:36","guid":{"rendered":"https:\/\/truusk.store\/product\/2-pack-spalje-med-planteringslada-blomlada-med-draneringshal-timer-bevattningssystem-80-x-40-x-136-cm-brun\/"},"modified":"2026-03-12T08:52:51","modified_gmt":"2026-03-12T07:52:51","slug":"truusk-2-pack-spalje-med-planteringslada-brun-med-draneringshal-timer-bevattningssystem-80-x-40-x-136-cm","status":"publish","type":"product","link":"https:\/\/truusk.store\/sv\/produkt\/truusk-2-pack-spalje-med-planteringslada-brun-med-draneringshal-timer-bevattningssystem-80-x-40-x-136-cm\/","title":{"rendered":"TRUUSK 2-pack Spalj\u00e9 Med Planteringsl\u00e5da &#8211; Brun &#8211; Med Dr\u00e4neringsh\u00e5l &#8211; Timer Bevattningssystem &#8211; 80 X 40 X 136 Cm"},"content":{"rendered":"<p>Den h\u00e4r [BRAND NAME] bloml\u00e5dan med kl\u00e4tterst\u00f6d erbjuder platsbesparande tr\u00e4dg\u00e5rdssk\u00f6tsel med intelligent bevattningssystem. Den automatiska timern m\u00f6jligg\u00f6r upp till 4 timmars handsfree bevattning, medan dr\u00e4neringsh\u00e5l och vattenreservoarer s\u00e4kerst\u00e4ller optimal fuktighet. Den stiliga rottingutseendet p\u00e5 bloml\u00e5dan med kl\u00e4tterst\u00f6d garanterar h\u00e5llbarhet och ger varje terrass eller balkong en estetisk uppgradering.<\/p>\n<p>Beskrivning:<\/p>\n<ul>\n<li> Automatisk timer m\u00f6jligg\u00f6r handsfree bevattning i upp till 4 timmar<\/li>\n<li> Levereras med 2 spraymunstycken och 3 m flexibel slang f\u00f6r riktad bevattning<\/li>\n<li> Inbyggd beh\u00e5llare och dr\u00e4neringsh\u00e5l hj\u00e4lper till att uppr\u00e4tth\u00e5lla r\u00e4tt jordfuktighet<\/li>\n<li> H\u00f6gb\u00e4ddsdesign h\u00e5ller v\u00e4xterna borta fr\u00e5n marken och skyddar mot skadedjur<\/li>\n<li> H\u00f6gt kl\u00e4tterst\u00f6d st\u00f6djer kl\u00e4tterv\u00e4xter, rankor och blommande tillv\u00e4xt<\/li>\n<li> Modul\u00e4r design m\u00f6jligg\u00f6r flexibla layoutarrangemang<\/li>\n<li> Plastmaterial motst\u00e5r blekning, sprickbildning och f\u00f6rvr\u00e4ngning utomhus<\/li>\n<li> Rottingutseendet ger terrasser och balkonger en dekorativ touch.<\/li>\n<\/ul>\n<p> Tekniska data:<\/p>\n<ul>\n<li> F\u00e4rg: Brun<\/li>\n<li> Material: Plast<\/li>\n<li> Totala dimensioner: 80L x 40B x 136H cm<\/li>\n<li> Storlek p\u00e5 planteringsomr\u00e5det: 78L x 38B x 30H cm<\/li>\n<li> B\u00e4rkapacitet: 20 kg<\/li>\n<\/ul>\n<p>Ing\u00e5r:<\/p>\n<ul>\n<li> 1 x h\u00f6gb\u00e4dd med spalj\u00e9<\/li>\n<li> 1 x handbok<\/li>\n<\/ul>\n","protected":false},"excerpt":{"rendered":"<p>Den h\u00e4r [BRAND NAME] bloml\u00e5dan med kl\u00e4tterst\u00f6d erbjuder platsbesparande tr\u00e4dg\u00e5rdssk\u00f6tsel med intelligent bevattningssystem. Den automatiska timern m\u00f6jligg\u00f6r upp till 4&#8230;<\/p>\n","protected":false},"featured_media":102829,"template":"","meta":[],"product_brand":[],"product_cat":[924,858,443],"product_tag":[],"class_list":{"0":"post-102838","1":"product","2":"type-product","3":"status-publish","4":"has-post-thumbnail","6":"product_cat-plantkarl","7":"product_cat-tradgard-terrass","8":"product_cat-vaxthus-tradgardsskotsel","10":"first","11":"instock","12":"sale","13":"taxable","14":"shipping-taxable","15":"purchasable","16":"product-type-simple"},"yoast_head":"<!-- This site is optimized with the Yoast SEO plugin v25.4 - https:\/\/yoast.com\/wordpress\/plugins\/seo\/ -->\n<title>TRUUSK 2-pack Spalj\u00e9 Med Planteringsl\u00e5da - Brun - Med Dr\u00e4neringsh\u00e5l - Timer Bevattningssystem - 80 X 40 X 136 Cm - TRUUSK - Hem, Tr\u00e4dg\u00e5rd &amp; Fritid<\/title>\n<meta name=\"robots\" content=\"index, follow, max-snippet:-1, max-image-preview:large, max-video-preview:-1\" \/>\n<link rel=\"canonical\" href=\"https:\/\/truusk.store\/sv\/produkt\/truusk-2-pack-spalje-med-planteringslada-brun-med-draneringshal-timer-bevattningssystem-80-x-40-x-136-cm\/\" \/>\n<meta property=\"og:locale\" content=\"sv_SE\" \/>\n<meta property=\"og:type\" content=\"article\" \/>\n<meta property=\"og:title\" content=\"TRUUSK 2-pack Spalj\u00e9 Med Planteringsl\u00e5da - Brun - Med Dr\u00e4neringsh\u00e5l - Timer Bevattningssystem - 80 X 40 X 136 Cm - TRUUSK - Hem, Tr\u00e4dg\u00e5rd &amp; Fritid\" \/>\n<meta property=\"og:description\" content=\"Den h\u00e4r [BRAND NAME] bloml\u00e5dan med kl\u00e4tterst\u00f6d erbjuder platsbesparande tr\u00e4dg\u00e5rdssk\u00f6tsel med intelligent bevattningssystem. Den automatiska timern m\u00f6jligg\u00f6r upp till 4...\" \/>\n<meta property=\"og:url\" content=\"https:\/\/truusk.store\/sv\/produkt\/truusk-2-pack-spalje-med-planteringslada-brun-med-draneringshal-timer-bevattningssystem-80-x-40-x-136-cm\/\" \/>\n<meta property=\"og:site_name\" content=\"TRUUSK - Hem, Tr\u00e4dg\u00e5rd &amp; Fritid\" \/>\n<meta property=\"article:modified_time\" content=\"2026-03-12T07:52:51+00:00\" \/>\n<meta property=\"og:image\" content=\"https:\/\/i0.wp.com\/truusk.se\/wp-content\/uploads\/2026\/01\/2-pack-spalje-med-planteringslada-blomlada-med-draneringshal-timer-bevattningssystem-80-x-40-x-136-cm-brun-1.webp?fit=2000%2C2000&ssl=1\" \/>\n\t<meta property=\"og:image:width\" content=\"2000\" \/>\n\t<meta property=\"og:image:height\" content=\"2000\" \/>\n\t<meta property=\"og:image:type\" content=\"image\/webp\" \/>\n<meta name=\"twitter:card\" content=\"summary_large_image\" \/>\n<meta name=\"twitter:label1\" content=\"Ber\u00e4knad l\u00e4stid\" \/>\n\t<meta name=\"twitter:data1\" content=\"1 minut\" \/>\n<!-- \/ Yoast SEO plugin. -->","yoast_head_json":{"title":"TRUUSK 2-pack Spalj\u00e9 Med Planteringsl\u00e5da - Brun - Med Dr\u00e4neringsh\u00e5l - Timer Bevattningssystem - 80 X 40 X 136 Cm - TRUUSK - Hem, Tr\u00e4dg\u00e5rd &amp; Fritid","robots":{"index":"index","follow":"follow","max-snippet":"max-snippet:-1","max-image-preview":"max-image-preview:large","max-video-preview":"max-video-preview:-1"},"canonical":"https:\/\/truusk.store\/sv\/produkt\/truusk-2-pack-spalje-med-planteringslada-brun-med-draneringshal-timer-bevattningssystem-80-x-40-x-136-cm\/","og_locale":"sv_SE","og_type":"article","og_title":"TRUUSK 2-pack Spalj\u00e9 Med Planteringsl\u00e5da - Brun - Med Dr\u00e4neringsh\u00e5l - Timer Bevattningssystem - 80 X 40 X 136 Cm - TRUUSK - Hem, Tr\u00e4dg\u00e5rd &amp; Fritid","og_description":"Den h\u00e4r [BRAND NAME] bloml\u00e5dan med kl\u00e4tterst\u00f6d erbjuder platsbesparande tr\u00e4dg\u00e5rdssk\u00f6tsel med intelligent bevattningssystem. Den automatiska timern m\u00f6jligg\u00f6r upp till 4...","og_url":"https:\/\/truusk.store\/sv\/produkt\/truusk-2-pack-spalje-med-planteringslada-brun-med-draneringshal-timer-bevattningssystem-80-x-40-x-136-cm\/","og_site_name":"TRUUSK - Hem, Tr\u00e4dg\u00e5rd &amp; Fritid","article_modified_time":"2026-03-12T07:52:51+00:00","og_image":[{"width":2000,"height":2000,"url":"https:\/\/i0.wp.com\/truusk.se\/wp-content\/uploads\/2026\/01\/2-pack-spalje-med-planteringslada-blomlada-med-draneringshal-timer-bevattningssystem-80-x-40-x-136-cm-brun-1.webp?fit=2000%2C2000&ssl=1","type":"image\/webp"}],"twitter_card":"summary_large_image","twitter_misc":{"Ber\u00e4knad l\u00e4stid":"1 minut"},"schema":{"@context":"https:\/\/schema.org","@graph":[{"@type":"WebPage","@id":"https:\/\/truusk.store\/sv\/produkt\/truusk-2-pack-spalje-med-planteringslada-brun-med-draneringshal-timer-bevattningssystem-80-x-40-x-136-cm\/","url":"https:\/\/truusk.store\/sv\/produkt\/truusk-2-pack-spalje-med-planteringslada-brun-med-draneringshal-timer-bevattningssystem-80-x-40-x-136-cm\/","name":"TRUUSK 2-pack Spalj\u00e9 Med Planteringsl\u00e5da - Brun - Med Dr\u00e4neringsh\u00e5l - Timer Bevattningssystem - 80 X 40 X 136 Cm - TRUUSK - Hem, Tr\u00e4dg\u00e5rd &amp; Fritid","isPartOf":{"@id":"https:\/\/truusk.store\/sv\/#website"},"primaryImageOfPage":{"@id":"https:\/\/truusk.store\/sv\/produkt\/truusk-2-pack-spalje-med-planteringslada-brun-med-draneringshal-timer-bevattningssystem-80-x-40-x-136-cm\/#primaryimage"},"image":{"@id":"https:\/\/truusk.store\/sv\/produkt\/truusk-2-pack-spalje-med-planteringslada-brun-med-draneringshal-timer-bevattningssystem-80-x-40-x-136-cm\/#primaryimage"},"thumbnailUrl":"https:\/\/i0.wp.com\/truusk.store\/wp-content\/uploads\/2026\/01\/2-pack-spalje-med-planteringslada-blomlada-med-draneringshal-timer-bevattningssystem-80-x-40-x-136-cm-brun-1.webp?fit=2000%2C2000&ssl=1","datePublished":"2026-01-28T06:51:36+00:00","dateModified":"2026-03-12T07:52:51+00:00","breadcrumb":{"@id":"https:\/\/truusk.store\/sv\/produkt\/truusk-2-pack-spalje-med-planteringslada-brun-med-draneringshal-timer-bevattningssystem-80-x-40-x-136-cm\/#breadcrumb"},"inLanguage":"sv-SE","potentialAction":[{"@type":"ReadAction","target":["https:\/\/truusk.store\/sv\/produkt\/truusk-2-pack-spalje-med-planteringslada-brun-med-draneringshal-timer-bevattningssystem-80-x-40-x-136-cm\/"]}]},{"@type":"ImageObject","inLanguage":"sv-SE","@id":"https:\/\/truusk.store\/sv\/produkt\/truusk-2-pack-spalje-med-planteringslada-brun-med-draneringshal-timer-bevattningssystem-80-x-40-x-136-cm\/#primaryimage","url":"https:\/\/i0.wp.com\/truusk.store\/wp-content\/uploads\/2026\/01\/2-pack-spalje-med-planteringslada-blomlada-med-draneringshal-timer-bevattningssystem-80-x-40-x-136-cm-brun-1.webp?fit=2000%2C2000&ssl=1","contentUrl":"https:\/\/i0.wp.com\/truusk.store\/wp-content\/uploads\/2026\/01\/2-pack-spalje-med-planteringslada-blomlada-med-draneringshal-timer-bevattningssystem-80-x-40-x-136-cm-brun-1.webp?fit=2000%2C2000&ssl=1","width":2000,"height":2000},{"@type":"BreadcrumbList","@id":"https:\/\/truusk.store\/sv\/produkt\/truusk-2-pack-spalje-med-planteringslada-brun-med-draneringshal-timer-bevattningssystem-80-x-40-x-136-cm\/#breadcrumb","itemListElement":[{"@type":"ListItem","position":1,"name":"Home","item":"https:\/\/truusk.store\/sv\/"},{"@type":"ListItem","position":2,"name":"Shop","item":"https:\/\/truusk.store\/shop\/"},{"@type":"ListItem","position":3,"name":"TRUUSK 2-pack Spalj\u00e9 Med Planteringsl\u00e5da &#8211; Brun &#8211; Med Dr\u00e4neringsh\u00e5l &#8211; Timer Bevattningssystem &#8211; 80 X 40 X 136 Cm"}]},{"@type":"WebSite","@id":"https:\/\/truusk.store\/sv\/#website","url":"https:\/\/truusk.store\/sv\/","name":"TRUUSK - Hem, Tr\u00e4dg\u00e5rd & Fritid","description":"","publisher":{"@id":"https:\/\/truusk.store\/sv\/#organization"},"potentialAction":[{"@type":"SearchAction","target":{"@type":"EntryPoint","urlTemplate":"https:\/\/truusk.store\/sv\/?s={search_term_string}"},"query-input":{"@type":"PropertyValueSpecification","valueRequired":true,"valueName":"search_term_string"}}],"inLanguage":"sv-SE"},{"@type":"Organization","@id":"https:\/\/truusk.store\/sv\/#organization","name":"TRUUSK - Hem, Tr\u00e4dg\u00e5rd & Fritid","url":"https:\/\/truusk.store\/sv\/","logo":{"@type":"ImageObject","inLanguage":"sv-SE","@id":"https:\/\/truusk.store\/sv\/#\/schema\/logo\/image\/","url":"https:\/\/i0.wp.com\/truusk.store\/wp-content\/uploads\/2026\/03\/cropped-TRUUSK.png?fit=2032%2C917&ssl=1","contentUrl":"https:\/\/i0.wp.com\/truusk.store\/wp-content\/uploads\/2026\/03\/cropped-TRUUSK.png?fit=2032%2C917&ssl=1","width":2032,"height":917,"caption":"TRUUSK - Hem, Tr\u00e4dg\u00e5rd & Fritid"},"image":{"@id":"https:\/\/truusk.store\/sv\/#\/schema\/logo\/image\/"}}]}},"jetpack_sharing_enabled":true,"_links":{"self":[{"href":"https:\/\/truusk.store\/sv\/wp-json\/wp\/v2\/product\/102838","targetHints":{"allow":["GET"]}}],"collection":[{"href":"https:\/\/truusk.store\/sv\/wp-json\/wp\/v2\/product"}],"about":[{"href":"https:\/\/truusk.store\/sv\/wp-json\/wp\/v2\/types\/product"}],"wp:featuredmedia":[{"embeddable":true,"href":"https:\/\/truusk.store\/sv\/wp-json\/wp\/v2\/media\/102829"}],"wp:attachment":[{"href":"https:\/\/truusk.store\/sv\/wp-json\/wp\/v2\/media?parent=102838"}],"wp:term":[{"taxonomy":"product_brand","embeddable":true,"href":"https:\/\/truusk.store\/sv\/wp-json\/wp\/v2\/product_brand?post=102838"},{"taxonomy":"product_cat","embeddable":true,"href":"https:\/\/truusk.store\/sv\/wp-json\/wp\/v2\/product_cat?post=102838"},{"taxonomy":"product_tag","embeddable":true,"href":"https:\/\/truusk.store\/sv\/wp-json\/wp\/v2\/product_tag?post=102838"}],"curies":[{"name":"wp","href":"https:\/\/api.w.org\/{rel}","templated":true}]}}