{"id":102868,"date":"2026-01-28T07:54:38","date_gmt":"2026-01-28T06:54:38","guid":{"rendered":"https:\/\/truusk.store\/product\/hogbadd-i-plast-sjalvbevattnande-planteringslada-med-draneringshal-och-proppar\/"},"modified":"2026-03-12T08:53:09","modified_gmt":"2026-03-12T07:53:09","slug":"truusk-hogbadd-i-plast-sjalvbevattnande-draneringshal-och-proppar-for-tradgardsodling-gra","status":"publish","type":"product","link":"https:\/\/truusk.store\/sv\/produkt\/truusk-hogbadd-i-plast-sjalvbevattnande-draneringshal-och-proppar-for-tradgardsodling-gra\/","title":{"rendered":"TRUUSK H\u00f6gb\u00e4dd I Plast &#8211; Sj\u00e4lvbevattnande &#8211; Dr\u00e4neringsh\u00e5l Och Proppar &#8211; F\u00f6r Tr\u00e4dg\u00e5rdsodling &#8211; Gr\u00e5"},"content":{"rendered":"<p>[BRAND NAME] h\u00f6gkvarter erbjuder gott om utrymme f\u00f6r blommor, gr\u00f6nsaker och \u00f6rter. Ett sj\u00e4lvbevattningsystem med dr\u00e4neringsh\u00e5l h\u00e5ller v\u00e4xterna hydratiserade utan mycket anstr\u00e4ngning. Sex smidiga hjul, fyra av dem med bromsar, ger flexibel placering i solljuset. Slitstarkt plastmaterial och verktygsl\u00f6s montering g\u00f6r denna plasth\u00f6gkvarter idealisk f\u00f6r utomhusbruk \u00e5ret runt.<\/p>\n<p>Beskrivning:<\/p>\n<ul>\n<li> Stort v\u00e4xtutrymme f\u00f6r gr\u00f6nsaker, \u00f6rter och blommor<\/li>\n<li> Inbyggt sj\u00e4lvbevattningsystem i \u00f6rttr\u00e4dg\u00e5rden minskar frekvent vattning<\/li>\n<li> Dr\u00e4neringsh\u00e5l med pluggar f\u00f6rhindrar \u00f6vervattning<\/li>\n<li> Sex smidiga hjul underl\u00e4ttar flyttning av v\u00e4xtk\u00e4rlet<\/li>\n<li> Fyra l\u00e5sbara hjul ger stabilitet p\u00e5 plats<\/li>\n<li> Plastmaterial \u00e4r motst\u00e5ndskraftigt mot blekning och sprickor<\/li>\n<li> Enkel montering &#8211; inga verktyg kr\u00e4vs<\/li>\n<\/ul>\n<p> Tekniska data:<\/p>\n<ul>\n<li> F\u00e4rg: Brun<\/li>\n<li> Material: Plast<\/li>\n<li> Totala dimensioner: 80L x 40B x 43H cm<\/li>\n<li> Plantomr\u00e5dets storlek: 78B x 38T x 30H cm<\/li>\n<li> B\u00e4rkapacitet: 20 kg<\/li>\n<\/ul>\n<p>Leveransinneh\u00e5ll:<\/p>\n<ul>\n<li> 1 x h\u00f6gkvarter<\/li>\n<li> 1 x instruktioner<\/li>\n<\/ul>\n","protected":false},"excerpt":{"rendered":"<p>[BRAND NAME] h\u00f6gkvarter erbjuder gott om utrymme f\u00f6r blommor, gr\u00f6nsaker och \u00f6rter. Ett sj\u00e4lvbevattningsystem med dr\u00e4neringsh\u00e5l h\u00e5ller v\u00e4xterna hydratiserade utan&#8230;<\/p>\n","protected":false},"featured_media":102859,"template":"","meta":[],"product_brand":[],"product_cat":[924,858,443],"product_tag":[],"class_list":{"0":"post-102868","1":"product","2":"type-product","3":"status-publish","4":"has-post-thumbnail","6":"product_cat-plantkarl","7":"product_cat-tradgard-terrass","8":"product_cat-vaxthus-tradgardsskotsel","10":"first","11":"instock","12":"sale","13":"taxable","14":"shipping-taxable","15":"purchasable","16":"product-type-simple"},"yoast_head":"<!-- This site is optimized with the Yoast SEO plugin v25.4 - https:\/\/yoast.com\/wordpress\/plugins\/seo\/ -->\n<title>TRUUSK H\u00f6gb\u00e4dd I Plast - Sj\u00e4lvbevattnande - Dr\u00e4neringsh\u00e5l Och Proppar - F\u00f6r Tr\u00e4dg\u00e5rdsodling - Gr\u00e5 - TRUUSK - Hem, Tr\u00e4dg\u00e5rd &amp; Fritid<\/title>\n<meta name=\"robots\" content=\"index, follow, max-snippet:-1, max-image-preview:large, max-video-preview:-1\" \/>\n<link rel=\"canonical\" href=\"https:\/\/truusk.store\/sv\/produkt\/truusk-hogbadd-i-plast-sjalvbevattnande-draneringshal-och-proppar-for-tradgardsodling-gra\/\" \/>\n<meta property=\"og:locale\" content=\"sv_SE\" \/>\n<meta property=\"og:type\" content=\"article\" \/>\n<meta property=\"og:title\" content=\"TRUUSK H\u00f6gb\u00e4dd I Plast - Sj\u00e4lvbevattnande - Dr\u00e4neringsh\u00e5l Och Proppar - F\u00f6r Tr\u00e4dg\u00e5rdsodling - Gr\u00e5 - TRUUSK - Hem, Tr\u00e4dg\u00e5rd &amp; Fritid\" \/>\n<meta property=\"og:description\" content=\"[BRAND NAME] h\u00f6gkvarter erbjuder gott om utrymme f\u00f6r blommor, gr\u00f6nsaker och \u00f6rter. Ett sj\u00e4lvbevattningsystem med dr\u00e4neringsh\u00e5l h\u00e5ller v\u00e4xterna hydratiserade utan...\" \/>\n<meta property=\"og:url\" content=\"https:\/\/truusk.store\/sv\/produkt\/truusk-hogbadd-i-plast-sjalvbevattnande-draneringshal-och-proppar-for-tradgardsodling-gra\/\" \/>\n<meta property=\"og:site_name\" content=\"TRUUSK - Hem, Tr\u00e4dg\u00e5rd &amp; Fritid\" \/>\n<meta property=\"article:modified_time\" content=\"2026-03-12T07:53:09+00:00\" \/>\n<meta property=\"og:image\" content=\"https:\/\/i0.wp.com\/truusk.se\/wp-content\/uploads\/2026\/01\/hogbadd-i-plast-sjalvbevattnande-planteringslada-med-draneringshal-och-proppar-1.webp?fit=2000%2C2000&ssl=1\" \/>\n\t<meta property=\"og:image:width\" content=\"2000\" \/>\n\t<meta property=\"og:image:height\" content=\"2000\" \/>\n\t<meta property=\"og:image:type\" content=\"image\/webp\" \/>\n<meta name=\"twitter:card\" content=\"summary_large_image\" \/>\n<meta name=\"twitter:label1\" content=\"Ber\u00e4knad l\u00e4stid\" \/>\n\t<meta name=\"twitter:data1\" content=\"1 minut\" \/>\n<!-- \/ Yoast SEO plugin. -->","yoast_head_json":{"title":"TRUUSK H\u00f6gb\u00e4dd I Plast - Sj\u00e4lvbevattnande - Dr\u00e4neringsh\u00e5l Och Proppar - F\u00f6r Tr\u00e4dg\u00e5rdsodling - Gr\u00e5 - TRUUSK - Hem, Tr\u00e4dg\u00e5rd &amp; Fritid","robots":{"index":"index","follow":"follow","max-snippet":"max-snippet:-1","max-image-preview":"max-image-preview:large","max-video-preview":"max-video-preview:-1"},"canonical":"https:\/\/truusk.store\/sv\/produkt\/truusk-hogbadd-i-plast-sjalvbevattnande-draneringshal-och-proppar-for-tradgardsodling-gra\/","og_locale":"sv_SE","og_type":"article","og_title":"TRUUSK H\u00f6gb\u00e4dd I Plast - Sj\u00e4lvbevattnande - Dr\u00e4neringsh\u00e5l Och Proppar - F\u00f6r Tr\u00e4dg\u00e5rdsodling - Gr\u00e5 - TRUUSK - Hem, Tr\u00e4dg\u00e5rd &amp; Fritid","og_description":"[BRAND NAME] h\u00f6gkvarter erbjuder gott om utrymme f\u00f6r blommor, gr\u00f6nsaker och \u00f6rter. Ett sj\u00e4lvbevattningsystem med dr\u00e4neringsh\u00e5l h\u00e5ller v\u00e4xterna hydratiserade utan...","og_url":"https:\/\/truusk.store\/sv\/produkt\/truusk-hogbadd-i-plast-sjalvbevattnande-draneringshal-och-proppar-for-tradgardsodling-gra\/","og_site_name":"TRUUSK - Hem, Tr\u00e4dg\u00e5rd &amp; Fritid","article_modified_time":"2026-03-12T07:53:09+00:00","og_image":[{"width":2000,"height":2000,"url":"https:\/\/i0.wp.com\/truusk.se\/wp-content\/uploads\/2026\/01\/hogbadd-i-plast-sjalvbevattnande-planteringslada-med-draneringshal-och-proppar-1.webp?fit=2000%2C2000&ssl=1","type":"image\/webp"}],"twitter_card":"summary_large_image","twitter_misc":{"Ber\u00e4knad l\u00e4stid":"1 minut"},"schema":{"@context":"https:\/\/schema.org","@graph":[{"@type":"WebPage","@id":"https:\/\/truusk.store\/sv\/produkt\/truusk-hogbadd-i-plast-sjalvbevattnande-draneringshal-och-proppar-for-tradgardsodling-gra\/","url":"https:\/\/truusk.store\/sv\/produkt\/truusk-hogbadd-i-plast-sjalvbevattnande-draneringshal-och-proppar-for-tradgardsodling-gra\/","name":"TRUUSK H\u00f6gb\u00e4dd I Plast - Sj\u00e4lvbevattnande - Dr\u00e4neringsh\u00e5l Och Proppar - F\u00f6r Tr\u00e4dg\u00e5rdsodling - Gr\u00e5 - TRUUSK - Hem, Tr\u00e4dg\u00e5rd &amp; Fritid","isPartOf":{"@id":"https:\/\/truusk.store\/sv\/#website"},"primaryImageOfPage":{"@id":"https:\/\/truusk.store\/sv\/produkt\/truusk-hogbadd-i-plast-sjalvbevattnande-draneringshal-och-proppar-for-tradgardsodling-gra\/#primaryimage"},"image":{"@id":"https:\/\/truusk.store\/sv\/produkt\/truusk-hogbadd-i-plast-sjalvbevattnande-draneringshal-och-proppar-for-tradgardsodling-gra\/#primaryimage"},"thumbnailUrl":"https:\/\/i0.wp.com\/truusk.store\/wp-content\/uploads\/2026\/01\/hogbadd-i-plast-sjalvbevattnande-planteringslada-med-draneringshal-och-proppar-1.webp?fit=2000%2C2000&ssl=1","datePublished":"2026-01-28T06:54:38+00:00","dateModified":"2026-03-12T07:53:09+00:00","breadcrumb":{"@id":"https:\/\/truusk.store\/sv\/produkt\/truusk-hogbadd-i-plast-sjalvbevattnande-draneringshal-och-proppar-for-tradgardsodling-gra\/#breadcrumb"},"inLanguage":"sv-SE","potentialAction":[{"@type":"ReadAction","target":["https:\/\/truusk.store\/sv\/produkt\/truusk-hogbadd-i-plast-sjalvbevattnande-draneringshal-och-proppar-for-tradgardsodling-gra\/"]}]},{"@type":"ImageObject","inLanguage":"sv-SE","@id":"https:\/\/truusk.store\/sv\/produkt\/truusk-hogbadd-i-plast-sjalvbevattnande-draneringshal-och-proppar-for-tradgardsodling-gra\/#primaryimage","url":"https:\/\/i0.wp.com\/truusk.store\/wp-content\/uploads\/2026\/01\/hogbadd-i-plast-sjalvbevattnande-planteringslada-med-draneringshal-och-proppar-1.webp?fit=2000%2C2000&ssl=1","contentUrl":"https:\/\/i0.wp.com\/truusk.store\/wp-content\/uploads\/2026\/01\/hogbadd-i-plast-sjalvbevattnande-planteringslada-med-draneringshal-och-proppar-1.webp?fit=2000%2C2000&ssl=1","width":2000,"height":2000},{"@type":"BreadcrumbList","@id":"https:\/\/truusk.store\/sv\/produkt\/truusk-hogbadd-i-plast-sjalvbevattnande-draneringshal-och-proppar-for-tradgardsodling-gra\/#breadcrumb","itemListElement":[{"@type":"ListItem","position":1,"name":"Home","item":"https:\/\/truusk.store\/sv\/"},{"@type":"ListItem","position":2,"name":"Shop","item":"https:\/\/truusk.store\/shop\/"},{"@type":"ListItem","position":3,"name":"TRUUSK H\u00f6gb\u00e4dd I Plast &#8211; Sj\u00e4lvbevattnande &#8211; Dr\u00e4neringsh\u00e5l Och Proppar &#8211; F\u00f6r Tr\u00e4dg\u00e5rdsodling &#8211; Gr\u00e5"}]},{"@type":"WebSite","@id":"https:\/\/truusk.store\/sv\/#website","url":"https:\/\/truusk.store\/sv\/","name":"TRUUSK - Hem, Tr\u00e4dg\u00e5rd & Fritid","description":"","publisher":{"@id":"https:\/\/truusk.store\/sv\/#organization"},"potentialAction":[{"@type":"SearchAction","target":{"@type":"EntryPoint","urlTemplate":"https:\/\/truusk.store\/sv\/?s={search_term_string}"},"query-input":{"@type":"PropertyValueSpecification","valueRequired":true,"valueName":"search_term_string"}}],"inLanguage":"sv-SE"},{"@type":"Organization","@id":"https:\/\/truusk.store\/sv\/#organization","name":"TRUUSK - Hem, Tr\u00e4dg\u00e5rd & Fritid","url":"https:\/\/truusk.store\/sv\/","logo":{"@type":"ImageObject","inLanguage":"sv-SE","@id":"https:\/\/truusk.store\/sv\/#\/schema\/logo\/image\/","url":"https:\/\/i0.wp.com\/truusk.store\/wp-content\/uploads\/2026\/03\/cropped-TRUUSK.png?fit=2032%2C917&ssl=1","contentUrl":"https:\/\/i0.wp.com\/truusk.store\/wp-content\/uploads\/2026\/03\/cropped-TRUUSK.png?fit=2032%2C917&ssl=1","width":2032,"height":917,"caption":"TRUUSK - Hem, Tr\u00e4dg\u00e5rd & Fritid"},"image":{"@id":"https:\/\/truusk.store\/sv\/#\/schema\/logo\/image\/"}}]}},"jetpack_sharing_enabled":true,"_links":{"self":[{"href":"https:\/\/truusk.store\/sv\/wp-json\/wp\/v2\/product\/102868","targetHints":{"allow":["GET"]}}],"collection":[{"href":"https:\/\/truusk.store\/sv\/wp-json\/wp\/v2\/product"}],"about":[{"href":"https:\/\/truusk.store\/sv\/wp-json\/wp\/v2\/types\/product"}],"wp:featuredmedia":[{"embeddable":true,"href":"https:\/\/truusk.store\/sv\/wp-json\/wp\/v2\/media\/102859"}],"wp:attachment":[{"href":"https:\/\/truusk.store\/sv\/wp-json\/wp\/v2\/media?parent=102868"}],"wp:term":[{"taxonomy":"product_brand","embeddable":true,"href":"https:\/\/truusk.store\/sv\/wp-json\/wp\/v2\/product_brand?post=102868"},{"taxonomy":"product_cat","embeddable":true,"href":"https:\/\/truusk.store\/sv\/wp-json\/wp\/v2\/product_cat?post=102868"},{"taxonomy":"product_tag","embeddable":true,"href":"https:\/\/truusk.store\/sv\/wp-json\/wp\/v2\/product_tag?post=102868"}],"curies":[{"name":"wp","href":"https:\/\/api.w.org\/{rel}","templated":true}]}}