{"id":102878,"date":"2026-01-28T07:55:36","date_gmt":"2026-01-28T06:55:36","guid":{"rendered":"https:\/\/truusk.store\/product\/paviljong-3-x-3-m-vattentat-hojdjusterbar-pop-up-vikpaviljong-med-2-sidodelar-uv-50-vikbar-morkbla\/"},"modified":"2026-03-12T08:53:10","modified_gmt":"2026-03-12T07:53:10","slug":"truusk-pop-up-paviljong-3x3m-vattentat-hojdjusterbar-uv-50-med-2-sidodelar-morkbla","status":"publish","type":"product","link":"https:\/\/truusk.store\/sv\/produkt\/truusk-pop-up-paviljong-3x3m-vattentat-hojdjusterbar-uv-50-med-2-sidodelar-morkbla\/","title":{"rendered":"TRUUSK Pop-up Paviljong 3x3m &#8211; Vattent\u00e4t &#8211; H\u00f6jdjusterbar &#8211; UV 50+ &#8211; Med 2 Sidodelar &#8211; M\u00f6rkbl\u00e5"},"content":{"rendered":"<p>Skapa en svalare och mer inbjudande samlingsplats med denna [BRAND NAME] Pop-Up vikpaviljong, som har ett UPF 50+ 210D Oxford-tyg och ger behaglig skugga. Den robusta, pulverlackerade ramen, komplett med rep, t\u00e4ltspikar och sands\u00e4ckar, garanterar stabilitet, medan det intuitiva pop-up-designet och den justerbara h\u00f6jden skapar den perfekta bakgrunden f\u00f6r tr\u00e4dg\u00e5rdsfester, picknick eller avkopplande helgm\u00f6ten.<\/p>\n<p>Beskrivning:<\/p>\n<ul>\n<li> Har en pop-up-design f\u00f6r verktygsl\u00f6s installation p\u00e5 bara 30 minuter<\/li>\n<li> 210D Oxford-tyg med UPF50+ silver- och PU-dubbelskiktsbel\u00e4ggning f\u00f6r utm\u00e4rkt solskydd<\/li>\n<li> \u00c5tta \u00f6ppningar f\u00f6rhindrar ansamling av regnvatten och minskar underh\u00e5llsbehovet<\/li>\n<li> Inneh\u00e5ller tv\u00e5 avtagbara sidov\u00e4ggar med ett f\u00f6nster och en dragkedjad\u00f6rr f\u00f6r flexibla layouter<\/li>\n<li> Tre justerbara h\u00f6jdinst\u00e4llningar f\u00f6r partyt\u00e4ltet f\u00f6r flexibel anv\u00e4ndning p\u00e5 oj\u00e4mn mark<\/li>\n<li> Levereras med ett komplett stabilitetskit, inklusive rep, t\u00e4ltspikar och sands\u00e4ckar f\u00f6r s\u00e4ker f\u00f6rankring<\/li>\n<li> Kan f\u00e4llas ihop kompakt och passar i den medf\u00f6ljande v\u00e4skan f\u00f6r enkel transport och f\u00f6rvaring<\/li>\n<\/ul>\n<p> Tekniska specifikationer:<\/p>\n<ul>\n<li> F\u00e4rg: M\u00f6rkbl\u00e5+Vit<\/li>\n<li> Material: Metall, Oxfordtyg<\/li>\n<li> Totala dimensioner: 300L x 300B x 275H cm<\/li>\n<li> F\u00e4llda dimensioner: 116L x 18,5B x 18,5H cm<\/li>\n<li> Justerbart avst\u00e5nd: 10 cm<\/li>\n<li> Enkla sidov\u00e4ggsdimensioner: 300B x 195H cm<\/li>\n<li> F\u00f6nsterdimensioner: 176B x 103H cm<\/li>\n<li> Takfots h\u00f6jd: 206 cm<\/li>\n<li> Balkh\u00f6jd: 195 cm<\/li>\n<li> Benst\u00f6dsbredd: 293L x 293B cm<\/li>\n<li> Fotplattans dimensioner: 6,5L x 6,5B cm<\/li>\n<li> Vindmotst\u00e5nd: Niv\u00e5 4-6 (med t\u00e4ltspikar &amp; rep)<\/li>\n<li> Sn\u00f6last: 5 kg\/\u33a1<\/li>\n<\/ul>\n<p>Leveransinneh\u00e5ll:<\/p>\n<ul>\n<li> 1 x Pop-Up Paviljong<\/li>\n<li> 8 x Markankare<\/li>\n<li> 4 x Spiralankare<\/li>\n<li> 4 x F\u00f6rankringslina<\/li>\n<li> 4 x Sands\u00e4ck<\/li>\n<li> 1 x B\u00e4rp\u00e5se<\/li>\n<li> 1 x Instruktioner<\/li>\n<\/ul>\n","protected":false},"excerpt":{"rendered":"<p>Skapa en svalare och mer inbjudande samlingsplats med denna [BRAND NAME] Pop-Up vikpaviljong, som har ett UPF 50+ 210D Oxford-tyg&#8230;<\/p>\n","protected":false},"featured_media":102869,"template":"","meta":[],"product_brand":[],"product_cat":[477,858,476],"product_tag":[],"class_list":{"0":"post-102878","1":"product","2":"type-product","3":"status-publish","4":"has-post-thumbnail","6":"product_cat-paviljonger-partytalt","7":"product_cat-tradgard-terrass","8":"product_cat-tradgardspaviljonger","10":"first","11":"instock","12":"sale","13":"taxable","14":"shipping-taxable","15":"purchasable","16":"product-type-simple"},"yoast_head":"<!-- This site is optimized with the Yoast SEO plugin v25.4 - https:\/\/yoast.com\/wordpress\/plugins\/seo\/ -->\n<title>TRUUSK Pop-up Paviljong 3x3m - Vattent\u00e4t - H\u00f6jdjusterbar - UV 50+ - Med 2 Sidodelar - M\u00f6rkbl\u00e5 - TRUUSK - Hem, Tr\u00e4dg\u00e5rd &amp; Fritid<\/title>\n<meta name=\"robots\" content=\"index, follow, max-snippet:-1, max-image-preview:large, max-video-preview:-1\" \/>\n<link rel=\"canonical\" href=\"https:\/\/truusk.store\/sv\/produkt\/truusk-pop-up-paviljong-3x3m-vattentat-hojdjusterbar-uv-50-med-2-sidodelar-morkbla\/\" \/>\n<meta property=\"og:locale\" content=\"sv_SE\" \/>\n<meta property=\"og:type\" content=\"article\" \/>\n<meta property=\"og:title\" content=\"TRUUSK Pop-up Paviljong 3x3m - Vattent\u00e4t - H\u00f6jdjusterbar - UV 50+ - Med 2 Sidodelar - M\u00f6rkbl\u00e5 - TRUUSK - Hem, Tr\u00e4dg\u00e5rd &amp; Fritid\" \/>\n<meta property=\"og:description\" content=\"Skapa en svalare och mer inbjudande samlingsplats med denna [BRAND NAME] Pop-Up vikpaviljong, som har ett UPF 50+ 210D Oxford-tyg...\" \/>\n<meta property=\"og:url\" content=\"https:\/\/truusk.store\/sv\/produkt\/truusk-pop-up-paviljong-3x3m-vattentat-hojdjusterbar-uv-50-med-2-sidodelar-morkbla\/\" \/>\n<meta property=\"og:site_name\" content=\"TRUUSK - Hem, Tr\u00e4dg\u00e5rd &amp; Fritid\" \/>\n<meta property=\"article:modified_time\" content=\"2026-03-12T07:53:10+00:00\" \/>\n<meta property=\"og:image\" content=\"https:\/\/i0.wp.com\/truusk.se\/wp-content\/uploads\/2026\/01\/paviljong-3-x-3-m-vattentat-hojdjusterbar-pop-up-vikpaviljong-med-2-sidodelar-uv-50-vikbar-morkbla-1.webp?fit=2000%2C2000&ssl=1\" \/>\n\t<meta property=\"og:image:width\" content=\"2000\" \/>\n\t<meta property=\"og:image:height\" content=\"2000\" \/>\n\t<meta property=\"og:image:type\" content=\"image\/webp\" \/>\n<meta name=\"twitter:card\" content=\"summary_large_image\" \/>\n<meta name=\"twitter:label1\" content=\"Ber\u00e4knad l\u00e4stid\" \/>\n\t<meta name=\"twitter:data1\" content=\"1 minut\" \/>\n<!-- \/ Yoast SEO plugin. -->","yoast_head_json":{"title":"TRUUSK Pop-up Paviljong 3x3m - Vattent\u00e4t - H\u00f6jdjusterbar - UV 50+ - Med 2 Sidodelar - M\u00f6rkbl\u00e5 - TRUUSK - Hem, Tr\u00e4dg\u00e5rd &amp; Fritid","robots":{"index":"index","follow":"follow","max-snippet":"max-snippet:-1","max-image-preview":"max-image-preview:large","max-video-preview":"max-video-preview:-1"},"canonical":"https:\/\/truusk.store\/sv\/produkt\/truusk-pop-up-paviljong-3x3m-vattentat-hojdjusterbar-uv-50-med-2-sidodelar-morkbla\/","og_locale":"sv_SE","og_type":"article","og_title":"TRUUSK Pop-up Paviljong 3x3m - Vattent\u00e4t - H\u00f6jdjusterbar - UV 50+ - Med 2 Sidodelar - M\u00f6rkbl\u00e5 - TRUUSK - Hem, Tr\u00e4dg\u00e5rd &amp; Fritid","og_description":"Skapa en svalare och mer inbjudande samlingsplats med denna [BRAND NAME] Pop-Up vikpaviljong, som har ett UPF 50+ 210D Oxford-tyg...","og_url":"https:\/\/truusk.store\/sv\/produkt\/truusk-pop-up-paviljong-3x3m-vattentat-hojdjusterbar-uv-50-med-2-sidodelar-morkbla\/","og_site_name":"TRUUSK - Hem, Tr\u00e4dg\u00e5rd &amp; Fritid","article_modified_time":"2026-03-12T07:53:10+00:00","og_image":[{"width":2000,"height":2000,"url":"https:\/\/i0.wp.com\/truusk.se\/wp-content\/uploads\/2026\/01\/paviljong-3-x-3-m-vattentat-hojdjusterbar-pop-up-vikpaviljong-med-2-sidodelar-uv-50-vikbar-morkbla-1.webp?fit=2000%2C2000&ssl=1","type":"image\/webp"}],"twitter_card":"summary_large_image","twitter_misc":{"Ber\u00e4knad l\u00e4stid":"1 minut"},"schema":{"@context":"https:\/\/schema.org","@graph":[{"@type":"WebPage","@id":"https:\/\/truusk.store\/sv\/produkt\/truusk-pop-up-paviljong-3x3m-vattentat-hojdjusterbar-uv-50-med-2-sidodelar-morkbla\/","url":"https:\/\/truusk.store\/sv\/produkt\/truusk-pop-up-paviljong-3x3m-vattentat-hojdjusterbar-uv-50-med-2-sidodelar-morkbla\/","name":"TRUUSK Pop-up Paviljong 3x3m - Vattent\u00e4t - H\u00f6jdjusterbar - UV 50+ - Med 2 Sidodelar - M\u00f6rkbl\u00e5 - TRUUSK - Hem, Tr\u00e4dg\u00e5rd &amp; Fritid","isPartOf":{"@id":"https:\/\/truusk.store\/sv\/#website"},"primaryImageOfPage":{"@id":"https:\/\/truusk.store\/sv\/produkt\/truusk-pop-up-paviljong-3x3m-vattentat-hojdjusterbar-uv-50-med-2-sidodelar-morkbla\/#primaryimage"},"image":{"@id":"https:\/\/truusk.store\/sv\/produkt\/truusk-pop-up-paviljong-3x3m-vattentat-hojdjusterbar-uv-50-med-2-sidodelar-morkbla\/#primaryimage"},"thumbnailUrl":"https:\/\/i0.wp.com\/truusk.store\/wp-content\/uploads\/2026\/01\/paviljong-3-x-3-m-vattentat-hojdjusterbar-pop-up-vikpaviljong-med-2-sidodelar-uv-50-vikbar-morkbla-1.webp?fit=2000%2C2000&ssl=1","datePublished":"2026-01-28T06:55:36+00:00","dateModified":"2026-03-12T07:53:10+00:00","breadcrumb":{"@id":"https:\/\/truusk.store\/sv\/produkt\/truusk-pop-up-paviljong-3x3m-vattentat-hojdjusterbar-uv-50-med-2-sidodelar-morkbla\/#breadcrumb"},"inLanguage":"sv-SE","potentialAction":[{"@type":"ReadAction","target":["https:\/\/truusk.store\/sv\/produkt\/truusk-pop-up-paviljong-3x3m-vattentat-hojdjusterbar-uv-50-med-2-sidodelar-morkbla\/"]}]},{"@type":"ImageObject","inLanguage":"sv-SE","@id":"https:\/\/truusk.store\/sv\/produkt\/truusk-pop-up-paviljong-3x3m-vattentat-hojdjusterbar-uv-50-med-2-sidodelar-morkbla\/#primaryimage","url":"https:\/\/i0.wp.com\/truusk.store\/wp-content\/uploads\/2026\/01\/paviljong-3-x-3-m-vattentat-hojdjusterbar-pop-up-vikpaviljong-med-2-sidodelar-uv-50-vikbar-morkbla-1.webp?fit=2000%2C2000&ssl=1","contentUrl":"https:\/\/i0.wp.com\/truusk.store\/wp-content\/uploads\/2026\/01\/paviljong-3-x-3-m-vattentat-hojdjusterbar-pop-up-vikpaviljong-med-2-sidodelar-uv-50-vikbar-morkbla-1.webp?fit=2000%2C2000&ssl=1","width":2000,"height":2000},{"@type":"BreadcrumbList","@id":"https:\/\/truusk.store\/sv\/produkt\/truusk-pop-up-paviljong-3x3m-vattentat-hojdjusterbar-uv-50-med-2-sidodelar-morkbla\/#breadcrumb","itemListElement":[{"@type":"ListItem","position":1,"name":"Home","item":"https:\/\/truusk.store\/sv\/"},{"@type":"ListItem","position":2,"name":"Shop","item":"https:\/\/truusk.store\/shop\/"},{"@type":"ListItem","position":3,"name":"TRUUSK Pop-up Paviljong 3x3m &#8211; Vattent\u00e4t &#8211; H\u00f6jdjusterbar &#8211; UV 50+ &#8211; Med 2 Sidodelar &#8211; M\u00f6rkbl\u00e5"}]},{"@type":"WebSite","@id":"https:\/\/truusk.store\/sv\/#website","url":"https:\/\/truusk.store\/sv\/","name":"TRUUSK - Hem, Tr\u00e4dg\u00e5rd & Fritid","description":"","publisher":{"@id":"https:\/\/truusk.store\/sv\/#organization"},"potentialAction":[{"@type":"SearchAction","target":{"@type":"EntryPoint","urlTemplate":"https:\/\/truusk.store\/sv\/?s={search_term_string}"},"query-input":{"@type":"PropertyValueSpecification","valueRequired":true,"valueName":"search_term_string"}}],"inLanguage":"sv-SE"},{"@type":"Organization","@id":"https:\/\/truusk.store\/sv\/#organization","name":"TRUUSK - Hem, Tr\u00e4dg\u00e5rd & Fritid","url":"https:\/\/truusk.store\/sv\/","logo":{"@type":"ImageObject","inLanguage":"sv-SE","@id":"https:\/\/truusk.store\/sv\/#\/schema\/logo\/image\/","url":"https:\/\/i0.wp.com\/truusk.store\/wp-content\/uploads\/2026\/03\/cropped-TRUUSK.png?fit=2032%2C917&ssl=1","contentUrl":"https:\/\/i0.wp.com\/truusk.store\/wp-content\/uploads\/2026\/03\/cropped-TRUUSK.png?fit=2032%2C917&ssl=1","width":2032,"height":917,"caption":"TRUUSK - Hem, Tr\u00e4dg\u00e5rd & Fritid"},"image":{"@id":"https:\/\/truusk.store\/sv\/#\/schema\/logo\/image\/"}}]}},"jetpack_sharing_enabled":true,"_links":{"self":[{"href":"https:\/\/truusk.store\/sv\/wp-json\/wp\/v2\/product\/102878","targetHints":{"allow":["GET"]}}],"collection":[{"href":"https:\/\/truusk.store\/sv\/wp-json\/wp\/v2\/product"}],"about":[{"href":"https:\/\/truusk.store\/sv\/wp-json\/wp\/v2\/types\/product"}],"wp:featuredmedia":[{"embeddable":true,"href":"https:\/\/truusk.store\/sv\/wp-json\/wp\/v2\/media\/102869"}],"wp:attachment":[{"href":"https:\/\/truusk.store\/sv\/wp-json\/wp\/v2\/media?parent=102878"}],"wp:term":[{"taxonomy":"product_brand","embeddable":true,"href":"https:\/\/truusk.store\/sv\/wp-json\/wp\/v2\/product_brand?post=102878"},{"taxonomy":"product_cat","embeddable":true,"href":"https:\/\/truusk.store\/sv\/wp-json\/wp\/v2\/product_cat?post=102878"},{"taxonomy":"product_tag","embeddable":true,"href":"https:\/\/truusk.store\/sv\/wp-json\/wp\/v2\/product_tag?post=102878"}],"curies":[{"name":"wp","href":"https:\/\/api.w.org\/{rel}","templated":true}]}}