{"id":102918,"date":"2026-01-28T07:59:23","date_gmt":"2026-01-28T06:59:23","guid":{"rendered":"https:\/\/truusk.store\/product\/konstgjord-kaktusvaxt-stor-95-cm-med-kruka-som-ser-akta-ut-for-hemmet-kontoret-gron\/"},"modified":"2026-03-12T08:53:15","modified_gmt":"2026-03-12T07:53:15","slug":"truusk-konstgjord-kaktusvaxt-95-cm-akta-utseende-med-kruka-for-hemmet-eller-kontoret-gron","status":"publish","type":"product","link":"https:\/\/truusk.store\/sv\/produkt\/truusk-konstgjord-kaktusvaxt-95-cm-akta-utseende-med-kruka-for-hemmet-eller-kontoret-gron\/","title":{"rendered":"TRUUSK Konstgjord Kaktusv\u00e4xt 95 cm &#8211; \u00c4kta Utseende &#8211; Med Kruka &#8211; F\u00f6r Hemmet eller Kontoret &#8211; Gr\u00f6n"},"content":{"rendered":"<p>Det h\u00e4r h\u00f6rnet av ditt rum verkar tomt &#8211; knappt n\u00e5got solljus n\u00e5r detta omr\u00e5de, riktiga v\u00e4xter har ingen chans d\u00e4r. [BRAND NAME] konstgjorda kaktusv\u00e4xt \u00e4r den perfekta underh\u00e5llsfria l\u00f6sningen! Med en h\u00f6jd p\u00e5 95 cm och en trestegsdesign blir den en blickf\u00e5ngare. Tack vare formbara stj\u00e4lkar anpassar sig skumv\u00e4xten till ditt rum. Njut av st\u00e4ndigt levande gr\u00f6nt utan n\u00e5got underh\u00e5llsarbete.<\/p>\n<p>Beskrivning:<\/p>\n<ul>\n<li> Med en h\u00f6jd p\u00e5 95 cm skapar dessa tre kaktusar av konstv\u00e4xten en modern blickf\u00e5ngare<\/li>\n<li> Tillverkad av h\u00e5llbar EVA+PE med metalltr\u00e5dar f\u00f6r individuell formning<\/li>\n<li> Njut av best\u00e5ende sk\u00f6nhet utan vattning, besk\u00e4rning eller allergier<\/li>\n<li> Levereras i en dekorativ plastkruka med en diameter p\u00e5 22 cm f\u00f6r omedelbar placering<\/li>\n<li> L\u00e4mplig f\u00f6r att ge ditt hem eller kontor en touch av natur<\/li>\n<li> Ingen montering kr\u00e4vs<\/li>\n<\/ul>\n<p> Tekniska data:<\/p>\n<ul>\n<li> F\u00e4rg: Gr\u00f6n<\/li>\n<li> Material: EVA, PE, Plast<\/li>\n<li> Typ: Kaktus<\/li>\n<li> Total h\u00f6jd: 95 cm<\/li>\n<li> Krukstorlek: \u00d822 x 22H cm<\/li>\n<\/ul>\n<p>Leveransinneh\u00e5ll:<\/p>\n<ul>\n<li> 1 x Konstgjord kaktusv\u00e4xt;<\/li>\n<\/ul>\n","protected":false},"excerpt":{"rendered":"<p>Det h\u00e4r h\u00f6rnet av ditt rum verkar tomt &#8211; knappt n\u00e5got solljus n\u00e5r detta omr\u00e5de, riktiga v\u00e4xter har ingen chans&#8230;<\/p>\n","protected":false},"featured_media":102906,"template":"","meta":[],"product_brand":[],"product_cat":[962,871,681],"product_tag":[],"class_list":{"0":"post-102918","1":"product","2":"type-product","3":"status-publish","4":"has-post-thumbnail","6":"product_cat-dekoration","7":"product_cat-hus-hem","8":"product_cat-konstgjorda-vaxter","10":"first","11":"instock","12":"sale","13":"taxable","14":"shipping-taxable","15":"purchasable","16":"product-type-simple"},"yoast_head":"<!-- This site is optimized with the Yoast SEO plugin v25.4 - https:\/\/yoast.com\/wordpress\/plugins\/seo\/ -->\n<title>TRUUSK Konstgjord Kaktusv\u00e4xt 95 cm - \u00c4kta Utseende - Med Kruka - F\u00f6r Hemmet eller Kontoret - Gr\u00f6n - TRUUSK - Hem, Tr\u00e4dg\u00e5rd &amp; Fritid<\/title>\n<meta name=\"robots\" content=\"index, follow, max-snippet:-1, max-image-preview:large, max-video-preview:-1\" \/>\n<link rel=\"canonical\" href=\"https:\/\/truusk.store\/sv\/produkt\/truusk-konstgjord-kaktusvaxt-95-cm-akta-utseende-med-kruka-for-hemmet-eller-kontoret-gron\/\" \/>\n<meta property=\"og:locale\" content=\"sv_SE\" \/>\n<meta property=\"og:type\" content=\"article\" \/>\n<meta property=\"og:title\" content=\"TRUUSK Konstgjord Kaktusv\u00e4xt 95 cm - \u00c4kta Utseende - Med Kruka - F\u00f6r Hemmet eller Kontoret - Gr\u00f6n - TRUUSK - Hem, Tr\u00e4dg\u00e5rd &amp; Fritid\" \/>\n<meta property=\"og:description\" content=\"Det h\u00e4r h\u00f6rnet av ditt rum verkar tomt &#8211; knappt n\u00e5got solljus n\u00e5r detta omr\u00e5de, riktiga v\u00e4xter har ingen chans...\" \/>\n<meta property=\"og:url\" content=\"https:\/\/truusk.store\/sv\/produkt\/truusk-konstgjord-kaktusvaxt-95-cm-akta-utseende-med-kruka-for-hemmet-eller-kontoret-gron\/\" \/>\n<meta property=\"og:site_name\" content=\"TRUUSK - Hem, Tr\u00e4dg\u00e5rd &amp; Fritid\" \/>\n<meta property=\"article:modified_time\" content=\"2026-03-12T07:53:15+00:00\" \/>\n<meta property=\"og:image\" content=\"https:\/\/i0.wp.com\/truusk.se\/wp-content\/uploads\/2026\/01\/konstgjord-kaktusvaxt-stor-95-cm-med-kruka-som-ser-akta-ut-for-hemmet-kontoret-gron-1.webp?fit=2000%2C2000&ssl=1\" \/>\n\t<meta property=\"og:image:width\" content=\"2000\" \/>\n\t<meta property=\"og:image:height\" content=\"2000\" \/>\n\t<meta property=\"og:image:type\" content=\"image\/webp\" \/>\n<meta name=\"twitter:card\" content=\"summary_large_image\" \/>\n<meta name=\"twitter:label1\" content=\"Ber\u00e4knad l\u00e4stid\" \/>\n\t<meta name=\"twitter:data1\" content=\"1 minut\" \/>\n<!-- \/ Yoast SEO plugin. -->","yoast_head_json":{"title":"TRUUSK Konstgjord Kaktusv\u00e4xt 95 cm - \u00c4kta Utseende - Med Kruka - F\u00f6r Hemmet eller Kontoret - Gr\u00f6n - TRUUSK - Hem, Tr\u00e4dg\u00e5rd &amp; Fritid","robots":{"index":"index","follow":"follow","max-snippet":"max-snippet:-1","max-image-preview":"max-image-preview:large","max-video-preview":"max-video-preview:-1"},"canonical":"https:\/\/truusk.store\/sv\/produkt\/truusk-konstgjord-kaktusvaxt-95-cm-akta-utseende-med-kruka-for-hemmet-eller-kontoret-gron\/","og_locale":"sv_SE","og_type":"article","og_title":"TRUUSK Konstgjord Kaktusv\u00e4xt 95 cm - \u00c4kta Utseende - Med Kruka - F\u00f6r Hemmet eller Kontoret - Gr\u00f6n - TRUUSK - Hem, Tr\u00e4dg\u00e5rd &amp; Fritid","og_description":"Det h\u00e4r h\u00f6rnet av ditt rum verkar tomt &#8211; knappt n\u00e5got solljus n\u00e5r detta omr\u00e5de, riktiga v\u00e4xter har ingen chans...","og_url":"https:\/\/truusk.store\/sv\/produkt\/truusk-konstgjord-kaktusvaxt-95-cm-akta-utseende-med-kruka-for-hemmet-eller-kontoret-gron\/","og_site_name":"TRUUSK - Hem, Tr\u00e4dg\u00e5rd &amp; Fritid","article_modified_time":"2026-03-12T07:53:15+00:00","og_image":[{"width":2000,"height":2000,"url":"https:\/\/i0.wp.com\/truusk.se\/wp-content\/uploads\/2026\/01\/konstgjord-kaktusvaxt-stor-95-cm-med-kruka-som-ser-akta-ut-for-hemmet-kontoret-gron-1.webp?fit=2000%2C2000&ssl=1","type":"image\/webp"}],"twitter_card":"summary_large_image","twitter_misc":{"Ber\u00e4knad l\u00e4stid":"1 minut"},"schema":{"@context":"https:\/\/schema.org","@graph":[{"@type":"WebPage","@id":"https:\/\/truusk.store\/sv\/produkt\/truusk-konstgjord-kaktusvaxt-95-cm-akta-utseende-med-kruka-for-hemmet-eller-kontoret-gron\/","url":"https:\/\/truusk.store\/sv\/produkt\/truusk-konstgjord-kaktusvaxt-95-cm-akta-utseende-med-kruka-for-hemmet-eller-kontoret-gron\/","name":"TRUUSK Konstgjord Kaktusv\u00e4xt 95 cm - \u00c4kta Utseende - Med Kruka - F\u00f6r Hemmet eller Kontoret - Gr\u00f6n - TRUUSK - Hem, Tr\u00e4dg\u00e5rd &amp; Fritid","isPartOf":{"@id":"https:\/\/truusk.store\/sv\/#website"},"primaryImageOfPage":{"@id":"https:\/\/truusk.store\/sv\/produkt\/truusk-konstgjord-kaktusvaxt-95-cm-akta-utseende-med-kruka-for-hemmet-eller-kontoret-gron\/#primaryimage"},"image":{"@id":"https:\/\/truusk.store\/sv\/produkt\/truusk-konstgjord-kaktusvaxt-95-cm-akta-utseende-med-kruka-for-hemmet-eller-kontoret-gron\/#primaryimage"},"thumbnailUrl":"https:\/\/i0.wp.com\/truusk.store\/wp-content\/uploads\/2026\/01\/konstgjord-kaktusvaxt-stor-95-cm-med-kruka-som-ser-akta-ut-for-hemmet-kontoret-gron-1.webp?fit=2000%2C2000&ssl=1","datePublished":"2026-01-28T06:59:23+00:00","dateModified":"2026-03-12T07:53:15+00:00","breadcrumb":{"@id":"https:\/\/truusk.store\/sv\/produkt\/truusk-konstgjord-kaktusvaxt-95-cm-akta-utseende-med-kruka-for-hemmet-eller-kontoret-gron\/#breadcrumb"},"inLanguage":"sv-SE","potentialAction":[{"@type":"ReadAction","target":["https:\/\/truusk.store\/sv\/produkt\/truusk-konstgjord-kaktusvaxt-95-cm-akta-utseende-med-kruka-for-hemmet-eller-kontoret-gron\/"]}]},{"@type":"ImageObject","inLanguage":"sv-SE","@id":"https:\/\/truusk.store\/sv\/produkt\/truusk-konstgjord-kaktusvaxt-95-cm-akta-utseende-med-kruka-for-hemmet-eller-kontoret-gron\/#primaryimage","url":"https:\/\/i0.wp.com\/truusk.store\/wp-content\/uploads\/2026\/01\/konstgjord-kaktusvaxt-stor-95-cm-med-kruka-som-ser-akta-ut-for-hemmet-kontoret-gron-1.webp?fit=2000%2C2000&ssl=1","contentUrl":"https:\/\/i0.wp.com\/truusk.store\/wp-content\/uploads\/2026\/01\/konstgjord-kaktusvaxt-stor-95-cm-med-kruka-som-ser-akta-ut-for-hemmet-kontoret-gron-1.webp?fit=2000%2C2000&ssl=1","width":2000,"height":2000},{"@type":"BreadcrumbList","@id":"https:\/\/truusk.store\/sv\/produkt\/truusk-konstgjord-kaktusvaxt-95-cm-akta-utseende-med-kruka-for-hemmet-eller-kontoret-gron\/#breadcrumb","itemListElement":[{"@type":"ListItem","position":1,"name":"Home","item":"https:\/\/truusk.store\/sv\/"},{"@type":"ListItem","position":2,"name":"Shop","item":"https:\/\/truusk.store\/shop\/"},{"@type":"ListItem","position":3,"name":"TRUUSK Konstgjord Kaktusv\u00e4xt 95 cm &#8211; \u00c4kta Utseende &#8211; Med Kruka &#8211; F\u00f6r Hemmet eller Kontoret &#8211; Gr\u00f6n"}]},{"@type":"WebSite","@id":"https:\/\/truusk.store\/sv\/#website","url":"https:\/\/truusk.store\/sv\/","name":"TRUUSK - Hem, Tr\u00e4dg\u00e5rd & Fritid","description":"","publisher":{"@id":"https:\/\/truusk.store\/sv\/#organization"},"potentialAction":[{"@type":"SearchAction","target":{"@type":"EntryPoint","urlTemplate":"https:\/\/truusk.store\/sv\/?s={search_term_string}"},"query-input":{"@type":"PropertyValueSpecification","valueRequired":true,"valueName":"search_term_string"}}],"inLanguage":"sv-SE"},{"@type":"Organization","@id":"https:\/\/truusk.store\/sv\/#organization","name":"TRUUSK - Hem, Tr\u00e4dg\u00e5rd & Fritid","url":"https:\/\/truusk.store\/sv\/","logo":{"@type":"ImageObject","inLanguage":"sv-SE","@id":"https:\/\/truusk.store\/sv\/#\/schema\/logo\/image\/","url":"https:\/\/i0.wp.com\/truusk.store\/wp-content\/uploads\/2026\/03\/cropped-TRUUSK.png?fit=2032%2C917&ssl=1","contentUrl":"https:\/\/i0.wp.com\/truusk.store\/wp-content\/uploads\/2026\/03\/cropped-TRUUSK.png?fit=2032%2C917&ssl=1","width":2032,"height":917,"caption":"TRUUSK - Hem, Tr\u00e4dg\u00e5rd & Fritid"},"image":{"@id":"https:\/\/truusk.store\/sv\/#\/schema\/logo\/image\/"}}]}},"jetpack_sharing_enabled":true,"_links":{"self":[{"href":"https:\/\/truusk.store\/sv\/wp-json\/wp\/v2\/product\/102918","targetHints":{"allow":["GET"]}}],"collection":[{"href":"https:\/\/truusk.store\/sv\/wp-json\/wp\/v2\/product"}],"about":[{"href":"https:\/\/truusk.store\/sv\/wp-json\/wp\/v2\/types\/product"}],"wp:featuredmedia":[{"embeddable":true,"href":"https:\/\/truusk.store\/sv\/wp-json\/wp\/v2\/media\/102906"}],"wp:attachment":[{"href":"https:\/\/truusk.store\/sv\/wp-json\/wp\/v2\/media?parent=102918"}],"wp:term":[{"taxonomy":"product_brand","embeddable":true,"href":"https:\/\/truusk.store\/sv\/wp-json\/wp\/v2\/product_brand?post=102918"},{"taxonomy":"product_cat","embeddable":true,"href":"https:\/\/truusk.store\/sv\/wp-json\/wp\/v2\/product_cat?post=102918"},{"taxonomy":"product_tag","embeddable":true,"href":"https:\/\/truusk.store\/sv\/wp-json\/wp\/v2\/product_tag?post=102918"}],"curies":[{"name":"wp","href":"https:\/\/api.w.org\/{rel}","templated":true}]}}