{"id":102938,"date":"2026-01-28T08:01:50","date_gmt":"2026-01-28T07:01:50","guid":{"rendered":"https:\/\/truusk.store\/product\/2-sits-soffa-mjuk-stoppning-lattskott-kladsel-upp-till-220-kg-117-x-565-x-77-cm-morkgra\/"},"modified":"2026-03-12T08:53:17","modified_gmt":"2026-03-12T07:53:17","slug":"truusk-2-sits-soffa-mjuk-stoppning-lattskott-kladsel-upp-till-220-kg-117-x-565-x-77-cm-morkgra","status":"publish","type":"product","link":"https:\/\/truusk.store\/sv\/produkt\/truusk-2-sits-soffa-mjuk-stoppning-lattskott-kladsel-upp-till-220-kg-117-x-565-x-77-cm-morkgra\/","title":{"rendered":"TRUUSK 2-sits Soffa &#8211; Mjuk Stoppning &#8211; L\u00e4ttsk\u00f6tt Kl\u00e4dsel &#8211; Upp Till 220 Kg &#8211; 117 X 56,5 X 77 Cm &#8211; M\u00f6rkgr\u00e5"},"content":{"rendered":"<p>Det perfekta soffan f\u00f6r avkoppling: Oavsett om du sitter eller ligger, har [BRAND NAME] den r\u00e4tta m\u00f6beln f\u00f6r alla som vill ha det mysigt. Den kompakta soffan med massivt tr\u00e4ram, fj\u00e4dring och st\u00f6djande ryggst\u00f6d \u00e4r samtidigt stabil och bekv\u00e4m. Luta dig tillbaka och njut av en mysig kv\u00e4ll med dina n\u00e4ra och k\u00e4ra.<\/p>\n<p>Beskrivning:<\/p>\n<ul>\n<li> Enkel design: passar i alla vardagsrum<\/li>\n<li> Kompakt: idealisk f\u00f6r 2 personer i sm\u00e5 utrymmen<\/li>\n<li> Tjockt stoppad och fj\u00e4drad sits f\u00f6r h\u00f6g komfort<\/li>\n<li> Den mysiga ryggst\u00f6det avlastar din rygg n\u00e4r du tittar p\u00e5 TV eller l\u00e4ser<\/li>\n<li> Benen av massivt tr\u00e4 \u00e4r stabila och robusta<\/li>\n<li> Stabil och h\u00e5llbar tr\u00e4ram<\/li>\n<li> Snabb och enkel montering<\/li>\n<\/ul>\n<p> Tekniska data:<\/p>\n<ul>\n<li> Material: Skum, Linne (100% Polyester), Tr\u00e4<\/li>\n<li> F\u00e4rg: M\u00f6rkgr\u00e5<\/li>\n<li> Totala m\u00e5tt: L117 x B56,5 x H77 cm<\/li>\n<li> Sits: L117 x B42 cm<\/li>\n<li> Sitth\u00f6jd: 46,7 cm<\/li>\n<li> Ryggst\u00f6dets h\u00f6jd: 33 cm<\/li>\n<li> Stopptjocklek: 20 cm<\/li>\n<li> Benh\u00f6jd: 25 cm<\/li>\n<li> max. Belastningskapacitet: 220 kg<\/li>\n<\/ul>\n<p>Leveransinneh\u00e5ll:<\/p>\n<ul>\n<li> 1 x 2-sits soffa<\/li>\n<li> 1 x Monteringsanvisning<\/li>\n<\/ul>\n","protected":false},"excerpt":{"rendered":"<p>Det perfekta soffan f\u00f6r avkoppling: Oavsett om du sitter eller ligger, har [BRAND NAME] den r\u00e4tta m\u00f6beln f\u00f6r alla som&#8230;<\/p>\n","protected":false},"featured_media":102929,"template":"","meta":[],"product_brand":[],"product_cat":[871,937,910,974],"product_tag":[],"class_list":{"0":"post-102938","1":"product","2":"type-product","3":"status-publish","4":"has-post-thumbnail","6":"product_cat-hus-hem","7":"product_cat-soffor","8":"product_cat-vardagsrum","9":"product_cat-zweisitzer","11":"first","12":"instock","13":"sale","14":"taxable","15":"shipping-taxable","16":"purchasable","17":"product-type-simple"},"yoast_head":"<!-- This site is optimized with the Yoast SEO plugin v25.4 - https:\/\/yoast.com\/wordpress\/plugins\/seo\/ -->\n<title>TRUUSK 2-sits Soffa - Mjuk Stoppning - L\u00e4ttsk\u00f6tt Kl\u00e4dsel - Upp Till 220 Kg - 117 X 56,5 X 77 Cm - M\u00f6rkgr\u00e5 - TRUUSK - Hem, Tr\u00e4dg\u00e5rd &amp; Fritid<\/title>\n<meta name=\"robots\" content=\"index, follow, max-snippet:-1, max-image-preview:large, max-video-preview:-1\" \/>\n<link rel=\"canonical\" href=\"https:\/\/truusk.store\/sv\/produkt\/truusk-2-sits-soffa-mjuk-stoppning-lattskott-kladsel-upp-till-220-kg-117-x-565-x-77-cm-morkgra\/\" \/>\n<meta property=\"og:locale\" content=\"sv_SE\" \/>\n<meta property=\"og:type\" content=\"article\" \/>\n<meta property=\"og:title\" content=\"TRUUSK 2-sits Soffa - Mjuk Stoppning - L\u00e4ttsk\u00f6tt Kl\u00e4dsel - Upp Till 220 Kg - 117 X 56,5 X 77 Cm - M\u00f6rkgr\u00e5 - TRUUSK - Hem, Tr\u00e4dg\u00e5rd &amp; Fritid\" \/>\n<meta property=\"og:description\" content=\"Det perfekta soffan f\u00f6r avkoppling: Oavsett om du sitter eller ligger, har [BRAND NAME] den r\u00e4tta m\u00f6beln f\u00f6r alla som...\" \/>\n<meta property=\"og:url\" content=\"https:\/\/truusk.store\/sv\/produkt\/truusk-2-sits-soffa-mjuk-stoppning-lattskott-kladsel-upp-till-220-kg-117-x-565-x-77-cm-morkgra\/\" \/>\n<meta property=\"og:site_name\" content=\"TRUUSK - Hem, Tr\u00e4dg\u00e5rd &amp; Fritid\" \/>\n<meta property=\"article:modified_time\" content=\"2026-03-12T07:53:17+00:00\" \/>\n<meta property=\"og:image\" content=\"https:\/\/i0.wp.com\/truusk.se\/wp-content\/uploads\/2026\/01\/2-sits-soffa-mjuk-stoppning-lattskott-kladsel-upp-till-220-kg-117-x-565-x-77-cm-morkgra-1.webp?fit=2000%2C2000&ssl=1\" \/>\n\t<meta property=\"og:image:width\" content=\"2000\" \/>\n\t<meta property=\"og:image:height\" content=\"2000\" \/>\n\t<meta property=\"og:image:type\" content=\"image\/webp\" \/>\n<meta name=\"twitter:card\" content=\"summary_large_image\" \/>\n<meta name=\"twitter:label1\" content=\"Ber\u00e4knad l\u00e4stid\" \/>\n\t<meta name=\"twitter:data1\" content=\"1 minut\" \/>\n<!-- \/ Yoast SEO plugin. -->","yoast_head_json":{"title":"TRUUSK 2-sits Soffa - Mjuk Stoppning - L\u00e4ttsk\u00f6tt Kl\u00e4dsel - Upp Till 220 Kg - 117 X 56,5 X 77 Cm - M\u00f6rkgr\u00e5 - TRUUSK - Hem, Tr\u00e4dg\u00e5rd &amp; Fritid","robots":{"index":"index","follow":"follow","max-snippet":"max-snippet:-1","max-image-preview":"max-image-preview:large","max-video-preview":"max-video-preview:-1"},"canonical":"https:\/\/truusk.store\/sv\/produkt\/truusk-2-sits-soffa-mjuk-stoppning-lattskott-kladsel-upp-till-220-kg-117-x-565-x-77-cm-morkgra\/","og_locale":"sv_SE","og_type":"article","og_title":"TRUUSK 2-sits Soffa - Mjuk Stoppning - L\u00e4ttsk\u00f6tt Kl\u00e4dsel - Upp Till 220 Kg - 117 X 56,5 X 77 Cm - M\u00f6rkgr\u00e5 - TRUUSK - Hem, Tr\u00e4dg\u00e5rd &amp; Fritid","og_description":"Det perfekta soffan f\u00f6r avkoppling: Oavsett om du sitter eller ligger, har [BRAND NAME] den r\u00e4tta m\u00f6beln f\u00f6r alla som...","og_url":"https:\/\/truusk.store\/sv\/produkt\/truusk-2-sits-soffa-mjuk-stoppning-lattskott-kladsel-upp-till-220-kg-117-x-565-x-77-cm-morkgra\/","og_site_name":"TRUUSK - Hem, Tr\u00e4dg\u00e5rd &amp; Fritid","article_modified_time":"2026-03-12T07:53:17+00:00","og_image":[{"width":2000,"height":2000,"url":"https:\/\/i0.wp.com\/truusk.se\/wp-content\/uploads\/2026\/01\/2-sits-soffa-mjuk-stoppning-lattskott-kladsel-upp-till-220-kg-117-x-565-x-77-cm-morkgra-1.webp?fit=2000%2C2000&ssl=1","type":"image\/webp"}],"twitter_card":"summary_large_image","twitter_misc":{"Ber\u00e4knad l\u00e4stid":"1 minut"},"schema":{"@context":"https:\/\/schema.org","@graph":[{"@type":"WebPage","@id":"https:\/\/truusk.store\/sv\/produkt\/truusk-2-sits-soffa-mjuk-stoppning-lattskott-kladsel-upp-till-220-kg-117-x-565-x-77-cm-morkgra\/","url":"https:\/\/truusk.store\/sv\/produkt\/truusk-2-sits-soffa-mjuk-stoppning-lattskott-kladsel-upp-till-220-kg-117-x-565-x-77-cm-morkgra\/","name":"TRUUSK 2-sits Soffa - Mjuk Stoppning - L\u00e4ttsk\u00f6tt Kl\u00e4dsel - Upp Till 220 Kg - 117 X 56,5 X 77 Cm - M\u00f6rkgr\u00e5 - TRUUSK - Hem, Tr\u00e4dg\u00e5rd &amp; Fritid","isPartOf":{"@id":"https:\/\/truusk.store\/sv\/#website"},"primaryImageOfPage":{"@id":"https:\/\/truusk.store\/sv\/produkt\/truusk-2-sits-soffa-mjuk-stoppning-lattskott-kladsel-upp-till-220-kg-117-x-565-x-77-cm-morkgra\/#primaryimage"},"image":{"@id":"https:\/\/truusk.store\/sv\/produkt\/truusk-2-sits-soffa-mjuk-stoppning-lattskott-kladsel-upp-till-220-kg-117-x-565-x-77-cm-morkgra\/#primaryimage"},"thumbnailUrl":"https:\/\/i0.wp.com\/truusk.store\/wp-content\/uploads\/2026\/01\/2-sits-soffa-mjuk-stoppning-lattskott-kladsel-upp-till-220-kg-117-x-565-x-77-cm-morkgra-1.webp?fit=2000%2C2000&ssl=1","datePublished":"2026-01-28T07:01:50+00:00","dateModified":"2026-03-12T07:53:17+00:00","breadcrumb":{"@id":"https:\/\/truusk.store\/sv\/produkt\/truusk-2-sits-soffa-mjuk-stoppning-lattskott-kladsel-upp-till-220-kg-117-x-565-x-77-cm-morkgra\/#breadcrumb"},"inLanguage":"sv-SE","potentialAction":[{"@type":"ReadAction","target":["https:\/\/truusk.store\/sv\/produkt\/truusk-2-sits-soffa-mjuk-stoppning-lattskott-kladsel-upp-till-220-kg-117-x-565-x-77-cm-morkgra\/"]}]},{"@type":"ImageObject","inLanguage":"sv-SE","@id":"https:\/\/truusk.store\/sv\/produkt\/truusk-2-sits-soffa-mjuk-stoppning-lattskott-kladsel-upp-till-220-kg-117-x-565-x-77-cm-morkgra\/#primaryimage","url":"https:\/\/i0.wp.com\/truusk.store\/wp-content\/uploads\/2026\/01\/2-sits-soffa-mjuk-stoppning-lattskott-kladsel-upp-till-220-kg-117-x-565-x-77-cm-morkgra-1.webp?fit=2000%2C2000&ssl=1","contentUrl":"https:\/\/i0.wp.com\/truusk.store\/wp-content\/uploads\/2026\/01\/2-sits-soffa-mjuk-stoppning-lattskott-kladsel-upp-till-220-kg-117-x-565-x-77-cm-morkgra-1.webp?fit=2000%2C2000&ssl=1","width":2000,"height":2000},{"@type":"BreadcrumbList","@id":"https:\/\/truusk.store\/sv\/produkt\/truusk-2-sits-soffa-mjuk-stoppning-lattskott-kladsel-upp-till-220-kg-117-x-565-x-77-cm-morkgra\/#breadcrumb","itemListElement":[{"@type":"ListItem","position":1,"name":"Home","item":"https:\/\/truusk.store\/sv\/"},{"@type":"ListItem","position":2,"name":"Shop","item":"https:\/\/truusk.store\/shop\/"},{"@type":"ListItem","position":3,"name":"TRUUSK 2-sits Soffa &#8211; Mjuk Stoppning &#8211; L\u00e4ttsk\u00f6tt Kl\u00e4dsel &#8211; Upp Till 220 Kg &#8211; 117 X 56,5 X 77 Cm &#8211; M\u00f6rkgr\u00e5"}]},{"@type":"WebSite","@id":"https:\/\/truusk.store\/sv\/#website","url":"https:\/\/truusk.store\/sv\/","name":"TRUUSK - Hem, Tr\u00e4dg\u00e5rd & Fritid","description":"","publisher":{"@id":"https:\/\/truusk.store\/sv\/#organization"},"potentialAction":[{"@type":"SearchAction","target":{"@type":"EntryPoint","urlTemplate":"https:\/\/truusk.store\/sv\/?s={search_term_string}"},"query-input":{"@type":"PropertyValueSpecification","valueRequired":true,"valueName":"search_term_string"}}],"inLanguage":"sv-SE"},{"@type":"Organization","@id":"https:\/\/truusk.store\/sv\/#organization","name":"TRUUSK - Hem, Tr\u00e4dg\u00e5rd & Fritid","url":"https:\/\/truusk.store\/sv\/","logo":{"@type":"ImageObject","inLanguage":"sv-SE","@id":"https:\/\/truusk.store\/sv\/#\/schema\/logo\/image\/","url":"https:\/\/i0.wp.com\/truusk.store\/wp-content\/uploads\/2026\/03\/cropped-TRUUSK.png?fit=2032%2C917&ssl=1","contentUrl":"https:\/\/i0.wp.com\/truusk.store\/wp-content\/uploads\/2026\/03\/cropped-TRUUSK.png?fit=2032%2C917&ssl=1","width":2032,"height":917,"caption":"TRUUSK - Hem, Tr\u00e4dg\u00e5rd & Fritid"},"image":{"@id":"https:\/\/truusk.store\/sv\/#\/schema\/logo\/image\/"}}]}},"jetpack_sharing_enabled":true,"_links":{"self":[{"href":"https:\/\/truusk.store\/sv\/wp-json\/wp\/v2\/product\/102938","targetHints":{"allow":["GET"]}}],"collection":[{"href":"https:\/\/truusk.store\/sv\/wp-json\/wp\/v2\/product"}],"about":[{"href":"https:\/\/truusk.store\/sv\/wp-json\/wp\/v2\/types\/product"}],"wp:featuredmedia":[{"embeddable":true,"href":"https:\/\/truusk.store\/sv\/wp-json\/wp\/v2\/media\/102929"}],"wp:attachment":[{"href":"https:\/\/truusk.store\/sv\/wp-json\/wp\/v2\/media?parent=102938"}],"wp:term":[{"taxonomy":"product_brand","embeddable":true,"href":"https:\/\/truusk.store\/sv\/wp-json\/wp\/v2\/product_brand?post=102938"},{"taxonomy":"product_cat","embeddable":true,"href":"https:\/\/truusk.store\/sv\/wp-json\/wp\/v2\/product_cat?post=102938"},{"taxonomy":"product_tag","embeddable":true,"href":"https:\/\/truusk.store\/sv\/wp-json\/wp\/v2\/product_tag?post=102938"}],"curies":[{"name":"wp","href":"https:\/\/api.w.org\/{rel}","templated":true}]}}