{"id":102974,"date":"2026-01-28T08:05:27","date_gmt":"2026-01-28T07:05:27","guid":{"rendered":"https:\/\/truusk.store\/product\/konstgjord-kaktusvaxt-stor-111-cm-konstgjorda-vaxter-i-kruka-for-kontor-vardagsrum\/"},"modified":"2026-03-12T08:53:19","modified_gmt":"2026-03-12T07:53:19","slug":"truusk-stor-konstgjord-kaktusvaxt-111-cm-konstgjorda-vaxter-i-kruka-for-kontor-vardagsrum","status":"publish","type":"product","link":"https:\/\/truusk.store\/sv\/produkt\/truusk-stor-konstgjord-kaktusvaxt-111-cm-konstgjorda-vaxter-i-kruka-for-kontor-vardagsrum\/","title":{"rendered":"TRUUSK Stor Konstgjord Kaktusv\u00e4xt &#8211; 111 cm &#8211; Konstgjorda V\u00e4xter i Kruka &#8211; F\u00f6r Kontor &amp; Vardagsrum"},"content":{"rendered":"<p>Har du f\u00e5tt nog av tomma h\u00f6rn och tr\u00e5kiga entr\u00e9omr\u00e5den? Denna [BRAND NAME] konstgjorda kaktusv\u00e4xt erbjuder den perfekta l\u00f6sningen. Den kommer f\u00e4rdig i sin egen kruka och \u00f6vertygar med en realistisk design. Utan vattning, klippning eller sk\u00f6tsel ger den omedelbart friskt gr\u00f6nt till varje rum och skapar en stilfull, skulptural blickf\u00e5ng som f\u00f6rb\u00e4ttrar dina bostadsutrymmen.<\/p>\n<p>Beskrivning:<\/p>\n<ul>\n<li> Tillverkad av h\u00f6gkvalitativ EVA f\u00f6r ett imponerande realistiskt utseende och en autentisk k\u00e4nsla<\/li>\n<li> Levereras med en medf\u00f6ljande kruka och \u00e4r omedelbart redo att anv\u00e4ndas, vilket sparar dig tid och pengar<\/li>\n<li> Njut av evigt gr\u00f6na v\u00e4xter utan vattning eller sk\u00f6tsel f\u00f6r en hektisk livsstil<\/li>\n<li> Ett stilfullt, m\u00e5ngsidigt stycke, perfekt f\u00f6r hemmakontor och som bakgrund f\u00f6r sociala medier<\/li>\n<li> Interna tr\u00e5dar ser till att de 3 stj\u00e4lkarna av krukv\u00e4xten st\u00e5r uppr\u00e4tt och aldrig h\u00e4nger<\/li>\n<li> Ingen montering kr\u00e4vs<\/li>\n<\/ul>\n<p> Tekniska specifikationer:<\/p>\n<ul>\n<li> F\u00e4rg: Gr\u00f6n<\/li>\n<li> Material: EVA, Plast<\/li>\n<li> Totala dimensioner: \u00d825 x 111H cm<\/li>\n<li> Basstorlek: \u00d822 x 22H cm<\/li>\n<\/ul>\n<p>Leveransinneh\u00e5ll:<\/p>\n<ul>\n<li> 1 x Konstgjord kaktusv\u00e4xt;<\/li>\n<\/ul>\n","protected":false},"excerpt":{"rendered":"<p>Har du f\u00e5tt nog av tomma h\u00f6rn och tr\u00e5kiga entr\u00e9omr\u00e5den? Denna [BRAND NAME] konstgjorda kaktusv\u00e4xt erbjuder den perfekta l\u00f6sningen. Den&#8230;<\/p>\n","protected":false},"featured_media":102965,"template":"","meta":[],"product_brand":[],"product_cat":[962,871,681],"product_tag":[],"class_list":{"0":"post-102974","1":"product","2":"type-product","3":"status-publish","4":"has-post-thumbnail","6":"product_cat-dekoration","7":"product_cat-hus-hem","8":"product_cat-konstgjorda-vaxter","10":"first","11":"instock","12":"sale","13":"taxable","14":"shipping-taxable","15":"purchasable","16":"product-type-simple"},"yoast_head":"<!-- This site is optimized with the Yoast SEO plugin v25.4 - https:\/\/yoast.com\/wordpress\/plugins\/seo\/ -->\n<title>TRUUSK Stor Konstgjord Kaktusv\u00e4xt - 111 cm - Konstgjorda V\u00e4xter i Kruka - F\u00f6r Kontor &amp; Vardagsrum - TRUUSK - Hem, Tr\u00e4dg\u00e5rd &amp; Fritid<\/title>\n<meta name=\"robots\" content=\"index, follow, max-snippet:-1, max-image-preview:large, max-video-preview:-1\" \/>\n<link rel=\"canonical\" href=\"https:\/\/truusk.store\/sv\/produkt\/truusk-stor-konstgjord-kaktusvaxt-111-cm-konstgjorda-vaxter-i-kruka-for-kontor-vardagsrum\/\" \/>\n<meta property=\"og:locale\" content=\"sv_SE\" \/>\n<meta property=\"og:type\" content=\"article\" \/>\n<meta property=\"og:title\" content=\"TRUUSK Stor Konstgjord Kaktusv\u00e4xt - 111 cm - Konstgjorda V\u00e4xter i Kruka - F\u00f6r Kontor &amp; Vardagsrum - TRUUSK - Hem, Tr\u00e4dg\u00e5rd &amp; Fritid\" \/>\n<meta property=\"og:description\" content=\"Har du f\u00e5tt nog av tomma h\u00f6rn och tr\u00e5kiga entr\u00e9omr\u00e5den? Denna [BRAND NAME] konstgjorda kaktusv\u00e4xt erbjuder den perfekta l\u00f6sningen. Den...\" \/>\n<meta property=\"og:url\" content=\"https:\/\/truusk.store\/sv\/produkt\/truusk-stor-konstgjord-kaktusvaxt-111-cm-konstgjorda-vaxter-i-kruka-for-kontor-vardagsrum\/\" \/>\n<meta property=\"og:site_name\" content=\"TRUUSK - Hem, Tr\u00e4dg\u00e5rd &amp; Fritid\" \/>\n<meta property=\"article:modified_time\" content=\"2026-03-12T07:53:19+00:00\" \/>\n<meta property=\"og:image\" content=\"https:\/\/i0.wp.com\/truusk.se\/wp-content\/uploads\/2026\/01\/konstgjord-kaktusvaxt-stor-111-cm-konstgjorda-vaxter-i-kruka-for-kontor-vardagsrum-1.webp?fit=2000%2C2000&ssl=1\" \/>\n\t<meta property=\"og:image:width\" content=\"2000\" \/>\n\t<meta property=\"og:image:height\" content=\"2000\" \/>\n\t<meta property=\"og:image:type\" content=\"image\/webp\" \/>\n<meta name=\"twitter:card\" content=\"summary_large_image\" \/>\n<meta name=\"twitter:label1\" content=\"Ber\u00e4knad l\u00e4stid\" \/>\n\t<meta name=\"twitter:data1\" content=\"1 minut\" \/>\n<!-- \/ Yoast SEO plugin. -->","yoast_head_json":{"title":"TRUUSK Stor Konstgjord Kaktusv\u00e4xt - 111 cm - Konstgjorda V\u00e4xter i Kruka - F\u00f6r Kontor &amp; Vardagsrum - TRUUSK - Hem, Tr\u00e4dg\u00e5rd &amp; Fritid","robots":{"index":"index","follow":"follow","max-snippet":"max-snippet:-1","max-image-preview":"max-image-preview:large","max-video-preview":"max-video-preview:-1"},"canonical":"https:\/\/truusk.store\/sv\/produkt\/truusk-stor-konstgjord-kaktusvaxt-111-cm-konstgjorda-vaxter-i-kruka-for-kontor-vardagsrum\/","og_locale":"sv_SE","og_type":"article","og_title":"TRUUSK Stor Konstgjord Kaktusv\u00e4xt - 111 cm - Konstgjorda V\u00e4xter i Kruka - F\u00f6r Kontor &amp; Vardagsrum - TRUUSK - Hem, Tr\u00e4dg\u00e5rd &amp; Fritid","og_description":"Har du f\u00e5tt nog av tomma h\u00f6rn och tr\u00e5kiga entr\u00e9omr\u00e5den? Denna [BRAND NAME] konstgjorda kaktusv\u00e4xt erbjuder den perfekta l\u00f6sningen. Den...","og_url":"https:\/\/truusk.store\/sv\/produkt\/truusk-stor-konstgjord-kaktusvaxt-111-cm-konstgjorda-vaxter-i-kruka-for-kontor-vardagsrum\/","og_site_name":"TRUUSK - Hem, Tr\u00e4dg\u00e5rd &amp; Fritid","article_modified_time":"2026-03-12T07:53:19+00:00","og_image":[{"width":2000,"height":2000,"url":"https:\/\/i0.wp.com\/truusk.se\/wp-content\/uploads\/2026\/01\/konstgjord-kaktusvaxt-stor-111-cm-konstgjorda-vaxter-i-kruka-for-kontor-vardagsrum-1.webp?fit=2000%2C2000&ssl=1","type":"image\/webp"}],"twitter_card":"summary_large_image","twitter_misc":{"Ber\u00e4knad l\u00e4stid":"1 minut"},"schema":{"@context":"https:\/\/schema.org","@graph":[{"@type":"WebPage","@id":"https:\/\/truusk.store\/sv\/produkt\/truusk-stor-konstgjord-kaktusvaxt-111-cm-konstgjorda-vaxter-i-kruka-for-kontor-vardagsrum\/","url":"https:\/\/truusk.store\/sv\/produkt\/truusk-stor-konstgjord-kaktusvaxt-111-cm-konstgjorda-vaxter-i-kruka-for-kontor-vardagsrum\/","name":"TRUUSK Stor Konstgjord Kaktusv\u00e4xt - 111 cm - Konstgjorda V\u00e4xter i Kruka - F\u00f6r Kontor &amp; Vardagsrum - TRUUSK - Hem, Tr\u00e4dg\u00e5rd &amp; Fritid","isPartOf":{"@id":"https:\/\/truusk.store\/sv\/#website"},"primaryImageOfPage":{"@id":"https:\/\/truusk.store\/sv\/produkt\/truusk-stor-konstgjord-kaktusvaxt-111-cm-konstgjorda-vaxter-i-kruka-for-kontor-vardagsrum\/#primaryimage"},"image":{"@id":"https:\/\/truusk.store\/sv\/produkt\/truusk-stor-konstgjord-kaktusvaxt-111-cm-konstgjorda-vaxter-i-kruka-for-kontor-vardagsrum\/#primaryimage"},"thumbnailUrl":"https:\/\/i0.wp.com\/truusk.store\/wp-content\/uploads\/2026\/01\/konstgjord-kaktusvaxt-stor-111-cm-konstgjorda-vaxter-i-kruka-for-kontor-vardagsrum-1.webp?fit=2000%2C2000&ssl=1","datePublished":"2026-01-28T07:05:27+00:00","dateModified":"2026-03-12T07:53:19+00:00","breadcrumb":{"@id":"https:\/\/truusk.store\/sv\/produkt\/truusk-stor-konstgjord-kaktusvaxt-111-cm-konstgjorda-vaxter-i-kruka-for-kontor-vardagsrum\/#breadcrumb"},"inLanguage":"sv-SE","potentialAction":[{"@type":"ReadAction","target":["https:\/\/truusk.store\/sv\/produkt\/truusk-stor-konstgjord-kaktusvaxt-111-cm-konstgjorda-vaxter-i-kruka-for-kontor-vardagsrum\/"]}]},{"@type":"ImageObject","inLanguage":"sv-SE","@id":"https:\/\/truusk.store\/sv\/produkt\/truusk-stor-konstgjord-kaktusvaxt-111-cm-konstgjorda-vaxter-i-kruka-for-kontor-vardagsrum\/#primaryimage","url":"https:\/\/i0.wp.com\/truusk.store\/wp-content\/uploads\/2026\/01\/konstgjord-kaktusvaxt-stor-111-cm-konstgjorda-vaxter-i-kruka-for-kontor-vardagsrum-1.webp?fit=2000%2C2000&ssl=1","contentUrl":"https:\/\/i0.wp.com\/truusk.store\/wp-content\/uploads\/2026\/01\/konstgjord-kaktusvaxt-stor-111-cm-konstgjorda-vaxter-i-kruka-for-kontor-vardagsrum-1.webp?fit=2000%2C2000&ssl=1","width":2000,"height":2000},{"@type":"BreadcrumbList","@id":"https:\/\/truusk.store\/sv\/produkt\/truusk-stor-konstgjord-kaktusvaxt-111-cm-konstgjorda-vaxter-i-kruka-for-kontor-vardagsrum\/#breadcrumb","itemListElement":[{"@type":"ListItem","position":1,"name":"Home","item":"https:\/\/truusk.store\/sv\/"},{"@type":"ListItem","position":2,"name":"Shop","item":"https:\/\/truusk.store\/shop\/"},{"@type":"ListItem","position":3,"name":"TRUUSK Stor Konstgjord Kaktusv\u00e4xt &#8211; 111 cm &#8211; Konstgjorda V\u00e4xter i Kruka &#8211; F\u00f6r Kontor &amp; Vardagsrum"}]},{"@type":"WebSite","@id":"https:\/\/truusk.store\/sv\/#website","url":"https:\/\/truusk.store\/sv\/","name":"TRUUSK - Hem, Tr\u00e4dg\u00e5rd & Fritid","description":"","publisher":{"@id":"https:\/\/truusk.store\/sv\/#organization"},"potentialAction":[{"@type":"SearchAction","target":{"@type":"EntryPoint","urlTemplate":"https:\/\/truusk.store\/sv\/?s={search_term_string}"},"query-input":{"@type":"PropertyValueSpecification","valueRequired":true,"valueName":"search_term_string"}}],"inLanguage":"sv-SE"},{"@type":"Organization","@id":"https:\/\/truusk.store\/sv\/#organization","name":"TRUUSK - Hem, Tr\u00e4dg\u00e5rd & Fritid","url":"https:\/\/truusk.store\/sv\/","logo":{"@type":"ImageObject","inLanguage":"sv-SE","@id":"https:\/\/truusk.store\/sv\/#\/schema\/logo\/image\/","url":"https:\/\/i0.wp.com\/truusk.store\/wp-content\/uploads\/2026\/03\/cropped-TRUUSK.png?fit=2032%2C917&ssl=1","contentUrl":"https:\/\/i0.wp.com\/truusk.store\/wp-content\/uploads\/2026\/03\/cropped-TRUUSK.png?fit=2032%2C917&ssl=1","width":2032,"height":917,"caption":"TRUUSK - Hem, Tr\u00e4dg\u00e5rd & Fritid"},"image":{"@id":"https:\/\/truusk.store\/sv\/#\/schema\/logo\/image\/"}}]}},"jetpack_sharing_enabled":true,"_links":{"self":[{"href":"https:\/\/truusk.store\/sv\/wp-json\/wp\/v2\/product\/102974","targetHints":{"allow":["GET"]}}],"collection":[{"href":"https:\/\/truusk.store\/sv\/wp-json\/wp\/v2\/product"}],"about":[{"href":"https:\/\/truusk.store\/sv\/wp-json\/wp\/v2\/types\/product"}],"wp:featuredmedia":[{"embeddable":true,"href":"https:\/\/truusk.store\/sv\/wp-json\/wp\/v2\/media\/102965"}],"wp:attachment":[{"href":"https:\/\/truusk.store\/sv\/wp-json\/wp\/v2\/media?parent=102974"}],"wp:term":[{"taxonomy":"product_brand","embeddable":true,"href":"https:\/\/truusk.store\/sv\/wp-json\/wp\/v2\/product_brand?post=102974"},{"taxonomy":"product_cat","embeddable":true,"href":"https:\/\/truusk.store\/sv\/wp-json\/wp\/v2\/product_cat?post=102974"},{"taxonomy":"product_tag","embeddable":true,"href":"https:\/\/truusk.store\/sv\/wp-json\/wp\/v2\/product_tag?post=102974"}],"curies":[{"name":"wp","href":"https:\/\/api.w.org\/{rel}","templated":true}]}}