{"id":103006,"date":"2026-01-28T08:08:31","date_gmt":"2026-01-28T07:08:31","guid":{"rendered":"https:\/\/truusk.store\/product\/trappskyddsgaller-avsparrningsgaller-utan-borrning-med-automatisk-stangning-for-barn-kok-trappa-76-80-x-76-cm-vit\/"},"modified":"2026-03-12T08:53:20","modified_gmt":"2026-03-12T07:53:20","slug":"truusk-trappskyddsgaller-automatisk-stangning-utan-borrning-for-barn-och-husdjur-justerbar-76-80-x-76-cm-vit","status":"publish","type":"product","link":"https:\/\/truusk.store\/sv\/produkt\/truusk-trappskyddsgaller-automatisk-stangning-utan-borrning-for-barn-och-husdjur-justerbar-76-80-x-76-cm-vit\/","title":{"rendered":"TRUUSK Trappskyddsgaller &#8211; Automatisk St\u00e4ngning &#8211; Utan Borrning &#8211; F\u00f6r Barn och Husdjur &#8211; Justerbar 76-80 x 76 cm &#8211; Vit"},"content":{"rendered":"<p>Skydda sm\u00e5barn och sm\u00e5 husdjur n\u00e4r du lagar mat i k\u00f6ket, leker i vardagsrummet eller g\u00e5r upp f\u00f6r trappor. Detta PwaHut d\u00f6rrskyddsgaller passar i \u00f6ppningar fr\u00e5n 76\u201380 cm breda och \u00e4r 76 cm h\u00f6gt. Det \u00e4r tillverkat av certifierat st\u00e5l och har tv\u00e5 l\u00e5s. Gallret kan \u00f6ppnas \u00e5t b\u00e5da h\u00e5llen och st\u00e4nger automatiskt. Det anv\u00e4nder en plugganslutning eller skruvf\u00e4ste, vilket g\u00f6r installationen flexibel och bekv\u00e4m utan att skada huset.<\/p>\n<p>Beskrivning:<\/p>\n<ul>\n<li> Certifierat trappskyddsgaller utan borrning passar i \u00f6ppningar fr\u00e5n 76\u201380 cm med en h\u00f6jd p\u00e5 76 cm, skyddar barn och husdjur i hemmet<\/li>\n<li> L\u00e4mplig f\u00f6r barn fr\u00e5n 6\u201324 m\u00e5nader och sm\u00e5 till medelstora hundar upp till 10 kg, 40 cm i axelh\u00f6jd<\/li>\n<li> Enhandshantering, \u00f6ppning \u00e5t b\u00e5da h\u00e5llen och automatisk st\u00e4ngning f\u00f6r enkel daglig anv\u00e4ndning<\/li>\n<li> Enkel tryckmontering, skruvar valfria f\u00f6r extra stabilitet<\/li>\n<li> Dubbelt l\u00e5smechanism p\u00e5 d\u00f6rrgallret skyddar sm\u00e5barn och nyfikna husdjur<\/li>\n<li> L\u00e4mplig f\u00f6r d\u00f6rrar, korridorer och trappor<\/li>\n<li> Robust st\u00e5lram med ABS-delar f\u00f6r l\u00e5ngvarig anv\u00e4ndning<\/li>\n<li> Montering kr\u00e4vs<\/li>\n<\/ul>\n<p> Tekniska specifikationer:<\/p>\n<ul>\n<li> F\u00e4rg: Vit<\/li>\n<li> Material: Q195 kolst\u00e5l, ABS<\/li>\n<li> Totala dimensioner: 76-80B x 76H cm<\/li>\n<li> \u00d6ppningsbredd: 60 cm<\/li>\n<\/ul>\n<p>Leveransinneh\u00e5ll:<\/p>\n<ul>\n<li> 1 x Husdjursgaller<\/li>\n<li> 1 x Instruktioner<\/li>\n<\/ul>\n","protected":false},"excerpt":{"rendered":"<p>Skydda sm\u00e5barn och sm\u00e5 husdjur n\u00e4r du lagar mat i k\u00f6ket, leker i vardagsrummet eller g\u00e5r upp f\u00f6r trappor. Detta&#8230;<\/p>\n","protected":false},"featured_media":102996,"template":"","meta":[],"product_brand":[],"product_cat":[878,948,574],"product_tag":[],"class_list":{"0":"post-103006","1":"product","2":"type-product","3":"status-publish","4":"has-post-thumbnail","6":"product_cat-djurbehov","7":"product_cat-hundgaller-skiljevaggar","8":"product_cat-hundtillbehor","10":"first","11":"instock","12":"sale","13":"taxable","14":"shipping-taxable","15":"purchasable","16":"product-type-simple"},"yoast_head":"<!-- This site is optimized with the Yoast SEO plugin v25.4 - https:\/\/yoast.com\/wordpress\/plugins\/seo\/ -->\n<title>TRUUSK Trappskyddsgaller - Automatisk St\u00e4ngning - Utan Borrning - F\u00f6r Barn och Husdjur - Justerbar 76-80 x 76 cm - Vit - TRUUSK - Hem, Tr\u00e4dg\u00e5rd &amp; Fritid<\/title>\n<meta name=\"robots\" content=\"index, follow, max-snippet:-1, max-image-preview:large, max-video-preview:-1\" \/>\n<link rel=\"canonical\" href=\"https:\/\/truusk.store\/sv\/produkt\/truusk-trappskyddsgaller-automatisk-stangning-utan-borrning-for-barn-och-husdjur-justerbar-76-80-x-76-cm-vit\/\" \/>\n<meta property=\"og:locale\" content=\"sv_SE\" \/>\n<meta property=\"og:type\" content=\"article\" \/>\n<meta property=\"og:title\" content=\"TRUUSK Trappskyddsgaller - Automatisk St\u00e4ngning - Utan Borrning - F\u00f6r Barn och Husdjur - Justerbar 76-80 x 76 cm - Vit - TRUUSK - Hem, Tr\u00e4dg\u00e5rd &amp; Fritid\" \/>\n<meta property=\"og:description\" content=\"Skydda sm\u00e5barn och sm\u00e5 husdjur n\u00e4r du lagar mat i k\u00f6ket, leker i vardagsrummet eller g\u00e5r upp f\u00f6r trappor. Detta...\" \/>\n<meta property=\"og:url\" content=\"https:\/\/truusk.store\/sv\/produkt\/truusk-trappskyddsgaller-automatisk-stangning-utan-borrning-for-barn-och-husdjur-justerbar-76-80-x-76-cm-vit\/\" \/>\n<meta property=\"og:site_name\" content=\"TRUUSK - Hem, Tr\u00e4dg\u00e5rd &amp; Fritid\" \/>\n<meta property=\"article:modified_time\" content=\"2026-03-12T07:53:20+00:00\" \/>\n<meta property=\"og:image\" content=\"https:\/\/i0.wp.com\/truusk.se\/wp-content\/uploads\/2026\/01\/trappskyddsgaller-avsparrningsgaller-utan-borrning-med-automatisk-stangning-for-barn-kok-trappa-76-80-x-76-cm-vit-1.webp?fit=2000%2C2000&ssl=1\" \/>\n\t<meta property=\"og:image:width\" content=\"2000\" \/>\n\t<meta property=\"og:image:height\" content=\"2000\" \/>\n\t<meta property=\"og:image:type\" content=\"image\/webp\" \/>\n<meta name=\"twitter:card\" content=\"summary_large_image\" \/>\n<meta name=\"twitter:label1\" content=\"Ber\u00e4knad l\u00e4stid\" \/>\n\t<meta name=\"twitter:data1\" content=\"1 minut\" \/>\n<!-- \/ Yoast SEO plugin. -->","yoast_head_json":{"title":"TRUUSK Trappskyddsgaller - Automatisk St\u00e4ngning - Utan Borrning - F\u00f6r Barn och Husdjur - Justerbar 76-80 x 76 cm - Vit - TRUUSK - Hem, Tr\u00e4dg\u00e5rd &amp; Fritid","robots":{"index":"index","follow":"follow","max-snippet":"max-snippet:-1","max-image-preview":"max-image-preview:large","max-video-preview":"max-video-preview:-1"},"canonical":"https:\/\/truusk.store\/sv\/produkt\/truusk-trappskyddsgaller-automatisk-stangning-utan-borrning-for-barn-och-husdjur-justerbar-76-80-x-76-cm-vit\/","og_locale":"sv_SE","og_type":"article","og_title":"TRUUSK Trappskyddsgaller - Automatisk St\u00e4ngning - Utan Borrning - F\u00f6r Barn och Husdjur - Justerbar 76-80 x 76 cm - Vit - TRUUSK - Hem, Tr\u00e4dg\u00e5rd &amp; Fritid","og_description":"Skydda sm\u00e5barn och sm\u00e5 husdjur n\u00e4r du lagar mat i k\u00f6ket, leker i vardagsrummet eller g\u00e5r upp f\u00f6r trappor. Detta...","og_url":"https:\/\/truusk.store\/sv\/produkt\/truusk-trappskyddsgaller-automatisk-stangning-utan-borrning-for-barn-och-husdjur-justerbar-76-80-x-76-cm-vit\/","og_site_name":"TRUUSK - Hem, Tr\u00e4dg\u00e5rd &amp; Fritid","article_modified_time":"2026-03-12T07:53:20+00:00","og_image":[{"width":2000,"height":2000,"url":"https:\/\/i0.wp.com\/truusk.se\/wp-content\/uploads\/2026\/01\/trappskyddsgaller-avsparrningsgaller-utan-borrning-med-automatisk-stangning-for-barn-kok-trappa-76-80-x-76-cm-vit-1.webp?fit=2000%2C2000&ssl=1","type":"image\/webp"}],"twitter_card":"summary_large_image","twitter_misc":{"Ber\u00e4knad l\u00e4stid":"1 minut"},"schema":{"@context":"https:\/\/schema.org","@graph":[{"@type":"WebPage","@id":"https:\/\/truusk.store\/sv\/produkt\/truusk-trappskyddsgaller-automatisk-stangning-utan-borrning-for-barn-och-husdjur-justerbar-76-80-x-76-cm-vit\/","url":"https:\/\/truusk.store\/sv\/produkt\/truusk-trappskyddsgaller-automatisk-stangning-utan-borrning-for-barn-och-husdjur-justerbar-76-80-x-76-cm-vit\/","name":"TRUUSK Trappskyddsgaller - Automatisk St\u00e4ngning - Utan Borrning - F\u00f6r Barn och Husdjur - Justerbar 76-80 x 76 cm - Vit - TRUUSK - Hem, Tr\u00e4dg\u00e5rd &amp; Fritid","isPartOf":{"@id":"https:\/\/truusk.store\/sv\/#website"},"primaryImageOfPage":{"@id":"https:\/\/truusk.store\/sv\/produkt\/truusk-trappskyddsgaller-automatisk-stangning-utan-borrning-for-barn-och-husdjur-justerbar-76-80-x-76-cm-vit\/#primaryimage"},"image":{"@id":"https:\/\/truusk.store\/sv\/produkt\/truusk-trappskyddsgaller-automatisk-stangning-utan-borrning-for-barn-och-husdjur-justerbar-76-80-x-76-cm-vit\/#primaryimage"},"thumbnailUrl":"https:\/\/i0.wp.com\/truusk.store\/wp-content\/uploads\/2026\/01\/trappskyddsgaller-avsparrningsgaller-utan-borrning-med-automatisk-stangning-for-barn-kok-trappa-76-80-x-76-cm-vit-1.webp?fit=2000%2C2000&ssl=1","datePublished":"2026-01-28T07:08:31+00:00","dateModified":"2026-03-12T07:53:20+00:00","breadcrumb":{"@id":"https:\/\/truusk.store\/sv\/produkt\/truusk-trappskyddsgaller-automatisk-stangning-utan-borrning-for-barn-och-husdjur-justerbar-76-80-x-76-cm-vit\/#breadcrumb"},"inLanguage":"sv-SE","potentialAction":[{"@type":"ReadAction","target":["https:\/\/truusk.store\/sv\/produkt\/truusk-trappskyddsgaller-automatisk-stangning-utan-borrning-for-barn-och-husdjur-justerbar-76-80-x-76-cm-vit\/"]}]},{"@type":"ImageObject","inLanguage":"sv-SE","@id":"https:\/\/truusk.store\/sv\/produkt\/truusk-trappskyddsgaller-automatisk-stangning-utan-borrning-for-barn-och-husdjur-justerbar-76-80-x-76-cm-vit\/#primaryimage","url":"https:\/\/i0.wp.com\/truusk.store\/wp-content\/uploads\/2026\/01\/trappskyddsgaller-avsparrningsgaller-utan-borrning-med-automatisk-stangning-for-barn-kok-trappa-76-80-x-76-cm-vit-1.webp?fit=2000%2C2000&ssl=1","contentUrl":"https:\/\/i0.wp.com\/truusk.store\/wp-content\/uploads\/2026\/01\/trappskyddsgaller-avsparrningsgaller-utan-borrning-med-automatisk-stangning-for-barn-kok-trappa-76-80-x-76-cm-vit-1.webp?fit=2000%2C2000&ssl=1","width":2000,"height":2000},{"@type":"BreadcrumbList","@id":"https:\/\/truusk.store\/sv\/produkt\/truusk-trappskyddsgaller-automatisk-stangning-utan-borrning-for-barn-och-husdjur-justerbar-76-80-x-76-cm-vit\/#breadcrumb","itemListElement":[{"@type":"ListItem","position":1,"name":"Home","item":"https:\/\/truusk.store\/sv\/"},{"@type":"ListItem","position":2,"name":"Shop","item":"https:\/\/truusk.store\/shop\/"},{"@type":"ListItem","position":3,"name":"TRUUSK Trappskyddsgaller &#8211; Automatisk St\u00e4ngning &#8211; Utan Borrning &#8211; F\u00f6r Barn och Husdjur &#8211; Justerbar 76-80 x 76 cm &#8211; Vit"}]},{"@type":"WebSite","@id":"https:\/\/truusk.store\/sv\/#website","url":"https:\/\/truusk.store\/sv\/","name":"TRUUSK - Hem, Tr\u00e4dg\u00e5rd & Fritid","description":"","publisher":{"@id":"https:\/\/truusk.store\/sv\/#organization"},"potentialAction":[{"@type":"SearchAction","target":{"@type":"EntryPoint","urlTemplate":"https:\/\/truusk.store\/sv\/?s={search_term_string}"},"query-input":{"@type":"PropertyValueSpecification","valueRequired":true,"valueName":"search_term_string"}}],"inLanguage":"sv-SE"},{"@type":"Organization","@id":"https:\/\/truusk.store\/sv\/#organization","name":"TRUUSK - Hem, Tr\u00e4dg\u00e5rd & Fritid","url":"https:\/\/truusk.store\/sv\/","logo":{"@type":"ImageObject","inLanguage":"sv-SE","@id":"https:\/\/truusk.store\/sv\/#\/schema\/logo\/image\/","url":"https:\/\/i0.wp.com\/truusk.store\/wp-content\/uploads\/2026\/03\/cropped-TRUUSK.png?fit=2032%2C917&ssl=1","contentUrl":"https:\/\/i0.wp.com\/truusk.store\/wp-content\/uploads\/2026\/03\/cropped-TRUUSK.png?fit=2032%2C917&ssl=1","width":2032,"height":917,"caption":"TRUUSK - Hem, Tr\u00e4dg\u00e5rd & Fritid"},"image":{"@id":"https:\/\/truusk.store\/sv\/#\/schema\/logo\/image\/"}}]}},"jetpack_sharing_enabled":true,"_links":{"self":[{"href":"https:\/\/truusk.store\/sv\/wp-json\/wp\/v2\/product\/103006","targetHints":{"allow":["GET"]}}],"collection":[{"href":"https:\/\/truusk.store\/sv\/wp-json\/wp\/v2\/product"}],"about":[{"href":"https:\/\/truusk.store\/sv\/wp-json\/wp\/v2\/types\/product"}],"wp:featuredmedia":[{"embeddable":true,"href":"https:\/\/truusk.store\/sv\/wp-json\/wp\/v2\/media\/102996"}],"wp:attachment":[{"href":"https:\/\/truusk.store\/sv\/wp-json\/wp\/v2\/media?parent=103006"}],"wp:term":[{"taxonomy":"product_brand","embeddable":true,"href":"https:\/\/truusk.store\/sv\/wp-json\/wp\/v2\/product_brand?post=103006"},{"taxonomy":"product_cat","embeddable":true,"href":"https:\/\/truusk.store\/sv\/wp-json\/wp\/v2\/product_cat?post=103006"},{"taxonomy":"product_tag","embeddable":true,"href":"https:\/\/truusk.store\/sv\/wp-json\/wp\/v2\/product_tag?post=103006"}],"curies":[{"name":"wp","href":"https:\/\/api.w.org\/{rel}","templated":true}]}}