{"id":103026,"date":"2026-01-28T08:10:51","date_gmt":"2026-01-28T07:10:51","guid":{"rendered":"https:\/\/truusk.store\/product\/konsolbord-smalt-gangbord-med-2-lador-metallram-for-hall-110-x-35-x-765-cm-natur\/"},"modified":"2026-03-12T08:53:21","modified_gmt":"2026-03-12T07:53:21","slug":"truusk-smalt-konsolbord-med-metallram-2-lador-for-hall-110-x-35-x-765-cm-natur","status":"publish","type":"product","link":"https:\/\/truusk.store\/sv\/produkt\/truusk-smalt-konsolbord-med-metallram-2-lador-for-hall-110-x-35-x-765-cm-natur\/","title":{"rendered":"TRUUSK Smalt Konsolbord Med Metallram &#8211; 2 L\u00e5dor &#8211; F\u00f6r Hall &#8211; 110 x 35 x 76,5 cm &#8211; Natur"},"content":{"rendered":"<p>Att komma hem och hitta en r\u00f6rig entr\u00e9 kan omedelbart st\u00f6ra lugnet och f\u00e5 rummet att se oorganiserat ut. Kaos f\u00f6rst\u00f6r den moderna, harmoniska atmosf\u00e4ren du str\u00e4var efter. [BRAND NAME]-konsolbordet skapar ordning med minimalistisk estetik och tv\u00e5 dolda l\u00e5dor. Den smala 110 cm ytan p\u00e5 hallbordet ger utrymme f\u00f6r dekoration och f\u00f6rh\u00f6jer hallen eller vardagsrummet p\u00e5 ett stilfullt s\u00e4tt.<\/p>\n<p>Beskrivning:<\/p>\n<ul>\n<li> Den eleganta, handtagsl\u00f6sa designen har unika, sneda urtag f\u00f6r en modern estetik<\/li>\n<li> Tv\u00e5 l\u00e5dor i detta konsolbord d\u00f6ljer dina viktigaste tillbeh\u00f6r i entr\u00e9n<\/li>\n<li> Den smala designen ger gott om utrymme f\u00f6r dekoration eller vardagliga f\u00f6rem\u00e5l<\/li>\n<li> Tillverkad av sp\u00e5nskiva och en robust metallram f\u00f6r stabilitet<\/li>\n<li> Justerbara fotdynor ser till att hallbordet st\u00e5r stabilt \u00e4ven p\u00e5 oj\u00e4mna golv<\/li>\n<li> Inkluderar ett set f\u00f6r kippskydd f\u00f6r s\u00e4ker fasts\u00e4ttning av bordet p\u00e5 v\u00e4ggen<\/li>\n<li> Montering kr\u00e4vs<\/li>\n<\/ul>\n<p> Tekniska specifikationer:<\/p>\n<ul>\n<li> F\u00e4rg: Natur+svart<\/li>\n<li> Material: Sp\u00e5nskiva, metall<\/li>\n<li> Totala dimensioner: 110B x 35T x 76,5H cm<\/li>\n<li> Inre m\u00e5tt p\u00e5 l\u00e5dorna: 48B x 28,5T x 7H cm<\/li>\n<li> B\u00e4rkapacitet: 20 kg (totalt), 10 kg (bordsskiva), 5 kg (l\u00e5da)<\/li>\n<\/ul>\n<p>Leveransinneh\u00e5ll:<\/p>\n<ul>\n<li> 1 x Konsolbord<\/li>\n<li> 1 x Bruksanvisning<\/li>\n<\/ul>\n","protected":false},"excerpt":{"rendered":"<p>Att komma hem och hitta en r\u00f6rig entr\u00e9 kan omedelbart st\u00f6ra lugnet och f\u00e5 rummet att se oorganiserat ut. Kaos&#8230;<\/p>\n","protected":false},"featured_media":103015,"template":"","meta":[],"product_brand":[],"product_cat":[893,871,514],"product_tag":[],"class_list":{"0":"post-103026","1":"product","2":"type-product","3":"status-publish","4":"has-post-thumbnail","6":"product_cat-garderob-hall","7":"product_cat-hus-hem","8":"product_cat-konsolbord","10":"first","11":"instock","12":"sale","13":"taxable","14":"shipping-taxable","15":"purchasable","16":"product-type-simple"},"yoast_head":"<!-- This site is optimized with the Yoast SEO plugin v25.4 - https:\/\/yoast.com\/wordpress\/plugins\/seo\/ -->\n<title>TRUUSK Smalt Konsolbord Med Metallram - 2 L\u00e5dor - F\u00f6r Hall - 110 x 35 x 76,5 cm - Natur - TRUUSK - Hem, Tr\u00e4dg\u00e5rd &amp; Fritid<\/title>\n<meta name=\"robots\" content=\"index, follow, max-snippet:-1, max-image-preview:large, max-video-preview:-1\" \/>\n<link rel=\"canonical\" href=\"https:\/\/truusk.store\/sv\/produkt\/truusk-smalt-konsolbord-med-metallram-2-lador-for-hall-110-x-35-x-765-cm-natur\/\" \/>\n<meta property=\"og:locale\" content=\"sv_SE\" \/>\n<meta property=\"og:type\" content=\"article\" \/>\n<meta property=\"og:title\" content=\"TRUUSK Smalt Konsolbord Med Metallram - 2 L\u00e5dor - F\u00f6r Hall - 110 x 35 x 76,5 cm - Natur - TRUUSK - Hem, Tr\u00e4dg\u00e5rd &amp; Fritid\" \/>\n<meta property=\"og:description\" content=\"Att komma hem och hitta en r\u00f6rig entr\u00e9 kan omedelbart st\u00f6ra lugnet och f\u00e5 rummet att se oorganiserat ut. Kaos...\" \/>\n<meta property=\"og:url\" content=\"https:\/\/truusk.store\/sv\/produkt\/truusk-smalt-konsolbord-med-metallram-2-lador-for-hall-110-x-35-x-765-cm-natur\/\" \/>\n<meta property=\"og:site_name\" content=\"TRUUSK - Hem, Tr\u00e4dg\u00e5rd &amp; Fritid\" \/>\n<meta property=\"article:modified_time\" content=\"2026-03-12T07:53:21+00:00\" \/>\n<meta property=\"og:image\" content=\"https:\/\/i0.wp.com\/truusk.se\/wp-content\/uploads\/2026\/01\/konsolbord-smalt-gangbord-med-2-lador-metallram-for-hall-110-x-35-x-765-cm-natur-1.webp?fit=2000%2C2000&ssl=1\" \/>\n\t<meta property=\"og:image:width\" content=\"2000\" \/>\n\t<meta property=\"og:image:height\" content=\"2000\" \/>\n\t<meta property=\"og:image:type\" content=\"image\/webp\" \/>\n<meta name=\"twitter:card\" content=\"summary_large_image\" \/>\n<meta name=\"twitter:label1\" content=\"Ber\u00e4knad l\u00e4stid\" \/>\n\t<meta name=\"twitter:data1\" content=\"1 minut\" \/>\n<!-- \/ Yoast SEO plugin. -->","yoast_head_json":{"title":"TRUUSK Smalt Konsolbord Med Metallram - 2 L\u00e5dor - F\u00f6r Hall - 110 x 35 x 76,5 cm - Natur - TRUUSK - Hem, Tr\u00e4dg\u00e5rd &amp; Fritid","robots":{"index":"index","follow":"follow","max-snippet":"max-snippet:-1","max-image-preview":"max-image-preview:large","max-video-preview":"max-video-preview:-1"},"canonical":"https:\/\/truusk.store\/sv\/produkt\/truusk-smalt-konsolbord-med-metallram-2-lador-for-hall-110-x-35-x-765-cm-natur\/","og_locale":"sv_SE","og_type":"article","og_title":"TRUUSK Smalt Konsolbord Med Metallram - 2 L\u00e5dor - F\u00f6r Hall - 110 x 35 x 76,5 cm - Natur - TRUUSK - Hem, Tr\u00e4dg\u00e5rd &amp; Fritid","og_description":"Att komma hem och hitta en r\u00f6rig entr\u00e9 kan omedelbart st\u00f6ra lugnet och f\u00e5 rummet att se oorganiserat ut. Kaos...","og_url":"https:\/\/truusk.store\/sv\/produkt\/truusk-smalt-konsolbord-med-metallram-2-lador-for-hall-110-x-35-x-765-cm-natur\/","og_site_name":"TRUUSK - Hem, Tr\u00e4dg\u00e5rd &amp; Fritid","article_modified_time":"2026-03-12T07:53:21+00:00","og_image":[{"width":2000,"height":2000,"url":"https:\/\/i0.wp.com\/truusk.se\/wp-content\/uploads\/2026\/01\/konsolbord-smalt-gangbord-med-2-lador-metallram-for-hall-110-x-35-x-765-cm-natur-1.webp?fit=2000%2C2000&ssl=1","type":"image\/webp"}],"twitter_card":"summary_large_image","twitter_misc":{"Ber\u00e4knad l\u00e4stid":"1 minut"},"schema":{"@context":"https:\/\/schema.org","@graph":[{"@type":"WebPage","@id":"https:\/\/truusk.store\/sv\/produkt\/truusk-smalt-konsolbord-med-metallram-2-lador-for-hall-110-x-35-x-765-cm-natur\/","url":"https:\/\/truusk.store\/sv\/produkt\/truusk-smalt-konsolbord-med-metallram-2-lador-for-hall-110-x-35-x-765-cm-natur\/","name":"TRUUSK Smalt Konsolbord Med Metallram - 2 L\u00e5dor - F\u00f6r Hall - 110 x 35 x 76,5 cm - Natur - TRUUSK - Hem, Tr\u00e4dg\u00e5rd &amp; Fritid","isPartOf":{"@id":"https:\/\/truusk.store\/sv\/#website"},"primaryImageOfPage":{"@id":"https:\/\/truusk.store\/sv\/produkt\/truusk-smalt-konsolbord-med-metallram-2-lador-for-hall-110-x-35-x-765-cm-natur\/#primaryimage"},"image":{"@id":"https:\/\/truusk.store\/sv\/produkt\/truusk-smalt-konsolbord-med-metallram-2-lador-for-hall-110-x-35-x-765-cm-natur\/#primaryimage"},"thumbnailUrl":"https:\/\/i0.wp.com\/truusk.store\/wp-content\/uploads\/2026\/01\/konsolbord-smalt-gangbord-med-2-lador-metallram-for-hall-110-x-35-x-765-cm-natur-1.webp?fit=2000%2C2000&ssl=1","datePublished":"2026-01-28T07:10:51+00:00","dateModified":"2026-03-12T07:53:21+00:00","breadcrumb":{"@id":"https:\/\/truusk.store\/sv\/produkt\/truusk-smalt-konsolbord-med-metallram-2-lador-for-hall-110-x-35-x-765-cm-natur\/#breadcrumb"},"inLanguage":"sv-SE","potentialAction":[{"@type":"ReadAction","target":["https:\/\/truusk.store\/sv\/produkt\/truusk-smalt-konsolbord-med-metallram-2-lador-for-hall-110-x-35-x-765-cm-natur\/"]}]},{"@type":"ImageObject","inLanguage":"sv-SE","@id":"https:\/\/truusk.store\/sv\/produkt\/truusk-smalt-konsolbord-med-metallram-2-lador-for-hall-110-x-35-x-765-cm-natur\/#primaryimage","url":"https:\/\/i0.wp.com\/truusk.store\/wp-content\/uploads\/2026\/01\/konsolbord-smalt-gangbord-med-2-lador-metallram-for-hall-110-x-35-x-765-cm-natur-1.webp?fit=2000%2C2000&ssl=1","contentUrl":"https:\/\/i0.wp.com\/truusk.store\/wp-content\/uploads\/2026\/01\/konsolbord-smalt-gangbord-med-2-lador-metallram-for-hall-110-x-35-x-765-cm-natur-1.webp?fit=2000%2C2000&ssl=1","width":2000,"height":2000},{"@type":"BreadcrumbList","@id":"https:\/\/truusk.store\/sv\/produkt\/truusk-smalt-konsolbord-med-metallram-2-lador-for-hall-110-x-35-x-765-cm-natur\/#breadcrumb","itemListElement":[{"@type":"ListItem","position":1,"name":"Home","item":"https:\/\/truusk.store\/sv\/"},{"@type":"ListItem","position":2,"name":"Shop","item":"https:\/\/truusk.store\/shop\/"},{"@type":"ListItem","position":3,"name":"TRUUSK Smalt Konsolbord Med Metallram &#8211; 2 L\u00e5dor &#8211; F\u00f6r Hall &#8211; 110 x 35 x 76,5 cm &#8211; Natur"}]},{"@type":"WebSite","@id":"https:\/\/truusk.store\/sv\/#website","url":"https:\/\/truusk.store\/sv\/","name":"TRUUSK - Hem, Tr\u00e4dg\u00e5rd & Fritid","description":"","publisher":{"@id":"https:\/\/truusk.store\/sv\/#organization"},"potentialAction":[{"@type":"SearchAction","target":{"@type":"EntryPoint","urlTemplate":"https:\/\/truusk.store\/sv\/?s={search_term_string}"},"query-input":{"@type":"PropertyValueSpecification","valueRequired":true,"valueName":"search_term_string"}}],"inLanguage":"sv-SE"},{"@type":"Organization","@id":"https:\/\/truusk.store\/sv\/#organization","name":"TRUUSK - Hem, Tr\u00e4dg\u00e5rd & Fritid","url":"https:\/\/truusk.store\/sv\/","logo":{"@type":"ImageObject","inLanguage":"sv-SE","@id":"https:\/\/truusk.store\/sv\/#\/schema\/logo\/image\/","url":"https:\/\/i0.wp.com\/truusk.store\/wp-content\/uploads\/2026\/03\/cropped-TRUUSK.png?fit=2032%2C917&ssl=1","contentUrl":"https:\/\/i0.wp.com\/truusk.store\/wp-content\/uploads\/2026\/03\/cropped-TRUUSK.png?fit=2032%2C917&ssl=1","width":2032,"height":917,"caption":"TRUUSK - Hem, Tr\u00e4dg\u00e5rd & Fritid"},"image":{"@id":"https:\/\/truusk.store\/sv\/#\/schema\/logo\/image\/"}}]}},"jetpack_sharing_enabled":true,"_links":{"self":[{"href":"https:\/\/truusk.store\/sv\/wp-json\/wp\/v2\/product\/103026","targetHints":{"allow":["GET"]}}],"collection":[{"href":"https:\/\/truusk.store\/sv\/wp-json\/wp\/v2\/product"}],"about":[{"href":"https:\/\/truusk.store\/sv\/wp-json\/wp\/v2\/types\/product"}],"wp:featuredmedia":[{"embeddable":true,"href":"https:\/\/truusk.store\/sv\/wp-json\/wp\/v2\/media\/103015"}],"wp:attachment":[{"href":"https:\/\/truusk.store\/sv\/wp-json\/wp\/v2\/media?parent=103026"}],"wp:term":[{"taxonomy":"product_brand","embeddable":true,"href":"https:\/\/truusk.store\/sv\/wp-json\/wp\/v2\/product_brand?post=103026"},{"taxonomy":"product_cat","embeddable":true,"href":"https:\/\/truusk.store\/sv\/wp-json\/wp\/v2\/product_cat?post=103026"},{"taxonomy":"product_tag","embeddable":true,"href":"https:\/\/truusk.store\/sv\/wp-json\/wp\/v2\/product_tag?post=103026"}],"curies":[{"name":"wp","href":"https:\/\/api.w.org\/{rel}","templated":true}]}}