{"id":103038,"date":"2026-01-28T08:11:58","date_gmt":"2026-01-28T07:11:58","guid":{"rendered":"https:\/\/truusk.store\/product\/hamsterbur-i-tra-med-3-vaningar-gnagarbur-smadjursbur-med-gungbrada-lophjul-hydda-95-x-53-x-76-cm-naturligt-tra\/"},"modified":"2026-03-12T08:53:23","modified_gmt":"2026-03-12T07:53:23","slug":"truusk-hamsterbur-i-tra-3-vaningar-gungbrada-lophjul-hydda-naturligt-tra-95-x-53-x-76-cm","status":"publish","type":"product","link":"https:\/\/truusk.store\/sv\/produkt\/truusk-hamsterbur-i-tra-3-vaningar-gungbrada-lophjul-hydda-naturligt-tra-95-x-53-x-76-cm\/","title":{"rendered":"TRUUSK Hamsterbur i Tr\u00e4 &#8211; 3 V\u00e5ningar &#8211; Gungbr\u00e4da &#8211; L\u00f6phjul &#8211; Hydda &#8211; Naturligt Tr\u00e4 &#8211; 95 x 53 x 76 cm"},"content":{"rendered":"<p>[BRAND NAME] hamsterbur ger din lilla v\u00e4n ett naturligt och flerskiktigt hem. Med inbyggt nagarium, gungbr\u00e4da och l\u00f6phjul blir varje dag ett \u00e4ventyr fyllt med gl\u00e4dje och aktivitet. Den praktiska reng\u00f6ringen och \u00f6vervakningen genom stora d\u00f6rrar och transparenta akrylpaneler g\u00f6r det m\u00f6jligt f\u00f6r dig att alltid h\u00e5lla koll p\u00e5 ditt husdjurs h\u00e4lsa. En stilfull design och h\u00f6gkvalitativa material s\u00e4kerst\u00e4ller s\u00e4kerhet och harmonisk samexistens i vardagen.<\/p>\n<p>Beskrivning:<\/p>\n<ul>\n<li> Trelagersstruktur ger hamstrar varierande lek- och vilozoner<\/li>\n<li> Integrerade leksaker som gungbr\u00e4da och ramper fr\u00e4mjar aktivitet<\/li>\n<li> Sp\u00e4nnf\u00f6rbindning m\u00f6jligg\u00f6r enkel reng\u00f6ring och underh\u00e5ll av hamsterburen<\/li>\n<li> Transparenta akrylpaneler ger klar sikt \u00f6ver hamsteraktiviteter<\/li>\n<li> Djupt botten p\u00e5 31,6 cm simulerar naturligt gr\u00e4vande och gr\u00e4vande<\/li>\n<li> Robust grantr\u00e4 och PmmA-material s\u00e4kerst\u00e4ller h\u00e5llbarhet och s\u00e4kerhet<\/li>\n<li> L\u00e4mplig f\u00f6r dv\u00e4rghamstrar och gerbiler, uppfyller olika husdjursbehov<\/li>\n<li> Modern design i naturligt tr\u00e4 passar perfekt till samtida inredningsstilar<\/li>\n<\/ul>\n<p> Tekniska data:<\/p>\n<ul>\n<li> F\u00e4rg: Naturtr\u00e4<\/li>\n<li> Material: Grantr\u00e4, Akryl<\/li>\n<li> Totala dimensioner: 95L x 53B x 76H cm<\/li>\n<li> Nedre niv\u00e5: 91B x 46,5T x 31,6H cm<\/li>\n<li> Mellersta niv\u00e5: 91B x 46T x 11,7H cm<\/li>\n<li> \u00d6vre niv\u00e5: 91B x 23,5T x 25,5H cm<\/li>\n<li> D\u00f6rr: 6B x 6,8H cm<\/li>\n<li> Hydda: 13B x 120T x 10H cm<\/li>\n<li> L\u00f6phjul: \u00d817 x 7,5T cm<\/li>\n<li> Gungbr\u00e4da: 19L x 7B cm<\/li>\n<li> Ramp: 51L x 10B cm, 20L x 10B cm<\/li>\n<li> Monterings tid: 1 person 1 timme<\/li>\n<\/ul>\n<p>Leverans inneh\u00e5ller:<\/p>\n<ul>\n<li> 1 x Hamsterbur<\/li>\n<li> 1 x Gungbr\u00e4da<\/li>\n<li> 1 x L\u00f6phjul<\/li>\n<li> 1 x Hydda<\/li>\n<li> 1 x Bruksanvisning<\/li>\n<\/ul>\n","protected":false},"excerpt":{"rendered":"<p>[BRAND NAME] hamsterbur ger din lilla v\u00e4n ett naturligt och flerskiktigt hem. Med inbyggt nagarium, gungbr\u00e4da och l\u00f6phjul blir varje&#8230;<\/p>\n","protected":false},"featured_media":103027,"template":"","meta":[],"product_brand":[],"product_cat":[878,598,597],"product_tag":[],"class_list":{"0":"post-103038","1":"product","2":"type-product","3":"status-publish","4":"has-post-thumbnail","6":"product_cat-djurbehov","7":"product_cat-sma-djurstallar","8":"product_cat-sma-djurtillbehor","10":"first","11":"instock","12":"sale","13":"taxable","14":"shipping-taxable","15":"purchasable","16":"product-type-simple"},"yoast_head":"<!-- This site is optimized with the Yoast SEO plugin v25.4 - https:\/\/yoast.com\/wordpress\/plugins\/seo\/ -->\n<title>TRUUSK Hamsterbur i Tr\u00e4 - 3 V\u00e5ningar - Gungbr\u00e4da - L\u00f6phjul - Hydda - Naturligt Tr\u00e4 - 95 x 53 x 76 cm - TRUUSK - Hem, Tr\u00e4dg\u00e5rd &amp; Fritid<\/title>\n<meta name=\"robots\" content=\"index, follow, max-snippet:-1, max-image-preview:large, max-video-preview:-1\" \/>\n<link rel=\"canonical\" href=\"https:\/\/truusk.store\/sv\/produkt\/truusk-hamsterbur-i-tra-3-vaningar-gungbrada-lophjul-hydda-naturligt-tra-95-x-53-x-76-cm\/\" \/>\n<meta property=\"og:locale\" content=\"sv_SE\" \/>\n<meta property=\"og:type\" content=\"article\" \/>\n<meta property=\"og:title\" content=\"TRUUSK Hamsterbur i Tr\u00e4 - 3 V\u00e5ningar - Gungbr\u00e4da - L\u00f6phjul - Hydda - Naturligt Tr\u00e4 - 95 x 53 x 76 cm - TRUUSK - Hem, Tr\u00e4dg\u00e5rd &amp; Fritid\" \/>\n<meta property=\"og:description\" content=\"[BRAND NAME] hamsterbur ger din lilla v\u00e4n ett naturligt och flerskiktigt hem. Med inbyggt nagarium, gungbr\u00e4da och l\u00f6phjul blir varje...\" \/>\n<meta property=\"og:url\" content=\"https:\/\/truusk.store\/sv\/produkt\/truusk-hamsterbur-i-tra-3-vaningar-gungbrada-lophjul-hydda-naturligt-tra-95-x-53-x-76-cm\/\" \/>\n<meta property=\"og:site_name\" content=\"TRUUSK - Hem, Tr\u00e4dg\u00e5rd &amp; Fritid\" \/>\n<meta property=\"article:modified_time\" content=\"2026-03-12T07:53:23+00:00\" \/>\n<meta property=\"og:image\" content=\"https:\/\/i0.wp.com\/truusk.se\/wp-content\/uploads\/2026\/01\/hamsterbur-i-tra-med-3-vaningar-gnagarbur-smadjursbur-med-gungbrada-lophjul-hydda-95-x-53-x-76-cm-naturligt-tra-1.webp?fit=2000%2C2000&ssl=1\" \/>\n\t<meta property=\"og:image:width\" content=\"2000\" \/>\n\t<meta property=\"og:image:height\" content=\"2000\" \/>\n\t<meta property=\"og:image:type\" content=\"image\/webp\" \/>\n<meta name=\"twitter:card\" content=\"summary_large_image\" \/>\n<meta name=\"twitter:label1\" content=\"Ber\u00e4knad l\u00e4stid\" \/>\n\t<meta name=\"twitter:data1\" content=\"1 minut\" \/>\n<!-- \/ Yoast SEO plugin. -->","yoast_head_json":{"title":"TRUUSK Hamsterbur i Tr\u00e4 - 3 V\u00e5ningar - Gungbr\u00e4da - L\u00f6phjul - Hydda - Naturligt Tr\u00e4 - 95 x 53 x 76 cm - TRUUSK - Hem, Tr\u00e4dg\u00e5rd &amp; Fritid","robots":{"index":"index","follow":"follow","max-snippet":"max-snippet:-1","max-image-preview":"max-image-preview:large","max-video-preview":"max-video-preview:-1"},"canonical":"https:\/\/truusk.store\/sv\/produkt\/truusk-hamsterbur-i-tra-3-vaningar-gungbrada-lophjul-hydda-naturligt-tra-95-x-53-x-76-cm\/","og_locale":"sv_SE","og_type":"article","og_title":"TRUUSK Hamsterbur i Tr\u00e4 - 3 V\u00e5ningar - Gungbr\u00e4da - L\u00f6phjul - Hydda - Naturligt Tr\u00e4 - 95 x 53 x 76 cm - TRUUSK - Hem, Tr\u00e4dg\u00e5rd &amp; Fritid","og_description":"[BRAND NAME] hamsterbur ger din lilla v\u00e4n ett naturligt och flerskiktigt hem. Med inbyggt nagarium, gungbr\u00e4da och l\u00f6phjul blir varje...","og_url":"https:\/\/truusk.store\/sv\/produkt\/truusk-hamsterbur-i-tra-3-vaningar-gungbrada-lophjul-hydda-naturligt-tra-95-x-53-x-76-cm\/","og_site_name":"TRUUSK - Hem, Tr\u00e4dg\u00e5rd &amp; Fritid","article_modified_time":"2026-03-12T07:53:23+00:00","og_image":[{"width":2000,"height":2000,"url":"https:\/\/i0.wp.com\/truusk.se\/wp-content\/uploads\/2026\/01\/hamsterbur-i-tra-med-3-vaningar-gnagarbur-smadjursbur-med-gungbrada-lophjul-hydda-95-x-53-x-76-cm-naturligt-tra-1.webp?fit=2000%2C2000&ssl=1","type":"image\/webp"}],"twitter_card":"summary_large_image","twitter_misc":{"Ber\u00e4knad l\u00e4stid":"1 minut"},"schema":{"@context":"https:\/\/schema.org","@graph":[{"@type":"WebPage","@id":"https:\/\/truusk.store\/sv\/produkt\/truusk-hamsterbur-i-tra-3-vaningar-gungbrada-lophjul-hydda-naturligt-tra-95-x-53-x-76-cm\/","url":"https:\/\/truusk.store\/sv\/produkt\/truusk-hamsterbur-i-tra-3-vaningar-gungbrada-lophjul-hydda-naturligt-tra-95-x-53-x-76-cm\/","name":"TRUUSK Hamsterbur i Tr\u00e4 - 3 V\u00e5ningar - Gungbr\u00e4da - L\u00f6phjul - Hydda - Naturligt Tr\u00e4 - 95 x 53 x 76 cm - TRUUSK - Hem, Tr\u00e4dg\u00e5rd &amp; Fritid","isPartOf":{"@id":"https:\/\/truusk.store\/sv\/#website"},"primaryImageOfPage":{"@id":"https:\/\/truusk.store\/sv\/produkt\/truusk-hamsterbur-i-tra-3-vaningar-gungbrada-lophjul-hydda-naturligt-tra-95-x-53-x-76-cm\/#primaryimage"},"image":{"@id":"https:\/\/truusk.store\/sv\/produkt\/truusk-hamsterbur-i-tra-3-vaningar-gungbrada-lophjul-hydda-naturligt-tra-95-x-53-x-76-cm\/#primaryimage"},"thumbnailUrl":"https:\/\/i0.wp.com\/truusk.store\/wp-content\/uploads\/2026\/01\/hamsterbur-i-tra-med-3-vaningar-gnagarbur-smadjursbur-med-gungbrada-lophjul-hydda-95-x-53-x-76-cm-naturligt-tra-1.webp?fit=2000%2C2000&ssl=1","datePublished":"2026-01-28T07:11:58+00:00","dateModified":"2026-03-12T07:53:23+00:00","breadcrumb":{"@id":"https:\/\/truusk.store\/sv\/produkt\/truusk-hamsterbur-i-tra-3-vaningar-gungbrada-lophjul-hydda-naturligt-tra-95-x-53-x-76-cm\/#breadcrumb"},"inLanguage":"sv-SE","potentialAction":[{"@type":"ReadAction","target":["https:\/\/truusk.store\/sv\/produkt\/truusk-hamsterbur-i-tra-3-vaningar-gungbrada-lophjul-hydda-naturligt-tra-95-x-53-x-76-cm\/"]}]},{"@type":"ImageObject","inLanguage":"sv-SE","@id":"https:\/\/truusk.store\/sv\/produkt\/truusk-hamsterbur-i-tra-3-vaningar-gungbrada-lophjul-hydda-naturligt-tra-95-x-53-x-76-cm\/#primaryimage","url":"https:\/\/i0.wp.com\/truusk.store\/wp-content\/uploads\/2026\/01\/hamsterbur-i-tra-med-3-vaningar-gnagarbur-smadjursbur-med-gungbrada-lophjul-hydda-95-x-53-x-76-cm-naturligt-tra-1.webp?fit=2000%2C2000&ssl=1","contentUrl":"https:\/\/i0.wp.com\/truusk.store\/wp-content\/uploads\/2026\/01\/hamsterbur-i-tra-med-3-vaningar-gnagarbur-smadjursbur-med-gungbrada-lophjul-hydda-95-x-53-x-76-cm-naturligt-tra-1.webp?fit=2000%2C2000&ssl=1","width":2000,"height":2000},{"@type":"BreadcrumbList","@id":"https:\/\/truusk.store\/sv\/produkt\/truusk-hamsterbur-i-tra-3-vaningar-gungbrada-lophjul-hydda-naturligt-tra-95-x-53-x-76-cm\/#breadcrumb","itemListElement":[{"@type":"ListItem","position":1,"name":"Home","item":"https:\/\/truusk.store\/sv\/"},{"@type":"ListItem","position":2,"name":"Shop","item":"https:\/\/truusk.store\/shop\/"},{"@type":"ListItem","position":3,"name":"TRUUSK Hamsterbur i Tr\u00e4 &#8211; 3 V\u00e5ningar &#8211; Gungbr\u00e4da &#8211; L\u00f6phjul &#8211; Hydda &#8211; Naturligt Tr\u00e4 &#8211; 95 x 53 x 76 cm"}]},{"@type":"WebSite","@id":"https:\/\/truusk.store\/sv\/#website","url":"https:\/\/truusk.store\/sv\/","name":"TRUUSK - Hem, Tr\u00e4dg\u00e5rd & Fritid","description":"","publisher":{"@id":"https:\/\/truusk.store\/sv\/#organization"},"potentialAction":[{"@type":"SearchAction","target":{"@type":"EntryPoint","urlTemplate":"https:\/\/truusk.store\/sv\/?s={search_term_string}"},"query-input":{"@type":"PropertyValueSpecification","valueRequired":true,"valueName":"search_term_string"}}],"inLanguage":"sv-SE"},{"@type":"Organization","@id":"https:\/\/truusk.store\/sv\/#organization","name":"TRUUSK - Hem, Tr\u00e4dg\u00e5rd & Fritid","url":"https:\/\/truusk.store\/sv\/","logo":{"@type":"ImageObject","inLanguage":"sv-SE","@id":"https:\/\/truusk.store\/sv\/#\/schema\/logo\/image\/","url":"https:\/\/i0.wp.com\/truusk.store\/wp-content\/uploads\/2026\/03\/cropped-TRUUSK.png?fit=2032%2C917&ssl=1","contentUrl":"https:\/\/i0.wp.com\/truusk.store\/wp-content\/uploads\/2026\/03\/cropped-TRUUSK.png?fit=2032%2C917&ssl=1","width":2032,"height":917,"caption":"TRUUSK - Hem, Tr\u00e4dg\u00e5rd & Fritid"},"image":{"@id":"https:\/\/truusk.store\/sv\/#\/schema\/logo\/image\/"}}]}},"jetpack_sharing_enabled":true,"_links":{"self":[{"href":"https:\/\/truusk.store\/sv\/wp-json\/wp\/v2\/product\/103038","targetHints":{"allow":["GET"]}}],"collection":[{"href":"https:\/\/truusk.store\/sv\/wp-json\/wp\/v2\/product"}],"about":[{"href":"https:\/\/truusk.store\/sv\/wp-json\/wp\/v2\/types\/product"}],"wp:featuredmedia":[{"embeddable":true,"href":"https:\/\/truusk.store\/sv\/wp-json\/wp\/v2\/media\/103027"}],"wp:attachment":[{"href":"https:\/\/truusk.store\/sv\/wp-json\/wp\/v2\/media?parent=103038"}],"wp:term":[{"taxonomy":"product_brand","embeddable":true,"href":"https:\/\/truusk.store\/sv\/wp-json\/wp\/v2\/product_brand?post=103038"},{"taxonomy":"product_cat","embeddable":true,"href":"https:\/\/truusk.store\/sv\/wp-json\/wp\/v2\/product_cat?post=103038"},{"taxonomy":"product_tag","embeddable":true,"href":"https:\/\/truusk.store\/sv\/wp-json\/wp\/v2\/product_tag?post=103038"}],"curies":[{"name":"wp","href":"https:\/\/api.w.org\/{rel}","templated":true}]}}