{"id":103056,"date":"2026-01-28T08:13:41","date_gmt":"2026-01-28T07:13:41","guid":{"rendered":"https:\/\/truusk.store\/product\/17l-snabbkokande-vattenkokare-och-4-skivig-brodrost-set-aggkokare-for-6-agg-med-kontrollampa-svart\/"},"modified":"2026-03-12T08:53:32","modified_gmt":"2026-03-12T07:53:32","slug":"truusk-17l-snabbkokande-vattenkokare-och-4-skivig-brodrost-set-aggkokare-for-6-agg-kontrollampa-svart","status":"publish","type":"product","link":"https:\/\/truusk.store\/sv\/produkt\/truusk-17l-snabbkokande-vattenkokare-och-4-skivig-brodrost-set-aggkokare-for-6-agg-kontrollampa-svart\/","title":{"rendered":"TRUUSK 1,7L Snabbkokande Vattenkokare och 4-skivig Br\u00f6drost-set &#8211; \u00c4ggkokare f\u00f6r 6 \u00e4gg &#8211; Kontrollampa &#8211; Svart"},"content":{"rendered":"<p>B\u00f6rja dagen stressfritt med [BRAND NAME] vattenkokare-br\u00f6drost-set med \u00e4ggkokare. Den 1,7L snabbkokande vattenkokaren, 4-skiviga br\u00f6drosten f\u00f6r hela familjen och 6-\u00e4ggkokaren ger en perfekt start. S\u00e4kerhetsfunktioner f\u00f6r k\u00f6ksapparatsetet som torrkokningsskydd och automatisk avst\u00e4ngning ger s\u00e4kerhet, medan l\u00e4ttanv\u00e4nda br\u00f6drostkontroller och en praktisk \u00e4ggtimer g\u00f6r varje frukost snabbare och mindre komplicerad.<\/p>\n<p>Beskrivning:<\/p>\n<ul>\n<li> Komplett frukostset f\u00f6renklar morgonen med vattenkokare, br\u00f6drost och \u00e4ggkokare<\/li>\n<li> 1,7 l snabbkokande vattenkokare p\u00e5skyndar tillagningen av te och kaffe<\/li>\n<li> Torrkokningsskydd och automatisk avst\u00e4ngning av br\u00f6drost och vattenkokare set garanterar en s\u00e4ker drift av vattenkokaren<\/li>\n<li> Fyra-skivig br\u00f6drost uppfyller familjens behov med justerbara rostningsniv\u00e5er<\/li>\n<li> Upptinings-, uppv\u00e4rmnings- och avbrytningsfunktioner erbjuder m\u00e5ngsidiga rostalternativ<\/li>\n<li> \u00c4ggkokaren tillagar enkelt sex \u00e4gg och har l\u00e4tt att reng\u00f6ra komponenter<\/li>\n<li> Signalton-timer f\u00f6r frukostsetet ger exakt tillagningsstatus f\u00f6r \u00e4ggen med indikationer f\u00f6r mjuk, medium eller h\u00e5rd<\/li>\n<li> V\u00e4rmeelement i rostfritt st\u00e5l ger h\u00e5llbarhet och effektiv v\u00e4rmef\u00f6rdelning<\/li>\n<\/ul>\n<p> Tekniska data:<\/p>\n<ul>\n<li> F\u00e4rg: Svart<\/li>\n<li> Material: Plast, rostfritt st\u00e5l<\/li>\n<li> Vattenkokarens dimensioner: 21,4L x 15,6B x 23,3H cm<\/li>\n<li> Br\u00f6drostens dimensioner: 29,1L x 27,3B x 18,9H cm<\/li>\n<li> \u00c4ggkokarens dimensioner: 19,6L x 15,1B x 15,3H cm<\/li>\n<li> Br\u00f6drostens slitsstorlek: 13,5L x 3,5B x 13,5H cm<\/li>\n<li> Vattenkokarens kapacitet: 1,7 L<\/li>\n<li> Vattenkokarens effekt: 1850-2200 W<\/li>\n<li> Br\u00f6drostens effekt: 1560-1860 W<\/li>\n<li> \u00c4ggkokarens effekt: 300 W<\/li>\n<li> Sp\u00e4nning: AC 220-240 V, 50 Hz<\/li>\n<\/ul>\n<p>Leveransinneh\u00e5ll:<\/p>\n<ul>\n<li> 1 x Elektrisk vattenkokare<\/li>\n<li> 1 x Br\u00f6drost<\/li>\n<li> 1 x \u00c4ggkokare<\/li>\n<li> 1 x Bruksanvisning<\/li>\n<\/ul>\n","protected":false},"excerpt":{"rendered":"<p>B\u00f6rja dagen stressfritt med [BRAND NAME] vattenkokare-br\u00f6drost-set med \u00e4ggkokare. Den 1,7L snabbkokande vattenkokaren, 4-skiviga br\u00f6drosten f\u00f6r hela familjen och 6-\u00e4ggkokaren&#8230;<\/p>\n","protected":false},"featured_media":103047,"template":"","meta":[],"product_brand":[],"product_cat":[871,498,933,1074],"product_tag":[],"class_list":{"0":"post-103056","1":"product","2":"type-product","3":"status-publish","4":"has-post-thumbnail","6":"product_cat-hus-hem","7":"product_cat-hushallsapparater","8":"product_cat-koksapparater","9":"product_cat-wasserkocher-toaster-sets","11":"first","12":"instock","13":"sale","14":"taxable","15":"shipping-taxable","16":"purchasable","17":"product-type-simple"},"yoast_head":"<!-- This site is optimized with the Yoast SEO plugin v25.4 - https:\/\/yoast.com\/wordpress\/plugins\/seo\/ -->\n<title>TRUUSK 1,7L Snabbkokande Vattenkokare och 4-skivig Br\u00f6drost-set - \u00c4ggkokare f\u00f6r 6 \u00e4gg - Kontrollampa - Svart - TRUUSK - Hem, Tr\u00e4dg\u00e5rd &amp; Fritid<\/title>\n<meta name=\"robots\" content=\"index, follow, max-snippet:-1, max-image-preview:large, max-video-preview:-1\" \/>\n<link rel=\"canonical\" href=\"https:\/\/truusk.store\/sv\/produkt\/truusk-17l-snabbkokande-vattenkokare-och-4-skivig-brodrost-set-aggkokare-for-6-agg-kontrollampa-svart\/\" \/>\n<meta property=\"og:locale\" content=\"sv_SE\" \/>\n<meta property=\"og:type\" content=\"article\" \/>\n<meta property=\"og:title\" content=\"TRUUSK 1,7L Snabbkokande Vattenkokare och 4-skivig Br\u00f6drost-set - \u00c4ggkokare f\u00f6r 6 \u00e4gg - Kontrollampa - Svart - TRUUSK - Hem, Tr\u00e4dg\u00e5rd &amp; Fritid\" \/>\n<meta property=\"og:description\" content=\"B\u00f6rja dagen stressfritt med [BRAND NAME] vattenkokare-br\u00f6drost-set med \u00e4ggkokare. Den 1,7L snabbkokande vattenkokaren, 4-skiviga br\u00f6drosten f\u00f6r hela familjen och 6-\u00e4ggkokaren...\" \/>\n<meta property=\"og:url\" content=\"https:\/\/truusk.store\/sv\/produkt\/truusk-17l-snabbkokande-vattenkokare-och-4-skivig-brodrost-set-aggkokare-for-6-agg-kontrollampa-svart\/\" \/>\n<meta property=\"og:site_name\" content=\"TRUUSK - Hem, Tr\u00e4dg\u00e5rd &amp; Fritid\" \/>\n<meta property=\"article:modified_time\" content=\"2026-03-12T07:53:32+00:00\" \/>\n<meta property=\"og:image\" content=\"https:\/\/i0.wp.com\/truusk.se\/wp-content\/uploads\/2026\/01\/17l-snabbkokande-vattenkokare-och-4-skivig-brodrost-set-aggkokare-for-6-agg-med-kontrollampa-svart-1.webp?fit=2000%2C2000&ssl=1\" \/>\n\t<meta property=\"og:image:width\" content=\"2000\" \/>\n\t<meta property=\"og:image:height\" content=\"2000\" \/>\n\t<meta property=\"og:image:type\" content=\"image\/webp\" \/>\n<meta name=\"twitter:card\" content=\"summary_large_image\" \/>\n<meta name=\"twitter:label1\" content=\"Ber\u00e4knad l\u00e4stid\" \/>\n\t<meta name=\"twitter:data1\" content=\"1 minut\" \/>\n<!-- \/ Yoast SEO plugin. -->","yoast_head_json":{"title":"TRUUSK 1,7L Snabbkokande Vattenkokare och 4-skivig Br\u00f6drost-set - \u00c4ggkokare f\u00f6r 6 \u00e4gg - Kontrollampa - Svart - TRUUSK - Hem, Tr\u00e4dg\u00e5rd &amp; Fritid","robots":{"index":"index","follow":"follow","max-snippet":"max-snippet:-1","max-image-preview":"max-image-preview:large","max-video-preview":"max-video-preview:-1"},"canonical":"https:\/\/truusk.store\/sv\/produkt\/truusk-17l-snabbkokande-vattenkokare-och-4-skivig-brodrost-set-aggkokare-for-6-agg-kontrollampa-svart\/","og_locale":"sv_SE","og_type":"article","og_title":"TRUUSK 1,7L Snabbkokande Vattenkokare och 4-skivig Br\u00f6drost-set - \u00c4ggkokare f\u00f6r 6 \u00e4gg - Kontrollampa - Svart - TRUUSK - Hem, Tr\u00e4dg\u00e5rd &amp; Fritid","og_description":"B\u00f6rja dagen stressfritt med [BRAND NAME] vattenkokare-br\u00f6drost-set med \u00e4ggkokare. Den 1,7L snabbkokande vattenkokaren, 4-skiviga br\u00f6drosten f\u00f6r hela familjen och 6-\u00e4ggkokaren...","og_url":"https:\/\/truusk.store\/sv\/produkt\/truusk-17l-snabbkokande-vattenkokare-och-4-skivig-brodrost-set-aggkokare-for-6-agg-kontrollampa-svart\/","og_site_name":"TRUUSK - Hem, Tr\u00e4dg\u00e5rd &amp; Fritid","article_modified_time":"2026-03-12T07:53:32+00:00","og_image":[{"width":2000,"height":2000,"url":"https:\/\/i0.wp.com\/truusk.se\/wp-content\/uploads\/2026\/01\/17l-snabbkokande-vattenkokare-och-4-skivig-brodrost-set-aggkokare-for-6-agg-med-kontrollampa-svart-1.webp?fit=2000%2C2000&ssl=1","type":"image\/webp"}],"twitter_card":"summary_large_image","twitter_misc":{"Ber\u00e4knad l\u00e4stid":"1 minut"},"schema":{"@context":"https:\/\/schema.org","@graph":[{"@type":"WebPage","@id":"https:\/\/truusk.store\/sv\/produkt\/truusk-17l-snabbkokande-vattenkokare-och-4-skivig-brodrost-set-aggkokare-for-6-agg-kontrollampa-svart\/","url":"https:\/\/truusk.store\/sv\/produkt\/truusk-17l-snabbkokande-vattenkokare-och-4-skivig-brodrost-set-aggkokare-for-6-agg-kontrollampa-svart\/","name":"TRUUSK 1,7L Snabbkokande Vattenkokare och 4-skivig Br\u00f6drost-set - \u00c4ggkokare f\u00f6r 6 \u00e4gg - Kontrollampa - Svart - TRUUSK - Hem, Tr\u00e4dg\u00e5rd &amp; Fritid","isPartOf":{"@id":"https:\/\/truusk.store\/sv\/#website"},"primaryImageOfPage":{"@id":"https:\/\/truusk.store\/sv\/produkt\/truusk-17l-snabbkokande-vattenkokare-och-4-skivig-brodrost-set-aggkokare-for-6-agg-kontrollampa-svart\/#primaryimage"},"image":{"@id":"https:\/\/truusk.store\/sv\/produkt\/truusk-17l-snabbkokande-vattenkokare-och-4-skivig-brodrost-set-aggkokare-for-6-agg-kontrollampa-svart\/#primaryimage"},"thumbnailUrl":"https:\/\/i0.wp.com\/truusk.store\/wp-content\/uploads\/2026\/01\/17l-snabbkokande-vattenkokare-och-4-skivig-brodrost-set-aggkokare-for-6-agg-med-kontrollampa-svart-1.webp?fit=2000%2C2000&ssl=1","datePublished":"2026-01-28T07:13:41+00:00","dateModified":"2026-03-12T07:53:32+00:00","breadcrumb":{"@id":"https:\/\/truusk.store\/sv\/produkt\/truusk-17l-snabbkokande-vattenkokare-och-4-skivig-brodrost-set-aggkokare-for-6-agg-kontrollampa-svart\/#breadcrumb"},"inLanguage":"sv-SE","potentialAction":[{"@type":"ReadAction","target":["https:\/\/truusk.store\/sv\/produkt\/truusk-17l-snabbkokande-vattenkokare-och-4-skivig-brodrost-set-aggkokare-for-6-agg-kontrollampa-svart\/"]}]},{"@type":"ImageObject","inLanguage":"sv-SE","@id":"https:\/\/truusk.store\/sv\/produkt\/truusk-17l-snabbkokande-vattenkokare-och-4-skivig-brodrost-set-aggkokare-for-6-agg-kontrollampa-svart\/#primaryimage","url":"https:\/\/i0.wp.com\/truusk.store\/wp-content\/uploads\/2026\/01\/17l-snabbkokande-vattenkokare-och-4-skivig-brodrost-set-aggkokare-for-6-agg-med-kontrollampa-svart-1.webp?fit=2000%2C2000&ssl=1","contentUrl":"https:\/\/i0.wp.com\/truusk.store\/wp-content\/uploads\/2026\/01\/17l-snabbkokande-vattenkokare-och-4-skivig-brodrost-set-aggkokare-for-6-agg-med-kontrollampa-svart-1.webp?fit=2000%2C2000&ssl=1","width":2000,"height":2000},{"@type":"BreadcrumbList","@id":"https:\/\/truusk.store\/sv\/produkt\/truusk-17l-snabbkokande-vattenkokare-och-4-skivig-brodrost-set-aggkokare-for-6-agg-kontrollampa-svart\/#breadcrumb","itemListElement":[{"@type":"ListItem","position":1,"name":"Home","item":"https:\/\/truusk.store\/sv\/"},{"@type":"ListItem","position":2,"name":"Shop","item":"https:\/\/truusk.store\/shop\/"},{"@type":"ListItem","position":3,"name":"TRUUSK 1,7L Snabbkokande Vattenkokare och 4-skivig Br\u00f6drost-set &#8211; \u00c4ggkokare f\u00f6r 6 \u00e4gg &#8211; Kontrollampa &#8211; Svart"}]},{"@type":"WebSite","@id":"https:\/\/truusk.store\/sv\/#website","url":"https:\/\/truusk.store\/sv\/","name":"TRUUSK - Hem, Tr\u00e4dg\u00e5rd & Fritid","description":"","publisher":{"@id":"https:\/\/truusk.store\/sv\/#organization"},"potentialAction":[{"@type":"SearchAction","target":{"@type":"EntryPoint","urlTemplate":"https:\/\/truusk.store\/sv\/?s={search_term_string}"},"query-input":{"@type":"PropertyValueSpecification","valueRequired":true,"valueName":"search_term_string"}}],"inLanguage":"sv-SE"},{"@type":"Organization","@id":"https:\/\/truusk.store\/sv\/#organization","name":"TRUUSK - Hem, Tr\u00e4dg\u00e5rd & Fritid","url":"https:\/\/truusk.store\/sv\/","logo":{"@type":"ImageObject","inLanguage":"sv-SE","@id":"https:\/\/truusk.store\/sv\/#\/schema\/logo\/image\/","url":"https:\/\/i0.wp.com\/truusk.store\/wp-content\/uploads\/2026\/03\/cropped-TRUUSK.png?fit=2032%2C917&ssl=1","contentUrl":"https:\/\/i0.wp.com\/truusk.store\/wp-content\/uploads\/2026\/03\/cropped-TRUUSK.png?fit=2032%2C917&ssl=1","width":2032,"height":917,"caption":"TRUUSK - Hem, Tr\u00e4dg\u00e5rd & Fritid"},"image":{"@id":"https:\/\/truusk.store\/sv\/#\/schema\/logo\/image\/"}}]}},"jetpack_sharing_enabled":true,"_links":{"self":[{"href":"https:\/\/truusk.store\/sv\/wp-json\/wp\/v2\/product\/103056","targetHints":{"allow":["GET"]}}],"collection":[{"href":"https:\/\/truusk.store\/sv\/wp-json\/wp\/v2\/product"}],"about":[{"href":"https:\/\/truusk.store\/sv\/wp-json\/wp\/v2\/types\/product"}],"wp:featuredmedia":[{"embeddable":true,"href":"https:\/\/truusk.store\/sv\/wp-json\/wp\/v2\/media\/103047"}],"wp:attachment":[{"href":"https:\/\/truusk.store\/sv\/wp-json\/wp\/v2\/media?parent=103056"}],"wp:term":[{"taxonomy":"product_brand","embeddable":true,"href":"https:\/\/truusk.store\/sv\/wp-json\/wp\/v2\/product_brand?post=103056"},{"taxonomy":"product_cat","embeddable":true,"href":"https:\/\/truusk.store\/sv\/wp-json\/wp\/v2\/product_cat?post=103056"},{"taxonomy":"product_tag","embeddable":true,"href":"https:\/\/truusk.store\/sv\/wp-json\/wp\/v2\/product_tag?post=103056"}],"curies":[{"name":"wp","href":"https:\/\/api.w.org\/{rel}","templated":true}]}}