{"id":10308,"date":"2024-02-13T10:09:19","date_gmt":"2024-02-13T09:09:19","guid":{"rendered":"https:\/\/truusk.store\/product\/brosessel-skrivbordsstol-stafunktion-med-fotstod-vridbar-sits-stal-svart-64-x-60-x-106-126cm\/"},"modified":"2026-03-12T08:57:06","modified_gmt":"2026-03-12T07:57:06","slug":"truusk-kontorsstol-med-stafunktion-justerbar-hojd-och-vinkel-svart-64-x-60-x-106-126cm","status":"publish","type":"product","link":"https:\/\/truusk.store\/sv\/produkt\/truusk-kontorsstol-med-stafunktion-justerbar-hojd-och-vinkel-svart-64-x-60-x-106-126cm\/","title":{"rendered":"TRUUSK Kontorsstol med St\u00e5funktion &#8211; Justerbar H\u00f6jd och Vinkel &#8211; Svart &#8211; 64 X 60 X 106-126cm"},"content":{"rendered":"<p>\u00c4ven om du arbetar l\u00e5nga timmar vid ditt skrivbord kommer du alltid att k\u00e4nna dig avslappnad och fr\u00e4sch p\u00e5 denna moderna kontorsstol. Snurrstolen \u00e4r ergonomiskt skuren och gener\u00f6st vadderad s\u00e5 att den f\u00f6rhindrar sp\u00e4nningar och f\u00f6rblir kompromissl\u00f6st bekv\u00e4m. Ett bekv\u00e4mt \u00f6verdrag som andas och uppf\u00e4llbara armst\u00f6d kompletterar sittupplevelsen. B\u00e5de sitsen och fotst\u00f6den kan justeras i h\u00f6jdled, s\u00e5 att stolen \u00e4ven kan anv\u00e4ndas som st\u00e5stol.<\/p>\n<h3>Beskrivning:<\/h3>\n<ul>\n<li>H\u00f6gkvalitativa material som s\u00e4kerst\u00e4ller h\u00e5llbarhet och h\u00f6g komfort<\/li>\n<li>Mesh-ryggst\u00f6d f\u00f6r maximal andningsf\u00f6rm\u00e5ga<\/li>\n<li>Stabil v\u00e4ndkors med 5 ben och mjukt l\u00f6pande hjul<\/li>\n<li>Gener\u00f6st vadderad sits f\u00f6r mer komfort<\/li>\n<li>De uppf\u00e4llbara armst\u00f6den kan vridas upp till 90 grader och g\u00f6r att stolen l\u00e4tt kan skjutas in under skrivbordet<\/li>\n<li>Sitth\u00f6jden, lutningen och fotst\u00f6dets h\u00f6jd \u00e4r justerbara s\u00e5 att du kan arbeta som du k\u00e4nner dig mest bekv\u00e4m<\/li>\n<li>Fritt roterande hjul f\u00f6r enkel r\u00f6relse och h\u00f6g r\u00f6relsefrihet<\/li>\n<li>Montering kr\u00e4vs<\/li>\n<\/ul>\n<h3>Teknisk data:<\/h3>\n<ul>\n<li>Svart f\u00e4rg<\/li>\n<li>Material: \u00d6verdrag av mesh (100% polyester), PP, skum, st\u00e5l, nylon<\/li>\n<li>\u00d6vergripande m\u00e5tt: 64L x 60W x 106-126H cm<\/li>\n<li>Sittm\u00e5tt: Sitsm\u00e5tt: 50L x 50W x 58-78H cm<\/li>\n<li>Armst\u00f6dets h\u00f6jd (fr\u00e5n sits): 20 cm<\/li>\n<li>H\u00f6jd p\u00e5 ryggst\u00f6d: 46,5 cm<\/li>\n<li>Lastkapacitet: 120 kg<\/li>\n<\/ul>\n<h3>Leveransens omfattning:<\/h3>\n<ul>\n<li>1 x Kontorsstol<\/li>\n<li>1 x Instruktioner<\/li>\n<\/ul>\n","protected":false},"excerpt":{"rendered":"<p>\u00c4ven om du arbetar l\u00e5nga timmar vid ditt skrivbord kommer du alltid att k\u00e4nna dig avslappnad och fr\u00e4sch p\u00e5 denna&#8230;<\/p>\n","protected":false},"featured_media":10309,"template":"","meta":[],"product_brand":[],"product_cat":[485,516,515],"product_tag":[],"class_list":{"0":"post-10308","1":"product","2":"type-product","3":"status-publish","4":"has-post-thumbnail","6":"product_cat-hus-bo","7":"product_cat-kontorsstolar","8":"product_cat-stolar","10":"first","11":"instock","12":"sale","13":"taxable","14":"shipping-taxable","15":"purchasable","16":"product-type-simple"},"yoast_head":"<!-- This site is optimized with the Yoast SEO plugin v25.4 - https:\/\/yoast.com\/wordpress\/plugins\/seo\/ -->\n<title>TRUUSK Kontorsstol med St\u00e5funktion - Justerbar H\u00f6jd och Vinkel - Svart - 64 X 60 X 106-126cm - TRUUSK - Hem, Tr\u00e4dg\u00e5rd &amp; Fritid<\/title>\n<meta name=\"robots\" content=\"index, follow, max-snippet:-1, max-image-preview:large, max-video-preview:-1\" \/>\n<link rel=\"canonical\" href=\"https:\/\/truusk.store\/sv\/produkt\/truusk-kontorsstol-med-stafunktion-justerbar-hojd-och-vinkel-svart-64-x-60-x-106-126cm\/\" \/>\n<meta property=\"og:locale\" content=\"sv_SE\" \/>\n<meta property=\"og:type\" content=\"article\" \/>\n<meta property=\"og:title\" content=\"TRUUSK Kontorsstol med St\u00e5funktion - Justerbar H\u00f6jd och Vinkel - Svart - 64 X 60 X 106-126cm - TRUUSK - Hem, Tr\u00e4dg\u00e5rd &amp; Fritid\" \/>\n<meta property=\"og:description\" content=\"\u00c4ven om du arbetar l\u00e5nga timmar vid ditt skrivbord kommer du alltid att k\u00e4nna dig avslappnad och fr\u00e4sch p\u00e5 denna...\" \/>\n<meta property=\"og:url\" content=\"https:\/\/truusk.store\/sv\/produkt\/truusk-kontorsstol-med-stafunktion-justerbar-hojd-och-vinkel-svart-64-x-60-x-106-126cm\/\" \/>\n<meta property=\"og:site_name\" content=\"TRUUSK - Hem, Tr\u00e4dg\u00e5rd &amp; Fritid\" \/>\n<meta property=\"article:modified_time\" content=\"2026-03-12T07:57:06+00:00\" \/>\n<meta property=\"og:image\" content=\"https:\/\/i0.wp.com\/truusk.se\/wp-content\/uploads\/2024\/02\/brosessel-skrivbordsstol-stafunktion-med-fotstod-vridbar-sits-stal-svart-64-x-60-x-106-126cm.webp?fit=800%2C800&ssl=1\" \/>\n\t<meta property=\"og:image:width\" content=\"800\" \/>\n\t<meta property=\"og:image:height\" content=\"800\" \/>\n\t<meta property=\"og:image:type\" content=\"image\/webp\" \/>\n<meta name=\"twitter:card\" content=\"summary_large_image\" \/>\n<meta name=\"twitter:label1\" content=\"Ber\u00e4knad l\u00e4stid\" \/>\n\t<meta name=\"twitter:data1\" content=\"1 minut\" \/>\n<!-- \/ Yoast SEO plugin. -->","yoast_head_json":{"title":"TRUUSK Kontorsstol med St\u00e5funktion - Justerbar H\u00f6jd och Vinkel - Svart - 64 X 60 X 106-126cm - TRUUSK - Hem, Tr\u00e4dg\u00e5rd &amp; Fritid","robots":{"index":"index","follow":"follow","max-snippet":"max-snippet:-1","max-image-preview":"max-image-preview:large","max-video-preview":"max-video-preview:-1"},"canonical":"https:\/\/truusk.store\/sv\/produkt\/truusk-kontorsstol-med-stafunktion-justerbar-hojd-och-vinkel-svart-64-x-60-x-106-126cm\/","og_locale":"sv_SE","og_type":"article","og_title":"TRUUSK Kontorsstol med St\u00e5funktion - Justerbar H\u00f6jd och Vinkel - Svart - 64 X 60 X 106-126cm - TRUUSK - Hem, Tr\u00e4dg\u00e5rd &amp; Fritid","og_description":"\u00c4ven om du arbetar l\u00e5nga timmar vid ditt skrivbord kommer du alltid att k\u00e4nna dig avslappnad och fr\u00e4sch p\u00e5 denna...","og_url":"https:\/\/truusk.store\/sv\/produkt\/truusk-kontorsstol-med-stafunktion-justerbar-hojd-och-vinkel-svart-64-x-60-x-106-126cm\/","og_site_name":"TRUUSK - Hem, Tr\u00e4dg\u00e5rd &amp; Fritid","article_modified_time":"2026-03-12T07:57:06+00:00","og_image":[{"width":800,"height":800,"url":"https:\/\/i0.wp.com\/truusk.se\/wp-content\/uploads\/2024\/02\/brosessel-skrivbordsstol-stafunktion-med-fotstod-vridbar-sits-stal-svart-64-x-60-x-106-126cm.webp?fit=800%2C800&ssl=1","type":"image\/webp"}],"twitter_card":"summary_large_image","twitter_misc":{"Ber\u00e4knad l\u00e4stid":"1 minut"},"schema":{"@context":"https:\/\/schema.org","@graph":[{"@type":"WebPage","@id":"https:\/\/truusk.store\/sv\/produkt\/truusk-kontorsstol-med-stafunktion-justerbar-hojd-och-vinkel-svart-64-x-60-x-106-126cm\/","url":"https:\/\/truusk.store\/sv\/produkt\/truusk-kontorsstol-med-stafunktion-justerbar-hojd-och-vinkel-svart-64-x-60-x-106-126cm\/","name":"TRUUSK Kontorsstol med St\u00e5funktion - Justerbar H\u00f6jd och Vinkel - Svart - 64 X 60 X 106-126cm - TRUUSK - Hem, Tr\u00e4dg\u00e5rd &amp; Fritid","isPartOf":{"@id":"https:\/\/truusk.store\/sv\/#website"},"primaryImageOfPage":{"@id":"https:\/\/truusk.store\/sv\/produkt\/truusk-kontorsstol-med-stafunktion-justerbar-hojd-och-vinkel-svart-64-x-60-x-106-126cm\/#primaryimage"},"image":{"@id":"https:\/\/truusk.store\/sv\/produkt\/truusk-kontorsstol-med-stafunktion-justerbar-hojd-och-vinkel-svart-64-x-60-x-106-126cm\/#primaryimage"},"thumbnailUrl":"https:\/\/i0.wp.com\/truusk.store\/wp-content\/uploads\/2024\/02\/brosessel-skrivbordsstol-stafunktion-med-fotstod-vridbar-sits-stal-svart-64-x-60-x-106-126cm.webp?fit=800%2C800&ssl=1","datePublished":"2024-02-13T09:09:19+00:00","dateModified":"2026-03-12T07:57:06+00:00","breadcrumb":{"@id":"https:\/\/truusk.store\/sv\/produkt\/truusk-kontorsstol-med-stafunktion-justerbar-hojd-och-vinkel-svart-64-x-60-x-106-126cm\/#breadcrumb"},"inLanguage":"sv-SE","potentialAction":[{"@type":"ReadAction","target":["https:\/\/truusk.store\/sv\/produkt\/truusk-kontorsstol-med-stafunktion-justerbar-hojd-och-vinkel-svart-64-x-60-x-106-126cm\/"]}]},{"@type":"ImageObject","inLanguage":"sv-SE","@id":"https:\/\/truusk.store\/sv\/produkt\/truusk-kontorsstol-med-stafunktion-justerbar-hojd-och-vinkel-svart-64-x-60-x-106-126cm\/#primaryimage","url":"https:\/\/i0.wp.com\/truusk.store\/wp-content\/uploads\/2024\/02\/brosessel-skrivbordsstol-stafunktion-med-fotstod-vridbar-sits-stal-svart-64-x-60-x-106-126cm.webp?fit=800%2C800&ssl=1","contentUrl":"https:\/\/i0.wp.com\/truusk.store\/wp-content\/uploads\/2024\/02\/brosessel-skrivbordsstol-stafunktion-med-fotstod-vridbar-sits-stal-svart-64-x-60-x-106-126cm.webp?fit=800%2C800&ssl=1","width":800,"height":800,"caption":"Brosessel, Skrivbordsstol, St\u00e5funktion, Med Fotst\u00f6d, Vridbar Sits, St\u00e5l, Svart, 64 X 60 X 106-126cm 1"},{"@type":"BreadcrumbList","@id":"https:\/\/truusk.store\/sv\/produkt\/truusk-kontorsstol-med-stafunktion-justerbar-hojd-och-vinkel-svart-64-x-60-x-106-126cm\/#breadcrumb","itemListElement":[{"@type":"ListItem","position":1,"name":"Home","item":"https:\/\/truusk.store\/sv\/"},{"@type":"ListItem","position":2,"name":"Shop","item":"https:\/\/truusk.store\/shop\/"},{"@type":"ListItem","position":3,"name":"TRUUSK Kontorsstol med St\u00e5funktion &#8211; Justerbar H\u00f6jd och Vinkel &#8211; Svart &#8211; 64 X 60 X 106-126cm"}]},{"@type":"WebSite","@id":"https:\/\/truusk.store\/sv\/#website","url":"https:\/\/truusk.store\/sv\/","name":"TRUUSK - Hem, Tr\u00e4dg\u00e5rd & Fritid","description":"","publisher":{"@id":"https:\/\/truusk.store\/sv\/#organization"},"potentialAction":[{"@type":"SearchAction","target":{"@type":"EntryPoint","urlTemplate":"https:\/\/truusk.store\/sv\/?s={search_term_string}"},"query-input":{"@type":"PropertyValueSpecification","valueRequired":true,"valueName":"search_term_string"}}],"inLanguage":"sv-SE"},{"@type":"Organization","@id":"https:\/\/truusk.store\/sv\/#organization","name":"TRUUSK - Hem, Tr\u00e4dg\u00e5rd & Fritid","url":"https:\/\/truusk.store\/sv\/","logo":{"@type":"ImageObject","inLanguage":"sv-SE","@id":"https:\/\/truusk.store\/sv\/#\/schema\/logo\/image\/","url":"https:\/\/i0.wp.com\/truusk.store\/wp-content\/uploads\/2026\/03\/cropped-TRUUSK.png?fit=2032%2C917&ssl=1","contentUrl":"https:\/\/i0.wp.com\/truusk.store\/wp-content\/uploads\/2026\/03\/cropped-TRUUSK.png?fit=2032%2C917&ssl=1","width":2032,"height":917,"caption":"TRUUSK - Hem, Tr\u00e4dg\u00e5rd & Fritid"},"image":{"@id":"https:\/\/truusk.store\/sv\/#\/schema\/logo\/image\/"}}]}},"jetpack_sharing_enabled":true,"_links":{"self":[{"href":"https:\/\/truusk.store\/sv\/wp-json\/wp\/v2\/product\/10308","targetHints":{"allow":["GET"]}}],"collection":[{"href":"https:\/\/truusk.store\/sv\/wp-json\/wp\/v2\/product"}],"about":[{"href":"https:\/\/truusk.store\/sv\/wp-json\/wp\/v2\/types\/product"}],"wp:featuredmedia":[{"embeddable":true,"href":"https:\/\/truusk.store\/sv\/wp-json\/wp\/v2\/media\/10309"}],"wp:attachment":[{"href":"https:\/\/truusk.store\/sv\/wp-json\/wp\/v2\/media?parent=10308"}],"wp:term":[{"taxonomy":"product_brand","embeddable":true,"href":"https:\/\/truusk.store\/sv\/wp-json\/wp\/v2\/product_brand?post=10308"},{"taxonomy":"product_cat","embeddable":true,"href":"https:\/\/truusk.store\/sv\/wp-json\/wp\/v2\/product_cat?post=10308"},{"taxonomy":"product_tag","embeddable":true,"href":"https:\/\/truusk.store\/sv\/wp-json\/wp\/v2\/product_tag?post=10308"}],"curies":[{"name":"wp","href":"https:\/\/api.w.org\/{rel}","templated":true}]}}