{"id":103116,"date":"2026-01-28T12:15:00","date_gmt":"2026-01-28T11:15:00","guid":{"rendered":"https:\/\/truusk.store\/product\/serveringsvagn-i-industriell-design-vaderbestandig-3-krokar-1-hylla-107-cm-x-65-cm-x-80-cm-svart-natur\/"},"modified":"2026-03-12T09:16:32","modified_gmt":"2026-03-12T08:16:32","slug":"truusk-serveringsvagn-i-industriell-design-vaderbestandig-3-krokar-1-hylla-107-cm-x-65-cm-x-80-cm-svart-natur","status":"publish","type":"product","link":"https:\/\/truusk.store\/sv\/produkt\/truusk-serveringsvagn-i-industriell-design-vaderbestandig-3-krokar-1-hylla-107-cm-x-65-cm-x-80-cm-svart-natur\/","title":{"rendered":"TRUUSK Serveringsvagn i Industriell Design &#8211; V\u00e4derbest\u00e4ndig &#8211; 3 Krokar &#8211; 1 Hylla &#8211; 107 cm x 65 cm x 80 cm &#8211; Svart + Natur"},"content":{"rendered":"<p>Det kan vara besv\u00e4rligt att anordna en stor h\u00e4ndelse i tr\u00e4dg\u00e5rden om man inte har r\u00e4tt utrustning. Nu \u00e4r det dags att g\u00f6ra utomhusfestandet med familj och v\u00e4nner s\u00e5 enkelt som m\u00f6jligt &#8211; v\u00e5r serveringsvagn fr\u00e5n [BRAND NAME] \u00e4r den perfekta m\u00f6beln f\u00f6r detta. Den \u00f6vre hyllan erbjuder plats f\u00f6r drycker och mat, den nedre hyllan f\u00f6r ingredienser, k\u00f6ksredskap etc. P\u00e5 tre extra krokar kan du h\u00e4nga upp n\u00e5gra k\u00f6kshanddukar. Denna serveringsvagn fr\u00e5n [BRAND NAME] \u00e4r den perfekta, flexibla f\u00f6rvaringsl\u00f6sningen.<\/p>\n<p>Beskrivning:<\/p>\n<ul>\n<li> Kan anv\u00e4ndas inomhus och utomhus<\/li>\n<li> 2 hyllor erbjuder gott om plats f\u00f6r mat, drycker och s\u00e5ser<\/li>\n<li> 3 krokar f\u00f6r att h\u00e4nga handdukar och ugnshandskar<\/li>\n<li> 2 universalhjul ger r\u00f6rlighet<\/li>\n<li> Hyllor av lackerat massivt tr\u00e4 och en st\u00e5lram ger robusthet och enkel reng\u00f6ring<\/li>\n<li> Konstruktionen med lattor \u00e4r bra f\u00f6r dr\u00e4nering p\u00e5 regniga dagar<\/li>\n<li> Kombinationen av naturtr\u00e4 och svart st\u00e5l passar till m\u00e5nga inredningsstilar<\/li>\n<li> Montering kr\u00e4vs<\/li>\n<\/ul>\n<p> Tekniska data:<\/p>\n<ul>\n<li> F\u00e4rg: Natur+svart<\/li>\n<li> Material: St\u00e5l, grantr\u00e4<\/li>\n<li> Totala m\u00e5tt: 107L x 65B x 80H cm<\/li>\n<li> Hyllstorlek (fr\u00e5n topp till botten): 97L x 65B x 3H cm, 97L x 58,5B x 2,5H cm<\/li>\n<li> Hyllh\u00f6jd till golvet: 80cm, 17cm<\/li>\n<li> Viktkapacitet f\u00f6r varje niv\u00e5: 50kg<\/li>\n<\/ul>\n<p> Leverans inneh\u00e5ller:<\/p>\n<ul>\n<li> 1 x Barvagn f\u00f6r utomhus<\/li>\n<li> 1 x Instruktioner<\/li>\n<\/ul>\n","protected":false},"excerpt":{"rendered":"<p>Det kan vara besv\u00e4rligt att anordna en stor h\u00e4ndelse i tr\u00e4dg\u00e5rden om man inte har r\u00e4tt utrustning. Nu \u00e4r det&#8230;<\/p>\n","protected":false},"featured_media":103107,"template":"","meta":[],"product_brand":[],"product_cat":[871,889,503],"product_tag":[],"class_list":{"0":"post-103116","1":"product","2":"type-product","3":"status-publish","4":"has-post-thumbnail","6":"product_cat-hus-hem","7":"product_cat-kok-matsal","8":"product_cat-serveringsvagn","10":"first","11":"instock","12":"sale","13":"taxable","14":"shipping-taxable","15":"purchasable","16":"product-type-simple"},"yoast_head":"<!-- This site is optimized with the Yoast SEO plugin v25.4 - https:\/\/yoast.com\/wordpress\/plugins\/seo\/ -->\n<title>TRUUSK Serveringsvagn i Industriell Design - V\u00e4derbest\u00e4ndig - 3 Krokar - 1 Hylla - 107 cm x 65 cm x 80 cm - Svart + Natur - TRUUSK - Hem, Tr\u00e4dg\u00e5rd &amp; Fritid<\/title>\n<meta name=\"robots\" content=\"index, follow, max-snippet:-1, max-image-preview:large, max-video-preview:-1\" \/>\n<link rel=\"canonical\" href=\"https:\/\/truusk.store\/sv\/produkt\/truusk-serveringsvagn-i-industriell-design-vaderbestandig-3-krokar-1-hylla-107-cm-x-65-cm-x-80-cm-svart-natur\/\" \/>\n<meta property=\"og:locale\" content=\"sv_SE\" \/>\n<meta property=\"og:type\" content=\"article\" \/>\n<meta property=\"og:title\" content=\"TRUUSK Serveringsvagn i Industriell Design - V\u00e4derbest\u00e4ndig - 3 Krokar - 1 Hylla - 107 cm x 65 cm x 80 cm - Svart + Natur - TRUUSK - Hem, Tr\u00e4dg\u00e5rd &amp; Fritid\" \/>\n<meta property=\"og:description\" content=\"Det kan vara besv\u00e4rligt att anordna en stor h\u00e4ndelse i tr\u00e4dg\u00e5rden om man inte har r\u00e4tt utrustning. Nu \u00e4r det...\" \/>\n<meta property=\"og:url\" content=\"https:\/\/truusk.store\/sv\/produkt\/truusk-serveringsvagn-i-industriell-design-vaderbestandig-3-krokar-1-hylla-107-cm-x-65-cm-x-80-cm-svart-natur\/\" \/>\n<meta property=\"og:site_name\" content=\"TRUUSK - Hem, Tr\u00e4dg\u00e5rd &amp; Fritid\" \/>\n<meta property=\"article:modified_time\" content=\"2026-03-12T08:16:32+00:00\" \/>\n<meta property=\"og:image\" content=\"https:\/\/i0.wp.com\/truusk.se\/wp-content\/uploads\/2026\/01\/serveringsvagn-i-industriell-design-vaderbestandig-3-krokar-1-hylla-107-cm-x-65-cm-x-80-cm-svart-natur-1.webp?fit=2000%2C2000&ssl=1\" \/>\n\t<meta property=\"og:image:width\" content=\"2000\" \/>\n\t<meta property=\"og:image:height\" content=\"2000\" \/>\n\t<meta property=\"og:image:type\" content=\"image\/webp\" \/>\n<meta name=\"twitter:card\" content=\"summary_large_image\" \/>\n<meta name=\"twitter:label1\" content=\"Ber\u00e4knad l\u00e4stid\" \/>\n\t<meta name=\"twitter:data1\" content=\"1 minut\" \/>\n<!-- \/ Yoast SEO plugin. -->","yoast_head_json":{"title":"TRUUSK Serveringsvagn i Industriell Design - V\u00e4derbest\u00e4ndig - 3 Krokar - 1 Hylla - 107 cm x 65 cm x 80 cm - Svart + Natur - TRUUSK - Hem, Tr\u00e4dg\u00e5rd &amp; Fritid","robots":{"index":"index","follow":"follow","max-snippet":"max-snippet:-1","max-image-preview":"max-image-preview:large","max-video-preview":"max-video-preview:-1"},"canonical":"https:\/\/truusk.store\/sv\/produkt\/truusk-serveringsvagn-i-industriell-design-vaderbestandig-3-krokar-1-hylla-107-cm-x-65-cm-x-80-cm-svart-natur\/","og_locale":"sv_SE","og_type":"article","og_title":"TRUUSK Serveringsvagn i Industriell Design - V\u00e4derbest\u00e4ndig - 3 Krokar - 1 Hylla - 107 cm x 65 cm x 80 cm - Svart + Natur - TRUUSK - Hem, Tr\u00e4dg\u00e5rd &amp; Fritid","og_description":"Det kan vara besv\u00e4rligt att anordna en stor h\u00e4ndelse i tr\u00e4dg\u00e5rden om man inte har r\u00e4tt utrustning. Nu \u00e4r det...","og_url":"https:\/\/truusk.store\/sv\/produkt\/truusk-serveringsvagn-i-industriell-design-vaderbestandig-3-krokar-1-hylla-107-cm-x-65-cm-x-80-cm-svart-natur\/","og_site_name":"TRUUSK - Hem, Tr\u00e4dg\u00e5rd &amp; Fritid","article_modified_time":"2026-03-12T08:16:32+00:00","og_image":[{"width":2000,"height":2000,"url":"https:\/\/i0.wp.com\/truusk.se\/wp-content\/uploads\/2026\/01\/serveringsvagn-i-industriell-design-vaderbestandig-3-krokar-1-hylla-107-cm-x-65-cm-x-80-cm-svart-natur-1.webp?fit=2000%2C2000&ssl=1","type":"image\/webp"}],"twitter_card":"summary_large_image","twitter_misc":{"Ber\u00e4knad l\u00e4stid":"1 minut"},"schema":{"@context":"https:\/\/schema.org","@graph":[{"@type":"WebPage","@id":"https:\/\/truusk.store\/sv\/produkt\/truusk-serveringsvagn-i-industriell-design-vaderbestandig-3-krokar-1-hylla-107-cm-x-65-cm-x-80-cm-svart-natur\/","url":"https:\/\/truusk.store\/sv\/produkt\/truusk-serveringsvagn-i-industriell-design-vaderbestandig-3-krokar-1-hylla-107-cm-x-65-cm-x-80-cm-svart-natur\/","name":"TRUUSK Serveringsvagn i Industriell Design - V\u00e4derbest\u00e4ndig - 3 Krokar - 1 Hylla - 107 cm x 65 cm x 80 cm - Svart + Natur - TRUUSK - Hem, Tr\u00e4dg\u00e5rd &amp; Fritid","isPartOf":{"@id":"https:\/\/truusk.store\/sv\/#website"},"primaryImageOfPage":{"@id":"https:\/\/truusk.store\/sv\/produkt\/truusk-serveringsvagn-i-industriell-design-vaderbestandig-3-krokar-1-hylla-107-cm-x-65-cm-x-80-cm-svart-natur\/#primaryimage"},"image":{"@id":"https:\/\/truusk.store\/sv\/produkt\/truusk-serveringsvagn-i-industriell-design-vaderbestandig-3-krokar-1-hylla-107-cm-x-65-cm-x-80-cm-svart-natur\/#primaryimage"},"thumbnailUrl":"https:\/\/i0.wp.com\/truusk.store\/wp-content\/uploads\/2026\/01\/serveringsvagn-i-industriell-design-vaderbestandig-3-krokar-1-hylla-107-cm-x-65-cm-x-80-cm-svart-natur-1.webp?fit=2000%2C2000&ssl=1","datePublished":"2026-01-28T11:15:00+00:00","dateModified":"2026-03-12T08:16:32+00:00","breadcrumb":{"@id":"https:\/\/truusk.store\/sv\/produkt\/truusk-serveringsvagn-i-industriell-design-vaderbestandig-3-krokar-1-hylla-107-cm-x-65-cm-x-80-cm-svart-natur\/#breadcrumb"},"inLanguage":"sv-SE","potentialAction":[{"@type":"ReadAction","target":["https:\/\/truusk.store\/sv\/produkt\/truusk-serveringsvagn-i-industriell-design-vaderbestandig-3-krokar-1-hylla-107-cm-x-65-cm-x-80-cm-svart-natur\/"]}]},{"@type":"ImageObject","inLanguage":"sv-SE","@id":"https:\/\/truusk.store\/sv\/produkt\/truusk-serveringsvagn-i-industriell-design-vaderbestandig-3-krokar-1-hylla-107-cm-x-65-cm-x-80-cm-svart-natur\/#primaryimage","url":"https:\/\/i0.wp.com\/truusk.store\/wp-content\/uploads\/2026\/01\/serveringsvagn-i-industriell-design-vaderbestandig-3-krokar-1-hylla-107-cm-x-65-cm-x-80-cm-svart-natur-1.webp?fit=2000%2C2000&ssl=1","contentUrl":"https:\/\/i0.wp.com\/truusk.store\/wp-content\/uploads\/2026\/01\/serveringsvagn-i-industriell-design-vaderbestandig-3-krokar-1-hylla-107-cm-x-65-cm-x-80-cm-svart-natur-1.webp?fit=2000%2C2000&ssl=1","width":2000,"height":2000},{"@type":"BreadcrumbList","@id":"https:\/\/truusk.store\/sv\/produkt\/truusk-serveringsvagn-i-industriell-design-vaderbestandig-3-krokar-1-hylla-107-cm-x-65-cm-x-80-cm-svart-natur\/#breadcrumb","itemListElement":[{"@type":"ListItem","position":1,"name":"Home","item":"https:\/\/truusk.store\/sv\/"},{"@type":"ListItem","position":2,"name":"Shop","item":"https:\/\/truusk.store\/shop\/"},{"@type":"ListItem","position":3,"name":"TRUUSK Serveringsvagn i Industriell Design &#8211; V\u00e4derbest\u00e4ndig &#8211; 3 Krokar &#8211; 1 Hylla &#8211; 107 cm x 65 cm x 80 cm &#8211; Svart + Natur"}]},{"@type":"WebSite","@id":"https:\/\/truusk.store\/sv\/#website","url":"https:\/\/truusk.store\/sv\/","name":"TRUUSK - Hem, Tr\u00e4dg\u00e5rd & Fritid","description":"","publisher":{"@id":"https:\/\/truusk.store\/sv\/#organization"},"potentialAction":[{"@type":"SearchAction","target":{"@type":"EntryPoint","urlTemplate":"https:\/\/truusk.store\/sv\/?s={search_term_string}"},"query-input":{"@type":"PropertyValueSpecification","valueRequired":true,"valueName":"search_term_string"}}],"inLanguage":"sv-SE"},{"@type":"Organization","@id":"https:\/\/truusk.store\/sv\/#organization","name":"TRUUSK - Hem, Tr\u00e4dg\u00e5rd & Fritid","url":"https:\/\/truusk.store\/sv\/","logo":{"@type":"ImageObject","inLanguage":"sv-SE","@id":"https:\/\/truusk.store\/sv\/#\/schema\/logo\/image\/","url":"https:\/\/i0.wp.com\/truusk.store\/wp-content\/uploads\/2026\/03\/cropped-TRUUSK.png?fit=2032%2C917&ssl=1","contentUrl":"https:\/\/i0.wp.com\/truusk.store\/wp-content\/uploads\/2026\/03\/cropped-TRUUSK.png?fit=2032%2C917&ssl=1","width":2032,"height":917,"caption":"TRUUSK - Hem, Tr\u00e4dg\u00e5rd & Fritid"},"image":{"@id":"https:\/\/truusk.store\/sv\/#\/schema\/logo\/image\/"}}]}},"jetpack_sharing_enabled":true,"_links":{"self":[{"href":"https:\/\/truusk.store\/sv\/wp-json\/wp\/v2\/product\/103116","targetHints":{"allow":["GET"]}}],"collection":[{"href":"https:\/\/truusk.store\/sv\/wp-json\/wp\/v2\/product"}],"about":[{"href":"https:\/\/truusk.store\/sv\/wp-json\/wp\/v2\/types\/product"}],"wp:featuredmedia":[{"embeddable":true,"href":"https:\/\/truusk.store\/sv\/wp-json\/wp\/v2\/media\/103107"}],"wp:attachment":[{"href":"https:\/\/truusk.store\/sv\/wp-json\/wp\/v2\/media?parent=103116"}],"wp:term":[{"taxonomy":"product_brand","embeddable":true,"href":"https:\/\/truusk.store\/sv\/wp-json\/wp\/v2\/product_brand?post=103116"},{"taxonomy":"product_cat","embeddable":true,"href":"https:\/\/truusk.store\/sv\/wp-json\/wp\/v2\/product_cat?post=103116"},{"taxonomy":"product_tag","embeddable":true,"href":"https:\/\/truusk.store\/sv\/wp-json\/wp\/v2\/product_tag?post=103116"}],"curies":[{"name":"wp","href":"https:\/\/api.w.org\/{rel}","templated":true}]}}