{"id":103126,"date":"2026-01-28T12:18:02","date_gmt":"2026-01-28T11:18:02","guid":{"rendered":"https:\/\/truusk.store\/product\/skyddsnat-for-vaxter-2-upprullningsbara-dorrar-stalram-inkl-barvaska-morkgron-249-x-12-x-12m\/"},"modified":"2026-03-12T09:20:29","modified_gmt":"2026-03-12T08:20:29","slug":"truusk-skyddsnat-for-vaxter-2-upprullningsbara-dorrar-stalram-barvaska-inkluderad-morkgron-249-x-12-x-12m","status":"publish","type":"product","link":"https:\/\/truusk.store\/sv\/produkt\/truusk-skyddsnat-for-vaxter-2-upprullningsbara-dorrar-stalram-barvaska-inkluderad-morkgron-249-x-12-x-12m\/","title":{"rendered":"TRUUSK Skyddsn\u00e4t f\u00f6r V\u00e4xter &#8211; 2 Upprullningsbara D\u00f6rrar &#8211; St\u00e5lram &#8211; B\u00e4rv\u00e4ska Inkluderad &#8211; M\u00f6rkgr\u00f6n &#8211; 2,49 x 1,2 x 1,2m"},"content":{"rendered":"<p>Detta v\u00e4xtskyddsn\u00e4t skyddar mot f\u00e5glar och andra djur samtidigt som det sl\u00e4pper igenom naturligt ljus och luft. Dessutom kan den stora d\u00f6rren till insektsskyddsn\u00e4tet rullas upp och f\u00e4stas med band. N\u00e4tet f\u00f6r skydd av gr\u00f6nsaker \u00e4r ocks\u00e5 l\u00e4tt att montera och demontera. Det \u00e4r den idealiska l\u00f6sningen f\u00f6r att skapa en s\u00e4ker milj\u00f6 f\u00f6r gr\u00f6nsaker, frukt, blommor eller andra v\u00e4xter.<\/p>\n<p>Beskrivning:<\/p>\n<ul>\n<li> Detta insektsskyddsn\u00e4t skyddar dina v\u00e4xter mot f\u00e5glar och andra djur<\/li>\n<li> Upprullbara d\u00f6rrar p\u00e5 v\u00e4xtskyddsn\u00e4tet med dragkedja ger enkel tillg\u00e5ng och god ventilation<\/li>\n<li> L\u00e4tt att montera och demontera och l\u00e4tt att f\u00f6rvara<\/li>\n<li> Inkl. t\u00e4ltspikar f\u00f6r \u00f6kad stabilitet<\/li>\n<li> En b\u00e4rv\u00e4ska ing\u00e5r med gr\u00f6nsaksskyddsn\u00e4tet<\/li>\n<li> 1-2 personer rekommenderas f\u00f6r montering<\/li>\n<\/ul>\n<p> Tekniska data:<\/p>\n<ul>\n<li> F\u00e4rg: M\u00f6rkgr\u00f6n<\/li>\n<li> Material: St\u00e5l, plast<\/li>\n<li> Totala m\u00e5tt: 249L x 120B x 120H cm<\/li>\n<li> D\u00f6rrm\u00e5tt: 96B x 145H cm<\/li>\n<li> Vindt\u00e4thetsniv\u00e5: 4<\/li>\n<\/ul>\n<p>Leveransinneh\u00e5ll:<\/p>\n<ul>\n<li> 1 x V\u00e4xtskyddsn\u00e4t<\/li>\n<li> 4 x T\u00e4ltspikar<\/li>\n<li> 1 x B\u00e4rv\u00e4ska<\/li>\n<li> 1 x Instruktioner<\/li>\n<\/ul>\n","protected":false},"excerpt":{"rendered":"<p>Detta v\u00e4xtskyddsn\u00e4t skyddar mot f\u00e5glar och andra djur samtidigt som det sl\u00e4pper igenom naturligt ljus och luft. Dessutom kan den&#8230;<\/p>\n","protected":false},"featured_media":103117,"template":"","meta":[],"product_brand":[],"product_cat":[903,858,443],"product_tag":[],"class_list":{"0":"post-103126","1":"product","2":"type-product","3":"status-publish","4":"has-post-thumbnail","6":"product_cat-plastvaxthus","7":"product_cat-tradgard-terrass","8":"product_cat-vaxthus-tradgardsskotsel","10":"first","11":"instock","12":"sale","13":"taxable","14":"shipping-taxable","15":"purchasable","16":"product-type-simple"},"yoast_head":"<!-- This site is optimized with the Yoast SEO plugin v25.4 - https:\/\/yoast.com\/wordpress\/plugins\/seo\/ -->\n<title>TRUUSK Skyddsn\u00e4t f\u00f6r V\u00e4xter - 2 Upprullningsbara D\u00f6rrar - St\u00e5lram - B\u00e4rv\u00e4ska Inkluderad - M\u00f6rkgr\u00f6n - 2,49 x 1,2 x 1,2m - TRUUSK - Hem, Tr\u00e4dg\u00e5rd &amp; Fritid<\/title>\n<meta name=\"robots\" content=\"index, follow, max-snippet:-1, max-image-preview:large, max-video-preview:-1\" \/>\n<link rel=\"canonical\" href=\"https:\/\/truusk.store\/sv\/produkt\/truusk-skyddsnat-for-vaxter-2-upprullningsbara-dorrar-stalram-barvaska-inkluderad-morkgron-249-x-12-x-12m\/\" \/>\n<meta property=\"og:locale\" content=\"sv_SE\" \/>\n<meta property=\"og:type\" content=\"article\" \/>\n<meta property=\"og:title\" content=\"TRUUSK Skyddsn\u00e4t f\u00f6r V\u00e4xter - 2 Upprullningsbara D\u00f6rrar - St\u00e5lram - B\u00e4rv\u00e4ska Inkluderad - M\u00f6rkgr\u00f6n - 2,49 x 1,2 x 1,2m - TRUUSK - Hem, Tr\u00e4dg\u00e5rd &amp; Fritid\" \/>\n<meta property=\"og:description\" content=\"Detta v\u00e4xtskyddsn\u00e4t skyddar mot f\u00e5glar och andra djur samtidigt som det sl\u00e4pper igenom naturligt ljus och luft. Dessutom kan den...\" \/>\n<meta property=\"og:url\" content=\"https:\/\/truusk.store\/sv\/produkt\/truusk-skyddsnat-for-vaxter-2-upprullningsbara-dorrar-stalram-barvaska-inkluderad-morkgron-249-x-12-x-12m\/\" \/>\n<meta property=\"og:site_name\" content=\"TRUUSK - Hem, Tr\u00e4dg\u00e5rd &amp; Fritid\" \/>\n<meta property=\"article:modified_time\" content=\"2026-03-12T08:20:29+00:00\" \/>\n<meta property=\"og:image\" content=\"https:\/\/i0.wp.com\/truusk.se\/wp-content\/uploads\/2026\/01\/skyddsnat-for-vaxter-2-upprullningsbara-dorrar-stalram-inkl-barvaska-morkgron-249-x-12-x-12m-1.webp?fit=2000%2C2000&ssl=1\" \/>\n\t<meta property=\"og:image:width\" content=\"2000\" \/>\n\t<meta property=\"og:image:height\" content=\"2000\" \/>\n\t<meta property=\"og:image:type\" content=\"image\/webp\" \/>\n<meta name=\"twitter:card\" content=\"summary_large_image\" \/>\n<meta name=\"twitter:label1\" content=\"Ber\u00e4knad l\u00e4stid\" \/>\n\t<meta name=\"twitter:data1\" content=\"1 minut\" \/>\n<!-- \/ Yoast SEO plugin. -->","yoast_head_json":{"title":"TRUUSK Skyddsn\u00e4t f\u00f6r V\u00e4xter - 2 Upprullningsbara D\u00f6rrar - St\u00e5lram - B\u00e4rv\u00e4ska Inkluderad - M\u00f6rkgr\u00f6n - 2,49 x 1,2 x 1,2m - TRUUSK - Hem, Tr\u00e4dg\u00e5rd &amp; Fritid","robots":{"index":"index","follow":"follow","max-snippet":"max-snippet:-1","max-image-preview":"max-image-preview:large","max-video-preview":"max-video-preview:-1"},"canonical":"https:\/\/truusk.store\/sv\/produkt\/truusk-skyddsnat-for-vaxter-2-upprullningsbara-dorrar-stalram-barvaska-inkluderad-morkgron-249-x-12-x-12m\/","og_locale":"sv_SE","og_type":"article","og_title":"TRUUSK Skyddsn\u00e4t f\u00f6r V\u00e4xter - 2 Upprullningsbara D\u00f6rrar - St\u00e5lram - B\u00e4rv\u00e4ska Inkluderad - M\u00f6rkgr\u00f6n - 2,49 x 1,2 x 1,2m - TRUUSK - Hem, Tr\u00e4dg\u00e5rd &amp; Fritid","og_description":"Detta v\u00e4xtskyddsn\u00e4t skyddar mot f\u00e5glar och andra djur samtidigt som det sl\u00e4pper igenom naturligt ljus och luft. Dessutom kan den...","og_url":"https:\/\/truusk.store\/sv\/produkt\/truusk-skyddsnat-for-vaxter-2-upprullningsbara-dorrar-stalram-barvaska-inkluderad-morkgron-249-x-12-x-12m\/","og_site_name":"TRUUSK - Hem, Tr\u00e4dg\u00e5rd &amp; Fritid","article_modified_time":"2026-03-12T08:20:29+00:00","og_image":[{"width":2000,"height":2000,"url":"https:\/\/i0.wp.com\/truusk.se\/wp-content\/uploads\/2026\/01\/skyddsnat-for-vaxter-2-upprullningsbara-dorrar-stalram-inkl-barvaska-morkgron-249-x-12-x-12m-1.webp?fit=2000%2C2000&ssl=1","type":"image\/webp"}],"twitter_card":"summary_large_image","twitter_misc":{"Ber\u00e4knad l\u00e4stid":"1 minut"},"schema":{"@context":"https:\/\/schema.org","@graph":[{"@type":"WebPage","@id":"https:\/\/truusk.store\/sv\/produkt\/truusk-skyddsnat-for-vaxter-2-upprullningsbara-dorrar-stalram-barvaska-inkluderad-morkgron-249-x-12-x-12m\/","url":"https:\/\/truusk.store\/sv\/produkt\/truusk-skyddsnat-for-vaxter-2-upprullningsbara-dorrar-stalram-barvaska-inkluderad-morkgron-249-x-12-x-12m\/","name":"TRUUSK Skyddsn\u00e4t f\u00f6r V\u00e4xter - 2 Upprullningsbara D\u00f6rrar - St\u00e5lram - B\u00e4rv\u00e4ska Inkluderad - M\u00f6rkgr\u00f6n - 2,49 x 1,2 x 1,2m - TRUUSK - Hem, Tr\u00e4dg\u00e5rd &amp; Fritid","isPartOf":{"@id":"https:\/\/truusk.store\/sv\/#website"},"primaryImageOfPage":{"@id":"https:\/\/truusk.store\/sv\/produkt\/truusk-skyddsnat-for-vaxter-2-upprullningsbara-dorrar-stalram-barvaska-inkluderad-morkgron-249-x-12-x-12m\/#primaryimage"},"image":{"@id":"https:\/\/truusk.store\/sv\/produkt\/truusk-skyddsnat-for-vaxter-2-upprullningsbara-dorrar-stalram-barvaska-inkluderad-morkgron-249-x-12-x-12m\/#primaryimage"},"thumbnailUrl":"https:\/\/i0.wp.com\/truusk.store\/wp-content\/uploads\/2026\/01\/skyddsnat-for-vaxter-2-upprullningsbara-dorrar-stalram-inkl-barvaska-morkgron-249-x-12-x-12m-1.webp?fit=2000%2C2000&ssl=1","datePublished":"2026-01-28T11:18:02+00:00","dateModified":"2026-03-12T08:20:29+00:00","breadcrumb":{"@id":"https:\/\/truusk.store\/sv\/produkt\/truusk-skyddsnat-for-vaxter-2-upprullningsbara-dorrar-stalram-barvaska-inkluderad-morkgron-249-x-12-x-12m\/#breadcrumb"},"inLanguage":"sv-SE","potentialAction":[{"@type":"ReadAction","target":["https:\/\/truusk.store\/sv\/produkt\/truusk-skyddsnat-for-vaxter-2-upprullningsbara-dorrar-stalram-barvaska-inkluderad-morkgron-249-x-12-x-12m\/"]}]},{"@type":"ImageObject","inLanguage":"sv-SE","@id":"https:\/\/truusk.store\/sv\/produkt\/truusk-skyddsnat-for-vaxter-2-upprullningsbara-dorrar-stalram-barvaska-inkluderad-morkgron-249-x-12-x-12m\/#primaryimage","url":"https:\/\/i0.wp.com\/truusk.store\/wp-content\/uploads\/2026\/01\/skyddsnat-for-vaxter-2-upprullningsbara-dorrar-stalram-inkl-barvaska-morkgron-249-x-12-x-12m-1.webp?fit=2000%2C2000&ssl=1","contentUrl":"https:\/\/i0.wp.com\/truusk.store\/wp-content\/uploads\/2026\/01\/skyddsnat-for-vaxter-2-upprullningsbara-dorrar-stalram-inkl-barvaska-morkgron-249-x-12-x-12m-1.webp?fit=2000%2C2000&ssl=1","width":2000,"height":2000},{"@type":"BreadcrumbList","@id":"https:\/\/truusk.store\/sv\/produkt\/truusk-skyddsnat-for-vaxter-2-upprullningsbara-dorrar-stalram-barvaska-inkluderad-morkgron-249-x-12-x-12m\/#breadcrumb","itemListElement":[{"@type":"ListItem","position":1,"name":"Home","item":"https:\/\/truusk.store\/sv\/"},{"@type":"ListItem","position":2,"name":"Shop","item":"https:\/\/truusk.store\/shop\/"},{"@type":"ListItem","position":3,"name":"TRUUSK Skyddsn\u00e4t f\u00f6r V\u00e4xter &#8211; 2 Upprullningsbara D\u00f6rrar &#8211; St\u00e5lram &#8211; B\u00e4rv\u00e4ska Inkluderad &#8211; M\u00f6rkgr\u00f6n &#8211; 2,49 x 1,2 x 1,2m"}]},{"@type":"WebSite","@id":"https:\/\/truusk.store\/sv\/#website","url":"https:\/\/truusk.store\/sv\/","name":"TRUUSK - Hem, Tr\u00e4dg\u00e5rd & Fritid","description":"","publisher":{"@id":"https:\/\/truusk.store\/sv\/#organization"},"potentialAction":[{"@type":"SearchAction","target":{"@type":"EntryPoint","urlTemplate":"https:\/\/truusk.store\/sv\/?s={search_term_string}"},"query-input":{"@type":"PropertyValueSpecification","valueRequired":true,"valueName":"search_term_string"}}],"inLanguage":"sv-SE"},{"@type":"Organization","@id":"https:\/\/truusk.store\/sv\/#organization","name":"TRUUSK - Hem, Tr\u00e4dg\u00e5rd & Fritid","url":"https:\/\/truusk.store\/sv\/","logo":{"@type":"ImageObject","inLanguage":"sv-SE","@id":"https:\/\/truusk.store\/sv\/#\/schema\/logo\/image\/","url":"https:\/\/i0.wp.com\/truusk.store\/wp-content\/uploads\/2026\/03\/cropped-TRUUSK.png?fit=2032%2C917&ssl=1","contentUrl":"https:\/\/i0.wp.com\/truusk.store\/wp-content\/uploads\/2026\/03\/cropped-TRUUSK.png?fit=2032%2C917&ssl=1","width":2032,"height":917,"caption":"TRUUSK - Hem, Tr\u00e4dg\u00e5rd & Fritid"},"image":{"@id":"https:\/\/truusk.store\/sv\/#\/schema\/logo\/image\/"}}]}},"jetpack_sharing_enabled":true,"_links":{"self":[{"href":"https:\/\/truusk.store\/sv\/wp-json\/wp\/v2\/product\/103126","targetHints":{"allow":["GET"]}}],"collection":[{"href":"https:\/\/truusk.store\/sv\/wp-json\/wp\/v2\/product"}],"about":[{"href":"https:\/\/truusk.store\/sv\/wp-json\/wp\/v2\/types\/product"}],"wp:featuredmedia":[{"embeddable":true,"href":"https:\/\/truusk.store\/sv\/wp-json\/wp\/v2\/media\/103117"}],"wp:attachment":[{"href":"https:\/\/truusk.store\/sv\/wp-json\/wp\/v2\/media?parent=103126"}],"wp:term":[{"taxonomy":"product_brand","embeddable":true,"href":"https:\/\/truusk.store\/sv\/wp-json\/wp\/v2\/product_brand?post=103126"},{"taxonomy":"product_cat","embeddable":true,"href":"https:\/\/truusk.store\/sv\/wp-json\/wp\/v2\/product_cat?post=103126"},{"taxonomy":"product_tag","embeddable":true,"href":"https:\/\/truusk.store\/sv\/wp-json\/wp\/v2\/product_tag?post=103126"}],"curies":[{"name":"wp","href":"https:\/\/api.w.org\/{rel}","templated":true}]}}