{"id":103137,"date":"2026-01-28T12:28:47","date_gmt":"2026-01-28T11:28:47","guid":{"rendered":"https:\/\/truusk.store\/product\/rattan-solstol-s-formad-liggstol-med-rattanflatning-korgstol-med-stalram-brun\/"},"modified":"2026-03-12T08:39:16","modified_gmt":"2026-03-12T07:39:16","slug":"truusk-rattan-solstol-s-formad-liggstol-med-rattanflatning-stalram-brun","status":"publish","type":"product","link":"https:\/\/truusk.store\/sv\/produkt\/truusk-rattan-solstol-s-formad-liggstol-med-rattanflatning-stalram-brun\/","title":{"rendered":"TRUUSK Rattan-solstol &#8211; S-formad Liggstol med Rattanfl\u00e4tning &#8211; St\u00e5lram &#8211; Brun"},"content":{"rendered":"<p>Njut av f\u00f6rstklassig komfort p\u00e5 [BRAND NAME] sols\u00e4ng i polyrattan med dess sv\u00e4ngda &#8221;S&#8221;-form, som anpassar sig perfekt till din rygg. Det runda, plastv\u00e4vda rattandesignen p\u00e5 bastus\u00e4ngen kombinerar stil med h\u00e5llbarhet och andningsf\u00f6rm\u00e5ga, perfekt f\u00f6r alla utomhusmilj\u00f6er. Den robusta, pulverlackerade st\u00e5lramen p\u00e5 sols\u00e4ngen ger fast st\u00f6d och en s\u00e4ker, lyxig och avkopplande upplevelse vid varje anv\u00e4ndning.<\/p>\n<p>Beskrivning:<\/p>\n<ul>\n<li> Sols\u00e4ngens &#8217;S&#8217;-formade kontur anpassar sig till kroppsformen f\u00f6r bekv\u00e4mt st\u00f6d<\/li>\n<li> Runt plast-rattan-rep i fl\u00e4tad look, andningsbart och stilfullt<\/li>\n<li> St\u00e5lram med pulverlackerad yta f\u00f6r h\u00e5llbarhet<\/li>\n<li> Halkfria r\u00f6rkl\u00e4mmor p\u00e5 tr\u00e4dg\u00e5rdss\u00e4ngen \u00f6kar stabiliteten och skyddar dina golv<\/li>\n<li> Enkel montering kr\u00e4vs<\/li>\n<\/ul>\n<p> Tekniska data:<\/p>\n<ul>\n<li> F\u00e4rg: Naturtr\u00e4+Svart<\/li>\n<li> Material: St\u00e5l, PE-rattan<\/li>\n<li> Totala dimensioner: 176L x 58B x 82H cm<\/li>\n<li> Sitsstorlek: 58B x 130T cm<\/li>\n<li> Sitth\u00f6jd: (utan kudde) 32 cm<\/li>\n<li> Ryggstorlek: 58B x 70L cm<\/li>\n<li> B\u00e4rkapacitet: 120 kg<\/li>\n<\/ul>\n<p>Leveransinneh\u00e5ll:<\/p>\n<ul>\n<li> 1 x Rattan sols\u00e4ng<\/li>\n<li> 1 x Bruksanvisning<\/li>\n<\/ul>\n","protected":false},"excerpt":{"rendered":"<p>Njut av f\u00f6rstklassig komfort p\u00e5 [BRAND NAME] sols\u00e4ng i polyrattan med dess sv\u00e4ngda &#8221;S&#8221;-form, som anpassar sig perfekt till din&#8230;<\/p>\n","protected":false},"featured_media":103127,"template":"","meta":[],"product_brand":[],"product_cat":[451,858,450],"product_tag":[],"class_list":{"0":"post-103137","1":"product","2":"type-product","3":"status-publish","4":"has-post-thumbnail","6":"product_cat-solstolar","7":"product_cat-tradgard-terrass","8":"product_cat-tradgardsmobler","10":"first","11":"instock","12":"sale","13":"taxable","14":"shipping-taxable","15":"purchasable","16":"product-type-simple"},"yoast_head":"<!-- This site is optimized with the Yoast SEO plugin v25.4 - https:\/\/yoast.com\/wordpress\/plugins\/seo\/ -->\n<title>TRUUSK Rattan-solstol - S-formad Liggstol med Rattanfl\u00e4tning - St\u00e5lram - Brun - TRUUSK - Hem, Tr\u00e4dg\u00e5rd &amp; Fritid<\/title>\n<meta name=\"robots\" content=\"index, follow, max-snippet:-1, max-image-preview:large, max-video-preview:-1\" \/>\n<link rel=\"canonical\" href=\"https:\/\/truusk.store\/sv\/produkt\/truusk-rattan-solstol-s-formad-liggstol-med-rattanflatning-stalram-brun\/\" \/>\n<meta property=\"og:locale\" content=\"sv_SE\" \/>\n<meta property=\"og:type\" content=\"article\" \/>\n<meta property=\"og:title\" content=\"TRUUSK Rattan-solstol - S-formad Liggstol med Rattanfl\u00e4tning - St\u00e5lram - Brun - TRUUSK - Hem, Tr\u00e4dg\u00e5rd &amp; Fritid\" \/>\n<meta property=\"og:description\" content=\"Njut av f\u00f6rstklassig komfort p\u00e5 [BRAND NAME] sols\u00e4ng i polyrattan med dess sv\u00e4ngda &#8221;S&#8221;-form, som anpassar sig perfekt till din...\" \/>\n<meta property=\"og:url\" content=\"https:\/\/truusk.store\/sv\/produkt\/truusk-rattan-solstol-s-formad-liggstol-med-rattanflatning-stalram-brun\/\" \/>\n<meta property=\"og:site_name\" content=\"TRUUSK - Hem, Tr\u00e4dg\u00e5rd &amp; Fritid\" \/>\n<meta property=\"article:modified_time\" content=\"2026-03-12T07:39:16+00:00\" \/>\n<meta property=\"og:image\" content=\"https:\/\/i0.wp.com\/truusk.se\/wp-content\/uploads\/2026\/01\/rattan-solstol-s-formad-liggstol-med-rattanflatning-korgstol-med-stalram-brun-1.webp?fit=2000%2C2000&ssl=1\" \/>\n\t<meta property=\"og:image:width\" content=\"2000\" \/>\n\t<meta property=\"og:image:height\" content=\"2000\" \/>\n\t<meta property=\"og:image:type\" content=\"image\/webp\" \/>\n<meta name=\"twitter:card\" content=\"summary_large_image\" \/>\n<meta name=\"twitter:label1\" content=\"Ber\u00e4knad l\u00e4stid\" \/>\n\t<meta name=\"twitter:data1\" content=\"1 minut\" \/>\n<!-- \/ Yoast SEO plugin. -->","yoast_head_json":{"title":"TRUUSK Rattan-solstol - S-formad Liggstol med Rattanfl\u00e4tning - St\u00e5lram - Brun - TRUUSK - Hem, Tr\u00e4dg\u00e5rd &amp; Fritid","robots":{"index":"index","follow":"follow","max-snippet":"max-snippet:-1","max-image-preview":"max-image-preview:large","max-video-preview":"max-video-preview:-1"},"canonical":"https:\/\/truusk.store\/sv\/produkt\/truusk-rattan-solstol-s-formad-liggstol-med-rattanflatning-stalram-brun\/","og_locale":"sv_SE","og_type":"article","og_title":"TRUUSK Rattan-solstol - S-formad Liggstol med Rattanfl\u00e4tning - St\u00e5lram - Brun - TRUUSK - Hem, Tr\u00e4dg\u00e5rd &amp; Fritid","og_description":"Njut av f\u00f6rstklassig komfort p\u00e5 [BRAND NAME] sols\u00e4ng i polyrattan med dess sv\u00e4ngda &#8221;S&#8221;-form, som anpassar sig perfekt till din...","og_url":"https:\/\/truusk.store\/sv\/produkt\/truusk-rattan-solstol-s-formad-liggstol-med-rattanflatning-stalram-brun\/","og_site_name":"TRUUSK - Hem, Tr\u00e4dg\u00e5rd &amp; Fritid","article_modified_time":"2026-03-12T07:39:16+00:00","og_image":[{"width":2000,"height":2000,"url":"https:\/\/i0.wp.com\/truusk.se\/wp-content\/uploads\/2026\/01\/rattan-solstol-s-formad-liggstol-med-rattanflatning-korgstol-med-stalram-brun-1.webp?fit=2000%2C2000&ssl=1","type":"image\/webp"}],"twitter_card":"summary_large_image","twitter_misc":{"Ber\u00e4knad l\u00e4stid":"1 minut"},"schema":{"@context":"https:\/\/schema.org","@graph":[{"@type":"WebPage","@id":"https:\/\/truusk.store\/sv\/produkt\/truusk-rattan-solstol-s-formad-liggstol-med-rattanflatning-stalram-brun\/","url":"https:\/\/truusk.store\/sv\/produkt\/truusk-rattan-solstol-s-formad-liggstol-med-rattanflatning-stalram-brun\/","name":"TRUUSK Rattan-solstol - S-formad Liggstol med Rattanfl\u00e4tning - St\u00e5lram - Brun - TRUUSK - Hem, Tr\u00e4dg\u00e5rd &amp; Fritid","isPartOf":{"@id":"https:\/\/truusk.store\/sv\/#website"},"primaryImageOfPage":{"@id":"https:\/\/truusk.store\/sv\/produkt\/truusk-rattan-solstol-s-formad-liggstol-med-rattanflatning-stalram-brun\/#primaryimage"},"image":{"@id":"https:\/\/truusk.store\/sv\/produkt\/truusk-rattan-solstol-s-formad-liggstol-med-rattanflatning-stalram-brun\/#primaryimage"},"thumbnailUrl":"https:\/\/i0.wp.com\/truusk.store\/wp-content\/uploads\/2026\/01\/rattan-solstol-s-formad-liggstol-med-rattanflatning-korgstol-med-stalram-brun-1.webp?fit=2000%2C2000&ssl=1","datePublished":"2026-01-28T11:28:47+00:00","dateModified":"2026-03-12T07:39:16+00:00","breadcrumb":{"@id":"https:\/\/truusk.store\/sv\/produkt\/truusk-rattan-solstol-s-formad-liggstol-med-rattanflatning-stalram-brun\/#breadcrumb"},"inLanguage":"sv-SE","potentialAction":[{"@type":"ReadAction","target":["https:\/\/truusk.store\/sv\/produkt\/truusk-rattan-solstol-s-formad-liggstol-med-rattanflatning-stalram-brun\/"]}]},{"@type":"ImageObject","inLanguage":"sv-SE","@id":"https:\/\/truusk.store\/sv\/produkt\/truusk-rattan-solstol-s-formad-liggstol-med-rattanflatning-stalram-brun\/#primaryimage","url":"https:\/\/i0.wp.com\/truusk.store\/wp-content\/uploads\/2026\/01\/rattan-solstol-s-formad-liggstol-med-rattanflatning-korgstol-med-stalram-brun-1.webp?fit=2000%2C2000&ssl=1","contentUrl":"https:\/\/i0.wp.com\/truusk.store\/wp-content\/uploads\/2026\/01\/rattan-solstol-s-formad-liggstol-med-rattanflatning-korgstol-med-stalram-brun-1.webp?fit=2000%2C2000&ssl=1","width":2000,"height":2000},{"@type":"BreadcrumbList","@id":"https:\/\/truusk.store\/sv\/produkt\/truusk-rattan-solstol-s-formad-liggstol-med-rattanflatning-stalram-brun\/#breadcrumb","itemListElement":[{"@type":"ListItem","position":1,"name":"Home","item":"https:\/\/truusk.store\/sv\/"},{"@type":"ListItem","position":2,"name":"Shop","item":"https:\/\/truusk.store\/shop\/"},{"@type":"ListItem","position":3,"name":"TRUUSK Rattan-solstol &#8211; S-formad Liggstol med Rattanfl\u00e4tning &#8211; St\u00e5lram &#8211; Brun"}]},{"@type":"WebSite","@id":"https:\/\/truusk.store\/sv\/#website","url":"https:\/\/truusk.store\/sv\/","name":"TRUUSK - Hem, Tr\u00e4dg\u00e5rd & Fritid","description":"","publisher":{"@id":"https:\/\/truusk.store\/sv\/#organization"},"potentialAction":[{"@type":"SearchAction","target":{"@type":"EntryPoint","urlTemplate":"https:\/\/truusk.store\/sv\/?s={search_term_string}"},"query-input":{"@type":"PropertyValueSpecification","valueRequired":true,"valueName":"search_term_string"}}],"inLanguage":"sv-SE"},{"@type":"Organization","@id":"https:\/\/truusk.store\/sv\/#organization","name":"TRUUSK - Hem, Tr\u00e4dg\u00e5rd & Fritid","url":"https:\/\/truusk.store\/sv\/","logo":{"@type":"ImageObject","inLanguage":"sv-SE","@id":"https:\/\/truusk.store\/sv\/#\/schema\/logo\/image\/","url":"https:\/\/i0.wp.com\/truusk.store\/wp-content\/uploads\/2026\/03\/cropped-TRUUSK.png?fit=2032%2C917&ssl=1","contentUrl":"https:\/\/i0.wp.com\/truusk.store\/wp-content\/uploads\/2026\/03\/cropped-TRUUSK.png?fit=2032%2C917&ssl=1","width":2032,"height":917,"caption":"TRUUSK - Hem, Tr\u00e4dg\u00e5rd & Fritid"},"image":{"@id":"https:\/\/truusk.store\/sv\/#\/schema\/logo\/image\/"}}]}},"jetpack_sharing_enabled":true,"_links":{"self":[{"href":"https:\/\/truusk.store\/sv\/wp-json\/wp\/v2\/product\/103137","targetHints":{"allow":["GET"]}}],"collection":[{"href":"https:\/\/truusk.store\/sv\/wp-json\/wp\/v2\/product"}],"about":[{"href":"https:\/\/truusk.store\/sv\/wp-json\/wp\/v2\/types\/product"}],"wp:featuredmedia":[{"embeddable":true,"href":"https:\/\/truusk.store\/sv\/wp-json\/wp\/v2\/media\/103127"}],"wp:attachment":[{"href":"https:\/\/truusk.store\/sv\/wp-json\/wp\/v2\/media?parent=103137"}],"wp:term":[{"taxonomy":"product_brand","embeddable":true,"href":"https:\/\/truusk.store\/sv\/wp-json\/wp\/v2\/product_brand?post=103137"},{"taxonomy":"product_cat","embeddable":true,"href":"https:\/\/truusk.store\/sv\/wp-json\/wp\/v2\/product_cat?post=103137"},{"taxonomy":"product_tag","embeddable":true,"href":"https:\/\/truusk.store\/sv\/wp-json\/wp\/v2\/product_tag?post=103137"}],"curies":[{"name":"wp","href":"https:\/\/api.w.org\/{rel}","templated":true}]}}