{"id":103177,"date":"2026-01-28T12:42:25","date_gmt":"2026-01-28T11:42:25","guid":{"rendered":"https:\/\/truusk.store\/product\/vaxthus-med-dragkedjefonster-vinterbestandigt-vaxthus-i-stal-180-x-90-x-90-cm-transparent\/"},"modified":"2026-03-12T08:51:12","modified_gmt":"2026-03-12T07:51:12","slug":"truusk-vaxthus-med-dragkedjefonster-vinterbestandigt-stalkonstruktion-180x90x90-cm-transparent","status":"publish","type":"product","link":"https:\/\/truusk.store\/sv\/produkt\/truusk-vaxthus-med-dragkedjefonster-vinterbestandigt-stalkonstruktion-180x90x90-cm-transparent\/","title":{"rendered":"TRUUSK V\u00e4xthus med Dragkedjef\u00f6nster &#8211; Vinterbest\u00e4ndigt &#8211; St\u00e5lkonstruktion &#8211; 180x90x90 cm &#8211; Transparent"},"content":{"rendered":"<p>Odla och sk\u00f6t om v\u00e4xter och gr\u00f6nsaker var som helst med detta b\u00e4rbara v\u00e4xthus fr\u00e5n [BRAND NAME]. Den kompakta ramen passar f\u00f6r sm\u00e5 omr\u00e5den. UV-resistent t\u00e4ckning skyddar mot v\u00e4der, m\u00f6jligg\u00f6r tillv\u00e4xt. Tv\u00e5 d\u00f6rrar erbjuder enkel tillg\u00e5ng.<\/p>\n<p>Beskrivning:<\/p>\n<ul>\n<li> L\u00e5gt och brett b\u00e4rbart design, idealiskt f\u00f6r sm\u00e5 utrymmen och enkel omplacering<\/li>\n<li> Pulverlackerad st\u00e5lram med fem tv\u00e4rstag och plastkopplingar ger l\u00e5ngvarig stabilitet och h\u00e5llbarhet<\/li>\n<li> Plastgallert\u00e4ckning f\u00f6r skydd mot l\u00e4tt vind och regn, medan solljus och luft kan tr\u00e4nga igenom f\u00f6r tillv\u00e4xt<\/li>\n<li> Tv\u00e5 upprullningsbara d\u00f6rrar med dragkedja f\u00f6r enkel tillg\u00e5ng<\/li>\n<li> Montering kr\u00e4vs<\/li>\n<\/ul>\n<p> Tekniska data:<\/p>\n<ul>\n<li> F\u00e4rg: Transparent<\/li>\n<li> Material: St\u00e5l, PVC<\/li>\n<li> Totala dimensioner: 180L x 90B x 90H cm<\/li>\n<li> F\u00f6nsterstorlek: 117L x 69B cm<\/li>\n<li> St\u00e5ldiameter: \u00d816 mm<\/li>\n<li> Vindmotst\u00e5ndsniv\u00e5: 4<\/li>\n<li> PE-t\u00e4ckning: 140 g\/m\u00b2<\/li>\n<li> Obs: Inte l\u00e4mplig f\u00f6r d\u00e5liga v\u00e4derf\u00f6rh\u00e5llanden<\/li>\n<\/ul>\n<p>Leverans inneh\u00e5ller:<\/p>\n<ul>\n<li> 1 x V\u00e4xthus<\/li>\n<li> 1 x Instruktioner<\/li>\n<\/ul>\n","protected":false},"excerpt":{"rendered":"<p>Odla och sk\u00f6t om v\u00e4xter och gr\u00f6nsaker var som helst med detta b\u00e4rbara v\u00e4xthus fr\u00e5n [BRAND NAME]. Den kompakta ramen&#8230;<\/p>\n","protected":false},"featured_media":103167,"template":"","meta":[],"product_brand":[],"product_cat":[903,858,443],"product_tag":[],"class_list":{"0":"post-103177","1":"product","2":"type-product","3":"status-publish","4":"has-post-thumbnail","6":"product_cat-plastvaxthus","7":"product_cat-tradgard-terrass","8":"product_cat-vaxthus-tradgardsskotsel","10":"first","11":"instock","12":"sale","13":"taxable","14":"shipping-taxable","15":"purchasable","16":"product-type-simple"},"yoast_head":"<!-- This site is optimized with the Yoast SEO plugin v25.4 - https:\/\/yoast.com\/wordpress\/plugins\/seo\/ -->\n<title>TRUUSK V\u00e4xthus med Dragkedjef\u00f6nster - Vinterbest\u00e4ndigt - St\u00e5lkonstruktion - 180x90x90 cm - Transparent - TRUUSK - Hem, Tr\u00e4dg\u00e5rd &amp; Fritid<\/title>\n<meta name=\"robots\" content=\"index, follow, max-snippet:-1, max-image-preview:large, max-video-preview:-1\" \/>\n<link rel=\"canonical\" href=\"https:\/\/truusk.store\/sv\/produkt\/truusk-vaxthus-med-dragkedjefonster-vinterbestandigt-stalkonstruktion-180x90x90-cm-transparent\/\" \/>\n<meta property=\"og:locale\" content=\"sv_SE\" \/>\n<meta property=\"og:type\" content=\"article\" \/>\n<meta property=\"og:title\" content=\"TRUUSK V\u00e4xthus med Dragkedjef\u00f6nster - Vinterbest\u00e4ndigt - St\u00e5lkonstruktion - 180x90x90 cm - Transparent - TRUUSK - Hem, Tr\u00e4dg\u00e5rd &amp; Fritid\" \/>\n<meta property=\"og:description\" content=\"Odla och sk\u00f6t om v\u00e4xter och gr\u00f6nsaker var som helst med detta b\u00e4rbara v\u00e4xthus fr\u00e5n [BRAND NAME]. Den kompakta ramen...\" \/>\n<meta property=\"og:url\" content=\"https:\/\/truusk.store\/sv\/produkt\/truusk-vaxthus-med-dragkedjefonster-vinterbestandigt-stalkonstruktion-180x90x90-cm-transparent\/\" \/>\n<meta property=\"og:site_name\" content=\"TRUUSK - Hem, Tr\u00e4dg\u00e5rd &amp; Fritid\" \/>\n<meta property=\"article:modified_time\" content=\"2026-03-12T07:51:12+00:00\" \/>\n<meta property=\"og:image\" content=\"https:\/\/i0.wp.com\/truusk.se\/wp-content\/uploads\/2026\/01\/vaxthus-med-dragkedjefonster-vinterbestandigt-vaxthus-i-stal-180-x-90-x-90-cm-transparent-1.webp?fit=2000%2C2000&ssl=1\" \/>\n\t<meta property=\"og:image:width\" content=\"2000\" \/>\n\t<meta property=\"og:image:height\" content=\"2000\" \/>\n\t<meta property=\"og:image:type\" content=\"image\/webp\" \/>\n<meta name=\"twitter:card\" content=\"summary_large_image\" \/>\n<meta name=\"twitter:label1\" content=\"Ber\u00e4knad l\u00e4stid\" \/>\n\t<meta name=\"twitter:data1\" content=\"1 minut\" \/>\n<!-- \/ Yoast SEO plugin. -->","yoast_head_json":{"title":"TRUUSK V\u00e4xthus med Dragkedjef\u00f6nster - Vinterbest\u00e4ndigt - St\u00e5lkonstruktion - 180x90x90 cm - Transparent - TRUUSK - Hem, Tr\u00e4dg\u00e5rd &amp; Fritid","robots":{"index":"index","follow":"follow","max-snippet":"max-snippet:-1","max-image-preview":"max-image-preview:large","max-video-preview":"max-video-preview:-1"},"canonical":"https:\/\/truusk.store\/sv\/produkt\/truusk-vaxthus-med-dragkedjefonster-vinterbestandigt-stalkonstruktion-180x90x90-cm-transparent\/","og_locale":"sv_SE","og_type":"article","og_title":"TRUUSK V\u00e4xthus med Dragkedjef\u00f6nster - Vinterbest\u00e4ndigt - St\u00e5lkonstruktion - 180x90x90 cm - Transparent - TRUUSK - Hem, Tr\u00e4dg\u00e5rd &amp; Fritid","og_description":"Odla och sk\u00f6t om v\u00e4xter och gr\u00f6nsaker var som helst med detta b\u00e4rbara v\u00e4xthus fr\u00e5n [BRAND NAME]. Den kompakta ramen...","og_url":"https:\/\/truusk.store\/sv\/produkt\/truusk-vaxthus-med-dragkedjefonster-vinterbestandigt-stalkonstruktion-180x90x90-cm-transparent\/","og_site_name":"TRUUSK - Hem, Tr\u00e4dg\u00e5rd &amp; Fritid","article_modified_time":"2026-03-12T07:51:12+00:00","og_image":[{"width":2000,"height":2000,"url":"https:\/\/i0.wp.com\/truusk.se\/wp-content\/uploads\/2026\/01\/vaxthus-med-dragkedjefonster-vinterbestandigt-vaxthus-i-stal-180-x-90-x-90-cm-transparent-1.webp?fit=2000%2C2000&ssl=1","type":"image\/webp"}],"twitter_card":"summary_large_image","twitter_misc":{"Ber\u00e4knad l\u00e4stid":"1 minut"},"schema":{"@context":"https:\/\/schema.org","@graph":[{"@type":"WebPage","@id":"https:\/\/truusk.store\/sv\/produkt\/truusk-vaxthus-med-dragkedjefonster-vinterbestandigt-stalkonstruktion-180x90x90-cm-transparent\/","url":"https:\/\/truusk.store\/sv\/produkt\/truusk-vaxthus-med-dragkedjefonster-vinterbestandigt-stalkonstruktion-180x90x90-cm-transparent\/","name":"TRUUSK V\u00e4xthus med Dragkedjef\u00f6nster - Vinterbest\u00e4ndigt - St\u00e5lkonstruktion - 180x90x90 cm - Transparent - TRUUSK - Hem, Tr\u00e4dg\u00e5rd &amp; Fritid","isPartOf":{"@id":"https:\/\/truusk.store\/sv\/#website"},"primaryImageOfPage":{"@id":"https:\/\/truusk.store\/sv\/produkt\/truusk-vaxthus-med-dragkedjefonster-vinterbestandigt-stalkonstruktion-180x90x90-cm-transparent\/#primaryimage"},"image":{"@id":"https:\/\/truusk.store\/sv\/produkt\/truusk-vaxthus-med-dragkedjefonster-vinterbestandigt-stalkonstruktion-180x90x90-cm-transparent\/#primaryimage"},"thumbnailUrl":"https:\/\/i0.wp.com\/truusk.store\/wp-content\/uploads\/2026\/01\/vaxthus-med-dragkedjefonster-vinterbestandigt-vaxthus-i-stal-180-x-90-x-90-cm-transparent-1.webp?fit=2000%2C2000&ssl=1","datePublished":"2026-01-28T11:42:25+00:00","dateModified":"2026-03-12T07:51:12+00:00","breadcrumb":{"@id":"https:\/\/truusk.store\/sv\/produkt\/truusk-vaxthus-med-dragkedjefonster-vinterbestandigt-stalkonstruktion-180x90x90-cm-transparent\/#breadcrumb"},"inLanguage":"sv-SE","potentialAction":[{"@type":"ReadAction","target":["https:\/\/truusk.store\/sv\/produkt\/truusk-vaxthus-med-dragkedjefonster-vinterbestandigt-stalkonstruktion-180x90x90-cm-transparent\/"]}]},{"@type":"ImageObject","inLanguage":"sv-SE","@id":"https:\/\/truusk.store\/sv\/produkt\/truusk-vaxthus-med-dragkedjefonster-vinterbestandigt-stalkonstruktion-180x90x90-cm-transparent\/#primaryimage","url":"https:\/\/i0.wp.com\/truusk.store\/wp-content\/uploads\/2026\/01\/vaxthus-med-dragkedjefonster-vinterbestandigt-vaxthus-i-stal-180-x-90-x-90-cm-transparent-1.webp?fit=2000%2C2000&ssl=1","contentUrl":"https:\/\/i0.wp.com\/truusk.store\/wp-content\/uploads\/2026\/01\/vaxthus-med-dragkedjefonster-vinterbestandigt-vaxthus-i-stal-180-x-90-x-90-cm-transparent-1.webp?fit=2000%2C2000&ssl=1","width":2000,"height":2000},{"@type":"BreadcrumbList","@id":"https:\/\/truusk.store\/sv\/produkt\/truusk-vaxthus-med-dragkedjefonster-vinterbestandigt-stalkonstruktion-180x90x90-cm-transparent\/#breadcrumb","itemListElement":[{"@type":"ListItem","position":1,"name":"Home","item":"https:\/\/truusk.store\/sv\/"},{"@type":"ListItem","position":2,"name":"Shop","item":"https:\/\/truusk.store\/shop\/"},{"@type":"ListItem","position":3,"name":"TRUUSK V\u00e4xthus med Dragkedjef\u00f6nster &#8211; Vinterbest\u00e4ndigt &#8211; St\u00e5lkonstruktion &#8211; 180x90x90 cm &#8211; Transparent"}]},{"@type":"WebSite","@id":"https:\/\/truusk.store\/sv\/#website","url":"https:\/\/truusk.store\/sv\/","name":"TRUUSK - Hem, Tr\u00e4dg\u00e5rd & Fritid","description":"","publisher":{"@id":"https:\/\/truusk.store\/sv\/#organization"},"potentialAction":[{"@type":"SearchAction","target":{"@type":"EntryPoint","urlTemplate":"https:\/\/truusk.store\/sv\/?s={search_term_string}"},"query-input":{"@type":"PropertyValueSpecification","valueRequired":true,"valueName":"search_term_string"}}],"inLanguage":"sv-SE"},{"@type":"Organization","@id":"https:\/\/truusk.store\/sv\/#organization","name":"TRUUSK - Hem, Tr\u00e4dg\u00e5rd & Fritid","url":"https:\/\/truusk.store\/sv\/","logo":{"@type":"ImageObject","inLanguage":"sv-SE","@id":"https:\/\/truusk.store\/sv\/#\/schema\/logo\/image\/","url":"https:\/\/i0.wp.com\/truusk.store\/wp-content\/uploads\/2026\/03\/cropped-TRUUSK.png?fit=2032%2C917&ssl=1","contentUrl":"https:\/\/i0.wp.com\/truusk.store\/wp-content\/uploads\/2026\/03\/cropped-TRUUSK.png?fit=2032%2C917&ssl=1","width":2032,"height":917,"caption":"TRUUSK - Hem, Tr\u00e4dg\u00e5rd & Fritid"},"image":{"@id":"https:\/\/truusk.store\/sv\/#\/schema\/logo\/image\/"}}]}},"jetpack_sharing_enabled":true,"_links":{"self":[{"href":"https:\/\/truusk.store\/sv\/wp-json\/wp\/v2\/product\/103177","targetHints":{"allow":["GET"]}}],"collection":[{"href":"https:\/\/truusk.store\/sv\/wp-json\/wp\/v2\/product"}],"about":[{"href":"https:\/\/truusk.store\/sv\/wp-json\/wp\/v2\/types\/product"}],"wp:featuredmedia":[{"embeddable":true,"href":"https:\/\/truusk.store\/sv\/wp-json\/wp\/v2\/media\/103167"}],"wp:attachment":[{"href":"https:\/\/truusk.store\/sv\/wp-json\/wp\/v2\/media?parent=103177"}],"wp:term":[{"taxonomy":"product_brand","embeddable":true,"href":"https:\/\/truusk.store\/sv\/wp-json\/wp\/v2\/product_brand?post=103177"},{"taxonomy":"product_cat","embeddable":true,"href":"https:\/\/truusk.store\/sv\/wp-json\/wp\/v2\/product_cat?post=103177"},{"taxonomy":"product_tag","embeddable":true,"href":"https:\/\/truusk.store\/sv\/wp-json\/wp\/v2\/product_tag?post=103177"}],"curies":[{"name":"wp","href":"https:\/\/api.w.org\/{rel}","templated":true}]}}