{"id":103196,"date":"2026-01-28T20:29:50","date_gmt":"2026-01-28T19:29:50","guid":{"rendered":"https:\/\/truusk.store\/product\/utomhusbank-tradgardsbank-i-stal-utsagad-ryggstod-armstod-for-2-personer-bla\/"},"modified":"2026-03-12T09:47:04","modified_gmt":"2026-03-12T08:47:04","slug":"truusk-utomhusbank-i-stal-utsagad-ryggstod-armstod-for-2-personer-bla","status":"publish","type":"product","link":"https:\/\/truusk.store\/sv\/produkt\/truusk-utomhusbank-i-stal-utsagad-ryggstod-armstod-for-2-personer-bla\/","title":{"rendered":"TRUUSK Utomhusb\u00e4nk i St\u00e5l &#8211; Uts\u00e5gad Ryggst\u00f6d &#8211; Armst\u00f6d &#8211; F\u00f6r 2 Personer &#8211; Bl\u00e5"},"content":{"rendered":"<p>F\u00f6rvandla ditt utomhusomr\u00e5de med [BRAND NAME] 2-sits tr\u00e4dg\u00e5rdsb\u00e4nk. Dess v\u00e4derbest\u00e4ndiga ram och belagda ryggst\u00f6d garanterar l\u00e5ngvarig gl\u00e4dje, oavsett om det \u00e4r p\u00e5 terrassen, i parken eller vid poolen. Njut av det eleganta, uts\u00e5gade designen p\u00e5 parkb\u00e4nkens ryggst\u00f6d medan du slappnar av p\u00e5 den kurviga, bekv\u00e4ma sittytan. Perfekt parkb\u00e4nk f\u00f6r din veranda eller tr\u00e4dg\u00e5rd f\u00f6r att slappna av i solen eller njuta av en mysig kv\u00e4ll.<\/p>\n<p>Beskrivning:<\/p>\n<ul>\n<li> Tr\u00e4dg\u00e5rdsb\u00e4nk f\u00f6r tv\u00e5 personer berikar alla utomhusomr\u00e5den<\/li>\n<li> Pulverlackerad st\u00e5lram p\u00e5 parkb\u00e4nken \u00e4r v\u00e4derbest\u00e4ndig och underl\u00e4ttar reng\u00f6ring<\/li>\n<li> Ryggst\u00f6d med bel\u00e4ggning f\u00f6r \u00f6kad h\u00e5llbarhet<\/li>\n<li> Uts\u00e5gat ryggst\u00f6d f\u00f6rsk\u00f6nar varje tr\u00e4dg\u00e5rd<\/li>\n<li> Kurvad sittyta och armst\u00f6d p\u00e5 utomhusb\u00e4nken \u00f6kar komforten<\/li>\n<li> Montering kr\u00e4vs<\/li>\n<\/ul>\n<p> Tekniska specifikationer:<\/p>\n<ul>\n<li> F\u00e4rg: Bl\u00e5<\/li>\n<li> Material: St\u00e5l<\/li>\n<li> Totala dimensioner: 127L x 63B x 85H cm<\/li>\n<li> Sittstorlek: 122L x 41B cm<\/li>\n<li> Sitth\u00f6jd: 40 cm<\/li>\n<li> B\u00e4rkapacitet: 240 kg<\/li>\n<\/ul>\n<p>Leverans inneh\u00e5ller:<\/p>\n<ul>\n<li> 1 x Tr\u00e4dg\u00e5rdsb\u00e4nk<\/li>\n<li> 1 x Manual<\/li>\n<\/ul>\n","protected":false},"excerpt":{"rendered":"<p>F\u00f6rvandla ditt utomhusomr\u00e5de med [BRAND NAME] 2-sits tr\u00e4dg\u00e5rdsb\u00e4nk. Dess v\u00e4derbest\u00e4ndiga ram och belagda ryggst\u00f6d garanterar l\u00e5ngvarig gl\u00e4dje, oavsett om det&#8230;<\/p>\n","protected":false},"featured_media":103187,"template":"","meta":[],"product_brand":[],"product_cat":[858,454,450],"product_tag":[],"class_list":{"0":"post-103196","1":"product","2":"type-product","3":"status-publish","4":"has-post-thumbnail","6":"product_cat-tradgard-terrass","7":"product_cat-tradgardsbankar","8":"product_cat-tradgardsmobler","10":"first","11":"instock","12":"sale","13":"taxable","14":"shipping-taxable","15":"purchasable","16":"product-type-simple"},"yoast_head":"<!-- This site is optimized with the Yoast SEO plugin v25.4 - https:\/\/yoast.com\/wordpress\/plugins\/seo\/ -->\n<title>TRUUSK Utomhusb\u00e4nk i St\u00e5l - Uts\u00e5gad Ryggst\u00f6d - Armst\u00f6d - F\u00f6r 2 Personer - Bl\u00e5 - TRUUSK - Hem, Tr\u00e4dg\u00e5rd &amp; Fritid<\/title>\n<meta name=\"robots\" content=\"index, follow, max-snippet:-1, max-image-preview:large, max-video-preview:-1\" \/>\n<link rel=\"canonical\" href=\"https:\/\/truusk.store\/sv\/produkt\/truusk-utomhusbank-i-stal-utsagad-ryggstod-armstod-for-2-personer-bla\/\" \/>\n<meta property=\"og:locale\" content=\"sv_SE\" \/>\n<meta property=\"og:type\" content=\"article\" \/>\n<meta property=\"og:title\" content=\"TRUUSK Utomhusb\u00e4nk i St\u00e5l - Uts\u00e5gad Ryggst\u00f6d - Armst\u00f6d - F\u00f6r 2 Personer - Bl\u00e5 - TRUUSK - Hem, Tr\u00e4dg\u00e5rd &amp; Fritid\" \/>\n<meta property=\"og:description\" content=\"F\u00f6rvandla ditt utomhusomr\u00e5de med [BRAND NAME] 2-sits tr\u00e4dg\u00e5rdsb\u00e4nk. Dess v\u00e4derbest\u00e4ndiga ram och belagda ryggst\u00f6d garanterar l\u00e5ngvarig gl\u00e4dje, oavsett om det...\" \/>\n<meta property=\"og:url\" content=\"https:\/\/truusk.store\/sv\/produkt\/truusk-utomhusbank-i-stal-utsagad-ryggstod-armstod-for-2-personer-bla\/\" \/>\n<meta property=\"og:site_name\" content=\"TRUUSK - Hem, Tr\u00e4dg\u00e5rd &amp; Fritid\" \/>\n<meta property=\"article:modified_time\" content=\"2026-03-12T08:47:04+00:00\" \/>\n<meta property=\"og:image\" content=\"https:\/\/i0.wp.com\/truusk.se\/wp-content\/uploads\/2026\/01\/utomhusbank-tradgardsbank-i-stal-utsagad-ryggstod-armstod-for-2-personer-bla-1.webp?fit=2000%2C2000&ssl=1\" \/>\n\t<meta property=\"og:image:width\" content=\"2000\" \/>\n\t<meta property=\"og:image:height\" content=\"2000\" \/>\n\t<meta property=\"og:image:type\" content=\"image\/webp\" \/>\n<meta name=\"twitter:card\" content=\"summary_large_image\" \/>\n<meta name=\"twitter:label1\" content=\"Ber\u00e4knad l\u00e4stid\" \/>\n\t<meta name=\"twitter:data1\" content=\"1 minut\" \/>\n<!-- \/ Yoast SEO plugin. -->","yoast_head_json":{"title":"TRUUSK Utomhusb\u00e4nk i St\u00e5l - Uts\u00e5gad Ryggst\u00f6d - Armst\u00f6d - F\u00f6r 2 Personer - Bl\u00e5 - TRUUSK - Hem, Tr\u00e4dg\u00e5rd &amp; Fritid","robots":{"index":"index","follow":"follow","max-snippet":"max-snippet:-1","max-image-preview":"max-image-preview:large","max-video-preview":"max-video-preview:-1"},"canonical":"https:\/\/truusk.store\/sv\/produkt\/truusk-utomhusbank-i-stal-utsagad-ryggstod-armstod-for-2-personer-bla\/","og_locale":"sv_SE","og_type":"article","og_title":"TRUUSK Utomhusb\u00e4nk i St\u00e5l - Uts\u00e5gad Ryggst\u00f6d - Armst\u00f6d - F\u00f6r 2 Personer - Bl\u00e5 - TRUUSK - Hem, Tr\u00e4dg\u00e5rd &amp; Fritid","og_description":"F\u00f6rvandla ditt utomhusomr\u00e5de med [BRAND NAME] 2-sits tr\u00e4dg\u00e5rdsb\u00e4nk. Dess v\u00e4derbest\u00e4ndiga ram och belagda ryggst\u00f6d garanterar l\u00e5ngvarig gl\u00e4dje, oavsett om det...","og_url":"https:\/\/truusk.store\/sv\/produkt\/truusk-utomhusbank-i-stal-utsagad-ryggstod-armstod-for-2-personer-bla\/","og_site_name":"TRUUSK - Hem, Tr\u00e4dg\u00e5rd &amp; Fritid","article_modified_time":"2026-03-12T08:47:04+00:00","og_image":[{"width":2000,"height":2000,"url":"https:\/\/i0.wp.com\/truusk.se\/wp-content\/uploads\/2026\/01\/utomhusbank-tradgardsbank-i-stal-utsagad-ryggstod-armstod-for-2-personer-bla-1.webp?fit=2000%2C2000&ssl=1","type":"image\/webp"}],"twitter_card":"summary_large_image","twitter_misc":{"Ber\u00e4knad l\u00e4stid":"1 minut"},"schema":{"@context":"https:\/\/schema.org","@graph":[{"@type":"WebPage","@id":"https:\/\/truusk.store\/sv\/produkt\/truusk-utomhusbank-i-stal-utsagad-ryggstod-armstod-for-2-personer-bla\/","url":"https:\/\/truusk.store\/sv\/produkt\/truusk-utomhusbank-i-stal-utsagad-ryggstod-armstod-for-2-personer-bla\/","name":"TRUUSK Utomhusb\u00e4nk i St\u00e5l - Uts\u00e5gad Ryggst\u00f6d - Armst\u00f6d - F\u00f6r 2 Personer - Bl\u00e5 - TRUUSK - Hem, Tr\u00e4dg\u00e5rd &amp; Fritid","isPartOf":{"@id":"https:\/\/truusk.store\/sv\/#website"},"primaryImageOfPage":{"@id":"https:\/\/truusk.store\/sv\/produkt\/truusk-utomhusbank-i-stal-utsagad-ryggstod-armstod-for-2-personer-bla\/#primaryimage"},"image":{"@id":"https:\/\/truusk.store\/sv\/produkt\/truusk-utomhusbank-i-stal-utsagad-ryggstod-armstod-for-2-personer-bla\/#primaryimage"},"thumbnailUrl":"https:\/\/i0.wp.com\/truusk.store\/wp-content\/uploads\/2026\/01\/utomhusbank-tradgardsbank-i-stal-utsagad-ryggstod-armstod-for-2-personer-bla-1.webp?fit=2000%2C2000&ssl=1","datePublished":"2026-01-28T19:29:50+00:00","dateModified":"2026-03-12T08:47:04+00:00","breadcrumb":{"@id":"https:\/\/truusk.store\/sv\/produkt\/truusk-utomhusbank-i-stal-utsagad-ryggstod-armstod-for-2-personer-bla\/#breadcrumb"},"inLanguage":"sv-SE","potentialAction":[{"@type":"ReadAction","target":["https:\/\/truusk.store\/sv\/produkt\/truusk-utomhusbank-i-stal-utsagad-ryggstod-armstod-for-2-personer-bla\/"]}]},{"@type":"ImageObject","inLanguage":"sv-SE","@id":"https:\/\/truusk.store\/sv\/produkt\/truusk-utomhusbank-i-stal-utsagad-ryggstod-armstod-for-2-personer-bla\/#primaryimage","url":"https:\/\/i0.wp.com\/truusk.store\/wp-content\/uploads\/2026\/01\/utomhusbank-tradgardsbank-i-stal-utsagad-ryggstod-armstod-for-2-personer-bla-1.webp?fit=2000%2C2000&ssl=1","contentUrl":"https:\/\/i0.wp.com\/truusk.store\/wp-content\/uploads\/2026\/01\/utomhusbank-tradgardsbank-i-stal-utsagad-ryggstod-armstod-for-2-personer-bla-1.webp?fit=2000%2C2000&ssl=1","width":2000,"height":2000},{"@type":"BreadcrumbList","@id":"https:\/\/truusk.store\/sv\/produkt\/truusk-utomhusbank-i-stal-utsagad-ryggstod-armstod-for-2-personer-bla\/#breadcrumb","itemListElement":[{"@type":"ListItem","position":1,"name":"Home","item":"https:\/\/truusk.store\/sv\/"},{"@type":"ListItem","position":2,"name":"Shop","item":"https:\/\/truusk.store\/shop\/"},{"@type":"ListItem","position":3,"name":"TRUUSK Utomhusb\u00e4nk i St\u00e5l &#8211; Uts\u00e5gad Ryggst\u00f6d &#8211; Armst\u00f6d &#8211; F\u00f6r 2 Personer &#8211; Bl\u00e5"}]},{"@type":"WebSite","@id":"https:\/\/truusk.store\/sv\/#website","url":"https:\/\/truusk.store\/sv\/","name":"TRUUSK - Hem, Tr\u00e4dg\u00e5rd & Fritid","description":"","publisher":{"@id":"https:\/\/truusk.store\/sv\/#organization"},"potentialAction":[{"@type":"SearchAction","target":{"@type":"EntryPoint","urlTemplate":"https:\/\/truusk.store\/sv\/?s={search_term_string}"},"query-input":{"@type":"PropertyValueSpecification","valueRequired":true,"valueName":"search_term_string"}}],"inLanguage":"sv-SE"},{"@type":"Organization","@id":"https:\/\/truusk.store\/sv\/#organization","name":"TRUUSK - Hem, Tr\u00e4dg\u00e5rd & Fritid","url":"https:\/\/truusk.store\/sv\/","logo":{"@type":"ImageObject","inLanguage":"sv-SE","@id":"https:\/\/truusk.store\/sv\/#\/schema\/logo\/image\/","url":"https:\/\/i0.wp.com\/truusk.store\/wp-content\/uploads\/2026\/03\/cropped-TRUUSK.png?fit=2032%2C917&ssl=1","contentUrl":"https:\/\/i0.wp.com\/truusk.store\/wp-content\/uploads\/2026\/03\/cropped-TRUUSK.png?fit=2032%2C917&ssl=1","width":2032,"height":917,"caption":"TRUUSK - Hem, Tr\u00e4dg\u00e5rd & Fritid"},"image":{"@id":"https:\/\/truusk.store\/sv\/#\/schema\/logo\/image\/"}}]}},"jetpack_sharing_enabled":true,"_links":{"self":[{"href":"https:\/\/truusk.store\/sv\/wp-json\/wp\/v2\/product\/103196","targetHints":{"allow":["GET"]}}],"collection":[{"href":"https:\/\/truusk.store\/sv\/wp-json\/wp\/v2\/product"}],"about":[{"href":"https:\/\/truusk.store\/sv\/wp-json\/wp\/v2\/types\/product"}],"wp:featuredmedia":[{"embeddable":true,"href":"https:\/\/truusk.store\/sv\/wp-json\/wp\/v2\/media\/103187"}],"wp:attachment":[{"href":"https:\/\/truusk.store\/sv\/wp-json\/wp\/v2\/media?parent=103196"}],"wp:term":[{"taxonomy":"product_brand","embeddable":true,"href":"https:\/\/truusk.store\/sv\/wp-json\/wp\/v2\/product_brand?post=103196"},{"taxonomy":"product_cat","embeddable":true,"href":"https:\/\/truusk.store\/sv\/wp-json\/wp\/v2\/product_cat?post=103196"},{"taxonomy":"product_tag","embeddable":true,"href":"https:\/\/truusk.store\/sv\/wp-json\/wp\/v2\/product_tag?post=103196"}],"curies":[{"name":"wp","href":"https:\/\/api.w.org\/{rel}","templated":true}]}}