{"id":103206,"date":"2026-01-28T20:39:52","date_gmt":"2026-01-28T19:39:52","guid":{"rendered":"https:\/\/truusk.store\/product\/paviljong-3-x-3-m-vattentat-stabil-vinterbestandig-pop-up-vikpaviljong-uv-50-med-vaska-sandsackar\/"},"modified":"2026-03-12T08:52:52","modified_gmt":"2026-03-12T07:52:52","slug":"truusk-pop-up-paviljong-3x3m-vattentat-stabil-uv-50-skydd-vinterbestandig-inkl-vaska-sandsackar","status":"publish","type":"product","link":"https:\/\/truusk.store\/sv\/produkt\/truusk-pop-up-paviljong-3x3m-vattentat-stabil-uv-50-skydd-vinterbestandig-inkl-vaska-sandsackar\/","title":{"rendered":"TRUUSK Pop-up Paviljong 3x3m &#8211; Vattent\u00e4t &amp; Stabil &#8211; UV 50+ Skydd &#8211; Vinterbest\u00e4ndig &#8211; Inkl. V\u00e4ska &amp; Sands\u00e4ckar"},"content":{"rendered":"<p>Skapa en sval m\u00f6tesplats med 3 x 3 m [BRAND NAME] Pop Up Paviljong. 210D Oxford-tygtaket ger UPF50+ solskydd. Pulverlackerad ram, sp\u00e4nnlinor, t\u00e4ltspikar och sands\u00e4ckar ger stabilitet. Tack vare det centrala en-knappsl\u00e5set och ramhjulen skapas snabbt den perfekta atmosf\u00e4ren f\u00f6r tr\u00e4dg\u00e5rdsfester, picknick eller avslappnade m\u00f6ten.<\/p>\n<p>Beskrivning:<\/p>\n<ul>\n<li> F\u00e4llbara ramhjul g\u00f6r det snabbt och enkelt att flytta den hopf\u00e4llda ramen<\/li>\n<li> Har en pop-up-design med ett centralt en-knappsl\u00e5s f\u00f6r verktygsl\u00f6s montering p\u00e5 bara 30 minuter<\/li>\n<li> UPF50+ 210D Oxford-tyg med silverbel\u00e4ggning f\u00f6r utm\u00e4rkt solskydd<\/li>\n<li> \u00c5tta h\u00e5l f\u00f6rhindrar ansamling av regnvatten och minskar underh\u00e5llsbehovet<\/li>\n<li> \u00d6vre meshventilationsf\u00f6nster f\u00f6r b\u00e4ttre ventilation och v\u00e4rmeavledning av f\u00e4llpaviljongen<\/li>\n<li> Tre justerbara h\u00f6jdinst\u00e4llningar f\u00f6r flexibel anv\u00e4ndning p\u00e5 oj\u00e4mn mark<\/li>\n<li> Levereras med ett komplett stabilitetskit, inklusive linor, t\u00e4ltspikar och sands\u00e4ckar f\u00f6r s\u00e4ker f\u00f6rankring<\/li>\n<li> Kan f\u00e4llas ihop kompakt och passar i den medf\u00f6ljande b\u00e4rv\u00e4skan f\u00f6r snygg f\u00f6rvaring och skydd av din paviljong.<\/li>\n<\/ul>\n<p> Tekniska specifikationer:<\/p>\n<ul>\n<li> F\u00e4rg: Vit<\/li>\n<li> Material: Oxford-tyg, metall<\/li>\n<li> Totala dimensioner: 300L x 300B x 273H cm<\/li>\n<li> F\u00e4llda dimensioner: 118L x 18,5B x 18,5H cm<\/li>\n<li> Justerbart avst\u00e5nd: 10 cm<\/li>\n<li> Takfotsh\u00f6jd: 203 cm<\/li>\n<li> Balkh\u00f6jd: 193 cm<\/li>\n<li> Benavst\u00e5nd: 292L x 292B cm<\/li>\n<li> Fotplattans dimensioner: 8L x 8B cm<\/li>\n<li> Vindmotst\u00e5nd: Niv\u00e5 4-6 (med t\u00e4ltspikar och linor)<\/li>\n<li> Sn\u00f6belastning: 5 kg\/\u33a1<\/li>\n<\/ul>\n<p>Leverans inneh\u00e5ller:<\/p>\n<ul>\n<li> 1 x Pop-Up Paviljong<\/li>\n<li> 4 x Sands\u00e4ck<\/li>\n<li> 4 x Sp\u00e4nnlina<\/li>\n<li> 4 x Spiral t\u00e4ltspik<\/li>\n<li> 8 x Markspik<\/li>\n<li> 1 x B\u00e4r v\u00e4ska<\/li>\n<li> 1 x Bruksanvisning<\/li>\n<\/ul>\n","protected":false},"excerpt":{"rendered":"<p>Skapa en sval m\u00f6tesplats med 3 x 3 m [BRAND NAME] Pop Up Paviljong. 210D Oxford-tygtaket ger UPF50+ solskydd. Pulverlackerad&#8230;<\/p>\n","protected":false},"featured_media":103197,"template":"","meta":[],"product_brand":[],"product_cat":[477,858,476],"product_tag":[],"class_list":{"0":"post-103206","1":"product","2":"type-product","3":"status-publish","4":"has-post-thumbnail","6":"product_cat-paviljonger-partytalt","7":"product_cat-tradgard-terrass","8":"product_cat-tradgardspaviljonger","10":"first","11":"instock","12":"sale","13":"taxable","14":"shipping-taxable","15":"purchasable","16":"product-type-simple"},"yoast_head":"<!-- This site is optimized with the Yoast SEO plugin v25.4 - https:\/\/yoast.com\/wordpress\/plugins\/seo\/ -->\n<title>TRUUSK Pop-up Paviljong 3x3m - Vattent\u00e4t &amp; Stabil - UV 50+ Skydd - Vinterbest\u00e4ndig - Inkl. V\u00e4ska &amp; Sands\u00e4ckar - TRUUSK - Hem, Tr\u00e4dg\u00e5rd &amp; Fritid<\/title>\n<meta name=\"robots\" content=\"index, follow, max-snippet:-1, max-image-preview:large, max-video-preview:-1\" \/>\n<link rel=\"canonical\" href=\"https:\/\/truusk.store\/sv\/produkt\/truusk-pop-up-paviljong-3x3m-vattentat-stabil-uv-50-skydd-vinterbestandig-inkl-vaska-sandsackar\/\" \/>\n<meta property=\"og:locale\" content=\"sv_SE\" \/>\n<meta property=\"og:type\" content=\"article\" \/>\n<meta property=\"og:title\" content=\"TRUUSK Pop-up Paviljong 3x3m - Vattent\u00e4t &amp; Stabil - UV 50+ Skydd - Vinterbest\u00e4ndig - Inkl. V\u00e4ska &amp; Sands\u00e4ckar - TRUUSK - Hem, Tr\u00e4dg\u00e5rd &amp; Fritid\" \/>\n<meta property=\"og:description\" content=\"Skapa en sval m\u00f6tesplats med 3 x 3 m [BRAND NAME] Pop Up Paviljong. 210D Oxford-tygtaket ger UPF50+ solskydd. Pulverlackerad...\" \/>\n<meta property=\"og:url\" content=\"https:\/\/truusk.store\/sv\/produkt\/truusk-pop-up-paviljong-3x3m-vattentat-stabil-uv-50-skydd-vinterbestandig-inkl-vaska-sandsackar\/\" \/>\n<meta property=\"og:site_name\" content=\"TRUUSK - Hem, Tr\u00e4dg\u00e5rd &amp; Fritid\" \/>\n<meta property=\"article:modified_time\" content=\"2026-03-12T07:52:52+00:00\" \/>\n<meta property=\"og:image\" content=\"https:\/\/i0.wp.com\/truusk.se\/wp-content\/uploads\/2026\/01\/paviljong-3-x-3-m-vattentat-stabil-vinterbestandig-pop-up-vikpaviljong-uv-50-med-vaska-sandsackar-1.webp?fit=2000%2C2000&ssl=1\" \/>\n\t<meta property=\"og:image:width\" content=\"2000\" \/>\n\t<meta property=\"og:image:height\" content=\"2000\" \/>\n\t<meta property=\"og:image:type\" content=\"image\/webp\" \/>\n<meta name=\"twitter:card\" content=\"summary_large_image\" \/>\n<meta name=\"twitter:label1\" content=\"Ber\u00e4knad l\u00e4stid\" \/>\n\t<meta name=\"twitter:data1\" content=\"1 minut\" \/>\n<!-- \/ Yoast SEO plugin. -->","yoast_head_json":{"title":"TRUUSK Pop-up Paviljong 3x3m - Vattent\u00e4t &amp; Stabil - UV 50+ Skydd - Vinterbest\u00e4ndig - Inkl. V\u00e4ska &amp; Sands\u00e4ckar - TRUUSK - Hem, Tr\u00e4dg\u00e5rd &amp; Fritid","robots":{"index":"index","follow":"follow","max-snippet":"max-snippet:-1","max-image-preview":"max-image-preview:large","max-video-preview":"max-video-preview:-1"},"canonical":"https:\/\/truusk.store\/sv\/produkt\/truusk-pop-up-paviljong-3x3m-vattentat-stabil-uv-50-skydd-vinterbestandig-inkl-vaska-sandsackar\/","og_locale":"sv_SE","og_type":"article","og_title":"TRUUSK Pop-up Paviljong 3x3m - Vattent\u00e4t &amp; Stabil - UV 50+ Skydd - Vinterbest\u00e4ndig - Inkl. V\u00e4ska &amp; Sands\u00e4ckar - TRUUSK - Hem, Tr\u00e4dg\u00e5rd &amp; Fritid","og_description":"Skapa en sval m\u00f6tesplats med 3 x 3 m [BRAND NAME] Pop Up Paviljong. 210D Oxford-tygtaket ger UPF50+ solskydd. Pulverlackerad...","og_url":"https:\/\/truusk.store\/sv\/produkt\/truusk-pop-up-paviljong-3x3m-vattentat-stabil-uv-50-skydd-vinterbestandig-inkl-vaska-sandsackar\/","og_site_name":"TRUUSK - Hem, Tr\u00e4dg\u00e5rd &amp; Fritid","article_modified_time":"2026-03-12T07:52:52+00:00","og_image":[{"width":2000,"height":2000,"url":"https:\/\/i0.wp.com\/truusk.se\/wp-content\/uploads\/2026\/01\/paviljong-3-x-3-m-vattentat-stabil-vinterbestandig-pop-up-vikpaviljong-uv-50-med-vaska-sandsackar-1.webp?fit=2000%2C2000&ssl=1","type":"image\/webp"}],"twitter_card":"summary_large_image","twitter_misc":{"Ber\u00e4knad l\u00e4stid":"1 minut"},"schema":{"@context":"https:\/\/schema.org","@graph":[{"@type":"WebPage","@id":"https:\/\/truusk.store\/sv\/produkt\/truusk-pop-up-paviljong-3x3m-vattentat-stabil-uv-50-skydd-vinterbestandig-inkl-vaska-sandsackar\/","url":"https:\/\/truusk.store\/sv\/produkt\/truusk-pop-up-paviljong-3x3m-vattentat-stabil-uv-50-skydd-vinterbestandig-inkl-vaska-sandsackar\/","name":"TRUUSK Pop-up Paviljong 3x3m - Vattent\u00e4t &amp; Stabil - UV 50+ Skydd - Vinterbest\u00e4ndig - Inkl. V\u00e4ska &amp; Sands\u00e4ckar - TRUUSK - Hem, Tr\u00e4dg\u00e5rd &amp; Fritid","isPartOf":{"@id":"https:\/\/truusk.store\/sv\/#website"},"primaryImageOfPage":{"@id":"https:\/\/truusk.store\/sv\/produkt\/truusk-pop-up-paviljong-3x3m-vattentat-stabil-uv-50-skydd-vinterbestandig-inkl-vaska-sandsackar\/#primaryimage"},"image":{"@id":"https:\/\/truusk.store\/sv\/produkt\/truusk-pop-up-paviljong-3x3m-vattentat-stabil-uv-50-skydd-vinterbestandig-inkl-vaska-sandsackar\/#primaryimage"},"thumbnailUrl":"https:\/\/i0.wp.com\/truusk.store\/wp-content\/uploads\/2026\/01\/paviljong-3-x-3-m-vattentat-stabil-vinterbestandig-pop-up-vikpaviljong-uv-50-med-vaska-sandsackar-1.webp?fit=2000%2C2000&ssl=1","datePublished":"2026-01-28T19:39:52+00:00","dateModified":"2026-03-12T07:52:52+00:00","breadcrumb":{"@id":"https:\/\/truusk.store\/sv\/produkt\/truusk-pop-up-paviljong-3x3m-vattentat-stabil-uv-50-skydd-vinterbestandig-inkl-vaska-sandsackar\/#breadcrumb"},"inLanguage":"sv-SE","potentialAction":[{"@type":"ReadAction","target":["https:\/\/truusk.store\/sv\/produkt\/truusk-pop-up-paviljong-3x3m-vattentat-stabil-uv-50-skydd-vinterbestandig-inkl-vaska-sandsackar\/"]}]},{"@type":"ImageObject","inLanguage":"sv-SE","@id":"https:\/\/truusk.store\/sv\/produkt\/truusk-pop-up-paviljong-3x3m-vattentat-stabil-uv-50-skydd-vinterbestandig-inkl-vaska-sandsackar\/#primaryimage","url":"https:\/\/i0.wp.com\/truusk.store\/wp-content\/uploads\/2026\/01\/paviljong-3-x-3-m-vattentat-stabil-vinterbestandig-pop-up-vikpaviljong-uv-50-med-vaska-sandsackar-1.webp?fit=2000%2C2000&ssl=1","contentUrl":"https:\/\/i0.wp.com\/truusk.store\/wp-content\/uploads\/2026\/01\/paviljong-3-x-3-m-vattentat-stabil-vinterbestandig-pop-up-vikpaviljong-uv-50-med-vaska-sandsackar-1.webp?fit=2000%2C2000&ssl=1","width":2000,"height":2000},{"@type":"BreadcrumbList","@id":"https:\/\/truusk.store\/sv\/produkt\/truusk-pop-up-paviljong-3x3m-vattentat-stabil-uv-50-skydd-vinterbestandig-inkl-vaska-sandsackar\/#breadcrumb","itemListElement":[{"@type":"ListItem","position":1,"name":"Home","item":"https:\/\/truusk.store\/sv\/"},{"@type":"ListItem","position":2,"name":"Shop","item":"https:\/\/truusk.store\/shop\/"},{"@type":"ListItem","position":3,"name":"TRUUSK Pop-up Paviljong 3x3m &#8211; Vattent\u00e4t &amp; Stabil &#8211; UV 50+ Skydd &#8211; Vinterbest\u00e4ndig &#8211; Inkl. V\u00e4ska &amp; Sands\u00e4ckar"}]},{"@type":"WebSite","@id":"https:\/\/truusk.store\/sv\/#website","url":"https:\/\/truusk.store\/sv\/","name":"TRUUSK - Hem, Tr\u00e4dg\u00e5rd & Fritid","description":"","publisher":{"@id":"https:\/\/truusk.store\/sv\/#organization"},"potentialAction":[{"@type":"SearchAction","target":{"@type":"EntryPoint","urlTemplate":"https:\/\/truusk.store\/sv\/?s={search_term_string}"},"query-input":{"@type":"PropertyValueSpecification","valueRequired":true,"valueName":"search_term_string"}}],"inLanguage":"sv-SE"},{"@type":"Organization","@id":"https:\/\/truusk.store\/sv\/#organization","name":"TRUUSK - Hem, Tr\u00e4dg\u00e5rd & Fritid","url":"https:\/\/truusk.store\/sv\/","logo":{"@type":"ImageObject","inLanguage":"sv-SE","@id":"https:\/\/truusk.store\/sv\/#\/schema\/logo\/image\/","url":"https:\/\/i0.wp.com\/truusk.store\/wp-content\/uploads\/2026\/03\/cropped-TRUUSK.png?fit=2032%2C917&ssl=1","contentUrl":"https:\/\/i0.wp.com\/truusk.store\/wp-content\/uploads\/2026\/03\/cropped-TRUUSK.png?fit=2032%2C917&ssl=1","width":2032,"height":917,"caption":"TRUUSK - Hem, Tr\u00e4dg\u00e5rd & Fritid"},"image":{"@id":"https:\/\/truusk.store\/sv\/#\/schema\/logo\/image\/"}}]}},"jetpack_sharing_enabled":true,"_links":{"self":[{"href":"https:\/\/truusk.store\/sv\/wp-json\/wp\/v2\/product\/103206","targetHints":{"allow":["GET"]}}],"collection":[{"href":"https:\/\/truusk.store\/sv\/wp-json\/wp\/v2\/product"}],"about":[{"href":"https:\/\/truusk.store\/sv\/wp-json\/wp\/v2\/types\/product"}],"wp:featuredmedia":[{"embeddable":true,"href":"https:\/\/truusk.store\/sv\/wp-json\/wp\/v2\/media\/103197"}],"wp:attachment":[{"href":"https:\/\/truusk.store\/sv\/wp-json\/wp\/v2\/media?parent=103206"}],"wp:term":[{"taxonomy":"product_brand","embeddable":true,"href":"https:\/\/truusk.store\/sv\/wp-json\/wp\/v2\/product_brand?post=103206"},{"taxonomy":"product_cat","embeddable":true,"href":"https:\/\/truusk.store\/sv\/wp-json\/wp\/v2\/product_cat?post=103206"},{"taxonomy":"product_tag","embeddable":true,"href":"https:\/\/truusk.store\/sv\/wp-json\/wp\/v2\/product_tag?post=103206"}],"curies":[{"name":"wp","href":"https:\/\/api.w.org\/{rel}","templated":true}]}}