{"id":103216,"date":"2026-01-29T20:33:18","date_gmt":"2026-01-29T19:33:18","guid":{"rendered":"https:\/\/truusk.store\/product\/hollywoodgunga-for-barn-stalram-2-sits-60-kg-kapacitet-rosa\/"},"modified":"2026-03-12T08:40:38","modified_gmt":"2026-03-12T07:40:38","slug":"truusk-hollywoodvagn-for-barn-stalram-2-sits-60-kg-kapacitet-rosa","status":"publish","type":"product","link":"https:\/\/truusk.store\/sv\/produkt\/truusk-hollywoodvagn-for-barn-stalram-2-sits-60-kg-kapacitet-rosa\/","title":{"rendered":"TRUUSK Hollywoodvagn f\u00f6r Barn &#8211; St\u00e5lram &#8211; 2-sits &#8211; 60 kg Kapacitet &#8211; Rosa"},"content":{"rendered":"<p>Upplev n\u00f6jet med avkopplande timmar utomhus med [BRAND NAME] 2-sits gunga. Den har ett avtagbart, justerbart solskydd som skyddar dina barn, perfekt f\u00f6r tr\u00e4dg\u00e5rd eller poolomr\u00e5de. Den robusta st\u00e5lramen med halkfria f\u00f6tter garanterar s\u00e4kerhet, det charmiga regnb\u00e5gsdesignen f\u00f6r roligt. Perfekt f\u00f6r gemensamma gung\u00e4ventyr f\u00f6r barn!<\/p>\n<p>Beskrivning:<\/p>\n<ul>\n<li> St\u00e5lram med halkfria f\u00f6tter \u00f6kar stabiliteten och markens s\u00e4kerhet<\/li>\n<li> Avtagbart solskydd kan justeras f\u00f6r optimalt solskydd<\/li>\n<li> Bed\u00e5rande regnb\u00e5gsm\u00f6nsterdesign tilltalar barn<\/li>\n<li> Tv\u00e5 s\u00e4kerhetsb\u00e4lten f\u00f6r extra s\u00e4kerhet ing\u00e5r<\/li>\n<li> B\u00e4r upp till 60 kg, l\u00e4mplig f\u00f6r 1\u20132 barn<\/li>\n<li> M\u00e5ngsidigt anv\u00e4ndbar vid poolkanten, p\u00e5 verandan eller i tr\u00e4dg\u00e5rden<\/li>\n<li> Montering kr\u00e4vs.<\/li>\n<\/ul>\n<p> Tekniska data:<\/p>\n<ul>\n<li> F\u00e4rg: Rosa<\/li>\n<li> Material: St\u00e5l, Polyester<\/li>\n<li> Totala dimensioner: 112L x 75B x 120H cm<\/li>\n<li> Solskyddstak: 110L x 70B cm<\/li>\n<li> Justerbar vinkel: 90\u00b0<\/li>\n<li> Gungstolsstorlek: 63L x 30B cm, 39H cm (fr\u00e5n marken)<\/li>\n<li> Armst\u00f6dsstorlek: 35L x 2,2B x 17H cm<\/li>\n<li> Ryggst\u00f6dsstorlek: 63B x 30H cm<\/li>\n<li> Godk\u00e4nd \u00e5lder: 3+ \u00e5r<\/li>\n<li> Rekommenderad \u00e5lder: 3-6 \u00e5r<\/li>\n<li> B\u00e4rkapacitet: 60 kg<\/li>\n<\/ul>\n<p>Leveransinneh\u00e5ll:<\/p>\n<ul>\n<li> 1 x Barn Hollywood gunga<\/li>\n<li> 1 x Bruksanvisning<\/li>\n<\/ul>\n","protected":false},"excerpt":{"rendered":"<p>Upplev n\u00f6jet med avkopplande timmar utomhus med [BRAND NAME] 2-sits gunga. Den har ett avtagbart, justerbart solskydd som skyddar dina&#8230;<\/p>\n","protected":false},"featured_media":103207,"template":"","meta":[],"product_brand":[],"product_cat":[880,619,616],"product_tag":[],"class_list":{"0":"post-103216","1":"product","2":"type-product","3":"status-publish","4":"has-post-thumbnail","6":"product_cat-baby-barn-2","7":"product_cat-barngungor","8":"product_cat-utomhusleksaker","10":"first","11":"instock","12":"sale","13":"taxable","14":"shipping-taxable","15":"purchasable","16":"product-type-simple"},"yoast_head":"<!-- This site is optimized with the Yoast SEO plugin v25.4 - https:\/\/yoast.com\/wordpress\/plugins\/seo\/ -->\n<title>TRUUSK Hollywoodvagn f\u00f6r Barn - St\u00e5lram - 2-sits - 60 kg Kapacitet - Rosa - TRUUSK - Hem, Tr\u00e4dg\u00e5rd &amp; Fritid<\/title>\n<meta name=\"robots\" content=\"index, follow, max-snippet:-1, max-image-preview:large, max-video-preview:-1\" \/>\n<link rel=\"canonical\" href=\"https:\/\/truusk.store\/sv\/produkt\/truusk-hollywoodvagn-for-barn-stalram-2-sits-60-kg-kapacitet-rosa\/\" \/>\n<meta property=\"og:locale\" content=\"sv_SE\" \/>\n<meta property=\"og:type\" content=\"article\" \/>\n<meta property=\"og:title\" content=\"TRUUSK Hollywoodvagn f\u00f6r Barn - St\u00e5lram - 2-sits - 60 kg Kapacitet - Rosa - TRUUSK - Hem, Tr\u00e4dg\u00e5rd &amp; Fritid\" \/>\n<meta property=\"og:description\" content=\"Upplev n\u00f6jet med avkopplande timmar utomhus med [BRAND NAME] 2-sits gunga. Den har ett avtagbart, justerbart solskydd som skyddar dina...\" \/>\n<meta property=\"og:url\" content=\"https:\/\/truusk.store\/sv\/produkt\/truusk-hollywoodvagn-for-barn-stalram-2-sits-60-kg-kapacitet-rosa\/\" \/>\n<meta property=\"og:site_name\" content=\"TRUUSK - Hem, Tr\u00e4dg\u00e5rd &amp; Fritid\" \/>\n<meta property=\"article:modified_time\" content=\"2026-03-12T07:40:38+00:00\" \/>\n<meta property=\"og:image\" content=\"https:\/\/i0.wp.com\/truusk.se\/wp-content\/uploads\/2026\/01\/hollywoodgunga-for-barn-stalram-2-sits-60-kg-kapacitet-rosa-1.webp?fit=2000%2C2000&ssl=1\" \/>\n\t<meta property=\"og:image:width\" content=\"2000\" \/>\n\t<meta property=\"og:image:height\" content=\"2000\" \/>\n\t<meta property=\"og:image:type\" content=\"image\/webp\" \/>\n<meta name=\"twitter:card\" content=\"summary_large_image\" \/>\n<meta name=\"twitter:label1\" content=\"Ber\u00e4knad l\u00e4stid\" \/>\n\t<meta name=\"twitter:data1\" content=\"1 minut\" \/>\n<!-- \/ Yoast SEO plugin. -->","yoast_head_json":{"title":"TRUUSK Hollywoodvagn f\u00f6r Barn - St\u00e5lram - 2-sits - 60 kg Kapacitet - Rosa - TRUUSK - Hem, Tr\u00e4dg\u00e5rd &amp; Fritid","robots":{"index":"index","follow":"follow","max-snippet":"max-snippet:-1","max-image-preview":"max-image-preview:large","max-video-preview":"max-video-preview:-1"},"canonical":"https:\/\/truusk.store\/sv\/produkt\/truusk-hollywoodvagn-for-barn-stalram-2-sits-60-kg-kapacitet-rosa\/","og_locale":"sv_SE","og_type":"article","og_title":"TRUUSK Hollywoodvagn f\u00f6r Barn - St\u00e5lram - 2-sits - 60 kg Kapacitet - Rosa - TRUUSK - Hem, Tr\u00e4dg\u00e5rd &amp; Fritid","og_description":"Upplev n\u00f6jet med avkopplande timmar utomhus med [BRAND NAME] 2-sits gunga. Den har ett avtagbart, justerbart solskydd som skyddar dina...","og_url":"https:\/\/truusk.store\/sv\/produkt\/truusk-hollywoodvagn-for-barn-stalram-2-sits-60-kg-kapacitet-rosa\/","og_site_name":"TRUUSK - Hem, Tr\u00e4dg\u00e5rd &amp; Fritid","article_modified_time":"2026-03-12T07:40:38+00:00","og_image":[{"width":2000,"height":2000,"url":"https:\/\/i0.wp.com\/truusk.se\/wp-content\/uploads\/2026\/01\/hollywoodgunga-for-barn-stalram-2-sits-60-kg-kapacitet-rosa-1.webp?fit=2000%2C2000&ssl=1","type":"image\/webp"}],"twitter_card":"summary_large_image","twitter_misc":{"Ber\u00e4knad l\u00e4stid":"1 minut"},"schema":{"@context":"https:\/\/schema.org","@graph":[{"@type":"WebPage","@id":"https:\/\/truusk.store\/sv\/produkt\/truusk-hollywoodvagn-for-barn-stalram-2-sits-60-kg-kapacitet-rosa\/","url":"https:\/\/truusk.store\/sv\/produkt\/truusk-hollywoodvagn-for-barn-stalram-2-sits-60-kg-kapacitet-rosa\/","name":"TRUUSK Hollywoodvagn f\u00f6r Barn - St\u00e5lram - 2-sits - 60 kg Kapacitet - Rosa - TRUUSK - Hem, Tr\u00e4dg\u00e5rd &amp; Fritid","isPartOf":{"@id":"https:\/\/truusk.store\/sv\/#website"},"primaryImageOfPage":{"@id":"https:\/\/truusk.store\/sv\/produkt\/truusk-hollywoodvagn-for-barn-stalram-2-sits-60-kg-kapacitet-rosa\/#primaryimage"},"image":{"@id":"https:\/\/truusk.store\/sv\/produkt\/truusk-hollywoodvagn-for-barn-stalram-2-sits-60-kg-kapacitet-rosa\/#primaryimage"},"thumbnailUrl":"https:\/\/i0.wp.com\/truusk.store\/wp-content\/uploads\/2026\/01\/hollywoodgunga-for-barn-stalram-2-sits-60-kg-kapacitet-rosa-1.webp?fit=2000%2C2000&ssl=1","datePublished":"2026-01-29T19:33:18+00:00","dateModified":"2026-03-12T07:40:38+00:00","breadcrumb":{"@id":"https:\/\/truusk.store\/sv\/produkt\/truusk-hollywoodvagn-for-barn-stalram-2-sits-60-kg-kapacitet-rosa\/#breadcrumb"},"inLanguage":"sv-SE","potentialAction":[{"@type":"ReadAction","target":["https:\/\/truusk.store\/sv\/produkt\/truusk-hollywoodvagn-for-barn-stalram-2-sits-60-kg-kapacitet-rosa\/"]}]},{"@type":"ImageObject","inLanguage":"sv-SE","@id":"https:\/\/truusk.store\/sv\/produkt\/truusk-hollywoodvagn-for-barn-stalram-2-sits-60-kg-kapacitet-rosa\/#primaryimage","url":"https:\/\/i0.wp.com\/truusk.store\/wp-content\/uploads\/2026\/01\/hollywoodgunga-for-barn-stalram-2-sits-60-kg-kapacitet-rosa-1.webp?fit=2000%2C2000&ssl=1","contentUrl":"https:\/\/i0.wp.com\/truusk.store\/wp-content\/uploads\/2026\/01\/hollywoodgunga-for-barn-stalram-2-sits-60-kg-kapacitet-rosa-1.webp?fit=2000%2C2000&ssl=1","width":2000,"height":2000},{"@type":"BreadcrumbList","@id":"https:\/\/truusk.store\/sv\/produkt\/truusk-hollywoodvagn-for-barn-stalram-2-sits-60-kg-kapacitet-rosa\/#breadcrumb","itemListElement":[{"@type":"ListItem","position":1,"name":"Home","item":"https:\/\/truusk.store\/sv\/"},{"@type":"ListItem","position":2,"name":"Shop","item":"https:\/\/truusk.store\/shop\/"},{"@type":"ListItem","position":3,"name":"TRUUSK Hollywoodvagn f\u00f6r Barn &#8211; St\u00e5lram &#8211; 2-sits &#8211; 60 kg Kapacitet &#8211; Rosa"}]},{"@type":"WebSite","@id":"https:\/\/truusk.store\/sv\/#website","url":"https:\/\/truusk.store\/sv\/","name":"TRUUSK - Hem, Tr\u00e4dg\u00e5rd & Fritid","description":"","publisher":{"@id":"https:\/\/truusk.store\/sv\/#organization"},"potentialAction":[{"@type":"SearchAction","target":{"@type":"EntryPoint","urlTemplate":"https:\/\/truusk.store\/sv\/?s={search_term_string}"},"query-input":{"@type":"PropertyValueSpecification","valueRequired":true,"valueName":"search_term_string"}}],"inLanguage":"sv-SE"},{"@type":"Organization","@id":"https:\/\/truusk.store\/sv\/#organization","name":"TRUUSK - Hem, Tr\u00e4dg\u00e5rd & Fritid","url":"https:\/\/truusk.store\/sv\/","logo":{"@type":"ImageObject","inLanguage":"sv-SE","@id":"https:\/\/truusk.store\/sv\/#\/schema\/logo\/image\/","url":"https:\/\/i0.wp.com\/truusk.store\/wp-content\/uploads\/2026\/03\/cropped-TRUUSK.png?fit=2032%2C917&ssl=1","contentUrl":"https:\/\/i0.wp.com\/truusk.store\/wp-content\/uploads\/2026\/03\/cropped-TRUUSK.png?fit=2032%2C917&ssl=1","width":2032,"height":917,"caption":"TRUUSK - Hem, Tr\u00e4dg\u00e5rd & Fritid"},"image":{"@id":"https:\/\/truusk.store\/sv\/#\/schema\/logo\/image\/"}}]}},"jetpack_sharing_enabled":true,"_links":{"self":[{"href":"https:\/\/truusk.store\/sv\/wp-json\/wp\/v2\/product\/103216","targetHints":{"allow":["GET"]}}],"collection":[{"href":"https:\/\/truusk.store\/sv\/wp-json\/wp\/v2\/product"}],"about":[{"href":"https:\/\/truusk.store\/sv\/wp-json\/wp\/v2\/types\/product"}],"wp:featuredmedia":[{"embeddable":true,"href":"https:\/\/truusk.store\/sv\/wp-json\/wp\/v2\/media\/103207"}],"wp:attachment":[{"href":"https:\/\/truusk.store\/sv\/wp-json\/wp\/v2\/media?parent=103216"}],"wp:term":[{"taxonomy":"product_brand","embeddable":true,"href":"https:\/\/truusk.store\/sv\/wp-json\/wp\/v2\/product_brand?post=103216"},{"taxonomy":"product_cat","embeddable":true,"href":"https:\/\/truusk.store\/sv\/wp-json\/wp\/v2\/product_cat?post=103216"},{"taxonomy":"product_tag","embeddable":true,"href":"https:\/\/truusk.store\/sv\/wp-json\/wp\/v2\/product_tag?post=103216"}],"curies":[{"name":"wp","href":"https:\/\/api.w.org\/{rel}","templated":true}]}}