{"id":103236,"date":"2026-01-30T12:44:54","date_gmt":"2026-01-30T11:44:54","guid":{"rendered":"https:\/\/truusk.store\/product\/tradgardsbadd-planteringslada-med-stalholje-gra-120-x-120-x-30-cm\/"},"modified":"2026-03-12T09:09:21","modified_gmt":"2026-03-12T08:09:21","slug":"truusk-tradgardsbadd-med-stalholje-gra-120x120x30-cm-perfekt-for-plantering-hallbarhet-enkel-montering","status":"publish","type":"product","link":"https:\/\/truusk.store\/sv\/produkt\/truusk-tradgardsbadd-med-stalholje-gra-120x120x30-cm-perfekt-for-plantering-hallbarhet-enkel-montering\/","title":{"rendered":"TRUUSK Tr\u00e4dg\u00e5rdsb\u00e4dd med St\u00e5lh\u00f6lje &#8211; Gr\u00e5 &#8211; 120x120x30 cm &#8211; Perfekt f\u00f6r Plantering &#8211; H\u00e5llbarhet &#8211; Enkel Montering"},"content":{"rendered":"<p>Om du har begr\u00e4nsat utrymme p\u00e5 terrassen eller balkongen och inte vill ge upp dina favoritv\u00e4xter, \u00e4r denna planteringsl\u00e5da fr\u00e5n [BRAND NAME] det perfekta valet! De h\u00f6ga v\u00e4ggarna och den \u00f6ppna botten g\u00f6r det m\u00f6jligt att odla v\u00e4xter med l\u00e5nga r\u00f6tter och l\u00e5ter \u00f6verfl\u00f6digt vatten dr\u00e4nera fritt till marken. Det robusta st\u00e5lh\u00f6ljet st\u00e5r emot alla v\u00e4der och kommer att tj\u00e4na dig och dina gr\u00f6na plantor p\u00e5litligt under l\u00e5ng tid.<\/p>\n<p>Beskrivning:<\/p>\n<ul>\n<li> Robust st\u00e5lh\u00f6lje med vattent\u00e4t lack f\u00f6r l\u00e5ng livsl\u00e4ngd<\/li>\n<li> Extra h\u00f6ga v\u00e4ggar (30 cm) skyddar dina v\u00e4xter mot ogr\u00e4s och sm\u00e5 gnagare<\/li>\n<li> \u00d6ppen botten ger dr\u00e4nering och \u00e4r idealisk f\u00f6r v\u00e4xter med l\u00e5nga r\u00f6tter<\/li>\n<li> Montering kr\u00e4vs<\/li>\n<\/ul>\n<p>Tekniska data:<\/p>\n<ul>\n<li> F\u00e4rg: Gr\u00e5<\/li>\n<li> Material: Galvaniserat st\u00e5l<\/li>\n<li> Totala dimensioner: 120L x 120B x 30H cm<\/li>\n<li> Dimensioner per v\u00e4ggelement: 113L x 30B cm<\/li>\n<li> Dimensioner per anslutningsstycke: 30,5L x 9B cm<\/li>\n<\/ul>\n<p>Leveransinneh\u00e5ll:<\/p>\n<ul>\n<li> 1 x Tr\u00e4dg\u00e5rdsb\u00e4dd;<\/li>\n<\/ul>\n","protected":false},"excerpt":{"rendered":"<p>Om du har begr\u00e4nsat utrymme p\u00e5 terrassen eller balkongen och inte vill ge upp dina favoritv\u00e4xter, \u00e4r denna planteringsl\u00e5da fr\u00e5n&#8230;<\/p>\n","protected":false},"featured_media":103227,"template":"","meta":[],"product_brand":[],"product_cat":[924,858,443],"product_tag":[],"class_list":{"0":"post-103236","1":"product","2":"type-product","3":"status-publish","4":"has-post-thumbnail","6":"product_cat-plantkarl","7":"product_cat-tradgard-terrass","8":"product_cat-vaxthus-tradgardsskotsel","10":"first","11":"instock","12":"sale","13":"taxable","14":"shipping-taxable","15":"purchasable","16":"product-type-simple"},"yoast_head":"<!-- This site is optimized with the Yoast SEO plugin v25.4 - https:\/\/yoast.com\/wordpress\/plugins\/seo\/ -->\n<title>TRUUSK Tr\u00e4dg\u00e5rdsb\u00e4dd med St\u00e5lh\u00f6lje - Gr\u00e5 - 120x120x30 cm - Perfekt f\u00f6r Plantering - H\u00e5llbarhet - Enkel Montering - TRUUSK - Hem, Tr\u00e4dg\u00e5rd &amp; Fritid<\/title>\n<meta name=\"robots\" content=\"index, follow, max-snippet:-1, max-image-preview:large, max-video-preview:-1\" \/>\n<link rel=\"canonical\" href=\"https:\/\/truusk.store\/sv\/produkt\/truusk-tradgardsbadd-med-stalholje-gra-120x120x30-cm-perfekt-for-plantering-hallbarhet-enkel-montering\/\" \/>\n<meta property=\"og:locale\" content=\"sv_SE\" \/>\n<meta property=\"og:type\" content=\"article\" \/>\n<meta property=\"og:title\" content=\"TRUUSK Tr\u00e4dg\u00e5rdsb\u00e4dd med St\u00e5lh\u00f6lje - Gr\u00e5 - 120x120x30 cm - Perfekt f\u00f6r Plantering - H\u00e5llbarhet - Enkel Montering - TRUUSK - Hem, Tr\u00e4dg\u00e5rd &amp; Fritid\" \/>\n<meta property=\"og:description\" content=\"Om du har begr\u00e4nsat utrymme p\u00e5 terrassen eller balkongen och inte vill ge upp dina favoritv\u00e4xter, \u00e4r denna planteringsl\u00e5da fr\u00e5n...\" \/>\n<meta property=\"og:url\" content=\"https:\/\/truusk.store\/sv\/produkt\/truusk-tradgardsbadd-med-stalholje-gra-120x120x30-cm-perfekt-for-plantering-hallbarhet-enkel-montering\/\" \/>\n<meta property=\"og:site_name\" content=\"TRUUSK - Hem, Tr\u00e4dg\u00e5rd &amp; Fritid\" \/>\n<meta property=\"article:modified_time\" content=\"2026-03-12T08:09:21+00:00\" \/>\n<meta property=\"og:image\" content=\"https:\/\/i0.wp.com\/truusk.se\/wp-content\/uploads\/2026\/01\/tradgardsbadd-planteringslada-med-stalholje-gra-120-x-120-x-30-cm-1.webp?fit=2000%2C2000&ssl=1\" \/>\n\t<meta property=\"og:image:width\" content=\"2000\" \/>\n\t<meta property=\"og:image:height\" content=\"2000\" \/>\n\t<meta property=\"og:image:type\" content=\"image\/webp\" \/>\n<meta name=\"twitter:card\" content=\"summary_large_image\" \/>\n<meta name=\"twitter:label1\" content=\"Ber\u00e4knad l\u00e4stid\" \/>\n\t<meta name=\"twitter:data1\" content=\"1 minut\" \/>\n<!-- \/ Yoast SEO plugin. -->","yoast_head_json":{"title":"TRUUSK Tr\u00e4dg\u00e5rdsb\u00e4dd med St\u00e5lh\u00f6lje - Gr\u00e5 - 120x120x30 cm - Perfekt f\u00f6r Plantering - H\u00e5llbarhet - Enkel Montering - TRUUSK - Hem, Tr\u00e4dg\u00e5rd &amp; Fritid","robots":{"index":"index","follow":"follow","max-snippet":"max-snippet:-1","max-image-preview":"max-image-preview:large","max-video-preview":"max-video-preview:-1"},"canonical":"https:\/\/truusk.store\/sv\/produkt\/truusk-tradgardsbadd-med-stalholje-gra-120x120x30-cm-perfekt-for-plantering-hallbarhet-enkel-montering\/","og_locale":"sv_SE","og_type":"article","og_title":"TRUUSK Tr\u00e4dg\u00e5rdsb\u00e4dd med St\u00e5lh\u00f6lje - Gr\u00e5 - 120x120x30 cm - Perfekt f\u00f6r Plantering - H\u00e5llbarhet - Enkel Montering - TRUUSK - Hem, Tr\u00e4dg\u00e5rd &amp; Fritid","og_description":"Om du har begr\u00e4nsat utrymme p\u00e5 terrassen eller balkongen och inte vill ge upp dina favoritv\u00e4xter, \u00e4r denna planteringsl\u00e5da fr\u00e5n...","og_url":"https:\/\/truusk.store\/sv\/produkt\/truusk-tradgardsbadd-med-stalholje-gra-120x120x30-cm-perfekt-for-plantering-hallbarhet-enkel-montering\/","og_site_name":"TRUUSK - Hem, Tr\u00e4dg\u00e5rd &amp; Fritid","article_modified_time":"2026-03-12T08:09:21+00:00","og_image":[{"width":2000,"height":2000,"url":"https:\/\/i0.wp.com\/truusk.se\/wp-content\/uploads\/2026\/01\/tradgardsbadd-planteringslada-med-stalholje-gra-120-x-120-x-30-cm-1.webp?fit=2000%2C2000&ssl=1","type":"image\/webp"}],"twitter_card":"summary_large_image","twitter_misc":{"Ber\u00e4knad l\u00e4stid":"1 minut"},"schema":{"@context":"https:\/\/schema.org","@graph":[{"@type":"WebPage","@id":"https:\/\/truusk.store\/sv\/produkt\/truusk-tradgardsbadd-med-stalholje-gra-120x120x30-cm-perfekt-for-plantering-hallbarhet-enkel-montering\/","url":"https:\/\/truusk.store\/sv\/produkt\/truusk-tradgardsbadd-med-stalholje-gra-120x120x30-cm-perfekt-for-plantering-hallbarhet-enkel-montering\/","name":"TRUUSK Tr\u00e4dg\u00e5rdsb\u00e4dd med St\u00e5lh\u00f6lje - Gr\u00e5 - 120x120x30 cm - Perfekt f\u00f6r Plantering - H\u00e5llbarhet - Enkel Montering - TRUUSK - Hem, Tr\u00e4dg\u00e5rd &amp; Fritid","isPartOf":{"@id":"https:\/\/truusk.store\/sv\/#website"},"primaryImageOfPage":{"@id":"https:\/\/truusk.store\/sv\/produkt\/truusk-tradgardsbadd-med-stalholje-gra-120x120x30-cm-perfekt-for-plantering-hallbarhet-enkel-montering\/#primaryimage"},"image":{"@id":"https:\/\/truusk.store\/sv\/produkt\/truusk-tradgardsbadd-med-stalholje-gra-120x120x30-cm-perfekt-for-plantering-hallbarhet-enkel-montering\/#primaryimage"},"thumbnailUrl":"https:\/\/i0.wp.com\/truusk.store\/wp-content\/uploads\/2026\/01\/tradgardsbadd-planteringslada-med-stalholje-gra-120-x-120-x-30-cm-1.webp?fit=2000%2C2000&ssl=1","datePublished":"2026-01-30T11:44:54+00:00","dateModified":"2026-03-12T08:09:21+00:00","breadcrumb":{"@id":"https:\/\/truusk.store\/sv\/produkt\/truusk-tradgardsbadd-med-stalholje-gra-120x120x30-cm-perfekt-for-plantering-hallbarhet-enkel-montering\/#breadcrumb"},"inLanguage":"sv-SE","potentialAction":[{"@type":"ReadAction","target":["https:\/\/truusk.store\/sv\/produkt\/truusk-tradgardsbadd-med-stalholje-gra-120x120x30-cm-perfekt-for-plantering-hallbarhet-enkel-montering\/"]}]},{"@type":"ImageObject","inLanguage":"sv-SE","@id":"https:\/\/truusk.store\/sv\/produkt\/truusk-tradgardsbadd-med-stalholje-gra-120x120x30-cm-perfekt-for-plantering-hallbarhet-enkel-montering\/#primaryimage","url":"https:\/\/i0.wp.com\/truusk.store\/wp-content\/uploads\/2026\/01\/tradgardsbadd-planteringslada-med-stalholje-gra-120-x-120-x-30-cm-1.webp?fit=2000%2C2000&ssl=1","contentUrl":"https:\/\/i0.wp.com\/truusk.store\/wp-content\/uploads\/2026\/01\/tradgardsbadd-planteringslada-med-stalholje-gra-120-x-120-x-30-cm-1.webp?fit=2000%2C2000&ssl=1","width":2000,"height":2000},{"@type":"BreadcrumbList","@id":"https:\/\/truusk.store\/sv\/produkt\/truusk-tradgardsbadd-med-stalholje-gra-120x120x30-cm-perfekt-for-plantering-hallbarhet-enkel-montering\/#breadcrumb","itemListElement":[{"@type":"ListItem","position":1,"name":"Home","item":"https:\/\/truusk.store\/sv\/"},{"@type":"ListItem","position":2,"name":"Shop","item":"https:\/\/truusk.store\/shop\/"},{"@type":"ListItem","position":3,"name":"TRUUSK Tr\u00e4dg\u00e5rdsb\u00e4dd med St\u00e5lh\u00f6lje &#8211; Gr\u00e5 &#8211; 120x120x30 cm &#8211; Perfekt f\u00f6r Plantering &#8211; H\u00e5llbarhet &#8211; Enkel Montering"}]},{"@type":"WebSite","@id":"https:\/\/truusk.store\/sv\/#website","url":"https:\/\/truusk.store\/sv\/","name":"TRUUSK - Hem, Tr\u00e4dg\u00e5rd & Fritid","description":"","publisher":{"@id":"https:\/\/truusk.store\/sv\/#organization"},"potentialAction":[{"@type":"SearchAction","target":{"@type":"EntryPoint","urlTemplate":"https:\/\/truusk.store\/sv\/?s={search_term_string}"},"query-input":{"@type":"PropertyValueSpecification","valueRequired":true,"valueName":"search_term_string"}}],"inLanguage":"sv-SE"},{"@type":"Organization","@id":"https:\/\/truusk.store\/sv\/#organization","name":"TRUUSK - Hem, Tr\u00e4dg\u00e5rd & Fritid","url":"https:\/\/truusk.store\/sv\/","logo":{"@type":"ImageObject","inLanguage":"sv-SE","@id":"https:\/\/truusk.store\/sv\/#\/schema\/logo\/image\/","url":"https:\/\/i0.wp.com\/truusk.store\/wp-content\/uploads\/2026\/03\/cropped-TRUUSK.png?fit=2032%2C917&ssl=1","contentUrl":"https:\/\/i0.wp.com\/truusk.store\/wp-content\/uploads\/2026\/03\/cropped-TRUUSK.png?fit=2032%2C917&ssl=1","width":2032,"height":917,"caption":"TRUUSK - Hem, Tr\u00e4dg\u00e5rd & Fritid"},"image":{"@id":"https:\/\/truusk.store\/sv\/#\/schema\/logo\/image\/"}}]}},"jetpack_sharing_enabled":true,"_links":{"self":[{"href":"https:\/\/truusk.store\/sv\/wp-json\/wp\/v2\/product\/103236","targetHints":{"allow":["GET"]}}],"collection":[{"href":"https:\/\/truusk.store\/sv\/wp-json\/wp\/v2\/product"}],"about":[{"href":"https:\/\/truusk.store\/sv\/wp-json\/wp\/v2\/types\/product"}],"wp:featuredmedia":[{"embeddable":true,"href":"https:\/\/truusk.store\/sv\/wp-json\/wp\/v2\/media\/103227"}],"wp:attachment":[{"href":"https:\/\/truusk.store\/sv\/wp-json\/wp\/v2\/media?parent=103236"}],"wp:term":[{"taxonomy":"product_brand","embeddable":true,"href":"https:\/\/truusk.store\/sv\/wp-json\/wp\/v2\/product_brand?post=103236"},{"taxonomy":"product_cat","embeddable":true,"href":"https:\/\/truusk.store\/sv\/wp-json\/wp\/v2\/product_cat?post=103236"},{"taxonomy":"product_tag","embeddable":true,"href":"https:\/\/truusk.store\/sv\/wp-json\/wp\/v2\/product_tag?post=103236"}],"curies":[{"name":"wp","href":"https:\/\/api.w.org\/{rel}","templated":true}]}}