{"id":103246,"date":"2026-01-30T12:47:16","date_gmt":"2026-01-30T11:47:16","guid":{"rendered":"https:\/\/truusk.store\/product\/grillpaviljong-grilloverdrag-regnskydd-krokar-for-redskap-stalram-gra-215-x-150-x-174-220-cm\/"},"modified":"2026-03-12T09:10:44","modified_gmt":"2026-03-12T08:10:44","slug":"truusk-grillpaviljong-med-grilloverdrag-regnskydd-krokar-for-redskap-stalram-gra-215-x-150-x-174-220-cm","status":"publish","type":"product","link":"https:\/\/truusk.store\/sv\/produkt\/truusk-grillpaviljong-med-grilloverdrag-regnskydd-krokar-for-redskap-stalram-gra-215-x-150-x-174-220-cm\/","title":{"rendered":"TRUUSK Grillpaviljong med Grill\u00f6verdrag &#8211; Regnskydd &#8211; Krokar f\u00f6r Redskap &#8211; St\u00e5lram &#8211; Gr\u00e5 &#8211; 215 x 150 x 174\/220 cm"},"content":{"rendered":"<p>Tack vare denna fantastiska grillpaviljong fr\u00e5n [BRAND NAME] kommer du aldrig att l\u00e4mnas i regnet! Det brandt\u00e5liga taket p\u00e5 pergolan h\u00e5ller dig och din grill alltid torr och skyddar ocks\u00e5 mot stark solstr\u00e5lning. En stabil ram av pulverlackerat st\u00e5l ger stabilitet. Praktiska sidokrokar p\u00e5 tr\u00e4dg\u00e5rdspaviljongen h\u00e5ller alla dina grillverktyg inom r\u00e4ckh\u00e5ll: S\u00e5 kan grillningen b\u00f6rja!<\/p>\n<p>Beskrivning:<\/p>\n<ul>\n<li> H\u00f6gkvalitativ tr\u00e4dg\u00e5rdspaviljong i elegant design<\/li>\n<li> Idealisk f\u00f6r grill eller utomhusk\u00f6k<\/li>\n<li> Tak av brandh\u00e4mmande polyester, skyddar mot l\u00e4tt regn och sol<\/li>\n<li> Ram av pulverlackerat metall, h\u00e5llbart och stabilt<\/li>\n<li> Sidokrokar p\u00e5 grillpaviljongen f\u00f6r att h\u00e4nga upp din grillutrustning<\/li>\n<li> T\u00e4ltpinnar f\u00f6r f\u00f6rankring i marken av grillpaviljongen ger stabilitet<\/li>\n<li> L\u00e4tt att montera<\/li>\n<\/ul>\n<p> Tekniska specifikationer:<\/p>\n<ul>\n<li> F\u00e4rg: Gr\u00e5+Svart<\/li>\n<li> Material: Polyester, Metall<\/li>\n<li> Totala m\u00e5tt: 215L x 150B x 220H cm<\/li>\n<li> Ram: pulverlackerat metall<\/li>\n<\/ul>\n<p>Leveransinneh\u00e5ll:<\/p>\n<ul>\n<li> 1 x Grillpaviljong med tak<\/li>\n<li> 10 x Krokar f\u00f6r grillverktyg<\/li>\n<li> Monteringsutrustning inklusive 8 t\u00e4ltpinnar<\/li>\n<li>Viktigt: Vi levererar artikeln till dig kostnadsfritt till trottoarkanten. Var v\u00e4nlig och se till att adressen och telefonnumret \u00e4r korrekt..<\/li>\n<\/ul>\n","protected":false},"excerpt":{"rendered":"<p>Tack vare denna fantastiska grillpaviljong fr\u00e5n [BRAND NAME] kommer du aldrig att l\u00e4mnas i regnet! Det brandt\u00e5liga taket p\u00e5 pergolan&#8230;<\/p>\n","protected":false},"featured_media":103237,"template":"","meta":[],"product_brand":[],"product_cat":[480,858,476],"product_tag":[],"class_list":{"0":"post-103246","1":"product","2":"type-product","3":"status-publish","4":"has-post-thumbnail","6":"product_cat-grillpaviljonger","7":"product_cat-tradgard-terrass","8":"product_cat-tradgardspaviljonger","10":"first","11":"instock","12":"sale","13":"taxable","14":"shipping-taxable","15":"purchasable","16":"product-type-simple"},"yoast_head":"<!-- This site is optimized with the Yoast SEO plugin v25.4 - https:\/\/yoast.com\/wordpress\/plugins\/seo\/ -->\n<title>TRUUSK Grillpaviljong med Grill\u00f6verdrag - Regnskydd - Krokar f\u00f6r Redskap - St\u00e5lram - Gr\u00e5 - 215 x 150 x 174\/220 cm - TRUUSK - Hem, Tr\u00e4dg\u00e5rd &amp; Fritid<\/title>\n<meta name=\"robots\" content=\"index, follow, max-snippet:-1, max-image-preview:large, max-video-preview:-1\" \/>\n<link rel=\"canonical\" href=\"https:\/\/truusk.store\/sv\/produkt\/truusk-grillpaviljong-med-grilloverdrag-regnskydd-krokar-for-redskap-stalram-gra-215-x-150-x-174-220-cm\/\" \/>\n<meta property=\"og:locale\" content=\"sv_SE\" \/>\n<meta property=\"og:type\" content=\"article\" \/>\n<meta property=\"og:title\" content=\"TRUUSK Grillpaviljong med Grill\u00f6verdrag - Regnskydd - Krokar f\u00f6r Redskap - St\u00e5lram - Gr\u00e5 - 215 x 150 x 174\/220 cm - TRUUSK - Hem, Tr\u00e4dg\u00e5rd &amp; Fritid\" \/>\n<meta property=\"og:description\" content=\"Tack vare denna fantastiska grillpaviljong fr\u00e5n [BRAND NAME] kommer du aldrig att l\u00e4mnas i regnet! Det brandt\u00e5liga taket p\u00e5 pergolan...\" \/>\n<meta property=\"og:url\" content=\"https:\/\/truusk.store\/sv\/produkt\/truusk-grillpaviljong-med-grilloverdrag-regnskydd-krokar-for-redskap-stalram-gra-215-x-150-x-174-220-cm\/\" \/>\n<meta property=\"og:site_name\" content=\"TRUUSK - Hem, Tr\u00e4dg\u00e5rd &amp; Fritid\" \/>\n<meta property=\"article:modified_time\" content=\"2026-03-12T08:10:44+00:00\" \/>\n<meta property=\"og:image\" content=\"https:\/\/i0.wp.com\/truusk.se\/wp-content\/uploads\/2026\/01\/grillpaviljong-grilloverdrag-regnskydd-krokar-for-redskap-stalram-gra-215-x-150-x-174-220-cm-1.webp?fit=2000%2C2000&ssl=1\" \/>\n\t<meta property=\"og:image:width\" content=\"2000\" \/>\n\t<meta property=\"og:image:height\" content=\"2000\" \/>\n\t<meta property=\"og:image:type\" content=\"image\/webp\" \/>\n<meta name=\"twitter:card\" content=\"summary_large_image\" \/>\n<meta name=\"twitter:label1\" content=\"Ber\u00e4knad l\u00e4stid\" \/>\n\t<meta name=\"twitter:data1\" content=\"1 minut\" \/>\n<!-- \/ Yoast SEO plugin. -->","yoast_head_json":{"title":"TRUUSK Grillpaviljong med Grill\u00f6verdrag - Regnskydd - Krokar f\u00f6r Redskap - St\u00e5lram - Gr\u00e5 - 215 x 150 x 174\/220 cm - TRUUSK - Hem, Tr\u00e4dg\u00e5rd &amp; Fritid","robots":{"index":"index","follow":"follow","max-snippet":"max-snippet:-1","max-image-preview":"max-image-preview:large","max-video-preview":"max-video-preview:-1"},"canonical":"https:\/\/truusk.store\/sv\/produkt\/truusk-grillpaviljong-med-grilloverdrag-regnskydd-krokar-for-redskap-stalram-gra-215-x-150-x-174-220-cm\/","og_locale":"sv_SE","og_type":"article","og_title":"TRUUSK Grillpaviljong med Grill\u00f6verdrag - Regnskydd - Krokar f\u00f6r Redskap - St\u00e5lram - Gr\u00e5 - 215 x 150 x 174\/220 cm - TRUUSK - Hem, Tr\u00e4dg\u00e5rd &amp; Fritid","og_description":"Tack vare denna fantastiska grillpaviljong fr\u00e5n [BRAND NAME] kommer du aldrig att l\u00e4mnas i regnet! Det brandt\u00e5liga taket p\u00e5 pergolan...","og_url":"https:\/\/truusk.store\/sv\/produkt\/truusk-grillpaviljong-med-grilloverdrag-regnskydd-krokar-for-redskap-stalram-gra-215-x-150-x-174-220-cm\/","og_site_name":"TRUUSK - Hem, Tr\u00e4dg\u00e5rd &amp; Fritid","article_modified_time":"2026-03-12T08:10:44+00:00","og_image":[{"width":2000,"height":2000,"url":"https:\/\/i0.wp.com\/truusk.se\/wp-content\/uploads\/2026\/01\/grillpaviljong-grilloverdrag-regnskydd-krokar-for-redskap-stalram-gra-215-x-150-x-174-220-cm-1.webp?fit=2000%2C2000&ssl=1","type":"image\/webp"}],"twitter_card":"summary_large_image","twitter_misc":{"Ber\u00e4knad l\u00e4stid":"1 minut"},"schema":{"@context":"https:\/\/schema.org","@graph":[{"@type":"WebPage","@id":"https:\/\/truusk.store\/sv\/produkt\/truusk-grillpaviljong-med-grilloverdrag-regnskydd-krokar-for-redskap-stalram-gra-215-x-150-x-174-220-cm\/","url":"https:\/\/truusk.store\/sv\/produkt\/truusk-grillpaviljong-med-grilloverdrag-regnskydd-krokar-for-redskap-stalram-gra-215-x-150-x-174-220-cm\/","name":"TRUUSK Grillpaviljong med Grill\u00f6verdrag - Regnskydd - Krokar f\u00f6r Redskap - St\u00e5lram - Gr\u00e5 - 215 x 150 x 174\/220 cm - TRUUSK - Hem, Tr\u00e4dg\u00e5rd &amp; Fritid","isPartOf":{"@id":"https:\/\/truusk.store\/sv\/#website"},"primaryImageOfPage":{"@id":"https:\/\/truusk.store\/sv\/produkt\/truusk-grillpaviljong-med-grilloverdrag-regnskydd-krokar-for-redskap-stalram-gra-215-x-150-x-174-220-cm\/#primaryimage"},"image":{"@id":"https:\/\/truusk.store\/sv\/produkt\/truusk-grillpaviljong-med-grilloverdrag-regnskydd-krokar-for-redskap-stalram-gra-215-x-150-x-174-220-cm\/#primaryimage"},"thumbnailUrl":"https:\/\/i0.wp.com\/truusk.store\/wp-content\/uploads\/2026\/01\/grillpaviljong-grilloverdrag-regnskydd-krokar-for-redskap-stalram-gra-215-x-150-x-174-220-cm-1.webp?fit=2000%2C2000&ssl=1","datePublished":"2026-01-30T11:47:16+00:00","dateModified":"2026-03-12T08:10:44+00:00","breadcrumb":{"@id":"https:\/\/truusk.store\/sv\/produkt\/truusk-grillpaviljong-med-grilloverdrag-regnskydd-krokar-for-redskap-stalram-gra-215-x-150-x-174-220-cm\/#breadcrumb"},"inLanguage":"sv-SE","potentialAction":[{"@type":"ReadAction","target":["https:\/\/truusk.store\/sv\/produkt\/truusk-grillpaviljong-med-grilloverdrag-regnskydd-krokar-for-redskap-stalram-gra-215-x-150-x-174-220-cm\/"]}]},{"@type":"ImageObject","inLanguage":"sv-SE","@id":"https:\/\/truusk.store\/sv\/produkt\/truusk-grillpaviljong-med-grilloverdrag-regnskydd-krokar-for-redskap-stalram-gra-215-x-150-x-174-220-cm\/#primaryimage","url":"https:\/\/i0.wp.com\/truusk.store\/wp-content\/uploads\/2026\/01\/grillpaviljong-grilloverdrag-regnskydd-krokar-for-redskap-stalram-gra-215-x-150-x-174-220-cm-1.webp?fit=2000%2C2000&ssl=1","contentUrl":"https:\/\/i0.wp.com\/truusk.store\/wp-content\/uploads\/2026\/01\/grillpaviljong-grilloverdrag-regnskydd-krokar-for-redskap-stalram-gra-215-x-150-x-174-220-cm-1.webp?fit=2000%2C2000&ssl=1","width":2000,"height":2000},{"@type":"BreadcrumbList","@id":"https:\/\/truusk.store\/sv\/produkt\/truusk-grillpaviljong-med-grilloverdrag-regnskydd-krokar-for-redskap-stalram-gra-215-x-150-x-174-220-cm\/#breadcrumb","itemListElement":[{"@type":"ListItem","position":1,"name":"Home","item":"https:\/\/truusk.store\/sv\/"},{"@type":"ListItem","position":2,"name":"Shop","item":"https:\/\/truusk.store\/shop\/"},{"@type":"ListItem","position":3,"name":"TRUUSK Grillpaviljong med Grill\u00f6verdrag &#8211; Regnskydd &#8211; Krokar f\u00f6r Redskap &#8211; St\u00e5lram &#8211; Gr\u00e5 &#8211; 215 x 150 x 174\/220 cm"}]},{"@type":"WebSite","@id":"https:\/\/truusk.store\/sv\/#website","url":"https:\/\/truusk.store\/sv\/","name":"TRUUSK - Hem, Tr\u00e4dg\u00e5rd & Fritid","description":"","publisher":{"@id":"https:\/\/truusk.store\/sv\/#organization"},"potentialAction":[{"@type":"SearchAction","target":{"@type":"EntryPoint","urlTemplate":"https:\/\/truusk.store\/sv\/?s={search_term_string}"},"query-input":{"@type":"PropertyValueSpecification","valueRequired":true,"valueName":"search_term_string"}}],"inLanguage":"sv-SE"},{"@type":"Organization","@id":"https:\/\/truusk.store\/sv\/#organization","name":"TRUUSK - Hem, Tr\u00e4dg\u00e5rd & Fritid","url":"https:\/\/truusk.store\/sv\/","logo":{"@type":"ImageObject","inLanguage":"sv-SE","@id":"https:\/\/truusk.store\/sv\/#\/schema\/logo\/image\/","url":"https:\/\/i0.wp.com\/truusk.store\/wp-content\/uploads\/2026\/03\/cropped-TRUUSK.png?fit=2032%2C917&ssl=1","contentUrl":"https:\/\/i0.wp.com\/truusk.store\/wp-content\/uploads\/2026\/03\/cropped-TRUUSK.png?fit=2032%2C917&ssl=1","width":2032,"height":917,"caption":"TRUUSK - Hem, Tr\u00e4dg\u00e5rd & Fritid"},"image":{"@id":"https:\/\/truusk.store\/sv\/#\/schema\/logo\/image\/"}}]}},"jetpack_sharing_enabled":true,"_links":{"self":[{"href":"https:\/\/truusk.store\/sv\/wp-json\/wp\/v2\/product\/103246","targetHints":{"allow":["GET"]}}],"collection":[{"href":"https:\/\/truusk.store\/sv\/wp-json\/wp\/v2\/product"}],"about":[{"href":"https:\/\/truusk.store\/sv\/wp-json\/wp\/v2\/types\/product"}],"wp:featuredmedia":[{"embeddable":true,"href":"https:\/\/truusk.store\/sv\/wp-json\/wp\/v2\/media\/103237"}],"wp:attachment":[{"href":"https:\/\/truusk.store\/sv\/wp-json\/wp\/v2\/media?parent=103246"}],"wp:term":[{"taxonomy":"product_brand","embeddable":true,"href":"https:\/\/truusk.store\/sv\/wp-json\/wp\/v2\/product_brand?post=103246"},{"taxonomy":"product_cat","embeddable":true,"href":"https:\/\/truusk.store\/sv\/wp-json\/wp\/v2\/product_cat?post=103246"},{"taxonomy":"product_tag","embeddable":true,"href":"https:\/\/truusk.store\/sv\/wp-json\/wp\/v2\/product_tag?post=103246"}],"curies":[{"name":"wp","href":"https:\/\/api.w.org\/{rel}","templated":true}]}}