{"id":103256,"date":"2026-01-30T20:26:10","date_gmt":"2026-01-30T19:26:10","guid":{"rendered":"https:\/\/truusk.store\/product\/3-sits-terrassgunga-verandagunga-med-baddfunktion-hollywoodgunga-med-myggnat-och-stalram-gra\/"},"modified":"2026-03-13T16:50:29","modified_gmt":"2026-03-13T15:50:29","slug":"truusk-3-sits-terrassgunga-verandagunga-med-baddfunktion-hollywoodgunga-med-myggnat-och-stalram-gra","status":"publish","type":"product","link":"https:\/\/truusk.store\/sv\/produkt\/truusk-3-sits-terrassgunga-verandagunga-med-baddfunktion-hollywoodgunga-med-myggnat-och-stalram-gra\/","title":{"rendered":"TRUUSK 3-sits Terrassgunga &#8211; Verandagunga med B\u00e4ddfunktion &#8211; Hollywoodgunga med Myggn\u00e4t och St\u00e5lram &#8211; Gr\u00e5"},"content":{"rendered":"<p>V\u00e5r Hollywood-sv\u00e4ng med ligfunktion rymmer upp till tre vuxna och kan enkelt omvandlas till en utomhuss\u00e4ng. Den helt vadderade liggytan p\u00e5 3-sits Hollywood-sv\u00e4ngen fungerar ocks\u00e5 som en madrass f\u00f6r avkopplande s\u00f6mn under bar himmel. En sidoficka h\u00e5ller mobiltelefon, nycklar eller andra f\u00f6rem\u00e5l inom r\u00e4ckh\u00e5ll och myggn\u00e4tet p\u00e5 sv\u00e4ngs\u00e4ngen skyddar mot o\u00f6nskade bes\u00f6kare. Njut av den friska sommarluften med [BRAND NAME].<\/p>\n<p>Beskrivning:<\/p>\n<ul>\n<li> 2-i-1 veranda-sv\u00e4ng som kan omvandlas till en utomhus dagb\u00e4dd<\/li>\n<li> Rymmer bekv\u00e4mt upp till tre personer<\/li>\n<li> Andningsbart mesh-n\u00e4t med dragkedjor p\u00e5 tr\u00e4dg\u00e5rdssv\u00e4ngen f\u00f6r ett skyddat omr\u00e5de<\/li>\n<li> Bekv\u00e4ma sitt- och ryggkuddar fungerar ocks\u00e5 som madrass<\/li>\n<li> Sidoficka p\u00e5 tr\u00e4dg\u00e5rdssv\u00e4ngen f\u00f6r mobiltelefon, nycklar eller l\u00e4smaterial<\/li>\n<li> Kompakt, pulverlackerad st\u00e5lram, redo f\u00f6r utomhusbruk<\/li>\n<li> Montering kr\u00e4vs<\/li>\n<\/ul>\n<p> Tekniska data:<\/p>\n<ul>\n<li> F\u00e4rg: Gr\u00e5<\/li>\n<li> Material: Metall, Polyester, N\u00e4ttyg<\/li>\n<li> Totala dimensioner: 240L x 140B x 197H cm<\/li>\n<li> Sitsstorlek: 189B x 47,5T x 50H cm<\/li>\n<li> Ryggstorlek: 46,5L x 189B x 88H cm<\/li>\n<li> S\u00e4ngstorlek: 189L x 104B cm<\/li>\n<li> Sits-\/Ryggkuddar storlek: 189L x 51B x 5T cm<\/li>\n<li> Fickstorlek: 40L x 27B cm<\/li>\n<li> B\u00e4rkapacitet: 300 kg<\/li>\n<\/ul>\n<p> Leveransinneh\u00e5ll:<\/p>\n<ul>\n<li> 1 x Sv\u00e4ng med tak<\/li>\n<li> 1 x Bruksanvisning<\/li>\n<\/ul>\n","protected":false},"excerpt":{"rendered":"<p>V\u00e5r Hollywood-sv\u00e4ng med ligfunktion rymmer upp till tre vuxna och kan enkelt omvandlas till en utomhuss\u00e4ng. Den helt vadderade liggytan&#8230;<\/p>\n","protected":false},"featured_media":103247,"template":"","meta":[],"product_brand":[],"product_cat":[453,858,450],"product_tag":[],"class_list":{"0":"post-103256","1":"product","2":"type-product","3":"status-publish","4":"has-post-thumbnail","6":"product_cat-hollywood-gungor","7":"product_cat-tradgard-terrass","8":"product_cat-tradgardsmobler","10":"first","11":"instock","12":"sale","13":"taxable","14":"shipping-taxable","15":"purchasable","16":"product-type-simple"},"yoast_head":"<!-- This site is optimized with the Yoast SEO plugin v25.4 - https:\/\/yoast.com\/wordpress\/plugins\/seo\/ -->\n<title>TRUUSK 3-sits Terrassgunga - Verandagunga med B\u00e4ddfunktion - Hollywoodgunga med Myggn\u00e4t och St\u00e5lram - Gr\u00e5 - TRUUSK - Hem, Tr\u00e4dg\u00e5rd &amp; Fritid<\/title>\n<meta name=\"robots\" content=\"index, follow, max-snippet:-1, max-image-preview:large, max-video-preview:-1\" \/>\n<link rel=\"canonical\" href=\"https:\/\/truusk.store\/sv\/produkt\/truusk-3-sits-terrassgunga-verandagunga-med-baddfunktion-hollywoodgunga-med-myggnat-och-stalram-gra\/\" \/>\n<meta property=\"og:locale\" content=\"sv_SE\" \/>\n<meta property=\"og:type\" content=\"article\" \/>\n<meta property=\"og:title\" content=\"TRUUSK 3-sits Terrassgunga - Verandagunga med B\u00e4ddfunktion - Hollywoodgunga med Myggn\u00e4t och St\u00e5lram - Gr\u00e5 - TRUUSK - Hem, Tr\u00e4dg\u00e5rd &amp; Fritid\" \/>\n<meta property=\"og:description\" content=\"V\u00e5r Hollywood-sv\u00e4ng med ligfunktion rymmer upp till tre vuxna och kan enkelt omvandlas till en utomhuss\u00e4ng. Den helt vadderade liggytan...\" \/>\n<meta property=\"og:url\" content=\"https:\/\/truusk.store\/sv\/produkt\/truusk-3-sits-terrassgunga-verandagunga-med-baddfunktion-hollywoodgunga-med-myggnat-och-stalram-gra\/\" \/>\n<meta property=\"og:site_name\" content=\"TRUUSK - Hem, Tr\u00e4dg\u00e5rd &amp; Fritid\" \/>\n<meta property=\"article:modified_time\" content=\"2026-03-13T15:50:29+00:00\" \/>\n<meta property=\"og:image\" content=\"https:\/\/i0.wp.com\/truusk.se\/wp-content\/uploads\/2026\/01\/3-sits-terrassgunga-verandagunga-med-baddfunktion-hollywoodgunga-med-myggnat-och-stalram-gra-1.webp?fit=2000%2C2000&ssl=1\" \/>\n\t<meta property=\"og:image:width\" content=\"2000\" \/>\n\t<meta property=\"og:image:height\" content=\"2000\" \/>\n\t<meta property=\"og:image:type\" content=\"image\/webp\" \/>\n<meta name=\"twitter:card\" content=\"summary_large_image\" \/>\n<meta name=\"twitter:label1\" content=\"Ber\u00e4knad l\u00e4stid\" \/>\n\t<meta name=\"twitter:data1\" content=\"1 minut\" \/>\n<!-- \/ Yoast SEO plugin. -->","yoast_head_json":{"title":"TRUUSK 3-sits Terrassgunga - Verandagunga med B\u00e4ddfunktion - Hollywoodgunga med Myggn\u00e4t och St\u00e5lram - Gr\u00e5 - TRUUSK - Hem, Tr\u00e4dg\u00e5rd &amp; Fritid","robots":{"index":"index","follow":"follow","max-snippet":"max-snippet:-1","max-image-preview":"max-image-preview:large","max-video-preview":"max-video-preview:-1"},"canonical":"https:\/\/truusk.store\/sv\/produkt\/truusk-3-sits-terrassgunga-verandagunga-med-baddfunktion-hollywoodgunga-med-myggnat-och-stalram-gra\/","og_locale":"sv_SE","og_type":"article","og_title":"TRUUSK 3-sits Terrassgunga - Verandagunga med B\u00e4ddfunktion - Hollywoodgunga med Myggn\u00e4t och St\u00e5lram - Gr\u00e5 - TRUUSK - Hem, Tr\u00e4dg\u00e5rd &amp; Fritid","og_description":"V\u00e5r Hollywood-sv\u00e4ng med ligfunktion rymmer upp till tre vuxna och kan enkelt omvandlas till en utomhuss\u00e4ng. Den helt vadderade liggytan...","og_url":"https:\/\/truusk.store\/sv\/produkt\/truusk-3-sits-terrassgunga-verandagunga-med-baddfunktion-hollywoodgunga-med-myggnat-och-stalram-gra\/","og_site_name":"TRUUSK - Hem, Tr\u00e4dg\u00e5rd &amp; Fritid","article_modified_time":"2026-03-13T15:50:29+00:00","og_image":[{"width":2000,"height":2000,"url":"https:\/\/i0.wp.com\/truusk.se\/wp-content\/uploads\/2026\/01\/3-sits-terrassgunga-verandagunga-med-baddfunktion-hollywoodgunga-med-myggnat-och-stalram-gra-1.webp?fit=2000%2C2000&ssl=1","type":"image\/webp"}],"twitter_card":"summary_large_image","twitter_misc":{"Ber\u00e4knad l\u00e4stid":"1 minut"},"schema":{"@context":"https:\/\/schema.org","@graph":[{"@type":"WebPage","@id":"https:\/\/truusk.store\/sv\/produkt\/truusk-3-sits-terrassgunga-verandagunga-med-baddfunktion-hollywoodgunga-med-myggnat-och-stalram-gra\/","url":"https:\/\/truusk.store\/sv\/produkt\/truusk-3-sits-terrassgunga-verandagunga-med-baddfunktion-hollywoodgunga-med-myggnat-och-stalram-gra\/","name":"TRUUSK 3-sits Terrassgunga - Verandagunga med B\u00e4ddfunktion - Hollywoodgunga med Myggn\u00e4t och St\u00e5lram - Gr\u00e5 - TRUUSK - Hem, Tr\u00e4dg\u00e5rd &amp; Fritid","isPartOf":{"@id":"https:\/\/truusk.store\/sv\/#website"},"primaryImageOfPage":{"@id":"https:\/\/truusk.store\/sv\/produkt\/truusk-3-sits-terrassgunga-verandagunga-med-baddfunktion-hollywoodgunga-med-myggnat-och-stalram-gra\/#primaryimage"},"image":{"@id":"https:\/\/truusk.store\/sv\/produkt\/truusk-3-sits-terrassgunga-verandagunga-med-baddfunktion-hollywoodgunga-med-myggnat-och-stalram-gra\/#primaryimage"},"thumbnailUrl":"https:\/\/i0.wp.com\/truusk.store\/wp-content\/uploads\/2026\/01\/3-sits-terrassgunga-verandagunga-med-baddfunktion-hollywoodgunga-med-myggnat-och-stalram-gra-1.webp?fit=2000%2C2000&ssl=1","datePublished":"2026-01-30T19:26:10+00:00","dateModified":"2026-03-13T15:50:29+00:00","breadcrumb":{"@id":"https:\/\/truusk.store\/sv\/produkt\/truusk-3-sits-terrassgunga-verandagunga-med-baddfunktion-hollywoodgunga-med-myggnat-och-stalram-gra\/#breadcrumb"},"inLanguage":"sv-SE","potentialAction":[{"@type":"ReadAction","target":["https:\/\/truusk.store\/sv\/produkt\/truusk-3-sits-terrassgunga-verandagunga-med-baddfunktion-hollywoodgunga-med-myggnat-och-stalram-gra\/"]}]},{"@type":"ImageObject","inLanguage":"sv-SE","@id":"https:\/\/truusk.store\/sv\/produkt\/truusk-3-sits-terrassgunga-verandagunga-med-baddfunktion-hollywoodgunga-med-myggnat-och-stalram-gra\/#primaryimage","url":"https:\/\/i0.wp.com\/truusk.store\/wp-content\/uploads\/2026\/01\/3-sits-terrassgunga-verandagunga-med-baddfunktion-hollywoodgunga-med-myggnat-och-stalram-gra-1.webp?fit=2000%2C2000&ssl=1","contentUrl":"https:\/\/i0.wp.com\/truusk.store\/wp-content\/uploads\/2026\/01\/3-sits-terrassgunga-verandagunga-med-baddfunktion-hollywoodgunga-med-myggnat-och-stalram-gra-1.webp?fit=2000%2C2000&ssl=1","width":2000,"height":2000},{"@type":"BreadcrumbList","@id":"https:\/\/truusk.store\/sv\/produkt\/truusk-3-sits-terrassgunga-verandagunga-med-baddfunktion-hollywoodgunga-med-myggnat-och-stalram-gra\/#breadcrumb","itemListElement":[{"@type":"ListItem","position":1,"name":"Home","item":"https:\/\/truusk.store\/sv\/"},{"@type":"ListItem","position":2,"name":"Shop","item":"https:\/\/truusk.store\/shop\/"},{"@type":"ListItem","position":3,"name":"TRUUSK 3-sits Terrassgunga &#8211; Verandagunga med B\u00e4ddfunktion &#8211; Hollywoodgunga med Myggn\u00e4t och St\u00e5lram &#8211; Gr\u00e5"}]},{"@type":"WebSite","@id":"https:\/\/truusk.store\/sv\/#website","url":"https:\/\/truusk.store\/sv\/","name":"TRUUSK - Hem, Tr\u00e4dg\u00e5rd & Fritid","description":"","publisher":{"@id":"https:\/\/truusk.store\/sv\/#organization"},"potentialAction":[{"@type":"SearchAction","target":{"@type":"EntryPoint","urlTemplate":"https:\/\/truusk.store\/sv\/?s={search_term_string}"},"query-input":{"@type":"PropertyValueSpecification","valueRequired":true,"valueName":"search_term_string"}}],"inLanguage":"sv-SE"},{"@type":"Organization","@id":"https:\/\/truusk.store\/sv\/#organization","name":"TRUUSK - Hem, Tr\u00e4dg\u00e5rd & Fritid","url":"https:\/\/truusk.store\/sv\/","logo":{"@type":"ImageObject","inLanguage":"sv-SE","@id":"https:\/\/truusk.store\/sv\/#\/schema\/logo\/image\/","url":"https:\/\/i0.wp.com\/truusk.store\/wp-content\/uploads\/2026\/03\/cropped-TRUUSK.png?fit=2032%2C917&ssl=1","contentUrl":"https:\/\/i0.wp.com\/truusk.store\/wp-content\/uploads\/2026\/03\/cropped-TRUUSK.png?fit=2032%2C917&ssl=1","width":2032,"height":917,"caption":"TRUUSK - Hem, Tr\u00e4dg\u00e5rd & Fritid"},"image":{"@id":"https:\/\/truusk.store\/sv\/#\/schema\/logo\/image\/"}}]}},"jetpack_sharing_enabled":true,"_links":{"self":[{"href":"https:\/\/truusk.store\/sv\/wp-json\/wp\/v2\/product\/103256","targetHints":{"allow":["GET"]}}],"collection":[{"href":"https:\/\/truusk.store\/sv\/wp-json\/wp\/v2\/product"}],"about":[{"href":"https:\/\/truusk.store\/sv\/wp-json\/wp\/v2\/types\/product"}],"wp:featuredmedia":[{"embeddable":true,"href":"https:\/\/truusk.store\/sv\/wp-json\/wp\/v2\/media\/103247"}],"wp:attachment":[{"href":"https:\/\/truusk.store\/sv\/wp-json\/wp\/v2\/media?parent=103256"}],"wp:term":[{"taxonomy":"product_brand","embeddable":true,"href":"https:\/\/truusk.store\/sv\/wp-json\/wp\/v2\/product_brand?post=103256"},{"taxonomy":"product_cat","embeddable":true,"href":"https:\/\/truusk.store\/sv\/wp-json\/wp\/v2\/product_cat?post=103256"},{"taxonomy":"product_tag","embeddable":true,"href":"https:\/\/truusk.store\/sv\/wp-json\/wp\/v2\/product_tag?post=103256"}],"curies":[{"name":"wp","href":"https:\/\/api.w.org\/{rel}","templated":true}]}}