{"id":10326,"date":"2024-02-13T10:10:26","date_gmt":"2024-02-13T09:10:26","guid":{"rendered":"https:\/\/truusk.store\/product\/hopfallbar-paviljong-24x24m-paviljong-hopfallbar-talt-med-uv-skydd-partytalt-inklusive-barvaska-for-tradgard-balkong-stalgron\/"},"modified":"2026-03-12T08:57:08","modified_gmt":"2026-03-12T07:57:08","slug":"truusk-hopfallbar-paviljong-24x24m-med-uv-skydd-barvaska-for-tradgard-och-balkong-stalgron","status":"publish","type":"product","link":"https:\/\/truusk.store\/sv\/produkt\/truusk-hopfallbar-paviljong-24x24m-med-uv-skydd-barvaska-for-tradgard-och-balkong-stalgron\/","title":{"rendered":"TRUUSK Hopf\u00e4llbar Paviljong 2,4&#215;2,4m &#8211; Med UV-skydd &#8211; B\u00e4rv\u00e4ska &#8211; F\u00f6r Tr\u00e4dg\u00e5rd och Balkong &#8211; St\u00e5lgr\u00f6n"},"content":{"rendered":"<p>N\u00e4r den \u00e4r utf\u00e4lld erbjuder v\u00e5r hopf\u00e4llbara paviljong dig en skuggig plats i tr\u00e4dg\u00e5rden att koppla av och \u00e4r ocks\u00e5 idealisk f\u00f6r festivaler, fester eller till och med camping. Tack vare vikfunktionen kan v\u00e5r f\u00e4llbara paviljong enkelt s\u00e4ttas upp p\u00e5 mycket kort tid. Det h\u00f6gkvalitativa taket av 210D Oxford-tyg skyddar mot regn och intensivt solljus. S\u00e5 du kan tryggt njuta av sommaren.<\/p>\n<h3>Beskrivning:<\/h3>\n<ul>\n<li>Hopf\u00e4llbar paviljong f\u00f6r tr\u00e4dg\u00e5rdar, festivaler, fester eller camping<\/li>\n<li>F\u00e4llbar konstruktion av starkt st\u00e5l ger h\u00f6g stabilitet<\/li>\n<li>Oxfordtak ger skydd mot UV-str\u00e5lning<\/li>\n<li>4 f\u00e4stlinor och 8 pinnar f\u00f6r f\u00f6rankring i mjuk mark ger extra stabilitet<\/li>\n<li>Inkluderar b\u00e4rv\u00e4ska f\u00f6r enkel transport<\/li>\n<li>Snabb och enkel montering utan verktyg<\/li>\n<li>OBS: Ej f\u00f6r anv\u00e4ndning i regn, sn\u00f6, vind<\/li>\n<\/ul>\n<h3>Teknisk data:<\/h3>\n<ul>\n<li>Material: st\u00e5l, Oxford<\/li>\n<li>F\u00e4rg: gr\u00f6n<\/li>\n<li>Totalm\u00e5tt 240L x 240W x 250H cm<\/li>\n<li>Genomg\u00e5ngsh\u00f6jd: 192 cm<\/li>\n<li>M\u00e5tt p\u00e5 taket: 240L x 240W cm<\/li>\n<li>Vikm\u00e5tt: 123L x 20W x 20H cm<\/li>\n<\/ul>\n<h3>Leveransens omfattning:<\/h3>\n<ul>\n<li>1 x hopf\u00e4llbart lusthus<\/li>\n<li>4 x F\u00e4stlinor<\/li>\n<li>8 x pinnar<\/li>\n<li>1 x B\u00e4rv\u00e4ska<\/li>\n<\/ul>\n","protected":false},"excerpt":{"rendered":"<p>N\u00e4r den \u00e4r utf\u00e4lld erbjuder v\u00e5r hopf\u00e4llbara paviljong dig en skuggig plats i tr\u00e4dg\u00e5rden att koppla av och \u00e4r ocks\u00e5&#8230;<\/p>\n","protected":false},"featured_media":10327,"template":"","meta":[],"product_brand":[],"product_cat":[477,435,476],"product_tag":[],"class_list":{"0":"post-10326","1":"product","2":"type-product","3":"status-publish","4":"has-post-thumbnail","6":"product_cat-paviljonger-partytalt","7":"product_cat-tradgard-och-terrass","8":"product_cat-tradgardspaviljonger","10":"first","11":"instock","12":"sale","13":"taxable","14":"shipping-taxable","15":"purchasable","16":"product-type-simple"},"yoast_head":"<!-- This site is optimized with the Yoast SEO plugin v25.4 - https:\/\/yoast.com\/wordpress\/plugins\/seo\/ -->\n<title>TRUUSK Hopf\u00e4llbar Paviljong 2,4x2,4m - Med UV-skydd - B\u00e4rv\u00e4ska - F\u00f6r Tr\u00e4dg\u00e5rd och Balkong - St\u00e5lgr\u00f6n - TRUUSK - Hem, Tr\u00e4dg\u00e5rd &amp; Fritid<\/title>\n<meta name=\"robots\" content=\"index, follow, max-snippet:-1, max-image-preview:large, max-video-preview:-1\" \/>\n<link rel=\"canonical\" href=\"https:\/\/truusk.store\/sv\/produkt\/truusk-hopfallbar-paviljong-24x24m-med-uv-skydd-barvaska-for-tradgard-och-balkong-stalgron\/\" \/>\n<meta property=\"og:locale\" content=\"sv_SE\" \/>\n<meta property=\"og:type\" content=\"article\" \/>\n<meta property=\"og:title\" content=\"TRUUSK Hopf\u00e4llbar Paviljong 2,4x2,4m - Med UV-skydd - B\u00e4rv\u00e4ska - F\u00f6r Tr\u00e4dg\u00e5rd och Balkong - St\u00e5lgr\u00f6n - TRUUSK - Hem, Tr\u00e4dg\u00e5rd &amp; Fritid\" \/>\n<meta property=\"og:description\" content=\"N\u00e4r den \u00e4r utf\u00e4lld erbjuder v\u00e5r hopf\u00e4llbara paviljong dig en skuggig plats i tr\u00e4dg\u00e5rden att koppla av och \u00e4r ocks\u00e5...\" \/>\n<meta property=\"og:url\" content=\"https:\/\/truusk.store\/sv\/produkt\/truusk-hopfallbar-paviljong-24x24m-med-uv-skydd-barvaska-for-tradgard-och-balkong-stalgron\/\" \/>\n<meta property=\"og:site_name\" content=\"TRUUSK - Hem, Tr\u00e4dg\u00e5rd &amp; Fritid\" \/>\n<meta property=\"article:modified_time\" content=\"2026-03-12T07:57:08+00:00\" \/>\n<meta property=\"og:image\" content=\"https:\/\/i0.wp.com\/truusk.se\/wp-content\/uploads\/2024\/02\/hopfallbar-paviljong-24x24m-paviljong-hopfallbar-talt-med-uv-skydd-partytalt-inklusive-barvaska-for-tradgard-balkong-stalgron.webp?fit=800%2C800&ssl=1\" \/>\n\t<meta property=\"og:image:width\" content=\"800\" \/>\n\t<meta property=\"og:image:height\" content=\"800\" \/>\n\t<meta property=\"og:image:type\" content=\"image\/webp\" \/>\n<meta name=\"twitter:card\" content=\"summary_large_image\" \/>\n<meta name=\"twitter:label1\" content=\"Ber\u00e4knad l\u00e4stid\" \/>\n\t<meta name=\"twitter:data1\" content=\"1 minut\" \/>\n<!-- \/ Yoast SEO plugin. -->","yoast_head_json":{"title":"TRUUSK Hopf\u00e4llbar Paviljong 2,4x2,4m - Med UV-skydd - B\u00e4rv\u00e4ska - F\u00f6r Tr\u00e4dg\u00e5rd och Balkong - St\u00e5lgr\u00f6n - TRUUSK - Hem, Tr\u00e4dg\u00e5rd &amp; Fritid","robots":{"index":"index","follow":"follow","max-snippet":"max-snippet:-1","max-image-preview":"max-image-preview:large","max-video-preview":"max-video-preview:-1"},"canonical":"https:\/\/truusk.store\/sv\/produkt\/truusk-hopfallbar-paviljong-24x24m-med-uv-skydd-barvaska-for-tradgard-och-balkong-stalgron\/","og_locale":"sv_SE","og_type":"article","og_title":"TRUUSK Hopf\u00e4llbar Paviljong 2,4x2,4m - Med UV-skydd - B\u00e4rv\u00e4ska - F\u00f6r Tr\u00e4dg\u00e5rd och Balkong - St\u00e5lgr\u00f6n - TRUUSK - Hem, Tr\u00e4dg\u00e5rd &amp; Fritid","og_description":"N\u00e4r den \u00e4r utf\u00e4lld erbjuder v\u00e5r hopf\u00e4llbara paviljong dig en skuggig plats i tr\u00e4dg\u00e5rden att koppla av och \u00e4r ocks\u00e5...","og_url":"https:\/\/truusk.store\/sv\/produkt\/truusk-hopfallbar-paviljong-24x24m-med-uv-skydd-barvaska-for-tradgard-och-balkong-stalgron\/","og_site_name":"TRUUSK - Hem, Tr\u00e4dg\u00e5rd &amp; Fritid","article_modified_time":"2026-03-12T07:57:08+00:00","og_image":[{"width":800,"height":800,"url":"https:\/\/i0.wp.com\/truusk.se\/wp-content\/uploads\/2024\/02\/hopfallbar-paviljong-24x24m-paviljong-hopfallbar-talt-med-uv-skydd-partytalt-inklusive-barvaska-for-tradgard-balkong-stalgron.webp?fit=800%2C800&ssl=1","type":"image\/webp"}],"twitter_card":"summary_large_image","twitter_misc":{"Ber\u00e4knad l\u00e4stid":"1 minut"},"schema":{"@context":"https:\/\/schema.org","@graph":[{"@type":"WebPage","@id":"https:\/\/truusk.store\/sv\/produkt\/truusk-hopfallbar-paviljong-24x24m-med-uv-skydd-barvaska-for-tradgard-och-balkong-stalgron\/","url":"https:\/\/truusk.store\/sv\/produkt\/truusk-hopfallbar-paviljong-24x24m-med-uv-skydd-barvaska-for-tradgard-och-balkong-stalgron\/","name":"TRUUSK Hopf\u00e4llbar Paviljong 2,4x2,4m - Med UV-skydd - B\u00e4rv\u00e4ska - F\u00f6r Tr\u00e4dg\u00e5rd och Balkong - St\u00e5lgr\u00f6n - TRUUSK - Hem, Tr\u00e4dg\u00e5rd &amp; Fritid","isPartOf":{"@id":"https:\/\/truusk.store\/sv\/#website"},"primaryImageOfPage":{"@id":"https:\/\/truusk.store\/sv\/produkt\/truusk-hopfallbar-paviljong-24x24m-med-uv-skydd-barvaska-for-tradgard-och-balkong-stalgron\/#primaryimage"},"image":{"@id":"https:\/\/truusk.store\/sv\/produkt\/truusk-hopfallbar-paviljong-24x24m-med-uv-skydd-barvaska-for-tradgard-och-balkong-stalgron\/#primaryimage"},"thumbnailUrl":"https:\/\/i0.wp.com\/truusk.store\/wp-content\/uploads\/2024\/02\/hopfallbar-paviljong-24x24m-paviljong-hopfallbar-talt-med-uv-skydd-partytalt-inklusive-barvaska-for-tradgard-balkong-stalgron.webp?fit=800%2C800&ssl=1","datePublished":"2024-02-13T09:10:26+00:00","dateModified":"2026-03-12T07:57:08+00:00","breadcrumb":{"@id":"https:\/\/truusk.store\/sv\/produkt\/truusk-hopfallbar-paviljong-24x24m-med-uv-skydd-barvaska-for-tradgard-och-balkong-stalgron\/#breadcrumb"},"inLanguage":"sv-SE","potentialAction":[{"@type":"ReadAction","target":["https:\/\/truusk.store\/sv\/produkt\/truusk-hopfallbar-paviljong-24x24m-med-uv-skydd-barvaska-for-tradgard-och-balkong-stalgron\/"]}]},{"@type":"ImageObject","inLanguage":"sv-SE","@id":"https:\/\/truusk.store\/sv\/produkt\/truusk-hopfallbar-paviljong-24x24m-med-uv-skydd-barvaska-for-tradgard-och-balkong-stalgron\/#primaryimage","url":"https:\/\/i0.wp.com\/truusk.store\/wp-content\/uploads\/2024\/02\/hopfallbar-paviljong-24x24m-paviljong-hopfallbar-talt-med-uv-skydd-partytalt-inklusive-barvaska-for-tradgard-balkong-stalgron.webp?fit=800%2C800&ssl=1","contentUrl":"https:\/\/i0.wp.com\/truusk.store\/wp-content\/uploads\/2024\/02\/hopfallbar-paviljong-24x24m-paviljong-hopfallbar-talt-med-uv-skydd-partytalt-inklusive-barvaska-for-tradgard-balkong-stalgron.webp?fit=800%2C800&ssl=1","width":800,"height":800,"caption":"Hopf\u00e4llbar Paviljong 2,4x2,4m Paviljong Hopf\u00e4llbar T\u00e4lt Med UV-skydd, Partyt\u00e4lt Inklusive B\u00e4rv\u00e4ska F\u00f6r Tr\u00e4dg\u00e5rd, Balkong, St\u00e5lgr\u00f6n 1"},{"@type":"BreadcrumbList","@id":"https:\/\/truusk.store\/sv\/produkt\/truusk-hopfallbar-paviljong-24x24m-med-uv-skydd-barvaska-for-tradgard-och-balkong-stalgron\/#breadcrumb","itemListElement":[{"@type":"ListItem","position":1,"name":"Home","item":"https:\/\/truusk.store\/sv\/"},{"@type":"ListItem","position":2,"name":"Shop","item":"https:\/\/truusk.store\/shop\/"},{"@type":"ListItem","position":3,"name":"TRUUSK Hopf\u00e4llbar Paviljong 2,4&#215;2,4m &#8211; Med UV-skydd &#8211; B\u00e4rv\u00e4ska &#8211; F\u00f6r Tr\u00e4dg\u00e5rd och Balkong &#8211; St\u00e5lgr\u00f6n"}]},{"@type":"WebSite","@id":"https:\/\/truusk.store\/sv\/#website","url":"https:\/\/truusk.store\/sv\/","name":"TRUUSK - Hem, Tr\u00e4dg\u00e5rd & Fritid","description":"","publisher":{"@id":"https:\/\/truusk.store\/sv\/#organization"},"potentialAction":[{"@type":"SearchAction","target":{"@type":"EntryPoint","urlTemplate":"https:\/\/truusk.store\/sv\/?s={search_term_string}"},"query-input":{"@type":"PropertyValueSpecification","valueRequired":true,"valueName":"search_term_string"}}],"inLanguage":"sv-SE"},{"@type":"Organization","@id":"https:\/\/truusk.store\/sv\/#organization","name":"TRUUSK - Hem, Tr\u00e4dg\u00e5rd & Fritid","url":"https:\/\/truusk.store\/sv\/","logo":{"@type":"ImageObject","inLanguage":"sv-SE","@id":"https:\/\/truusk.store\/sv\/#\/schema\/logo\/image\/","url":"https:\/\/i0.wp.com\/truusk.store\/wp-content\/uploads\/2026\/03\/cropped-TRUUSK.png?fit=2032%2C917&ssl=1","contentUrl":"https:\/\/i0.wp.com\/truusk.store\/wp-content\/uploads\/2026\/03\/cropped-TRUUSK.png?fit=2032%2C917&ssl=1","width":2032,"height":917,"caption":"TRUUSK - Hem, Tr\u00e4dg\u00e5rd & Fritid"},"image":{"@id":"https:\/\/truusk.store\/sv\/#\/schema\/logo\/image\/"}}]}},"jetpack_sharing_enabled":true,"_links":{"self":[{"href":"https:\/\/truusk.store\/sv\/wp-json\/wp\/v2\/product\/10326","targetHints":{"allow":["GET"]}}],"collection":[{"href":"https:\/\/truusk.store\/sv\/wp-json\/wp\/v2\/product"}],"about":[{"href":"https:\/\/truusk.store\/sv\/wp-json\/wp\/v2\/types\/product"}],"wp:featuredmedia":[{"embeddable":true,"href":"https:\/\/truusk.store\/sv\/wp-json\/wp\/v2\/media\/10327"}],"wp:attachment":[{"href":"https:\/\/truusk.store\/sv\/wp-json\/wp\/v2\/media?parent=10326"}],"wp:term":[{"taxonomy":"product_brand","embeddable":true,"href":"https:\/\/truusk.store\/sv\/wp-json\/wp\/v2\/product_brand?post=10326"},{"taxonomy":"product_cat","embeddable":true,"href":"https:\/\/truusk.store\/sv\/wp-json\/wp\/v2\/product_cat?post=10326"},{"taxonomy":"product_tag","embeddable":true,"href":"https:\/\/truusk.store\/sv\/wp-json\/wp\/v2\/product_tag?post=10326"}],"curies":[{"name":"wp","href":"https:\/\/api.w.org\/{rel}","templated":true}]}}