{"id":103307,"date":"2026-02-03T20:13:44","date_gmt":"2026-02-03T19:13:44","guid":{"rendered":"https:\/\/truusk.store\/product\/tradgardsliggstol-solstol-med-vadderad-ansiktsoppning-massagestol-for-utomhusbruk-sidoficka-tyg-metall-gron\/"},"modified":"2026-03-12T09:12:31","modified_gmt":"2026-03-12T08:12:31","slug":"truusk-tradgardsliggstol-solstol-med-ansiktsoppning-massagefunktion-sidoficka-gron","status":"publish","type":"product","link":"https:\/\/truusk.store\/sv\/produkt\/truusk-tradgardsliggstol-solstol-med-ansiktsoppning-massagefunktion-sidoficka-gron\/","title":{"rendered":"TRUUSK Tr\u00e4dg\u00e5rdsliggstol &#8211; Solstol med Ansikts\u00f6ppning &#8211; Massagefunktion &#8211; Sidoficka &#8211; Gr\u00f6n"},"content":{"rendered":"<p>Denna [BRAND NAME] hopf\u00e4llbara solstol i massagestil kommer med ett vadderat ansiktsh\u00e5l p\u00e5 framsidan, perfekt f\u00f6r att slappna av ansiktet n\u00e4r du solar eller l\u00e4ser. Den pulverlackerade metallramen p\u00e5 den hopf\u00e4llbara tr\u00e4dg\u00e5rdsstolen b\u00e4r upp till 120 kg och ryggst\u00f6det kan justeras i fem positioner. Dessutom finns det en anv\u00e4ndbar sidoficka i den v\u00e4derbest\u00e4ndiga tr\u00e4dg\u00e5rdsstolen f\u00f6r mobiltelefonen eller en bok.<\/p>\n<p>Beskrivning:<\/p>\n<ul>\n<li> Ryggst\u00f6det p\u00e5 bastustolen kan l\u00e5sas i fem olika positioner<\/li>\n<li> Den pulverlackerade st\u00e5lramen p\u00e5 campingstolen \u00e4r stark, robust och hopf\u00e4llbar, med b\u00e4rrem f\u00f6r b\u00e4rande och f\u00f6rvaring<\/li>\n<li> Vadderad ansikts\u00f6ppning med armst\u00f6d. Slappna av p\u00e5 magen p\u00e5 solstolen och n\u00e4r du l\u00e4ser en bok<\/li>\n<li> Sidoficka f\u00f6r f\u00f6rvaring av tidningar, b\u00f6cker, mobiltelefoner och mer<\/li>\n<li> Sl\u00e4t, andningsbar tyg\u00f6verdrag<\/li>\n<li> Maximal belastning: 120 kg. Montering kr\u00e4vs<\/li>\n<\/ul>\n<p> Tekniska specifikationer:<\/p>\n<ul>\n<li> F\u00e4rg: Gr\u00f6n<\/li>\n<li> Material: Oxford-tyg (100% polyester), st\u00e5l<\/li>\n<li> Totala dimensioner: 185L x 55B x 29H cm (helt lutad)<\/li>\n<li> Hopf\u00e4llda dimensioner: 72L x 55B x 10H cm<\/li>\n<li> Sidoficka: 28L x 24B cm<\/li>\n<li> Belastningskapacitet: 120 kg<\/li>\n<\/ul>\n<p>Leveransinneh\u00e5ll:<\/p>\n<ul>\n<li> 1 x Solstol<\/li>\n<li> 1 x Bruksanvisning<\/li>\n<\/ul>\n","protected":false},"excerpt":{"rendered":"<p>Denna [BRAND NAME] hopf\u00e4llbara solstol i massagestil kommer med ett vadderat ansiktsh\u00e5l p\u00e5 framsidan, perfekt f\u00f6r att slappna av ansiktet&#8230;<\/p>\n","protected":false},"featured_media":103298,"template":"","meta":[],"product_brand":[],"product_cat":[451,858,450],"product_tag":[],"class_list":{"0":"post-103307","1":"product","2":"type-product","3":"status-publish","4":"has-post-thumbnail","6":"product_cat-solstolar","7":"product_cat-tradgard-terrass","8":"product_cat-tradgardsmobler","10":"first","11":"instock","12":"sale","13":"taxable","14":"shipping-taxable","15":"purchasable","16":"product-type-simple"},"yoast_head":"<!-- This site is optimized with the Yoast SEO plugin v25.4 - https:\/\/yoast.com\/wordpress\/plugins\/seo\/ -->\n<title>TRUUSK Tr\u00e4dg\u00e5rdsliggstol - Solstol med Ansikts\u00f6ppning - Massagefunktion - Sidoficka - Gr\u00f6n - TRUUSK - Hem, Tr\u00e4dg\u00e5rd &amp; Fritid<\/title>\n<meta name=\"robots\" content=\"index, follow, max-snippet:-1, max-image-preview:large, max-video-preview:-1\" \/>\n<link rel=\"canonical\" href=\"https:\/\/truusk.store\/sv\/produkt\/truusk-tradgardsliggstol-solstol-med-ansiktsoppning-massagefunktion-sidoficka-gron\/\" \/>\n<meta property=\"og:locale\" content=\"sv_SE\" \/>\n<meta property=\"og:type\" content=\"article\" \/>\n<meta property=\"og:title\" content=\"TRUUSK Tr\u00e4dg\u00e5rdsliggstol - Solstol med Ansikts\u00f6ppning - Massagefunktion - Sidoficka - Gr\u00f6n - TRUUSK - Hem, Tr\u00e4dg\u00e5rd &amp; Fritid\" \/>\n<meta property=\"og:description\" content=\"Denna [BRAND NAME] hopf\u00e4llbara solstol i massagestil kommer med ett vadderat ansiktsh\u00e5l p\u00e5 framsidan, perfekt f\u00f6r att slappna av ansiktet...\" \/>\n<meta property=\"og:url\" content=\"https:\/\/truusk.store\/sv\/produkt\/truusk-tradgardsliggstol-solstol-med-ansiktsoppning-massagefunktion-sidoficka-gron\/\" \/>\n<meta property=\"og:site_name\" content=\"TRUUSK - Hem, Tr\u00e4dg\u00e5rd &amp; Fritid\" \/>\n<meta property=\"article:modified_time\" content=\"2026-03-12T08:12:31+00:00\" \/>\n<meta property=\"og:image\" content=\"https:\/\/i0.wp.com\/truusk.se\/wp-content\/uploads\/2026\/02\/tradgardsliggstol-solstol-med-vadderad-ansiktsoppning-massagestol-for-utomhusbruk-sidoficka-tyg-metall-gron-1.webp?fit=2000%2C2000&ssl=1\" \/>\n\t<meta property=\"og:image:width\" content=\"2000\" \/>\n\t<meta property=\"og:image:height\" content=\"2000\" \/>\n\t<meta property=\"og:image:type\" content=\"image\/webp\" \/>\n<meta name=\"twitter:card\" content=\"summary_large_image\" \/>\n<meta name=\"twitter:label1\" content=\"Ber\u00e4knad l\u00e4stid\" \/>\n\t<meta name=\"twitter:data1\" content=\"1 minut\" \/>\n<!-- \/ Yoast SEO plugin. -->","yoast_head_json":{"title":"TRUUSK Tr\u00e4dg\u00e5rdsliggstol - Solstol med Ansikts\u00f6ppning - Massagefunktion - Sidoficka - Gr\u00f6n - TRUUSK - Hem, Tr\u00e4dg\u00e5rd &amp; Fritid","robots":{"index":"index","follow":"follow","max-snippet":"max-snippet:-1","max-image-preview":"max-image-preview:large","max-video-preview":"max-video-preview:-1"},"canonical":"https:\/\/truusk.store\/sv\/produkt\/truusk-tradgardsliggstol-solstol-med-ansiktsoppning-massagefunktion-sidoficka-gron\/","og_locale":"sv_SE","og_type":"article","og_title":"TRUUSK Tr\u00e4dg\u00e5rdsliggstol - Solstol med Ansikts\u00f6ppning - Massagefunktion - Sidoficka - Gr\u00f6n - TRUUSK - Hem, Tr\u00e4dg\u00e5rd &amp; Fritid","og_description":"Denna [BRAND NAME] hopf\u00e4llbara solstol i massagestil kommer med ett vadderat ansiktsh\u00e5l p\u00e5 framsidan, perfekt f\u00f6r att slappna av ansiktet...","og_url":"https:\/\/truusk.store\/sv\/produkt\/truusk-tradgardsliggstol-solstol-med-ansiktsoppning-massagefunktion-sidoficka-gron\/","og_site_name":"TRUUSK - Hem, Tr\u00e4dg\u00e5rd &amp; Fritid","article_modified_time":"2026-03-12T08:12:31+00:00","og_image":[{"width":2000,"height":2000,"url":"https:\/\/i0.wp.com\/truusk.se\/wp-content\/uploads\/2026\/02\/tradgardsliggstol-solstol-med-vadderad-ansiktsoppning-massagestol-for-utomhusbruk-sidoficka-tyg-metall-gron-1.webp?fit=2000%2C2000&ssl=1","type":"image\/webp"}],"twitter_card":"summary_large_image","twitter_misc":{"Ber\u00e4knad l\u00e4stid":"1 minut"},"schema":{"@context":"https:\/\/schema.org","@graph":[{"@type":"WebPage","@id":"https:\/\/truusk.store\/sv\/produkt\/truusk-tradgardsliggstol-solstol-med-ansiktsoppning-massagefunktion-sidoficka-gron\/","url":"https:\/\/truusk.store\/sv\/produkt\/truusk-tradgardsliggstol-solstol-med-ansiktsoppning-massagefunktion-sidoficka-gron\/","name":"TRUUSK Tr\u00e4dg\u00e5rdsliggstol - Solstol med Ansikts\u00f6ppning - Massagefunktion - Sidoficka - Gr\u00f6n - TRUUSK - Hem, Tr\u00e4dg\u00e5rd &amp; Fritid","isPartOf":{"@id":"https:\/\/truusk.store\/sv\/#website"},"primaryImageOfPage":{"@id":"https:\/\/truusk.store\/sv\/produkt\/truusk-tradgardsliggstol-solstol-med-ansiktsoppning-massagefunktion-sidoficka-gron\/#primaryimage"},"image":{"@id":"https:\/\/truusk.store\/sv\/produkt\/truusk-tradgardsliggstol-solstol-med-ansiktsoppning-massagefunktion-sidoficka-gron\/#primaryimage"},"thumbnailUrl":"https:\/\/i0.wp.com\/truusk.store\/wp-content\/uploads\/2026\/02\/tradgardsliggstol-solstol-med-vadderad-ansiktsoppning-massagestol-for-utomhusbruk-sidoficka-tyg-metall-gron-1.webp?fit=2000%2C2000&ssl=1","datePublished":"2026-02-03T19:13:44+00:00","dateModified":"2026-03-12T08:12:31+00:00","breadcrumb":{"@id":"https:\/\/truusk.store\/sv\/produkt\/truusk-tradgardsliggstol-solstol-med-ansiktsoppning-massagefunktion-sidoficka-gron\/#breadcrumb"},"inLanguage":"sv-SE","potentialAction":[{"@type":"ReadAction","target":["https:\/\/truusk.store\/sv\/produkt\/truusk-tradgardsliggstol-solstol-med-ansiktsoppning-massagefunktion-sidoficka-gron\/"]}]},{"@type":"ImageObject","inLanguage":"sv-SE","@id":"https:\/\/truusk.store\/sv\/produkt\/truusk-tradgardsliggstol-solstol-med-ansiktsoppning-massagefunktion-sidoficka-gron\/#primaryimage","url":"https:\/\/i0.wp.com\/truusk.store\/wp-content\/uploads\/2026\/02\/tradgardsliggstol-solstol-med-vadderad-ansiktsoppning-massagestol-for-utomhusbruk-sidoficka-tyg-metall-gron-1.webp?fit=2000%2C2000&ssl=1","contentUrl":"https:\/\/i0.wp.com\/truusk.store\/wp-content\/uploads\/2026\/02\/tradgardsliggstol-solstol-med-vadderad-ansiktsoppning-massagestol-for-utomhusbruk-sidoficka-tyg-metall-gron-1.webp?fit=2000%2C2000&ssl=1","width":2000,"height":2000},{"@type":"BreadcrumbList","@id":"https:\/\/truusk.store\/sv\/produkt\/truusk-tradgardsliggstol-solstol-med-ansiktsoppning-massagefunktion-sidoficka-gron\/#breadcrumb","itemListElement":[{"@type":"ListItem","position":1,"name":"Home","item":"https:\/\/truusk.store\/sv\/"},{"@type":"ListItem","position":2,"name":"Shop","item":"https:\/\/truusk.store\/shop\/"},{"@type":"ListItem","position":3,"name":"TRUUSK Tr\u00e4dg\u00e5rdsliggstol &#8211; Solstol med Ansikts\u00f6ppning &#8211; Massagefunktion &#8211; Sidoficka &#8211; Gr\u00f6n"}]},{"@type":"WebSite","@id":"https:\/\/truusk.store\/sv\/#website","url":"https:\/\/truusk.store\/sv\/","name":"TRUUSK - Hem, Tr\u00e4dg\u00e5rd & Fritid","description":"","publisher":{"@id":"https:\/\/truusk.store\/sv\/#organization"},"potentialAction":[{"@type":"SearchAction","target":{"@type":"EntryPoint","urlTemplate":"https:\/\/truusk.store\/sv\/?s={search_term_string}"},"query-input":{"@type":"PropertyValueSpecification","valueRequired":true,"valueName":"search_term_string"}}],"inLanguage":"sv-SE"},{"@type":"Organization","@id":"https:\/\/truusk.store\/sv\/#organization","name":"TRUUSK - Hem, Tr\u00e4dg\u00e5rd & Fritid","url":"https:\/\/truusk.store\/sv\/","logo":{"@type":"ImageObject","inLanguage":"sv-SE","@id":"https:\/\/truusk.store\/sv\/#\/schema\/logo\/image\/","url":"https:\/\/i0.wp.com\/truusk.store\/wp-content\/uploads\/2026\/03\/cropped-TRUUSK.png?fit=2032%2C917&ssl=1","contentUrl":"https:\/\/i0.wp.com\/truusk.store\/wp-content\/uploads\/2026\/03\/cropped-TRUUSK.png?fit=2032%2C917&ssl=1","width":2032,"height":917,"caption":"TRUUSK - Hem, Tr\u00e4dg\u00e5rd & Fritid"},"image":{"@id":"https:\/\/truusk.store\/sv\/#\/schema\/logo\/image\/"}}]}},"jetpack_sharing_enabled":true,"_links":{"self":[{"href":"https:\/\/truusk.store\/sv\/wp-json\/wp\/v2\/product\/103307","targetHints":{"allow":["GET"]}}],"collection":[{"href":"https:\/\/truusk.store\/sv\/wp-json\/wp\/v2\/product"}],"about":[{"href":"https:\/\/truusk.store\/sv\/wp-json\/wp\/v2\/types\/product"}],"wp:featuredmedia":[{"embeddable":true,"href":"https:\/\/truusk.store\/sv\/wp-json\/wp\/v2\/media\/103298"}],"wp:attachment":[{"href":"https:\/\/truusk.store\/sv\/wp-json\/wp\/v2\/media?parent=103307"}],"wp:term":[{"taxonomy":"product_brand","embeddable":true,"href":"https:\/\/truusk.store\/sv\/wp-json\/wp\/v2\/product_brand?post=103307"},{"taxonomy":"product_cat","embeddable":true,"href":"https:\/\/truusk.store\/sv\/wp-json\/wp\/v2\/product_cat?post=103307"},{"taxonomy":"product_tag","embeddable":true,"href":"https:\/\/truusk.store\/sv\/wp-json\/wp\/v2\/product_tag?post=103307"}],"curies":[{"name":"wp","href":"https:\/\/api.w.org\/{rel}","templated":true}]}}