{"id":103317,"date":"2026-02-04T12:24:43","date_gmt":"2026-02-04T11:24:43","guid":{"rendered":"https:\/\/truusk.store\/product\/3-delat-tradgardsmobelset-2-stolar-i-plastrotting-1-bord-med-glastopp-stalram-utomhus-sittmobler-ljusbrun\/"},"modified":"2026-03-12T08:39:16","modified_gmt":"2026-03-12T07:39:16","slug":"truusk-tradgardsmobelset-2-stolar-i-plastrotting-1-bord-med-glastopp-stalram-utomhus-sittmobler-ljusbrun","status":"publish","type":"product","link":"https:\/\/truusk.store\/sv\/produkt\/truusk-tradgardsmobelset-2-stolar-i-plastrotting-1-bord-med-glastopp-stalram-utomhus-sittmobler-ljusbrun\/","title":{"rendered":"TRUUSK Tr\u00e4dg\u00e5rdsm\u00f6belset &#8211; 2 Stolar i Plastrotting &#8211; 1 Bord med Glastopp &#8211; St\u00e5lram &#8211; Utomhus Sittm\u00f6bler &#8211; Ljusbrun"},"content":{"rendered":"<p>Slappna av utomhus med detta eleganta [BRAND NAME] balkongm\u00f6belset, som inkluderar tv\u00e5 ovala stolar i Acapulco-stil och ett matchande soffbord. Flexibla plastrottingrep med ih\u00e5ligt v\u00e4vt design av bistrosetet ger en sval och bekv\u00e4m sittplats. Soffbordet i h\u00e4rdat glas \u00e4r elegant och l\u00e4tt att reng\u00f6ra. St\u00e5lramarna och justerbara fotdynor garanterar stabilitet och st\u00f6d. Njut av komforten med detta stilfulla balkongm\u00f6belset.<\/p>\n<p>Beskrivning:<\/p>\n<ul>\n<li> Tredelat balkongm\u00f6belset: Ett matchande tr\u00e4dg\u00e5rdsbord och tv\u00e5 stolar<\/li>\n<li> Ovalformade Acapulco-stolar med yta v\u00e4vd av plastrotting<\/li>\n<li> Pulverlackerade st\u00e5lramar med f\u00f6rst\u00e4rkt struktur av balkongm\u00f6blerna f\u00f6r en stabil k\u00e4rna<\/li>\n<li> Bord med h\u00e4rdat glasplatta, elegant, stilfullt och l\u00e4tt att reng\u00f6ra<\/li>\n<li> Justerbara fotdynor av balkongm\u00f6belsetet \u00f6kar stabiliteten och f\u00f6rhindrar fula repor<\/li>\n<li> Montering kr\u00e4vs<\/li>\n<\/ul>\n<p> Tekniska data:<\/p>\n<ul>\n<li> F\u00e4rg: Svart+Naturtr\u00e4<\/li>\n<li> Material: St\u00e5l, PE-rotting, H\u00e4rdat glas<\/li>\n<li> Stolm\u00e5tt: 72L x 68B x 81H cm<\/li>\n<li> Bordm\u00e5tt: \u00d845 x 46H cm<\/li>\n<li> Sitsstorlek: 53B x 37T cm<\/li>\n<li> Sitth\u00f6jd: (utan kudde) 38 cm<\/li>\n<li> Ryggstorlek: 53L x 53B cm<\/li>\n<li> B\u00e4rkapacitet: 120 kg (stol), 30 kg (bord)<\/li>\n<\/ul>\n<p>Leveransinneh\u00e5ll:<\/p>\n<ul>\n<li> 2 x Stol<\/li>\n<li> 1 x Soffbord<\/li>\n<li> 1 x Handbok<\/li>\n<\/ul>\n","protected":false},"excerpt":{"rendered":"<p>Slappna av utomhus med detta eleganta [BRAND NAME] balkongm\u00f6belset, som inkluderar tv\u00e5 ovala stolar i Acapulco-stil och ett matchande soffbord&#8230;.<\/p>\n","protected":false},"featured_media":103308,"template":"","meta":[],"product_brand":[],"product_cat":[858,450,456],"product_tag":[],"class_list":{"0":"post-103317","1":"product","2":"type-product","3":"status-publish","4":"has-post-thumbnail","6":"product_cat-tradgard-terrass","7":"product_cat-tradgardsmobler","8":"product_cat-tradgardsmobler-set","10":"first","11":"instock","12":"sale","13":"taxable","14":"shipping-taxable","15":"purchasable","16":"product-type-simple"},"yoast_head":"<!-- This site is optimized with the Yoast SEO plugin v25.4 - https:\/\/yoast.com\/wordpress\/plugins\/seo\/ -->\n<title>TRUUSK Tr\u00e4dg\u00e5rdsm\u00f6belset - 2 Stolar i Plastrotting - 1 Bord med Glastopp - St\u00e5lram - Utomhus Sittm\u00f6bler - Ljusbrun - TRUUSK - Hem, Tr\u00e4dg\u00e5rd &amp; Fritid<\/title>\n<meta name=\"robots\" content=\"index, follow, max-snippet:-1, max-image-preview:large, max-video-preview:-1\" \/>\n<link rel=\"canonical\" href=\"https:\/\/truusk.store\/sv\/produkt\/truusk-tradgardsmobelset-2-stolar-i-plastrotting-1-bord-med-glastopp-stalram-utomhus-sittmobler-ljusbrun\/\" \/>\n<meta property=\"og:locale\" content=\"sv_SE\" \/>\n<meta property=\"og:type\" content=\"article\" \/>\n<meta property=\"og:title\" content=\"TRUUSK Tr\u00e4dg\u00e5rdsm\u00f6belset - 2 Stolar i Plastrotting - 1 Bord med Glastopp - St\u00e5lram - Utomhus Sittm\u00f6bler - Ljusbrun - TRUUSK - Hem, Tr\u00e4dg\u00e5rd &amp; Fritid\" \/>\n<meta property=\"og:description\" content=\"Slappna av utomhus med detta eleganta [BRAND NAME] balkongm\u00f6belset, som inkluderar tv\u00e5 ovala stolar i Acapulco-stil och ett matchande soffbord....\" \/>\n<meta property=\"og:url\" content=\"https:\/\/truusk.store\/sv\/produkt\/truusk-tradgardsmobelset-2-stolar-i-plastrotting-1-bord-med-glastopp-stalram-utomhus-sittmobler-ljusbrun\/\" \/>\n<meta property=\"og:site_name\" content=\"TRUUSK - Hem, Tr\u00e4dg\u00e5rd &amp; Fritid\" \/>\n<meta property=\"article:modified_time\" content=\"2026-03-12T07:39:16+00:00\" \/>\n<meta property=\"og:image\" content=\"https:\/\/i0.wp.com\/truusk.se\/wp-content\/uploads\/2026\/02\/3-delat-tradgardsmobelset-2-stolar-i-plastrotting-1-bord-med-glastopp-stalram-utomhus-sittmobler-ljusbrun-1.webp?fit=2000%2C2000&ssl=1\" \/>\n\t<meta property=\"og:image:width\" content=\"2000\" \/>\n\t<meta property=\"og:image:height\" content=\"2000\" \/>\n\t<meta property=\"og:image:type\" content=\"image\/webp\" \/>\n<meta name=\"twitter:card\" content=\"summary_large_image\" \/>\n<meta name=\"twitter:label1\" content=\"Ber\u00e4knad l\u00e4stid\" \/>\n\t<meta name=\"twitter:data1\" content=\"1 minut\" \/>\n<!-- \/ Yoast SEO plugin. -->","yoast_head_json":{"title":"TRUUSK Tr\u00e4dg\u00e5rdsm\u00f6belset - 2 Stolar i Plastrotting - 1 Bord med Glastopp - St\u00e5lram - Utomhus Sittm\u00f6bler - Ljusbrun - TRUUSK - Hem, Tr\u00e4dg\u00e5rd &amp; Fritid","robots":{"index":"index","follow":"follow","max-snippet":"max-snippet:-1","max-image-preview":"max-image-preview:large","max-video-preview":"max-video-preview:-1"},"canonical":"https:\/\/truusk.store\/sv\/produkt\/truusk-tradgardsmobelset-2-stolar-i-plastrotting-1-bord-med-glastopp-stalram-utomhus-sittmobler-ljusbrun\/","og_locale":"sv_SE","og_type":"article","og_title":"TRUUSK Tr\u00e4dg\u00e5rdsm\u00f6belset - 2 Stolar i Plastrotting - 1 Bord med Glastopp - St\u00e5lram - Utomhus Sittm\u00f6bler - Ljusbrun - TRUUSK - Hem, Tr\u00e4dg\u00e5rd &amp; Fritid","og_description":"Slappna av utomhus med detta eleganta [BRAND NAME] balkongm\u00f6belset, som inkluderar tv\u00e5 ovala stolar i Acapulco-stil och ett matchande soffbord....","og_url":"https:\/\/truusk.store\/sv\/produkt\/truusk-tradgardsmobelset-2-stolar-i-plastrotting-1-bord-med-glastopp-stalram-utomhus-sittmobler-ljusbrun\/","og_site_name":"TRUUSK - Hem, Tr\u00e4dg\u00e5rd &amp; Fritid","article_modified_time":"2026-03-12T07:39:16+00:00","og_image":[{"width":2000,"height":2000,"url":"https:\/\/i0.wp.com\/truusk.se\/wp-content\/uploads\/2026\/02\/3-delat-tradgardsmobelset-2-stolar-i-plastrotting-1-bord-med-glastopp-stalram-utomhus-sittmobler-ljusbrun-1.webp?fit=2000%2C2000&ssl=1","type":"image\/webp"}],"twitter_card":"summary_large_image","twitter_misc":{"Ber\u00e4knad l\u00e4stid":"1 minut"},"schema":{"@context":"https:\/\/schema.org","@graph":[{"@type":"WebPage","@id":"https:\/\/truusk.store\/sv\/produkt\/truusk-tradgardsmobelset-2-stolar-i-plastrotting-1-bord-med-glastopp-stalram-utomhus-sittmobler-ljusbrun\/","url":"https:\/\/truusk.store\/sv\/produkt\/truusk-tradgardsmobelset-2-stolar-i-plastrotting-1-bord-med-glastopp-stalram-utomhus-sittmobler-ljusbrun\/","name":"TRUUSK Tr\u00e4dg\u00e5rdsm\u00f6belset - 2 Stolar i Plastrotting - 1 Bord med Glastopp - St\u00e5lram - Utomhus Sittm\u00f6bler - Ljusbrun - TRUUSK - Hem, Tr\u00e4dg\u00e5rd &amp; Fritid","isPartOf":{"@id":"https:\/\/truusk.store\/sv\/#website"},"primaryImageOfPage":{"@id":"https:\/\/truusk.store\/sv\/produkt\/truusk-tradgardsmobelset-2-stolar-i-plastrotting-1-bord-med-glastopp-stalram-utomhus-sittmobler-ljusbrun\/#primaryimage"},"image":{"@id":"https:\/\/truusk.store\/sv\/produkt\/truusk-tradgardsmobelset-2-stolar-i-plastrotting-1-bord-med-glastopp-stalram-utomhus-sittmobler-ljusbrun\/#primaryimage"},"thumbnailUrl":"https:\/\/i0.wp.com\/truusk.store\/wp-content\/uploads\/2026\/02\/3-delat-tradgardsmobelset-2-stolar-i-plastrotting-1-bord-med-glastopp-stalram-utomhus-sittmobler-ljusbrun-1.webp?fit=2000%2C2000&ssl=1","datePublished":"2026-02-04T11:24:43+00:00","dateModified":"2026-03-12T07:39:16+00:00","breadcrumb":{"@id":"https:\/\/truusk.store\/sv\/produkt\/truusk-tradgardsmobelset-2-stolar-i-plastrotting-1-bord-med-glastopp-stalram-utomhus-sittmobler-ljusbrun\/#breadcrumb"},"inLanguage":"sv-SE","potentialAction":[{"@type":"ReadAction","target":["https:\/\/truusk.store\/sv\/produkt\/truusk-tradgardsmobelset-2-stolar-i-plastrotting-1-bord-med-glastopp-stalram-utomhus-sittmobler-ljusbrun\/"]}]},{"@type":"ImageObject","inLanguage":"sv-SE","@id":"https:\/\/truusk.store\/sv\/produkt\/truusk-tradgardsmobelset-2-stolar-i-plastrotting-1-bord-med-glastopp-stalram-utomhus-sittmobler-ljusbrun\/#primaryimage","url":"https:\/\/i0.wp.com\/truusk.store\/wp-content\/uploads\/2026\/02\/3-delat-tradgardsmobelset-2-stolar-i-plastrotting-1-bord-med-glastopp-stalram-utomhus-sittmobler-ljusbrun-1.webp?fit=2000%2C2000&ssl=1","contentUrl":"https:\/\/i0.wp.com\/truusk.store\/wp-content\/uploads\/2026\/02\/3-delat-tradgardsmobelset-2-stolar-i-plastrotting-1-bord-med-glastopp-stalram-utomhus-sittmobler-ljusbrun-1.webp?fit=2000%2C2000&ssl=1","width":2000,"height":2000},{"@type":"BreadcrumbList","@id":"https:\/\/truusk.store\/sv\/produkt\/truusk-tradgardsmobelset-2-stolar-i-plastrotting-1-bord-med-glastopp-stalram-utomhus-sittmobler-ljusbrun\/#breadcrumb","itemListElement":[{"@type":"ListItem","position":1,"name":"Home","item":"https:\/\/truusk.store\/sv\/"},{"@type":"ListItem","position":2,"name":"Shop","item":"https:\/\/truusk.store\/shop\/"},{"@type":"ListItem","position":3,"name":"TRUUSK Tr\u00e4dg\u00e5rdsm\u00f6belset &#8211; 2 Stolar i Plastrotting &#8211; 1 Bord med Glastopp &#8211; St\u00e5lram &#8211; Utomhus Sittm\u00f6bler &#8211; Ljusbrun"}]},{"@type":"WebSite","@id":"https:\/\/truusk.store\/sv\/#website","url":"https:\/\/truusk.store\/sv\/","name":"TRUUSK - Hem, Tr\u00e4dg\u00e5rd & Fritid","description":"","publisher":{"@id":"https:\/\/truusk.store\/sv\/#organization"},"potentialAction":[{"@type":"SearchAction","target":{"@type":"EntryPoint","urlTemplate":"https:\/\/truusk.store\/sv\/?s={search_term_string}"},"query-input":{"@type":"PropertyValueSpecification","valueRequired":true,"valueName":"search_term_string"}}],"inLanguage":"sv-SE"},{"@type":"Organization","@id":"https:\/\/truusk.store\/sv\/#organization","name":"TRUUSK - Hem, Tr\u00e4dg\u00e5rd & Fritid","url":"https:\/\/truusk.store\/sv\/","logo":{"@type":"ImageObject","inLanguage":"sv-SE","@id":"https:\/\/truusk.store\/sv\/#\/schema\/logo\/image\/","url":"https:\/\/i0.wp.com\/truusk.store\/wp-content\/uploads\/2026\/03\/cropped-TRUUSK.png?fit=2032%2C917&ssl=1","contentUrl":"https:\/\/i0.wp.com\/truusk.store\/wp-content\/uploads\/2026\/03\/cropped-TRUUSK.png?fit=2032%2C917&ssl=1","width":2032,"height":917,"caption":"TRUUSK - Hem, Tr\u00e4dg\u00e5rd & Fritid"},"image":{"@id":"https:\/\/truusk.store\/sv\/#\/schema\/logo\/image\/"}}]}},"jetpack_sharing_enabled":true,"_links":{"self":[{"href":"https:\/\/truusk.store\/sv\/wp-json\/wp\/v2\/product\/103317","targetHints":{"allow":["GET"]}}],"collection":[{"href":"https:\/\/truusk.store\/sv\/wp-json\/wp\/v2\/product"}],"about":[{"href":"https:\/\/truusk.store\/sv\/wp-json\/wp\/v2\/types\/product"}],"wp:featuredmedia":[{"embeddable":true,"href":"https:\/\/truusk.store\/sv\/wp-json\/wp\/v2\/media\/103308"}],"wp:attachment":[{"href":"https:\/\/truusk.store\/sv\/wp-json\/wp\/v2\/media?parent=103317"}],"wp:term":[{"taxonomy":"product_brand","embeddable":true,"href":"https:\/\/truusk.store\/sv\/wp-json\/wp\/v2\/product_brand?post=103317"},{"taxonomy":"product_cat","embeddable":true,"href":"https:\/\/truusk.store\/sv\/wp-json\/wp\/v2\/product_cat?post=103317"},{"taxonomy":"product_tag","embeddable":true,"href":"https:\/\/truusk.store\/sv\/wp-json\/wp\/v2\/product_tag?post=103317"}],"curies":[{"name":"wp","href":"https:\/\/api.w.org\/{rel}","templated":true}]}}