{"id":103327,"date":"2026-02-04T12:25:58","date_gmt":"2026-02-04T11:25:58","guid":{"rendered":"https:\/\/truusk.store\/product\/2-pack-hog-sang-planteringslada-med-rullar-klatterstod-spalje-blomlada-i-tra-52x25x97cm-brun\/"},"modified":"2026-03-12T08:40:37","modified_gmt":"2026-03-12T07:40:37","slug":"truusk-2-pack-planteringslada-med-rullar-klatterstod-spalje-tra-52x25x97cm-brun","status":"publish","type":"product","link":"https:\/\/truusk.store\/sv\/produkt\/truusk-2-pack-planteringslada-med-rullar-klatterstod-spalje-tra-52x25x97cm-brun\/","title":{"rendered":"TRUUSK 2-pack Planteringsl\u00e5da Med Rullar &#8211; Kl\u00e4tterst\u00f6d &#8211; Spalj\u00e9 &#8211; Tr\u00e4 &#8211; 52x25x97cm &#8211; Brun"},"content":{"rendered":"<p>G\u00f6r om din tr\u00e4dg\u00e5rd med [BRAND NAME] h\u00f6ga b\u00e4ddar f\u00f6r tr\u00e4dg\u00e5rden! Det stabila metall-diamantgalleret p\u00e5 tr\u00e4b\u00e4dden st\u00f6djer optimalt dina v\u00e4xters tillv\u00e4xt, och dr\u00e4neringsh\u00e5l f\u00f6rhindrar vattenstagnation. Rulla tr\u00e4dg\u00e5rdsplanteraren l\u00e4tt till \u00f6nskad plats och fixera den f\u00f6r stabil, blommande prakt. Idealisk f\u00f6r en f\u00e4rgglad blomsterb\u00e4dd eller en gr\u00f6n kl\u00e4tterplanterare!<\/p>\n<p>Beskrivning:<\/p>\n<ul>\n<li> Det metalliska diamantgaller-st\u00f6det p\u00e5 balkongb\u00e4dden ger stabilt st\u00f6d f\u00f6r kl\u00e4tterv\u00e4xter<\/li>\n<li> Dr\u00e4neringsh\u00e5len p\u00e5 balkongb\u00e4dden garanterar en effektiv vattenavlopp och f\u00f6rhindrar rotr\u00f6ta<\/li>\n<li> Fyra universella hjul p\u00e5 tr\u00e4b\u00e4dden underl\u00e4ttar enkel r\u00f6relse \u00f6ver ytor<\/li>\n<li> Tv\u00e5 l\u00e5sbara hjul s\u00e4krar planteraren s\u00e4kert p\u00e5 plats<\/li>\n<li> Den naturliga tr\u00e4strukturen motst\u00e5r deformationer och sprickor<\/li>\n<li> Montering kr\u00e4vs<\/li>\n<\/ul>\n<p>Tekniska data:<\/p>\n<ul>\n<li> F\u00e4rg: Brun+Svart<\/li>\n<li> Material: Grantr\u00e4, St\u00e5l<\/li>\n<li> Totala dimensioner: 52L x 25B x 97H cm<\/li>\n<li> Planteringsomr\u00e5dets storlek: 47L x 20B x 14H cm<\/li>\n<li> Avst\u00e5nd fr\u00e5n mark till botten: 5 cm<\/li>\n<li> B\u00e4rkapacitet: 60 kg<\/li>\n<\/ul>\n<p>Leveransinneh\u00e5ll:<\/p>\n<ul>\n<li> 2 x H\u00f6gb\u00e4dd med kl\u00e4tterst\u00f6d<\/li>\n<li> 1 x Handbok<\/li>\n<\/ul>\n","protected":false},"excerpt":{"rendered":"<p>G\u00f6r om din tr\u00e4dg\u00e5rd med [BRAND NAME] h\u00f6ga b\u00e4ddar f\u00f6r tr\u00e4dg\u00e5rden! Det stabila metall-diamantgalleret p\u00e5 tr\u00e4b\u00e4dden st\u00f6djer optimalt dina v\u00e4xters&#8230;<\/p>\n","protected":false},"featured_media":103318,"template":"","meta":[],"product_brand":[],"product_cat":[922,858,443],"product_tag":[],"class_list":{"0":"post-103327","1":"product","2":"type-product","3":"status-publish","4":"has-post-thumbnail","6":"product_cat-planteringskarl","7":"product_cat-tradgard-terrass","8":"product_cat-vaxthus-tradgardsskotsel","10":"first","11":"instock","12":"sale","13":"taxable","14":"shipping-taxable","15":"purchasable","16":"product-type-simple"},"yoast_head":"<!-- This site is optimized with the Yoast SEO plugin v25.4 - https:\/\/yoast.com\/wordpress\/plugins\/seo\/ -->\n<title>TRUUSK 2-pack Planteringsl\u00e5da Med Rullar - Kl\u00e4tterst\u00f6d - Spalj\u00e9 - Tr\u00e4 - 52x25x97cm - Brun - TRUUSK - Hem, Tr\u00e4dg\u00e5rd &amp; Fritid<\/title>\n<meta name=\"robots\" content=\"index, follow, max-snippet:-1, max-image-preview:large, max-video-preview:-1\" \/>\n<link rel=\"canonical\" href=\"https:\/\/truusk.store\/sv\/produkt\/truusk-2-pack-planteringslada-med-rullar-klatterstod-spalje-tra-52x25x97cm-brun\/\" \/>\n<meta property=\"og:locale\" content=\"sv_SE\" \/>\n<meta property=\"og:type\" content=\"article\" \/>\n<meta property=\"og:title\" content=\"TRUUSK 2-pack Planteringsl\u00e5da Med Rullar - Kl\u00e4tterst\u00f6d - Spalj\u00e9 - Tr\u00e4 - 52x25x97cm - Brun - TRUUSK - Hem, Tr\u00e4dg\u00e5rd &amp; Fritid\" \/>\n<meta property=\"og:description\" content=\"G\u00f6r om din tr\u00e4dg\u00e5rd med [BRAND NAME] h\u00f6ga b\u00e4ddar f\u00f6r tr\u00e4dg\u00e5rden! Det stabila metall-diamantgalleret p\u00e5 tr\u00e4b\u00e4dden st\u00f6djer optimalt dina v\u00e4xters...\" \/>\n<meta property=\"og:url\" content=\"https:\/\/truusk.store\/sv\/produkt\/truusk-2-pack-planteringslada-med-rullar-klatterstod-spalje-tra-52x25x97cm-brun\/\" \/>\n<meta property=\"og:site_name\" content=\"TRUUSK - Hem, Tr\u00e4dg\u00e5rd &amp; Fritid\" \/>\n<meta property=\"article:modified_time\" content=\"2026-03-12T07:40:37+00:00\" \/>\n<meta property=\"og:image\" content=\"https:\/\/i0.wp.com\/truusk.se\/wp-content\/uploads\/2026\/02\/2-pack-hog-sang-planteringslada-med-rullar-klatterstod-spalje-blomlada-i-tra-52x25x97cm-brun-1.webp?fit=2000%2C2000&ssl=1\" \/>\n\t<meta property=\"og:image:width\" content=\"2000\" \/>\n\t<meta property=\"og:image:height\" content=\"2000\" \/>\n\t<meta property=\"og:image:type\" content=\"image\/webp\" \/>\n<meta name=\"twitter:card\" content=\"summary_large_image\" \/>\n<meta name=\"twitter:label1\" content=\"Ber\u00e4knad l\u00e4stid\" \/>\n\t<meta name=\"twitter:data1\" content=\"1 minut\" \/>\n<!-- \/ Yoast SEO plugin. -->","yoast_head_json":{"title":"TRUUSK 2-pack Planteringsl\u00e5da Med Rullar - Kl\u00e4tterst\u00f6d - Spalj\u00e9 - Tr\u00e4 - 52x25x97cm - Brun - TRUUSK - Hem, Tr\u00e4dg\u00e5rd &amp; Fritid","robots":{"index":"index","follow":"follow","max-snippet":"max-snippet:-1","max-image-preview":"max-image-preview:large","max-video-preview":"max-video-preview:-1"},"canonical":"https:\/\/truusk.store\/sv\/produkt\/truusk-2-pack-planteringslada-med-rullar-klatterstod-spalje-tra-52x25x97cm-brun\/","og_locale":"sv_SE","og_type":"article","og_title":"TRUUSK 2-pack Planteringsl\u00e5da Med Rullar - Kl\u00e4tterst\u00f6d - Spalj\u00e9 - Tr\u00e4 - 52x25x97cm - Brun - TRUUSK - Hem, Tr\u00e4dg\u00e5rd &amp; Fritid","og_description":"G\u00f6r om din tr\u00e4dg\u00e5rd med [BRAND NAME] h\u00f6ga b\u00e4ddar f\u00f6r tr\u00e4dg\u00e5rden! Det stabila metall-diamantgalleret p\u00e5 tr\u00e4b\u00e4dden st\u00f6djer optimalt dina v\u00e4xters...","og_url":"https:\/\/truusk.store\/sv\/produkt\/truusk-2-pack-planteringslada-med-rullar-klatterstod-spalje-tra-52x25x97cm-brun\/","og_site_name":"TRUUSK - Hem, Tr\u00e4dg\u00e5rd &amp; Fritid","article_modified_time":"2026-03-12T07:40:37+00:00","og_image":[{"width":2000,"height":2000,"url":"https:\/\/i0.wp.com\/truusk.se\/wp-content\/uploads\/2026\/02\/2-pack-hog-sang-planteringslada-med-rullar-klatterstod-spalje-blomlada-i-tra-52x25x97cm-brun-1.webp?fit=2000%2C2000&ssl=1","type":"image\/webp"}],"twitter_card":"summary_large_image","twitter_misc":{"Ber\u00e4knad l\u00e4stid":"1 minut"},"schema":{"@context":"https:\/\/schema.org","@graph":[{"@type":"WebPage","@id":"https:\/\/truusk.store\/sv\/produkt\/truusk-2-pack-planteringslada-med-rullar-klatterstod-spalje-tra-52x25x97cm-brun\/","url":"https:\/\/truusk.store\/sv\/produkt\/truusk-2-pack-planteringslada-med-rullar-klatterstod-spalje-tra-52x25x97cm-brun\/","name":"TRUUSK 2-pack Planteringsl\u00e5da Med Rullar - Kl\u00e4tterst\u00f6d - Spalj\u00e9 - Tr\u00e4 - 52x25x97cm - Brun - TRUUSK - Hem, Tr\u00e4dg\u00e5rd &amp; Fritid","isPartOf":{"@id":"https:\/\/truusk.store\/sv\/#website"},"primaryImageOfPage":{"@id":"https:\/\/truusk.store\/sv\/produkt\/truusk-2-pack-planteringslada-med-rullar-klatterstod-spalje-tra-52x25x97cm-brun\/#primaryimage"},"image":{"@id":"https:\/\/truusk.store\/sv\/produkt\/truusk-2-pack-planteringslada-med-rullar-klatterstod-spalje-tra-52x25x97cm-brun\/#primaryimage"},"thumbnailUrl":"https:\/\/i0.wp.com\/truusk.store\/wp-content\/uploads\/2026\/02\/2-pack-hog-sang-planteringslada-med-rullar-klatterstod-spalje-blomlada-i-tra-52x25x97cm-brun-1.webp?fit=2000%2C2000&ssl=1","datePublished":"2026-02-04T11:25:58+00:00","dateModified":"2026-03-12T07:40:37+00:00","breadcrumb":{"@id":"https:\/\/truusk.store\/sv\/produkt\/truusk-2-pack-planteringslada-med-rullar-klatterstod-spalje-tra-52x25x97cm-brun\/#breadcrumb"},"inLanguage":"sv-SE","potentialAction":[{"@type":"ReadAction","target":["https:\/\/truusk.store\/sv\/produkt\/truusk-2-pack-planteringslada-med-rullar-klatterstod-spalje-tra-52x25x97cm-brun\/"]}]},{"@type":"ImageObject","inLanguage":"sv-SE","@id":"https:\/\/truusk.store\/sv\/produkt\/truusk-2-pack-planteringslada-med-rullar-klatterstod-spalje-tra-52x25x97cm-brun\/#primaryimage","url":"https:\/\/i0.wp.com\/truusk.store\/wp-content\/uploads\/2026\/02\/2-pack-hog-sang-planteringslada-med-rullar-klatterstod-spalje-blomlada-i-tra-52x25x97cm-brun-1.webp?fit=2000%2C2000&ssl=1","contentUrl":"https:\/\/i0.wp.com\/truusk.store\/wp-content\/uploads\/2026\/02\/2-pack-hog-sang-planteringslada-med-rullar-klatterstod-spalje-blomlada-i-tra-52x25x97cm-brun-1.webp?fit=2000%2C2000&ssl=1","width":2000,"height":2000},{"@type":"BreadcrumbList","@id":"https:\/\/truusk.store\/sv\/produkt\/truusk-2-pack-planteringslada-med-rullar-klatterstod-spalje-tra-52x25x97cm-brun\/#breadcrumb","itemListElement":[{"@type":"ListItem","position":1,"name":"Home","item":"https:\/\/truusk.store\/sv\/"},{"@type":"ListItem","position":2,"name":"Shop","item":"https:\/\/truusk.store\/shop\/"},{"@type":"ListItem","position":3,"name":"TRUUSK 2-pack Planteringsl\u00e5da Med Rullar &#8211; Kl\u00e4tterst\u00f6d &#8211; Spalj\u00e9 &#8211; Tr\u00e4 &#8211; 52x25x97cm &#8211; Brun"}]},{"@type":"WebSite","@id":"https:\/\/truusk.store\/sv\/#website","url":"https:\/\/truusk.store\/sv\/","name":"TRUUSK - Hem, Tr\u00e4dg\u00e5rd & Fritid","description":"","publisher":{"@id":"https:\/\/truusk.store\/sv\/#organization"},"potentialAction":[{"@type":"SearchAction","target":{"@type":"EntryPoint","urlTemplate":"https:\/\/truusk.store\/sv\/?s={search_term_string}"},"query-input":{"@type":"PropertyValueSpecification","valueRequired":true,"valueName":"search_term_string"}}],"inLanguage":"sv-SE"},{"@type":"Organization","@id":"https:\/\/truusk.store\/sv\/#organization","name":"TRUUSK - Hem, Tr\u00e4dg\u00e5rd & Fritid","url":"https:\/\/truusk.store\/sv\/","logo":{"@type":"ImageObject","inLanguage":"sv-SE","@id":"https:\/\/truusk.store\/sv\/#\/schema\/logo\/image\/","url":"https:\/\/i0.wp.com\/truusk.store\/wp-content\/uploads\/2026\/03\/cropped-TRUUSK.png?fit=2032%2C917&ssl=1","contentUrl":"https:\/\/i0.wp.com\/truusk.store\/wp-content\/uploads\/2026\/03\/cropped-TRUUSK.png?fit=2032%2C917&ssl=1","width":2032,"height":917,"caption":"TRUUSK - Hem, Tr\u00e4dg\u00e5rd & Fritid"},"image":{"@id":"https:\/\/truusk.store\/sv\/#\/schema\/logo\/image\/"}}]}},"jetpack_sharing_enabled":true,"_links":{"self":[{"href":"https:\/\/truusk.store\/sv\/wp-json\/wp\/v2\/product\/103327","targetHints":{"allow":["GET"]}}],"collection":[{"href":"https:\/\/truusk.store\/sv\/wp-json\/wp\/v2\/product"}],"about":[{"href":"https:\/\/truusk.store\/sv\/wp-json\/wp\/v2\/types\/product"}],"wp:featuredmedia":[{"embeddable":true,"href":"https:\/\/truusk.store\/sv\/wp-json\/wp\/v2\/media\/103318"}],"wp:attachment":[{"href":"https:\/\/truusk.store\/sv\/wp-json\/wp\/v2\/media?parent=103327"}],"wp:term":[{"taxonomy":"product_brand","embeddable":true,"href":"https:\/\/truusk.store\/sv\/wp-json\/wp\/v2\/product_brand?post=103327"},{"taxonomy":"product_cat","embeddable":true,"href":"https:\/\/truusk.store\/sv\/wp-json\/wp\/v2\/product_cat?post=103327"},{"taxonomy":"product_tag","embeddable":true,"href":"https:\/\/truusk.store\/sv\/wp-json\/wp\/v2\/product_tag?post=103327"}],"curies":[{"name":"wp","href":"https:\/\/api.w.org\/{rel}","templated":true}]}}