{"id":103337,"date":"2026-02-04T12:30:28","date_gmt":"2026-02-04T11:30:28","guid":{"rendered":"https:\/\/truusk.store\/product\/spegel-helkroppsspegel-vaggspegel-37-cm-x-40-cm-x-155-cm-inkl-fastningskrok-silver-ek\/"},"modified":"2026-03-12T08:44:48","modified_gmt":"2026-03-12T07:44:48","slug":"truusk-helkroppsspegel-vaggspegel-37x40x155-cm-fastningskrok-silver-ek-for-hem-och-kontor-svensk-design","status":"publish","type":"product","link":"https:\/\/truusk.store\/sv\/produkt\/truusk-helkroppsspegel-vaggspegel-37x40x155-cm-fastningskrok-silver-ek-for-hem-och-kontor-svensk-design\/","title":{"rendered":"TRUUSK Helkroppsspegel &#8211; V\u00e4ggspegel 37x40x155 cm &#8211; F\u00e4stningskrok &#8211; Silver\/Ek &#8211; F\u00f6r Hem och Kontor &#8211; Svensk Design"},"content":{"rendered":"<p>Vill du f\u00f6rsk\u00f6na ditt hem med ett attraktivt element? D\u00e5 \u00e4r v\u00e5r h\u00f6ga spegel med ram fr\u00e5n [BRAND NAME] precis r\u00e4tt f\u00f6r dig. Denna golvst\u00e5ende spegel \u00e4r ett praktiskt val f\u00f6r att dekorera rum som vardagsrummet eller sovrummet, fungerar som belysning och hj\u00e4lper dig att v\u00e4lja smink eller kl\u00e4der. Med v\u00e4ggspegeln fr\u00e5n [BRAND NAME] f\u00f6rsk\u00f6nar du v\u00e4ggarna i ditt hem.<\/p>\n<p>Beskrivning:<\/p>\n<ul>\n<li> Spegel f\u00f6r v\u00e4ggmontering eller f\u00f6r att st\u00e4lla upp med f\u00f6tter<\/li>\n<li> Utf\u00f6rande i antik tr\u00e4\u00e5dring<\/li>\n<li> Genomg\u00e5ende spegel f\u00f6r fullst\u00e4ndig vy<\/li>\n<li> Tjockt glas med aluminiumbel\u00e4ggning f\u00f6r h\u00f6g uppl\u00f6sning, ingen oxidation<\/li>\n<li> Inramad spegel l\u00e4mplig f\u00f6r vardagsrum, sovrum, matsal, hall<\/li>\n<li> Ingen montering kr\u00e4vs<\/li>\n<\/ul>\n<p> Tekniska specifikationer:<\/p>\n<ul>\n<li> F\u00e4rg: Ek<\/li>\n<li> Material: MDF, Glas<\/li>\n<li> Totala dimensioner: 37L x 3,8B x 157H cm (hopf\u00e4lld), 37L x 40B x 155H cm (\u00f6ppen)<\/li>\n<li> Spegeldimensioner: 28L x 148H cm<\/li>\n<li> Glasdjup: 3 mm<\/li>\n<\/ul>\n<p>Leveransinneh\u00e5ll:<\/p>\n<ul>\n<li> 1 x Spegel med ram<\/li>\n<li> 1 x Bruksanvisning<\/li>\n<\/ul>\n","protected":false},"excerpt":{"rendered":"<p>Vill du f\u00f6rsk\u00f6na ditt hem med ett attraktivt element? D\u00e5 \u00e4r v\u00e5r h\u00f6ga spegel med ram fr\u00e5n [BRAND NAME] precis&#8230;<\/p>\n","protected":false},"featured_media":103328,"template":"","meta":[],"product_brand":[],"product_cat":[893,871,1006],"product_tag":[],"class_list":{"0":"post-103337","1":"product","2":"type-product","3":"status-publish","4":"has-post-thumbnail","6":"product_cat-garderob-hall","7":"product_cat-hus-hem","8":"product_cat-staende-spegel","10":"first","11":"instock","12":"sale","13":"taxable","14":"shipping-taxable","15":"purchasable","16":"product-type-simple"},"yoast_head":"<!-- This site is optimized with the Yoast SEO plugin v25.4 - https:\/\/yoast.com\/wordpress\/plugins\/seo\/ -->\n<title>TRUUSK Helkroppsspegel - V\u00e4ggspegel 37x40x155 cm - F\u00e4stningskrok - Silver\/Ek - F\u00f6r Hem och Kontor - Svensk Design - TRUUSK - Hem, Tr\u00e4dg\u00e5rd &amp; Fritid<\/title>\n<meta name=\"robots\" content=\"index, follow, max-snippet:-1, max-image-preview:large, max-video-preview:-1\" \/>\n<link rel=\"canonical\" href=\"https:\/\/truusk.store\/sv\/produkt\/truusk-helkroppsspegel-vaggspegel-37x40x155-cm-fastningskrok-silver-ek-for-hem-och-kontor-svensk-design\/\" \/>\n<meta property=\"og:locale\" content=\"sv_SE\" \/>\n<meta property=\"og:type\" content=\"article\" \/>\n<meta property=\"og:title\" content=\"TRUUSK Helkroppsspegel - V\u00e4ggspegel 37x40x155 cm - F\u00e4stningskrok - Silver\/Ek - F\u00f6r Hem och Kontor - Svensk Design - TRUUSK - Hem, Tr\u00e4dg\u00e5rd &amp; Fritid\" \/>\n<meta property=\"og:description\" content=\"Vill du f\u00f6rsk\u00f6na ditt hem med ett attraktivt element? D\u00e5 \u00e4r v\u00e5r h\u00f6ga spegel med ram fr\u00e5n [BRAND NAME] precis...\" \/>\n<meta property=\"og:url\" content=\"https:\/\/truusk.store\/sv\/produkt\/truusk-helkroppsspegel-vaggspegel-37x40x155-cm-fastningskrok-silver-ek-for-hem-och-kontor-svensk-design\/\" \/>\n<meta property=\"og:site_name\" content=\"TRUUSK - Hem, Tr\u00e4dg\u00e5rd &amp; Fritid\" \/>\n<meta property=\"article:modified_time\" content=\"2026-03-12T07:44:48+00:00\" \/>\n<meta property=\"og:image\" content=\"https:\/\/i0.wp.com\/truusk.se\/wp-content\/uploads\/2026\/02\/spegel-helkroppsspegel-vaggspegel-37-cm-x-40-cm-x-155-cm-inkl-fastningskrok-silver-ek-1.webp?fit=2000%2C2000&ssl=1\" \/>\n\t<meta property=\"og:image:width\" content=\"2000\" \/>\n\t<meta property=\"og:image:height\" content=\"2000\" \/>\n\t<meta property=\"og:image:type\" content=\"image\/webp\" \/>\n<meta name=\"twitter:card\" content=\"summary_large_image\" \/>\n<meta name=\"twitter:label1\" content=\"Ber\u00e4knad l\u00e4stid\" \/>\n\t<meta name=\"twitter:data1\" content=\"1 minut\" \/>\n<!-- \/ Yoast SEO plugin. -->","yoast_head_json":{"title":"TRUUSK Helkroppsspegel - V\u00e4ggspegel 37x40x155 cm - F\u00e4stningskrok - Silver\/Ek - F\u00f6r Hem och Kontor - Svensk Design - TRUUSK - Hem, Tr\u00e4dg\u00e5rd &amp; Fritid","robots":{"index":"index","follow":"follow","max-snippet":"max-snippet:-1","max-image-preview":"max-image-preview:large","max-video-preview":"max-video-preview:-1"},"canonical":"https:\/\/truusk.store\/sv\/produkt\/truusk-helkroppsspegel-vaggspegel-37x40x155-cm-fastningskrok-silver-ek-for-hem-och-kontor-svensk-design\/","og_locale":"sv_SE","og_type":"article","og_title":"TRUUSK Helkroppsspegel - V\u00e4ggspegel 37x40x155 cm - F\u00e4stningskrok - Silver\/Ek - F\u00f6r Hem och Kontor - Svensk Design - TRUUSK - Hem, Tr\u00e4dg\u00e5rd &amp; Fritid","og_description":"Vill du f\u00f6rsk\u00f6na ditt hem med ett attraktivt element? D\u00e5 \u00e4r v\u00e5r h\u00f6ga spegel med ram fr\u00e5n [BRAND NAME] precis...","og_url":"https:\/\/truusk.store\/sv\/produkt\/truusk-helkroppsspegel-vaggspegel-37x40x155-cm-fastningskrok-silver-ek-for-hem-och-kontor-svensk-design\/","og_site_name":"TRUUSK - Hem, Tr\u00e4dg\u00e5rd &amp; Fritid","article_modified_time":"2026-03-12T07:44:48+00:00","og_image":[{"width":2000,"height":2000,"url":"https:\/\/i0.wp.com\/truusk.se\/wp-content\/uploads\/2026\/02\/spegel-helkroppsspegel-vaggspegel-37-cm-x-40-cm-x-155-cm-inkl-fastningskrok-silver-ek-1.webp?fit=2000%2C2000&ssl=1","type":"image\/webp"}],"twitter_card":"summary_large_image","twitter_misc":{"Ber\u00e4knad l\u00e4stid":"1 minut"},"schema":{"@context":"https:\/\/schema.org","@graph":[{"@type":"WebPage","@id":"https:\/\/truusk.store\/sv\/produkt\/truusk-helkroppsspegel-vaggspegel-37x40x155-cm-fastningskrok-silver-ek-for-hem-och-kontor-svensk-design\/","url":"https:\/\/truusk.store\/sv\/produkt\/truusk-helkroppsspegel-vaggspegel-37x40x155-cm-fastningskrok-silver-ek-for-hem-och-kontor-svensk-design\/","name":"TRUUSK Helkroppsspegel - V\u00e4ggspegel 37x40x155 cm - F\u00e4stningskrok - Silver\/Ek - F\u00f6r Hem och Kontor - Svensk Design - TRUUSK - Hem, Tr\u00e4dg\u00e5rd &amp; Fritid","isPartOf":{"@id":"https:\/\/truusk.store\/sv\/#website"},"primaryImageOfPage":{"@id":"https:\/\/truusk.store\/sv\/produkt\/truusk-helkroppsspegel-vaggspegel-37x40x155-cm-fastningskrok-silver-ek-for-hem-och-kontor-svensk-design\/#primaryimage"},"image":{"@id":"https:\/\/truusk.store\/sv\/produkt\/truusk-helkroppsspegel-vaggspegel-37x40x155-cm-fastningskrok-silver-ek-for-hem-och-kontor-svensk-design\/#primaryimage"},"thumbnailUrl":"https:\/\/i0.wp.com\/truusk.store\/wp-content\/uploads\/2026\/02\/spegel-helkroppsspegel-vaggspegel-37-cm-x-40-cm-x-155-cm-inkl-fastningskrok-silver-ek-1.webp?fit=2000%2C2000&ssl=1","datePublished":"2026-02-04T11:30:28+00:00","dateModified":"2026-03-12T07:44:48+00:00","breadcrumb":{"@id":"https:\/\/truusk.store\/sv\/produkt\/truusk-helkroppsspegel-vaggspegel-37x40x155-cm-fastningskrok-silver-ek-for-hem-och-kontor-svensk-design\/#breadcrumb"},"inLanguage":"sv-SE","potentialAction":[{"@type":"ReadAction","target":["https:\/\/truusk.store\/sv\/produkt\/truusk-helkroppsspegel-vaggspegel-37x40x155-cm-fastningskrok-silver-ek-for-hem-och-kontor-svensk-design\/"]}]},{"@type":"ImageObject","inLanguage":"sv-SE","@id":"https:\/\/truusk.store\/sv\/produkt\/truusk-helkroppsspegel-vaggspegel-37x40x155-cm-fastningskrok-silver-ek-for-hem-och-kontor-svensk-design\/#primaryimage","url":"https:\/\/i0.wp.com\/truusk.store\/wp-content\/uploads\/2026\/02\/spegel-helkroppsspegel-vaggspegel-37-cm-x-40-cm-x-155-cm-inkl-fastningskrok-silver-ek-1.webp?fit=2000%2C2000&ssl=1","contentUrl":"https:\/\/i0.wp.com\/truusk.store\/wp-content\/uploads\/2026\/02\/spegel-helkroppsspegel-vaggspegel-37-cm-x-40-cm-x-155-cm-inkl-fastningskrok-silver-ek-1.webp?fit=2000%2C2000&ssl=1","width":2000,"height":2000},{"@type":"BreadcrumbList","@id":"https:\/\/truusk.store\/sv\/produkt\/truusk-helkroppsspegel-vaggspegel-37x40x155-cm-fastningskrok-silver-ek-for-hem-och-kontor-svensk-design\/#breadcrumb","itemListElement":[{"@type":"ListItem","position":1,"name":"Home","item":"https:\/\/truusk.store\/sv\/"},{"@type":"ListItem","position":2,"name":"Shop","item":"https:\/\/truusk.store\/shop\/"},{"@type":"ListItem","position":3,"name":"TRUUSK Helkroppsspegel &#8211; V\u00e4ggspegel 37x40x155 cm &#8211; F\u00e4stningskrok &#8211; Silver\/Ek &#8211; F\u00f6r Hem och Kontor &#8211; Svensk Design"}]},{"@type":"WebSite","@id":"https:\/\/truusk.store\/sv\/#website","url":"https:\/\/truusk.store\/sv\/","name":"TRUUSK - Hem, Tr\u00e4dg\u00e5rd & Fritid","description":"","publisher":{"@id":"https:\/\/truusk.store\/sv\/#organization"},"potentialAction":[{"@type":"SearchAction","target":{"@type":"EntryPoint","urlTemplate":"https:\/\/truusk.store\/sv\/?s={search_term_string}"},"query-input":{"@type":"PropertyValueSpecification","valueRequired":true,"valueName":"search_term_string"}}],"inLanguage":"sv-SE"},{"@type":"Organization","@id":"https:\/\/truusk.store\/sv\/#organization","name":"TRUUSK - Hem, Tr\u00e4dg\u00e5rd & Fritid","url":"https:\/\/truusk.store\/sv\/","logo":{"@type":"ImageObject","inLanguage":"sv-SE","@id":"https:\/\/truusk.store\/sv\/#\/schema\/logo\/image\/","url":"https:\/\/i0.wp.com\/truusk.store\/wp-content\/uploads\/2026\/03\/cropped-TRUUSK.png?fit=2032%2C917&ssl=1","contentUrl":"https:\/\/i0.wp.com\/truusk.store\/wp-content\/uploads\/2026\/03\/cropped-TRUUSK.png?fit=2032%2C917&ssl=1","width":2032,"height":917,"caption":"TRUUSK - Hem, Tr\u00e4dg\u00e5rd & Fritid"},"image":{"@id":"https:\/\/truusk.store\/sv\/#\/schema\/logo\/image\/"}}]}},"jetpack_sharing_enabled":true,"_links":{"self":[{"href":"https:\/\/truusk.store\/sv\/wp-json\/wp\/v2\/product\/103337","targetHints":{"allow":["GET"]}}],"collection":[{"href":"https:\/\/truusk.store\/sv\/wp-json\/wp\/v2\/product"}],"about":[{"href":"https:\/\/truusk.store\/sv\/wp-json\/wp\/v2\/types\/product"}],"wp:featuredmedia":[{"embeddable":true,"href":"https:\/\/truusk.store\/sv\/wp-json\/wp\/v2\/media\/103328"}],"wp:attachment":[{"href":"https:\/\/truusk.store\/sv\/wp-json\/wp\/v2\/media?parent=103337"}],"wp:term":[{"taxonomy":"product_brand","embeddable":true,"href":"https:\/\/truusk.store\/sv\/wp-json\/wp\/v2\/product_brand?post=103337"},{"taxonomy":"product_cat","embeddable":true,"href":"https:\/\/truusk.store\/sv\/wp-json\/wp\/v2\/product_cat?post=103337"},{"taxonomy":"product_tag","embeddable":true,"href":"https:\/\/truusk.store\/sv\/wp-json\/wp\/v2\/product_tag?post=103337"}],"curies":[{"name":"wp","href":"https:\/\/api.w.org\/{rel}","templated":true}]}}