{"id":103347,"date":"2026-02-04T19:55:06","date_gmt":"2026-02-04T18:55:06","guid":{"rendered":"https:\/\/truusk.store\/product\/dubbel-solsang-for-2-personer-inkl-kuddar-och-baldakin-200-cm-x-139-cm-x-140-cm-morkgra\/"},"modified":"2026-03-12T09:18:29","modified_gmt":"2026-03-12T08:18:29","slug":"truusk-dubbel-solbadd-for-2-personer-inklusive-kuddar-och-baldakin-morkgra-200-cm-x-139-cm-x-140-cm","status":"publish","type":"product","link":"https:\/\/truusk.store\/sv\/produkt\/truusk-dubbel-solbadd-for-2-personer-inklusive-kuddar-och-baldakin-morkgra-200-cm-x-139-cm-x-140-cm\/","title":{"rendered":"TRUUSK Dubbel Solb\u00e4dd f\u00f6r 2 Personer &#8211; Inklusive Kuddar och Baldakin &#8211; M\u00f6rkgr\u00e5 &#8211; 200 cm x 139 cm x 140 cm"},"content":{"rendered":"<p>Denna utomhus dubbel sols\u00e4ng fr\u00e5n [BRAND NAME] inbjuder till avkoppling och vistelse. Lounge_m\u00f6beln best\u00e5r av en st\u00e5lram och andningsbart mesh-tyg. Materialet \u00e4r robust, h\u00e5llbart och l\u00e4mpligt f\u00f6r daglig anv\u00e4ndning. Den v\u00e4derbest\u00e4ndiga taket skyddar mot f\u00f6r mycket sol och l\u00e4tt regn. Tack vare dess tv\u00e5 hjul kan s\u00e4ngen enkelt flyttas fr\u00e5n en plats till en annan.<\/p>\n<p>Beskrivning:<\/p>\n<ul>\n<li> Anti-slip protektorer p\u00e5 fr\u00e4mre benen ger mer stabilitet<\/li>\n<li> Den justerbara baldakinen p\u00e5 toppen ger dig skugga<\/li>\n<li> Armst\u00f6den \u00e4r vadderade f\u00f6r extra komfort<\/li>\n<li> Tv\u00e5 inbyggda hjul f\u00f6r enkel r\u00f6relse<\/li>\n<li> Levereras med tv\u00e5 avtagbara kuddar f\u00f6r extra komfort<\/li>\n<li> Elegant utseende \u00e4r perfekt f\u00f6r terrass, poolomr\u00e5de och tr\u00e4dg\u00e5rd<\/li>\n<li> Montering kr\u00e4vs<\/li>\n<\/ul>\n<p>Tekniska specifikationer:<\/p>\n<ul>\n<li> F\u00e4rg: M\u00f6rkgr\u00e5<\/li>\n<li> Material: St\u00e5l, Polyester, EVA<\/li>\n<li> Totala m\u00e5tt: 200L x 139B x 140H cm<\/li>\n<li> Baldakin storlek: 136L x 112B cm<\/li>\n<li> S\u00e4ngstorlek: 182L x 128B cm<\/li>\n<li> Kuddstorlek: 45L x 18B cm<\/li>\n<li> Viktkapacitet: 220kg<\/li>\n<\/ul>\n<p>Leverans inneh\u00e5ller:<\/p>\n<ul>\n<li> 1 x Utomhus gungb\u00e4dd<\/li>\n<li> 1 x Instruktioner<\/li>\n<\/ul>\n","protected":false},"excerpt":{"rendered":"<p>Denna utomhus dubbel sols\u00e4ng fr\u00e5n [BRAND NAME] inbjuder till avkoppling och vistelse. Lounge_m\u00f6beln best\u00e5r av en st\u00e5lram och andningsbart mesh-tyg&#8230;.<\/p>\n","protected":false},"featured_media":103338,"template":"","meta":[],"product_brand":[],"product_cat":[451,858,450],"product_tag":[],"class_list":{"0":"post-103347","1":"product","2":"type-product","3":"status-publish","4":"has-post-thumbnail","6":"product_cat-solstolar","7":"product_cat-tradgard-terrass","8":"product_cat-tradgardsmobler","10":"first","11":"instock","12":"sale","13":"taxable","14":"shipping-taxable","15":"purchasable","16":"product-type-simple"},"yoast_head":"<!-- This site is optimized with the Yoast SEO plugin v25.4 - https:\/\/yoast.com\/wordpress\/plugins\/seo\/ -->\n<title>TRUUSK Dubbel Solb\u00e4dd f\u00f6r 2 Personer - Inklusive Kuddar och Baldakin - M\u00f6rkgr\u00e5 - 200 cm x 139 cm x 140 cm - TRUUSK - Hem, Tr\u00e4dg\u00e5rd &amp; Fritid<\/title>\n<meta name=\"robots\" content=\"index, follow, max-snippet:-1, max-image-preview:large, max-video-preview:-1\" \/>\n<link rel=\"canonical\" href=\"https:\/\/truusk.store\/sv\/produkt\/truusk-dubbel-solbadd-for-2-personer-inklusive-kuddar-och-baldakin-morkgra-200-cm-x-139-cm-x-140-cm\/\" \/>\n<meta property=\"og:locale\" content=\"sv_SE\" \/>\n<meta property=\"og:type\" content=\"article\" \/>\n<meta property=\"og:title\" content=\"TRUUSK Dubbel Solb\u00e4dd f\u00f6r 2 Personer - Inklusive Kuddar och Baldakin - M\u00f6rkgr\u00e5 - 200 cm x 139 cm x 140 cm - TRUUSK - Hem, Tr\u00e4dg\u00e5rd &amp; Fritid\" \/>\n<meta property=\"og:description\" content=\"Denna utomhus dubbel sols\u00e4ng fr\u00e5n [BRAND NAME] inbjuder till avkoppling och vistelse. Lounge_m\u00f6beln best\u00e5r av en st\u00e5lram och andningsbart mesh-tyg....\" \/>\n<meta property=\"og:url\" content=\"https:\/\/truusk.store\/sv\/produkt\/truusk-dubbel-solbadd-for-2-personer-inklusive-kuddar-och-baldakin-morkgra-200-cm-x-139-cm-x-140-cm\/\" \/>\n<meta property=\"og:site_name\" content=\"TRUUSK - Hem, Tr\u00e4dg\u00e5rd &amp; Fritid\" \/>\n<meta property=\"article:modified_time\" content=\"2026-03-12T08:18:29+00:00\" \/>\n<meta property=\"og:image\" content=\"https:\/\/i0.wp.com\/truusk.se\/wp-content\/uploads\/2026\/02\/dubbel-solsang-for-2-personer-inkl-kuddar-och-baldakin-200-cm-x-139-cm-x-140-cm-morkgra-1.webp?fit=2000%2C2000&ssl=1\" \/>\n\t<meta property=\"og:image:width\" content=\"2000\" \/>\n\t<meta property=\"og:image:height\" content=\"2000\" \/>\n\t<meta property=\"og:image:type\" content=\"image\/webp\" \/>\n<meta name=\"twitter:card\" content=\"summary_large_image\" \/>\n<meta name=\"twitter:label1\" content=\"Ber\u00e4knad l\u00e4stid\" \/>\n\t<meta name=\"twitter:data1\" content=\"1 minut\" \/>\n<!-- \/ Yoast SEO plugin. -->","yoast_head_json":{"title":"TRUUSK Dubbel Solb\u00e4dd f\u00f6r 2 Personer - Inklusive Kuddar och Baldakin - M\u00f6rkgr\u00e5 - 200 cm x 139 cm x 140 cm - TRUUSK - Hem, Tr\u00e4dg\u00e5rd &amp; Fritid","robots":{"index":"index","follow":"follow","max-snippet":"max-snippet:-1","max-image-preview":"max-image-preview:large","max-video-preview":"max-video-preview:-1"},"canonical":"https:\/\/truusk.store\/sv\/produkt\/truusk-dubbel-solbadd-for-2-personer-inklusive-kuddar-och-baldakin-morkgra-200-cm-x-139-cm-x-140-cm\/","og_locale":"sv_SE","og_type":"article","og_title":"TRUUSK Dubbel Solb\u00e4dd f\u00f6r 2 Personer - Inklusive Kuddar och Baldakin - M\u00f6rkgr\u00e5 - 200 cm x 139 cm x 140 cm - TRUUSK - Hem, Tr\u00e4dg\u00e5rd &amp; Fritid","og_description":"Denna utomhus dubbel sols\u00e4ng fr\u00e5n [BRAND NAME] inbjuder till avkoppling och vistelse. Lounge_m\u00f6beln best\u00e5r av en st\u00e5lram och andningsbart mesh-tyg....","og_url":"https:\/\/truusk.store\/sv\/produkt\/truusk-dubbel-solbadd-for-2-personer-inklusive-kuddar-och-baldakin-morkgra-200-cm-x-139-cm-x-140-cm\/","og_site_name":"TRUUSK - Hem, Tr\u00e4dg\u00e5rd &amp; Fritid","article_modified_time":"2026-03-12T08:18:29+00:00","og_image":[{"width":2000,"height":2000,"url":"https:\/\/i0.wp.com\/truusk.se\/wp-content\/uploads\/2026\/02\/dubbel-solsang-for-2-personer-inkl-kuddar-och-baldakin-200-cm-x-139-cm-x-140-cm-morkgra-1.webp?fit=2000%2C2000&ssl=1","type":"image\/webp"}],"twitter_card":"summary_large_image","twitter_misc":{"Ber\u00e4knad l\u00e4stid":"1 minut"},"schema":{"@context":"https:\/\/schema.org","@graph":[{"@type":"WebPage","@id":"https:\/\/truusk.store\/sv\/produkt\/truusk-dubbel-solbadd-for-2-personer-inklusive-kuddar-och-baldakin-morkgra-200-cm-x-139-cm-x-140-cm\/","url":"https:\/\/truusk.store\/sv\/produkt\/truusk-dubbel-solbadd-for-2-personer-inklusive-kuddar-och-baldakin-morkgra-200-cm-x-139-cm-x-140-cm\/","name":"TRUUSK Dubbel Solb\u00e4dd f\u00f6r 2 Personer - Inklusive Kuddar och Baldakin - M\u00f6rkgr\u00e5 - 200 cm x 139 cm x 140 cm - TRUUSK - Hem, Tr\u00e4dg\u00e5rd &amp; Fritid","isPartOf":{"@id":"https:\/\/truusk.store\/sv\/#website"},"primaryImageOfPage":{"@id":"https:\/\/truusk.store\/sv\/produkt\/truusk-dubbel-solbadd-for-2-personer-inklusive-kuddar-och-baldakin-morkgra-200-cm-x-139-cm-x-140-cm\/#primaryimage"},"image":{"@id":"https:\/\/truusk.store\/sv\/produkt\/truusk-dubbel-solbadd-for-2-personer-inklusive-kuddar-och-baldakin-morkgra-200-cm-x-139-cm-x-140-cm\/#primaryimage"},"thumbnailUrl":"https:\/\/i0.wp.com\/truusk.store\/wp-content\/uploads\/2026\/02\/dubbel-solsang-for-2-personer-inkl-kuddar-och-baldakin-200-cm-x-139-cm-x-140-cm-morkgra-1.webp?fit=2000%2C2000&ssl=1","datePublished":"2026-02-04T18:55:06+00:00","dateModified":"2026-03-12T08:18:29+00:00","breadcrumb":{"@id":"https:\/\/truusk.store\/sv\/produkt\/truusk-dubbel-solbadd-for-2-personer-inklusive-kuddar-och-baldakin-morkgra-200-cm-x-139-cm-x-140-cm\/#breadcrumb"},"inLanguage":"sv-SE","potentialAction":[{"@type":"ReadAction","target":["https:\/\/truusk.store\/sv\/produkt\/truusk-dubbel-solbadd-for-2-personer-inklusive-kuddar-och-baldakin-morkgra-200-cm-x-139-cm-x-140-cm\/"]}]},{"@type":"ImageObject","inLanguage":"sv-SE","@id":"https:\/\/truusk.store\/sv\/produkt\/truusk-dubbel-solbadd-for-2-personer-inklusive-kuddar-och-baldakin-morkgra-200-cm-x-139-cm-x-140-cm\/#primaryimage","url":"https:\/\/i0.wp.com\/truusk.store\/wp-content\/uploads\/2026\/02\/dubbel-solsang-for-2-personer-inkl-kuddar-och-baldakin-200-cm-x-139-cm-x-140-cm-morkgra-1.webp?fit=2000%2C2000&ssl=1","contentUrl":"https:\/\/i0.wp.com\/truusk.store\/wp-content\/uploads\/2026\/02\/dubbel-solsang-for-2-personer-inkl-kuddar-och-baldakin-200-cm-x-139-cm-x-140-cm-morkgra-1.webp?fit=2000%2C2000&ssl=1","width":2000,"height":2000},{"@type":"BreadcrumbList","@id":"https:\/\/truusk.store\/sv\/produkt\/truusk-dubbel-solbadd-for-2-personer-inklusive-kuddar-och-baldakin-morkgra-200-cm-x-139-cm-x-140-cm\/#breadcrumb","itemListElement":[{"@type":"ListItem","position":1,"name":"Home","item":"https:\/\/truusk.store\/sv\/"},{"@type":"ListItem","position":2,"name":"Shop","item":"https:\/\/truusk.store\/shop\/"},{"@type":"ListItem","position":3,"name":"TRUUSK Dubbel Solb\u00e4dd f\u00f6r 2 Personer &#8211; Inklusive Kuddar och Baldakin &#8211; M\u00f6rkgr\u00e5 &#8211; 200 cm x 139 cm x 140 cm"}]},{"@type":"WebSite","@id":"https:\/\/truusk.store\/sv\/#website","url":"https:\/\/truusk.store\/sv\/","name":"TRUUSK - Hem, Tr\u00e4dg\u00e5rd & Fritid","description":"","publisher":{"@id":"https:\/\/truusk.store\/sv\/#organization"},"potentialAction":[{"@type":"SearchAction","target":{"@type":"EntryPoint","urlTemplate":"https:\/\/truusk.store\/sv\/?s={search_term_string}"},"query-input":{"@type":"PropertyValueSpecification","valueRequired":true,"valueName":"search_term_string"}}],"inLanguage":"sv-SE"},{"@type":"Organization","@id":"https:\/\/truusk.store\/sv\/#organization","name":"TRUUSK - Hem, Tr\u00e4dg\u00e5rd & Fritid","url":"https:\/\/truusk.store\/sv\/","logo":{"@type":"ImageObject","inLanguage":"sv-SE","@id":"https:\/\/truusk.store\/sv\/#\/schema\/logo\/image\/","url":"https:\/\/i0.wp.com\/truusk.store\/wp-content\/uploads\/2026\/03\/cropped-TRUUSK.png?fit=2032%2C917&ssl=1","contentUrl":"https:\/\/i0.wp.com\/truusk.store\/wp-content\/uploads\/2026\/03\/cropped-TRUUSK.png?fit=2032%2C917&ssl=1","width":2032,"height":917,"caption":"TRUUSK - Hem, Tr\u00e4dg\u00e5rd & Fritid"},"image":{"@id":"https:\/\/truusk.store\/sv\/#\/schema\/logo\/image\/"}}]}},"jetpack_sharing_enabled":true,"_links":{"self":[{"href":"https:\/\/truusk.store\/sv\/wp-json\/wp\/v2\/product\/103347","targetHints":{"allow":["GET"]}}],"collection":[{"href":"https:\/\/truusk.store\/sv\/wp-json\/wp\/v2\/product"}],"about":[{"href":"https:\/\/truusk.store\/sv\/wp-json\/wp\/v2\/types\/product"}],"wp:featuredmedia":[{"embeddable":true,"href":"https:\/\/truusk.store\/sv\/wp-json\/wp\/v2\/media\/103338"}],"wp:attachment":[{"href":"https:\/\/truusk.store\/sv\/wp-json\/wp\/v2\/media?parent=103347"}],"wp:term":[{"taxonomy":"product_brand","embeddable":true,"href":"https:\/\/truusk.store\/sv\/wp-json\/wp\/v2\/product_brand?post=103347"},{"taxonomy":"product_cat","embeddable":true,"href":"https:\/\/truusk.store\/sv\/wp-json\/wp\/v2\/product_cat?post=103347"},{"taxonomy":"product_tag","embeddable":true,"href":"https:\/\/truusk.store\/sv\/wp-json\/wp\/v2\/product_tag?post=103347"}],"curies":[{"name":"wp","href":"https:\/\/api.w.org\/{rel}","templated":true}]}}