{"id":103367,"date":"2026-02-05T03:49:28","date_gmt":"2026-02-05T02:49:28","guid":{"rendered":"https:\/\/truusk.store\/product\/tradgardsbank-2-sits-sittbank-parkbank-metall-tradgardsmobler\/"},"modified":"2026-03-12T09:01:05","modified_gmt":"2026-03-12T08:01:05","slug":"truusk-tradgardsmobel-2-sits-sittbank-metall-parkbank-utomhusmobler-svart","status":"publish","type":"product","link":"https:\/\/truusk.store\/sv\/produkt\/truusk-tradgardsmobel-2-sits-sittbank-metall-parkbank-utomhusmobler-svart\/","title":{"rendered":"TRUUSK Tr\u00e4dg\u00e5rdsm\u00f6bel 2-sits Sittb\u00e4nk &#8211; Metall Parkb\u00e4nk &#8211; Utomhusm\u00f6bler &#8211; Svart"},"content":{"rendered":"<p>Denna dekorativa tr\u00e4dg\u00e5rdsb\u00e4nk fr\u00e5n [BRAND NAME] kommer att ge din tr\u00e4dg\u00e5rd en karakt\u00e4rsfull touch och skapa ett litet, nostalgiskt avkopplingsparadis. Den l\u00e4tt lutande sittytan och den bekv\u00e4ma ryggst\u00f6det p\u00e5 parkb\u00e4nken g\u00f6r det m\u00f6jligt f\u00f6r upp till tv\u00e5 personer att sitta bekv\u00e4mt bredvid varandra och ger dem en enast\u00e5ende komfortabel sittk\u00e4nsla. Ramen av gjutj\u00e4rn \u00e4r belagd med en v\u00e4derbest\u00e4ndig bel\u00e4ggning, s\u00e5 att denna b\u00e4nk kan st\u00e5 utomhus utan bekymmer hela \u00e5ret runt.<\/p>\n<p>Beskrivning:<\/p>\n<ul>\n<li> Den formfull\u00e4ndade sittb\u00e4nken \u00e4r en tidl\u00f6s blickf\u00e5ngare var den \u00e4n st\u00e5r<\/li>\n<li> Elegant design, stabil och h\u00e5llbar<\/li>\n<li> L\u00e4mplig f\u00f6r inomhus och utomhus anv\u00e4ndning<\/li>\n<li> Stabil och v\u00e4derbest\u00e4ndig konstruktion<\/li>\n<li> Dekorativa slingor formar ordet &#8221;Welcome&#8221; i ryggst\u00f6det<\/li>\n<li> F\u00f6r tv\u00e5 personer<\/li>\n<\/ul>\n<p> Tekniska data:<\/p>\n<ul>\n<li> Material: J\u00e4rn, pulverlackerat<\/li>\n<li> B\u00e4rkapacitet: upp till ca. 240 kg<\/li>\n<li> Totala m\u00e5tt: L127 x B60 x H87 cm<\/li>\n<li> Sittyta: ca. L121 x B41cm<\/li>\n<li> Sitth\u00f6jd: ca. 40 cm<\/li>\n<\/ul>\n<p>Leveransinneh\u00e5ll:<\/p>\n<ul>\n<li> 1 x Tr\u00e4dg\u00e5rdsb\u00e4nk<\/li>\n<\/ul>\n","protected":false},"excerpt":{"rendered":"<p>Denna dekorativa tr\u00e4dg\u00e5rdsb\u00e4nk fr\u00e5n [BRAND NAME] kommer att ge din tr\u00e4dg\u00e5rd en karakt\u00e4rsfull touch och skapa ett litet, nostalgiskt avkopplingsparadis&#8230;.<\/p>\n","protected":false},"featured_media":103358,"template":"","meta":[],"product_brand":[],"product_cat":[858,454,450],"product_tag":[],"class_list":{"0":"post-103367","1":"product","2":"type-product","3":"status-publish","4":"has-post-thumbnail","6":"product_cat-tradgard-terrass","7":"product_cat-tradgardsbankar","8":"product_cat-tradgardsmobler","10":"first","11":"instock","12":"sale","13":"taxable","14":"shipping-taxable","15":"purchasable","16":"product-type-simple"},"yoast_head":"<!-- This site is optimized with the Yoast SEO plugin v25.4 - https:\/\/yoast.com\/wordpress\/plugins\/seo\/ -->\n<title>TRUUSK Tr\u00e4dg\u00e5rdsm\u00f6bel 2-sits Sittb\u00e4nk - Metall Parkb\u00e4nk - Utomhusm\u00f6bler - Svart - TRUUSK - Hem, Tr\u00e4dg\u00e5rd &amp; Fritid<\/title>\n<meta name=\"robots\" content=\"index, follow, max-snippet:-1, max-image-preview:large, max-video-preview:-1\" \/>\n<link rel=\"canonical\" href=\"https:\/\/truusk.store\/sv\/produkt\/truusk-tradgardsmobel-2-sits-sittbank-metall-parkbank-utomhusmobler-svart\/\" \/>\n<meta property=\"og:locale\" content=\"sv_SE\" \/>\n<meta property=\"og:type\" content=\"article\" \/>\n<meta property=\"og:title\" content=\"TRUUSK Tr\u00e4dg\u00e5rdsm\u00f6bel 2-sits Sittb\u00e4nk - Metall Parkb\u00e4nk - Utomhusm\u00f6bler - Svart - TRUUSK - Hem, Tr\u00e4dg\u00e5rd &amp; Fritid\" \/>\n<meta property=\"og:description\" content=\"Denna dekorativa tr\u00e4dg\u00e5rdsb\u00e4nk fr\u00e5n [BRAND NAME] kommer att ge din tr\u00e4dg\u00e5rd en karakt\u00e4rsfull touch och skapa ett litet, nostalgiskt avkopplingsparadis....\" \/>\n<meta property=\"og:url\" content=\"https:\/\/truusk.store\/sv\/produkt\/truusk-tradgardsmobel-2-sits-sittbank-metall-parkbank-utomhusmobler-svart\/\" \/>\n<meta property=\"og:site_name\" content=\"TRUUSK - Hem, Tr\u00e4dg\u00e5rd &amp; Fritid\" \/>\n<meta property=\"article:modified_time\" content=\"2026-03-12T08:01:05+00:00\" \/>\n<meta property=\"og:image\" content=\"https:\/\/i0.wp.com\/truusk.se\/wp-content\/uploads\/2026\/02\/tradgardsbank-2-sits-sittbank-parkbank-metall-tradgardsmobler-1.webp?fit=1500%2C1500&ssl=1\" \/>\n\t<meta property=\"og:image:width\" content=\"1500\" \/>\n\t<meta property=\"og:image:height\" content=\"1500\" \/>\n\t<meta property=\"og:image:type\" content=\"image\/webp\" \/>\n<meta name=\"twitter:card\" content=\"summary_large_image\" \/>\n<meta name=\"twitter:label1\" content=\"Ber\u00e4knad l\u00e4stid\" \/>\n\t<meta name=\"twitter:data1\" content=\"1 minut\" \/>\n<!-- \/ Yoast SEO plugin. -->","yoast_head_json":{"title":"TRUUSK Tr\u00e4dg\u00e5rdsm\u00f6bel 2-sits Sittb\u00e4nk - Metall Parkb\u00e4nk - Utomhusm\u00f6bler - Svart - TRUUSK - Hem, Tr\u00e4dg\u00e5rd &amp; Fritid","robots":{"index":"index","follow":"follow","max-snippet":"max-snippet:-1","max-image-preview":"max-image-preview:large","max-video-preview":"max-video-preview:-1"},"canonical":"https:\/\/truusk.store\/sv\/produkt\/truusk-tradgardsmobel-2-sits-sittbank-metall-parkbank-utomhusmobler-svart\/","og_locale":"sv_SE","og_type":"article","og_title":"TRUUSK Tr\u00e4dg\u00e5rdsm\u00f6bel 2-sits Sittb\u00e4nk - Metall Parkb\u00e4nk - Utomhusm\u00f6bler - Svart - TRUUSK - Hem, Tr\u00e4dg\u00e5rd &amp; Fritid","og_description":"Denna dekorativa tr\u00e4dg\u00e5rdsb\u00e4nk fr\u00e5n [BRAND NAME] kommer att ge din tr\u00e4dg\u00e5rd en karakt\u00e4rsfull touch och skapa ett litet, nostalgiskt avkopplingsparadis....","og_url":"https:\/\/truusk.store\/sv\/produkt\/truusk-tradgardsmobel-2-sits-sittbank-metall-parkbank-utomhusmobler-svart\/","og_site_name":"TRUUSK - Hem, Tr\u00e4dg\u00e5rd &amp; Fritid","article_modified_time":"2026-03-12T08:01:05+00:00","og_image":[{"width":1500,"height":1500,"url":"https:\/\/i0.wp.com\/truusk.se\/wp-content\/uploads\/2026\/02\/tradgardsbank-2-sits-sittbank-parkbank-metall-tradgardsmobler-1.webp?fit=1500%2C1500&ssl=1","type":"image\/webp"}],"twitter_card":"summary_large_image","twitter_misc":{"Ber\u00e4knad l\u00e4stid":"1 minut"},"schema":{"@context":"https:\/\/schema.org","@graph":[{"@type":"WebPage","@id":"https:\/\/truusk.store\/sv\/produkt\/truusk-tradgardsmobel-2-sits-sittbank-metall-parkbank-utomhusmobler-svart\/","url":"https:\/\/truusk.store\/sv\/produkt\/truusk-tradgardsmobel-2-sits-sittbank-metall-parkbank-utomhusmobler-svart\/","name":"TRUUSK Tr\u00e4dg\u00e5rdsm\u00f6bel 2-sits Sittb\u00e4nk - Metall Parkb\u00e4nk - Utomhusm\u00f6bler - Svart - TRUUSK - Hem, Tr\u00e4dg\u00e5rd &amp; Fritid","isPartOf":{"@id":"https:\/\/truusk.store\/sv\/#website"},"primaryImageOfPage":{"@id":"https:\/\/truusk.store\/sv\/produkt\/truusk-tradgardsmobel-2-sits-sittbank-metall-parkbank-utomhusmobler-svart\/#primaryimage"},"image":{"@id":"https:\/\/truusk.store\/sv\/produkt\/truusk-tradgardsmobel-2-sits-sittbank-metall-parkbank-utomhusmobler-svart\/#primaryimage"},"thumbnailUrl":"https:\/\/i0.wp.com\/truusk.store\/wp-content\/uploads\/2026\/02\/tradgardsbank-2-sits-sittbank-parkbank-metall-tradgardsmobler-1.webp?fit=1500%2C1500&ssl=1","datePublished":"2026-02-05T02:49:28+00:00","dateModified":"2026-03-12T08:01:05+00:00","breadcrumb":{"@id":"https:\/\/truusk.store\/sv\/produkt\/truusk-tradgardsmobel-2-sits-sittbank-metall-parkbank-utomhusmobler-svart\/#breadcrumb"},"inLanguage":"sv-SE","potentialAction":[{"@type":"ReadAction","target":["https:\/\/truusk.store\/sv\/produkt\/truusk-tradgardsmobel-2-sits-sittbank-metall-parkbank-utomhusmobler-svart\/"]}]},{"@type":"ImageObject","inLanguage":"sv-SE","@id":"https:\/\/truusk.store\/sv\/produkt\/truusk-tradgardsmobel-2-sits-sittbank-metall-parkbank-utomhusmobler-svart\/#primaryimage","url":"https:\/\/i0.wp.com\/truusk.store\/wp-content\/uploads\/2026\/02\/tradgardsbank-2-sits-sittbank-parkbank-metall-tradgardsmobler-1.webp?fit=1500%2C1500&ssl=1","contentUrl":"https:\/\/i0.wp.com\/truusk.store\/wp-content\/uploads\/2026\/02\/tradgardsbank-2-sits-sittbank-parkbank-metall-tradgardsmobler-1.webp?fit=1500%2C1500&ssl=1","width":1500,"height":1500},{"@type":"BreadcrumbList","@id":"https:\/\/truusk.store\/sv\/produkt\/truusk-tradgardsmobel-2-sits-sittbank-metall-parkbank-utomhusmobler-svart\/#breadcrumb","itemListElement":[{"@type":"ListItem","position":1,"name":"Home","item":"https:\/\/truusk.store\/sv\/"},{"@type":"ListItem","position":2,"name":"Shop","item":"https:\/\/truusk.store\/shop\/"},{"@type":"ListItem","position":3,"name":"TRUUSK Tr\u00e4dg\u00e5rdsm\u00f6bel 2-sits Sittb\u00e4nk &#8211; Metall Parkb\u00e4nk &#8211; Utomhusm\u00f6bler &#8211; Svart"}]},{"@type":"WebSite","@id":"https:\/\/truusk.store\/sv\/#website","url":"https:\/\/truusk.store\/sv\/","name":"TRUUSK - Hem, Tr\u00e4dg\u00e5rd & Fritid","description":"","publisher":{"@id":"https:\/\/truusk.store\/sv\/#organization"},"potentialAction":[{"@type":"SearchAction","target":{"@type":"EntryPoint","urlTemplate":"https:\/\/truusk.store\/sv\/?s={search_term_string}"},"query-input":{"@type":"PropertyValueSpecification","valueRequired":true,"valueName":"search_term_string"}}],"inLanguage":"sv-SE"},{"@type":"Organization","@id":"https:\/\/truusk.store\/sv\/#organization","name":"TRUUSK - Hem, Tr\u00e4dg\u00e5rd & Fritid","url":"https:\/\/truusk.store\/sv\/","logo":{"@type":"ImageObject","inLanguage":"sv-SE","@id":"https:\/\/truusk.store\/sv\/#\/schema\/logo\/image\/","url":"https:\/\/i0.wp.com\/truusk.store\/wp-content\/uploads\/2026\/03\/cropped-TRUUSK.png?fit=2032%2C917&ssl=1","contentUrl":"https:\/\/i0.wp.com\/truusk.store\/wp-content\/uploads\/2026\/03\/cropped-TRUUSK.png?fit=2032%2C917&ssl=1","width":2032,"height":917,"caption":"TRUUSK - Hem, Tr\u00e4dg\u00e5rd & Fritid"},"image":{"@id":"https:\/\/truusk.store\/sv\/#\/schema\/logo\/image\/"}}]}},"jetpack_sharing_enabled":true,"_links":{"self":[{"href":"https:\/\/truusk.store\/sv\/wp-json\/wp\/v2\/product\/103367","targetHints":{"allow":["GET"]}}],"collection":[{"href":"https:\/\/truusk.store\/sv\/wp-json\/wp\/v2\/product"}],"about":[{"href":"https:\/\/truusk.store\/sv\/wp-json\/wp\/v2\/types\/product"}],"wp:featuredmedia":[{"embeddable":true,"href":"https:\/\/truusk.store\/sv\/wp-json\/wp\/v2\/media\/103358"}],"wp:attachment":[{"href":"https:\/\/truusk.store\/sv\/wp-json\/wp\/v2\/media?parent=103367"}],"wp:term":[{"taxonomy":"product_brand","embeddable":true,"href":"https:\/\/truusk.store\/sv\/wp-json\/wp\/v2\/product_brand?post=103367"},{"taxonomy":"product_cat","embeddable":true,"href":"https:\/\/truusk.store\/sv\/wp-json\/wp\/v2\/product_cat?post=103367"},{"taxonomy":"product_tag","embeddable":true,"href":"https:\/\/truusk.store\/sv\/wp-json\/wp\/v2\/product_tag?post=103367"}],"curies":[{"name":"wp","href":"https:\/\/api.w.org\/{rel}","templated":true}]}}