{"id":103377,"date":"2026-02-05T20:01:10","date_gmt":"2026-02-05T19:01:10","guid":{"rendered":"https:\/\/truusk.store\/product\/knappskarm-solparaply-tradgardsparaply-marknadsparaply-med-handvev-alu-180-%e3%8e%a1-polyester-morkgron-%e2%88%8526-x-235-m\/"},"modified":"2026-03-12T09:00:41","modified_gmt":"2026-03-12T08:00:41","slug":"truusk-solparaply-for-tradgarden-med-handvev-alu-ram-polyester-morkgron-diameter-26m","status":"publish","type":"product","link":"https:\/\/truusk.store\/sv\/produkt\/truusk-solparaply-for-tradgarden-med-handvev-alu-ram-polyester-morkgron-diameter-26m\/","title":{"rendered":"TRUUSK Solparaply f\u00f6r Tr\u00e4dg\u00e5rden &#8211; Med Handvev &#8211; Alu Ram &#8211; Polyester &#8211; M\u00f6rkgr\u00f6n &#8211; Diameter 2,6m"},"content":{"rendered":"<p> Denna parasoll fr\u00e5n [BRAND NAME] \u00f6vertygar inte bara med sin eleganta design, utan ocks\u00e5 med sin l\u00e4tta anv\u00e4ndning. Den kan enkelt \u00f6ppnas och st\u00e4ngas med en handvev. Parasollet \u00e4r vattenavvisande och l\u00e4mpar sig f\u00f6r alla v\u00e4der. Materialet av aluminium och polyester g\u00f6r denna parasoll mycket robust och h\u00e5llbar. Denna eleganta parasoll fr\u00e5n [BRAND NAME] ger mycket skugga p\u00e5 soliga dagar och skyddar dig dessutom mot skadliga UV-str\u00e5lar. <\/p>\n<p> Beskrivning: <\/p>\n<ul>\n<li> L\u00e4mpar sig f\u00f6r alla utomhusomr\u00e5den som t.ex. tr\u00e4dg\u00e5rd, terrass eller strand <\/li>\n<li> Materialet av aluminium \u00e4r robust och h\u00e5llbart <\/li>\n<li> 6 st\u00e5lst\u00e4nger ger h\u00f6g stabilitet <\/li>\n<li> Parasoll\u00f6verdraget best\u00e5r av 180 g\/m\u00b2 polyester, \u00e4r vattenavvisande och UV-resistent <\/li>\n<li> Parasollet har en lutningsfunktion <\/li>\n<li> Handvev m\u00f6jligg\u00f6r enkel \u00f6ppning och st\u00e4ngning <\/li>\n<li> Enkel och snabb att montera <\/li>\n<li> Kompatibel med parasollst\u00e4ll och tr\u00e4dg\u00e5rdsbord <\/li>\n<\/ul>\n<p> Tekniska data: <\/p>\n<ul>\n<li> F\u00e4rg: M\u00f6rkgr\u00f6n <\/li>\n<li> Material: St\u00e5l, aluminium, polyester <\/li>\n<li> Totala m\u00e5tt: \u00d82,6 x H2,35 m <\/li>\n<li> R\u00f6rdiameter st\u00e5ng: \u00d838 mm <\/li>\n<li> R\u00f6rdiameter per st\u00e5ng: 12 x 18 mm <\/li>\n<\/ul>\n<p> Leveransinneh\u00e5ll: <\/p>\n<ul>\n<li> 1 x parasoll <\/li>\n<li>OBS: Den avbildade parasollst\u00e4ll \u00e4r INTE inkluderad i leveransen. <\/li>\n<\/ul>\n","protected":false},"excerpt":{"rendered":"<p>Denna parasoll fr\u00e5n [BRAND NAME] \u00f6vertygar inte bara med sin eleganta design, utan ocks\u00e5 med sin l\u00e4tta anv\u00e4ndning. Den kan&#8230;<\/p>\n","protected":false},"featured_media":103368,"template":"","meta":[],"product_brand":[],"product_cat":[472,862,858],"product_tag":[],"class_list":{"0":"post-103377","1":"product","2":"type-product","3":"status-publish","4":"has-post-thumbnail","6":"product_cat-parasoller","7":"product_cat-sol-insynsskydd","8":"product_cat-tradgard-terrass","10":"first","11":"instock","12":"sale","13":"taxable","14":"shipping-taxable","15":"purchasable","16":"product-type-simple"},"yoast_head":"<!-- This site is optimized with the Yoast SEO plugin v25.4 - https:\/\/yoast.com\/wordpress\/plugins\/seo\/ -->\n<title>TRUUSK Solparaply f\u00f6r Tr\u00e4dg\u00e5rden - Med Handvev - Alu Ram - Polyester - M\u00f6rkgr\u00f6n - Diameter 2,6m - TRUUSK - Hem, Tr\u00e4dg\u00e5rd &amp; Fritid<\/title>\n<meta name=\"robots\" content=\"index, follow, max-snippet:-1, max-image-preview:large, max-video-preview:-1\" \/>\n<link rel=\"canonical\" href=\"https:\/\/truusk.store\/sv\/produkt\/truusk-solparaply-for-tradgarden-med-handvev-alu-ram-polyester-morkgron-diameter-26m\/\" \/>\n<meta property=\"og:locale\" content=\"sv_SE\" \/>\n<meta property=\"og:type\" content=\"article\" \/>\n<meta property=\"og:title\" content=\"TRUUSK Solparaply f\u00f6r Tr\u00e4dg\u00e5rden - Med Handvev - Alu Ram - Polyester - M\u00f6rkgr\u00f6n - Diameter 2,6m - TRUUSK - Hem, Tr\u00e4dg\u00e5rd &amp; Fritid\" \/>\n<meta property=\"og:description\" content=\"Denna parasoll fr\u00e5n [BRAND NAME] \u00f6vertygar inte bara med sin eleganta design, utan ocks\u00e5 med sin l\u00e4tta anv\u00e4ndning. Den kan...\" \/>\n<meta property=\"og:url\" content=\"https:\/\/truusk.store\/sv\/produkt\/truusk-solparaply-for-tradgarden-med-handvev-alu-ram-polyester-morkgron-diameter-26m\/\" \/>\n<meta property=\"og:site_name\" content=\"TRUUSK - Hem, Tr\u00e4dg\u00e5rd &amp; Fritid\" \/>\n<meta property=\"article:modified_time\" content=\"2026-03-12T08:00:41+00:00\" \/>\n<meta property=\"og:image\" content=\"https:\/\/i0.wp.com\/truusk.se\/wp-content\/uploads\/2026\/02\/knappskarm-solparaply-tradgardsparaply-marknadsparaply-med-handvev-alu-180-e38ea1-polyester-morkgron-e2888526-x-235-m-1.webp?fit=2000%2C2000&ssl=1\" \/>\n\t<meta property=\"og:image:width\" content=\"2000\" \/>\n\t<meta property=\"og:image:height\" content=\"2000\" \/>\n\t<meta property=\"og:image:type\" content=\"image\/webp\" \/>\n<meta name=\"twitter:card\" content=\"summary_large_image\" \/>\n<meta name=\"twitter:label1\" content=\"Ber\u00e4knad l\u00e4stid\" \/>\n\t<meta name=\"twitter:data1\" content=\"1 minut\" \/>\n<!-- \/ Yoast SEO plugin. -->","yoast_head_json":{"title":"TRUUSK Solparaply f\u00f6r Tr\u00e4dg\u00e5rden - Med Handvev - Alu Ram - Polyester - M\u00f6rkgr\u00f6n - Diameter 2,6m - TRUUSK - Hem, Tr\u00e4dg\u00e5rd &amp; Fritid","robots":{"index":"index","follow":"follow","max-snippet":"max-snippet:-1","max-image-preview":"max-image-preview:large","max-video-preview":"max-video-preview:-1"},"canonical":"https:\/\/truusk.store\/sv\/produkt\/truusk-solparaply-for-tradgarden-med-handvev-alu-ram-polyester-morkgron-diameter-26m\/","og_locale":"sv_SE","og_type":"article","og_title":"TRUUSK Solparaply f\u00f6r Tr\u00e4dg\u00e5rden - Med Handvev - Alu Ram - Polyester - M\u00f6rkgr\u00f6n - Diameter 2,6m - TRUUSK - Hem, Tr\u00e4dg\u00e5rd &amp; Fritid","og_description":"Denna parasoll fr\u00e5n [BRAND NAME] \u00f6vertygar inte bara med sin eleganta design, utan ocks\u00e5 med sin l\u00e4tta anv\u00e4ndning. Den kan...","og_url":"https:\/\/truusk.store\/sv\/produkt\/truusk-solparaply-for-tradgarden-med-handvev-alu-ram-polyester-morkgron-diameter-26m\/","og_site_name":"TRUUSK - Hem, Tr\u00e4dg\u00e5rd &amp; Fritid","article_modified_time":"2026-03-12T08:00:41+00:00","og_image":[{"width":2000,"height":2000,"url":"https:\/\/i0.wp.com\/truusk.se\/wp-content\/uploads\/2026\/02\/knappskarm-solparaply-tradgardsparaply-marknadsparaply-med-handvev-alu-180-e38ea1-polyester-morkgron-e2888526-x-235-m-1.webp?fit=2000%2C2000&ssl=1","type":"image\/webp"}],"twitter_card":"summary_large_image","twitter_misc":{"Ber\u00e4knad l\u00e4stid":"1 minut"},"schema":{"@context":"https:\/\/schema.org","@graph":[{"@type":"WebPage","@id":"https:\/\/truusk.store\/sv\/produkt\/truusk-solparaply-for-tradgarden-med-handvev-alu-ram-polyester-morkgron-diameter-26m\/","url":"https:\/\/truusk.store\/sv\/produkt\/truusk-solparaply-for-tradgarden-med-handvev-alu-ram-polyester-morkgron-diameter-26m\/","name":"TRUUSK Solparaply f\u00f6r Tr\u00e4dg\u00e5rden - Med Handvev - Alu Ram - Polyester - M\u00f6rkgr\u00f6n - Diameter 2,6m - TRUUSK - Hem, Tr\u00e4dg\u00e5rd &amp; Fritid","isPartOf":{"@id":"https:\/\/truusk.store\/sv\/#website"},"primaryImageOfPage":{"@id":"https:\/\/truusk.store\/sv\/produkt\/truusk-solparaply-for-tradgarden-med-handvev-alu-ram-polyester-morkgron-diameter-26m\/#primaryimage"},"image":{"@id":"https:\/\/truusk.store\/sv\/produkt\/truusk-solparaply-for-tradgarden-med-handvev-alu-ram-polyester-morkgron-diameter-26m\/#primaryimage"},"thumbnailUrl":"https:\/\/i0.wp.com\/truusk.store\/wp-content\/uploads\/2026\/02\/knappskarm-solparaply-tradgardsparaply-marknadsparaply-med-handvev-alu-180-e38ea1-polyester-morkgron-e2888526-x-235-m-1.webp?fit=2000%2C2000&ssl=1","datePublished":"2026-02-05T19:01:10+00:00","dateModified":"2026-03-12T08:00:41+00:00","breadcrumb":{"@id":"https:\/\/truusk.store\/sv\/produkt\/truusk-solparaply-for-tradgarden-med-handvev-alu-ram-polyester-morkgron-diameter-26m\/#breadcrumb"},"inLanguage":"sv-SE","potentialAction":[{"@type":"ReadAction","target":["https:\/\/truusk.store\/sv\/produkt\/truusk-solparaply-for-tradgarden-med-handvev-alu-ram-polyester-morkgron-diameter-26m\/"]}]},{"@type":"ImageObject","inLanguage":"sv-SE","@id":"https:\/\/truusk.store\/sv\/produkt\/truusk-solparaply-for-tradgarden-med-handvev-alu-ram-polyester-morkgron-diameter-26m\/#primaryimage","url":"https:\/\/i0.wp.com\/truusk.store\/wp-content\/uploads\/2026\/02\/knappskarm-solparaply-tradgardsparaply-marknadsparaply-med-handvev-alu-180-e38ea1-polyester-morkgron-e2888526-x-235-m-1.webp?fit=2000%2C2000&ssl=1","contentUrl":"https:\/\/i0.wp.com\/truusk.store\/wp-content\/uploads\/2026\/02\/knappskarm-solparaply-tradgardsparaply-marknadsparaply-med-handvev-alu-180-e38ea1-polyester-morkgron-e2888526-x-235-m-1.webp?fit=2000%2C2000&ssl=1","width":2000,"height":2000},{"@type":"BreadcrumbList","@id":"https:\/\/truusk.store\/sv\/produkt\/truusk-solparaply-for-tradgarden-med-handvev-alu-ram-polyester-morkgron-diameter-26m\/#breadcrumb","itemListElement":[{"@type":"ListItem","position":1,"name":"Home","item":"https:\/\/truusk.store\/sv\/"},{"@type":"ListItem","position":2,"name":"Shop","item":"https:\/\/truusk.store\/shop\/"},{"@type":"ListItem","position":3,"name":"TRUUSK Solparaply f\u00f6r Tr\u00e4dg\u00e5rden &#8211; Med Handvev &#8211; Alu Ram &#8211; Polyester &#8211; M\u00f6rkgr\u00f6n &#8211; Diameter 2,6m"}]},{"@type":"WebSite","@id":"https:\/\/truusk.store\/sv\/#website","url":"https:\/\/truusk.store\/sv\/","name":"TRUUSK - Hem, Tr\u00e4dg\u00e5rd & Fritid","description":"","publisher":{"@id":"https:\/\/truusk.store\/sv\/#organization"},"potentialAction":[{"@type":"SearchAction","target":{"@type":"EntryPoint","urlTemplate":"https:\/\/truusk.store\/sv\/?s={search_term_string}"},"query-input":{"@type":"PropertyValueSpecification","valueRequired":true,"valueName":"search_term_string"}}],"inLanguage":"sv-SE"},{"@type":"Organization","@id":"https:\/\/truusk.store\/sv\/#organization","name":"TRUUSK - Hem, Tr\u00e4dg\u00e5rd & Fritid","url":"https:\/\/truusk.store\/sv\/","logo":{"@type":"ImageObject","inLanguage":"sv-SE","@id":"https:\/\/truusk.store\/sv\/#\/schema\/logo\/image\/","url":"https:\/\/i0.wp.com\/truusk.store\/wp-content\/uploads\/2026\/03\/cropped-TRUUSK.png?fit=2032%2C917&ssl=1","contentUrl":"https:\/\/i0.wp.com\/truusk.store\/wp-content\/uploads\/2026\/03\/cropped-TRUUSK.png?fit=2032%2C917&ssl=1","width":2032,"height":917,"caption":"TRUUSK - Hem, Tr\u00e4dg\u00e5rd & Fritid"},"image":{"@id":"https:\/\/truusk.store\/sv\/#\/schema\/logo\/image\/"}}]}},"jetpack_sharing_enabled":true,"_links":{"self":[{"href":"https:\/\/truusk.store\/sv\/wp-json\/wp\/v2\/product\/103377","targetHints":{"allow":["GET"]}}],"collection":[{"href":"https:\/\/truusk.store\/sv\/wp-json\/wp\/v2\/product"}],"about":[{"href":"https:\/\/truusk.store\/sv\/wp-json\/wp\/v2\/types\/product"}],"wp:featuredmedia":[{"embeddable":true,"href":"https:\/\/truusk.store\/sv\/wp-json\/wp\/v2\/media\/103368"}],"wp:attachment":[{"href":"https:\/\/truusk.store\/sv\/wp-json\/wp\/v2\/media?parent=103377"}],"wp:term":[{"taxonomy":"product_brand","embeddable":true,"href":"https:\/\/truusk.store\/sv\/wp-json\/wp\/v2\/product_brand?post=103377"},{"taxonomy":"product_cat","embeddable":true,"href":"https:\/\/truusk.store\/sv\/wp-json\/wp\/v2\/product_cat?post=103377"},{"taxonomy":"product_tag","embeddable":true,"href":"https:\/\/truusk.store\/sv\/wp-json\/wp\/v2\/product_tag?post=103377"}],"curies":[{"name":"wp","href":"https:\/\/api.w.org\/{rel}","templated":true}]}}