{"id":103387,"date":"2026-02-06T04:48:46","date_gmt":"2026-02-06T03:48:46","guid":{"rendered":"https:\/\/truusk.store\/product\/barnspelhus-traspelhus-for-barn-utomhus-tradgardsspelhus-med-fonster-blomkrukor-3-8-ar-bla\/"},"modified":"2026-03-12T08:42:22","modified_gmt":"2026-03-12T07:42:22","slug":"truusk-traspelhus-for-barn-utomhuslekhus-med-fonster-blomkrukor-3-8-ar-bla","status":"publish","type":"product","link":"https:\/\/truusk.store\/sv\/produkt\/truusk-traspelhus-for-barn-utomhuslekhus-med-fonster-blomkrukor-3-8-ar-bla\/","title":{"rendered":"TRUUSK Tr\u00e4spelhus F\u00f6r Barn &#8211; Utomhuslekhus med F\u00f6nster &#8211; Blomkrukor &#8211; 3-8 \u00e5r &#8211; Bl\u00e5"},"content":{"rendered":"<p>L\u00e5t dina barn dyka in i lekens v\u00e4rld i timmar med [BRAND NAME] lekstuga. Du kan vara lugn medan de har roligt med sina v\u00e4nner i denna s\u00e4kra och inbjudande milj\u00f6. Med ett lutande tak f\u00f6r att undvika vattenskador, inbyggda d\u00f6rrar och f\u00f6nster f\u00f6r enkel tillg\u00e5ng och ventilation, och realistiska funktioner som en fr\u00e4mre ing\u00e5ng, f\u00f6nster, tv\u00e5 bloml\u00e5dor och tv\u00e5 f\u00f6rtjusande blomkrukor, kan du ta med detta lekhus hem<\/p>\n<p>Beskrivning:<\/p>\n<ul>\n<li> En fr\u00e4mre ing\u00e5ng, retrof\u00f6nster, tv\u00e5 planteringsl\u00e5dor och tv\u00e5 vackra blomkrukor ing\u00e5r<\/li>\n<li> F\u00f6nstren ger bra ventilation och utsikt<\/li>\n<li> Massivt grantr\u00e4 f\u00f6r utomhusbruk<\/li>\n<li> Det vattent\u00e4ta lutande taket ger skydd mot v\u00e4rme och d\u00e5ligt v\u00e4der<\/li>\n<li> L\u00e4mplig f\u00f6r barn mellan 3 och 8 \u00e5r<\/li>\n<li> Montering kr\u00e4vs<\/li>\n<\/ul>\n<p> Tekniska data:<\/p>\n<ul>\n<li> F\u00e4rg: M\u00f6rkbrun<\/li>\n<li> Material: Grantr\u00e4<\/li>\n<li> Totala dimensioner: 114B x 126,4D x 135H cm<\/li>\n<li> Takfotsh\u00f6jd: 99H cm<\/li>\n<li> D\u00f6rrstorlek: 41B x 85,5H cm<\/li>\n<li> F\u00f6nsterstorlek: (Framsidan) 16,4B x 28,4H cm, (Sidan) 41,8B x 18,5H cm<\/li>\n<li> Planteringsl\u00e5dor: 48,4B x 11,4D x 12H cm<\/li>\n<li> Planteringskrukor: 20B x 16,4D cm<\/li>\n<li> Rekommenderad \u00e5lder: 3-8 \u00e5r<\/li>\n<\/ul>\n<p>Leverans inneh\u00e5ller:<\/p>\n<ul>\n<li> 1 x Barnlekstuga<\/li>\n<li> 1 x Handbok<\/li>\n<\/ul>\n","protected":false},"excerpt":{"rendered":"<p>L\u00e5t dina barn dyka in i lekens v\u00e4rld i timmar med [BRAND NAME] lekstuga. Du kan vara lugn medan de&#8230;<\/p>\n","protected":false},"featured_media":103378,"template":"","meta":[],"product_brand":[],"product_cat":[880,995,918],"product_tag":[],"class_list":{"0":"post-103387","1":"product","2":"type-product","3":"status-publish","4":"has-post-thumbnail","6":"product_cat-baby-barn-2","7":"product_cat-dockhus","8":"product_cat-leksaker","10":"first","11":"instock","12":"sale","13":"taxable","14":"shipping-taxable","15":"purchasable","16":"product-type-simple"},"yoast_head":"<!-- This site is optimized with the Yoast SEO plugin v25.4 - https:\/\/yoast.com\/wordpress\/plugins\/seo\/ -->\n<title>TRUUSK Tr\u00e4spelhus F\u00f6r Barn - Utomhuslekhus med F\u00f6nster - Blomkrukor - 3-8 \u00e5r - Bl\u00e5 - TRUUSK - Hem, Tr\u00e4dg\u00e5rd &amp; Fritid<\/title>\n<meta name=\"robots\" content=\"index, follow, max-snippet:-1, max-image-preview:large, max-video-preview:-1\" \/>\n<link rel=\"canonical\" href=\"https:\/\/truusk.store\/sv\/produkt\/truusk-traspelhus-for-barn-utomhuslekhus-med-fonster-blomkrukor-3-8-ar-bla\/\" \/>\n<meta property=\"og:locale\" content=\"sv_SE\" \/>\n<meta property=\"og:type\" content=\"article\" \/>\n<meta property=\"og:title\" content=\"TRUUSK Tr\u00e4spelhus F\u00f6r Barn - Utomhuslekhus med F\u00f6nster - Blomkrukor - 3-8 \u00e5r - Bl\u00e5 - TRUUSK - Hem, Tr\u00e4dg\u00e5rd &amp; Fritid\" \/>\n<meta property=\"og:description\" content=\"L\u00e5t dina barn dyka in i lekens v\u00e4rld i timmar med [BRAND NAME] lekstuga. Du kan vara lugn medan de...\" \/>\n<meta property=\"og:url\" content=\"https:\/\/truusk.store\/sv\/produkt\/truusk-traspelhus-for-barn-utomhuslekhus-med-fonster-blomkrukor-3-8-ar-bla\/\" \/>\n<meta property=\"og:site_name\" content=\"TRUUSK - Hem, Tr\u00e4dg\u00e5rd &amp; Fritid\" \/>\n<meta property=\"article:modified_time\" content=\"2026-03-12T07:42:22+00:00\" \/>\n<meta property=\"og:image\" content=\"https:\/\/i0.wp.com\/truusk.se\/wp-content\/uploads\/2026\/02\/barnspelhus-traspelhus-for-barn-utomhus-tradgardsspelhus-med-fonster-blomkrukor-3-8-ar-bla-1.webp?fit=2000%2C2000&ssl=1\" \/>\n\t<meta property=\"og:image:width\" content=\"2000\" \/>\n\t<meta property=\"og:image:height\" content=\"2000\" \/>\n\t<meta property=\"og:image:type\" content=\"image\/webp\" \/>\n<meta name=\"twitter:card\" content=\"summary_large_image\" \/>\n<meta name=\"twitter:label1\" content=\"Ber\u00e4knad l\u00e4stid\" \/>\n\t<meta name=\"twitter:data1\" content=\"1 minut\" \/>\n<!-- \/ Yoast SEO plugin. -->","yoast_head_json":{"title":"TRUUSK Tr\u00e4spelhus F\u00f6r Barn - Utomhuslekhus med F\u00f6nster - Blomkrukor - 3-8 \u00e5r - Bl\u00e5 - TRUUSK - Hem, Tr\u00e4dg\u00e5rd &amp; Fritid","robots":{"index":"index","follow":"follow","max-snippet":"max-snippet:-1","max-image-preview":"max-image-preview:large","max-video-preview":"max-video-preview:-1"},"canonical":"https:\/\/truusk.store\/sv\/produkt\/truusk-traspelhus-for-barn-utomhuslekhus-med-fonster-blomkrukor-3-8-ar-bla\/","og_locale":"sv_SE","og_type":"article","og_title":"TRUUSK Tr\u00e4spelhus F\u00f6r Barn - Utomhuslekhus med F\u00f6nster - Blomkrukor - 3-8 \u00e5r - Bl\u00e5 - TRUUSK - Hem, Tr\u00e4dg\u00e5rd &amp; Fritid","og_description":"L\u00e5t dina barn dyka in i lekens v\u00e4rld i timmar med [BRAND NAME] lekstuga. Du kan vara lugn medan de...","og_url":"https:\/\/truusk.store\/sv\/produkt\/truusk-traspelhus-for-barn-utomhuslekhus-med-fonster-blomkrukor-3-8-ar-bla\/","og_site_name":"TRUUSK - Hem, Tr\u00e4dg\u00e5rd &amp; Fritid","article_modified_time":"2026-03-12T07:42:22+00:00","og_image":[{"width":2000,"height":2000,"url":"https:\/\/i0.wp.com\/truusk.se\/wp-content\/uploads\/2026\/02\/barnspelhus-traspelhus-for-barn-utomhus-tradgardsspelhus-med-fonster-blomkrukor-3-8-ar-bla-1.webp?fit=2000%2C2000&ssl=1","type":"image\/webp"}],"twitter_card":"summary_large_image","twitter_misc":{"Ber\u00e4knad l\u00e4stid":"1 minut"},"schema":{"@context":"https:\/\/schema.org","@graph":[{"@type":"WebPage","@id":"https:\/\/truusk.store\/sv\/produkt\/truusk-traspelhus-for-barn-utomhuslekhus-med-fonster-blomkrukor-3-8-ar-bla\/","url":"https:\/\/truusk.store\/sv\/produkt\/truusk-traspelhus-for-barn-utomhuslekhus-med-fonster-blomkrukor-3-8-ar-bla\/","name":"TRUUSK Tr\u00e4spelhus F\u00f6r Barn - Utomhuslekhus med F\u00f6nster - Blomkrukor - 3-8 \u00e5r - Bl\u00e5 - TRUUSK - Hem, Tr\u00e4dg\u00e5rd &amp; Fritid","isPartOf":{"@id":"https:\/\/truusk.store\/sv\/#website"},"primaryImageOfPage":{"@id":"https:\/\/truusk.store\/sv\/produkt\/truusk-traspelhus-for-barn-utomhuslekhus-med-fonster-blomkrukor-3-8-ar-bla\/#primaryimage"},"image":{"@id":"https:\/\/truusk.store\/sv\/produkt\/truusk-traspelhus-for-barn-utomhuslekhus-med-fonster-blomkrukor-3-8-ar-bla\/#primaryimage"},"thumbnailUrl":"https:\/\/i0.wp.com\/truusk.store\/wp-content\/uploads\/2026\/02\/barnspelhus-traspelhus-for-barn-utomhus-tradgardsspelhus-med-fonster-blomkrukor-3-8-ar-bla-1.webp?fit=2000%2C2000&ssl=1","datePublished":"2026-02-06T03:48:46+00:00","dateModified":"2026-03-12T07:42:22+00:00","breadcrumb":{"@id":"https:\/\/truusk.store\/sv\/produkt\/truusk-traspelhus-for-barn-utomhuslekhus-med-fonster-blomkrukor-3-8-ar-bla\/#breadcrumb"},"inLanguage":"sv-SE","potentialAction":[{"@type":"ReadAction","target":["https:\/\/truusk.store\/sv\/produkt\/truusk-traspelhus-for-barn-utomhuslekhus-med-fonster-blomkrukor-3-8-ar-bla\/"]}]},{"@type":"ImageObject","inLanguage":"sv-SE","@id":"https:\/\/truusk.store\/sv\/produkt\/truusk-traspelhus-for-barn-utomhuslekhus-med-fonster-blomkrukor-3-8-ar-bla\/#primaryimage","url":"https:\/\/i0.wp.com\/truusk.store\/wp-content\/uploads\/2026\/02\/barnspelhus-traspelhus-for-barn-utomhus-tradgardsspelhus-med-fonster-blomkrukor-3-8-ar-bla-1.webp?fit=2000%2C2000&ssl=1","contentUrl":"https:\/\/i0.wp.com\/truusk.store\/wp-content\/uploads\/2026\/02\/barnspelhus-traspelhus-for-barn-utomhus-tradgardsspelhus-med-fonster-blomkrukor-3-8-ar-bla-1.webp?fit=2000%2C2000&ssl=1","width":2000,"height":2000},{"@type":"BreadcrumbList","@id":"https:\/\/truusk.store\/sv\/produkt\/truusk-traspelhus-for-barn-utomhuslekhus-med-fonster-blomkrukor-3-8-ar-bla\/#breadcrumb","itemListElement":[{"@type":"ListItem","position":1,"name":"Home","item":"https:\/\/truusk.store\/sv\/"},{"@type":"ListItem","position":2,"name":"Shop","item":"https:\/\/truusk.store\/shop\/"},{"@type":"ListItem","position":3,"name":"TRUUSK Tr\u00e4spelhus F\u00f6r Barn &#8211; Utomhuslekhus med F\u00f6nster &#8211; Blomkrukor &#8211; 3-8 \u00e5r &#8211; Bl\u00e5"}]},{"@type":"WebSite","@id":"https:\/\/truusk.store\/sv\/#website","url":"https:\/\/truusk.store\/sv\/","name":"TRUUSK - Hem, Tr\u00e4dg\u00e5rd & Fritid","description":"","publisher":{"@id":"https:\/\/truusk.store\/sv\/#organization"},"potentialAction":[{"@type":"SearchAction","target":{"@type":"EntryPoint","urlTemplate":"https:\/\/truusk.store\/sv\/?s={search_term_string}"},"query-input":{"@type":"PropertyValueSpecification","valueRequired":true,"valueName":"search_term_string"}}],"inLanguage":"sv-SE"},{"@type":"Organization","@id":"https:\/\/truusk.store\/sv\/#organization","name":"TRUUSK - Hem, Tr\u00e4dg\u00e5rd & Fritid","url":"https:\/\/truusk.store\/sv\/","logo":{"@type":"ImageObject","inLanguage":"sv-SE","@id":"https:\/\/truusk.store\/sv\/#\/schema\/logo\/image\/","url":"https:\/\/i0.wp.com\/truusk.store\/wp-content\/uploads\/2026\/03\/cropped-TRUUSK.png?fit=2032%2C917&ssl=1","contentUrl":"https:\/\/i0.wp.com\/truusk.store\/wp-content\/uploads\/2026\/03\/cropped-TRUUSK.png?fit=2032%2C917&ssl=1","width":2032,"height":917,"caption":"TRUUSK - Hem, Tr\u00e4dg\u00e5rd & Fritid"},"image":{"@id":"https:\/\/truusk.store\/sv\/#\/schema\/logo\/image\/"}}]}},"jetpack_sharing_enabled":true,"_links":{"self":[{"href":"https:\/\/truusk.store\/sv\/wp-json\/wp\/v2\/product\/103387","targetHints":{"allow":["GET"]}}],"collection":[{"href":"https:\/\/truusk.store\/sv\/wp-json\/wp\/v2\/product"}],"about":[{"href":"https:\/\/truusk.store\/sv\/wp-json\/wp\/v2\/types\/product"}],"wp:featuredmedia":[{"embeddable":true,"href":"https:\/\/truusk.store\/sv\/wp-json\/wp\/v2\/media\/103378"}],"wp:attachment":[{"href":"https:\/\/truusk.store\/sv\/wp-json\/wp\/v2\/media?parent=103387"}],"wp:term":[{"taxonomy":"product_brand","embeddable":true,"href":"https:\/\/truusk.store\/sv\/wp-json\/wp\/v2\/product_brand?post=103387"},{"taxonomy":"product_cat","embeddable":true,"href":"https:\/\/truusk.store\/sv\/wp-json\/wp\/v2\/product_cat?post=103387"},{"taxonomy":"product_tag","embeddable":true,"href":"https:\/\/truusk.store\/sv\/wp-json\/wp\/v2\/product_tag?post=103387"}],"curies":[{"name":"wp","href":"https:\/\/api.w.org\/{rel}","templated":true}]}}