{"id":103398,"date":"2026-02-06T12:19:42","date_gmt":"2026-02-06T11:19:42","guid":{"rendered":"https:\/\/truusk.store\/?post_type=product&#038;p=103398"},"modified":"2026-03-12T08:57:44","modified_gmt":"2026-03-12T07:57:44","slug":"truusk-parasoll-i-bambu-300-cm-tradgardsparasoll-balkongparasoll-gra-hallbar-och-stilren","status":"publish","type":"product","link":"https:\/\/truusk.store\/sv\/produkt\/truusk-parasoll-i-bambu-300-cm-tradgardsparasoll-balkongparasoll-gra-hallbar-och-stilren\/","title":{"rendered":"TRUUSK Parasoll i Bambu 300 cm &#8211; Tr\u00e4dg\u00e5rdsparasoll &#8211; Balkongparasoll &#8211; Gr\u00e5 &#8211; H\u00e5llbar och Stilren"},"content":{"rendered":"<p>En parasoll f\u00f6r sommaren. Den \u00e4r s\u00e4rskilt m\u00e5ngsidig &#8211; oavsett om det \u00e4r p\u00e5 terrassen, balkongen eller p\u00e5 en fest. Tack vare dess storlek \u00e4r den ocks\u00e5 l\u00e4mplig f\u00f6r anv\u00e4ndning i st\u00f6rre lokaler. Ramen \u00e4r gjord av robust och l\u00e4tt bambu. Tack vare det smidiga repdraget kan din tr\u00e4dg\u00e5rdsparasoll enkelt \u00f6ppnas och st\u00e4ngas. Sommaren kan komma!<\/p>\n<p>Beskrivning:<\/p>\n<ul>\n<li> H\u00e5llbart material: vattenavvisande och UV-resistent, inte vattent\u00e4t (\u00f6verdraget kan vid behov tas bort och tv\u00e4ttas &#8211; handtv\u00e4tt)<\/li>\n<li> 2-delad mast gjord av 38 mm starkt grantr\u00e4, naturligt lackerad och v\u00e4derbest\u00e4ndig<\/li>\n<li> 8 bambusribbor p\u00e5 parasollen ger h\u00f6g stabilitet<\/li>\n<li> Parasollens lutning kan justeras i 3 steg, den idealiska skugggivaren f\u00f6r balkong, tr\u00e4dg\u00e5rd och terrass<\/li>\n<li> Med ett smidigt repdrag f\u00f6r bekv\u00e4m \u00f6ppning och st\u00e4ngning<\/li>\n<li> Observera: Bord, fot och parasollbas ing\u00e5r inte i leveransen<\/li>\n<\/ul>\n<p>Tekniska data:<\/p>\n<ul>\n<li> Material: Bambu, Polyester, Poppeltr\u00e4<\/li>\n<li> F\u00e4rg: Gr\u00e5<\/li>\n<li> Totala m\u00e5tt: \u2205300 x H250 cm<\/li>\n<li> R\u00f6rdiameter: 38 mm<\/li>\n<\/ul>\n<p>Leveransinneh\u00e5ll:<\/p>\n<ul>\n<li> 1 x Parasoll;<\/li>\n<\/ul>\n","protected":false},"excerpt":{"rendered":"<p>En parasoll f\u00f6r sommaren. Den \u00e4r s\u00e4rskilt m\u00e5ngsidig &#8211; oavsett om det \u00e4r p\u00e5 terrassen, balkongen eller p\u00e5 en fest&#8230;.<\/p>\n","protected":false},"featured_media":103389,"template":"","meta":[],"product_brand":[],"product_cat":[472,862,858],"product_tag":[],"class_list":{"0":"post-103398","1":"product","2":"type-product","3":"status-publish","4":"has-post-thumbnail","6":"product_cat-parasoller","7":"product_cat-sol-insynsskydd","8":"product_cat-tradgard-terrass","10":"first","11":"instock","12":"sale","13":"taxable","14":"shipping-taxable","15":"purchasable","16":"product-type-simple"},"yoast_head":"<!-- This site is optimized with the Yoast SEO plugin v25.4 - https:\/\/yoast.com\/wordpress\/plugins\/seo\/ -->\n<title>TRUUSK Parasoll i Bambu 300 cm - Tr\u00e4dg\u00e5rdsparasoll - Balkongparasoll - Gr\u00e5 - H\u00e5llbar och Stilren - TRUUSK - Hem, Tr\u00e4dg\u00e5rd &amp; Fritid<\/title>\n<meta name=\"robots\" content=\"index, follow, max-snippet:-1, max-image-preview:large, max-video-preview:-1\" \/>\n<link rel=\"canonical\" href=\"https:\/\/truusk.store\/sv\/produkt\/truusk-parasoll-i-bambu-300-cm-tradgardsparasoll-balkongparasoll-gra-hallbar-och-stilren\/\" \/>\n<meta property=\"og:locale\" content=\"sv_SE\" \/>\n<meta property=\"og:type\" content=\"article\" \/>\n<meta property=\"og:title\" content=\"TRUUSK Parasoll i Bambu 300 cm - Tr\u00e4dg\u00e5rdsparasoll - Balkongparasoll - Gr\u00e5 - H\u00e5llbar och Stilren - TRUUSK - Hem, Tr\u00e4dg\u00e5rd &amp; Fritid\" \/>\n<meta property=\"og:description\" content=\"En parasoll f\u00f6r sommaren. Den \u00e4r s\u00e4rskilt m\u00e5ngsidig &#8211; oavsett om det \u00e4r p\u00e5 terrassen, balkongen eller p\u00e5 en fest....\" \/>\n<meta property=\"og:url\" content=\"https:\/\/truusk.store\/sv\/produkt\/truusk-parasoll-i-bambu-300-cm-tradgardsparasoll-balkongparasoll-gra-hallbar-och-stilren\/\" \/>\n<meta property=\"og:site_name\" content=\"TRUUSK - Hem, Tr\u00e4dg\u00e5rd &amp; Fritid\" \/>\n<meta property=\"article:modified_time\" content=\"2026-03-12T07:57:44+00:00\" \/>\n<meta property=\"og:image\" content=\"https:\/\/i0.wp.com\/truusk.se\/wp-content\/uploads\/2026\/02\/parasoll-i-tra-300-cm-tradgardsparasoll-balkongparasoll-bambu-gra-1.webp?fit=2000%2C2000&ssl=1\" \/>\n\t<meta property=\"og:image:width\" content=\"2000\" \/>\n\t<meta property=\"og:image:height\" content=\"2000\" \/>\n\t<meta property=\"og:image:type\" content=\"image\/webp\" \/>\n<meta name=\"twitter:card\" content=\"summary_large_image\" \/>\n<meta name=\"twitter:label1\" content=\"Ber\u00e4knad l\u00e4stid\" \/>\n\t<meta name=\"twitter:data1\" content=\"1 minut\" \/>\n<!-- \/ Yoast SEO plugin. -->","yoast_head_json":{"title":"TRUUSK Parasoll i Bambu 300 cm - Tr\u00e4dg\u00e5rdsparasoll - Balkongparasoll - Gr\u00e5 - H\u00e5llbar och Stilren - TRUUSK - Hem, Tr\u00e4dg\u00e5rd &amp; Fritid","robots":{"index":"index","follow":"follow","max-snippet":"max-snippet:-1","max-image-preview":"max-image-preview:large","max-video-preview":"max-video-preview:-1"},"canonical":"https:\/\/truusk.store\/sv\/produkt\/truusk-parasoll-i-bambu-300-cm-tradgardsparasoll-balkongparasoll-gra-hallbar-och-stilren\/","og_locale":"sv_SE","og_type":"article","og_title":"TRUUSK Parasoll i Bambu 300 cm - Tr\u00e4dg\u00e5rdsparasoll - Balkongparasoll - Gr\u00e5 - H\u00e5llbar och Stilren - TRUUSK - Hem, Tr\u00e4dg\u00e5rd &amp; Fritid","og_description":"En parasoll f\u00f6r sommaren. Den \u00e4r s\u00e4rskilt m\u00e5ngsidig &#8211; oavsett om det \u00e4r p\u00e5 terrassen, balkongen eller p\u00e5 en fest....","og_url":"https:\/\/truusk.store\/sv\/produkt\/truusk-parasoll-i-bambu-300-cm-tradgardsparasoll-balkongparasoll-gra-hallbar-och-stilren\/","og_site_name":"TRUUSK - Hem, Tr\u00e4dg\u00e5rd &amp; Fritid","article_modified_time":"2026-03-12T07:57:44+00:00","og_image":[{"width":2000,"height":2000,"url":"https:\/\/i0.wp.com\/truusk.se\/wp-content\/uploads\/2026\/02\/parasoll-i-tra-300-cm-tradgardsparasoll-balkongparasoll-bambu-gra-1.webp?fit=2000%2C2000&ssl=1","type":"image\/webp"}],"twitter_card":"summary_large_image","twitter_misc":{"Ber\u00e4knad l\u00e4stid":"1 minut"},"schema":{"@context":"https:\/\/schema.org","@graph":[{"@type":"WebPage","@id":"https:\/\/truusk.store\/sv\/produkt\/truusk-parasoll-i-bambu-300-cm-tradgardsparasoll-balkongparasoll-gra-hallbar-och-stilren\/","url":"https:\/\/truusk.store\/sv\/produkt\/truusk-parasoll-i-bambu-300-cm-tradgardsparasoll-balkongparasoll-gra-hallbar-och-stilren\/","name":"TRUUSK Parasoll i Bambu 300 cm - Tr\u00e4dg\u00e5rdsparasoll - Balkongparasoll - Gr\u00e5 - H\u00e5llbar och Stilren - TRUUSK - Hem, Tr\u00e4dg\u00e5rd &amp; Fritid","isPartOf":{"@id":"https:\/\/truusk.store\/sv\/#website"},"primaryImageOfPage":{"@id":"https:\/\/truusk.store\/sv\/produkt\/truusk-parasoll-i-bambu-300-cm-tradgardsparasoll-balkongparasoll-gra-hallbar-och-stilren\/#primaryimage"},"image":{"@id":"https:\/\/truusk.store\/sv\/produkt\/truusk-parasoll-i-bambu-300-cm-tradgardsparasoll-balkongparasoll-gra-hallbar-och-stilren\/#primaryimage"},"thumbnailUrl":"https:\/\/i0.wp.com\/truusk.store\/wp-content\/uploads\/2026\/02\/parasoll-i-tra-300-cm-tradgardsparasoll-balkongparasoll-bambu-gra-1.webp?fit=2000%2C2000&ssl=1","datePublished":"2026-02-06T11:19:42+00:00","dateModified":"2026-03-12T07:57:44+00:00","breadcrumb":{"@id":"https:\/\/truusk.store\/sv\/produkt\/truusk-parasoll-i-bambu-300-cm-tradgardsparasoll-balkongparasoll-gra-hallbar-och-stilren\/#breadcrumb"},"inLanguage":"sv-SE","potentialAction":[{"@type":"ReadAction","target":["https:\/\/truusk.store\/sv\/produkt\/truusk-parasoll-i-bambu-300-cm-tradgardsparasoll-balkongparasoll-gra-hallbar-och-stilren\/"]}]},{"@type":"ImageObject","inLanguage":"sv-SE","@id":"https:\/\/truusk.store\/sv\/produkt\/truusk-parasoll-i-bambu-300-cm-tradgardsparasoll-balkongparasoll-gra-hallbar-och-stilren\/#primaryimage","url":"https:\/\/i0.wp.com\/truusk.store\/wp-content\/uploads\/2026\/02\/parasoll-i-tra-300-cm-tradgardsparasoll-balkongparasoll-bambu-gra-1.webp?fit=2000%2C2000&ssl=1","contentUrl":"https:\/\/i0.wp.com\/truusk.store\/wp-content\/uploads\/2026\/02\/parasoll-i-tra-300-cm-tradgardsparasoll-balkongparasoll-bambu-gra-1.webp?fit=2000%2C2000&ssl=1","width":2000,"height":2000},{"@type":"BreadcrumbList","@id":"https:\/\/truusk.store\/sv\/produkt\/truusk-parasoll-i-bambu-300-cm-tradgardsparasoll-balkongparasoll-gra-hallbar-och-stilren\/#breadcrumb","itemListElement":[{"@type":"ListItem","position":1,"name":"Home","item":"https:\/\/truusk.store\/sv\/"},{"@type":"ListItem","position":2,"name":"Shop","item":"https:\/\/truusk.store\/shop\/"},{"@type":"ListItem","position":3,"name":"TRUUSK Parasoll i Bambu 300 cm &#8211; Tr\u00e4dg\u00e5rdsparasoll &#8211; Balkongparasoll &#8211; Gr\u00e5 &#8211; H\u00e5llbar och Stilren"}]},{"@type":"WebSite","@id":"https:\/\/truusk.store\/sv\/#website","url":"https:\/\/truusk.store\/sv\/","name":"TRUUSK - Hem, Tr\u00e4dg\u00e5rd & Fritid","description":"","publisher":{"@id":"https:\/\/truusk.store\/sv\/#organization"},"potentialAction":[{"@type":"SearchAction","target":{"@type":"EntryPoint","urlTemplate":"https:\/\/truusk.store\/sv\/?s={search_term_string}"},"query-input":{"@type":"PropertyValueSpecification","valueRequired":true,"valueName":"search_term_string"}}],"inLanguage":"sv-SE"},{"@type":"Organization","@id":"https:\/\/truusk.store\/sv\/#organization","name":"TRUUSK - Hem, Tr\u00e4dg\u00e5rd & Fritid","url":"https:\/\/truusk.store\/sv\/","logo":{"@type":"ImageObject","inLanguage":"sv-SE","@id":"https:\/\/truusk.store\/sv\/#\/schema\/logo\/image\/","url":"https:\/\/i0.wp.com\/truusk.store\/wp-content\/uploads\/2026\/03\/cropped-TRUUSK.png?fit=2032%2C917&ssl=1","contentUrl":"https:\/\/i0.wp.com\/truusk.store\/wp-content\/uploads\/2026\/03\/cropped-TRUUSK.png?fit=2032%2C917&ssl=1","width":2032,"height":917,"caption":"TRUUSK - Hem, Tr\u00e4dg\u00e5rd & Fritid"},"image":{"@id":"https:\/\/truusk.store\/sv\/#\/schema\/logo\/image\/"}}]}},"jetpack_sharing_enabled":true,"_links":{"self":[{"href":"https:\/\/truusk.store\/sv\/wp-json\/wp\/v2\/product\/103398","targetHints":{"allow":["GET"]}}],"collection":[{"href":"https:\/\/truusk.store\/sv\/wp-json\/wp\/v2\/product"}],"about":[{"href":"https:\/\/truusk.store\/sv\/wp-json\/wp\/v2\/types\/product"}],"wp:featuredmedia":[{"embeddable":true,"href":"https:\/\/truusk.store\/sv\/wp-json\/wp\/v2\/media\/103389"}],"wp:attachment":[{"href":"https:\/\/truusk.store\/sv\/wp-json\/wp\/v2\/media?parent=103398"}],"wp:term":[{"taxonomy":"product_brand","embeddable":true,"href":"https:\/\/truusk.store\/sv\/wp-json\/wp\/v2\/product_brand?post=103398"},{"taxonomy":"product_cat","embeddable":true,"href":"https:\/\/truusk.store\/sv\/wp-json\/wp\/v2\/product_cat?post=103398"},{"taxonomy":"product_tag","embeddable":true,"href":"https:\/\/truusk.store\/sv\/wp-json\/wp\/v2\/product_tag?post=103398"}],"curies":[{"name":"wp","href":"https:\/\/api.w.org\/{rel}","templated":true}]}}