{"id":103408,"date":"2026-02-06T12:24:20","date_gmt":"2026-02-06T11:24:20","guid":{"rendered":"https:\/\/truusk.store\/?post_type=product&#038;p=103408"},"modified":"2026-03-12T09:01:52","modified_gmt":"2026-03-12T08:01:52","slug":"truusk-2-i-1-strandparaply-o-210-cm-upf-50-vindtalig-sidovaggar-barvaska-hopfallbar-solskydd-morkgron","status":"publish","type":"product","link":"https:\/\/truusk.store\/sv\/produkt\/truusk-2-i-1-strandparaply-o-210-cm-upf-50-vindtalig-sidovaggar-barvaska-hopfallbar-solskydd-morkgron\/","title":{"rendered":"TRUUSK 2 i 1 Strandparaply \u00d8 210 cm &#8211; UPF 50+ &#8211; Vindt\u00e5lig &#8211; Sidov\u00e4ggar &#8211; B\u00e4rv\u00e4ska &#8211; Hopf\u00e4llbar &#8211; Solskydd &#8211; M\u00f6rkgr\u00f6n"},"content":{"rendered":"<p>F\u00f6r alla som \u00e4lskar havet, har vi v\u00e5r [BRAND NAME] 2 i 1 parasoll f\u00f6r stranden. Strandparasollet \u00e4r den perfekta skugggivaren f\u00f6r hemmet. I tr\u00e4dg\u00e5rden, p\u00e5 terrassen eller p\u00e5 balkongen g\u00f6r den ett bra intryck. F\u00f6r semestern kan strandparasollet kompakt packas i den medf\u00f6ljande transportv\u00e4skan. P\u00e5 stranden kan de praktiska sidodelarna snabbt f\u00e4stas och omvandla parasollet till en strandmusling. Tack vare vattenavvisande plast och UV-resistent silverbel\u00e4ggning \u00e4r du och din familj v\u00e4l skyddade. S\u00e5 kan sommaren komma.<\/p>\n<p>Beskrivning:<\/p>\n<ul>\n<li> 2 i 1 parasoll f\u00f6r tr\u00e4dg\u00e5rd, camping eller strand<\/li>\n<li> 2-delad parasollstav och 8 metallribbor ger h\u00f6g stabilitet<\/li>\n<li> Parasoll\u00f6verdrag och sidov\u00e4ggar av polyester, vattenavvisande och UV-resistent (UV 50+)<\/li>\n<li> Parasollst\u00e5ngen \u00e4r h\u00f6jdjusterbar<\/li>\n<li> Strandparasollet kan ligga med sidov\u00e4ggar som en musling<\/li>\n<li> L\u00e4tt att \u00f6ppna och st\u00e4nga<\/li>\n<li> Snabb och okomplicerad montering och demontering<\/li>\n<li> Inkl. plastv\u00e4ska f\u00f6r s\u00e4ker f\u00f6rvaring och transport<\/li>\n<li> Observera: Parasollfoten ing\u00e5r inte i leveransen<\/li>\n<\/ul>\n<p> Tekniska data:<\/p>\n<ul>\n<li> Material: Metall, Polyester med silverbel\u00e4ggning<\/li>\n<li> F\u00e4rg: M\u00f6rkgr\u00f6n+Vit<\/li>\n<li> M\u00e5tt som parasoll: \u2205210 x H222cm<\/li>\n<li> M\u00e5tt som musling med sidov\u00e4ggar: L210 x B200 x H125cm<\/li>\n<li> R\u00f6rdiameter: 25mm<\/li>\n<li> Nettovikt: ca. 2kg<\/li>\n<\/ul>\n<p>Leveransinneh\u00e5ll:<\/p>\n<ul>\n<li> 1 x 2 i 1 parasoll<\/li>\n<li> 2 x sidov\u00e4ggar<\/li>\n<li> 1 x v\u00e4ska<\/li>\n<li>2 x t\u00e4ltspik<\/li>\n<\/ul>\n","protected":false},"excerpt":{"rendered":"<p>F\u00f6r alla som \u00e4lskar havet, har vi v\u00e5r [BRAND NAME] 2 i 1 parasoll f\u00f6r stranden. Strandparasollet \u00e4r den perfekta&#8230;<\/p>\n","protected":false},"featured_media":103399,"template":"","meta":[],"product_brand":[],"product_cat":[472,862,858],"product_tag":[],"class_list":{"0":"post-103408","1":"product","2":"type-product","3":"status-publish","4":"has-post-thumbnail","6":"product_cat-parasoller","7":"product_cat-sol-insynsskydd","8":"product_cat-tradgard-terrass","10":"first","11":"instock","12":"sale","13":"taxable","14":"shipping-taxable","15":"purchasable","16":"product-type-simple"},"yoast_head":"<!-- This site is optimized with the Yoast SEO plugin v25.4 - https:\/\/yoast.com\/wordpress\/plugins\/seo\/ -->\n<title>TRUUSK 2 i 1 Strandparaply \u00d8 210 cm - UPF 50+ - Vindt\u00e5lig - Sidov\u00e4ggar - B\u00e4rv\u00e4ska - Hopf\u00e4llbar - Solskydd - M\u00f6rkgr\u00f6n - TRUUSK - Hem, Tr\u00e4dg\u00e5rd &amp; Fritid<\/title>\n<meta name=\"robots\" content=\"index, follow, max-snippet:-1, max-image-preview:large, max-video-preview:-1\" \/>\n<link rel=\"canonical\" href=\"https:\/\/truusk.store\/sv\/produkt\/truusk-2-i-1-strandparaply-o-210-cm-upf-50-vindtalig-sidovaggar-barvaska-hopfallbar-solskydd-morkgron\/\" \/>\n<meta property=\"og:locale\" content=\"sv_SE\" \/>\n<meta property=\"og:type\" content=\"article\" \/>\n<meta property=\"og:title\" content=\"TRUUSK 2 i 1 Strandparaply \u00d8 210 cm - UPF 50+ - Vindt\u00e5lig - Sidov\u00e4ggar - B\u00e4rv\u00e4ska - Hopf\u00e4llbar - Solskydd - M\u00f6rkgr\u00f6n - TRUUSK - Hem, Tr\u00e4dg\u00e5rd &amp; Fritid\" \/>\n<meta property=\"og:description\" content=\"F\u00f6r alla som \u00e4lskar havet, har vi v\u00e5r [BRAND NAME] 2 i 1 parasoll f\u00f6r stranden. Strandparasollet \u00e4r den perfekta...\" \/>\n<meta property=\"og:url\" content=\"https:\/\/truusk.store\/sv\/produkt\/truusk-2-i-1-strandparaply-o-210-cm-upf-50-vindtalig-sidovaggar-barvaska-hopfallbar-solskydd-morkgron\/\" \/>\n<meta property=\"og:site_name\" content=\"TRUUSK - Hem, Tr\u00e4dg\u00e5rd &amp; Fritid\" \/>\n<meta property=\"article:modified_time\" content=\"2026-03-12T08:01:52+00:00\" \/>\n<meta property=\"og:image\" content=\"https:\/\/i0.wp.com\/truusk.se\/wp-content\/uploads\/2026\/02\/2-i-1-solparaply-strand-o-210-cm-upf-50-vindtalig-strandparaply-med-sidovaggar-barvaska-balkongparaply-hopfallbar-tradgardsparaply-solskydd-for-resor-strand-balkong-camping-morkgron-1.webp?fit=2000%2C2000&ssl=1\" \/>\n\t<meta property=\"og:image:width\" content=\"2000\" \/>\n\t<meta property=\"og:image:height\" content=\"2000\" \/>\n\t<meta property=\"og:image:type\" content=\"image\/webp\" \/>\n<meta name=\"twitter:card\" content=\"summary_large_image\" \/>\n<meta name=\"twitter:label1\" content=\"Ber\u00e4knad l\u00e4stid\" \/>\n\t<meta name=\"twitter:data1\" content=\"1 minut\" \/>\n<!-- \/ Yoast SEO plugin. -->","yoast_head_json":{"title":"TRUUSK 2 i 1 Strandparaply \u00d8 210 cm - UPF 50+ - Vindt\u00e5lig - Sidov\u00e4ggar - B\u00e4rv\u00e4ska - Hopf\u00e4llbar - Solskydd - M\u00f6rkgr\u00f6n - TRUUSK - Hem, Tr\u00e4dg\u00e5rd &amp; Fritid","robots":{"index":"index","follow":"follow","max-snippet":"max-snippet:-1","max-image-preview":"max-image-preview:large","max-video-preview":"max-video-preview:-1"},"canonical":"https:\/\/truusk.store\/sv\/produkt\/truusk-2-i-1-strandparaply-o-210-cm-upf-50-vindtalig-sidovaggar-barvaska-hopfallbar-solskydd-morkgron\/","og_locale":"sv_SE","og_type":"article","og_title":"TRUUSK 2 i 1 Strandparaply \u00d8 210 cm - UPF 50+ - Vindt\u00e5lig - Sidov\u00e4ggar - B\u00e4rv\u00e4ska - Hopf\u00e4llbar - Solskydd - M\u00f6rkgr\u00f6n - TRUUSK - Hem, Tr\u00e4dg\u00e5rd &amp; Fritid","og_description":"F\u00f6r alla som \u00e4lskar havet, har vi v\u00e5r [BRAND NAME] 2 i 1 parasoll f\u00f6r stranden. Strandparasollet \u00e4r den perfekta...","og_url":"https:\/\/truusk.store\/sv\/produkt\/truusk-2-i-1-strandparaply-o-210-cm-upf-50-vindtalig-sidovaggar-barvaska-hopfallbar-solskydd-morkgron\/","og_site_name":"TRUUSK - Hem, Tr\u00e4dg\u00e5rd &amp; Fritid","article_modified_time":"2026-03-12T08:01:52+00:00","og_image":[{"width":2000,"height":2000,"url":"https:\/\/i0.wp.com\/truusk.se\/wp-content\/uploads\/2026\/02\/2-i-1-solparaply-strand-o-210-cm-upf-50-vindtalig-strandparaply-med-sidovaggar-barvaska-balkongparaply-hopfallbar-tradgardsparaply-solskydd-for-resor-strand-balkong-camping-morkgron-1.webp?fit=2000%2C2000&ssl=1","type":"image\/webp"}],"twitter_card":"summary_large_image","twitter_misc":{"Ber\u00e4knad l\u00e4stid":"1 minut"},"schema":{"@context":"https:\/\/schema.org","@graph":[{"@type":"WebPage","@id":"https:\/\/truusk.store\/sv\/produkt\/truusk-2-i-1-strandparaply-o-210-cm-upf-50-vindtalig-sidovaggar-barvaska-hopfallbar-solskydd-morkgron\/","url":"https:\/\/truusk.store\/sv\/produkt\/truusk-2-i-1-strandparaply-o-210-cm-upf-50-vindtalig-sidovaggar-barvaska-hopfallbar-solskydd-morkgron\/","name":"TRUUSK 2 i 1 Strandparaply \u00d8 210 cm - UPF 50+ - Vindt\u00e5lig - Sidov\u00e4ggar - B\u00e4rv\u00e4ska - Hopf\u00e4llbar - Solskydd - M\u00f6rkgr\u00f6n - TRUUSK - Hem, Tr\u00e4dg\u00e5rd &amp; Fritid","isPartOf":{"@id":"https:\/\/truusk.store\/sv\/#website"},"primaryImageOfPage":{"@id":"https:\/\/truusk.store\/sv\/produkt\/truusk-2-i-1-strandparaply-o-210-cm-upf-50-vindtalig-sidovaggar-barvaska-hopfallbar-solskydd-morkgron\/#primaryimage"},"image":{"@id":"https:\/\/truusk.store\/sv\/produkt\/truusk-2-i-1-strandparaply-o-210-cm-upf-50-vindtalig-sidovaggar-barvaska-hopfallbar-solskydd-morkgron\/#primaryimage"},"thumbnailUrl":"https:\/\/i0.wp.com\/truusk.store\/wp-content\/uploads\/2026\/02\/2-i-1-solparaply-strand-o-210-cm-upf-50-vindtalig-strandparaply-med-sidovaggar-barvaska-balkongparaply-hopfallbar-tradgardsparaply-solskydd-for-resor-strand-balkong-camping-morkgron-1.webp?fit=2000%2C2000&ssl=1","datePublished":"2026-02-06T11:24:20+00:00","dateModified":"2026-03-12T08:01:52+00:00","breadcrumb":{"@id":"https:\/\/truusk.store\/sv\/produkt\/truusk-2-i-1-strandparaply-o-210-cm-upf-50-vindtalig-sidovaggar-barvaska-hopfallbar-solskydd-morkgron\/#breadcrumb"},"inLanguage":"sv-SE","potentialAction":[{"@type":"ReadAction","target":["https:\/\/truusk.store\/sv\/produkt\/truusk-2-i-1-strandparaply-o-210-cm-upf-50-vindtalig-sidovaggar-barvaska-hopfallbar-solskydd-morkgron\/"]}]},{"@type":"ImageObject","inLanguage":"sv-SE","@id":"https:\/\/truusk.store\/sv\/produkt\/truusk-2-i-1-strandparaply-o-210-cm-upf-50-vindtalig-sidovaggar-barvaska-hopfallbar-solskydd-morkgron\/#primaryimage","url":"https:\/\/i0.wp.com\/truusk.store\/wp-content\/uploads\/2026\/02\/2-i-1-solparaply-strand-o-210-cm-upf-50-vindtalig-strandparaply-med-sidovaggar-barvaska-balkongparaply-hopfallbar-tradgardsparaply-solskydd-for-resor-strand-balkong-camping-morkgron-1.webp?fit=2000%2C2000&ssl=1","contentUrl":"https:\/\/i0.wp.com\/truusk.store\/wp-content\/uploads\/2026\/02\/2-i-1-solparaply-strand-o-210-cm-upf-50-vindtalig-strandparaply-med-sidovaggar-barvaska-balkongparaply-hopfallbar-tradgardsparaply-solskydd-for-resor-strand-balkong-camping-morkgron-1.webp?fit=2000%2C2000&ssl=1","width":2000,"height":2000},{"@type":"BreadcrumbList","@id":"https:\/\/truusk.store\/sv\/produkt\/truusk-2-i-1-strandparaply-o-210-cm-upf-50-vindtalig-sidovaggar-barvaska-hopfallbar-solskydd-morkgron\/#breadcrumb","itemListElement":[{"@type":"ListItem","position":1,"name":"Home","item":"https:\/\/truusk.store\/sv\/"},{"@type":"ListItem","position":2,"name":"Shop","item":"https:\/\/truusk.store\/shop\/"},{"@type":"ListItem","position":3,"name":"TRUUSK 2 i 1 Strandparaply \u00d8 210 cm &#8211; UPF 50+ &#8211; Vindt\u00e5lig &#8211; Sidov\u00e4ggar &#8211; B\u00e4rv\u00e4ska &#8211; Hopf\u00e4llbar &#8211; Solskydd &#8211; M\u00f6rkgr\u00f6n"}]},{"@type":"WebSite","@id":"https:\/\/truusk.store\/sv\/#website","url":"https:\/\/truusk.store\/sv\/","name":"TRUUSK - Hem, Tr\u00e4dg\u00e5rd & Fritid","description":"","publisher":{"@id":"https:\/\/truusk.store\/sv\/#organization"},"potentialAction":[{"@type":"SearchAction","target":{"@type":"EntryPoint","urlTemplate":"https:\/\/truusk.store\/sv\/?s={search_term_string}"},"query-input":{"@type":"PropertyValueSpecification","valueRequired":true,"valueName":"search_term_string"}}],"inLanguage":"sv-SE"},{"@type":"Organization","@id":"https:\/\/truusk.store\/sv\/#organization","name":"TRUUSK - Hem, Tr\u00e4dg\u00e5rd & Fritid","url":"https:\/\/truusk.store\/sv\/","logo":{"@type":"ImageObject","inLanguage":"sv-SE","@id":"https:\/\/truusk.store\/sv\/#\/schema\/logo\/image\/","url":"https:\/\/i0.wp.com\/truusk.store\/wp-content\/uploads\/2026\/03\/cropped-TRUUSK.png?fit=2032%2C917&ssl=1","contentUrl":"https:\/\/i0.wp.com\/truusk.store\/wp-content\/uploads\/2026\/03\/cropped-TRUUSK.png?fit=2032%2C917&ssl=1","width":2032,"height":917,"caption":"TRUUSK - Hem, Tr\u00e4dg\u00e5rd & Fritid"},"image":{"@id":"https:\/\/truusk.store\/sv\/#\/schema\/logo\/image\/"}}]}},"jetpack_sharing_enabled":true,"_links":{"self":[{"href":"https:\/\/truusk.store\/sv\/wp-json\/wp\/v2\/product\/103408","targetHints":{"allow":["GET"]}}],"collection":[{"href":"https:\/\/truusk.store\/sv\/wp-json\/wp\/v2\/product"}],"about":[{"href":"https:\/\/truusk.store\/sv\/wp-json\/wp\/v2\/types\/product"}],"wp:featuredmedia":[{"embeddable":true,"href":"https:\/\/truusk.store\/sv\/wp-json\/wp\/v2\/media\/103399"}],"wp:attachment":[{"href":"https:\/\/truusk.store\/sv\/wp-json\/wp\/v2\/media?parent=103408"}],"wp:term":[{"taxonomy":"product_brand","embeddable":true,"href":"https:\/\/truusk.store\/sv\/wp-json\/wp\/v2\/product_brand?post=103408"},{"taxonomy":"product_cat","embeddable":true,"href":"https:\/\/truusk.store\/sv\/wp-json\/wp\/v2\/product_cat?post=103408"},{"taxonomy":"product_tag","embeddable":true,"href":"https:\/\/truusk.store\/sv\/wp-json\/wp\/v2\/product_tag?post=103408"}],"curies":[{"name":"wp","href":"https:\/\/api.w.org\/{rel}","templated":true}]}}