{"id":103439,"date":"2026-02-06T12:46:27","date_gmt":"2026-02-06T11:46:27","guid":{"rendered":"https:\/\/truusk.store\/product\/2-i-1-hollywood-svang-med-liggfunktion-3-sits-tradgardssvang-av-stal-svangbank-170x110x153cm-ljusbrun\/"},"modified":"2026-03-12T09:38:35","modified_gmt":"2026-03-12T08:38:35","slug":"truusk-2-i-1-hollywood-svang-liggfunktion-stalram-170x110x153cm-ljusbrun","status":"publish","type":"product","link":"https:\/\/truusk.store\/sv\/produkt\/truusk-2-i-1-hollywood-svang-liggfunktion-stalram-170x110x153cm-ljusbrun\/","title":{"rendered":"TRUUSK 2-i-1 Hollywood-sv\u00e4ng &#8211; Liggfunktion &#8211; St\u00e5lram &#8211; 170x110x153cm &#8211; Ljusbrun"},"content":{"rendered":"<p>Detta 2-i-1 utomhusswing med baldakinb\u00e4dd \u00e4r ett stilfullt tillskott till varje tr\u00e4dg\u00e5rd. Ryggst\u00f6det p\u00e5 gungliggaren kan omvandlas till en s\u00e4ng. Med 4 kuddar och mjuka kuddar f\u00f6r h\u00f6g komfort. Den justerbara baldakinen p\u00e5 Hollywood-swingen med ligfunktion ger skugga. Koppla av i denna eleganta [BRAND NAME]-paviljongh\u00e4ngstol med stativ.<\/p>\n<p>Beskrivning:<\/p>\n<ul>\n<li> Perfekt f\u00f6r tr\u00e4dg\u00e5rd, park, terrass, g\u00e5rd, bakg\u00e5rd och andra utomhusomr\u00e5den<\/li>\n<li> 3-sits gungset f\u00f6r bakg\u00e5rden omvandlas p\u00e5 sekunder till en bekv\u00e4m s\u00e4ng med justerbart ryggst\u00f6d<\/li>\n<li> Det pulverlackerade st\u00e5lramen f\u00f6r vuxna tr\u00e4dg\u00e5rdsgungor erbjuder \u00f6verl\u00e4gsen styrka och h\u00e5llbarhet f\u00f6r upp till 3 personer<\/li>\n<li> Polyesterdaket p\u00e5 gungliggaren ger solskydd<\/li>\n<li> Takets vinkel \u00e4r justerbar f\u00f6r att ge l\u00e4mpligt solskydd<\/li>\n<li> En tjockt stoppad kudde och 4 kuddar ger extra komfort vid sittande och liggande<\/li>\n<li> Montering kr\u00e4vs<\/li>\n<\/ul>\n<p> Tekniska specifikationer:<\/p>\n<ul>\n<li> F\u00e4rg: Ljusbrun<\/li>\n<li> Material: St\u00e5l, Polyester, Andningsn\u00e4t<\/li>\n<li> Totala dimensioner: 218L x 120B x 168H cm<\/li>\n<li> Baldakinstorlek: 211L x 119B cm<\/li>\n<li> Sitsstorlek: 175B x 50T cm<\/li>\n<li> Sitth\u00f6jd: 45 cm (utan kudde)<\/li>\n<li> S\u00e4ngstorlek: 175L x 100B cm<\/li>\n<li> Ryggst\u00f6dsh\u00f6jd: 86 cm<\/li>\n<li> Belastningskapacitet: 270 kg<\/li>\n<li> Kuddm\u00e5tt: 175L x 100B cm<\/li>\n<li> Kuddstorlek: 36L x 36B x 5T cm<\/li>\n<\/ul>\n<p>Leveransinneh\u00e5ll:<\/p>\n<ul>\n<li> 1 x Gungstol<\/li>\n<li> 1 x Kudde<\/li>\n<li> 4 x Dynor<\/li>\n<li> 1 x Manual<\/li>\n<li>Viktigt:<\/li>\n<li>Vi levererar artikeln till dig kostnadsfritt till trottoarkanten.<\/li>\n<li>Var v\u00e4nlig och se till att adressen och telefonnumret \u00e4r korrekt.<\/li>\n<\/ul>\n","protected":false},"excerpt":{"rendered":"<p>Detta 2-i-1 utomhusswing med baldakinb\u00e4dd \u00e4r ett stilfullt tillskott till varje tr\u00e4dg\u00e5rd. Ryggst\u00f6det p\u00e5 gungliggaren kan omvandlas till en s\u00e4ng&#8230;.<\/p>\n","protected":false},"featured_media":103429,"template":"","meta":[],"product_brand":[],"product_cat":[453,858,450],"product_tag":[],"class_list":{"0":"post-103439","1":"product","2":"type-product","3":"status-publish","4":"has-post-thumbnail","6":"product_cat-hollywood-gungor","7":"product_cat-tradgard-terrass","8":"product_cat-tradgardsmobler","10":"first","11":"instock","12":"sale","13":"taxable","14":"shipping-taxable","15":"purchasable","16":"product-type-simple"},"yoast_head":"<!-- This site is optimized with the Yoast SEO plugin v25.4 - https:\/\/yoast.com\/wordpress\/plugins\/seo\/ -->\n<title>TRUUSK 2-i-1 Hollywood-sv\u00e4ng - Liggfunktion - St\u00e5lram - 170x110x153cm - Ljusbrun - TRUUSK - Hem, Tr\u00e4dg\u00e5rd &amp; Fritid<\/title>\n<meta name=\"robots\" content=\"index, follow, max-snippet:-1, max-image-preview:large, max-video-preview:-1\" \/>\n<link rel=\"canonical\" href=\"https:\/\/truusk.store\/sv\/produkt\/truusk-2-i-1-hollywood-svang-liggfunktion-stalram-170x110x153cm-ljusbrun\/\" \/>\n<meta property=\"og:locale\" content=\"sv_SE\" \/>\n<meta property=\"og:type\" content=\"article\" \/>\n<meta property=\"og:title\" content=\"TRUUSK 2-i-1 Hollywood-sv\u00e4ng - Liggfunktion - St\u00e5lram - 170x110x153cm - Ljusbrun - TRUUSK - Hem, Tr\u00e4dg\u00e5rd &amp; Fritid\" \/>\n<meta property=\"og:description\" content=\"Detta 2-i-1 utomhusswing med baldakinb\u00e4dd \u00e4r ett stilfullt tillskott till varje tr\u00e4dg\u00e5rd. Ryggst\u00f6det p\u00e5 gungliggaren kan omvandlas till en s\u00e4ng....\" \/>\n<meta property=\"og:url\" content=\"https:\/\/truusk.store\/sv\/produkt\/truusk-2-i-1-hollywood-svang-liggfunktion-stalram-170x110x153cm-ljusbrun\/\" \/>\n<meta property=\"og:site_name\" content=\"TRUUSK - Hem, Tr\u00e4dg\u00e5rd &amp; Fritid\" \/>\n<meta property=\"article:modified_time\" content=\"2026-03-12T08:38:35+00:00\" \/>\n<meta property=\"og:image\" content=\"https:\/\/i0.wp.com\/truusk.se\/wp-content\/uploads\/2026\/02\/2-i-1-hollywood-svang-med-liggfunktion-3-sits-tradgardssvang-av-stal-svangbank-170x110x153cm-ljusbrun-1.webp?fit=2000%2C2000&ssl=1\" \/>\n\t<meta property=\"og:image:width\" content=\"2000\" \/>\n\t<meta property=\"og:image:height\" content=\"2000\" \/>\n\t<meta property=\"og:image:type\" content=\"image\/webp\" \/>\n<meta name=\"twitter:card\" content=\"summary_large_image\" \/>\n<meta name=\"twitter:label1\" content=\"Ber\u00e4knad l\u00e4stid\" \/>\n\t<meta name=\"twitter:data1\" content=\"1 minut\" \/>\n<!-- \/ Yoast SEO plugin. -->","yoast_head_json":{"title":"TRUUSK 2-i-1 Hollywood-sv\u00e4ng - Liggfunktion - St\u00e5lram - 170x110x153cm - Ljusbrun - TRUUSK - Hem, Tr\u00e4dg\u00e5rd &amp; Fritid","robots":{"index":"index","follow":"follow","max-snippet":"max-snippet:-1","max-image-preview":"max-image-preview:large","max-video-preview":"max-video-preview:-1"},"canonical":"https:\/\/truusk.store\/sv\/produkt\/truusk-2-i-1-hollywood-svang-liggfunktion-stalram-170x110x153cm-ljusbrun\/","og_locale":"sv_SE","og_type":"article","og_title":"TRUUSK 2-i-1 Hollywood-sv\u00e4ng - Liggfunktion - St\u00e5lram - 170x110x153cm - Ljusbrun - TRUUSK - Hem, Tr\u00e4dg\u00e5rd &amp; Fritid","og_description":"Detta 2-i-1 utomhusswing med baldakinb\u00e4dd \u00e4r ett stilfullt tillskott till varje tr\u00e4dg\u00e5rd. Ryggst\u00f6det p\u00e5 gungliggaren kan omvandlas till en s\u00e4ng....","og_url":"https:\/\/truusk.store\/sv\/produkt\/truusk-2-i-1-hollywood-svang-liggfunktion-stalram-170x110x153cm-ljusbrun\/","og_site_name":"TRUUSK - Hem, Tr\u00e4dg\u00e5rd &amp; Fritid","article_modified_time":"2026-03-12T08:38:35+00:00","og_image":[{"width":2000,"height":2000,"url":"https:\/\/i0.wp.com\/truusk.se\/wp-content\/uploads\/2026\/02\/2-i-1-hollywood-svang-med-liggfunktion-3-sits-tradgardssvang-av-stal-svangbank-170x110x153cm-ljusbrun-1.webp?fit=2000%2C2000&ssl=1","type":"image\/webp"}],"twitter_card":"summary_large_image","twitter_misc":{"Ber\u00e4knad l\u00e4stid":"1 minut"},"schema":{"@context":"https:\/\/schema.org","@graph":[{"@type":"WebPage","@id":"https:\/\/truusk.store\/sv\/produkt\/truusk-2-i-1-hollywood-svang-liggfunktion-stalram-170x110x153cm-ljusbrun\/","url":"https:\/\/truusk.store\/sv\/produkt\/truusk-2-i-1-hollywood-svang-liggfunktion-stalram-170x110x153cm-ljusbrun\/","name":"TRUUSK 2-i-1 Hollywood-sv\u00e4ng - Liggfunktion - St\u00e5lram - 170x110x153cm - Ljusbrun - TRUUSK - Hem, Tr\u00e4dg\u00e5rd &amp; Fritid","isPartOf":{"@id":"https:\/\/truusk.store\/sv\/#website"},"primaryImageOfPage":{"@id":"https:\/\/truusk.store\/sv\/produkt\/truusk-2-i-1-hollywood-svang-liggfunktion-stalram-170x110x153cm-ljusbrun\/#primaryimage"},"image":{"@id":"https:\/\/truusk.store\/sv\/produkt\/truusk-2-i-1-hollywood-svang-liggfunktion-stalram-170x110x153cm-ljusbrun\/#primaryimage"},"thumbnailUrl":"https:\/\/i0.wp.com\/truusk.store\/wp-content\/uploads\/2026\/02\/2-i-1-hollywood-svang-med-liggfunktion-3-sits-tradgardssvang-av-stal-svangbank-170x110x153cm-ljusbrun-1.webp?fit=2000%2C2000&ssl=1","datePublished":"2026-02-06T11:46:27+00:00","dateModified":"2026-03-12T08:38:35+00:00","breadcrumb":{"@id":"https:\/\/truusk.store\/sv\/produkt\/truusk-2-i-1-hollywood-svang-liggfunktion-stalram-170x110x153cm-ljusbrun\/#breadcrumb"},"inLanguage":"sv-SE","potentialAction":[{"@type":"ReadAction","target":["https:\/\/truusk.store\/sv\/produkt\/truusk-2-i-1-hollywood-svang-liggfunktion-stalram-170x110x153cm-ljusbrun\/"]}]},{"@type":"ImageObject","inLanguage":"sv-SE","@id":"https:\/\/truusk.store\/sv\/produkt\/truusk-2-i-1-hollywood-svang-liggfunktion-stalram-170x110x153cm-ljusbrun\/#primaryimage","url":"https:\/\/i0.wp.com\/truusk.store\/wp-content\/uploads\/2026\/02\/2-i-1-hollywood-svang-med-liggfunktion-3-sits-tradgardssvang-av-stal-svangbank-170x110x153cm-ljusbrun-1.webp?fit=2000%2C2000&ssl=1","contentUrl":"https:\/\/i0.wp.com\/truusk.store\/wp-content\/uploads\/2026\/02\/2-i-1-hollywood-svang-med-liggfunktion-3-sits-tradgardssvang-av-stal-svangbank-170x110x153cm-ljusbrun-1.webp?fit=2000%2C2000&ssl=1","width":2000,"height":2000},{"@type":"BreadcrumbList","@id":"https:\/\/truusk.store\/sv\/produkt\/truusk-2-i-1-hollywood-svang-liggfunktion-stalram-170x110x153cm-ljusbrun\/#breadcrumb","itemListElement":[{"@type":"ListItem","position":1,"name":"Home","item":"https:\/\/truusk.store\/sv\/"},{"@type":"ListItem","position":2,"name":"Shop","item":"https:\/\/truusk.store\/shop\/"},{"@type":"ListItem","position":3,"name":"TRUUSK 2-i-1 Hollywood-sv\u00e4ng &#8211; Liggfunktion &#8211; St\u00e5lram &#8211; 170x110x153cm &#8211; Ljusbrun"}]},{"@type":"WebSite","@id":"https:\/\/truusk.store\/sv\/#website","url":"https:\/\/truusk.store\/sv\/","name":"TRUUSK - Hem, Tr\u00e4dg\u00e5rd & Fritid","description":"","publisher":{"@id":"https:\/\/truusk.store\/sv\/#organization"},"potentialAction":[{"@type":"SearchAction","target":{"@type":"EntryPoint","urlTemplate":"https:\/\/truusk.store\/sv\/?s={search_term_string}"},"query-input":{"@type":"PropertyValueSpecification","valueRequired":true,"valueName":"search_term_string"}}],"inLanguage":"sv-SE"},{"@type":"Organization","@id":"https:\/\/truusk.store\/sv\/#organization","name":"TRUUSK - Hem, Tr\u00e4dg\u00e5rd & Fritid","url":"https:\/\/truusk.store\/sv\/","logo":{"@type":"ImageObject","inLanguage":"sv-SE","@id":"https:\/\/truusk.store\/sv\/#\/schema\/logo\/image\/","url":"https:\/\/i0.wp.com\/truusk.store\/wp-content\/uploads\/2026\/03\/cropped-TRUUSK.png?fit=2032%2C917&ssl=1","contentUrl":"https:\/\/i0.wp.com\/truusk.store\/wp-content\/uploads\/2026\/03\/cropped-TRUUSK.png?fit=2032%2C917&ssl=1","width":2032,"height":917,"caption":"TRUUSK - Hem, Tr\u00e4dg\u00e5rd & Fritid"},"image":{"@id":"https:\/\/truusk.store\/sv\/#\/schema\/logo\/image\/"}}]}},"jetpack_sharing_enabled":true,"_links":{"self":[{"href":"https:\/\/truusk.store\/sv\/wp-json\/wp\/v2\/product\/103439","targetHints":{"allow":["GET"]}}],"collection":[{"href":"https:\/\/truusk.store\/sv\/wp-json\/wp\/v2\/product"}],"about":[{"href":"https:\/\/truusk.store\/sv\/wp-json\/wp\/v2\/types\/product"}],"wp:featuredmedia":[{"embeddable":true,"href":"https:\/\/truusk.store\/sv\/wp-json\/wp\/v2\/media\/103429"}],"wp:attachment":[{"href":"https:\/\/truusk.store\/sv\/wp-json\/wp\/v2\/media?parent=103439"}],"wp:term":[{"taxonomy":"product_brand","embeddable":true,"href":"https:\/\/truusk.store\/sv\/wp-json\/wp\/v2\/product_brand?post=103439"},{"taxonomy":"product_cat","embeddable":true,"href":"https:\/\/truusk.store\/sv\/wp-json\/wp\/v2\/product_cat?post=103439"},{"taxonomy":"product_tag","embeddable":true,"href":"https:\/\/truusk.store\/sv\/wp-json\/wp\/v2\/product_tag?post=103439"}],"curies":[{"name":"wp","href":"https:\/\/api.w.org\/{rel}","templated":true}]}}